{"id":4312,"date":"2024-05-03T06:41:16","date_gmt":"2024-05-03T06:41:16","guid":{"rendered":"https:\/\/elfsight.com\/pt\/?page_id=4312"},"modified":"2024-11-13T11:27:03","modified_gmt":"2024-11-13T11:27:03","slug":"weebly","status":"publish","type":"page","link":"https:\/\/elfsight.com\/pt\/number-counter-widget\/weebly\/","title":{"rendered":"Number Counter &#8211; Weebly"},"content":{"rendered":"<div class=\"application-platform-content-item-description application-platform-content-item\" id=\"description\" data-nav-section=\"description\"> <h2>Descri\u00e7\u00e3o<\/h2> <p>O Elfsight Number Counter \u00e9 um instrumento gerenci\u00e1vel para o Weebly com uma ampla gama de op\u00e7\u00f5es. \u00c9 uma \u00f3tima ferramenta para demonstrar seus \u00edndices de neg\u00f3cios de destaque, a quantidade de trabalhos que voc\u00ea realizou e n\u00e3o \u00e9 tudo. O plugin \u00e9 excepcionalmente ajust\u00e1vel. Sinta-se \u00e0 vontade para criar um n\u00famero ilimitado de contadores, organiz\u00e1-los em colunas, selecionar \u00edcones de nossa cole\u00e7\u00e3o ou fazer upload de seus personalizados, torn\u00e1-los variados ou de cor s\u00f3lida, anexar t\u00edtulos para equipar seu p\u00fablico com informa\u00e7\u00f5es conceb\u00edveis, recolorir qualquer recurso, escolher o imagem de fundo, e isso n\u00e3o \u00e9 nem a metade. Comece a formar seu widget agora e observe as estat\u00edsticas cruciais de seu neg\u00f3cio crescerem rapidamente! <\/p> <p><b>Exiba suas realiza\u00e7\u00f5es maravilhosas para seus futuros compradores. Aumente a quantidade de neg\u00f3cios e leads bem-sucedidos! <\/b><\/p> <\/div> <div class=\"application-platform-content-item-features application-platform-content-item\" id=\"features\" data-nav-section=\"features\"> <h2>Verifique a lista dos recursos mais \u00fateis: <\/h2> <ul><li>Qualquer n\u00famero de contadores. <\/li><li>N\u00famero irrestrito de colunas. <\/li><li>Anexe legendas, cabe\u00e7alhos, prefixos e p\u00f3s-fixos. <\/li><li>Escolha a categoria do \u00edcone &#8211; obtenha-o em nossa cole\u00e7\u00e3o ou carregue o seu personalizado. <\/li><li>Adicionar links. <\/li><\/ul><p><a href=\"#demo\">Voc\u00ea pode sentir se o aplicativo \u00e9 para voc\u00ea experimentando a demonstra\u00e7\u00e3o<\/a><\/p> <\/div> <div class=\"application-platform-content-item- instala\u00e7\u00e3o application-platform-content-item\" id=\" instala\u00e7\u00e3o\" data-nav-section=\" instala\u00e7\u00e3o\"> <h2>Como posso incorporar o Number Counter ao meu site do Weebly? <\/h2> <div class=\"video-container\"><iframe width=\"720\" height=\"405\" src=\"https:\/\/www.youtube.com\/embed\/AXCYcAJ34qk\" frameborder=\"0\" allowfullscreen=\"\"><\/iframe><\/div><p>Basta seguir as instru\u00e7\u00f5es abaixo para inserir o plugin. <\/p> <ol><li><b>Inicie nossa demonstra\u00e7\u00e3o gratuita e comece a trabalhar com seu aplicativo personalizado. <\/b><br> Encontre o layout e os aspectos selecionados do aplicativo e aplique todas as corre\u00e7\u00f5es. <\/li> <li><b>Obtenha o c\u00f3digo pessoal que aparece no formul\u00e1rio especial nas aplica\u00e7\u00f5es Elfsight. <\/b><br> Quando a gera\u00e7\u00e3o do seu aplicativo estiver conclu\u00edda, copie o c\u00f3digo da janela exibida e salve-o para uso posterior. <\/li> <li><b>Inicie o uso do aplicativo em seu site do Weebly. <\/b><br> Implemente o c\u00f3digo copiado anteriormente em seu site e aplique as edi\u00e7\u00f5es. <\/li> <li><b>A instala\u00e7\u00e3o foi finalizada com sucesso. <\/b><br> Abra sua p\u00e1gina da Web para ver em a\u00e7\u00e3o como o aplicativo funciona. <\/li><\/ol><p>Caso tenha d\u00favidas ou enfrente alguns obst\u00e1culos, entre em contato com nossa equipe de suporte. Nosso pessoal ficar\u00e1 feliz em ajud\u00e1-lo com todas as d\u00favidas que voc\u00ea possa ter sobre o widget. <\/p> <div class=\"faq\" data-component=\"FAQ\"><div class=\"faq-item\">\r\n\t\t\t\t\t<div class=\"faq-item-question\">\r\n\t\t\t\t\t\t<h3 class=\"faq-item-question-text\">Como adicionar o contador num\u00e9rico a uma p\u00e1gina do Weebly?<\/h3>\r\n\r\n\t\t\t\t\t\t<div class=\"faq-item-question-icon\"><\/div>\r\n\t\t\t\t\t<\/div>\r\n\r\n\t\t\t\t\t<div class=\"faq-item-answer\">\r\n\t\t\t\t\t\t<div class=\"faq-item-answer-text\"><p>A adi\u00e7\u00e3o ao site levar\u00e1 alguns segundos. Al\u00e9m disso, voc\u00ea n\u00e3o precisa ter conhecimento em programa\u00e7\u00e3o web. <\/p><ol><li>Ajuste o widget do Weebly no configurador ao vivo gratuito. <\/li> <li>Obtenha seu c\u00f3digo de instala\u00e7\u00e3o pessoal. <\/li> <li>Injete o c\u00f3digo no local necess\u00e1rio no back-end do site. <\/li> <li>Trabalho fant\u00e1stico! A configura\u00e7\u00e3o do plugin do contador de n\u00fameros no Weebly est\u00e1 conclu\u00edda! <\/li><\/ol><p>Est\u00e1 tendo problemas para inserir o plugin no Weebly ou configurar seu contador de n\u00fameros? Voc\u00ea pode ver o guia completo <a href=\"https:\/\/elfsight.com\/tutorials\/how-to-add-number-counter-to-website\/#how-to-add-number-counter-to-weebly\">nesta p\u00e1gina<\/a>. <\/p><\/div>\r\n\t\t\t\t\t<\/div>\r\n\t\t\t\t<\/div><div class=\"faq-item\">\r\n\t\t\t\t\t<div class=\"faq-item-question\">\r\n\t\t\t\t\t\t<h3 class=\"faq-item-question-text\">Posso ver como o widget ficar\u00e1 no meu site?<\/h3>\r\n\r\n\t\t\t\t\t\t<div class=\"faq-item-question-icon\"><\/div>\r\n\t\t\t\t\t<\/div>\r\n\r\n\t\t\t\t\t<div class=\"faq-item-answer\">\r\n\t\t\t\t\t\t<div class=\"faq-item-answer-text\"><p>Sim, voc\u00ea pode! Ao desenvolver o plug-in de contador de n\u00fameros do Weebly no <a href=\"https:\/\/elfsight.com\/number-counter-widget\/#demo\">construtor online<\/a>, voc\u00ea ver\u00e1 todas as configura\u00e7\u00f5es \u00e0 direita. O contador ser\u00e1 parecido com o que voc\u00ea ter\u00e1 em um site do Weebly. <\/p><\/div>\r\n\t\t\t\t\t<\/div>\r\n\t\t\t\t<\/div><div class=\"faq-item\">\r\n\t\t\t\t\t<div class=\"faq-item-question\">\r\n\t\t\t\t\t\t<h3 class=\"faq-item-question-text\">Quais outros widgets s\u00e3o obrigat\u00f3rios para um site do Weebly?<\/h3>\r\n\r\n\t\t\t\t\t\t<div class=\"faq-item-question-icon\"><\/div>\r\n\t\t\t\t\t<\/div>\r\n\r\n\t\t\t\t\t<div class=\"faq-item-answer\">\r\n\t\t\t\t\t\t<div class=\"faq-item-answer-text\"><p>O construtor de sites do Weebly permite que todos criem sites, blogs, lojas on-line e qualquer outro outro tipo de site. Os widgets da Elfsight permitem expandir a funcionalidade de um site com a ajuda de solu\u00e7\u00f5es prontas chamadas widgets.<\/p><p><a href=\"https:\/\/elfsight.com\/qr-code-widget\/weebly\/\">QR Code<\/a> simplifica o consumo de conte\u00fado para os visitantes do site, a <a href=\"https:\/\/elfsight.com\/youtube-channel-plugin-yottie\/weebly\/\">Galeria do YouTube<\/a> busca v\u00eddeos do YouTube para seu site, o <a href=\"https:\/\/elfsight.com\/google-reviews-widget\/weebly\/\">Google Reviews<\/a> mostra depoimentos e avalia\u00e7\u00f5es de sua empresa no site do Weebly. <a href=\"https:\/\/elfsight.com\/pdf-embed-widget\/weebly\/\">PDF Embed<\/a> pode ser usado para apresentar qualquer tipo de arquivo PDF de uma forma clara e compreens\u00edvel. Por fim, o <a href=\"https:\/\/elfsight.com\/search-widget\/weebly\/\">widget de pesquisa<\/a> \u00e9 \u00f3timo para tornar a navega\u00e7\u00e3o no seu site muito mais simples.<\/p><\/div>\r\n\t\t\t\t\t<\/div>\r\n\t\t\t\t<\/div> <\/div><\/div>","protected":false},"excerpt":{"rendered":"","protected":false},"author":9,"featured_media":0,"parent":1061,"menu_order":0,"comment_status":"closed","ping_status":"closed","template":"templates\/template-application-platform.php","meta":{"publish_to_discourse":"","publish_post_category":"","wpdc_auto_publish_overridden":"","wpdc_topic_tags":"","wpdc_pin_topic":"","wpdc_pin_until":"","discourse_post_id":"","discourse_permalink":"","wpdc_publishing_response":"","wpdc_publishing_error":"","footnotes":""},"class_list":["post-4312","page","type-page","status-publish","hentry"],"yoast_head":"<!-- This site is optimized with the Yoast SEO plugin v25.3.1 - https:\/\/yoast.com\/wordpress\/plugins\/seo\/ -->\n<title>Contador de n\u00fameros Elfsight para sites Weebly (gratuito e f\u00e1cil)<\/title>\n<meta name=\"description\" content=\"Use um contador num\u00e9rico em sua p\u00e1gina do Weebly, fazendo uso de nossa demonstra\u00e7\u00e3o ao vivo. Crie seu aplicativo personalizado com apenas alguns cliques e sem esfor\u00e7o!\" \/>\n<meta name=\"robots\" content=\"index, follow, max-snippet:-1, max-image-preview:large, max-video-preview:-1\" \/>\n<link rel=\"canonical\" href=\"https:\/\/elfsight.com\/pt\/number-counter-widget\/weebly\/\" \/>\n<meta property=\"og:locale\" content=\"pt_PT\" \/>\n<meta property=\"og:type\" content=\"article\" \/>\n<meta property=\"og:title\" content=\"Contador de n\u00fameros Elfsight para sites Weebly (gratuito e f\u00e1cil)\" \/>\n<meta property=\"og:description\" content=\"Use um contador num\u00e9rico em sua p\u00e1gina do Weebly, fazendo uso de nossa demonstra\u00e7\u00e3o ao vivo. Crie seu aplicativo personalizado com apenas alguns cliques e sem esfor\u00e7o!\" \/>\n<meta property=\"og:url\" content=\"https:\/\/elfsight.com\/pt\/number-counter-widget\/weebly\/\" \/>\n<meta property=\"og:site_name\" content=\"Elfsight PT\" \/>\n<meta property=\"article:modified_time\" content=\"2024-11-13T11:27:03+00:00\" \/>\n<meta name=\"twitter:card\" content=\"summary_large_image\" \/>\n<meta name=\"twitter:label1\" content=\"Tempo estimado de leitura\" \/>\n\t<meta name=\"twitter:data1\" content=\"1 minuto\" \/>\n<!-- \/ Yoast SEO plugin. -->","yoast_head_json":{"title":"Contador de n\u00fameros Elfsight para sites Weebly (gratuito e f\u00e1cil)","description":"Use um contador num\u00e9rico em sua p\u00e1gina do Weebly, fazendo uso de nossa demonstra\u00e7\u00e3o ao vivo. Crie seu aplicativo personalizado com apenas alguns cliques e sem esfor\u00e7o!","robots":{"index":"index","follow":"follow","max-snippet":"max-snippet:-1","max-image-preview":"max-image-preview:large","max-video-preview":"max-video-preview:-1"},"canonical":"https:\/\/elfsight.com\/pt\/number-counter-widget\/weebly\/","og_locale":"pt_PT","og_type":"article","og_title":"Contador de n\u00fameros Elfsight para sites Weebly (gratuito e f\u00e1cil)","og_description":"Use um contador num\u00e9rico em sua p\u00e1gina do Weebly, fazendo uso de nossa demonstra\u00e7\u00e3o ao vivo. Crie seu aplicativo personalizado com apenas alguns cliques e sem esfor\u00e7o!","og_url":"https:\/\/elfsight.com\/pt\/number-counter-widget\/weebly\/","og_site_name":"Elfsight PT","article_modified_time":"2024-11-13T11:27:03+00:00","twitter_card":"summary_large_image","twitter_misc":{"Tempo estimado de leitura":"1 minuto"},"schema":{"@context":"https:\/\/schema.org","@graph":[{"@type":"WebPage","@id":"https:\/\/elfsight.com\/pt\/number-counter-widget\/weebly\/","url":"https:\/\/elfsight.com\/pt\/number-counter-widget\/weebly\/","name":"Contador de n\u00fameros Elfsight para sites Weebly (gratuito e f\u00e1cil)","isPartOf":{"@id":"https:\/\/elfsight.com\/pt\/#website"},"datePublished":"2024-05-03T06:41:16+00:00","dateModified":"2024-11-13T11:27:03+00:00","description":"Use um contador num\u00e9rico em sua p\u00e1gina do Weebly, fazendo uso de nossa demonstra\u00e7\u00e3o ao vivo. Crie seu aplicativo personalizado com apenas alguns cliques e sem esfor\u00e7o!","breadcrumb":{"@id":"https:\/\/elfsight.com\/pt\/number-counter-widget\/weebly\/#breadcrumb"},"inLanguage":"pt-PT","potentialAction":[{"@type":"ReadAction","target":["https:\/\/elfsight.com\/pt\/number-counter-widget\/weebly\/"]}]},{"@type":"BreadcrumbList","@id":"https:\/\/elfsight.com\/pt\/number-counter-widget\/weebly\/#breadcrumb","itemListElement":[{"@type":"ListItem","position":1,"name":"Home","item":"https:\/\/elfsight.com\/pt\/"},{"@type":"ListItem","position":2,"name":"Number Counter","item":"https:\/\/elfsight.com\/pt\/number-counter-widget\/"},{"@type":"ListItem","position":3,"name":"Number Counter &#8211; Weebly"}]},{"@type":"WebSite","@id":"https:\/\/elfsight.com\/pt\/#website","url":"https:\/\/elfsight.com\/pt\/","name":"Elfsight PT","description":"Just another Elfsight Sites site","potentialAction":[{"@type":"SearchAction","target":{"@type":"EntryPoint","urlTemplate":"https:\/\/elfsight.com\/pt\/?s={search_term_string}"},"query-input":{"@type":"PropertyValueSpecification","valueRequired":true,"valueName":"search_term_string"}}],"inLanguage":"pt-PT"}]}},"meta_box":{"industry":"","seo_heading":"","heading":"","description":"","cta_heading":"","cta_description":"","application":"1060","h1":"Aplicativo contador de n\u00fameros Weebly","h1_caption":"Demonstre suas conquistas not\u00e1veis \u200b\u200baos visitantes e interesse clientes mais fi\u00e9is","application_category":[],"applications_title":"","applications_request_title":"","applications_request_button_text":"","hero_text":"","hero_video":"","hero_video_schema_markup":"","selling_points_title":"","selling_points_caption":"","selling_points":[],"selling_points_cta_text":"","features_title":"","features":"","ed_cta_examples_text":"","ed_cta_examples_hidden":"","ed_cta_demo_text":"","ed_cta_demo_hidden":"","why_caption":"","why_editor_title":"","why_editor_text":"","why_team_title":"","why_team_text":"","why_service_title":"","why_service_text":"","template_catalog_visible":"","template_catalog_title":"","template_catalog_text":"","template_catalog_categories_visible":"","demo_title":"Crie seu aplicativo de contador de n\u00fameros","demo_caption":"Configure seu contador de n\u00fameros e adicione-o ao seu site do Weebly gratuitamente!","default_faq_hidden":"","app_template_category":[],"platform":"73","template_public_id":"","codecanyon_url":"","codecanyon_item_id":"","codecanyon_price":"","pricing_caption":"","pricing_elfsight_apps_hide_column":"","pricing_elfsight_apps_url":"","pricing_codecanyon_price_caption":"","integration_category":[],"integration_request_title":"","integration_request_cta":"","integration_platform":"","integrations":[],"platform_category":[],"video_schema_markup":"","price":"a partir de US$ 0\/m\u00eas","trial":"","benefits":[{"text":"Servi\u00e7o de instala\u00e7\u00e3o gratuito"},{"text":"Atendimento ao cliente profissional"},{"text":"Garantia de reembolso de 14 dias"},{"text":"Atualiza\u00e7\u00f5es cont\u00ednuas"}],"button_url":"#demo","button_target_blank":"0","button_nofollow":"0","attributes":[{"name":"Instala\u00e7\u00f5es","content":"10,000 - 100,000","_state":"expanded"},{"name":"Responsivo","content":"Sim","_state":"expanded"},{"name":"Navegadores compat\u00edveis","content":"Firefox, Safari, Opera, Chrome, Edge"}],"tags":[],"tags_disable_links":"0","hide_more_platforms":"","video_object":"","demo_hide_cta":"0","demo_hide_cloud_options":"0","pricing_title":"","pricing":[{"pricing_icon":"platform","pricing_title":"Elfsight Apps","pricing_title_caption":"Software multiplataforma adequado para qualquer site","pricing_price":"a partir de US$ 0\/m\u00eas","pricing_price_caption":"comece com um plano gratuito","pricing_benefits":[{"text":"Sites ilimitados"},{"text":"Suporte profissional e pontual e bem documentado"},{"text":"Suporte profissional e pontual e bem documentado"},{"text":"100% personaliz\u00e1vel"}],"pricing_button_text":"Adicionar ao site","pricing_button_url":"#demo","_state":"expanded"}],"related_apps_title":"","related_apps_hidden":"1","author":"","image":[],"title":"","job":"","social_networks":[]},"_links":{"self":[{"href":"https:\/\/elfsight.com\/pt\/wp-json\/wp\/v2\/pages\/4312","targetHints":{"allow":["GET"]}}],"collection":[{"href":"https:\/\/elfsight.com\/pt\/wp-json\/wp\/v2\/pages"}],"about":[{"href":"https:\/\/elfsight.com\/pt\/wp-json\/wp\/v2\/types\/page"}],"author":[{"embeddable":true,"href":"https:\/\/elfsight.com\/pt\/wp-json\/wp\/v2\/users\/9"}],"replies":[{"embeddable":true,"href":"https:\/\/elfsight.com\/pt\/wp-json\/wp\/v2\/comments?post=4312"}],"version-history":[{"count":2,"href":"https:\/\/elfsight.com\/pt\/wp-json\/wp\/v2\/pages\/4312\/revisions"}],"predecessor-version":[{"id":11996,"href":"https:\/\/elfsight.com\/pt\/wp-json\/wp\/v2\/pages\/4312\/revisions\/11996"}],"up":[{"embeddable":true,"href":"https:\/\/elfsight.com\/pt\/wp-json\/wp\/v2\/pages\/1061"}],"wp:attachment":[{"href":"https:\/\/elfsight.com\/pt\/wp-json\/wp\/v2\/media?parent=4312"}],"curies":[{"name":"wp","href":"https:\/\/api.w.org\/{rel}","templated":true}]}}