{"id":4307,"date":"2024-05-03T06:41:00","date_gmt":"2024-05-03T06:41:00","guid":{"rendered":"https:\/\/elfsight.com\/pt\/?page_id=4307"},"modified":"2024-11-13T11:44:52","modified_gmt":"2024-11-13T11:44:52","slug":"webnode","status":"publish","type":"page","link":"https:\/\/elfsight.com\/pt\/logo-showcase-widget\/webnode\/","title":{"rendered":"Logo Showcase &#8211; Webnode"},"content":{"rendered":"<div class=\"application-platform-content-item-description application-platform-content-item\" id=\"description\" data-nav-section=\"description\"><h2>Descri\u00e7\u00e3o<\/h2> <p>Elfsight Logo Showcase \u00e9 a ferramenta mais simples para mostrar logotipos de parceiros e patrocinadores ou suas men\u00e7\u00f5es \u00e0 imprensa em seu site. Com o widget, voc\u00ea prova que sua empresa \u00e9 uma aliada comercial confi\u00e1vel e estabelece uma vis\u00e3o positiva do seu neg\u00f3cio. O widget permite exibir qualquer quantidade de logotipos, organiz\u00e1-los em um carrossel ou grade e alterar a escala dos logotipos. Voc\u00ea pode adicionar uma legenda e links para os sites das empresas. Ajustando as configura\u00e7\u00f5es de cores e fontes, voc\u00ea poder\u00e1 configurar um visual \u00fanico. <\/p><p><b>Aumente a credibilidade da sua empresa. <\/b><\/p><\/div> <div class=\"application-platform-content-item-features application-platform-content-item\" id=\"features\" data-nav-section=\"features\"><h2>Recursos<\/h2> <p>Verifique todos os recursos do Logo Showcase. Eles est\u00e3o dispon\u00edveis diretamente no editor e ir\u00e3o ajud\u00e1-lo a configurar o widget adequado \u00e0s suas necessidades. <\/p><ul><li> Vincule os logotipos a qualquer endere\u00e7o; <\/li><li>Cabe\u00e7alho altern\u00e1vel incluindo t\u00edtulo e texto com configura\u00e7\u00f5es de formata\u00e7\u00e3o; <\/li><li>O bot\u00e3o CTA pode ser vinculado a qualquer p\u00e1gina da web; <\/li><li>Tr\u00eas layouts de widget diferentes: Slider, Grid e Carousel; <\/li><li>Um recurso para alterar o tamanho do logotipo e a largura do widget; <\/li><li> Selecione qualquer cor de fundo ou adicione sua imagem. <\/li><\/ul><p><a href=\"#demo\">Teste todas as outras fun\u00e7\u00f5es na demonstra\u00e7\u00e3o<\/a><\/p><\/div> <div class=\"application-platform-content-item-installation application-platform-content-item\" id=\"installation\" data-nav-section=\"installation\"><h2> Como integrar o Logo Showcase ao meu site Webnode? <\/h2><p>Para ativar o widget, siga estas etapas r\u00e1pidas<\/p><ul><li><b>Crie seu plugin Logo Showcase personalizado<\/b><br>Usando nosso configurador gratuito, configure um plugin com design e fun\u00e7\u00f5es prefer\u00edveis. <\/li> <li><b>Receba o c\u00f3digo individual para integrar o plugin<\/b><br>Depois de configurar o seu widget, voc\u00ea adquirir\u00e1 o c\u00f3digo de instala\u00e7\u00e3o na janela pop-up nos aplicativos Elfsight. Copie. <\/li> <li><b>Adicione o plugin em seu site Webnode<\/b><br>V\u00e1 at\u00e9 o local onde voc\u00ea gostaria de mostrar o plugin e adicione o c\u00f3digo copiado l\u00e1. Publique as edi\u00e7\u00f5es. <\/li> <li><b>A incorpora\u00e7\u00e3o foi bem-sucedida! <\/b><br>Visite o site para verificar seu plugin. <\/li><\/ul><p>N\u00e3o hesite em entrar em contato com o atendimento ao cliente da Elfsight quando precisar de aconselhamento ou tiver d\u00favidas. Nossos especialistas ter\u00e3o prazer em ajudar com todas as d\u00favidas. <\/p><div class=\"faq\" data-component=\"FAQ\"><div class=\"faq-item\">\r\n\t\t\t\t\t<div class=\"faq-item-question\">\r\n\t\t\t\t\t\t<h3 class=\"faq-item-question-text\">De que forma posso incorporar o Logo Showcase no meu site Webnode sem codifica\u00e7\u00e3o?<\/h3>\r\n\r\n\t\t\t\t\t\t<div class=\"faq-item-question-icon\"><\/div>\r\n\t\t\t\t\t<\/div>\r\n\r\n\t\t\t\t\t<div class=\"faq-item-answer\">\r\n\t\t\t\t\t\t<div class=\"faq-item-answer-text\"> <p>A Elfsight apresenta uma solu\u00e7\u00e3o que permite aos utilizadores criarem voc\u00ea mesmo um plugin Logo Showcase, descubra como O processo \u00e9 f\u00e1cil: trabalhe diretamente na demonstra\u00e7\u00e3o ao vivo para construir um aplicativo Logo Showcase que voc\u00ea gostaria de ver na p\u00e1gina inicial do Webnode. Escolha um dos modelos prontos e ajuste as configura\u00e7\u00f5es do Logo Showcase, altere o layout e a cor dos elementos e adicione seu conte\u00fado, sem nenhuma habilidade de codifica\u00e7\u00e3o. Clique para salvar o Logo Showcase e copiar o c\u00f3digo de instala\u00e7\u00e3o do widget, que pode ser adicionado na p\u00e1gina Webnode usando um plano gratuito. Usando nosso editor amig\u00e1vel, cada usu\u00e1rio da Internet pode formar um Logo Showcase e incorpor\u00e1-lo prontamente em qualquer p\u00e1gina da Webnode. N\u00e3o \u00e9 necess\u00e1rio pagar ou enviar os dados do seu cart\u00e3o para entrar no nosso Editor. Se voc\u00ea enfrentar qualquer tipo de problema, sinta-se \u00e0 vontade para entrar em contato com nosso suporte t\u00e9cnico ao cliente.<\/p> <\/div>\r\n\t\t\t\t\t<\/div>\r\n\t\t\t\t<\/div> <\/div><\/div>","protected":false},"excerpt":{"rendered":"","protected":false},"author":9,"featured_media":0,"parent":983,"menu_order":0,"comment_status":"closed","ping_status":"closed","template":"templates\/template-application-platform.php","meta":{"publish_to_discourse":"","publish_post_category":"","wpdc_auto_publish_overridden":"","wpdc_topic_tags":"","wpdc_pin_topic":"","wpdc_pin_until":"","discourse_post_id":"","discourse_permalink":"","wpdc_publishing_response":"","wpdc_publishing_error":"","footnotes":""},"class_list":["post-4307","page","type-page","status-publish","hentry"],"yoast_head":"<!-- This site is optimized with the Yoast SEO plugin v25.3.1 - https:\/\/yoast.com\/wordpress\/plugins\/seo\/ -->\n<title>Logo Showcase - Adicionar carrossel de logotipos ao site Webnode (2025)<\/title>\n<meta name=\"description\" content=\"\u00c9 perfeitamente simples criar seu Logo Showcase e adicion\u00e1-lo ao seu site Webnode. O atendimento ao cliente da Elfsight \u00e9 gratuito e r\u00e1pido.\" \/>\n<meta name=\"robots\" content=\"index, follow, max-snippet:-1, max-image-preview:large, max-video-preview:-1\" \/>\n<link rel=\"canonical\" href=\"https:\/\/elfsight.com\/pt\/logo-showcase-widget\/webnode\/\" \/>\n<meta property=\"og:locale\" content=\"pt_PT\" \/>\n<meta property=\"og:type\" content=\"article\" \/>\n<meta property=\"og:title\" content=\"Logo Showcase - Adicionar carrossel de logotipos ao site Webnode (2025)\" \/>\n<meta property=\"og:description\" content=\"\u00c9 perfeitamente simples criar seu Logo Showcase e adicion\u00e1-lo ao seu site Webnode. O atendimento ao cliente da Elfsight \u00e9 gratuito e r\u00e1pido.\" \/>\n<meta property=\"og:url\" content=\"https:\/\/elfsight.com\/pt\/logo-showcase-widget\/webnode\/\" \/>\n<meta property=\"og:site_name\" content=\"Elfsight PT\" \/>\n<meta property=\"article:modified_time\" content=\"2024-11-13T11:44:52+00:00\" \/>\n<meta name=\"twitter:card\" content=\"summary_large_image\" \/>\n<meta name=\"twitter:label1\" content=\"Tempo estimado de leitura\" \/>\n\t<meta name=\"twitter:data1\" content=\"2 minutos\" \/>\n<!-- \/ Yoast SEO plugin. -->","yoast_head_json":{"title":"Logo Showcase - Adicionar carrossel de logotipos ao site Webnode (2025)","description":"\u00c9 perfeitamente simples criar seu Logo Showcase e adicion\u00e1-lo ao seu site Webnode. O atendimento ao cliente da Elfsight \u00e9 gratuito e r\u00e1pido.","robots":{"index":"index","follow":"follow","max-snippet":"max-snippet:-1","max-image-preview":"max-image-preview:large","max-video-preview":"max-video-preview:-1"},"canonical":"https:\/\/elfsight.com\/pt\/logo-showcase-widget\/webnode\/","og_locale":"pt_PT","og_type":"article","og_title":"Logo Showcase - Adicionar carrossel de logotipos ao site Webnode (2025)","og_description":"\u00c9 perfeitamente simples criar seu Logo Showcase e adicion\u00e1-lo ao seu site Webnode. O atendimento ao cliente da Elfsight \u00e9 gratuito e r\u00e1pido.","og_url":"https:\/\/elfsight.com\/pt\/logo-showcase-widget\/webnode\/","og_site_name":"Elfsight PT","article_modified_time":"2024-11-13T11:44:52+00:00","twitter_card":"summary_large_image","twitter_misc":{"Tempo estimado de leitura":"2 minutos"},"schema":{"@context":"https:\/\/schema.org","@graph":[{"@type":"WebPage","@id":"https:\/\/elfsight.com\/pt\/logo-showcase-widget\/webnode\/","url":"https:\/\/elfsight.com\/pt\/logo-showcase-widget\/webnode\/","name":"Logo Showcase - Adicionar carrossel de logotipos ao site Webnode (2025)","isPartOf":{"@id":"https:\/\/elfsight.com\/pt\/#website"},"datePublished":"2024-05-03T06:41:00+00:00","dateModified":"2024-11-13T11:44:52+00:00","description":"\u00c9 perfeitamente simples criar seu Logo Showcase e adicion\u00e1-lo ao seu site Webnode. O atendimento ao cliente da Elfsight \u00e9 gratuito e r\u00e1pido.","breadcrumb":{"@id":"https:\/\/elfsight.com\/pt\/logo-showcase-widget\/webnode\/#breadcrumb"},"inLanguage":"pt-PT","potentialAction":[{"@type":"ReadAction","target":["https:\/\/elfsight.com\/pt\/logo-showcase-widget\/webnode\/"]}]},{"@type":"BreadcrumbList","@id":"https:\/\/elfsight.com\/pt\/logo-showcase-widget\/webnode\/#breadcrumb","itemListElement":[{"@type":"ListItem","position":1,"name":"Home","item":"https:\/\/elfsight.com\/pt\/"},{"@type":"ListItem","position":2,"name":"Logo Showcase","item":"https:\/\/elfsight.com\/pt\/logo-showcase-widget\/"},{"@type":"ListItem","position":3,"name":"Logo Showcase &#8211; Webnode"}]},{"@type":"WebSite","@id":"https:\/\/elfsight.com\/pt\/#website","url":"https:\/\/elfsight.com\/pt\/","name":"Elfsight PT","description":"Just another Elfsight Sites site","potentialAction":[{"@type":"SearchAction","target":{"@type":"EntryPoint","urlTemplate":"https:\/\/elfsight.com\/pt\/?s={search_term_string}"},"query-input":{"@type":"PropertyValueSpecification","valueRequired":true,"valueName":"search_term_string"}}],"inLanguage":"pt-PT"}]}},"meta_box":{"industry":"","seo_heading":"","heading":"","description":"","cta_heading":"","cta_description":"","application":"982","h1":"Vitrine do logotipo Webnode","h1_caption":"Mostre os logotipos dos usu\u00e1rios ou acompanhantes no site para maior confiabilidade","application_category":[],"applications_title":"","applications_request_title":"","applications_request_button_text":"","hero_text":"","hero_video":"","hero_video_schema_markup":"","selling_points_title":"","selling_points_caption":"","selling_points":[],"selling_points_cta_text":"","features_title":"","features":"","ed_cta_examples_text":"","ed_cta_examples_hidden":"","ed_cta_demo_text":"","ed_cta_demo_hidden":"","why_caption":"","why_editor_title":"","why_editor_text":"","why_team_title":"","why_team_text":"","why_service_title":"","why_service_text":"","template_catalog_visible":"","template_catalog_title":"","template_catalog_text":"","template_catalog_categories_visible":"","demo_title":"Crie seu widget de demonstra\u00e7\u00e3o de logotipo","demo_caption":"Configure seu Logo Showcase e adicione-o ao seu site Webnode gratuitamente!","default_faq_hidden":"","app_template_category":[],"platform":"4917","template_public_id":"","codecanyon_url":"","codecanyon_item_id":"","codecanyon_price":"","pricing_caption":"","pricing_elfsight_apps_hide_column":"","pricing_elfsight_apps_url":"","pricing_codecanyon_price_caption":"","integration_category":[],"integration_request_title":"","integration_request_cta":"","integration_platform":"","integrations":[],"platform_category":[],"video_schema_markup":"","price":"a partir de US$ 0\/m\u00eas","trial":"","benefits":[{"text":"Servi\u00e7o de instala\u00e7\u00e3o gratuito"},{"text":"Atendimento ao cliente eficaz"},{"text":"Garantia de devolu\u00e7\u00e3o do dinheiro em 14 dias"},{"text":"Melhorias cont\u00ednuas"}],"button_url":"#demo","button_target_blank":"0","button_nofollow":"0","attributes":[{"name":"Instala\u00e7\u00f5es","content":"10,000 - 100,000","_state":"expanded"},{"name":"Responsivo","content":"Sim","_state":"expanded"},{"name":"Navegadores compat\u00edveis","content":"Firefox, Safari, Opera, Chrome, Edge"}],"tags":[],"tags_disable_links":"0","hide_more_platforms":"","video_object":"","demo_hide_cta":"0","demo_hide_cloud_options":"0","pricing_title":"","pricing":[{"pricing_icon":"platform","pricing_title":"Elfsight Apps","pricing_title_caption":"Solu\u00e7\u00e3o digital multiplataforma que funciona em qualquer site","pricing_price":"a partir de US$ 0\/m\u00eas","pricing_price_caption":"comece com plano gratuito","pricing_benefits":[{"text":"Dom\u00ednios ilimitados"},{"text":"Suporte profissional e pontual e bem documentado"},{"text":"Suporte profissional e pontual e bem documentado"},{"text":"Pre\u00e7o especial para v\u00e1rios aplicativos"}],"pricing_button_text":"Adicionar ao site","pricing_button_url":"#demo","_state":"expanded"}],"related_apps_title":"","related_apps_hidden":"1","author":"","image":[],"title":"","job":"","social_networks":[]},"_links":{"self":[{"href":"https:\/\/elfsight.com\/pt\/wp-json\/wp\/v2\/pages\/4307","targetHints":{"allow":["GET"]}}],"collection":[{"href":"https:\/\/elfsight.com\/pt\/wp-json\/wp\/v2\/pages"}],"about":[{"href":"https:\/\/elfsight.com\/pt\/wp-json\/wp\/v2\/types\/page"}],"author":[{"embeddable":true,"href":"https:\/\/elfsight.com\/pt\/wp-json\/wp\/v2\/users\/9"}],"replies":[{"embeddable":true,"href":"https:\/\/elfsight.com\/pt\/wp-json\/wp\/v2\/comments?post=4307"}],"version-history":[{"count":2,"href":"https:\/\/elfsight.com\/pt\/wp-json\/wp\/v2\/pages\/4307\/revisions"}],"predecessor-version":[{"id":11982,"href":"https:\/\/elfsight.com\/pt\/wp-json\/wp\/v2\/pages\/4307\/revisions\/11982"}],"up":[{"embeddable":true,"href":"https:\/\/elfsight.com\/pt\/wp-json\/wp\/v2\/pages\/983"}],"wp:attachment":[{"href":"https:\/\/elfsight.com\/pt\/wp-json\/wp\/v2\/media?parent=4307"}],"curies":[{"name":"wp","href":"https:\/\/api.w.org\/{rel}","templated":true}]}}