{"id":4306,"date":"2024-05-03T06:39:36","date_gmt":"2024-05-03T06:39:36","guid":{"rendered":"https:\/\/elfsight.com\/pt\/?page_id=4306"},"modified":"2025-01-23T18:51:00","modified_gmt":"2025-01-23T18:51:00","slug":"html","status":"publish","type":"page","link":"https:\/\/elfsight.com\/pt\/instagram-feed-instashow\/html\/","title":{"rendered":"Instagram Feed &#8211; HTML"},"content":{"rendered":"\n<div class=\"application-platform-content-item-description application-platform-content-item\" id=\"description\" data-nav-section=\"description\"><h2>Incorpore o Instagram em HTML com o widget Elfsight<\/h2><p>InstaShow \u00e9 o melhor widget do Instagram, que permite criar lindas galerias a partir do Instagram fotos e videoclipes. Um n\u00famero ilimitado de variantes de personaliza\u00e7\u00e3o: todos os tipos de fontes, pr\u00e9-modera\u00e7\u00e3o de conte\u00fado, mais de 70 op\u00e7\u00f5es flex\u00edveis e 10 esquemas de apar\u00eancia, e a interface totalmente responsiva para qualquer resolu\u00e7\u00e3o.<\/p><p><b>Aplique uma interface totalmente responsiva. e pr\u00e1tico plug-in, para despertar o interesse dos usu\u00e1rios do seu site em um piscar de olhos.<\/b> Incorpore o widget no c\u00f3digo HTML apenas colando um c\u00f3digo de instala\u00e7\u00e3o na se\u00e7\u00e3o necess\u00e1ria.<\/p><ul><li><b>Crescer a quantidade de transa\u00e7\u00f5es em seu site<\/b>.<br>Conte aos visitantes sobre seus produtos ou servi\u00e7os por meio de imagens do Instagram usando hashtags, locais, contas ou por URL espec\u00edfico, para melhorar a receita de seu site.<\/li><li><b>Conquiste novos f\u00e3s no Instagram<\/b>.<br>Exiba fotos com links e solicite inscri\u00e7\u00e3o para aumentar a quantidade de inscritos em seu perfil do Instagram.<\/li><li><b>Envolva um p\u00fablico maior. quantidade de leitores nas atividades do site<\/b>.<br>Incorpore o feed do Instagram usando nosso plug-in, e eles ir\u00e3o interessar mais usu\u00e1rios e faz\u00ea-los permanecer no site por mais tempo.<\/li><\/ul><\/div><div class=\"application-platform-content-item-features application-platform-content-item\" id=\"features\" data-nav-section=\"features\"><h2>Principais caracter\u00edsticas do widget Instagram Feed<\/h2><p>Os pontos fortes do plugin Elfsight, que o tornam a melhor ferramenta para mostrar o c\u00f3digo HTML do feed do Instagram em um site:<\/p> <ul><li>Visualiza\u00e7\u00e3o de v\u00eddeos diretamente na p\u00e1gina<\/li><li>Espa\u00e7o de medianiz vari\u00e1vel<\/li><li>Tr\u00eas variantes de a\u00e7\u00e3o ao clicar na imagem: pop-up, Instagram ou nenhuma<\/li><li> 13 esquemas de cores prontos para uso<\/li><li>Velocidade de reprodu\u00e7\u00e3o autom\u00e1tica opcional<\/li><li>8 modelos impressionantes prontos para uso<\/li><li>Incorpore o feed do Instagram em HTML com v\u00e1rios cliques<\/li><li>Diferentes layouts de feed e modelos de postagem<\/li><\/ul><p><a href=\"#demo\">Mais recursos na demonstra\u00e7\u00e3o da Elfsight<\/a><\/p><p>Voc\u00ea pode incorporar Feed do Instagram em HTML do site para atingir diversos objetivos. Por exemplo, voc\u00ea pode aumentar a base de assinantes com um bot\u00e3o de CTA. Al\u00e9m disso, as fotos do Instagram decoram qualquer site, tornando-o elegante e profissional. Por fim, voc\u00ea pode aumentar o envolvimento em um site, porque os usu\u00e1rios rolam, abrem, fecham postagens e leem descri\u00e7\u00f5es e coment\u00e1rios.<\/p><\/div><div class=\"application-platform-content-item-installation application-platform-content-item\" id=\"installation\" data-nav-section=\"installation\"><h2>Como incorporar o widget de feed do Instagram no site HTML<\/h2><div class=\"video-container\"><iframe width=\"720\" height=\"405\" src=\"https:\/\/www.youtube.com\/embed\/zw26D1Ko-3w\" frameborder=\"0\" allowfullscreen=\"\"><\/iframe><\/div><p>Confira nossas breves instru\u00e7\u00f5es sobre instala\u00e7\u00e3o e personaliza\u00e7\u00e3o do plugin. O tempo de instala\u00e7\u00e3o \u00e9 de cerca de 80 segundos; al\u00e9m disso, n\u00e3o requer experi\u00eancia em programa\u00e7\u00e3o web.<\/p><ol><li><b>Construa seu feed do Instagram personalizado<\/b>.<br>Por meio de nosso configurador gratuito, crie um plugin com design e configura\u00e7\u00f5es necess\u00e1rias.<\/li><li><b>Adquira um c\u00f3digo do Instagram para mostrar o widget<\/b>.<br>Ap\u00f3s a personaliza\u00e7\u00e3o do widget, obtenha um c\u00f3digo para o plugin do Instagram a partir da notifica\u00e7\u00e3o exibida nos aplicativos da Elfsight. <\/li><li><b>Adicione o c\u00f3digo de instala\u00e7\u00e3o ao c\u00f3digo HTML de um site<\/b>.<br>Abra o c\u00f3digo da p\u00e1gina no editor HTML, defina o plugin no local necess\u00e1rio (se\u00e7\u00e3o de conte\u00fado, rodap\u00e9, barra lateral, etc.) e publique as edi\u00e7\u00f5es.<\/li><li><b>A configura\u00e7\u00e3o foi conclu\u00edda<\/b>.<br>Entre no site HTML para ver seu plug-in.<\/li><\/ol><p>Alguma dificuldade em demonstrar o plugin ou personalizar seu feed do Instagram? Envie uma mensagem para nossa equipe de suporte.<\/p><div class=\"faq\" data-component=\"FAQ\"><div class=\"faq-item\">\r\n\t\t\t\t\t<div class=\"faq-item-question\">\r\n\t\t\t\t\t\t<h3 class=\"faq-item-question-text\">Como incorporar feed do Instagram gratuitamente em HTML?<\/h3>\r\n\r\n\t\t\t\t\t\t<div class=\"faq-item-question-icon\"><\/div>\r\n\t\t\t\t\t<\/div>\r\n\r\n\t\t\t\t\t<div class=\"faq-item-answer\">\r\n\t\t\t\t\t\t<div class=\"faq-item-answer-text\"><p>Incorporando um feed do Instagram em seu site HTML \u00e9 um m\u00e9todo fant\u00e1stico para exibir suas postagens mais recentes e manter o envolvimento do p\u00fablico.<\/p><ol><li>Para incorporar um Elfsight <a href=\"https:\/\/elfsight.com\/blog\/how-to-embed-instagram-feed-on-website\/\">Instagram Feed<\/a> gratuitamente no seu site HTML, acesse o site da Elfsight e registre-se para obter uma conta gratuita.<\/li><li>Maximize o potencial do Instagram widget gratuito, personalizando sua apar\u00eancia e configura\u00e7\u00f5es para se adequar \u00e0 apar\u00eancia do seu site HTML.<\/li><li>Depois de personalizar seu feed do Instagram gratuitamente, copie o c\u00f3digo de incorpora\u00e7\u00e3o exclusivo e cole-o no c\u00f3digo HTML do seu site onde voc\u00ea deseja que o feed seja exibido.<\/li><\/ol><p>Ao adicionar o feed do Instagram ao seu site HTML, voc\u00ea aumentar\u00e1 seu apelo visual e incentivar\u00e1 a intera\u00e7\u00e3o cont\u00ednua do p\u00fablico. Aproveite os frutos do widget do Instagram da Elfsight sem gastar muito!<\/p><\/div>\r\n\t\t\t\t\t<\/div>\r\n\t\t\t\t<\/div><div class=\"faq-item\">\r\n\t\t\t\t\t<div class=\"faq-item-question\">\r\n\t\t\t\t\t\t<h3 class=\"faq-item-question-text\">Como posso obter uma colagem do Instagram ou um controle deslizante de postagem com a ajuda dos widgets da Elfsight?<\/h3>\r\n\r\n\t\t\t\t\t\t<div class=\"faq-item-question-icon\"><\/div>\r\n\t\t\t\t\t<\/div>\r\n\r\n\t\t\t\t\t<div class=\"faq-item-answer\">\r\n\t\t\t\t\t\t<div class=\"faq-item-answer-text\"><p>Uma variedade de modelos est\u00e3o dispon\u00edveis para voc\u00ea: lista, alvenaria, grade, feed, galeria e muitos outros, juntamente com op\u00e7\u00f5es de layout flex\u00edveis para atender \u00e0s suas pr\u00e9-condi\u00e7\u00f5es. Voc\u00ea \u00e9 livre para construir quase qualquer ferramenta que lhe falte. <\/p><\/div>\r\n\t\t\t\t\t<\/div>\r\n\t\t\t\t<\/div><div class=\"faq-item\">\r\n\t\t\t\t\t<div class=\"faq-item-question\">\r\n\t\t\t\t\t\t<h3 class=\"faq-item-question-text\">Por que meu feed HTML do Instagram n\u00e3o funciona\/\u00e9 atualizado?<\/h3>\r\n\r\n\t\t\t\t\t\t<div class=\"faq-item-question-icon\"><\/div>\r\n\t\t\t\t\t<\/div>\r\n\r\n\t\t\t\t\t<div class=\"faq-item-answer\">\r\n\t\t\t\t\t\t<div class=\"faq-item-answer-text\"><p>Assim que voc\u00ea tiver alguma dificuldade com o c\u00f3digo HTML, dirija-se ao cliente equipe de suporte. O servi\u00e7o de suporte \u00e9 totalmente gratuito para toda a clientela da Elfsight. <\/p><\/div>\r\n\t\t\t\t\t<\/div>\r\n\t\t\t\t<\/div><\/div><\/div>\n","protected":false},"excerpt":{"rendered":"","protected":false},"author":9,"featured_media":0,"parent":481,"menu_order":0,"comment_status":"closed","ping_status":"closed","template":"templates\/template-application-platform.php","meta":{"publish_to_discourse":"","publish_post_category":"","wpdc_auto_publish_overridden":"","wpdc_topic_tags":"","wpdc_pin_topic":"","wpdc_pin_until":"","discourse_post_id":"","discourse_permalink":"","wpdc_publishing_response":"","wpdc_publishing_error":"","footnotes":""},"class_list":["post-4306","page","type-page","status-publish","hentry"],"yoast_head":"<!-- This site is optimized with the Yoast SEO plugin v25.3.1 - https:\/\/yoast.com\/wordpress\/plugins\/seo\/ -->\n<title>Incorpore o feed do Instagram em HTML com um widget - adicione o Instagram a um site em 2 minutos!<\/title>\n<meta name=\"description\" content=\"Aprenda como incorporar o feed do Instagram no c\u00f3digo HTML do site gratuitamente. Use o melhor widget do Instagram para adicionar imagens e v\u00eddeos sem programa\u00e7\u00e3o.\" \/>\n<meta name=\"robots\" content=\"index, follow, max-snippet:-1, max-image-preview:large, max-video-preview:-1\" \/>\n<link rel=\"canonical\" href=\"https:\/\/elfsight.com\/pt\/instagram-feed-instashow\/html\/\" \/>\n<meta property=\"og:locale\" content=\"pt_PT\" \/>\n<meta property=\"og:type\" content=\"article\" \/>\n<meta property=\"og:title\" content=\"Incorpore o feed do Instagram em HTML com um widget - adicione o Instagram a um site em 2 minutos!\" \/>\n<meta property=\"og:description\" content=\"Aprenda como incorporar o feed do Instagram no c\u00f3digo HTML do site gratuitamente. Use o melhor widget do Instagram para adicionar imagens e v\u00eddeos sem programa\u00e7\u00e3o.\" \/>\n<meta property=\"og:url\" content=\"https:\/\/elfsight.com\/pt\/instagram-feed-instashow\/html\/\" \/>\n<meta property=\"og:site_name\" content=\"Elfsight PT\" \/>\n<meta property=\"article:modified_time\" content=\"2025-01-23T18:51:00+00:00\" \/>\n<meta name=\"twitter:card\" content=\"summary_large_image\" \/>\n<meta name=\"twitter:label1\" content=\"Tempo estimado de leitura\" \/>\n\t<meta name=\"twitter:data1\" content=\"5 minutos\" \/>\n<!-- \/ Yoast SEO plugin. -->","yoast_head_json":{"title":"Incorpore o feed do Instagram em HTML com um widget - adicione o Instagram a um site em 2 minutos!","description":"Aprenda como incorporar o feed do Instagram no c\u00f3digo HTML do site gratuitamente. Use o melhor widget do Instagram para adicionar imagens e v\u00eddeos sem programa\u00e7\u00e3o.","robots":{"index":"index","follow":"follow","max-snippet":"max-snippet:-1","max-image-preview":"max-image-preview:large","max-video-preview":"max-video-preview:-1"},"canonical":"https:\/\/elfsight.com\/pt\/instagram-feed-instashow\/html\/","og_locale":"pt_PT","og_type":"article","og_title":"Incorpore o feed do Instagram em HTML com um widget - adicione o Instagram a um site em 2 minutos!","og_description":"Aprenda como incorporar o feed do Instagram no c\u00f3digo HTML do site gratuitamente. Use o melhor widget do Instagram para adicionar imagens e v\u00eddeos sem programa\u00e7\u00e3o.","og_url":"https:\/\/elfsight.com\/pt\/instagram-feed-instashow\/html\/","og_site_name":"Elfsight PT","article_modified_time":"2025-01-23T18:51:00+00:00","twitter_card":"summary_large_image","twitter_misc":{"Tempo estimado de leitura":"5 minutos"},"schema":{"@context":"https:\/\/schema.org","@graph":[{"@type":"WebPage","@id":"https:\/\/elfsight.com\/pt\/instagram-feed-instashow\/html\/","url":"https:\/\/elfsight.com\/pt\/instagram-feed-instashow\/html\/","name":"Incorpore o feed do Instagram em HTML com um widget - adicione o Instagram a um site em 2 minutos!","isPartOf":{"@id":"https:\/\/elfsight.com\/pt\/#website"},"datePublished":"2024-05-03T06:39:36+00:00","dateModified":"2025-01-23T18:51:00+00:00","description":"Aprenda como incorporar o feed do Instagram no c\u00f3digo HTML do site gratuitamente. Use o melhor widget do Instagram para adicionar imagens e v\u00eddeos sem programa\u00e7\u00e3o.","breadcrumb":{"@id":"https:\/\/elfsight.com\/pt\/instagram-feed-instashow\/html\/#breadcrumb"},"inLanguage":"pt-PT","potentialAction":[{"@type":"ReadAction","target":["https:\/\/elfsight.com\/pt\/instagram-feed-instashow\/html\/"]}]},{"@type":"BreadcrumbList","@id":"https:\/\/elfsight.com\/pt\/instagram-feed-instashow\/html\/#breadcrumb","itemListElement":[{"@type":"ListItem","position":1,"name":"Home","item":"https:\/\/elfsight.com\/pt\/"},{"@type":"ListItem","position":2,"name":"Instagram Feed","item":"https:\/\/elfsight.com\/pt\/instagram-feed-instashow\/"},{"@type":"ListItem","position":3,"name":"Instagram Feed &#8211; HTML"}]},{"@type":"WebSite","@id":"https:\/\/elfsight.com\/pt\/#website","url":"https:\/\/elfsight.com\/pt\/","name":"Elfsight PT","description":"Just another Elfsight Sites site","potentialAction":[{"@type":"SearchAction","target":{"@type":"EntryPoint","urlTemplate":"https:\/\/elfsight.com\/pt\/?s={search_term_string}"},"query-input":{"@type":"PropertyValueSpecification","valueRequired":true,"valueName":"search_term_string"}}],"inLanguage":"pt-PT"}]}},"meta_box":{"industry":"","seo_heading":"","heading":"","description":"","cta_heading":"","cta_description":"","application":"480","h1":"Widget de feed do Instagram para HTML","h1_caption":"Transforme os leitores do seu site em assinantes do Instagram","application_category":[],"applications_title":"","applications_request_title":"","applications_request_button_text":"","hero_text":"","hero_video":"","hero_video_schema_markup":"","selling_points_title":"","selling_points_caption":"","selling_points":[],"selling_points_cta_text":"","features_title":"","features":"","ed_cta_examples_text":"","ed_cta_examples_hidden":"","ed_cta_demo_text":"","ed_cta_demo_hidden":"","why_caption":"","why_editor_title":"","why_editor_text":"","why_team_title":"","why_team_text":"","why_service_title":"","why_service_text":"","template_catalog_visible":"0","template_catalog_title":"","template_catalog_text":"","template_catalog_categories_visible":"","demo_title":"Crie seu widget de feed do Instagram","demo_caption":"Configure seu feed do Instagram e adicione-o ao seu site HTML gratuitamente!","default_faq_hidden":"","app_template_category":[],"platform":"49","template_public_id":"","codecanyon_url":"","codecanyon_item_id":"","codecanyon_price":"","pricing_caption":"","pricing_elfsight_apps_hide_column":"","pricing_elfsight_apps_url":"","pricing_codecanyon_price_caption":"","integration_category":[],"integration_request_title":"","integration_request_cta":"","integration_platform":"","integrations":[],"platform_category":[],"video_schema_markup":"","price":"a partir de US$ 0\/m\u00eas","trial":"","benefits":[{"text":"Ajuda de instala\u00e7\u00e3o gratuita"},{"text":"Atendimento ao cliente eficaz"},{"text":"Garantia de devolu\u00e7\u00e3o do dinheiro em 14 dias"},{"text":"Atualizando constantemente"}],"button_url":"#demo","button_target_blank":"0","button_nofollow":"0","attributes":[{"name":"Instala\u00e7\u00f5es","content":"100,000 - 500,000","_state":"expanded"},{"name":"Responsivo","content":"Sim","_state":"expanded"},{"name":"Navegadores compat\u00edveis","content":"Firefox, Safari, Opera, Chrome, Edge"}],"tags":[],"tags_disable_links":"0","hide_more_platforms":"","video_object":"","demo_hide_cta":"0","demo_hide_cloud_options":"0","pricing_title":"","pricing":[{"pricing_icon":"platform","pricing_title":"Elfsight Apps","pricing_title_caption":"Solu\u00e7\u00e3o independente de plataforma adequada para qualquer site","pricing_price":"a partir de US$ 0\/m\u00eas","pricing_price_caption":"comece com plano gratuito","pricing_benefits":[{"text":"Dom\u00ednios ilimitados"},{"text":"Suporte ao cliente premium"},{"text":"Suporte ao cliente premium"},{"text":"Oferta especial para v\u00e1rios aplicativos"}],"pricing_button_text":"Adicionar ao site","pricing_button_url":"#demo","_state":"expanded"}],"related_apps_title":"","related_apps_hidden":"1","author":"","image":[],"title":"","job":"","social_networks":[]},"_links":{"self":[{"href":"https:\/\/elfsight.com\/pt\/wp-json\/wp\/v2\/pages\/4306","targetHints":{"allow":["GET"]}}],"collection":[{"href":"https:\/\/elfsight.com\/pt\/wp-json\/wp\/v2\/pages"}],"about":[{"href":"https:\/\/elfsight.com\/pt\/wp-json\/wp\/v2\/types\/page"}],"author":[{"embeddable":true,"href":"https:\/\/elfsight.com\/pt\/wp-json\/wp\/v2\/users\/9"}],"replies":[{"embeddable":true,"href":"https:\/\/elfsight.com\/pt\/wp-json\/wp\/v2\/comments?post=4306"}],"version-history":[{"count":3,"href":"https:\/\/elfsight.com\/pt\/wp-json\/wp\/v2\/pages\/4306\/revisions"}],"predecessor-version":[{"id":13625,"href":"https:\/\/elfsight.com\/pt\/wp-json\/wp\/v2\/pages\/4306\/revisions\/13625"}],"up":[{"embeddable":true,"href":"https:\/\/elfsight.com\/pt\/wp-json\/wp\/v2\/pages\/481"}],"wp:attachment":[{"href":"https:\/\/elfsight.com\/pt\/wp-json\/wp\/v2\/media?parent=4306"}],"curies":[{"name":"wp","href":"https:\/\/api.w.org\/{rel}","templated":true}]}}