{"id":4302,"date":"2024-05-03T06:39:12","date_gmt":"2024-05-03T06:39:12","guid":{"rendered":"https:\/\/elfsight.com\/pt\/?page_id=4302"},"modified":"2024-11-13T12:01:47","modified_gmt":"2024-11-13T12:01:47","slug":"opencart","status":"publish","type":"page","link":"https:\/\/elfsight.com\/pt\/google-reviews-widget\/opencart\/","title":{"rendered":"Google Reviews &#8211; OpenCart"},"content":{"rendered":"<div class=\"application-platform-content-item-description application-platform-content-item\" id=\"description\" data-nav-section=\"description\"> <h2>Incorpore coment\u00e1rios do Google com o widget Elfsight<\/h2> <p>Se voc\u00ea quiser se gabar de sua alta classifica\u00e7\u00e3o e convencer os visitantes do site de que suas ofertas t\u00eam um bom valor, o Elfsight Google Reviews \u00e9 exatamente o que voc\u00ea precisa. Com a ajuda do nosso widget, voc\u00ea poder\u00e1 incorporar avalia\u00e7\u00f5es de clientes do Google em seu site com informa\u00e7\u00f5es sobre seus autores, usar filtros para revelar apenas os melhores, adicionar classifica\u00e7\u00f5es e um bot\u00e3o de redirecionamento que levar\u00e1 as pessoas \u00e0 sua p\u00e1gina do Google, onde elas podem postar seu coment\u00e1rio.<\/p><div class=\"faq\" data-component=\"FAQ\"> <div class=\"faq-item\">\r\n\t\t\t\t\t<div class=\"faq-item-question\">\r\n\t\t\t\t\t\t<h3 class=\"faq-item-question-text\">Onde no meu site posso instalar o Opencart Google Reviews?<\/h3>\r\n\r\n\t\t\t\t\t\t<div class=\"faq-item-question-icon\"><\/div>\r\n\t\t\t\t\t<\/div>\r\n\r\n\t\t\t\t\t<div class=\"faq-item-answer\">\r\n\t\t\t\t\t\t<div class=\"faq-item-answer-text\"> <p>Voc\u00ea pode adicionar o widget a qualquer p\u00e1gina do seu site ou col\u00e1-lo no modelo do site e ele aparecer\u00e1 em todas as p\u00e1ginas. As avalia\u00e7\u00f5es far\u00e3o um bom trabalho nas p\u00e1ginas de produtos ou na p\u00e1gina Sobre n\u00f3s, onde voc\u00ea deseja comprovar sua alta avalia\u00e7\u00e3o. <\/p><\/div>\r\n\t\t\t\t\t<\/div>\r\n\t\t\t\t<\/div> <div class=\"faq-item\">\r\n\t\t\t\t\t<div class=\"faq-item-question\">\r\n\t\t\t\t\t\t<h3 class=\"faq-item-question-text\">Como o widget pode melhorar a funcionalidade do site?<\/h3>\r\n\r\n\t\t\t\t\t\t<div class=\"faq-item-question-icon\"><\/div>\r\n\t\t\t\t\t<\/div>\r\n\r\n\t\t\t\t\t<div class=\"faq-item-answer\">\r\n\t\t\t\t\t\t<div class=\"faq-item-answer-text\"> <p>Ao adicionar o Google Reviews ao WordPress, voc\u00ea obt\u00e9m muitas vantagens. Aqui est\u00e3o os principais:<\/p><ul><li><p><strong>Mais de 77% das pessoas leem depoimentos antes de comprar de uma marca desconhecida.<\/strong><br>Isso significa que se voc\u00ea tiver \u00f3timas classifica\u00e7\u00f5es no Google, voc\u00ea ter\u00e1 maiores chances de vender seus produtos e servi\u00e7os.<\/p><\/li><li><p><strong>As avalia\u00e7\u00f5es fornecem material \u00fatil ao seu site.<\/strong><br> Os depoimentos incluem palavras-chave pertinentes que correspondem \u00e0 descri\u00e7\u00e3o da sua empresa. Eles ser\u00e3o vistos pelo mecanismo de pesquisa como texto com palavras-chave na p\u00e1gina da web.<\/p><\/li><li><p><strong>Snippets de coment\u00e1rios aumentam a taxa de cliques SERP.<\/strong><br>Um rico O snippet para sua classifica\u00e7\u00e3o estelar \u00e9 criado automaticamente por um plug-in Opencart Google Reviews. Como resultado, \u00e9 mais prov\u00e1vel que os usu\u00e1rios cliquem em um link de site distinto no Google.<\/p><\/li><\/ul><\/div>\r\n\t\t\t\t\t<\/div>\r\n\t\t\t\t<\/div> <div class=\"faq-item\">\r\n\t\t\t\t\t<div class=\"faq-item-question\">\r\n\t\t\t\t\t\t<h3 class=\"faq-item-question-text\">Como fa\u00e7o para incorporar o widget de Avalia\u00e7\u00f5es do Google em meu site OpenCart?<\/h3>\r\n\r\n\t\t\t\t\t\t<div class=\"faq-item-question-icon\"><\/div>\r\n\t\t\t\t\t<\/div>\r\n\r\n\t\t\t\t\t<div class=\"faq-item-answer\">\r\n\t\t\t\t\t\t<div class=\"faq-item-answer-text\"> <p>A cria\u00e7\u00e3o do widget Avalia\u00e7\u00f5es para OpenCart n\u00e3o leva mais que dois minutos. Voc\u00ea pode testar todas as vantagens e configura\u00e7\u00f5es no editor visual gratuito. Este processo nem requer registro. A instala\u00e7\u00e3o \u00e9 extremamente r\u00e1pida, gratuita e sem codifica\u00e7\u00e3o. Basta copiar duas linhas do c\u00f3digo de instala\u00e7\u00e3o e col\u00e1-las no back-end do site.<\/p> <\/div>\r\n\t\t\t\t\t<\/div>\r\n\t\t\t\t<\/div> <\/div> <\/div><div class=\"application-platform-content-item-features application-platform-content-item\" id=\"features\" data-nav-section=\"features\"> <h2>Principais recursos do Google Extens\u00e3o de coment\u00e1rios<\/h2> <p>Para entender claramente a extens\u00e3o, voc\u00ea pode consultar a lista de seus recursos mais importantes. Eles tornam este widget incrivelmente eficiente para o seu site:<\/p> <ul> <li>Tr\u00eas tipos de filtros: por tipo, exclus\u00e3o por e quantidade de coment\u00e1rios para exibi\u00e7\u00e3o;<\/li> <li>Quatro variantes de layouts: Lista, Grade, Alvenaria e Controle deslizante;<\/li> <li>Uma op\u00e7\u00e3o para mostrar ou ocultar o cabe\u00e7alho do widget;<\/li> <li>O bot\u00e3o para solicitar uma revis\u00e3o leva as pessoas \u00e0 sua p\u00e1gina do Google;<\/li> <li>O bot\u00e3o para solicitar uma revis\u00e3o leva as pessoas \u00e0 sua p\u00e1gina do Google;<\/li> li&gt; <li>6 elementos ajust\u00e1veis \u200b\u200bdo widget: nome do autor e imagem, texto de recomenda\u00e7\u00e3o, data da postagem, \u00edcone do Google e classifica\u00e7\u00e3o por estrelas;<\/li> <li>Dois cen\u00e1rios poss\u00edveis ap\u00f3s rejei\u00e7\u00e3o da solicita\u00e7\u00e3o de revis\u00e3o: revelar uma mensagem de texto ou oculte o bot\u00e3o.<\/li> <\/ul><p><a href=\"#demo\">Para explorar mais recursos, consulte a demonstra\u00e7\u00e3o<\/a><\/p> <\/div><div class=\"application-platform-content-item-instala\u00e7\u00e3o application-platform-content-item\" id=\"instala\u00e7\u00e3o\" data-nav-section=\"instala\u00e7\u00e3o\"> <h2>Como incorporar o Google Reviews em seu site OpenCart<\/h2> <p>As a\u00e7\u00f5es a seguir s\u00e3o a \u00fanica coisa que voc\u00ea precisa fazer. Isso levar\u00e1 alguns minutos e absolutamente nenhuma codifica\u00e7\u00e3o.<\/p> <ol><li><b>Inicie nosso configurador gratuito e comece a criar sua extens\u00e3o personalizada do Google Reviews. <\/b><br> Determine a forma e os recursos adequados da extens\u00e3o e aplique todas as edi\u00e7\u00f5es. <\/li> <li><b>Copie o c\u00f3digo exclusivo que aparece na janela dos aplicativos Elfsight. <\/b><br> Assim que a cria\u00e7\u00e3o da sua extens\u00e3o pessoal for conclu\u00edda, copie o c\u00f3digo exclusivo na janela que aparece e salve-o para uso posterior. <\/li> <li><b>Comece a aplicar a extens\u00e3o na p\u00e1gina do OpenCart. <\/b><br>Incorpore o c\u00f3digo copiado recentemente em seu site e aplique os ajustes. <\/li> <li><b>A configura\u00e7\u00e3o est\u00e1 totalmente conclu\u00edda. <\/b><br> Acesse seu site para apreciar o funcionamento da extens\u00e3o. <\/li><\/ol><p>Ainda tem d\u00favidas? Ou enfrentando problemas? Basta enviar sua solicita\u00e7\u00e3o ao nosso atendimento ao cliente e eles o ajudar\u00e3o com qualquer d\u00favida. <\/p> <\/div>","protected":false},"excerpt":{"rendered":"","protected":false},"author":9,"featured_media":0,"parent":443,"menu_order":0,"comment_status":"closed","ping_status":"closed","template":"templates\/template-application-platform.php","meta":{"publish_to_discourse":"","publish_post_category":"","wpdc_auto_publish_overridden":"","wpdc_topic_tags":"","wpdc_pin_topic":"","wpdc_pin_until":"","discourse_post_id":"","discourse_permalink":"","wpdc_publishing_response":"","wpdc_publishing_error":"","footnotes":""},"class_list":["post-4302","page","type-page","status-publish","hentry"],"yoast_head":"<!-- This site is optimized with the Yoast SEO plugin v25.3.1 - https:\/\/yoast.com\/wordpress\/plugins\/seo\/ -->\n<title>Incorpore coment\u00e1rios do Google em um site OpenCart - adicione coment\u00e1rios a um site em 2 minutos!<\/title>\n<meta name=\"description\" content=\"Esta \u00e9 uma oportunidade de produzir o widget Google Reviews e incorpor\u00e1-lo ao seu site OpenCart. Obtenha atendimento ao cliente gratuito e outros b\u00f4nus da Elfsight.\" \/>\n<meta name=\"robots\" content=\"index, follow, max-snippet:-1, max-image-preview:large, max-video-preview:-1\" \/>\n<link rel=\"canonical\" href=\"https:\/\/elfsight.com\/pt\/google-reviews-widget\/opencart\/\" \/>\n<meta property=\"og:locale\" content=\"pt_PT\" \/>\n<meta property=\"og:type\" content=\"article\" \/>\n<meta property=\"og:title\" content=\"Incorpore coment\u00e1rios do Google em um site OpenCart - adicione coment\u00e1rios a um site em 2 minutos!\" \/>\n<meta property=\"og:description\" content=\"Esta \u00e9 uma oportunidade de produzir o widget Google Reviews e incorpor\u00e1-lo ao seu site OpenCart. Obtenha atendimento ao cliente gratuito e outros b\u00f4nus da Elfsight.\" \/>\n<meta property=\"og:url\" content=\"https:\/\/elfsight.com\/pt\/google-reviews-widget\/opencart\/\" \/>\n<meta property=\"og:site_name\" content=\"Elfsight PT\" \/>\n<meta property=\"article:modified_time\" content=\"2024-11-13T12:01:47+00:00\" \/>\n<meta name=\"twitter:card\" content=\"summary_large_image\" \/>\n<meta name=\"twitter:label1\" content=\"Tempo estimado de leitura\" \/>\n\t<meta name=\"twitter:data1\" content=\"2 minutos\" \/>\n<!-- \/ Yoast SEO plugin. -->","yoast_head_json":{"title":"Incorpore coment\u00e1rios do Google em um site OpenCart - adicione coment\u00e1rios a um site em 2 minutos!","description":"Esta \u00e9 uma oportunidade de produzir o widget Google Reviews e incorpor\u00e1-lo ao seu site OpenCart. Obtenha atendimento ao cliente gratuito e outros b\u00f4nus da Elfsight.","robots":{"index":"index","follow":"follow","max-snippet":"max-snippet:-1","max-image-preview":"max-image-preview:large","max-video-preview":"max-video-preview:-1"},"canonical":"https:\/\/elfsight.com\/pt\/google-reviews-widget\/opencart\/","og_locale":"pt_PT","og_type":"article","og_title":"Incorpore coment\u00e1rios do Google em um site OpenCart - adicione coment\u00e1rios a um site em 2 minutos!","og_description":"Esta \u00e9 uma oportunidade de produzir o widget Google Reviews e incorpor\u00e1-lo ao seu site OpenCart. Obtenha atendimento ao cliente gratuito e outros b\u00f4nus da Elfsight.","og_url":"https:\/\/elfsight.com\/pt\/google-reviews-widget\/opencart\/","og_site_name":"Elfsight PT","article_modified_time":"2024-11-13T12:01:47+00:00","twitter_card":"summary_large_image","twitter_misc":{"Tempo estimado de leitura":"2 minutos"},"schema":{"@context":"https:\/\/schema.org","@graph":[{"@type":"WebPage","@id":"https:\/\/elfsight.com\/pt\/google-reviews-widget\/opencart\/","url":"https:\/\/elfsight.com\/pt\/google-reviews-widget\/opencart\/","name":"Incorpore coment\u00e1rios do Google em um site OpenCart - adicione coment\u00e1rios a um site em 2 minutos!","isPartOf":{"@id":"https:\/\/elfsight.com\/pt\/#website"},"datePublished":"2024-05-03T06:39:12+00:00","dateModified":"2024-11-13T12:01:47+00:00","description":"Esta \u00e9 uma oportunidade de produzir o widget Google Reviews e incorpor\u00e1-lo ao seu site OpenCart. Obtenha atendimento ao cliente gratuito e outros b\u00f4nus da Elfsight.","breadcrumb":{"@id":"https:\/\/elfsight.com\/pt\/google-reviews-widget\/opencart\/#breadcrumb"},"inLanguage":"pt-PT","potentialAction":[{"@type":"ReadAction","target":["https:\/\/elfsight.com\/pt\/google-reviews-widget\/opencart\/"]}]},{"@type":"BreadcrumbList","@id":"https:\/\/elfsight.com\/pt\/google-reviews-widget\/opencart\/#breadcrumb","itemListElement":[{"@type":"ListItem","position":1,"name":"Home","item":"https:\/\/elfsight.com\/pt\/"},{"@type":"ListItem","position":2,"name":"Google Reviews","item":"https:\/\/elfsight.com\/pt\/google-reviews-widget\/"},{"@type":"ListItem","position":3,"name":"Google Reviews &#8211; OpenCart"}]},{"@type":"WebSite","@id":"https:\/\/elfsight.com\/pt\/#website","url":"https:\/\/elfsight.com\/pt\/","name":"Elfsight PT","description":"Just another Elfsight Sites site","potentialAction":[{"@type":"SearchAction","target":{"@type":"EntryPoint","urlTemplate":"https:\/\/elfsight.com\/pt\/?s={search_term_string}"},"query-input":{"@type":"PropertyValueSpecification","valueRequired":true,"valueName":"search_term_string"}}],"inLanguage":"pt-PT"}]}},"meta_box":{"industry":"","seo_heading":"","heading":"","description":"","cta_heading":"","cta_description":"","application":"442","h1":"Extens\u00e3o OpenCart Google Reviews","h1_caption":"Insira os coment\u00e1rios de clientes mais atraentes do Google em seu site","application_category":[],"applications_title":"","applications_request_title":"","applications_request_button_text":"","hero_text":"","hero_video":"","hero_video_schema_markup":"","selling_points_title":"","selling_points_caption":"","selling_points":[],"selling_points_cta_text":"","features_title":"","features":"","ed_cta_examples_text":"","ed_cta_examples_hidden":"","ed_cta_demo_text":"","ed_cta_demo_hidden":"","why_caption":"","why_editor_title":"","why_editor_text":"","why_team_title":"","why_team_text":"","why_service_title":"","why_service_text":"","template_catalog_visible":"","template_catalog_title":"","template_catalog_text":"","template_catalog_categories_visible":"","demo_title":"Crie sua extens\u00e3o do Google Reviews","demo_caption":"Configure suas avalia\u00e7\u00f5es do Google e adicione-as ao seu site OpenCart gratuitamente!","default_faq_hidden":"","app_template_category":[],"platform":"61","template_public_id":"","codecanyon_url":"","codecanyon_item_id":"","codecanyon_price":"","pricing_caption":"","pricing_elfsight_apps_hide_column":"","pricing_elfsight_apps_url":"","pricing_codecanyon_price_caption":"","integration_category":[],"integration_request_title":"","integration_request_cta":"","integration_platform":"","integrations":[],"platform_category":[],"video_schema_markup":"","price":"a partir de US$ 0\/m\u00eas","trial":"","benefits":[{"text":"Ajuda de instala\u00e7\u00e3o gratuita"},{"text":"Atendimento ao cliente competente"},{"text":"Garantia de reembolso de 14 dias"},{"text":"Desenvolvimento cont\u00ednuo"}],"button_url":"#demo","button_target_blank":"0","button_nofollow":"0","attributes":[{"name":"Instala\u00e7\u00f5es","content":"100,000 - 500,000","_state":"expanded"},{"name":"Responsivo","content":"Sim","_state":"expanded"},{"name":"Navegadores compat\u00edveis","content":"Opera, Safari, Firefox, Chrome, Edge"}],"tags":[],"tags_disable_links":"0","hide_more_platforms":"","video_object":"","demo_hide_cta":"0","demo_hide_cloud_options":"0","pricing_title":"","pricing":[{"pricing_icon":"platform","pricing_title":"Elfsight Apps","pricing_title_caption":"Vers\u00e3o multiplataforma que funciona em qualquer site","pricing_price":"a partir de US$ 0\/m\u00eas","pricing_price_caption":"comece com plano gratuito","pricing_benefits":[{"text":"Dom\u00ednios ilimitados"},{"text":"Suporte profissional e pontual"},{"text":"Suporte profissional e pontual"},{"text":"100% personaliz\u00e1vel"}],"pricing_button_text":"Adicionar ao site","pricing_button_url":"#demo","_state":"expanded"}],"related_apps_title":"","related_apps_hidden":"1","author":"","image":[],"title":"","job":"","social_networks":[]},"_links":{"self":[{"href":"https:\/\/elfsight.com\/pt\/wp-json\/wp\/v2\/pages\/4302","targetHints":{"allow":["GET"]}}],"collection":[{"href":"https:\/\/elfsight.com\/pt\/wp-json\/wp\/v2\/pages"}],"about":[{"href":"https:\/\/elfsight.com\/pt\/wp-json\/wp\/v2\/types\/page"}],"author":[{"embeddable":true,"href":"https:\/\/elfsight.com\/pt\/wp-json\/wp\/v2\/users\/9"}],"replies":[{"embeddable":true,"href":"https:\/\/elfsight.com\/pt\/wp-json\/wp\/v2\/comments?post=4302"}],"version-history":[{"count":2,"href":"https:\/\/elfsight.com\/pt\/wp-json\/wp\/v2\/pages\/4302\/revisions"}],"predecessor-version":[{"id":11934,"href":"https:\/\/elfsight.com\/pt\/wp-json\/wp\/v2\/pages\/4302\/revisions\/11934"}],"up":[{"embeddable":true,"href":"https:\/\/elfsight.com\/pt\/wp-json\/wp\/v2\/pages\/443"}],"wp:attachment":[{"href":"https:\/\/elfsight.com\/pt\/wp-json\/wp\/v2\/media?parent=4302"}],"curies":[{"name":"wp","href":"https:\/\/api.w.org\/{rel}","templated":true}]}}