{"id":4299,"date":"2024-05-03T06:41:01","date_gmt":"2024-05-03T06:41:01","guid":{"rendered":"https:\/\/elfsight.com\/pt\/?page_id=4299"},"modified":"2025-03-06T11:33:58","modified_gmt":"2025-03-06T11:33:58","slug":"webflow","status":"publish","type":"page","link":"https:\/\/elfsight.com\/pt\/logo-showcase-widget\/webflow\/","title":{"rendered":"Logo Showcase &#8211; Webflow"},"content":{"rendered":"\n<div class=\"application-platform-content-item-description application-platform-content-item\" id=\"description\" data-nav-section=\"description\"><h2>Incorpore Logo Showcase no Webflow com o widget Elfsight<\/h2> <p>Elfsight Logo Showcase ser\u00e1 a t\u00e9cnica mais descomplicada de mostrar aos seus clientes &#8216; e logotipos de patrocinadores ou men\u00e7\u00f5es \u00e0 imprensa em seu site. Usando este widget, voc\u00ea mostrar\u00e1 que \u00e9 um companheiro respeit\u00e1vel e manter\u00e1 uma boa imagem da sua empresa. O widget Elfsight permite exibir qualquer quantidade de emblemas, constru\u00ed-los em um carrossel ou grade e variar o tamanho das imagens. Voc\u00ea pode adicionar uma legenda e links para os sites das empresas. Variando as configura\u00e7\u00f5es de cores e fontes, \u00e9 f\u00e1cil configurar uma interface exclusiva.<\/p><p><b>Aumente as vendas mostrando o excelente nome da sua empresa, com logotipos dos clientes no site.<\/b><\/p><\/div><div class=\"application-platform-content-item-features application-platform-content-item\" id=\"features\" data-nav-section=\"features\"><h2>Principais recursos do widget Logo Showcase<\/h2> <p>Confira uma lista de todos os recursos do Logo Showcase. Eles est\u00e3o dispon\u00edveis diretamente no editor e ajudar\u00e3o voc\u00ea a moldar o widget especialmente para o seu caso de uso. <\/p><ul><li> Conecte cada logotipo a qualquer p\u00e1gina da web; <\/li><li>Cabe\u00e7alho flex\u00edvel incluindo t\u00edtulo e texto com configura\u00e7\u00f5es de formata\u00e7\u00e3o; <\/li><li>O bot\u00e3o CTA pode ser conectado a qualquer p\u00e1gina; <\/li><li>3 layouts diferentes: Slider, Grid e Carousel; <\/li><li>Um recurso para adaptar o tamanho do logotipo e a largura do widget; <\/li><li> Escolha qualquer cor de fundo ou carregue seu pr\u00f3prio arquivo. <\/li><\/ul><p><a href=\"#demo\">Voc\u00ea pode experimentar todas as caracter\u00edsticas funcionais do widget diretamente na demonstra\u00e7\u00e3o<\/a><\/p><\/div><div class=\"application-platform-content-item-installation application-platform-content-item\" id=\"installation\" data-nav-section=\"installation\"><h2>Como adiciono Logo Showcase ao meu site Webflow? <\/h2><div class=\"video-container\"><iframe width=\"720\" height=\"405\" src=\"https:\/\/www.youtube.com\/embed\/JfjyV9IasCc\" frameborder=\"0\" allowfullscreen=\"\"><\/iframe><\/div><p>Para ativar o widget, siga as orienta\u00e7\u00f5es abaixo<\/p><ul><li><b>Gere seu widget de logotipo personalizado<\/b><br>Em nosso configurador gratuito, configure um plugin com apar\u00eancia e funcionalidade preferidas. <\/li><li><b>Copie o c\u00f3digo pessoal para exibir o plugin<\/b><br>Depois de configurar o seu widget, voc\u00ea receber\u00e1 seu c\u00f3digo pessoal na janela pop-up nos aplicativos Elfsight. Copie esse c\u00f3digo. <\/li><li><b>Integrar o plugin em seu site Webflow<\/b><br>Escolha o local na p\u00e1gina ou no modelo onde voc\u00ea gostaria de mostrar o plugin e insira o c\u00f3digo salvo l\u00e1. Salve as altera\u00e7\u00f5es. <\/li><li><b>Parab\u00e9ns! Voc\u00ea acabou de integrar o widget! <\/b><br>Entre na sua loja para dar uma olhada no seu widget. <\/li><\/ul><p>N\u00e3o hesite em comunicar com o departamento de suporte ao cliente quando precisar de conselhos ou tiver problemas. Ficaremos felizes em ajudar com todas as d\u00favidas. <\/p><div class=\"faq\" data-component=\"FAQ\"><div class=\"faq-item\">\r\n\t\t\t\t\t<div class=\"faq-item-question\">\r\n\t\t\t\t\t\t<h3 class=\"faq-item-question-text\">De que forma posso adicionar um Logo Showcase \u00e0 minha p\u00e1gina inicial do Webflow sem codifica\u00e7\u00e3o?<\/h3>\r\n\r\n\t\t\t\t\t\t<div class=\"faq-item-question-icon\"><\/div>\r\n\t\t\t\t\t<\/div>\r\n\r\n\t\t\t\t\t<div class=\"faq-item-answer\">\r\n\t\t\t\t\t\t<div class=\"faq-item-answer-text\"> <p>A empresa Elfsight apresenta uma solu\u00e7\u00e3o que permite aos utilizadores estabelecerem voc\u00ea mesmo um widget Logo Showcase, aprenda qu\u00e3o descomplicado \u00e9 o processo: V\u00e1 para a demonstra\u00e7\u00e3o ao vivo para criar uma se\u00e7\u00e3o Logo Showcase que voc\u00ea gostaria de ver na p\u00e1gina da web do Webflow. Escolha um de nossos modelos pr\u00e9-concebidos e ajuste as configura\u00e7\u00f5es do Logo Showcase, inclua seu conte\u00fado, altere o layout e o esquema de cores sem nenhuma habilidade de codifica\u00e7\u00e3o. Salve o Logo Showcase e obtenha o c\u00f3digo de instala\u00e7\u00e3o do widget, que pode ser colado facilmente no site Webflow gratuitamente. Trabalhando em nosso editor f\u00e1cil de usar, qualquer usu\u00e1rio da Internet pode criar o Logo Showcase online e inclu\u00ed-lo facilmente no site Webflow. N\u00e3o h\u00e1 necessidade de pagar ou divulgar as credenciais do seu cart\u00e3o para entrar no Editor. Se voc\u00ea enfrentar algum problema em qualquer etapa, n\u00e3o hesite em entrar em contato com nosso suporte ao cliente.<\/p> <\/div>\r\n\t\t\t\t\t<\/div>\r\n\t\t\t\t<\/div> <\/div><\/div>\n","protected":false},"excerpt":{"rendered":"","protected":false},"author":9,"featured_media":0,"parent":983,"menu_order":0,"comment_status":"closed","ping_status":"closed","template":"templates\/template-application-platform.php","meta":{"publish_to_discourse":"","publish_post_category":"","wpdc_auto_publish_overridden":"","wpdc_topic_tags":"","wpdc_pin_topic":"","wpdc_pin_until":"","discourse_post_id":"","discourse_permalink":"","wpdc_publishing_response":"","wpdc_publishing_error":"","footnotes":""},"class_list":["post-4299","page","type-page","status-publish","hentry"],"yoast_head":"<!-- This site is optimized with the Yoast SEO plugin v25.3.1 - https:\/\/yoast.com\/wordpress\/plugins\/seo\/ -->\n<title>Logo Showcase - Adicionar widget de carrossel de logotipo ao site Webflow (2025)<\/title>\n<meta name=\"description\" content=\"\u00c9 perfeitamente simples criar seu widget Logo Showcase e adicion\u00e1-lo ao seu site Webflow. O atendimento ao cliente da Elfsight \u00e9 gratuito e r\u00e1pido.\" \/>\n<meta name=\"robots\" content=\"index, follow, max-snippet:-1, max-image-preview:large, max-video-preview:-1\" \/>\n<link rel=\"canonical\" href=\"https:\/\/elfsight.com\/pt\/logo-showcase-widget\/webflow\/\" \/>\n<meta property=\"og:locale\" content=\"pt_PT\" \/>\n<meta property=\"og:type\" content=\"article\" \/>\n<meta property=\"og:title\" content=\"Logo Showcase - Adicionar widget de carrossel de logotipo ao site Webflow (2025)\" \/>\n<meta property=\"og:description\" content=\"\u00c9 perfeitamente simples criar seu widget Logo Showcase e adicion\u00e1-lo ao seu site Webflow. O atendimento ao cliente da Elfsight \u00e9 gratuito e r\u00e1pido.\" \/>\n<meta property=\"og:url\" content=\"https:\/\/elfsight.com\/pt\/logo-showcase-widget\/webflow\/\" \/>\n<meta property=\"og:site_name\" content=\"Elfsight PT\" \/>\n<meta property=\"article:modified_time\" content=\"2025-03-06T11:33:58+00:00\" \/>\n<meta name=\"twitter:card\" content=\"summary_large_image\" \/>\n<meta name=\"twitter:label1\" content=\"Tempo estimado de leitura\" \/>\n\t<meta name=\"twitter:data1\" content=\"3 minutos\" \/>\n<!-- \/ Yoast SEO plugin. -->","yoast_head_json":{"title":"Logo Showcase - Adicionar widget de carrossel de logotipo ao site Webflow (2025)","description":"\u00c9 perfeitamente simples criar seu widget Logo Showcase e adicion\u00e1-lo ao seu site Webflow. O atendimento ao cliente da Elfsight \u00e9 gratuito e r\u00e1pido.","robots":{"index":"index","follow":"follow","max-snippet":"max-snippet:-1","max-image-preview":"max-image-preview:large","max-video-preview":"max-video-preview:-1"},"canonical":"https:\/\/elfsight.com\/pt\/logo-showcase-widget\/webflow\/","og_locale":"pt_PT","og_type":"article","og_title":"Logo Showcase - Adicionar widget de carrossel de logotipo ao site Webflow (2025)","og_description":"\u00c9 perfeitamente simples criar seu widget Logo Showcase e adicion\u00e1-lo ao seu site Webflow. O atendimento ao cliente da Elfsight \u00e9 gratuito e r\u00e1pido.","og_url":"https:\/\/elfsight.com\/pt\/logo-showcase-widget\/webflow\/","og_site_name":"Elfsight PT","article_modified_time":"2025-03-06T11:33:58+00:00","twitter_card":"summary_large_image","twitter_misc":{"Tempo estimado de leitura":"3 minutos"},"schema":{"@context":"https:\/\/schema.org","@graph":[{"@type":"WebPage","@id":"https:\/\/elfsight.com\/pt\/logo-showcase-widget\/webflow\/","url":"https:\/\/elfsight.com\/pt\/logo-showcase-widget\/webflow\/","name":"Logo Showcase - Adicionar widget de carrossel de logotipo ao site Webflow (2025)","isPartOf":{"@id":"https:\/\/elfsight.com\/pt\/#website"},"datePublished":"2024-05-03T06:41:01+00:00","dateModified":"2025-03-06T11:33:58+00:00","description":"\u00c9 perfeitamente simples criar seu widget Logo Showcase e adicion\u00e1-lo ao seu site Webflow. O atendimento ao cliente da Elfsight \u00e9 gratuito e r\u00e1pido.","breadcrumb":{"@id":"https:\/\/elfsight.com\/pt\/logo-showcase-widget\/webflow\/#breadcrumb"},"inLanguage":"pt-PT","potentialAction":[{"@type":"ReadAction","target":["https:\/\/elfsight.com\/pt\/logo-showcase-widget\/webflow\/"]}]},{"@type":"BreadcrumbList","@id":"https:\/\/elfsight.com\/pt\/logo-showcase-widget\/webflow\/#breadcrumb","itemListElement":[{"@type":"ListItem","position":1,"name":"Home","item":"https:\/\/elfsight.com\/pt\/"},{"@type":"ListItem","position":2,"name":"Logo Showcase","item":"https:\/\/elfsight.com\/pt\/logo-showcase-widget\/"},{"@type":"ListItem","position":3,"name":"Logo Showcase &#8211; Webflow"}]},{"@type":"WebSite","@id":"https:\/\/elfsight.com\/pt\/#website","url":"https:\/\/elfsight.com\/pt\/","name":"Elfsight PT","description":"Just another Elfsight Sites site","potentialAction":[{"@type":"SearchAction","target":{"@type":"EntryPoint","urlTemplate":"https:\/\/elfsight.com\/pt\/?s={search_term_string}"},"query-input":{"@type":"PropertyValueSpecification","valueRequired":true,"valueName":"search_term_string"}}],"inLanguage":"pt-PT"}]}},"meta_box":{"industry":"","seo_heading":"","heading":"","description":"","cta_heading":"","cta_description":"","application":"982","h1":"Vitrine do logotipo do Webflow","h1_caption":"Vanglorie-se dos logotipos de usu\u00e1rios e parceiros em seu site para aumentar o n\u00edvel de confian\u00e7a","application_category":[],"applications_title":"","applications_request_title":"","applications_request_button_text":"","hero_text":"","hero_video":"","hero_video_schema_markup":"","selling_points_title":"","selling_points_caption":"","selling_points":[],"selling_points_cta_text":"","features_title":"","features":"","ed_cta_examples_text":"","ed_cta_examples_hidden":"","ed_cta_demo_text":"","ed_cta_demo_hidden":"","why_caption":"","why_editor_title":"","why_editor_text":"","why_team_title":"","why_team_text":"","why_service_title":"","why_service_text":"","template_catalog_visible":"0","template_catalog_title":"","template_catalog_text":"","template_catalog_categories_visible":"","demo_title":"Crie seu widget de demonstra\u00e7\u00e3o de logotipo","demo_caption":"Configure seu Logo Showcase e adicione-o ao seu site Webflow gratuitamente!","default_faq_hidden":"","app_template_category":[],"platform":"70","template_public_id":"","codecanyon_url":"","codecanyon_item_id":"","codecanyon_price":"","pricing_caption":"","pricing_elfsight_apps_hide_column":"","pricing_elfsight_apps_url":"","pricing_codecanyon_price_caption":"","integration_category":[],"integration_request_title":"","integration_request_cta":"","integration_platform":"","integrations":[],"platform_category":[],"video_schema_markup":"","price":"a partir de US$ 0\/m\u00eas","trial":"","benefits":[{"text":"Servi\u00e7o de instala\u00e7\u00e3o gratuito"},{"text":"Suporte profissional ao cliente"},{"text":"Garantia de devolu\u00e7\u00e3o do dinheiro em 14 dias"},{"text":"Melhorias gratuitas regulares"}],"button_url":"#demo","button_target_blank":"0","button_nofollow":"0","attributes":[{"name":"Instala\u00e7\u00f5es","content":"10,000 - 100,000","_state":"expanded"},{"name":"Responsivo","content":"Sim","_state":"expanded"},{"name":"Navegadores compat\u00edveis","content":"Opera, Chrome, Safari, Edge, Firefox"}],"tags":[],"tags_disable_links":"0","hide_more_platforms":"0","video_object":"","demo_hide_cta":"0","demo_hide_cloud_options":"0","pricing_title":"","pricing":[{"pricing_icon":"platform","pricing_title":"Elfsight Apps","pricing_title_caption":"Solu\u00e7\u00e3o digital multiplataforma que se adapta a qualquer site","pricing_price":"a partir de US$ 0\/m\u00eas","pricing_price_caption":"comece com plano gratuito","pricing_benefits":[{"text":"Sites ilimitados"},{"text":"Suporte gratuito e pontual"},{"text":"Suporte gratuito e pontual"},{"text":"Oferta especial para v\u00e1rios aplicativos"}],"pricing_button_text":"Adicionar ao site","pricing_button_url":"#demo","_state":"expanded"}],"related_apps_title":"","related_apps_hidden":"1","author":"","image":[],"title":"","job":"","social_networks":[]},"_links":{"self":[{"href":"https:\/\/elfsight.com\/pt\/wp-json\/wp\/v2\/pages\/4299","targetHints":{"allow":["GET"]}}],"collection":[{"href":"https:\/\/elfsight.com\/pt\/wp-json\/wp\/v2\/pages"}],"about":[{"href":"https:\/\/elfsight.com\/pt\/wp-json\/wp\/v2\/types\/page"}],"author":[{"embeddable":true,"href":"https:\/\/elfsight.com\/pt\/wp-json\/wp\/v2\/users\/9"}],"replies":[{"embeddable":true,"href":"https:\/\/elfsight.com\/pt\/wp-json\/wp\/v2\/comments?post=4299"}],"version-history":[{"count":3,"href":"https:\/\/elfsight.com\/pt\/wp-json\/wp\/v2\/pages\/4299\/revisions"}],"predecessor-version":[{"id":14444,"href":"https:\/\/elfsight.com\/pt\/wp-json\/wp\/v2\/pages\/4299\/revisions\/14444"}],"up":[{"embeddable":true,"href":"https:\/\/elfsight.com\/pt\/wp-json\/wp\/v2\/pages\/983"}],"wp:attachment":[{"href":"https:\/\/elfsight.com\/pt\/wp-json\/wp\/v2\/media?parent=4299"}],"curies":[{"name":"wp","href":"https:\/\/api.w.org\/{rel}","templated":true}]}}