{"id":4298,"date":"2024-05-03T06:39:25","date_gmt":"2024-05-03T06:39:25","guid":{"rendered":"https:\/\/elfsight.com\/pt\/?page_id=4298"},"modified":"2025-01-23T16:26:57","modified_gmt":"2025-01-23T16:26:57","slug":"google-sites","status":"publish","type":"page","link":"https:\/\/elfsight.com\/pt\/instagram-feed-instashow\/google-sites\/","title":{"rendered":"Instagram Feed &#8211; Google Sites"},"content":{"rendered":"\n<div class=\"application-platform-content-item-description application-platform-content-item\" id=\"description\" data-nav-section=\"description\"><h2>Incorpore o Instagram no Google Sites com o widget Elfsight<\/h2> <p>O InstaShow \u00e9 um poderoso plugin do Instagram, que torna poss\u00edvel gerar conte\u00fado atraente galerias de fotos e v\u00eddeos do Instagram. Uma infinidade de variantes de configura\u00e7\u00f5es do seu perfil pessoal: todos os tipos de fontes, filtros de feed, mais de 60 valores ajust\u00e1veis \u200b\u200be 10 esquemas de cores, e totalmente adapt\u00e1vel para v\u00e1rios tamanhos de tela. Use um plugin totalmente responsivo e pr\u00e1tico para atrair visitantes do seu site imediatamente.<\/p> <p><b>Torne seu site mais bem-sucedido para fins de com\u00e9rcio eletr\u00f4nico com a ajuda do Instagram Feed<\/b><\/p><div class=\"faq\" data-component=\"FAQ\"><div class=\"faq-item\">\r\n\t\t\t\t\t<div class=\"faq-item-question\">\r\n\t\t\t\t\t\t<h3 class=\"faq-item-question-text\">Posso testar o widget Instagram Feed em a\u00e7\u00e3o?<\/h3>\r\n\r\n\t\t\t\t\t\t<div class=\"faq-item-question-icon\"><\/div>\r\n\t\t\t\t\t<\/div>\r\n\r\n\t\t\t\t\t<div class=\"faq-item-answer\">\r\n\t\t\t\t\t\t<div class=\"faq-item-answer-text\"> <p>Sim, voc\u00ea tem essa op\u00e7\u00e3o mesmo sem registro! Existe a oportunidade de testar visualmente todos os recursos do widget em uma <a href=\"#demo\">demonstra\u00e7\u00e3o<\/a>. Al\u00e9m disso, voc\u00ea pode incorporar o feed do Instagram no Google Sites e ver seu desempenho gratuitamente.<\/p><\/div>\r\n\t\t\t\t\t<\/div>\r\n\t\t\t\t<\/div><div class=\"faq-item\">\r\n\t\t\t\t\t<div class=\"faq-item-question\">\r\n\t\t\t\t\t\t<h3 class=\"faq-item-question-text\">Como incorporar o feed do Instagram gratuitamente no Google Sites?<\/h3>\r\n\r\n\t\t\t\t\t\t<div class=\"faq-item-question-icon\"><\/div>\r\n\t\t\t\t\t<\/div>\r\n\r\n\t\t\t\t\t<div class=\"faq-item-answer\">\r\n\t\t\t\t\t\t<div class=\"faq-item-answer-text\"><ol><p>Integrar um feed do Instagram em sua p\u00e1gina da web \u00e9 uma maneira brilhante de mostrar suas postagens mais recentes e reter o interesse dos visitantes.<\/p><ol><li>Para <a href=\"https:\/\/elfsight.com\/blog\/how-to-embed-instagram-feed-on-website\/\">incorporar o feed do Instagram da Elfsight<\/a> gratuitamente no Google Sites, visite o site da Elfsight e inscreva-se para obter uma conta sem custo.<\/li><li>Aproveite ao m\u00e1ximo o widget gratuito do Instagram adaptando sua apar\u00eancia e configura\u00e7\u00f5es para complementar o design da sua p\u00e1gina do Google Sites.<\/li><li>Depois de otimizar seu feed do Instagram gratuitamente, copie o c\u00f3digo de incorpora\u00e7\u00e3o distinto e cole-o no HTML da sua p\u00e1gina do Google Sites onde voc\u00ea gostaria que o feed fosse exibido.<\/li><\/ol><p>Ao incorporar o feed do Instagram na sua p\u00e1gina do Google Sites, voc\u00ea ampliar\u00e1 sua atratividade visual e manter\u00e1 o envolvimento constante do visitante . Aproveite os benef\u00edcios do widget Instagram da Elfsight sem qualquer investimento financeiro!<\/p><\/ol><\/div>\r\n\t\t\t\t\t<\/div>\r\n\t\t\t\t<\/div><\/div><\/div> <div class=\"application-platform-content-item-features application-platform-content-item\" id=\"features\" data-nav-section=\"features\"> <h2>Principais caracter\u00edsticas do plugin Instagram Feed <\/h2><p>Oferecemos recursos poderosos e r\u00e1pidos, veja alguns deles: <\/p> <ul><li>2 layouts de feed prontos para uso: controle deslizante e grade<\/li><li>2 post modelos: lado a lado e cl\u00e1ssico<\/li><li>N\u00famero ajust\u00e1vel de colunas e linhas<\/li><li>Diversas configura\u00e7\u00f5es de postagem com elementos de postagem e elementos pop-up<\/li><li>Setas, arrastar e navega\u00e7\u00e3o de slides<\/li><\/ul><p><a href=\"#demo\">Basta verificar esta demonstra\u00e7\u00e3o para ver como funciona<\/a><\/p> <\/div> <div class=\"application-platform-content-item-installation application-platform-content-item\" id=\"installation\" data-nav-section=\"installation\"> <h2>Como posso adicionar o feed do Instagram ao meu Google Sites? <\/h2><div class=\"video-container\"><iframe width=\"720\" height=\"405\" src=\"https:\/\/www.youtube.com\/embed\/Z6pDxg1SqLg\" frameborder=\"0\" allowfullscreen=\"\"><\/iframe><\/div><p>Basta seguir estas etapas descritas abaixo para come\u00e7ar a trabalhar com a ferramenta. <\/p> <ol><li><b>Inicie nossa demonstra\u00e7\u00e3o gratuita e comece a formar seu pr\u00f3prio instrumento. <\/b><br> Determine a apar\u00eancia e os aspectos adequados do plugin e salve as corre\u00e7\u00f5es. <\/li> <li><b>Receba o seu c\u00f3digo pessoal revelado na caixa das aplica\u00e7\u00f5es Elfsight. <\/b><br> Logo ap\u00f3s a gera\u00e7\u00e3o da sua ferramenta, copie o c\u00f3digo pessoal da caixa que aparece e salve-o para uso posterior. <\/li> <li><b>Comece a usar o plug-in na sua p\u00e1gina do Google Sites. <\/b><br> Adicione o c\u00f3digo salvo anteriormente em sua p\u00e1gina inicial e salve as modifica\u00e7\u00f5es. <\/li> <li><b>Pronto! A incorpora\u00e7\u00e3o est\u00e1 totalmente conclu\u00edda. <\/b><br> Visite sua p\u00e1gina para ver em a\u00e7\u00e3o como o widget funciona. <\/li><\/ol> <div class=\"tip-yellow tip\"><b>Devido \u00e0s peculiaridades do funcionamento do Google Sites, o widget pode ter uma apar\u00eancia diferente da demonstra\u00e7\u00e3o on-line. Pedimos desculpas por qualquer inconveniente causado.<\/b><\/div><p>Caso tenha d\u00favidas ou atropele algum obst\u00e1culo, entre em contato com nossa equipe de suporte. Nossos consultores ter\u00e3o prazer em ajud\u00e1-lo com todas as d\u00favidas que voc\u00ea possa ter com a ferramenta. <\/p> <\/div>\n","protected":false},"excerpt":{"rendered":"","protected":false},"author":9,"featured_media":0,"parent":481,"menu_order":0,"comment_status":"closed","ping_status":"closed","template":"templates\/template-application-platform.php","meta":{"publish_to_discourse":"","publish_post_category":"","wpdc_auto_publish_overridden":"","wpdc_topic_tags":"","wpdc_pin_topic":"","wpdc_pin_until":"","discourse_post_id":"","discourse_permalink":"","wpdc_publishing_response":"","wpdc_publishing_error":"","footnotes":""},"class_list":["post-4298","page","type-page","status-publish","hentry"],"yoast_head":"<!-- This site is optimized with the Yoast SEO plugin v25.3.1 - https:\/\/yoast.com\/wordpress\/plugins\/seo\/ -->\n<title>Incorpore o feed do Instagram no Google Sites - adicione o feed do Instagram em 2 minutos!<\/title>\n<meta name=\"description\" content=\"Implemente um plug-in responsivo de feed do Instagram em seu site do Google Sites e obtenha total confian\u00e7a. Utilize a demonstra\u00e7\u00e3o da Elfsight para criar seu recurso exclusivo.\" \/>\n<meta name=\"robots\" content=\"index, follow, max-snippet:-1, max-image-preview:large, max-video-preview:-1\" \/>\n<link rel=\"canonical\" href=\"https:\/\/elfsight.com\/pt\/instagram-feed-instashow\/google-sites\/\" \/>\n<meta property=\"og:locale\" content=\"pt_PT\" \/>\n<meta property=\"og:type\" content=\"article\" \/>\n<meta property=\"og:title\" content=\"Incorpore o feed do Instagram no Google Sites - adicione o feed do Instagram em 2 minutos!\" \/>\n<meta property=\"og:description\" content=\"Implemente um plug-in responsivo de feed do Instagram em seu site do Google Sites e obtenha total confian\u00e7a. Utilize a demonstra\u00e7\u00e3o da Elfsight para criar seu recurso exclusivo.\" \/>\n<meta property=\"og:url\" content=\"https:\/\/elfsight.com\/pt\/instagram-feed-instashow\/google-sites\/\" \/>\n<meta property=\"og:site_name\" content=\"Elfsight PT\" \/>\n<meta property=\"article:modified_time\" content=\"2025-01-23T16:26:57+00:00\" \/>\n<meta name=\"twitter:card\" content=\"summary_large_image\" \/>\n<meta name=\"twitter:label1\" content=\"Tempo estimado de leitura\" \/>\n\t<meta name=\"twitter:data1\" content=\"4 minutos\" \/>\n<!-- \/ Yoast SEO plugin. -->","yoast_head_json":{"title":"Incorpore o feed do Instagram no Google Sites - adicione o feed do Instagram em 2 minutos!","description":"Implemente um plug-in responsivo de feed do Instagram em seu site do Google Sites e obtenha total confian\u00e7a. Utilize a demonstra\u00e7\u00e3o da Elfsight para criar seu recurso exclusivo.","robots":{"index":"index","follow":"follow","max-snippet":"max-snippet:-1","max-image-preview":"max-image-preview:large","max-video-preview":"max-video-preview:-1"},"canonical":"https:\/\/elfsight.com\/pt\/instagram-feed-instashow\/google-sites\/","og_locale":"pt_PT","og_type":"article","og_title":"Incorpore o feed do Instagram no Google Sites - adicione o feed do Instagram em 2 minutos!","og_description":"Implemente um plug-in responsivo de feed do Instagram em seu site do Google Sites e obtenha total confian\u00e7a. Utilize a demonstra\u00e7\u00e3o da Elfsight para criar seu recurso exclusivo.","og_url":"https:\/\/elfsight.com\/pt\/instagram-feed-instashow\/google-sites\/","og_site_name":"Elfsight PT","article_modified_time":"2025-01-23T16:26:57+00:00","twitter_card":"summary_large_image","twitter_misc":{"Tempo estimado de leitura":"4 minutos"},"schema":{"@context":"https:\/\/schema.org","@graph":[{"@type":"WebPage","@id":"https:\/\/elfsight.com\/pt\/instagram-feed-instashow\/google-sites\/","url":"https:\/\/elfsight.com\/pt\/instagram-feed-instashow\/google-sites\/","name":"Incorpore o feed do Instagram no Google Sites - adicione o feed do Instagram em 2 minutos!","isPartOf":{"@id":"https:\/\/elfsight.com\/pt\/#website"},"datePublished":"2024-05-03T06:39:25+00:00","dateModified":"2025-01-23T16:26:57+00:00","description":"Implemente um plug-in responsivo de feed do Instagram em seu site do Google Sites e obtenha total confian\u00e7a. Utilize a demonstra\u00e7\u00e3o da Elfsight para criar seu recurso exclusivo.","breadcrumb":{"@id":"https:\/\/elfsight.com\/pt\/instagram-feed-instashow\/google-sites\/#breadcrumb"},"inLanguage":"pt-PT","potentialAction":[{"@type":"ReadAction","target":["https:\/\/elfsight.com\/pt\/instagram-feed-instashow\/google-sites\/"]}]},{"@type":"BreadcrumbList","@id":"https:\/\/elfsight.com\/pt\/instagram-feed-instashow\/google-sites\/#breadcrumb","itemListElement":[{"@type":"ListItem","position":1,"name":"Home","item":"https:\/\/elfsight.com\/pt\/"},{"@type":"ListItem","position":2,"name":"Instagram Feed","item":"https:\/\/elfsight.com\/pt\/instagram-feed-instashow\/"},{"@type":"ListItem","position":3,"name":"Instagram Feed &#8211; Google Sites"}]},{"@type":"WebSite","@id":"https:\/\/elfsight.com\/pt\/#website","url":"https:\/\/elfsight.com\/pt\/","name":"Elfsight PT","description":"Just another Elfsight Sites site","potentialAction":[{"@type":"SearchAction","target":{"@type":"EntryPoint","urlTemplate":"https:\/\/elfsight.com\/pt\/?s={search_term_string}"},"query-input":{"@type":"PropertyValueSpecification","valueRequired":true,"valueName":"search_term_string"}}],"inLanguage":"pt-PT"}]}},"meta_box":{"industry":"","seo_heading":"","heading":"","description":"","cta_heading":"","cta_description":"","application":"480","h1":"Widget de feed do Instagram do Google Sites","h1_caption":"Demonstre postagens, imagens e conte\u00fado de v\u00eddeo do Instagram para envolver os visitantes do site","application_category":[],"applications_title":"","applications_request_title":"","applications_request_button_text":"","hero_text":"","hero_video":"","hero_video_schema_markup":"","selling_points_title":"","selling_points_caption":"","selling_points":[],"selling_points_cta_text":"","features_title":"","features":"","ed_cta_examples_text":"","ed_cta_examples_hidden":"","ed_cta_demo_text":"","ed_cta_demo_hidden":"","why_caption":"","why_editor_title":"","why_editor_text":"","why_team_title":"","why_team_text":"","why_service_title":"","why_service_text":"","template_catalog_visible":"0","template_catalog_title":"","template_catalog_text":"","template_catalog_categories_visible":"","demo_title":"Crie seu widget de feed do Instagram","demo_caption":"Configure seu feed do Instagram e adicione-o ao seu site do Google Sites gratuitamente!","default_faq_hidden":"","app_template_category":[],"platform":"112","template_public_id":"","codecanyon_url":"","codecanyon_item_id":"","codecanyon_price":"","pricing_caption":"","pricing_elfsight_apps_hide_column":"","pricing_elfsight_apps_url":"","pricing_codecanyon_price_caption":"","integration_category":[],"integration_request_title":"","integration_request_cta":"","integration_platform":"","integrations":[],"platform_category":[],"video_schema_markup":"","price":"a partir de US$ 0\/m\u00eas","trial":"","benefits":[{"text":"Assist\u00eancia de instala\u00e7\u00e3o gratuita"},{"text":"Suporte premium"},{"text":"Garantia de devolu\u00e7\u00e3o do dinheiro em 14 dias"},{"text":"Atualiza\u00e7\u00f5es gratuitas cont\u00ednuas"}],"button_url":"#demo","button_target_blank":"0","button_nofollow":"0","attributes":[{"name":"Instala\u00e7\u00f5es","content":"100,000 - 500,000","_state":"expanded"},{"name":"Responsivo","content":"Sim","_state":"expanded"},{"name":"Navegadores compat\u00edveis","content":"Firefox, Edge, Safari, Chrome, Opera"}],"tags":[],"tags_disable_links":"0","hide_more_platforms":"","video_object":"","demo_hide_cta":"0","demo_hide_cloud_options":"0","pricing_title":"","pricing":[{"pricing_icon":"cloud","pricing_title":"Elfsight Apps","pricing_title_caption":"Vers\u00e3o multiplataforma que funciona em qualquer site","pricing_price":"a partir de US$ 0\/m\u00eas","pricing_price_caption":"comece com plano gratuito","pricing_benefits":[{"text":"Dom\u00ednios ilimitados"},{"text":"Suporte r\u00e1pido"},{"text":"Suporte r\u00e1pido"},{"text":"Oferta especial para v\u00e1rios aplicativos"}],"pricing_button_text":"Adicionar ao site","pricing_button_url":"#demo","_state":"expanded"}],"related_apps_title":"","related_apps_hidden":"1","author":"","image":[],"title":"","job":"","social_networks":[]},"_links":{"self":[{"href":"https:\/\/elfsight.com\/pt\/wp-json\/wp\/v2\/pages\/4298","targetHints":{"allow":["GET"]}}],"collection":[{"href":"https:\/\/elfsight.com\/pt\/wp-json\/wp\/v2\/pages"}],"about":[{"href":"https:\/\/elfsight.com\/pt\/wp-json\/wp\/v2\/types\/page"}],"author":[{"embeddable":true,"href":"https:\/\/elfsight.com\/pt\/wp-json\/wp\/v2\/users\/9"}],"replies":[{"embeddable":true,"href":"https:\/\/elfsight.com\/pt\/wp-json\/wp\/v2\/comments?post=4298"}],"version-history":[{"count":3,"href":"https:\/\/elfsight.com\/pt\/wp-json\/wp\/v2\/pages\/4298\/revisions"}],"predecessor-version":[{"id":13632,"href":"https:\/\/elfsight.com\/pt\/wp-json\/wp\/v2\/pages\/4298\/revisions\/13632"}],"up":[{"embeddable":true,"href":"https:\/\/elfsight.com\/pt\/wp-json\/wp\/v2\/pages\/481"}],"wp:attachment":[{"href":"https:\/\/elfsight.com\/pt\/wp-json\/wp\/v2\/media?parent=4298"}],"curies":[{"name":"wp","href":"https:\/\/api.w.org\/{rel}","templated":true}]}}