{"id":4291,"date":"2024-05-03T06:41:02","date_gmt":"2024-05-03T06:41:02","guid":{"rendered":"https:\/\/elfsight.com\/pt\/?page_id=4291"},"modified":"2024-11-13T11:44:52","modified_gmt":"2024-11-13T11:44:52","slug":"squarespace","status":"publish","type":"page","link":"https:\/\/elfsight.com\/pt\/logo-showcase-widget\/squarespace\/","title":{"rendered":"Logo Showcase &#8211; Squarespace"},"content":{"rendered":"<div class=\"application-platform-content-item-description application-platform-content-item\" id=\"description\" data-nav-section=\"description\"><h2>Incorpore o Logo Showcase no Squarespace com o widget Elfsight<\/h2> <p>O Elfsight Logo Showcase \u00e9 a forma mais descomplicada de demonstrar os interesses dos seus parceiros e logotipos de patrocinadores ou suas men\u00e7\u00f5es \u00e0 imprensa no site. Com a ajuda do widget Elfsight, voc\u00ea prova que \u00e9 um companheiro confi\u00e1vel e apoia uma boa vis\u00e3o do seu neg\u00f3cio. O widget permite adicionar qualquer n\u00famero de logotipos, organiz\u00e1-los em um carrossel ou grade e ajustar o tamanho das imagens. Voc\u00ea pode mostrar legendas e links para o site das empresas. Variando as configura\u00e7\u00f5es de cores e fontes, voc\u00ea obter\u00e1 uma interface personalizada. <\/p><p><b>Melhore a credibilidade do seu neg\u00f3cio.<\/b><\/p><\/div><div class=\"application-platform-content-item-features application-platform-content-item\" id=\"features\" data-nav-section=\"features\"><h2>Principais recursos do widget Logo Showcase<\/h2> <p>Confira uma lista de todos os recursos do Logo Showcase. Voc\u00ea pode ajust\u00e1-los diretamente no editor e eles o ajudar\u00e3o a moldar o widget adequado ao seu caso. <\/p><ul><li>Voc\u00ea pode vincular cada logotipo a qualquer p\u00e1gina da web; <\/li><li>Cabe\u00e7alho altern\u00e1vel com t\u00edtulo e texto com op\u00e7\u00f5es de formata\u00e7\u00e3o; <\/li><li>O bot\u00e3o CTA pode ser conectado a qualquer p\u00e1gina; <\/li><li>3 layouts de widget balanceados: Slider, Grid e Carousel; <\/li><li>Uma op\u00e7\u00e3o para definir o tamanho do logotipo e a largura do widget; <\/li><li> Escolha qualquer cor de fundo ou adicione seu pr\u00f3prio arquivo. <\/li><\/ul><p><a href=\"#demo\">Veja como todos os recursos funcionam em nossa demonstra\u00e7\u00e3o<\/a><\/p><\/div><div class=\"application-platform-content-item-installation application-platform-content-item\" id=\"installation\" data-nav-section=\"installation\"> <h2>Como incorporo o Logo Showcase no meu site do Squarespace?<\/h2><div class=\"video-container\"><iframe width=\"720\" height=\"405\" src=\"https:\/\/www.youtube.com\/embed\/DO7NNHdqL8M\" frameborder=\"0\" allowfullscreen=\"\"><\/iframe><\/div><p>Para ativar o widget, basta seguir as orienta\u00e7\u00f5es abaixo<\/p><ul><li><b> Crie seu plugin de logotipo personalizado<\/b><br>Com a ajuda de nossa demonstra\u00e7\u00e3o gratuita, gere um plugin com composi\u00e7\u00e3o e fun\u00e7\u00f5es preferidas. <\/li><li><b>Copie o c\u00f3digo individual para configurar o plugin<\/b><br>Depois de gerar o seu widget, voc\u00ea receber\u00e1 o c\u00f3digo individual na janela que aparece nos aplicativos Elfsight. Copie o c\u00f3digo para uso posterior. <\/li><li><b>Integrar o plugin em seu site do Squarespace<\/b><br>V\u00e1 para a \u00e1rea onde deseja exibir o plugin e adicione o c\u00f3digo copiado l\u00e1. Salve as edi\u00e7\u00f5es. <\/li><li><b>Conclu\u00eddo! <\/b><br>Visite a loja para verificar seu plugin. <\/li><\/ul><p>Reserve um minuto para falar com o suporte ao cliente da Elfsight quando precisar de conselhos ou tiver algo a perguntar. Nossos especialistas ajudar\u00e3o em todas as d\u00favidas. <\/p><div class=\"faq\" data-component=\"FAQ\"><div class=\"faq-item\">\r\n\t\t\t\t\t<div class=\"faq-item-question\">\r\n\t\t\t\t\t\t<h3 class=\"faq-item-question-text\">De que forma posso adicionar um Logo Showcase ao meu site Squarespace sem conhecimentos de codifica\u00e7\u00e3o?<\/h3>\r\n\r\n\t\t\t\t\t\t<div class=\"faq-item-question-icon\"><\/div>\r\n\t\t\t\t\t<\/div>\r\n\r\n\t\t\t\t\t<div class=\"faq-item-answer\">\r\n\t\t\t\t\t\t<div class=\"faq-item-answer-text\"> <p>A empresa Elfsight apresenta uma solu\u00e7\u00e3o SaaS que permite aos usu\u00e1rios criarem voc\u00ea mesmo uma se\u00e7\u00e3o Logo Showcase , veja como \u00e9 descomplicado: V\u00e1 para a demonstra\u00e7\u00e3o ao vivo para gerar um plugin Logo Showcase que voc\u00ea gostaria de ver no seu site do Squarespace. Escolha um dos muitos modelos pr\u00e9-concebidos e modifique as configura\u00e7\u00f5es do Logo Showcase, adicione seu conte\u00fado, altere o layout e as cores sem qualquer experi\u00eancia de codifica\u00e7\u00e3o. Clique para salvar o Logo Showcase e obter o c\u00f3digo de instala\u00e7\u00e3o que pode ser incorporado em qualquer site do Squarespace gratuitamente. Usando nosso configurador f\u00e1cil de usar, cada usu\u00e1rio da web pode criar um plug-in Logo Showcase on-line e adicion\u00e1-lo ao site do Squarespace. Voc\u00ea n\u00e3o deve pagar ou inserir os dados do seu cart\u00e3o para entrar em nosso servi\u00e7o. Se voc\u00ea encontrar qualquer tipo de problema, fale com nossa equipe de suporte.<\/p> <\/div>\r\n\t\t\t\t\t<\/div>\r\n\t\t\t\t<\/div> <\/div><\/div>","protected":false},"excerpt":{"rendered":"","protected":false},"author":9,"featured_media":0,"parent":983,"menu_order":0,"comment_status":"closed","ping_status":"closed","template":"templates\/template-application-platform.php","meta":{"publish_to_discourse":"","publish_post_category":"","wpdc_auto_publish_overridden":"","wpdc_topic_tags":"","wpdc_pin_topic":"","wpdc_pin_until":"","discourse_post_id":"","discourse_permalink":"","wpdc_publishing_response":"","wpdc_publishing_error":"","footnotes":""},"class_list":["post-4291","page","type-page","status-publish","hentry"],"yoast_head":"<!-- This site is optimized with the Yoast SEO plugin v25.3.1 - https:\/\/yoast.com\/wordpress\/plugins\/seo\/ -->\n<title>Logo Showcase - Adicionar plugin Logo Carousel ao site Squarespace (2025)<\/title>\n<meta name=\"description\" content=\"\u00c9 perfeitamente simples criar seu plugin Logo Showcase e adicion\u00e1-lo ao seu site Squarespace. O atendimento ao cliente da Elfsight \u00e9 gratuito e r\u00e1pido.\" \/>\n<meta name=\"robots\" content=\"index, follow, max-snippet:-1, max-image-preview:large, max-video-preview:-1\" \/>\n<link rel=\"canonical\" href=\"https:\/\/elfsight.com\/pt\/logo-showcase-widget\/squarespace\/\" \/>\n<meta property=\"og:locale\" content=\"pt_PT\" \/>\n<meta property=\"og:type\" content=\"article\" \/>\n<meta property=\"og:title\" content=\"Logo Showcase - Adicionar plugin Logo Carousel ao site Squarespace (2025)\" \/>\n<meta property=\"og:description\" content=\"\u00c9 perfeitamente simples criar seu plugin Logo Showcase e adicion\u00e1-lo ao seu site Squarespace. O atendimento ao cliente da Elfsight \u00e9 gratuito e r\u00e1pido.\" \/>\n<meta property=\"og:url\" content=\"https:\/\/elfsight.com\/pt\/logo-showcase-widget\/squarespace\/\" \/>\n<meta property=\"og:site_name\" content=\"Elfsight PT\" \/>\n<meta property=\"article:modified_time\" content=\"2024-11-13T11:44:52+00:00\" \/>\n<meta name=\"twitter:card\" content=\"summary_large_image\" \/>\n<meta name=\"twitter:label1\" content=\"Tempo estimado de leitura\" \/>\n\t<meta name=\"twitter:data1\" content=\"2 minutos\" \/>\n<!-- \/ Yoast SEO plugin. -->","yoast_head_json":{"title":"Logo Showcase - Adicionar plugin Logo Carousel ao site Squarespace (2025)","description":"\u00c9 perfeitamente simples criar seu plugin Logo Showcase e adicion\u00e1-lo ao seu site Squarespace. O atendimento ao cliente da Elfsight \u00e9 gratuito e r\u00e1pido.","robots":{"index":"index","follow":"follow","max-snippet":"max-snippet:-1","max-image-preview":"max-image-preview:large","max-video-preview":"max-video-preview:-1"},"canonical":"https:\/\/elfsight.com\/pt\/logo-showcase-widget\/squarespace\/","og_locale":"pt_PT","og_type":"article","og_title":"Logo Showcase - Adicionar plugin Logo Carousel ao site Squarespace (2025)","og_description":"\u00c9 perfeitamente simples criar seu plugin Logo Showcase e adicion\u00e1-lo ao seu site Squarespace. O atendimento ao cliente da Elfsight \u00e9 gratuito e r\u00e1pido.","og_url":"https:\/\/elfsight.com\/pt\/logo-showcase-widget\/squarespace\/","og_site_name":"Elfsight PT","article_modified_time":"2024-11-13T11:44:52+00:00","twitter_card":"summary_large_image","twitter_misc":{"Tempo estimado de leitura":"2 minutos"},"schema":{"@context":"https:\/\/schema.org","@graph":[{"@type":"WebPage","@id":"https:\/\/elfsight.com\/pt\/logo-showcase-widget\/squarespace\/","url":"https:\/\/elfsight.com\/pt\/logo-showcase-widget\/squarespace\/","name":"Logo Showcase - Adicionar plugin Logo Carousel ao site Squarespace (2025)","isPartOf":{"@id":"https:\/\/elfsight.com\/pt\/#website"},"datePublished":"2024-05-03T06:41:02+00:00","dateModified":"2024-11-13T11:44:52+00:00","description":"\u00c9 perfeitamente simples criar seu plugin Logo Showcase e adicion\u00e1-lo ao seu site Squarespace. O atendimento ao cliente da Elfsight \u00e9 gratuito e r\u00e1pido.","breadcrumb":{"@id":"https:\/\/elfsight.com\/pt\/logo-showcase-widget\/squarespace\/#breadcrumb"},"inLanguage":"pt-PT","potentialAction":[{"@type":"ReadAction","target":["https:\/\/elfsight.com\/pt\/logo-showcase-widget\/squarespace\/"]}]},{"@type":"BreadcrumbList","@id":"https:\/\/elfsight.com\/pt\/logo-showcase-widget\/squarespace\/#breadcrumb","itemListElement":[{"@type":"ListItem","position":1,"name":"Home","item":"https:\/\/elfsight.com\/pt\/"},{"@type":"ListItem","position":2,"name":"Logo Showcase","item":"https:\/\/elfsight.com\/pt\/logo-showcase-widget\/"},{"@type":"ListItem","position":3,"name":"Logo Showcase &#8211; Squarespace"}]},{"@type":"WebSite","@id":"https:\/\/elfsight.com\/pt\/#website","url":"https:\/\/elfsight.com\/pt\/","name":"Elfsight PT","description":"Just another Elfsight Sites site","potentialAction":[{"@type":"SearchAction","target":{"@type":"EntryPoint","urlTemplate":"https:\/\/elfsight.com\/pt\/?s={search_term_string}"},"query-input":{"@type":"PropertyValueSpecification","valueRequired":true,"valueName":"search_term_string"}}],"inLanguage":"pt-PT"}]}},"meta_box":{"industry":"","seo_heading":"","heading":"","description":"","cta_heading":"","cta_description":"","application":"982","h1":"Vitrine do logotipo do Squarespace","h1_caption":"Vanglorie-se dos emblemas de clientes ou parceiros em seu site para alcan\u00e7ar um n\u00edvel mais alto de confian\u00e7a","application_category":[],"applications_title":"","applications_request_title":"","applications_request_button_text":"","hero_text":"","hero_video":"","hero_video_schema_markup":"","selling_points_title":"","selling_points_caption":"","selling_points":[],"selling_points_cta_text":"","features_title":"","features":"","ed_cta_examples_text":"","ed_cta_examples_hidden":"","ed_cta_demo_text":"","ed_cta_demo_hidden":"","why_caption":"","why_editor_title":"","why_editor_text":"","why_team_title":"","why_team_text":"","why_service_title":"","why_service_text":"","template_catalog_visible":"","template_catalog_title":"","template_catalog_text":"","template_catalog_categories_visible":"","demo_title":"Crie seu plugin Logo Showcase","demo_caption":"Configure seu Logo Showcase e adicione-o ao seu site do Squarespace gratuitamente!","default_faq_hidden":"","app_template_category":[],"platform":"67","template_public_id":"","codecanyon_url":"","codecanyon_item_id":"","codecanyon_price":"","pricing_caption":"","pricing_elfsight_apps_hide_column":"","pricing_elfsight_apps_url":"","pricing_codecanyon_price_caption":"","integration_category":[],"integration_request_title":"","integration_request_cta":"","integration_platform":"","integrations":[],"platform_category":[],"video_schema_markup":"","price":"a partir de US$ 0\/m\u00eas","trial":"","benefits":[{"text":"Assist\u00eancia de instala\u00e7\u00e3o gratuita"},{"text":"Atendimento ao cliente profissional"},{"text":"Garantia de reembolso de 14 dias"},{"text":"Atualiza\u00e7\u00f5es gratuitas regulares"}],"button_url":"#demo","button_target_blank":"0","button_nofollow":"0","attributes":[{"name":"Instala\u00e7\u00f5es","content":"10,000 - 100,000","_state":"expanded"},{"name":"Responsivo","content":"Sim","_state":"expanded"},{"name":"Navegadores compat\u00edveis","content":"Firefox, Safari, Opera, Chrome, Edge"}],"tags":[],"tags_disable_links":"0","hide_more_platforms":"","video_object":"","demo_hide_cta":"0","demo_hide_cloud_options":"0","pricing_title":"","pricing":[{"pricing_icon":"platform","pricing_title":"Elfsight Apps","pricing_title_caption":"Software multiplataforma que funciona em qualquer site","pricing_price":"a partir de US$ 0\/m\u00eas","pricing_price_caption":"comece com um plano gratuito","pricing_benefits":[{"text":"Dom\u00ednios ilimitados"},{"text":"Suporte premium, pontual e bem documentado"},{"text":"Suporte premium, pontual e bem documentado"},{"text":"Design flex\u00edvel"}],"pricing_button_text":"Adicionar ao site","pricing_button_url":"#demo","_state":"expanded"}],"related_apps_title":"","related_apps_hidden":"1","author":"","image":[],"title":"","job":"","social_networks":[]},"_links":{"self":[{"href":"https:\/\/elfsight.com\/pt\/wp-json\/wp\/v2\/pages\/4291","targetHints":{"allow":["GET"]}}],"collection":[{"href":"https:\/\/elfsight.com\/pt\/wp-json\/wp\/v2\/pages"}],"about":[{"href":"https:\/\/elfsight.com\/pt\/wp-json\/wp\/v2\/types\/page"}],"author":[{"embeddable":true,"href":"https:\/\/elfsight.com\/pt\/wp-json\/wp\/v2\/users\/9"}],"replies":[{"embeddable":true,"href":"https:\/\/elfsight.com\/pt\/wp-json\/wp\/v2\/comments?post=4291"}],"version-history":[{"count":2,"href":"https:\/\/elfsight.com\/pt\/wp-json\/wp\/v2\/pages\/4291\/revisions"}],"predecessor-version":[{"id":11984,"href":"https:\/\/elfsight.com\/pt\/wp-json\/wp\/v2\/pages\/4291\/revisions\/11984"}],"up":[{"embeddable":true,"href":"https:\/\/elfsight.com\/pt\/wp-json\/wp\/v2\/pages\/983"}],"wp:attachment":[{"href":"https:\/\/elfsight.com\/pt\/wp-json\/wp\/v2\/media?parent=4291"}],"curies":[{"name":"wp","href":"https:\/\/api.w.org\/{rel}","templated":true}]}}