{"id":4290,"date":"2024-05-03T06:39:24","date_gmt":"2024-05-03T06:39:24","guid":{"rendered":"https:\/\/elfsight.com\/pt\/?page_id=4290"},"modified":"2025-01-21T10:48:45","modified_gmt":"2025-01-21T10:48:45","slug":"godaddy","status":"publish","type":"page","link":"https:\/\/elfsight.com\/pt\/instagram-feed-instashow\/godaddy\/","title":{"rendered":"Instagram Feed &#8211; GoDaddy"},"content":{"rendered":"\n<div class=\"application-platform-content-item-description application-platform-content-item\" id=\"description\" data-nav-section=\"description\"> <h2>Incorpore o Instagram no GoDaddy com o widget Elfsight<\/h2> <p>O Elfsight Instagram Feed \u00e9 uma solu\u00e7\u00e3o f\u00e1cil para incorpora\u00e7\u00e3o, que permite exibir fotos do Instagram direto no seu site e aplique amplas op\u00e7\u00f5es de personaliza\u00e7\u00e3o. Use fotos de diversas fontes do Instagram e aplique filtros para exibir o conte\u00fado mais atraente. Voc\u00ea pode influenciar o que os visitantes do seu site ver\u00e3o, quer voc\u00ea promova produtos ou conte-lhes sobre eventos. Voc\u00ea \u00e9 livre para variar o layout das fotos na p\u00e1gina e escolher entre os modelos de postagem, bem como escolher um esquema de cores ou pintar os elementos a seu gosto. Crie o plug-in que atrair\u00e1 usu\u00e1rios com seu design elegante e prender\u00e1 sua aten\u00e7\u00e3o com conte\u00fado cuidadosamente selecionado.<\/p> <p><b>Ao incorporar o widget do Instagram em seu site, voc\u00ea pode aumentar o envolvimento dos visitantes em seu site com GoDaddy Feed do Instagram.<\/b><\/p><div class=\"faq\" data-component=\"FAQ\"><div class=\"faq-item\">\r\n\t\t\t\t\t<div class=\"faq-item-question\">\r\n\t\t\t\t\t\t<h3 class=\"faq-item-question-text\">Posso testar o widget Feed do Instagram em a\u00e7\u00e3o?<\/h3>\r\n\r\n\t\t\t\t\t\t<div class=\"faq-item-question-icon\"><\/div>\r\n\t\t\t\t\t<\/div>\r\n\r\n\t\t\t\t\t<div class=\"faq-item-answer\">\r\n\t\t\t\t\t\t<div class=\"faq-item-answer-text\"> <p>Sim, voc\u00ea pode! \u00c9 gratuito, n\u00e3o requer conhecimentos de programa\u00e7\u00e3o e nem mesmo registro. Voc\u00ea pode ver como criar o widget em nossa <a href=\"#demo\">demonstra\u00e7\u00e3o<\/a> visual interativa. A melhor coisa \u00e9 que voc\u00ea pode adicionar o feed do Instagram a um site GoDaddy logo ap\u00f3s cri\u00e1-lo gratuitamente! Teste seu funcionamento e apar\u00eancia diretamente em seu pr\u00f3prio site.<\/p><\/div>\r\n\t\t\t\t\t<\/div>\r\n\t\t\t\t<\/div><div class=\"faq-item\">\r\n\t\t\t\t\t<div class=\"faq-item-question\">\r\n\t\t\t\t\t\t<h3 class=\"faq-item-question-text\">Existe uma op\u00e7\u00e3o para adicionar feed do Instagram \u00e0 minha p\u00e1gina GoDaddy sem nenhum conhecimento de codifica\u00e7\u00e3o?<\/h3>\r\n\r\n\t\t\t\t\t\t<div class=\"faq-item-question-icon\"><\/div>\r\n\t\t\t\t\t<\/div>\r\n\r\n\t\t\t\t\t<div class=\"faq-item-answer\">\r\n\t\t\t\t\t\t<div class=\"faq-item-answer-text\"><p>A empresa Elfsight fornece uma solu\u00e7\u00e3o SaaS que permite que um grande p\u00fablico crie voc\u00ea mesmo um plugin de feed do Instagram. Veja como o processo \u00e9 f\u00e1cil: <\/p><ul><li>Trabalhe diretamente no Editor ao vivo para criar uma se\u00e7\u00e3o de feed do Instagram que voc\u00ea usaria. gostaria de ver na p\u00e1gina da GoDaddy.<\/li><li>Escolha um dos modelos prontos e adapte as configura\u00e7\u00f5es do feed do Instagram, transforme o layout e a cor dos elementos, atualize seu conte\u00fado sem nenhuma habilidade de codifica\u00e7\u00e3o.<\/li> <li>Salve o feed do Instagram e obtenha o c\u00f3digo de instala\u00e7\u00e3o, que voc\u00ea pode colar facilmente em qualquer site GoDaddy gratuitamente. <\/li><\/ul><p>Com nosso editor f\u00e1cil de usar, qualquer usu\u00e1rio da web pode gerar feed do Instagram e simplesmente inclu\u00ed-lo em seu site GoDaddy. N\u00e3o h\u00e1 necessidade de fazer assinatura paga ou divulgar os dados do seu cart\u00e3o para acessar o servi\u00e7o. Se voc\u00ea enfrentar algum obst\u00e1culo em qualquer etapa, n\u00e3o hesite em entrar em contato com nossa equipe de suporte t\u00e9cnico.<\/p><\/div>\r\n\t\t\t\t\t<\/div>\r\n\t\t\t\t<\/div><div class=\"faq-item\">\r\n\t\t\t\t\t<div class=\"faq-item-question\">\r\n\t\t\t\t\t\t<h3 class=\"faq-item-question-text\">Como incorporar o feed do Instagram gratuitamente no GoDaddy?<\/h3>\r\n\r\n\t\t\t\t\t\t<div class=\"faq-item-question-icon\"><\/div>\r\n\t\t\t\t\t<\/div>\r\n\r\n\t\t\t\t\t<div class=\"faq-item-answer\">\r\n\t\t\t\t\t\t<div class=\"faq-item-answer-text\"><ol><p> Implementar um feed do Instagram no seu site \u00e9 uma excelente abordagem para destacar suas postagens mais recentes e prender a aten\u00e7\u00e3o dos visitantes.<\/p><ol><li>Para incorporar um Elfsight <a href=\"https:\/\/elfsight.com\/blog\/how-to-embed-instagram-feed-on-website\/\">Feed do Instagram<\/a> gratuitamente no GoDaddy, acesse o site da Elfsight e crie uma conta gratuita.<\/li><li> Aproveite o widget gratuito do Instagram ajustando sua apar\u00eancia e configura\u00e7\u00f5es para combinar perfeitamente com o layout do seu site GoDaddy.<\/li><li>Depois de configurar seu feed do Instagram gratuitamente, copie o c\u00f3digo de incorpora\u00e7\u00e3o exclusivo e cole-o no HTML do seu site GoDaddy onde voc\u00ea deseja que o feed seja apresentado.<\/li><\/ol><p>Com seu site GoDaddy agora apresentando seu feed do Instagram, voc\u00ea n\u00e3o apenas aumentar\u00e1 seu charme visual, mas tamb\u00e9m garantir\u00e1 o envolvimento cont\u00ednuo dos visitantes . Transforme seu site em uma plataforma visual interativa com esta solu\u00e7\u00e3o Instagram incorporada. Delicie-se com as recompensas do widget Instagram da Elfsight sem gastar um centavo!<\/p><\/ol><\/div>\r\n\t\t\t\t\t<\/div>\r\n\t\t\t\t<\/div><\/div><\/div> <div class=\"application-platform-content-item-features application-platform-content-item\" id=\"features\" data-nav-section=\"features\"> <h2>Principais recursos do Instagram Feed widget<\/h2><p>Oferecemos mais do que apenas um bloco incorporado do Instagram. Existem tamb\u00e9m configura\u00e7\u00f5es e op\u00e7\u00f5es flex\u00edveis para ajustar. O plugin oferece recursos valiosos e f\u00e1ceis, veja alguns deles: <\/p> <ul><li>T\u00edtulo do feed ajust\u00e1vel<\/li><li>Cores personaliz\u00e1veis \u200b\u200bpara postagens, controle deslizante, grade e pop-up<\/li><li>Op\u00e7\u00e3o de otimiza\u00e7\u00e3o para dispositivos m\u00f3veis<\/li><li>13 esquemas de cores prontos para uso<\/li><li>Diversas configura\u00e7\u00f5es de postagem com elementos de postagem e elementos pop-up<\/li><\/ul><p><a href=\"#demo\">Voc\u00ea pode testar como o plugin funciona usando a demonstra\u00e7\u00e3o<\/a><\/p><p>Com o widget Instagram para GoDaddy, voc\u00ea pode melhorar o desempenho do seu site sem programa\u00e7\u00e3o. Por exemplo, voc\u00ea tem a oportunidade de aumentar o n\u00famero de assinantes no Instagram e maximizar o tempo gasto em um site.<\/p><\/div> <div class=\"application-platform-content-item-installation application-platform-content-item\" id=\"installation\" data-nav-section=\"installation\"> <h2>Como incorporar o feed do Instagram no meu GoDaddy local na rede Internet? <\/h2> <p>N\u00e3o s\u00e3o necess\u00e1rias habilidades de codifica\u00e7\u00e3o. Basta seguir as orienta\u00e7\u00f5es abaixo para come\u00e7ar a usar o plugin. Eles s\u00e3o claros e as etapas n\u00e3o levar\u00e3o muito tempo para incorporar o widget.<\/p> <ol><li><b>Gerencie nossa demonstra\u00e7\u00e3o gratuita e comece a criar seu pr\u00f3prio plugin. <\/b><br> Determine o layout e as caracter\u00edsticas preferenciais da ferramenta e salve as edi\u00e7\u00f5es. <\/li> <li><b>Receba o seu c\u00f3digo pessoal mostrado na caixa nas aplica\u00e7\u00f5es Elfsight. <\/b><br> Ap\u00f3s a configura\u00e7\u00e3o da sua ferramenta pessoal, copie o c\u00f3digo exclusivo no pop-up que surgir e guarde-o para futuras necessidades. <\/li> <li><b>Comece a usar o plugin na p\u00e1gina da GoDaddy. <\/b><br> Implemente o c\u00f3digo copiado anteriormente em sua p\u00e1gina da web e aplique as edi\u00e7\u00f5es. <\/li> <li><b>Conclu\u00eddo! A incorpora\u00e7\u00e3o \u00e9 totalmente executada. <\/b><br> Acesse sua p\u00e1gina para observar o funcionamento da ferramenta. <\/li><\/ol> <p>Supondo que voc\u00ea enfrente alguma dificuldade ao adicionar o Instagram ao GoDaddy, entre em contato com nossa equipe de atendimento ao cliente. Teremos o maior prazer em resolver todas as d\u00favidas que voc\u00ea possa ter com a solu\u00e7\u00e3o Instagram. A Elfsight garante que qualquer pessoa pode incorporar o widget no seu site, independentemente da plataforma CMS que utiliza. Al\u00e9m disso, podemos orient\u00e1-lo no ajuste do widget do Instagram, para que ele mostre o seu melhor.<\/p> <p>Desejamos a voc\u00ea uma experi\u00eancia agrad\u00e1vel ao incorporar e usar nosso desenvolvimento sem c\u00f3digo.<\/p><\/div>\n","protected":false},"excerpt":{"rendered":"","protected":false},"author":9,"featured_media":0,"parent":481,"menu_order":0,"comment_status":"closed","ping_status":"closed","template":"templates\/template-application-platform.php","meta":{"publish_to_discourse":"","publish_post_category":"","wpdc_auto_publish_overridden":"","wpdc_topic_tags":"","wpdc_pin_topic":"","wpdc_pin_until":"","discourse_post_id":"","discourse_permalink":"","wpdc_publishing_response":"","wpdc_publishing_error":"","footnotes":""},"class_list":["post-4290","page","type-page","status-publish","hentry"],"yoast_head":"<!-- This site is optimized with the Yoast SEO plugin v25.3.1 - https:\/\/yoast.com\/wordpress\/plugins\/seo\/ -->\n<title>Feed do Instagram GoDaddy - Adicionar Instagram ao GoDaddy [2026]<\/title>\n<meta name=\"description\" content=\"Torne o seu site ainda mais atraente e atraente com o plugin Elfsight Instagram Feed para GoDaddy!\" \/>\n<meta name=\"robots\" content=\"index, follow, max-snippet:-1, max-image-preview:large, max-video-preview:-1\" \/>\n<link rel=\"canonical\" href=\"https:\/\/elfsight.com\/pt\/instagram-feed-instashow\/godaddy\/\" \/>\n<meta property=\"og:locale\" content=\"pt_PT\" \/>\n<meta property=\"og:type\" content=\"article\" \/>\n<meta property=\"og:title\" content=\"Feed do Instagram GoDaddy - Adicionar Instagram ao GoDaddy [2026]\" \/>\n<meta property=\"og:description\" content=\"Torne o seu site ainda mais atraente e atraente com o plugin Elfsight Instagram Feed para GoDaddy!\" \/>\n<meta property=\"og:url\" content=\"https:\/\/elfsight.com\/pt\/instagram-feed-instashow\/godaddy\/\" \/>\n<meta property=\"og:site_name\" content=\"Elfsight PT\" \/>\n<meta property=\"article:modified_time\" content=\"2025-01-21T10:48:45+00:00\" \/>\n<meta name=\"twitter:card\" content=\"summary_large_image\" \/>\n<meta name=\"twitter:label1\" content=\"Tempo estimado de leitura\" \/>\n\t<meta name=\"twitter:data1\" content=\"5 minutos\" \/>\n<!-- \/ Yoast SEO plugin. -->","yoast_head_json":{"title":"Feed do Instagram GoDaddy - Adicionar Instagram ao GoDaddy [2026]","description":"Torne o seu site ainda mais atraente e atraente com o plugin Elfsight Instagram Feed para GoDaddy!","robots":{"index":"index","follow":"follow","max-snippet":"max-snippet:-1","max-image-preview":"max-image-preview:large","max-video-preview":"max-video-preview:-1"},"canonical":"https:\/\/elfsight.com\/pt\/instagram-feed-instashow\/godaddy\/","og_locale":"pt_PT","og_type":"article","og_title":"Feed do Instagram GoDaddy - Adicionar Instagram ao GoDaddy [2026]","og_description":"Torne o seu site ainda mais atraente e atraente com o plugin Elfsight Instagram Feed para GoDaddy!","og_url":"https:\/\/elfsight.com\/pt\/instagram-feed-instashow\/godaddy\/","og_site_name":"Elfsight PT","article_modified_time":"2025-01-21T10:48:45+00:00","twitter_card":"summary_large_image","twitter_misc":{"Tempo estimado de leitura":"5 minutos"},"schema":{"@context":"https:\/\/schema.org","@graph":[{"@type":"WebPage","@id":"https:\/\/elfsight.com\/pt\/instagram-feed-instashow\/godaddy\/","url":"https:\/\/elfsight.com\/pt\/instagram-feed-instashow\/godaddy\/","name":"Feed do Instagram GoDaddy - Adicionar Instagram ao GoDaddy [2026]","isPartOf":{"@id":"https:\/\/elfsight.com\/pt\/#website"},"datePublished":"2024-05-03T06:39:24+00:00","dateModified":"2025-01-21T10:48:45+00:00","description":"Torne o seu site ainda mais atraente e atraente com o plugin Elfsight Instagram Feed para GoDaddy!","breadcrumb":{"@id":"https:\/\/elfsight.com\/pt\/instagram-feed-instashow\/godaddy\/#breadcrumb"},"inLanguage":"pt-PT","potentialAction":[{"@type":"ReadAction","target":["https:\/\/elfsight.com\/pt\/instagram-feed-instashow\/godaddy\/"]}]},{"@type":"BreadcrumbList","@id":"https:\/\/elfsight.com\/pt\/instagram-feed-instashow\/godaddy\/#breadcrumb","itemListElement":[{"@type":"ListItem","position":1,"name":"Home","item":"https:\/\/elfsight.com\/pt\/"},{"@type":"ListItem","position":2,"name":"Instagram Feed","item":"https:\/\/elfsight.com\/pt\/instagram-feed-instashow\/"},{"@type":"ListItem","position":3,"name":"Instagram Feed &#8211; GoDaddy"}]},{"@type":"WebSite","@id":"https:\/\/elfsight.com\/pt\/#website","url":"https:\/\/elfsight.com\/pt\/","name":"Elfsight PT","description":"Just another Elfsight Sites site","potentialAction":[{"@type":"SearchAction","target":{"@type":"EntryPoint","urlTemplate":"https:\/\/elfsight.com\/pt\/?s={search_term_string}"},"query-input":{"@type":"PropertyValueSpecification","valueRequired":true,"valueName":"search_term_string"}}],"inLanguage":"pt-PT"}]}},"meta_box":{"industry":"","seo_heading":"","heading":"","description":"","cta_heading":"","cta_description":"","application":"480","h1":"Plug-in de feed do Instagram GoDaddy","h1_caption":"Crie um feed incr\u00edvel com conte\u00fado do Instagram diretamente nas p\u00e1ginas do seu site!","application_category":[],"applications_title":"","applications_request_title":"","applications_request_button_text":"","hero_text":"","hero_video":"","hero_video_schema_markup":"","selling_points_title":"","selling_points_caption":"","selling_points":[],"selling_points_cta_text":"","features_title":"","features":"","ed_cta_examples_text":"","ed_cta_examples_hidden":"","ed_cta_demo_text":"","ed_cta_demo_hidden":"","why_caption":"","why_editor_title":"","why_editor_text":"","why_team_title":"","why_team_text":"","why_service_title":"","why_service_text":"","template_catalog_visible":"0","template_catalog_title":"","template_catalog_text":"","template_catalog_categories_visible":"","demo_title":"Crie seu plugin de feed do Instagram","demo_caption":"Configure seu feed do Instagram e adicione-o ao site GoDaddy gratuitamente!","default_faq_hidden":"","app_template_category":[],"platform":"4908","template_public_id":"","codecanyon_url":"","codecanyon_item_id":"","codecanyon_price":"","pricing_caption":"","pricing_elfsight_apps_hide_column":"","pricing_elfsight_apps_url":"","pricing_codecanyon_price_caption":"","integration_category":[],"integration_request_title":"","integration_request_cta":"","integration_platform":"","integrations":[],"platform_category":[],"video_schema_markup":"","price":"a partir de US$ 0\/m\u00eas","trial":"","benefits":[{"text":"Assist\u00eancia de instala\u00e7\u00e3o gratuita"},{"text":"Suporte premium"},{"text":"Garantia de reembolso de 14 dias"},{"text":"Atualizando constantemente"}],"button_url":"#demo","button_target_blank":"0","button_nofollow":"0","attributes":[{"name":"Instala\u00e7\u00f5es","content":"100,000 - 500,000","_state":"expanded"},{"name":"Responsivo","content":"Sim","_state":"expanded"},{"name":"Navegadores compat\u00edveis","content":"IE11, Firefox, Safari, Opera, Chrome, Edge"}],"tags":[],"tags_disable_links":"0","hide_more_platforms":"","video_object":"","demo_hide_cta":"0","demo_hide_cloud_options":"0","pricing_title":"","pricing":[{"pricing_icon":"platform","pricing_title":"Elfsight Apps","pricing_title_caption":"Solu\u00e7\u00e3o digital multiplataforma","pricing_price":"a partir de US$ 0\/m\u00eas","pricing_price_caption":"comece com plano gratuito","pricing_benefits":[{"text":"Dom\u00ednios ilimitados"},{"text":"Suporte r\u00e1pido e bem documentado"},{"text":"Suporte r\u00e1pido e bem documentado"},{"text":"100% personaliz\u00e1vel"}],"pricing_button_text":"Adicionar ao site","pricing_button_url":"#demo","_state":"expanded"}],"related_apps_title":"","related_apps_hidden":"1","author":"","image":[],"title":"","job":"","social_networks":[]},"_links":{"self":[{"href":"https:\/\/elfsight.com\/pt\/wp-json\/wp\/v2\/pages\/4290","targetHints":{"allow":["GET"]}}],"collection":[{"href":"https:\/\/elfsight.com\/pt\/wp-json\/wp\/v2\/pages"}],"about":[{"href":"https:\/\/elfsight.com\/pt\/wp-json\/wp\/v2\/types\/page"}],"author":[{"embeddable":true,"href":"https:\/\/elfsight.com\/pt\/wp-json\/wp\/v2\/users\/9"}],"replies":[{"embeddable":true,"href":"https:\/\/elfsight.com\/pt\/wp-json\/wp\/v2\/comments?post=4290"}],"version-history":[{"count":3,"href":"https:\/\/elfsight.com\/pt\/wp-json\/wp\/v2\/pages\/4290\/revisions"}],"predecessor-version":[{"id":13633,"href":"https:\/\/elfsight.com\/pt\/wp-json\/wp\/v2\/pages\/4290\/revisions\/13633"}],"up":[{"embeddable":true,"href":"https:\/\/elfsight.com\/pt\/wp-json\/wp\/v2\/pages\/481"}],"wp:attachment":[{"href":"https:\/\/elfsight.com\/pt\/wp-json\/wp\/v2\/media?parent=4290"}],"curies":[{"name":"wp","href":"https:\/\/api.w.org\/{rel}","templated":true}]}}