{"id":4289,"date":"2024-05-03T06:41:19","date_gmt":"2024-05-03T06:41:19","guid":{"rendered":"https:\/\/elfsight.com\/pt\/?page_id=4289"},"modified":"2025-03-06T11:55:22","modified_gmt":"2025-03-06T11:55:22","slug":"squarespace","status":"publish","type":"page","link":"https:\/\/elfsight.com\/pt\/number-counter-widget\/squarespace\/","title":{"rendered":"Number Counter &#8211; Squarespace"},"content":{"rendered":"\n<div class=\"application-platform-content-item-description application-platform-content-item\" id=\"description\" data-nav-section=\"description\"> <h2>Incorpore o contador de n\u00fameros no Squarespace com o widget Elfsight<\/h2> <p>O contador de n\u00fameros \u00e9 um plugin f\u00e1cil de usar para o Squarespace com um ampla gama de op\u00e7\u00f5es. \u00c9 uma \u00f3tima ferramenta para exibir seus espl\u00eandidos \u00edndices de neg\u00f3cios, a quantidade de trabalhos que voc\u00ea realizou at\u00e9 agora e muito mais. O widget \u00e9 extremamente flex\u00edvel. Voc\u00ea \u00e9 livre para construir uma quantidade ilimitada de contadores, comp\u00f4-los em colunas, selecionar \u00edcones de nossa cole\u00e7\u00e3o ou fazer upload de seus personalizados, torn\u00e1-los variados ou de cor s\u00f3lida, juntar t\u00edtulos para esclarecer os n\u00fameros que voc\u00ea est\u00e1 exibindo, recolorir qualquer elemento, escolha a imagem de fundo e isso n\u00e3o \u00e9 tudo. Basta come\u00e7ar a construir seu plugin agora e observar o crescimento das estat\u00edsticas cruciais de seu neg\u00f3cio! <\/p> <p><b>Demonstre suas conquistas brilhantes para seus futuros compradores. Aumente o n\u00famero de vendas e leads bem-sucedidos! <\/b><\/p> <\/div> <div class=\"application-platform-content-item-features application-platform-content-item\" id=\"features\" data-nav-section=\"features\"> <h2>Explore a lista dos recursos mais \u00fateis: <\/h2> <ul><li>Qualquer quantidade de contadores. <\/li><li>Qualquer quantidade de colunas. <\/li><li>Adicione t\u00edtulos, manchetes, prefixos e p\u00f3s-fixos. <\/li><li>Escolha o formato do \u00edcone &#8211; obtenha-o em nossa biblioteca ou carregue o seu personalizado. <\/li><li>Adicionar links. <\/li><\/ul><p><a href=\"#demo\">Experimente esta demonstra\u00e7\u00e3o para ver como funciona<\/a><\/p> <\/div> <div class=\"application-platform-content-item-installation application-platform-content-item\" id=\"installation\" data-nav-section=\"installation\"> <h2>Como posso adicionar o Number Counter ao meu site Squarespace? <\/h2> <div class=\"video-container\"><iframe width=\"720\" height=\"405\" src=\"https:\/\/www.youtube.com\/embed\/MLtgwAXjnTA\" frameborder=\"0\" allowfullscreen=\"\"><\/iframe><\/div><p>Basta seguir v\u00e1rias etapas descritas abaixo para come\u00e7ar a usar o plugin. <\/p> <ol><li><b>Abra nosso configurador gratuito e comece a criar seu plugin personalizado. <\/b><br> Especifique o design selecionado e as especifica\u00e7\u00f5es do plugin e aplique as edi\u00e7\u00f5es. <\/li> <li><b>Obtenha seu c\u00f3digo exclusivo mostrado na caixa dos aplicativos Elfsight. <\/b><br> Assim que a configura\u00e7\u00e3o da sua ferramenta for conclu\u00edda, copie o c\u00f3digo individual no pop-up exibido e salve-o para uso posterior. <\/li> <li><b>Comece a usar o widget na p\u00e1gina inicial do Squarespace. <\/b><br> Implemente o c\u00f3digo copiado recentemente em seu site e salve as corre\u00e7\u00f5es. <\/li> <li><b>A instala\u00e7\u00e3o foi realizada com sucesso. <\/b><br> V\u00e1 para sua p\u00e1gina da web para ver como o plugin est\u00e1 funcionando. <\/li><\/ol> <p>Na condi\u00e7\u00e3o de lidar com d\u00favidas ou enfrentar quaisquer obst\u00e1culos, n\u00e3o hesite em solicitar nossa equipe de atendimento ao cliente. Nossos especialistas est\u00e3o ansiosos para resolver todas as d\u00favidas que voc\u00ea possa ter com o widget. <\/p> <div class=\"faq\" data-component=\"FAQ\"><div class=\"faq-item\">\r\n\t\t\t\t\t<div class=\"faq-item-question\">\r\n\t\t\t\t\t\t<h3 class=\"faq-item-question-text\">Como adicionar o contador num\u00e9rico a uma p\u00e1gina do Squarespace?<\/h3>\r\n\r\n\t\t\t\t\t\t<div class=\"faq-item-question-icon\"><\/div>\r\n\t\t\t\t\t<\/div>\r\n\r\n\t\t\t\t\t<div class=\"faq-item-answer\">\r\n\t\t\t\t\t\t<div class=\"faq-item-answer-text\"><p>Adicionar o plug-in do contador num\u00e9rico ao site leva apenas cerca de um Alguns momentos. Al\u00e9m disso, voc\u00ea n\u00e3o precisa ter nenhum conhecimento de programa\u00e7\u00e3o. <\/p><ol><li>Ajuste o plugin para Squarespace no configurador gratuito. <\/li> <li>Obtenha seu c\u00f3digo de instala\u00e7\u00e3o individual. <\/li> <li>Incorpore o c\u00f3digo no bloco obrigat\u00f3rio do site. <\/li> <li>\u00c9 isso! A configura\u00e7\u00e3o do plugin do contador de n\u00fameros animado no Squarespace est\u00e1 conclu\u00edda! <\/li><\/ol><p>Est\u00e1 tendo problemas ao instalar o plugin no Squarespace ou format\u00e1-lo? Voc\u00ea pode descobrir o guia completo <a href=\"https:\/\/elfsight.com\/tutorials\/how-to-add-number-counter-to-website\/#how-to-add-number-counter-to-squarespace\">nesta p\u00e1gina<\/a>. <\/p><\/div>\r\n\t\t\t\t\t<\/div>\r\n\t\t\t\t<\/div><div class=\"faq-item\">\r\n\t\t\t\t\t<div class=\"faq-item-question\">\r\n\t\t\t\t\t\t<h3 class=\"faq-item-question-text\">Os melhores exemplos de uso da integra\u00e7\u00e3o do contador on-line<\/h3>\r\n\r\n\t\t\t\t\t\t<div class=\"faq-item-question-icon\"><\/div>\r\n\t\t\t\t\t<\/div>\r\n\r\n\t\t\t\t\t<div class=\"faq-item-answer\">\r\n\t\t\t\t\t\t<div class=\"faq-item-answer-text\"><p>Forneceremos a voc\u00ea uma infinidade de op\u00e7\u00f5es de personaliza\u00e7\u00e3o: widgets em tamanho real para adicionar a \u00e1rea de conte\u00fado, widgets flutuantes com recurso de rolagem, layouts de rodap\u00e9 do seu site, se\u00e7\u00e3o principal e todo tipo de possibilidades verticais para barras laterais e menus. <\/p><\/div>\r\n\t\t\t\t\t<\/div>\r\n\t\t\t\t<\/div><div class=\"faq-item\">\r\n\t\t\t\t\t<div class=\"faq-item-question\">\r\n\t\t\t\t\t\t<h3 class=\"faq-item-question-text\">Posso criar um contador de satisfa\u00e7\u00e3o do cliente ou downloads com a ajuda do editor?<\/h3>\r\n\r\n\t\t\t\t\t\t<div class=\"faq-item-question-icon\"><\/div>\r\n\t\t\t\t\t<\/div>\r\n\r\n\t\t\t\t\t<div class=\"faq-item-answer\">\r\n\t\t\t\t\t\t<div class=\"faq-item-answer-text\"><p>Voc\u00ea pode criar modifica\u00e7\u00f5es em qualquer widget. H\u00e1 uma infinidade de layouts dispon\u00edveis no editor, e todos eles podem ser facilmente personalizados do jeito que voc\u00ea deseja. <\/p><\/div>\r\n\t\t\t\t\t<\/div>\r\n\t\t\t\t<\/div><div class=\"faq-item\">\r\n\t\t\t\t\t<div class=\"faq-item-question\">\r\n\t\t\t\t\t\t<h3 class=\"faq-item-question-text\">Existe uma chance de ver como o widget ficar\u00e1 em um site?<\/h3>\r\n\r\n\t\t\t\t\t\t<div class=\"faq-item-question-icon\"><\/div>\r\n\t\t\t\t\t<\/div>\r\n\r\n\t\t\t\t\t<div class=\"faq-item-answer\">\r\n\t\t\t\t\t\t<div class=\"faq-item-answer-text\"><p>Com certeza! No processo de forma\u00e7\u00e3o do plugin de contador do Squarespace no <a href=\"https:\/\/elfsight.com\/number-counter-widget\/#demo\">construtor gratuito ao vivo<\/a>, voc\u00ea considerar\u00e1 todas as altera\u00e7\u00f5es em o certo. O contador de n\u00fameros ser\u00e1 id\u00eantico ao que voc\u00ea ter\u00e1 em um site do Squarespace. <\/p><\/div>\r\n\t\t\t\t\t<\/div>\r\n\t\t\t\t<\/div><div class=\"faq-item\">\r\n\t\t\t\t\t<div class=\"faq-item-question\">\r\n\t\t\t\t\t\t<h3 class=\"faq-item-question-text\">Quais outros widgets s\u00e3o necess\u00e1rios para um site do Squarespace?<\/h3>\r\n\r\n\t\t\t\t\t\t<div class=\"faq-item-question-icon\"><\/div>\r\n\t\t\t\t\t<\/div>\r\n\r\n\t\t\t\t\t<div class=\"faq-item-answer\">\r\n\t\t\t\t\t\t<div class=\"faq-item-answer-text\"><p>O Squarespace \u00e9 pr\u00e1tico para propriet\u00e1rios de blogs. Se um dia voc\u00ea decidir ampliar a funcionalidade do seu site Squarespace, voc\u00ea ser\u00e1 sempre bem-vindo para usar os widgets da Elfsight.<\/p><p><\/p>Por exemplo, temos <a href=\"https:\/\/elfsight.com\/qr-code-widget\/squarespace\/\">QR Code<\/a> para aqueles que desejam colocar informa\u00e7\u00f5es estendidas em seu site em formato abreviado, <a href=\"https:\/\/elfsight.com\/google-reviews-widget\/squarespace\/\">Google Reviews<\/a> &#8211; para compartilhar \u00f3timas avalia\u00e7\u00f5es, <a href=\"https:\/\/elfsight.com\/whatsapp-chat-widget\/squarespace\/\">WhatsApp Chat<\/a> &#8211; para facilitar comunica\u00e7\u00e3o via WhatsApp. Voc\u00ea pode se beneficiar do <a href=\"https:\/\/elfsight.com\/event-calendar-widget\/squarespace\/\">Calend\u00e1rio de eventos<\/a> e do <a href=\"https:\/\/elfsight.com\/countdown-timer-widget\/squarespace\/\">Cron\u00f4metro de contagem regressiva<\/a> e compartilhe detalhes sobre eventos futuros.<p><\/p><\/div>\r\n\t\t\t\t\t<\/div>\r\n\t\t\t\t<\/div><\/div><\/div><!-- \/wp:html - &gt; \/wp:html -->\n","protected":false},"excerpt":{"rendered":"","protected":false},"author":9,"featured_media":0,"parent":1061,"menu_order":0,"comment_status":"closed","ping_status":"closed","template":"templates\/template-application-platform.php","meta":{"publish_to_discourse":"","publish_post_category":"","wpdc_auto_publish_overridden":"","wpdc_topic_tags":"","wpdc_pin_topic":"","wpdc_pin_until":"","discourse_post_id":"","discourse_permalink":"","wpdc_publishing_response":"","wpdc_publishing_error":"","footnotes":""},"class_list":["post-4289","page","type-page","status-publish","hentry"],"yoast_head":"<!-- This site is optimized with the Yoast SEO plugin v25.3.1 - https:\/\/yoast.com\/wordpress\/plugins\/seo\/ -->\n<title>Contador de n\u00fameros Elfsight para sites Squarespace (gratuito e f\u00e1cil)<\/title>\n<meta name=\"description\" content=\"Integre um contador num\u00e9rico ao seu site Squarespace, utilizando nossa demonstra\u00e7\u00e3o ao vivo. Construa seu recurso personalizado com apenas alguns cliques e sem esfor\u00e7o!\" \/>\n<meta name=\"robots\" content=\"index, follow, max-snippet:-1, max-image-preview:large, max-video-preview:-1\" \/>\n<link rel=\"canonical\" href=\"https:\/\/elfsight.com\/pt\/number-counter-widget\/squarespace\/\" \/>\n<meta property=\"og:locale\" content=\"pt_PT\" \/>\n<meta property=\"og:type\" content=\"article\" \/>\n<meta property=\"og:title\" content=\"Contador de n\u00fameros Elfsight para sites Squarespace (gratuito e f\u00e1cil)\" \/>\n<meta property=\"og:description\" content=\"Integre um contador num\u00e9rico ao seu site Squarespace, utilizando nossa demonstra\u00e7\u00e3o ao vivo. Construa seu recurso personalizado com apenas alguns cliques e sem esfor\u00e7o!\" \/>\n<meta property=\"og:url\" content=\"https:\/\/elfsight.com\/pt\/number-counter-widget\/squarespace\/\" \/>\n<meta property=\"og:site_name\" content=\"Elfsight PT\" \/>\n<meta property=\"article:modified_time\" content=\"2025-03-06T11:55:22+00:00\" \/>\n<meta name=\"twitter:card\" content=\"summary_large_image\" \/>\n<meta name=\"twitter:label1\" content=\"Tempo estimado de leitura\" \/>\n\t<meta name=\"twitter:data1\" content=\"4 minutos\" \/>\n<!-- \/ Yoast SEO plugin. -->","yoast_head_json":{"title":"Contador de n\u00fameros Elfsight para sites Squarespace (gratuito e f\u00e1cil)","description":"Integre um contador num\u00e9rico ao seu site Squarespace, utilizando nossa demonstra\u00e7\u00e3o ao vivo. Construa seu recurso personalizado com apenas alguns cliques e sem esfor\u00e7o!","robots":{"index":"index","follow":"follow","max-snippet":"max-snippet:-1","max-image-preview":"max-image-preview:large","max-video-preview":"max-video-preview:-1"},"canonical":"https:\/\/elfsight.com\/pt\/number-counter-widget\/squarespace\/","og_locale":"pt_PT","og_type":"article","og_title":"Contador de n\u00fameros Elfsight para sites Squarespace (gratuito e f\u00e1cil)","og_description":"Integre um contador num\u00e9rico ao seu site Squarespace, utilizando nossa demonstra\u00e7\u00e3o ao vivo. Construa seu recurso personalizado com apenas alguns cliques e sem esfor\u00e7o!","og_url":"https:\/\/elfsight.com\/pt\/number-counter-widget\/squarespace\/","og_site_name":"Elfsight PT","article_modified_time":"2025-03-06T11:55:22+00:00","twitter_card":"summary_large_image","twitter_misc":{"Tempo estimado de leitura":"4 minutos"},"schema":{"@context":"https:\/\/schema.org","@graph":[{"@type":"WebPage","@id":"https:\/\/elfsight.com\/pt\/number-counter-widget\/squarespace\/","url":"https:\/\/elfsight.com\/pt\/number-counter-widget\/squarespace\/","name":"Contador de n\u00fameros Elfsight para sites Squarespace (gratuito e f\u00e1cil)","isPartOf":{"@id":"https:\/\/elfsight.com\/pt\/#website"},"datePublished":"2024-05-03T06:41:19+00:00","dateModified":"2025-03-06T11:55:22+00:00","description":"Integre um contador num\u00e9rico ao seu site Squarespace, utilizando nossa demonstra\u00e7\u00e3o ao vivo. Construa seu recurso personalizado com apenas alguns cliques e sem esfor\u00e7o!","breadcrumb":{"@id":"https:\/\/elfsight.com\/pt\/number-counter-widget\/squarespace\/#breadcrumb"},"inLanguage":"pt-PT","potentialAction":[{"@type":"ReadAction","target":["https:\/\/elfsight.com\/pt\/number-counter-widget\/squarespace\/"]}]},{"@type":"BreadcrumbList","@id":"https:\/\/elfsight.com\/pt\/number-counter-widget\/squarespace\/#breadcrumb","itemListElement":[{"@type":"ListItem","position":1,"name":"Home","item":"https:\/\/elfsight.com\/pt\/"},{"@type":"ListItem","position":2,"name":"Number Counter","item":"https:\/\/elfsight.com\/pt\/number-counter-widget\/"},{"@type":"ListItem","position":3,"name":"Number Counter &#8211; Squarespace"}]},{"@type":"WebSite","@id":"https:\/\/elfsight.com\/pt\/#website","url":"https:\/\/elfsight.com\/pt\/","name":"Elfsight PT","description":"Just another Elfsight Sites site","potentialAction":[{"@type":"SearchAction","target":{"@type":"EntryPoint","urlTemplate":"https:\/\/elfsight.com\/pt\/?s={search_term_string}"},"query-input":{"@type":"PropertyValueSpecification","valueRequired":true,"valueName":"search_term_string"}}],"inLanguage":"pt-PT"}]}},"meta_box":{"industry":"","seo_heading":"","heading":"","description":"","cta_heading":"","cta_description":"","application":"1060","h1":"Plug-in do contador de n\u00fameros do Squarespace","h1_caption":"Mostre suas conquistas maravilhosas ao seu p\u00fablico e interesse clientes mais fi\u00e9is","application_category":[],"applications_title":"","applications_request_title":"","applications_request_button_text":"","hero_text":"","hero_video":"","hero_video_schema_markup":"","selling_points_title":"","selling_points_caption":"","selling_points":[],"selling_points_cta_text":"","features_title":"","features":"","ed_cta_examples_text":"","ed_cta_examples_hidden":"","ed_cta_demo_text":"","ed_cta_demo_hidden":"","why_caption":"","why_editor_title":"","why_editor_text":"","why_team_title":"","why_team_text":"","why_service_title":"","why_service_text":"","template_catalog_visible":"0","template_catalog_title":"","template_catalog_text":"","template_catalog_categories_visible":"","demo_title":"Crie seu plugin de contador de n\u00fameros","demo_caption":"Configure seu contador num\u00e9rico e adicione-o ao seu site do Squarespace gratuitamente!","default_faq_hidden":"","app_template_category":[],"platform":"67","template_public_id":"","codecanyon_url":"","codecanyon_item_id":"","codecanyon_price":"","pricing_caption":"","pricing_elfsight_apps_hide_column":"","pricing_elfsight_apps_url":"","pricing_codecanyon_price_caption":"","integration_category":[],"integration_request_title":"","integration_request_cta":"","integration_platform":"","integrations":[],"platform_category":[],"video_schema_markup":"","price":"a partir de US$ 0\/m\u00eas","trial":"","benefits":[{"text":"Ajuda de instala\u00e7\u00e3o gratuita"},{"text":"Suporte excepcional"},{"text":"Garantia de reembolso de 14 dias"},{"text":"Atualizando constantemente"}],"button_url":"#demo","button_target_blank":"0","button_nofollow":"0","attributes":[{"name":"Instala\u00e7\u00f5es","content":"10,000 - 100,000","_state":"expanded"},{"name":"Responsivo","content":"Sim","_state":"expanded"},{"name":"Navegadores compat\u00edveis","content":"Firefox, Safari, Opera, Chrome, Edge"}],"tags":[],"tags_disable_links":"0","hide_more_platforms":"0","video_object":"","demo_hide_cta":"0","demo_hide_cloud_options":"0","pricing_title":"","pricing":[{"pricing_icon":"platform","pricing_title":"Elfsight Apps","pricing_title_caption":"Solu\u00e7\u00e3o multiplataforma","pricing_price":"a partir de US$ 0\/m\u00eas","pricing_price_caption":"comece com plano gratuito","pricing_benefits":[{"text":"Dom\u00ednios ilimitados"},{"text":"Suporte r\u00e1pido e pontual e bem documentado"},{"text":"Suporte r\u00e1pido e pontual e bem documentado"},{"text":"Design flex\u00edvel"}],"pricing_button_text":"Adicionar ao site","pricing_button_url":"#demo","_state":"expanded"}],"related_apps_title":"","related_apps_hidden":"1","author":"","image":[],"title":"","job":"","social_networks":[]},"_links":{"self":[{"href":"https:\/\/elfsight.com\/pt\/wp-json\/wp\/v2\/pages\/4289","targetHints":{"allow":["GET"]}}],"collection":[{"href":"https:\/\/elfsight.com\/pt\/wp-json\/wp\/v2\/pages"}],"about":[{"href":"https:\/\/elfsight.com\/pt\/wp-json\/wp\/v2\/types\/page"}],"author":[{"embeddable":true,"href":"https:\/\/elfsight.com\/pt\/wp-json\/wp\/v2\/users\/9"}],"replies":[{"embeddable":true,"href":"https:\/\/elfsight.com\/pt\/wp-json\/wp\/v2\/comments?post=4289"}],"version-history":[{"count":3,"href":"https:\/\/elfsight.com\/pt\/wp-json\/wp\/v2\/pages\/4289\/revisions"}],"predecessor-version":[{"id":14453,"href":"https:\/\/elfsight.com\/pt\/wp-json\/wp\/v2\/pages\/4289\/revisions\/14453"}],"up":[{"embeddable":true,"href":"https:\/\/elfsight.com\/pt\/wp-json\/wp\/v2\/pages\/1061"}],"wp:attachment":[{"href":"https:\/\/elfsight.com\/pt\/wp-json\/wp\/v2\/media?parent=4289"}],"curies":[{"name":"wp","href":"https:\/\/api.w.org\/{rel}","templated":true}]}}