{"id":4283,"date":"2024-05-03T06:40:50","date_gmt":"2024-05-03T06:40:50","guid":{"rendered":"https:\/\/elfsight.com\/pt\/?page_id=4283"},"modified":"2024-11-13T11:44:26","modified_gmt":"2024-11-13T11:44:26","slug":"shopify","status":"publish","type":"page","link":"https:\/\/elfsight.com\/pt\/logo-showcase-widget\/shopify\/","title":{"rendered":"Logo Showcase &#8211; Shopify"},"content":{"rendered":"<div class=\"application-platform-content-item-description application-platform-content-item\" id=\"description\" data-nav-section=\"description\"><h2>Incorpore Logo Showcase no Shopify com o widget Elfsight<\/h2> <p>Elfsight Logo Showcase \u00e9 a ferramenta perfeita para exibir v\u00e1rios clientes ou logotipos dos promotores ou men\u00e7\u00f5es \u00e0 imprensa no site. Com o widget voc\u00ea mostrar\u00e1 que sua empresa \u00e9 um parceiro confi\u00e1vel e manter\u00e1 uma percep\u00e7\u00e3o positiva do seu neg\u00f3cio. O widget Elfsight permite exibir qualquer n\u00famero de emblemas, organiz\u00e1-los em um carrossel ou grade e variar a escala dos logotipos. Voc\u00ea pode inserir uma legenda e um link para o site da empresa. Usando recursos de cores e fontes, voc\u00ea pode obter uma apar\u00eancia \u00fanica dos logotipos. <\/p><p><b>Aumente as vendas mostrando sua espl\u00eandida reputa\u00e7\u00e3o comercial, com logotipos de clientes no site. <\/b><\/p><\/div><div class=\"application-platform-content-item-features application-platform-content-item\" id=\"features\" data-nav-section=\"features\"><h2>Principais recursos do widget Logo Showcase<\/h2> <p>Aqui est\u00e1 uma lista de todas as caracter\u00edsticas funcionais do Logo Showcase. Voc\u00ea pode ajust\u00e1-los diretamente no editor e eles o ajudar\u00e3o a moldar o widget exatamente para o seu caso. <\/p><ul><li>A op\u00e7\u00e3o de conectar cada logotipo a qualquer endere\u00e7o; <\/li><li>Cabe\u00e7alho de widget remov\u00edvel com t\u00edtulo e texto com formata\u00e7\u00e3o suportada; <\/li><li>O bot\u00e3o de call to action pode ser vinculado a qualquer p\u00e1gina; <\/li><li>Tr\u00eas layouts de widget diferentes: Slider, Grid e Carousel; <\/li><li>Um recurso para definir o tamanho do logotipo e o par\u00e2metro de largura do widget; <\/li><li> Escolha qualquer cor de fundo ou carregue um arquivo personalizado. <\/li><\/ul><p><a href=\"#demo\">Veja como todos os recursos funcionam em nossa demonstra\u00e7\u00e3o<\/a><\/p><\/div><div class=\"application-platform-content-item-installation application-platform-content-item\" id=\"installation\" data-nav-section=\"installation\"> <h2>Como incorporar o Logo Showcase no Shopify? <\/h2><div class=\"video-container\"><iframe width=\"720\" height=\"405\" src=\"https:\/\/www.youtube.com\/embed\/83e2SlUh84I\" frameborder=\"0\" allowfullscreen=\"\"><\/iframe><\/div><p>Para integrar o widget, basta seguir as instru\u00e7\u00f5es abaixo<\/p><ol><li><b>Execute nosso configurador gratuito e comece a criar seu aplicativo personalizado. <\/b><br> Escolha o layout e os aspectos selecionados do aplicativo e salve todas as edi\u00e7\u00f5es. <\/li> <li><b>Adquira o c\u00f3digo exclusivo mostrado na janela dos aplicativos Elfsight. <\/b><br> Assim que a configura\u00e7\u00e3o do seu aplicativo pessoal for conclu\u00edda, copie o c\u00f3digo individual na janela exibida e guarde-o para ocasi\u00f5es futuras. <\/li> <li><b>Comece a usar o aplicativo no seu site da Shopify. <\/b><br> Incorpore o c\u00f3digo que voc\u00ea salvou anteriormente em sua p\u00e1gina da web e aplique os ajustes. <\/li> <li><b>A configura\u00e7\u00e3o foi totalmente conclu\u00edda. <\/b><br> Acesse seu site para ver o funcionamento do aplicativo. <\/li><\/ol><p>Sinta-se \u00e0 vontade para entrar em contato com nosso servi\u00e7o de suporte caso precise de ajuda ou tenha algo a perguntar. Ficaremos felizes em ajudar com todas as solicita\u00e7\u00f5es. <\/p><div class=\"faq\" data-component=\"FAQ\"><div class=\"faq-item\">\r\n\t\t\t\t\t<div class=\"faq-item-question\">\r\n\t\t\t\t\t\t<h3 class=\"faq-item-question-text\">De que forma \u00e9 poss\u00edvel adicionar Logo Showcase ao meu site Shopify sem conhecimentos de codifica\u00e7\u00e3o?<\/h3>\r\n\r\n\t\t\t\t\t\t<div class=\"faq-item-question-icon\"><\/div>\r\n\t\t\t\t\t<\/div>\r\n\r\n\t\t\t\t\t<div class=\"faq-item-answer\">\r\n\t\t\t\t\t\t<div class=\"faq-item-answer-text\"> <p>Elfsight apresenta uma solu\u00e7\u00e3o SaaS que permite aos utilizadores criarem voc\u00eas pr\u00f3prios uma sec\u00e7\u00e3o Logo Showcase , descubra as instru\u00e7\u00f5es simples: V\u00e1 para o Editor on-line para gerar um aplicativo Logo Showcase que voc\u00ea gostaria de incorporar ao seu site do Shopify. Escolha um dos modelos prontos e altere as configura\u00e7\u00f5es do Logo Showcase, altere o layout e o esquema de cores e atualize seu conte\u00fado, sem nenhuma experi\u00eancia em codifica\u00e7\u00e3o. Salve as configura\u00e7\u00f5es feitas no Logo Showcase e obtenha o c\u00f3digo de instala\u00e7\u00e3o, que pode ser facilmente colado em qualquer p\u00e1gina do Shopify usando um plano gratuito. Usando o configurador intuitivo, qualquer usu\u00e1rio da web pode criar um widget Logo Showcase online e simplesmente incorpor\u00e1-lo ao site do Shopify. N\u00e3o h\u00e1 necessidade de pagar ou inserir as credenciais do seu cart\u00e3o para acessar o Editor. Se voc\u00ea encontrar algum obst\u00e1culo de qualquer tipo, sinta-se \u00e0 vontade para entrar em contato com nosso suporte ao cliente.<\/p> <\/div>\r\n\t\t\t\t\t<\/div>\r\n\t\t\t\t<\/div> <\/div><\/div>","protected":false},"excerpt":{"rendered":"","protected":false},"author":9,"featured_media":0,"parent":983,"menu_order":0,"comment_status":"closed","ping_status":"closed","template":"templates\/template-application-platform.php","meta":{"publish_to_discourse":"","publish_post_category":"","wpdc_auto_publish_overridden":"","wpdc_topic_tags":"","wpdc_pin_topic":"","wpdc_pin_until":"","discourse_post_id":"","discourse_permalink":"","wpdc_publishing_response":"","wpdc_publishing_error":"","footnotes":""},"class_list":["post-4283","page","type-page","status-publish","hentry"],"yoast_head":"<!-- This site is optimized with the Yoast SEO plugin v25.3.1 - https:\/\/yoast.com\/wordpress\/plugins\/seo\/ -->\n<title>Logo Showcase - Adicionar aplicativo Logo Carousel ao site Shopify (2026)<\/title>\n<meta name=\"description\" content=\"\u00c9 perfeitamente simples criar seu aplicativo Logo Showcase e adicion\u00e1-lo ao seu site Shopify. O atendimento ao cliente da Elfsight \u00e9 gratuito e r\u00e1pido.\" \/>\n<meta name=\"robots\" content=\"index, follow, max-snippet:-1, max-image-preview:large, max-video-preview:-1\" \/>\n<link rel=\"canonical\" href=\"https:\/\/elfsight.com\/pt\/logo-showcase-widget\/shopify\/\" \/>\n<meta property=\"og:locale\" content=\"pt_PT\" \/>\n<meta property=\"og:type\" content=\"article\" \/>\n<meta property=\"og:title\" content=\"Logo Showcase - Adicionar aplicativo Logo Carousel ao site Shopify (2026)\" \/>\n<meta property=\"og:description\" content=\"\u00c9 perfeitamente simples criar seu aplicativo Logo Showcase e adicion\u00e1-lo ao seu site Shopify. O atendimento ao cliente da Elfsight \u00e9 gratuito e r\u00e1pido.\" \/>\n<meta property=\"og:url\" content=\"https:\/\/elfsight.com\/pt\/logo-showcase-widget\/shopify\/\" \/>\n<meta property=\"og:site_name\" content=\"Elfsight PT\" \/>\n<meta property=\"article:modified_time\" content=\"2024-11-13T11:44:26+00:00\" \/>\n<meta name=\"twitter:card\" content=\"summary_large_image\" \/>\n<meta name=\"twitter:label1\" content=\"Tempo estimado de leitura\" \/>\n\t<meta name=\"twitter:data1\" content=\"2 minutos\" \/>\n<!-- \/ Yoast SEO plugin. -->","yoast_head_json":{"title":"Logo Showcase - Adicionar aplicativo Logo Carousel ao site Shopify (2026)","description":"\u00c9 perfeitamente simples criar seu aplicativo Logo Showcase e adicion\u00e1-lo ao seu site Shopify. O atendimento ao cliente da Elfsight \u00e9 gratuito e r\u00e1pido.","robots":{"index":"index","follow":"follow","max-snippet":"max-snippet:-1","max-image-preview":"max-image-preview:large","max-video-preview":"max-video-preview:-1"},"canonical":"https:\/\/elfsight.com\/pt\/logo-showcase-widget\/shopify\/","og_locale":"pt_PT","og_type":"article","og_title":"Logo Showcase - Adicionar aplicativo Logo Carousel ao site Shopify (2026)","og_description":"\u00c9 perfeitamente simples criar seu aplicativo Logo Showcase e adicion\u00e1-lo ao seu site Shopify. O atendimento ao cliente da Elfsight \u00e9 gratuito e r\u00e1pido.","og_url":"https:\/\/elfsight.com\/pt\/logo-showcase-widget\/shopify\/","og_site_name":"Elfsight PT","article_modified_time":"2024-11-13T11:44:26+00:00","twitter_card":"summary_large_image","twitter_misc":{"Tempo estimado de leitura":"2 minutos"},"schema":{"@context":"https:\/\/schema.org","@graph":[{"@type":"WebPage","@id":"https:\/\/elfsight.com\/pt\/logo-showcase-widget\/shopify\/","url":"https:\/\/elfsight.com\/pt\/logo-showcase-widget\/shopify\/","name":"Logo Showcase - Adicionar aplicativo Logo Carousel ao site Shopify (2026)","isPartOf":{"@id":"https:\/\/elfsight.com\/pt\/#website"},"datePublished":"2024-05-03T06:40:50+00:00","dateModified":"2024-11-13T11:44:26+00:00","description":"\u00c9 perfeitamente simples criar seu aplicativo Logo Showcase e adicion\u00e1-lo ao seu site Shopify. O atendimento ao cliente da Elfsight \u00e9 gratuito e r\u00e1pido.","breadcrumb":{"@id":"https:\/\/elfsight.com\/pt\/logo-showcase-widget\/shopify\/#breadcrumb"},"inLanguage":"pt-PT","potentialAction":[{"@type":"ReadAction","target":["https:\/\/elfsight.com\/pt\/logo-showcase-widget\/shopify\/"]}]},{"@type":"BreadcrumbList","@id":"https:\/\/elfsight.com\/pt\/logo-showcase-widget\/shopify\/#breadcrumb","itemListElement":[{"@type":"ListItem","position":1,"name":"Home","item":"https:\/\/elfsight.com\/pt\/"},{"@type":"ListItem","position":2,"name":"Logo Showcase","item":"https:\/\/elfsight.com\/pt\/logo-showcase-widget\/"},{"@type":"ListItem","position":3,"name":"Logo Showcase &#8211; Shopify"}]},{"@type":"WebSite","@id":"https:\/\/elfsight.com\/pt\/#website","url":"https:\/\/elfsight.com\/pt\/","name":"Elfsight PT","description":"Just another Elfsight Sites site","potentialAction":[{"@type":"SearchAction","target":{"@type":"EntryPoint","urlTemplate":"https:\/\/elfsight.com\/pt\/?s={search_term_string}"},"query-input":{"@type":"PropertyValueSpecification","valueRequired":true,"valueName":"search_term_string"}}],"inLanguage":"pt-PT"}]}},"meta_box":{"industry":"","seo_heading":"","heading":"","description":"","cta_heading":"","cta_description":"","application":"982","h1":"Vitrine do logotipo do Shopify","h1_caption":"Vanglorie-se das marcas de clientes ou acompanhantes no site para maior credibilidade","application_category":[],"applications_title":"","applications_request_title":"","applications_request_button_text":"","hero_text":"","hero_video":"","hero_video_schema_markup":"","selling_points_title":"","selling_points_caption":"","selling_points":[],"selling_points_cta_text":"","features_title":"","features":"","ed_cta_examples_text":"","ed_cta_examples_hidden":"","ed_cta_demo_text":"","ed_cta_demo_hidden":"","why_caption":"","why_editor_title":"","why_editor_text":"","why_team_title":"","why_team_text":"","why_service_title":"","why_service_text":"","template_catalog_visible":"","template_catalog_title":"","template_catalog_text":"","template_catalog_categories_visible":"","demo_title":"Crie seu aplicativo Logo Showcase","demo_caption":"Configure seu Logo Showcase e adicione-o ao seu site Shopify gratuitamente!","default_faq_hidden":"","app_template_category":[],"platform":"64","template_public_id":"","codecanyon_url":"","codecanyon_item_id":"","codecanyon_price":"","pricing_caption":"","pricing_elfsight_apps_hide_column":"","pricing_elfsight_apps_url":"","pricing_codecanyon_price_caption":"","integration_category":[],"integration_request_title":"","integration_request_cta":"","integration_platform":"","integrations":[],"platform_category":[],"video_schema_markup":"","price":"a partir de US$ 0\/m\u00eas","trial":"","benefits":[{"text":"Servi\u00e7o de instala\u00e7\u00e3o gratuito"},{"text":"Suporte premium"},{"text":"Garantia de devolu\u00e7\u00e3o do dinheiro em 14 dias"},{"text":"Atualiza\u00e7\u00f5es gratuitas cont\u00ednuas"}],"button_url":"#demo","button_target_blank":"0","button_nofollow":"0","attributes":[{"name":"Instala\u00e7\u00f5es","content":"10,000 - 100,000","_state":"expanded"},{"name":"Responsivo","content":"Sim","_state":"expanded"},{"name":"Navegadores compat\u00edveis","content":"Firefox, Safari, Opera, Chrome, Edge"}],"tags":[],"tags_disable_links":"0","hide_more_platforms":"","video_object":"","demo_hide_cta":"0","demo_hide_cloud_options":"0","pricing_title":"","pricing":[{"pricing_icon":"cloud","pricing_title":"Elfsight Apps","pricing_title_caption":"Vers\u00e3o multiplataforma que funciona em qualquer site","pricing_price":"a partir de US$ 0\/m\u00eas","pricing_price_caption":"comece com plano gratuito","pricing_benefits":[{"text":"Sites ilimitados"},{"text":"Suporte premium"},{"text":"Suporte premium"},{"text":"Oferta especial para v\u00e1rios aplicativos"}],"pricing_button_text":"Adicionar ao site","pricing_button_url":"#demo","_state":"expanded"}],"related_apps_title":"","related_apps_hidden":"1","author":"","image":[],"title":"","job":"","social_networks":[]},"_links":{"self":[{"href":"https:\/\/elfsight.com\/pt\/wp-json\/wp\/v2\/pages\/4283","targetHints":{"allow":["GET"]}}],"collection":[{"href":"https:\/\/elfsight.com\/pt\/wp-json\/wp\/v2\/pages"}],"about":[{"href":"https:\/\/elfsight.com\/pt\/wp-json\/wp\/v2\/types\/page"}],"author":[{"embeddable":true,"href":"https:\/\/elfsight.com\/pt\/wp-json\/wp\/v2\/users\/9"}],"replies":[{"embeddable":true,"href":"https:\/\/elfsight.com\/pt\/wp-json\/wp\/v2\/comments?post=4283"}],"version-history":[{"count":2,"href":"https:\/\/elfsight.com\/pt\/wp-json\/wp\/v2\/pages\/4283\/revisions"}],"predecessor-version":[{"id":11972,"href":"https:\/\/elfsight.com\/pt\/wp-json\/wp\/v2\/pages\/4283\/revisions\/11972"}],"up":[{"embeddable":true,"href":"https:\/\/elfsight.com\/pt\/wp-json\/wp\/v2\/pages\/983"}],"wp:attachment":[{"href":"https:\/\/elfsight.com\/pt\/wp-json\/wp\/v2\/media?parent=4283"}],"curies":[{"name":"wp","href":"https:\/\/api.w.org\/{rel}","templated":true}]}}