{"id":4282,"date":"2024-05-03T06:39:28","date_gmt":"2024-05-03T06:39:28","guid":{"rendered":"https:\/\/elfsight.com\/pt\/?page_id=4282"},"modified":"2024-11-13T11:46:23","modified_gmt":"2024-11-13T11:46:23","slug":"facebook","status":"publish","type":"page","link":"https:\/\/elfsight.com\/pt\/instagram-feed-instashow\/facebook\/","title":{"rendered":"Instagram Feed &#8211; Facebook Page"},"content":{"rendered":"<div class=\"application-platform-content-item-description application-platform-content-item\" id=\"description\" data-nav-section=\"description\"><h2>Incorporar o Instagram na p\u00e1gina do Facebook com o widget Elfsight<\/h2><p>O InstaShow \u00e9 um poderoso widget do Instagram, que torna poss\u00edvel criar espl\u00eandidas portf\u00f3lios de fotos e v\u00eddeos do Instagram. Oferecemos a voc\u00ea uma quantidade ilimitada de configura\u00e7\u00f5es de feed: todos os tipos de fontes, filtros, mais de 60 par\u00e2metros personaliz\u00e1veis \u200b\u200be 10 op\u00e7\u00f5es de estilo, al\u00e9m de uma interface totalmente adapt\u00e1vel. Aplique um plugin totalmente responsivo para envolver os visitantes da sua p\u00e1gina.<\/p><\/div><div class=\"application-platform-content-item-features application-platform-content-item\" id=\"features\" data-nav-section=\"features\"><h2>Principais recursos do widget Feed do Instagram<\/h2><p>Os pontos b\u00e1sicos da Elfsight widget, que o transforma na melhor ferramenta para p\u00e1gina do Facebook:<\/p><ul><li>2 layouts de feed prontos para uso: controle deslizante e grade<\/li><li>N\u00famero ajust\u00e1vel de colunas e linhas<\/li><li>Espa\u00e7o de medianiz vari\u00e1vel<\/li><li>A guia Instagram \u00e9 totalmente personaliz\u00e1vel<\/li><li>Mais de 10 esquemas de cores prontos para sua galeria<\/li><li>Voc\u00ea pode ligar e desligar todas as partes de uma postagem comum do Instagram ou apresent\u00e1-la como est\u00e1<\/li><li>Modelos de postagem cl\u00e1ssicos e em bloco<\/li><li>Diferentes layouts de feed prontos para uso<\/li><li>Colunas ajust\u00e1veis e linhas<\/li><li>Bot\u00e3o de call to action altern\u00e1vel<\/li><\/ul><p><a href=\"#demo\">Veja mais recursos na demonstra\u00e7\u00e3o da Elfsight<\/a><\/p> <p>ao colocar uma aba do Instagram em uma p\u00e1gina do Facebook, voc\u00ea obt\u00e9m in\u00fameras vantagens. Por exemplo, voc\u00ea n\u00e3o perde tempo produzindo novo conte\u00fado real para um site &#8211; ele \u00e9 agregado automaticamente sem a sua interven\u00e7\u00e3o. Voc\u00ea pode se concentrar principalmente no design de uma se\u00e7\u00e3o do Instagram em vez de codific\u00e1-la com a ajuda de uma API oficial. Por fim, se suas postagens cont\u00eam \u00f3timas cr\u00edticas, voc\u00ea pode aumentar a confian\u00e7a em sua marca com a ajuda delas.<\/p><\/div><div class=\"application-platform-content-item-installation application-platform-content-item\" id=\"installation\" data-nav-section=\"installation\"><h2>Como adicionar a guia Instagram \u00e0 p\u00e1gina do Facebook<\/h2><p>Leia nosso tutorial expresso sobre como exibir e configurar o widget. A configura\u00e7\u00e3o levar\u00e1 60 segundos. aproximadamente e, al\u00e9m disso, voc\u00ea n\u00e3o precisa de experi\u00eancia em desenvolvimento.<\/p><ul><li><b>Gere seu feed do Instagram personalizado<\/b><br>Por meio de nossa demonstra\u00e7\u00e3o gratuita, gere o plugin com um design e fun\u00e7\u00f5es selecionados.<\/li><li><b>Copie o c\u00f3digo pessoal para exibir o widget<\/b><br>Depois de criar o seu widget, voc\u00ea obter\u00e1 seu c\u00f3digo pessoal na notifica\u00e7\u00e3o que aparece na Elfsight Aplicativos. Copie o c\u00f3digo.<\/li><li><b>Adicione o Instagram \u00e0 p\u00e1gina comercial do Facebook<\/b><br> Crie sua guia personalizada do Facebook. Insira o c\u00f3digo que voc\u00ea recebeu nos aplicativos da elfsight na guia. Se voc\u00ea tiver algum problema, basta verificar nosso guia em <a href=\"https:\/\/elfsight.com\/blog\/how-to-add-custom-tab-to-facebook-page\/\" target=\"_blank\" rel=\"noopener noreferrer\">criando uma guia personalizada do Facebook<\/a><\/li><li><b>Voc\u00ea executou a instala\u00e7\u00e3o completamente<\/b><br>Visite sua p\u00e1gina do Facebook para ver seu trabalho.<\/li><\/ul><p>Est\u00e1 tendo problemas ao instalar uma guia do Instagram em uma p\u00e1gina do Facebook? Envie uma mensagem para o suporte da Elfsight.<\/p><\/div><div class=\"faq\" data-component=\"FAQ\"><div class=\"faq-item\">\r\n\t\t\t\t\t<div class=\"faq-item-question\">\r\n\t\t\t\t\t\t<h3 class=\"faq-item-question-text\">Como incorporar o feed do Instagram gratuitamente na p\u00e1gina do Facebook?<\/h3>\r\n\r\n\t\t\t\t\t\t<div class=\"faq-item-question-icon\"><\/div>\r\n\t\t\t\t\t<\/div>\r\n\r\n\t\t\t\t\t<div class=\"faq-item-answer\">\r\n\t\t\t\t\t\t<div class=\"faq-item-answer-text\"><ol><p>Adicionar um <a href=\"https:\/\/elfsight.com\/blog\/how-to-embed-instagram-feed-on-website\/\">Feed do Instagram<\/a> \u00e0 sua p\u00e1gina do Facebook \u00e9 uma maneira excepcional de apresente suas postagens mais recentes e mantenha seus seguidores envolvidos.<\/p><ol><li>Para incorporar um feed do Instagram da Elfsight gratuitamente em sua p\u00e1gina do Facebook, navegue at\u00e9 o site da Elfsight e crie uma conta gratuita.<\/li> <li>Utilize o widget gratuito do Instagram personalizando sua apar\u00eancia e configura\u00e7\u00f5es para harmonizar com o estilo da sua p\u00e1gina do Facebook.<\/li><li>Depois de configurar seu feed do Instagram gratuitamente, copie o c\u00f3digo de incorpora\u00e7\u00e3o distinto e cole-o na \u00e1rea designada. na sua p\u00e1gina do Facebook onde voc\u00ea gostaria que o feed aparecesse.<\/li><\/ol><p>Ao exibir seu feed do Instagram na sua p\u00e1gina do Facebook, voc\u00ea aumentar\u00e1 seu apelo visual e manter\u00e1 o envolvimento dos seguidores. Experimente as vantagens do widget Instagram da Elfsight de forma totalmente gratuita!<\/p><\/ol><\/div>\r\n\t\t\t\t\t<\/div>\r\n\t\t\t\t<\/div><div class=\"faq-item\">\r\n\t\t\t\t\t<div class=\"faq-item-question\">\r\n\t\t\t\t\t\t<h3 class=\"faq-item-question-text\">Como posso obter o Instagram Slider ou Collage atrav\u00e9s do seu widget? <\/h3>\r\n\r\n\t\t\t\t\t\t<div class=\"faq-item-question-icon\"><\/div>\r\n\t\t\t\t\t<\/div>\r\n\r\n\t\t\t\t\t<div class=\"faq-item-answer\">\r\n\t\t\t\t\t\t<div class=\"faq-item-answer-text\"><p>Um grande n\u00famero de modelos est\u00e1 dispon\u00edvel: grade, galeria, lista, alvenaria, feed e muitos outros, contando com ajustes flex\u00edveis de layout para atender \u00e0s suas necessidades. Voc\u00ea \u00e9 livre para criar praticamente qualquer design para sua guia do Instagram. <\/p><\/div>\r\n\t\t\t\t\t<\/div>\r\n\t\t\t\t<\/div><\/div>","protected":false},"excerpt":{"rendered":"","protected":false},"author":9,"featured_media":0,"parent":481,"menu_order":0,"comment_status":"closed","ping_status":"closed","template":"templates\/template-application-platform.php","meta":{"publish_to_discourse":"","publish_post_category":"","wpdc_auto_publish_overridden":"","wpdc_topic_tags":"","wpdc_pin_topic":"","wpdc_pin_until":"","discourse_post_id":"","discourse_permalink":"","wpdc_publishing_response":"","wpdc_publishing_error":"","footnotes":""},"class_list":["post-4282","page","type-page","status-publish","hentry"],"yoast_head":"<!-- This site is optimized with the Yoast SEO plugin v25.3.1 - https:\/\/yoast.com\/wordpress\/plugins\/seo\/ -->\n<title>Incorpore o feed do Instagram em uma p\u00e1gina do Facebook - adicione o feed do Instagram em 2 minutos!<\/title>\n<meta name=\"description\" content=\"Experimente a guia premium Instagram Feed para uma p\u00e1gina pessoal ou empresarial do Facebook agora mesmo, gratuitamente! Crie uma aba exclusiva do Instagram na Elfsight em um minuto.\" \/>\n<meta name=\"robots\" content=\"index, follow, max-snippet:-1, max-image-preview:large, max-video-preview:-1\" \/>\n<link rel=\"canonical\" href=\"https:\/\/elfsight.com\/pt\/instagram-feed-instashow\/facebook\/\" \/>\n<meta property=\"og:locale\" content=\"pt_PT\" \/>\n<meta property=\"og:type\" content=\"article\" \/>\n<meta property=\"og:title\" content=\"Incorpore o feed do Instagram em uma p\u00e1gina do Facebook - adicione o feed do Instagram em 2 minutos!\" \/>\n<meta property=\"og:description\" content=\"Experimente a guia premium Instagram Feed para uma p\u00e1gina pessoal ou empresarial do Facebook agora mesmo, gratuitamente! Crie uma aba exclusiva do Instagram na Elfsight em um minuto.\" \/>\n<meta property=\"og:url\" content=\"https:\/\/elfsight.com\/pt\/instagram-feed-instashow\/facebook\/\" \/>\n<meta property=\"og:site_name\" content=\"Elfsight PT\" \/>\n<meta property=\"article:modified_time\" content=\"2024-11-13T11:46:23+00:00\" \/>\n<meta name=\"twitter:card\" content=\"summary_large_image\" \/>\n<meta name=\"twitter:label1\" content=\"Tempo estimado de leitura\" \/>\n\t<meta name=\"twitter:data1\" content=\"2 minutos\" \/>\n<!-- \/ Yoast SEO plugin. -->","yoast_head_json":{"title":"Incorpore o feed do Instagram em uma p\u00e1gina do Facebook - adicione o feed do Instagram em 2 minutos!","description":"Experimente a guia premium Instagram Feed para uma p\u00e1gina pessoal ou empresarial do Facebook agora mesmo, gratuitamente! Crie uma aba exclusiva do Instagram na Elfsight em um minuto.","robots":{"index":"index","follow":"follow","max-snippet":"max-snippet:-1","max-image-preview":"max-image-preview:large","max-video-preview":"max-video-preview:-1"},"canonical":"https:\/\/elfsight.com\/pt\/instagram-feed-instashow\/facebook\/","og_locale":"pt_PT","og_type":"article","og_title":"Incorpore o feed do Instagram em uma p\u00e1gina do Facebook - adicione o feed do Instagram em 2 minutos!","og_description":"Experimente a guia premium Instagram Feed para uma p\u00e1gina pessoal ou empresarial do Facebook agora mesmo, gratuitamente! Crie uma aba exclusiva do Instagram na Elfsight em um minuto.","og_url":"https:\/\/elfsight.com\/pt\/instagram-feed-instashow\/facebook\/","og_site_name":"Elfsight PT","article_modified_time":"2024-11-13T11:46:23+00:00","twitter_card":"summary_large_image","twitter_misc":{"Tempo estimado de leitura":"2 minutos"},"schema":{"@context":"https:\/\/schema.org","@graph":[{"@type":"WebPage","@id":"https:\/\/elfsight.com\/pt\/instagram-feed-instashow\/facebook\/","url":"https:\/\/elfsight.com\/pt\/instagram-feed-instashow\/facebook\/","name":"Incorpore o feed do Instagram em uma p\u00e1gina do Facebook - adicione o feed do Instagram em 2 minutos!","isPartOf":{"@id":"https:\/\/elfsight.com\/pt\/#website"},"datePublished":"2024-05-03T06:39:28+00:00","dateModified":"2024-11-13T11:46:23+00:00","description":"Experimente a guia premium Instagram Feed para uma p\u00e1gina pessoal ou empresarial do Facebook agora mesmo, gratuitamente! Crie uma aba exclusiva do Instagram na Elfsight em um minuto.","breadcrumb":{"@id":"https:\/\/elfsight.com\/pt\/instagram-feed-instashow\/facebook\/#breadcrumb"},"inLanguage":"pt-PT","potentialAction":[{"@type":"ReadAction","target":["https:\/\/elfsight.com\/pt\/instagram-feed-instashow\/facebook\/"]}]},{"@type":"BreadcrumbList","@id":"https:\/\/elfsight.com\/pt\/instagram-feed-instashow\/facebook\/#breadcrumb","itemListElement":[{"@type":"ListItem","position":1,"name":"Home","item":"https:\/\/elfsight.com\/pt\/"},{"@type":"ListItem","position":2,"name":"Instagram Feed","item":"https:\/\/elfsight.com\/pt\/instagram-feed-instashow\/"},{"@type":"ListItem","position":3,"name":"Instagram Feed &#8211; Facebook Page"}]},{"@type":"WebSite","@id":"https:\/\/elfsight.com\/pt\/#website","url":"https:\/\/elfsight.com\/pt\/","name":"Elfsight PT","description":"Just another Elfsight Sites site","potentialAction":[{"@type":"SearchAction","target":{"@type":"EntryPoint","urlTemplate":"https:\/\/elfsight.com\/pt\/?s={search_term_string}"},"query-input":{"@type":"PropertyValueSpecification","valueRequired":true,"valueName":"search_term_string"}}],"inLanguage":"pt-PT"}]}},"meta_box":{"industry":"","seo_heading":"","heading":"","description":"","cta_heading":"","cta_description":"","application":"480","h1":"Guia Instagram Feed para p\u00e1gina do Facebook","h1_caption":"A melhor maneira de incorporar fotos do Instagram na p\u00e1gina comercial do Facebook","application_category":[],"applications_title":"","applications_request_title":"","applications_request_button_text":"","hero_text":"","hero_video":"","hero_video_schema_markup":"","selling_points_title":"","selling_points_caption":"","selling_points":[],"selling_points_cta_text":"","features_title":"","features":"","ed_cta_examples_text":"","ed_cta_examples_hidden":"","ed_cta_demo_text":"","ed_cta_demo_hidden":"","why_caption":"","why_editor_title":"","why_editor_text":"","why_team_title":"","why_team_text":"","why_service_title":"","why_service_text":"","template_catalog_visible":"","template_catalog_title":"","template_catalog_text":"","template_catalog_categories_visible":"","demo_title":"Crie seu widget de feed do Instagram","demo_caption":"Configure seu feed do Instagram e adicione-o ao site da sua p\u00e1gina do Facebook gratuitamente!","default_faq_hidden":"","app_template_category":[],"platform":"103","template_public_id":"","codecanyon_url":"","codecanyon_item_id":"","codecanyon_price":"","pricing_caption":"","pricing_elfsight_apps_hide_column":"","pricing_elfsight_apps_url":"","pricing_codecanyon_price_caption":"","integration_category":[],"integration_request_title":"","integration_request_cta":"","integration_platform":"","integrations":[],"platform_category":[],"video_schema_markup":"","price":"a partir de US$ 0\/m\u00eas","trial":"","benefits":[{"text":"Assist\u00eancia de instala\u00e7\u00e3o gratuita"},{"text":"Suporte excepcional"},{"text":"Melhorias gratuitas vital\u00edcias"},{"text":"Garantia de devolu\u00e7\u00e3o do dinheiro em 14 dias"}],"button_url":"#demo","button_target_blank":"0","button_nofollow":"0","attributes":[{"name":"Instala\u00e7\u00f5es","content":"100,000 - 500,000","_state":"expanded"},{"name":"Capacidade de resposta","content":"Design adaptativo","_state":"expanded"},{"name":"Navegadores compat\u00edveis","content":"Edge, Chrome, Opera, Safari, Firefox"}],"tags":[],"tags_disable_links":"0","hide_more_platforms":"","video_object":"","demo_hide_cta":"0","demo_hide_cloud_options":"0","pricing_title":"","pricing":[{"pricing_icon":"platform","pricing_title":"Elfsight Apps","pricing_title_caption":"Software multiplataforma que funciona em qualquer site","pricing_price":"a partir de US$ 0\/m\u00eas","pricing_price_caption":"comece com plano gratuito","pricing_benefits":[{"text":"Sites ilimitados"},{"text":"Suporte profissional da empresa"},{"text":"Suporte profissional da empresa"},{"text":"Design flex\u00edvel"}],"pricing_button_text":"Adicionar ao site","pricing_button_url":"#demo","_state":"expanded"}],"related_apps_title":"","related_apps_hidden":"1","author":"","image":[],"title":"","job":"","social_networks":[]},"_links":{"self":[{"href":"https:\/\/elfsight.com\/pt\/wp-json\/wp\/v2\/pages\/4282","targetHints":{"allow":["GET"]}}],"collection":[{"href":"https:\/\/elfsight.com\/pt\/wp-json\/wp\/v2\/pages"}],"about":[{"href":"https:\/\/elfsight.com\/pt\/wp-json\/wp\/v2\/types\/page"}],"author":[{"embeddable":true,"href":"https:\/\/elfsight.com\/pt\/wp-json\/wp\/v2\/users\/9"}],"replies":[{"embeddable":true,"href":"https:\/\/elfsight.com\/pt\/wp-json\/wp\/v2\/comments?post=4282"}],"version-history":[{"count":2,"href":"https:\/\/elfsight.com\/pt\/wp-json\/wp\/v2\/pages\/4282\/revisions"}],"predecessor-version":[{"id":11948,"href":"https:\/\/elfsight.com\/pt\/wp-json\/wp\/v2\/pages\/4282\/revisions\/11948"}],"up":[{"embeddable":true,"href":"https:\/\/elfsight.com\/pt\/wp-json\/wp\/v2\/pages\/481"}],"wp:attachment":[{"href":"https:\/\/elfsight.com\/pt\/wp-json\/wp\/v2\/media?parent=4282"}],"curies":[{"name":"wp","href":"https:\/\/api.w.org\/{rel}","templated":true}]}}