{"id":4274,"date":"2024-05-03T06:39:30","date_gmt":"2024-05-03T06:39:30","guid":{"rendered":"https:\/\/elfsight.com\/pt\/?page_id=4274"},"modified":"2025-11-13T14:22:12","modified_gmt":"2025-11-13T14:22:12","slug":"elementor","status":"publish","type":"page","link":"https:\/\/elfsight.com\/pt\/instagram-feed-instashow\/elementor\/","title":{"rendered":"Instagram Feed &#8211; Elementor"},"content":{"rendered":"<div class=\"application-platform-content-item-description application-platform-content-item\" id=\"description\" data-nav-section=\"description\"><h2>Incorporando o Instagram no plugin Elementor da Elfsights<\/h2><p>InstaShow \u00e9 um poderoso plugin do Instagram, que ajuda a configurar galerias magn\u00edficas de fotos e v\u00eddeos do Instagram. Uma enorme quantidade de possibilidades de personaliza\u00e7\u00e3o do seu pr\u00f3prio perfil: todos os tipos de fontes, modera\u00e7\u00e3o de conte\u00fado, mais de 70 recursos adaptativos e 10 esquemas de design, e totalmente adapt\u00e1vel para qualquer dispositivo. Este plugin ir\u00e1 ajud\u00e1-lo a adicionar feed do Instagram ao WordPress atrav\u00e9s do Elementor &#8211; editor visual para o CMS.<\/p><p><b>Aumente suas vendas com imagens atraentes e modernas<\/b>.<br> Use fotos de Instagram \u2013 a m\u00eddia mais ben\u00e9fica para anunciar suas ofertas ou servi\u00e7os e aumentar as vendas no site.<\/p><p><b>Novos f\u00e3s no Instagram<\/b>.<br> Configure links adicionais com uma chamada para obter inscri\u00e7\u00e3o e dobrar a quantidade de f\u00e3s do seu perfil do Instagram.<\/p><p><b>Mais engajamento<\/b>.<br> Impressione os visitantes e crie mais impress\u00f5es de visitantes, usando o conte\u00fado do Instagram, para tenha um envolvimento mais intenso.<\/p><div class=\"faq\" data-component=\"FAQ\"><div class=\"faq-item\">\r\n\t\t\t\t\t<div class=\"faq-item-question\">\r\n\t\t\t\t\t\t<h3 class=\"faq-item-question-text\">Posso testar o widget Instagram Feed em a\u00e7\u00e3o?<\/h3>\r\n\r\n\t\t\t\t\t\t<div class=\"faq-item-question-icon\"><\/div>\r\n\t\t\t\t\t<\/div>\r\n\r\n\t\t\t\t\t<div class=\"faq-item-answer\">\r\n\t\t\t\t\t\t<div class=\"faq-item-answer-text\"> <p>Sim, voc\u00ea pode explorar a funcionalidade do widget em uma live gratuita <a href=\"# demonstra\u00e7\u00e3o\">demonstra\u00e7\u00e3o<\/a>. Oferecemos a voc\u00ea a oportunidade de fazer isso diretamente em nosso site, sem criar sua pr\u00f3pria conta ou usar um cart\u00e3o de cr\u00e9dito.<\/p><\/div>\r\n\t\t\t\t\t<\/div>\r\n\t\t\t\t<\/div><div class=\"faq-item\">\r\n\t\t\t\t\t<div class=\"faq-item-question\">\r\n\t\t\t\t\t\t<h3 class=\"faq-item-question-text\">De que maneira posso incorporar o feed do Instagram ao meu site Elementor sem habilidades de codifica\u00e7\u00e3o?<\/h3>\r\n\r\n\t\t\t\t\t\t<div class=\"faq-item-question-icon\"><\/div>\r\n\t\t\t\t\t<\/div>\r\n\r\n\t\t\t\t\t<div class=\"faq-item-answer\">\r\n\t\t\t\t\t\t<div class=\"faq-item-answer-text\"><p>A empresa Elfsight oferece uma solu\u00e7\u00e3o que permite que um grande p\u00fablico gere voc\u00ea mesmo um widget de feed do Instagram, verifique como o processo \u00e9 f\u00e1cil: <\/p><ul><li>Acesse o site online Demonstra\u00e7\u00e3o para criar um widget de feed do Instagram que voc\u00ea gostaria de incorporar ao seu site Elementor.<\/li><li>Clique em um dos modelos pr\u00e9-concebidos e ajuste as configura\u00e7\u00f5es do feed do Instagram, altere o layout e as cores, inclua seu conte\u00fado com sem habilidades de codifica\u00e7\u00e3o.<\/li><li>Clique para salvar o feed do Instagram e obter o c\u00f3digo de instala\u00e7\u00e3o, que pode ser colado facilmente no site Elementor gratuitamente. <\/li><\/ul><p>Com o configurador simples, cada usu\u00e1rio da web pode gerar feed do Instagram e simplesmente col\u00e1-lo no site Elementor. N\u00e3o h\u00e1 necessidade de pagar ou inserir os dados do seu cart\u00e3o para acessar nosso Editor. Se voc\u00ea enfrentar qualquer problema em qualquer etapa, entre em contato com nossa equipe de suporte t\u00e9cnico.<\/p><\/div>\r\n\t\t\t\t\t<\/div>\r\n\t\t\t\t<\/div><div class=\"faq-item\">\r\n\t\t\t\t\t<div class=\"faq-item-question\">\r\n\t\t\t\t\t\t<h3 class=\"faq-item-question-text\">Como incorporar feed do Instagram gratuitamente no Elementor?<\/h3>\r\n\r\n\t\t\t\t\t\t<div class=\"faq-item-question-icon\"><\/div>\r\n\t\t\t\t\t<\/div>\r\n\r\n\t\t\t\t\t<div class=\"faq-item-answer\">\r\n\t\t\t\t\t\t<div class=\"faq-item-answer-text\"><ol><p> Apresentar um feed do Instagram no seu site \u00e9 um m\u00e9todo excelente para exibir suas postagens mais recentes e manter seu p\u00fablico envolvido.<\/p><ol><li>Para incorporar um feed do Instagram da Elfsight gratuitamente no Elementor, comece visitando o site da Elfsight e inscrevendo-se para uma conta gratuita.<\/li><li>Aproveite o widget gratuito do Instagram ajustando sua apar\u00eancia e configura\u00e7\u00f5es para se alinhar \u00e0 est\u00e9tica do seu site Elementor.<\/li><li>Depois de aperfei\u00e7oar seu feed do Instagram gratuitamente, copie o c\u00f3digo de incorpora\u00e7\u00e3o exclusivo e cole-o no HTML do seu site onde deseja que o feed fique vis\u00edvel.<\/li><\/ol><p>Com a adi\u00e7\u00e3o do seu feed do Instagram em seu site Elementor, voc\u00ea elevar\u00e1 seu interesse visual enquanto mant\u00e9m seus visitantes cativados. Descubra os benef\u00edcios do widget Instagram da Elfsight sem nenhum custo!<\/p><\/ol><\/div>\r\n\t\t\t\t\t<\/div>\r\n\t\t\t\t<\/div><\/div><\/div><div class=\"application-platform-content-item-features application-platform-content-item\" id=\"features\" data-nav-section=\"features\"><h2>Principais recursos do plugin Instagram Feed <\/h2> <p> Os recursos do plug -in do Elementor Instagram, que o tornam a melhor ferramenta para integrar o feed em um site: <\/p> <ul> <li> Adicione conte\u00fado por URL, hashtags e nomes de usu\u00e1rio; <\/li><li>Espa\u00e7o de medianiz vari\u00e1vel;<\/li><li>9 elementos pop-up opcionais;<\/li><li>T\u00edtulo do feed ajust\u00e1vel;<\/li><li>Op\u00e7\u00e3o para definir o tempo de cache.<\/li><\/ul><p><a href=\"#demo\">Teste todas as op\u00e7\u00f5es na demonstra\u00e7\u00e3o da Elfsight<\/a><\/p><p>Se voc\u00ea adicionar o Instagram Feed ao Elementor, ter\u00e1 muitas vantagens. Modelos prontos, que voc\u00ea pode usar como est\u00e3o ou personalizar de acordo com suas prefer\u00eancias. Em qualquer caso, eles parecem deslumbrantes e \u00fanicos. Al\u00e9m disso, o pr\u00f3prio widget se torna uma bela galeria de fotos, decorando suas p\u00e1ginas web. Por fim, voc\u00ea n\u00e3o precisa aprender a API de desenvolvedor do Instagram, porque voc\u00ea cria a galeria em um editor visual.<\/p><\/div><div class=\"application-platform-content-item-installation application-platform-content-item\" id=\"installation\" data-nav-section=\"installation\"><h2>Como adicionar feed do Instagram ao site Elementor <\/h2><div class=\"video-container\">\n<iframe width=\"720\" height=\"405\" src=\"https:\/\/www.youtube.com\/embed\/_jsK2ivDIlY?si=iCNFzkTGjdBYNLU7\" frameborder=\"0\" allowfullscreen=\"\"><\/iframe>\n<\/div><p>Leia nossas breves instru\u00e7\u00f5es sobre como incorporar e moldar o plugin. O tempo m\u00e9dio de instala\u00e7\u00e3o n\u00e3o passa de 2 minutos, acima disso n\u00e3o h\u00e1 necessidade de ter habilidades em desenvolvimento web. Voc\u00ea pode testar todos os recursos do <a href=\"https:\/\/elfsight.com\/blog\/how-to-embed-instagram-feed-on-website\/\">Instagram Feed<\/a> e instal\u00e1-lo em um site de gra\u00e7a! Veja como:<\/p><ol><li><b>Crie seu feed individual do Instagram<\/b><br> Em nosso configurador gratuito, crie um plugin, selecionando layout, adicionando fontes e outras op\u00e7\u00f5es.<\/li> <li><b>Receba o seu c\u00f3digo exclusivo para incorporar o plugin<\/b><br> Depois de configurar o widget, obtenha o seu c\u00f3digo exclusivo para o plugin do Instagram na notifica\u00e7\u00e3o pop-up nas aplica\u00e7\u00f5es Elfsight.<\/li> <li> <b>Coloque o plugin no site da Elementor<\/b><br> Adicione o plugin na \u00e1rea desejada da p\u00e1gina e publique as altera\u00e7\u00f5es.<\/li> <li><b>Conclu\u00eddo!<\/b><br> Visite seu site para verificar seu plug-in.<\/li> <\/ol> <p>Tem d\u00favidas sobre como exibir o plug-in ou personalizar seu feed do Instagram? Entre em contato com nosso suporte.<\/p><\/div><p><\/p><!-- \/wp:paragraph - &gt; \/wp:paragraph -->","protected":false},"excerpt":{"rendered":"","protected":false},"author":9,"featured_media":0,"parent":481,"menu_order":0,"comment_status":"closed","ping_status":"closed","template":"templates\/template-application-platform.php","meta":{"publish_to_discourse":"","publish_post_category":"","wpdc_auto_publish_overridden":"","wpdc_topic_tags":"","wpdc_pin_topic":"","wpdc_pin_until":"","discourse_post_id":"","discourse_permalink":"","wpdc_publishing_response":"","wpdc_publishing_error":"","footnotes":""},"class_list":["post-4274","page","type-page","status-publish","hentry"],"yoast_head":"<!-- This site is optimized with the Yoast SEO plugin v25.3.1 - https:\/\/yoast.com\/wordpress\/plugins\/seo\/ -->\n<title>Plug-in Instagram Feed para Elementor - adicione Instagram a um site gratuitamente!<\/title>\n<meta name=\"description\" content=\"Aprenda como adicionar feed do Instagram ao site Elementor gratuitamente. Experimente o melhor widget Elementor Instagram para adicionar imagens e v\u00eddeos a um site.\" \/>\n<meta name=\"robots\" content=\"index, follow, max-snippet:-1, max-image-preview:large, max-video-preview:-1\" \/>\n<link rel=\"canonical\" href=\"https:\/\/elfsight.com\/pt\/instagram-feed-instashow\/elementor\/\" \/>\n<meta property=\"og:locale\" content=\"pt_PT\" \/>\n<meta property=\"og:type\" content=\"article\" \/>\n<meta property=\"og:title\" content=\"Plug-in Instagram Feed para Elementor - adicione Instagram a um site gratuitamente!\" \/>\n<meta property=\"og:description\" content=\"Aprenda como adicionar feed do Instagram ao site Elementor gratuitamente. Experimente o melhor widget Elementor Instagram para adicionar imagens e v\u00eddeos a um site.\" \/>\n<meta property=\"og:url\" content=\"https:\/\/elfsight.com\/pt\/instagram-feed-instashow\/elementor\/\" \/>\n<meta property=\"og:site_name\" content=\"Elfsight PT\" \/>\n<meta property=\"article:modified_time\" content=\"2025-11-13T14:22:12+00:00\" \/>\n<meta name=\"twitter:card\" content=\"summary_large_image\" \/>\n<meta name=\"twitter:label1\" content=\"Tempo estimado de leitura\" \/>\n\t<meta name=\"twitter:data1\" content=\"5 minutos\" \/>\n<!-- \/ Yoast SEO plugin. -->","yoast_head_json":{"title":"Plug-in Instagram Feed para Elementor - adicione Instagram a um site gratuitamente!","description":"Aprenda como adicionar feed do Instagram ao site Elementor gratuitamente. Experimente o melhor widget Elementor Instagram para adicionar imagens e v\u00eddeos a um site.","robots":{"index":"index","follow":"follow","max-snippet":"max-snippet:-1","max-image-preview":"max-image-preview:large","max-video-preview":"max-video-preview:-1"},"canonical":"https:\/\/elfsight.com\/pt\/instagram-feed-instashow\/elementor\/","og_locale":"pt_PT","og_type":"article","og_title":"Plug-in Instagram Feed para Elementor - adicione Instagram a um site gratuitamente!","og_description":"Aprenda como adicionar feed do Instagram ao site Elementor gratuitamente. Experimente o melhor widget Elementor Instagram para adicionar imagens e v\u00eddeos a um site.","og_url":"https:\/\/elfsight.com\/pt\/instagram-feed-instashow\/elementor\/","og_site_name":"Elfsight PT","article_modified_time":"2025-11-13T14:22:12+00:00","twitter_card":"summary_large_image","twitter_misc":{"Tempo estimado de leitura":"5 minutos"},"schema":{"@context":"https:\/\/schema.org","@graph":[{"@type":"WebPage","@id":"https:\/\/elfsight.com\/pt\/instagram-feed-instashow\/elementor\/","url":"https:\/\/elfsight.com\/pt\/instagram-feed-instashow\/elementor\/","name":"Plug-in Instagram Feed para Elementor - adicione Instagram a um site gratuitamente!","isPartOf":{"@id":"https:\/\/elfsight.com\/pt\/#website"},"datePublished":"2024-05-03T06:39:30+00:00","dateModified":"2025-11-13T14:22:12+00:00","description":"Aprenda como adicionar feed do Instagram ao site Elementor gratuitamente. Experimente o melhor widget Elementor Instagram para adicionar imagens e v\u00eddeos a um site.","breadcrumb":{"@id":"https:\/\/elfsight.com\/pt\/instagram-feed-instashow\/elementor\/#breadcrumb"},"inLanguage":"pt-PT","potentialAction":[{"@type":"ReadAction","target":["https:\/\/elfsight.com\/pt\/instagram-feed-instashow\/elementor\/"]}]},{"@type":"BreadcrumbList","@id":"https:\/\/elfsight.com\/pt\/instagram-feed-instashow\/elementor\/#breadcrumb","itemListElement":[{"@type":"ListItem","position":1,"name":"Home","item":"https:\/\/elfsight.com\/pt\/"},{"@type":"ListItem","position":2,"name":"Instagram Feed","item":"https:\/\/elfsight.com\/pt\/instagram-feed-instashow\/"},{"@type":"ListItem","position":3,"name":"Instagram Feed &#8211; Elementor"}]},{"@type":"WebSite","@id":"https:\/\/elfsight.com\/pt\/#website","url":"https:\/\/elfsight.com\/pt\/","name":"Elfsight PT","description":"Just another Elfsight Sites site","potentialAction":[{"@type":"SearchAction","target":{"@type":"EntryPoint","urlTemplate":"https:\/\/elfsight.com\/pt\/?s={search_term_string}"},"query-input":{"@type":"PropertyValueSpecification","valueRequired":true,"valueName":"search_term_string"}}],"inLanguage":"pt-PT"}]}},"meta_box":{"industry":"","seo_heading":"","heading":"","description":"","cta_heading":"","cta_description":"","application":"480","h1":"Widget de feed do Instagram Elementor","h1_caption":"A melhor ferramenta para inserir fotos do Instagram em qualquer site","application_category":[],"applications_title":"","applications_request_title":"","applications_request_button_text":"","hero_text":"","hero_video":"","hero_video_schema_markup":"","selling_points_title":"","selling_points_caption":"","selling_points":[],"selling_points_cta_text":"","features_title":"","features":"","ed_cta_examples_text":"","ed_cta_examples_hidden":"","ed_cta_demo_text":"","ed_cta_demo_hidden":"","why_caption":"","why_editor_title":"","why_editor_text":"","why_team_title":"","why_team_text":"","why_service_title":"","why_service_text":"","template_catalog_visible":"0","template_catalog_title":"","template_catalog_text":"","template_catalog_categories_visible":"","demo_title":"Crie seu widget de feed do Instagram","demo_caption":"Configure seu feed do Instagram e adicione-o ao seu site Elementor gratuitamente!","default_faq_hidden":"","app_template_category":[],"platform":"100","template_public_id":"","codecanyon_url":"","codecanyon_item_id":"","codecanyon_price":"","pricing_caption":"","pricing_elfsight_apps_hide_column":"","pricing_elfsight_apps_url":"","pricing_codecanyon_price_caption":"","integration_category":[],"integration_request_title":"","integration_request_cta":"","integration_platform":"","integrations":[],"platform_category":[],"video_schema_markup":"","price":"a partir de US$ 0\/m\u00eas","trial":"","benefits":[{"text":"Servi\u00e7o de instala\u00e7\u00e3o gratuito"},{"text":"Suporte excepcional"},{"text":"Garantia de devolu\u00e7\u00e3o do dinheiro em 14 dias"},{"text":"Atualiza\u00e7\u00f5es gratuitas cont\u00ednuas"}],"button_url":"#demo","button_target_blank":"0","button_nofollow":"0","attributes":[{"name":"Instala\u00e7\u00f5es","content":"100,000 - 500,000","_state":"expanded"},{"name":"Responsivo","content":"Sim","_state":"expanded"},{"name":"Navegadores compat\u00edveis","content":"Firefox, Safari, Opera, Chrome, Edge"}],"tags":[],"tags_disable_links":"0","hide_more_platforms":"0","video_object":"","demo_hide_cta":"0","demo_hide_cloud_options":"0","pricing_title":"","pricing":[{"pricing_icon":"platform","pricing_title":"Elfsight Apps","pricing_title_caption":"Vers\u00e3o independente de plataforma adequada para qualquer site","pricing_price":"a partir de US$ 0\/m\u00eas","pricing_price_caption":"comece com plano gratuito","pricing_benefits":[{"text":"Sites ilimitados"},{"text":"Suporte profissional da empresa"},{"text":"Suporte profissional da empresa"},{"text":"Pre\u00e7o especial para v\u00e1rios aplicativos"}],"pricing_button_text":"Adicionar ao site","pricing_button_url":"#demo","_state":"expanded"}],"related_apps_title":"","related_apps_hidden":"1","author":"","image":[],"title":"","job":"","social_networks":[]},"_links":{"self":[{"href":"https:\/\/elfsight.com\/pt\/wp-json\/wp\/v2\/pages\/4274","targetHints":{"allow":["GET"]}}],"collection":[{"href":"https:\/\/elfsight.com\/pt\/wp-json\/wp\/v2\/pages"}],"about":[{"href":"https:\/\/elfsight.com\/pt\/wp-json\/wp\/v2\/types\/page"}],"author":[{"embeddable":true,"href":"https:\/\/elfsight.com\/pt\/wp-json\/wp\/v2\/users\/9"}],"replies":[{"embeddable":true,"href":"https:\/\/elfsight.com\/pt\/wp-json\/wp\/v2\/comments?post=4274"}],"version-history":[{"count":3,"href":"https:\/\/elfsight.com\/pt\/wp-json\/wp\/v2\/pages\/4274\/revisions"}],"predecessor-version":[{"id":15169,"href":"https:\/\/elfsight.com\/pt\/wp-json\/wp\/v2\/pages\/4274\/revisions\/15169"}],"up":[{"embeddable":true,"href":"https:\/\/elfsight.com\/pt\/wp-json\/wp\/v2\/pages\/481"}],"wp:attachment":[{"href":"https:\/\/elfsight.com\/pt\/wp-json\/wp\/v2\/media?parent=4274"}],"curies":[{"name":"wp","href":"https:\/\/api.w.org\/{rel}","templated":true}]}}