{"id":4273,"date":"2024-05-03T06:41:21","date_gmt":"2024-05-03T06:41:21","guid":{"rendered":"https:\/\/elfsight.com\/pt\/?page_id=4273"},"modified":"2024-11-13T11:27:11","modified_gmt":"2024-11-13T11:27:11","slug":"opencart","status":"publish","type":"page","link":"https:\/\/elfsight.com\/pt\/number-counter-widget\/opencart\/","title":{"rendered":"Number Counter &#8211; OpenCart"},"content":{"rendered":"<div class=\"application-platform-content-item-description application-platform-content-item\" id=\"description\" data-nav-section=\"description\"> <h2>Descri\u00e7\u00e3o<\/h2> <p>Elfsight Number Counter \u00e9 uma extens\u00e3o f\u00e1cil de trabalhar para OpenCart com uma ampla gama de op\u00e7\u00f5es. \u00c9 uma \u00f3tima ferramenta para exibir seus excelentes \u00edndices de neg\u00f3cios, a quantidade de trabalhos que voc\u00ea realizou at\u00e9 agora e muito mais. O widget \u00e9 extremamente flex\u00edvel. Sinta-se \u00e0 vontade para construir qualquer quantidade de contadores, organiz\u00e1-los em colunas, selecionar \u00edcones de nossa cole\u00e7\u00e3o ou fazer upload de seus personalizados, torn\u00e1-los multicoloridos ou monocrom\u00e1ticos, juntar legendas para esclarecer os n\u00fameros que voc\u00ea est\u00e1 apresentando, recolorir qualquer elemento, escolher o imagem de fundo, e isso n\u00e3o \u00e9 nem a metade. Basta come\u00e7ar a formar seu plugin agora e ver suas estat\u00edsticas cruciais de neg\u00f3cios crescerem rapidamente! <\/p> <p><b>Revele suas conquistas not\u00e1veis \u200b\u200bpara seus futuros compradores. Aumente a quantidade de vendas e leads bem-sucedidos! <\/b><\/p> <\/div> <div class=\"application-platform-content-item-features application-platform-content-item\" id=\"features\" data-nav-section=\"features\"> <h2>Os recursos de widget mais necess\u00e1rios incluem<\/h2> <ul><li>Uma quantidade ilimitada de contadores. <\/li><li>N\u00famero ilimitado de colunas. <\/li><li>Juntar t\u00edtulos, manchetes, prefixos e p\u00f3s-fixos. <\/li><li>Decida o tipo de \u00edcone &#8211; obtenha-o em nossa cole\u00e7\u00e3o ou carregue o seu personalizado. <\/li><li>Links adjacentes. <\/li><\/ul><p><a href=\"#demo\">Voc\u00ea pode testar todos os recursos da extens\u00e3o na demonstra\u00e7\u00e3o agora mesmo<\/a><\/p> <\/div> <div class=\"application-platform-content-item-instala\u00e7\u00e3o application-platform-content-item\" id=\"instala\u00e7\u00e3o\" data-nav-section=\"instala\u00e7\u00e3o\"> <h2>Como posso incorporar o Number Counter em minha p\u00e1gina do OpenCart? <\/h2> <p>Basta seguir alguns passos abaixo para come\u00e7ar a trabalhar com a extens\u00e3o. <\/p> <ol><li><b>Use nosso configurador gratuito e comece a formar sua extens\u00e3o personalizada. <\/b><br> Determine a interface e funcionalidade desejadas da extens\u00e3o e aplique todas as corre\u00e7\u00f5es. <\/li> <li><b>Copie o c\u00f3digo exclusivo que \u00e9 mostrado no formul\u00e1rio especial nas aplica\u00e7\u00f5es Elfsight. <\/b><br> Ap\u00f3s o estabelecimento de sua extens\u00e3o, copie o c\u00f3digo pessoal na caixa exibida e salve-o para uso posterior. <\/li> <li><b>Inicie a aplica\u00e7\u00e3o da extens\u00e3o na sua p\u00e1gina do OpenCart. <\/b><br>Incorpore o c\u00f3digo salvo recentemente em sua p\u00e1gina e salve as corre\u00e7\u00f5es. <\/li> <li><b>A instala\u00e7\u00e3o foi realizada com sucesso. <\/b><br> Visite seu site para examinar o desempenho da extens\u00e3o. <\/li><\/ol><p>Supondo que voc\u00ea enfrente algum obst\u00e1culo, n\u00e3o hesite em recorrer \u00e0 nossa equipe de suporte. Nossos consultores est\u00e3o ansiosos para ajud\u00e1-lo com todas as dificuldades que voc\u00ea possa ter com o produto. <\/p> <div class=\"faq\" data-component=\"FAQ\"><div class=\"faq-item\">\r\n\t\t\t\t\t<div class=\"faq-item-question\">\r\n\t\t\t\t\t\t<h3 class=\"faq-item-question-text\">Existe uma maneira de incorporar o Number Counter na minha p\u00e1gina inicial do OpenCart sem nenhum conhecimento de codifica\u00e7\u00e3o?<\/h3>\r\n\r\n\t\t\t\t\t\t<div class=\"faq-item-question-icon\"><\/div>\r\n\t\t\t\t\t<\/div>\r\n\r\n\t\t\t\t\t<div class=\"faq-item-answer\">\r\n\t\t\t\t\t\t<div class=\"faq-item-answer-text\"> <p>A Elfsight oferece uma solu\u00e7\u00e3o SaaS que permite que voc\u00ea mesmo crie um widget Number Counter, assista as etapas simples: Trabalhe diretamente na demonstra\u00e7\u00e3o online para construir um plugin de contador de n\u00fameros que voc\u00ea gostaria de integrar em sua p\u00e1gina inicial do OpenCart. Selecione um dos modelos predefinidos e ajuste as configura\u00e7\u00f5es do contador num\u00e9rico, altere o layout e a cor dos elementos, incluindo o seu conte\u00fado, sem nenhuma habilidade de codifica\u00e7\u00e3o. Clique para salvar as configura\u00e7\u00f5es feitas no Number Counter e copie o c\u00f3digo do widget para instala\u00e7\u00e3o, que pode ser simplesmente inclu\u00eddo na sua p\u00e1gina inicial do OpenCart sem comprar um plano pago. Com a ajuda de nosso configurador f\u00e1cil de usar, cada usu\u00e1rio da Internet pode estabelecer um aplicativo Number Counter on-line e incorpor\u00e1-lo facilmente no site OpenCart. N\u00e3o \u00e9 necess\u00e1rio pagar nem inserir os dados do seu cart\u00e3o para acessar o servi\u00e7o. Se voc\u00ea encontrar algum obst\u00e1culo em qualquer etapa, n\u00e3o hesite em falar com nossa equipe de suporte t\u00e9cnico.<\/p> <\/div>\r\n\t\t\t\t\t<\/div>\r\n\t\t\t\t<\/div> <\/div><\/div>","protected":false},"excerpt":{"rendered":"","protected":false},"author":9,"featured_media":0,"parent":1061,"menu_order":0,"comment_status":"closed","ping_status":"closed","template":"templates\/template-application-platform.php","meta":{"publish_to_discourse":"","publish_post_category":"","wpdc_auto_publish_overridden":"","wpdc_topic_tags":"","wpdc_pin_topic":"","wpdc_pin_until":"","discourse_post_id":"","discourse_permalink":"","wpdc_publishing_response":"","wpdc_publishing_error":"","footnotes":""},"class_list":["post-4273","page","type-page","status-publish","hentry"],"yoast_head":"<!-- This site is optimized with the Yoast SEO plugin v25.3.1 - https:\/\/yoast.com\/wordpress\/plugins\/seo\/ -->\n<title>Contador de n\u00fameros Elfsight para sites OpenCart (gratuito e f\u00e1cil)<\/title>\n<meta name=\"description\" content=\"Inicie um contador num\u00e9rico em sua p\u00e1gina OpenCart, usando nossa demonstra\u00e7\u00e3o ativa. Forme sua extens\u00e3o personalizada com apenas alguns cliques,\" \/>\n<meta name=\"robots\" content=\"index, follow, max-snippet:-1, max-image-preview:large, max-video-preview:-1\" \/>\n<link rel=\"canonical\" href=\"https:\/\/elfsight.com\/pt\/number-counter-widget\/opencart\/\" \/>\n<meta property=\"og:locale\" content=\"pt_PT\" \/>\n<meta property=\"og:type\" content=\"article\" \/>\n<meta property=\"og:title\" content=\"Contador de n\u00fameros Elfsight para sites OpenCart (gratuito e f\u00e1cil)\" \/>\n<meta property=\"og:description\" content=\"Inicie um contador num\u00e9rico em sua p\u00e1gina OpenCart, usando nossa demonstra\u00e7\u00e3o ativa. Forme sua extens\u00e3o personalizada com apenas alguns cliques,\" \/>\n<meta property=\"og:url\" content=\"https:\/\/elfsight.com\/pt\/number-counter-widget\/opencart\/\" \/>\n<meta property=\"og:site_name\" content=\"Elfsight PT\" \/>\n<meta property=\"article:modified_time\" content=\"2024-11-13T11:27:11+00:00\" \/>\n<meta name=\"twitter:card\" content=\"summary_large_image\" \/>\n<meta name=\"twitter:label1\" content=\"Tempo estimado de leitura\" \/>\n\t<meta name=\"twitter:data1\" content=\"2 minutos\" \/>\n<!-- \/ Yoast SEO plugin. -->","yoast_head_json":{"title":"Contador de n\u00fameros Elfsight para sites OpenCart (gratuito e f\u00e1cil)","description":"Inicie um contador num\u00e9rico em sua p\u00e1gina OpenCart, usando nossa demonstra\u00e7\u00e3o ativa. Forme sua extens\u00e3o personalizada com apenas alguns cliques,","robots":{"index":"index","follow":"follow","max-snippet":"max-snippet:-1","max-image-preview":"max-image-preview:large","max-video-preview":"max-video-preview:-1"},"canonical":"https:\/\/elfsight.com\/pt\/number-counter-widget\/opencart\/","og_locale":"pt_PT","og_type":"article","og_title":"Contador de n\u00fameros Elfsight para sites OpenCart (gratuito e f\u00e1cil)","og_description":"Inicie um contador num\u00e9rico em sua p\u00e1gina OpenCart, usando nossa demonstra\u00e7\u00e3o ativa. Forme sua extens\u00e3o personalizada com apenas alguns cliques,","og_url":"https:\/\/elfsight.com\/pt\/number-counter-widget\/opencart\/","og_site_name":"Elfsight PT","article_modified_time":"2024-11-13T11:27:11+00:00","twitter_card":"summary_large_image","twitter_misc":{"Tempo estimado de leitura":"2 minutos"},"schema":{"@context":"https:\/\/schema.org","@graph":[{"@type":"WebPage","@id":"https:\/\/elfsight.com\/pt\/number-counter-widget\/opencart\/","url":"https:\/\/elfsight.com\/pt\/number-counter-widget\/opencart\/","name":"Contador de n\u00fameros Elfsight para sites OpenCart (gratuito e f\u00e1cil)","isPartOf":{"@id":"https:\/\/elfsight.com\/pt\/#website"},"datePublished":"2024-05-03T06:41:21+00:00","dateModified":"2024-11-13T11:27:11+00:00","description":"Inicie um contador num\u00e9rico em sua p\u00e1gina OpenCart, usando nossa demonstra\u00e7\u00e3o ativa. Forme sua extens\u00e3o personalizada com apenas alguns cliques,","breadcrumb":{"@id":"https:\/\/elfsight.com\/pt\/number-counter-widget\/opencart\/#breadcrumb"},"inLanguage":"pt-PT","potentialAction":[{"@type":"ReadAction","target":["https:\/\/elfsight.com\/pt\/number-counter-widget\/opencart\/"]}]},{"@type":"BreadcrumbList","@id":"https:\/\/elfsight.com\/pt\/number-counter-widget\/opencart\/#breadcrumb","itemListElement":[{"@type":"ListItem","position":1,"name":"Home","item":"https:\/\/elfsight.com\/pt\/"},{"@type":"ListItem","position":2,"name":"Number Counter","item":"https:\/\/elfsight.com\/pt\/number-counter-widget\/"},{"@type":"ListItem","position":3,"name":"Number Counter &#8211; OpenCart"}]},{"@type":"WebSite","@id":"https:\/\/elfsight.com\/pt\/#website","url":"https:\/\/elfsight.com\/pt\/","name":"Elfsight PT","description":"Just another Elfsight Sites site","potentialAction":[{"@type":"SearchAction","target":{"@type":"EntryPoint","urlTemplate":"https:\/\/elfsight.com\/pt\/?s={search_term_string}"},"query-input":{"@type":"PropertyValueSpecification","valueRequired":true,"valueName":"search_term_string"}}],"inLanguage":"pt-PT"}]}},"meta_box":{"industry":"","seo_heading":"","heading":"","description":"","cta_heading":"","cta_description":"","application":"1060","h1":"Extens\u00e3o do contador de n\u00fameros OpenCart","h1_caption":"Demonstre suas realiza\u00e7\u00f5es maravilhosas aos usu\u00e1rios e atraia clientes mais fi\u00e9is","application_category":[],"applications_title":"","applications_request_title":"","applications_request_button_text":"","hero_text":"","hero_video":"","hero_video_schema_markup":"","selling_points_title":"","selling_points_caption":"","selling_points":[],"selling_points_cta_text":"","features_title":"","features":"","ed_cta_examples_text":"","ed_cta_examples_hidden":"","ed_cta_demo_text":"","ed_cta_demo_hidden":"","why_caption":"","why_editor_title":"","why_editor_text":"","why_team_title":"","why_team_text":"","why_service_title":"","why_service_text":"","template_catalog_visible":"","template_catalog_title":"","template_catalog_text":"","template_catalog_categories_visible":"","demo_title":"Crie sua extens\u00e3o de contador num\u00e9rico","demo_caption":"Configure seu contador num\u00e9rico e adicione-o ao seu site OpenCart gratuitamente!","default_faq_hidden":"","app_template_category":[],"platform":"61","template_public_id":"","codecanyon_url":"","codecanyon_item_id":"","codecanyon_price":"","pricing_caption":"","pricing_elfsight_apps_hide_column":"","pricing_elfsight_apps_url":"","pricing_codecanyon_price_caption":"","integration_category":[],"integration_request_title":"","integration_request_cta":"","integration_platform":"","integrations":[],"platform_category":[],"video_schema_markup":"","price":"a partir de US$ 0\/m\u00eas","trial":"","benefits":[{"text":"Servi\u00e7o de instala\u00e7\u00e3o gratuito"},{"text":"Suporte ao cliente experiente"},{"text":"Garantia de reembolso de 14 dias"},{"text":"Melhorias gratuitas vital\u00edcias"}],"button_url":"#demo","button_target_blank":"0","button_nofollow":"0","attributes":[{"name":"Instala\u00e7\u00f5es","content":"10,000 - 100,000","_state":"expanded"},{"name":"Responsivo","content":"Sim","_state":"expanded"},{"name":"Navegadores compat\u00edveis","content":"Chrome, Firefox, Safari, Opera, Edge"}],"tags":[],"tags_disable_links":"0","hide_more_platforms":"","video_object":"","demo_hide_cta":"0","demo_hide_cloud_options":"0","pricing_title":"","pricing":[{"pricing_icon":"platform","pricing_title":"Elfsight Apps","pricing_title_caption":"Vers\u00e3o multiplataforma","pricing_price":"a partir de US$ 0\/m\u00eas","pricing_price_caption":"comece com plano gratuito","pricing_benefits":[{"text":"Dom\u00ednios ilimitados"},{"text":"Suporte gratuito e pontual"},{"text":"Suporte gratuito e pontual"},{"text":"100% personaliz\u00e1vel"}],"pricing_button_text":"Adicionar ao site","pricing_button_url":"#demo","_state":"expanded"}],"related_apps_title":"","related_apps_hidden":"1","author":"","image":[],"title":"","job":"","social_networks":[]},"_links":{"self":[{"href":"https:\/\/elfsight.com\/pt\/wp-json\/wp\/v2\/pages\/4273","targetHints":{"allow":["GET"]}}],"collection":[{"href":"https:\/\/elfsight.com\/pt\/wp-json\/wp\/v2\/pages"}],"about":[{"href":"https:\/\/elfsight.com\/pt\/wp-json\/wp\/v2\/types\/page"}],"author":[{"embeddable":true,"href":"https:\/\/elfsight.com\/pt\/wp-json\/wp\/v2\/users\/9"}],"replies":[{"embeddable":true,"href":"https:\/\/elfsight.com\/pt\/wp-json\/wp\/v2\/comments?post=4273"}],"version-history":[{"count":2,"href":"https:\/\/elfsight.com\/pt\/wp-json\/wp\/v2\/pages\/4273\/revisions"}],"predecessor-version":[{"id":12001,"href":"https:\/\/elfsight.com\/pt\/wp-json\/wp\/v2\/pages\/4273\/revisions\/12001"}],"up":[{"embeddable":true,"href":"https:\/\/elfsight.com\/pt\/wp-json\/wp\/v2\/pages\/1061"}],"wp:attachment":[{"href":"https:\/\/elfsight.com\/pt\/wp-json\/wp\/v2\/media?parent=4273"}],"curies":[{"name":"wp","href":"https:\/\/api.w.org\/{rel}","templated":true}]}}