{"id":4270,"date":"2024-05-03T06:39:16","date_gmt":"2024-05-03T06:39:16","guid":{"rendered":"https:\/\/elfsight.com\/pt\/?page_id=4270"},"modified":"2024-11-13T12:01:56","modified_gmt":"2024-11-13T12:01:56","slug":"jquery","status":"publish","type":"page","link":"https:\/\/elfsight.com\/pt\/google-reviews-widget\/jquery\/","title":{"rendered":"Google Reviews &#8211; jQuery"},"content":{"rendered":"<div class=\"application-platform-content-item-description application-platform-content-item\" id=\"description\" data-nav-section=\"description\"> <h2>Incorpore coment\u00e1rios do Google com o widget Elfsight<\/h2> <p>Se voc\u00ea deseja demonstrar sua alta classifica\u00e7\u00e3o e convencer os visitantes do site de que suas ofertas s\u00e3o vale a pena gastar dinheiro, o Elfsight Google Places Reviews \u00e9 a escolha certa. Com nossa ferramenta, voc\u00ea inserir\u00e1 facilmente avalia\u00e7\u00f5es de clientes do Google em seu site com informa\u00e7\u00f5es sobre seus autores, filtr\u00e1-las para mostrar apenas as boas, adicionar classifica\u00e7\u00f5es e um bot\u00e3o de solicita\u00e7\u00e3o de revis\u00e3o que levar\u00e1 os usu\u00e1rios \u00e0 sua conta do Google, para que eles possam sair uma nova revis\u00e3o. <\/p><div class=\"faq\" data-component=\"FAQ\"> <div class=\"faq-item\">\r\n\t\t\t\t\t<div class=\"faq-item-question\">\r\n\t\t\t\t\t\t<h3 class=\"faq-item-question-text\">Onde posso instal\u00e1-lo no meu site?<\/h3>\r\n\r\n\t\t\t\t\t\t<div class=\"faq-item-question-icon\"><\/div>\r\n\t\t\t\t\t<\/div>\r\n\r\n\t\t\t\t\t<div class=\"faq-item-answer\">\r\n\t\t\t\t\t\t<div class=\"faq-item-answer-text\"> <p>O widget pode ser publicado em qualquer p\u00e1gina da web, onde voc\u00ea deseja impressionar os usu\u00e1rios com sua alta classifica\u00e7\u00e3o e popularidade entre os clientes . Se quiser exibir o widget em todas as p\u00e1ginas do site, basta inseri-lo no modelo do site. <\/p><\/div>\r\n\t\t\t\t\t<\/div>\r\n\t\t\t\t<\/div> <div class=\"faq-item\">\r\n\t\t\t\t\t<div class=\"faq-item-question\">\r\n\t\t\t\t\t\t<h3 class=\"faq-item-question-text\">Como vou me beneficiar com isso? <\/h3>\r\n\r\n\t\t\t\t\t\t<div class=\"faq-item-question-icon\"><\/div>\r\n\t\t\t\t\t<\/div>\r\n\r\n\t\t\t\t\t<div class=\"faq-item-answer\">\r\n\t\t\t\t\t\t<div class=\"faq-item-answer-text\"> <p>Avalia\u00e7\u00f5es adicionadas por pessoas reais parecem extremamente confi\u00e1veis \u200b\u200bpara os visitantes do seu site e demonstram que sua empresa \u00e9 confi\u00e1vel. Avalia\u00e7\u00f5es altas e avalia\u00e7\u00f5es excelentes podem ajudar a aumentar o n\u00edvel de compra em seu site. Al\u00e9m disso, o bot\u00e3o ativo em um widget jQuery pode contribuir para ter mais avalia\u00e7\u00f5es de clientes sobre suas ofertas ou servi\u00e7os nos locais do Google.<\/p> <\/div>\r\n\t\t\t\t\t<\/div>\r\n\t\t\t\t<\/div> <div class=\"faq-item\">\r\n\t\t\t\t\t<div class=\"faq-item-question\">\r\n\t\t\t\t\t\t<h3 class=\"faq-item-question-text\">Como fa\u00e7o para incorporar o widget de Avalia\u00e7\u00f5es do Google em meu site jQuery ? <\/h3>\r\n\r\n\t\t\t\t\t\t<div class=\"faq-item-question-icon\"><\/div>\r\n\t\t\t\t\t<\/div>\r\n\r\n\t\t\t\t\t<div class=\"faq-item-answer\">\r\n\t\t\t\t\t\t<div class=\"faq-item-answer-text\"> <p>Leva dois minutos do seu tempo para fazer isso. A instala\u00e7\u00e3o \u00e9 extremamente r\u00e1pida, gratuita e sem codifica\u00e7\u00e3o. <\/p> <p>Voc\u00ea pode incorporar o widget em seu site diretamente atrav\u00e9s do nosso servi\u00e7o. Para fazer isso, consulte um breve guia de instala\u00e7\u00e3o abaixo nesta p\u00e1gina. <\/p> <\/div>\r\n\t\t\t\t\t<\/div>\r\n\t\t\t\t<\/div> <\/div> <\/div> <div class=\"application-platform-content-item-features application-platform-content-item\" id=\"features\" data-nav-section=\"features\"> <h2>Principais recursos do widget de Avalia\u00e7\u00f5es do Google<\/h2> <p>Para obter uma compreens\u00e3o clara do widget, voc\u00ea pode consultar a lista das caracter\u00edsticas prim\u00e1rias. Eles tornam este widget incrivelmente eficiente para o seu site: <\/p> <ul> <li>3 tipos de filtros: por tipo, exclus\u00e3o por e quantidade de coment\u00e1rios para exibi\u00e7\u00e3o<\/li> <li>4 prontos para uso de layouts: lista, grade, alvenaria e controle deslizante<\/li> <li>Cabe\u00e7alho totalmente flex\u00edvel do widget<\/li> <li>O bot\u00e3o de solicita\u00e7\u00e3o de revis\u00e3o leva os visitantes \u00e0 sua p\u00e1gina do Google<\/li> <li>6 elementos personaliz\u00e1veis dos coment\u00e1rios: nome e foto do autor, recomenda\u00e7\u00e3o, data de sa\u00edda, \u00edcone do Google e classifica\u00e7\u00e3o por estrelas<\/li> <li>Duas variantes de cen\u00e1rios ap\u00f3s o usu\u00e1rio negar ter deixado um coment\u00e1rio: mostrar uma mensagem de texto ou ocultar o bot\u00e3o do Widget jQuery. <\/li> <\/ul><p><a href=\"#demo\">Para explorar mais recursos, consulte a demonstra\u00e7\u00e3o<\/a><\/p> <\/div> <div class=\"application-platform-content-item-installation application-platform-content-item\" id=\"installation\" data-nav-section=\"installation\"> <h2> Como adicionar o Google Reviews ao site jQuery<\/h2> <p>As a\u00e7\u00f5es a seguir s\u00e3o a \u00fanica coisa que voc\u00ea precisa fazer. Isso levar\u00e1 alguns minutos e n\u00e3o envolve codifica\u00e7\u00e3o.<\/p> <ol><li><b>Construa seu pr\u00f3prio plug-in do Google Reviews<\/b><br> Por meio de nosso editor gratuito, gere um plugin com design e caracter\u00edsticas funcionais prefer\u00edveis.<\/li> <li><b>Adquira o c\u00f3digo pessoal para adicionar o plugin<\/b><br> Depois de configurar seu widget jQuery Google Reviews, voc\u00ea adquirir\u00e1 seu c\u00f3digo pessoal na janela pop-up nas aplica\u00e7\u00f5es Elfsight. Copie o c\u00f3digo para uso posterior.<\/li> <li><b>Publique o plugin em seu site jQuery<\/b><br> Defina a \u00e1rea onde voc\u00ea precisa incorporar o widget e insira o c\u00f3digo copiado l\u00e1. Salve os resultados.<\/li> <li><b>A configura\u00e7\u00e3o foi bem-sucedida!<\/b><br> Visite seu site para ver seu trabalho.<\/li> <\/ol><p>Ainda tem d\u00favidas? Ou est\u00e1 tendo problemas com o jQuery Google Reviews? Basta enviar sua solicita\u00e7\u00e3o para nosso atendimento ao cliente e eles ajudar\u00e3o com qualquer d\u00favida.<\/p> <\/div>","protected":false},"excerpt":{"rendered":"","protected":false},"author":9,"featured_media":0,"parent":443,"menu_order":0,"comment_status":"closed","ping_status":"closed","template":"templates\/template-application-platform.php","meta":{"publish_to_discourse":"","publish_post_category":"","wpdc_auto_publish_overridden":"","wpdc_topic_tags":"","wpdc_pin_topic":"","wpdc_pin_until":"","discourse_post_id":"","discourse_permalink":"","wpdc_publishing_response":"","wpdc_publishing_error":"","footnotes":""},"class_list":["post-4270","page","type-page","status-publish","hentry"],"yoast_head":"<!-- This site is optimized with the Yoast SEO plugin v25.3.1 - https:\/\/yoast.com\/wordpress\/plugins\/seo\/ -->\n<title>Incorpore coment\u00e1rios do Google em jQuery - adicione coment\u00e1rios ao site em 2 minutos!<\/title>\n<meta name=\"description\" content=\"\u00c9 f\u00e1cil criar seu plugin do Google Reviews e coloc\u00e1-lo em seu site jQuery. O atendimento ao cliente da Elfsight \u00e9 gratuito e r\u00e1pido.\" \/>\n<meta name=\"robots\" content=\"index, follow, max-snippet:-1, max-image-preview:large, max-video-preview:-1\" \/>\n<link rel=\"canonical\" href=\"https:\/\/elfsight.com\/pt\/google-reviews-widget\/jquery\/\" \/>\n<meta property=\"og:locale\" content=\"pt_PT\" \/>\n<meta property=\"og:type\" content=\"article\" \/>\n<meta property=\"og:title\" content=\"Incorpore coment\u00e1rios do Google em jQuery - adicione coment\u00e1rios ao site em 2 minutos!\" \/>\n<meta property=\"og:description\" content=\"\u00c9 f\u00e1cil criar seu plugin do Google Reviews e coloc\u00e1-lo em seu site jQuery. O atendimento ao cliente da Elfsight \u00e9 gratuito e r\u00e1pido.\" \/>\n<meta property=\"og:url\" content=\"https:\/\/elfsight.com\/pt\/google-reviews-widget\/jquery\/\" \/>\n<meta property=\"og:site_name\" content=\"Elfsight PT\" \/>\n<meta property=\"article:modified_time\" content=\"2024-11-13T12:01:56+00:00\" \/>\n<meta name=\"twitter:card\" content=\"summary_large_image\" \/>\n<meta name=\"twitter:label1\" content=\"Tempo estimado de leitura\" \/>\n\t<meta name=\"twitter:data1\" content=\"2 minutos\" \/>\n<!-- \/ Yoast SEO plugin. -->","yoast_head_json":{"title":"Incorpore coment\u00e1rios do Google em jQuery - adicione coment\u00e1rios ao site em 2 minutos!","description":"\u00c9 f\u00e1cil criar seu plugin do Google Reviews e coloc\u00e1-lo em seu site jQuery. O atendimento ao cliente da Elfsight \u00e9 gratuito e r\u00e1pido.","robots":{"index":"index","follow":"follow","max-snippet":"max-snippet:-1","max-image-preview":"max-image-preview:large","max-video-preview":"max-video-preview:-1"},"canonical":"https:\/\/elfsight.com\/pt\/google-reviews-widget\/jquery\/","og_locale":"pt_PT","og_type":"article","og_title":"Incorpore coment\u00e1rios do Google em jQuery - adicione coment\u00e1rios ao site em 2 minutos!","og_description":"\u00c9 f\u00e1cil criar seu plugin do Google Reviews e coloc\u00e1-lo em seu site jQuery. O atendimento ao cliente da Elfsight \u00e9 gratuito e r\u00e1pido.","og_url":"https:\/\/elfsight.com\/pt\/google-reviews-widget\/jquery\/","og_site_name":"Elfsight PT","article_modified_time":"2024-11-13T12:01:56+00:00","twitter_card":"summary_large_image","twitter_misc":{"Tempo estimado de leitura":"2 minutos"},"schema":{"@context":"https:\/\/schema.org","@graph":[{"@type":"WebPage","@id":"https:\/\/elfsight.com\/pt\/google-reviews-widget\/jquery\/","url":"https:\/\/elfsight.com\/pt\/google-reviews-widget\/jquery\/","name":"Incorpore coment\u00e1rios do Google em jQuery - adicione coment\u00e1rios ao site em 2 minutos!","isPartOf":{"@id":"https:\/\/elfsight.com\/pt\/#website"},"datePublished":"2024-05-03T06:39:16+00:00","dateModified":"2024-11-13T12:01:56+00:00","description":"\u00c9 f\u00e1cil criar seu plugin do Google Reviews e coloc\u00e1-lo em seu site jQuery. O atendimento ao cliente da Elfsight \u00e9 gratuito e r\u00e1pido.","breadcrumb":{"@id":"https:\/\/elfsight.com\/pt\/google-reviews-widget\/jquery\/#breadcrumb"},"inLanguage":"pt-PT","potentialAction":[{"@type":"ReadAction","target":["https:\/\/elfsight.com\/pt\/google-reviews-widget\/jquery\/"]}]},{"@type":"BreadcrumbList","@id":"https:\/\/elfsight.com\/pt\/google-reviews-widget\/jquery\/#breadcrumb","itemListElement":[{"@type":"ListItem","position":1,"name":"Home","item":"https:\/\/elfsight.com\/pt\/"},{"@type":"ListItem","position":2,"name":"Google Reviews","item":"https:\/\/elfsight.com\/pt\/google-reviews-widget\/"},{"@type":"ListItem","position":3,"name":"Google Reviews &#8211; jQuery"}]},{"@type":"WebSite","@id":"https:\/\/elfsight.com\/pt\/#website","url":"https:\/\/elfsight.com\/pt\/","name":"Elfsight PT","description":"Just another Elfsight Sites site","potentialAction":[{"@type":"SearchAction","target":{"@type":"EntryPoint","urlTemplate":"https:\/\/elfsight.com\/pt\/?s={search_term_string}"},"query-input":{"@type":"PropertyValueSpecification","valueRequired":true,"valueName":"search_term_string"}}],"inLanguage":"pt-PT"}]}},"meta_box":{"industry":"","seo_heading":"","heading":"","description":"","cta_heading":"","cta_description":"","application":"442","h1":"Plug-in jQuery Google Reviews","h1_caption":"Publique as impress\u00f5es perfeitas dos clientes do Google em seu site","application_category":[],"applications_title":"","applications_request_title":"","applications_request_button_text":"","hero_text":"","hero_video":"","hero_video_schema_markup":"","selling_points_title":"","selling_points_caption":"","selling_points":[],"selling_points_cta_text":"","features_title":"","features":"","ed_cta_examples_text":"","ed_cta_examples_hidden":"","ed_cta_demo_text":"","ed_cta_demo_hidden":"","why_caption":"","why_editor_title":"","why_editor_text":"","why_team_title":"","why_team_text":"","why_service_title":"","why_service_text":"","template_catalog_visible":"","template_catalog_title":"","template_catalog_text":"","template_catalog_categories_visible":"","demo_title":"Crie seu plug-in do Google Reviews","demo_caption":"Configure seu Google Reviews e adicione-o ao seu site jQuery gratuitamente!","default_faq_hidden":"","app_template_category":[],"platform":"55","template_public_id":"","codecanyon_url":"","codecanyon_item_id":"","codecanyon_price":"","pricing_caption":"","pricing_elfsight_apps_hide_column":"","pricing_elfsight_apps_url":"","pricing_codecanyon_price_caption":"","integration_category":[],"integration_request_title":"","integration_request_cta":"","integration_platform":"","integrations":[],"platform_category":[],"video_schema_markup":"","price":"a partir de US$ 0\/m\u00eas","trial":"","benefits":[{"text":"Servi\u00e7o de instala\u00e7\u00e3o gratuito"},{"text":"Suporte excepcional"},{"text":"Garantia de reembolso de 14 dias"},{"text":"Desenvolvimento cont\u00ednuo"}],"button_url":"#demo","button_target_blank":"0","button_nofollow":"0","attributes":[{"name":"Instala\u00e7\u00f5es","content":"100,000 - 500,000","_state":"expanded"},{"name":"Responsivo","content":"Sim","_state":"expanded"},{"name":"Navegadores compat\u00edveis","content":"Firefox, Safari, Opera, Chrome, Edge"}],"tags":[],"tags_disable_links":"0","hide_more_platforms":"","video_object":"","demo_hide_cta":"0","demo_hide_cloud_options":"0","pricing_title":"","pricing":[{"pricing_icon":"platform","pricing_title":"Elfsight Apps","pricing_title_caption":"Vers\u00e3o multiplataforma que funciona em qualquer site","pricing_price":"a partir de US$ 0\/m\u00eas","pricing_price_caption":"comece com um plano gratuito","pricing_benefits":[{"text":"Sites ilimitados"},{"text":"Suporte r\u00e1pido ao cliente"},{"text":"Suporte r\u00e1pido ao cliente"},{"text":"100% personaliz\u00e1vel"}],"pricing_button_text":"Adicionar ao site","pricing_button_url":"#demo","_state":"expanded"}],"related_apps_title":"","related_apps_hidden":"1","author":"","image":[],"title":"","job":"","social_networks":[]},"_links":{"self":[{"href":"https:\/\/elfsight.com\/pt\/wp-json\/wp\/v2\/pages\/4270","targetHints":{"allow":["GET"]}}],"collection":[{"href":"https:\/\/elfsight.com\/pt\/wp-json\/wp\/v2\/pages"}],"about":[{"href":"https:\/\/elfsight.com\/pt\/wp-json\/wp\/v2\/types\/page"}],"author":[{"embeddable":true,"href":"https:\/\/elfsight.com\/pt\/wp-json\/wp\/v2\/users\/9"}],"replies":[{"embeddable":true,"href":"https:\/\/elfsight.com\/pt\/wp-json\/wp\/v2\/comments?post=4270"}],"version-history":[{"count":2,"href":"https:\/\/elfsight.com\/pt\/wp-json\/wp\/v2\/pages\/4270\/revisions"}],"predecessor-version":[{"id":11938,"href":"https:\/\/elfsight.com\/pt\/wp-json\/wp\/v2\/pages\/4270\/revisions\/11938"}],"up":[{"embeddable":true,"href":"https:\/\/elfsight.com\/pt\/wp-json\/wp\/v2\/pages\/443"}],"wp:attachment":[{"href":"https:\/\/elfsight.com\/pt\/wp-json\/wp\/v2\/media?parent=4270"}],"curies":[{"name":"wp","href":"https:\/\/api.w.org\/{rel}","templated":true}]}}