{"id":4266,"date":"2024-05-03T06:39:37","date_gmt":"2024-05-03T06:39:37","guid":{"rendered":"https:\/\/elfsight.com\/pt\/?page_id=4266"},"modified":"2025-01-21T10:14:59","modified_gmt":"2025-01-21T10:14:59","slug":"drupal","status":"publish","type":"page","link":"https:\/\/elfsight.com\/pt\/instagram-feed-instashow\/drupal\/","title":{"rendered":"Instagram Feed &#8211; Drupal"},"content":{"rendered":"\n<div class=\"application-platform-content-item-description application-platform-content-item\" id=\"description\" data-nav-section=\"description\"><h2>Incorporar Instagram no Drupal com widget Elfsight<\/h2><p>InstaShow \u00e9 o melhor plugin do Instagram, que d\u00e1 a possibilidade de criar galerias maravilhosas fora de imagens e v\u00eddeos do Instagram. Uma grande quantidade de op\u00e7\u00f5es de personaliza\u00e7\u00e3o do seu pr\u00f3prio feed: todas as fontes dispon\u00edveis, pr\u00e9-modera\u00e7\u00e3o do feed, mais de 70 caracter\u00edsticas adaptativas, 10 esquemas de design e 100% adapt\u00e1vel para qualquer tamanho de tela. Use um plugin totalmente responsivo e eficiente para envolver os visitantes do seu site imediatamente.<\/p><ul><li><b>Duplique seu \u00edndice de convers\u00e3o<\/b>.<br>Demonstre suas ofertas para clientes em potencial por meio de fotos do Instagram por hashtags, locais, contas ou por um URL espec\u00edfico, para aumentar o desempenho do seu site.<\/li><li><b>Avance sua p\u00e1gina do Instagram<\/b>.<br>Amplie ainda mais seu perfil no Instagram aumentando sua popularidade no site, permita que mais visitantes conhe\u00e7am voc\u00ea e se tornem seus assinantes.<\/li><li><b>Envolva o maior n\u00famero de visitantes do site<\/b>.<br>Integre fotos do Instagram em seu site usando o plug-in Elfsight, e atrair\u00e3o mais espectadores e os convencer\u00e3o a passar mais tempo no site.<\/li><\/ul><div class=\"faq\" data-component=\"FAQ\"><div class=\"faq-item\">\r\n\t\t\t\t\t<div class=\"faq-item-question\">\r\n\t\t\t\t\t\t<h3 class=\"faq-item-question-text\">Posso testar o widget Instagram Feed em a\u00e7\u00e3o?<\/h3>\r\n\r\n\t\t\t\t\t\t<div class=\"faq-item-question-icon\"><\/div>\r\n\t\t\t\t\t<\/div>\r\n\r\n\t\t\t\t\t<div class=\"faq-item-answer\">\r\n\t\t\t\t\t\t<div class=\"faq-item-answer-text\"> <p>Sim, voc\u00ea pode verificar as fun\u00e7\u00f5es e configura\u00e7\u00f5es do widget em uma <a href=\"#demo\">demonstra\u00e7\u00e3o<\/a> on-line gratuita sem registro.<\/p><\/div>\r\n\t\t\t\t\t<\/div>\r\n\t\t\t\t<\/div><\/div><\/div> <div class=\"application-platform-content-item-features application-platform-content-item\" id=\"features\" data-nav-section=\"features\"><h2>Principais funcionalidades do m\u00f3dulo Instagram Feed<\/h2><p>Os pontos b\u00e1sicos do plugin Elfsight, que o transformam na melhor ferramenta para incorporar Instagram Feed em um site Drupal:<\/p><ul><li>Use o filtro Excluir para limitar o n\u00famero de fontes<\/li><li>N\u00famero ajust\u00e1vel de colunas e linhas<\/li><li>9 elementos pop-up opcionais<\/li><li>Feed ajust\u00e1vel title<\/li><li>27 idiomas populares suportados<\/li><li>Oportunidade de incorporar o m\u00f3dulo Drupal Instagram em v\u00e1rios cliques<\/li><\/ul><p><a href=\"#demo\">Veja mais recursos em nossa demonstra\u00e7\u00e3o<\/a><\/p><\/div><div class=\"application-platform-content-item-installation application-platform-content-item\" id=\"installation\" data-nav-section=\"installation\"><h2>Como adicionar o m\u00f3dulo Instagram ao site Drupal<\/h2><div class=\"video-container\"> <iframe width=\"720\" height=\"405\" src=\"https:\/\/www.youtube.com\/embed\/VZFmm8U9g0Y\" frameborder=\"0\" allowfullscreen=\"\"><\/iframe><\/div><p> Basta seguir as etapas apresentadas abaixo para adicionar o feed do Instagram no Drupal.<\/p> <ol><li><b>Abra nossa demonstra\u00e7\u00e3o gratuita e comece a formar seu m\u00f3dulo exclusivo. <\/b><br> Determine a interface selecionada e os recursos do m\u00f3dulo e salve as modifica\u00e7\u00f5es. <\/li> <li><b>Copie o seu c\u00f3digo individual mostrado na caixa nas aplica\u00e7\u00f5es Elfsight. <\/b><br> Logo ap\u00f3s a conclus\u00e3o do estabelecimento do seu widget pessoal, copie o c\u00f3digo exclusivo na janela exibida e guarde-o para uso futuro. <\/li> <li><b>Entre usando o m\u00f3dulo em seu site Drupal. <\/b><br> Insira o c\u00f3digo que voc\u00ea copiou recentemente em sua p\u00e1gina e salve as melhorias. <\/li> <li><b>Pronto! A configura\u00e7\u00e3o est\u00e1 totalmente conclu\u00edda. <\/b><br> Acesse seu site para examinar como o plugin est\u00e1 funcionando. <\/li><\/ol><p>Est\u00e1 enfrentando problemas ao criar o feed do Instagram do Drupal? Envie uma mensagem para o suporte ao cliente da Elfsight.<\/p><\/div><div class=\"faq\" data-component=\"FAQ\"><div class=\"faq-item\">\r\n\t\t\t\t\t<div class=\"faq-item-question\">\r\n\t\t\t\t\t\t<h3 class=\"faq-item-question-text\">Existe uma op\u00e7\u00e3o para adicionar Instagram Feed \u00e0 minha p\u00e1gina Drupal sem codifica\u00e7\u00e3o skills?<\/h3>\r\n\r\n\t\t\t\t\t\t<div class=\"faq-item-question-icon\"><\/div>\r\n\t\t\t\t\t<\/div>\r\n\r\n\t\t\t\t\t<div class=\"faq-item-answer\">\r\n\t\t\t\t\t\t<div class=\"faq-item-answer-text\"><p>A empresa Elfsight oferece uma solu\u00e7\u00e3o que permite que um p\u00fablico amplo estabele\u00e7a voc\u00ea mesmo um widget de Feed do Instagram. Veja o guia simples: <\/p><ul><li>Trabalhe diretamente no Editor ao vivo para formar uma se\u00e7\u00e3o de Feed do Instagram voc\u00ea gostaria que aparecesse na p\u00e1gina inicial do Drupal.<\/li><li>Escolha um dos modelos predefinidos e adapte as configura\u00e7\u00f5es do feed do Instagram, atualize seu conte\u00fado, altere o layout e as cores sem nenhum conhecimento de codifica\u00e7\u00e3o.<\/li><li>Clique para salvar o Feed do Instagram e obter o c\u00f3digo do widget para instala\u00e7\u00e3o, que pode ser colado em qualquer p\u00e1gina inicial do Drupal sem comprar uma vers\u00e3o paga. <\/li><\/ul><p>Com a ajuda do Configurador f\u00e1cil de usar, qualquer usu\u00e1rio da Internet pode criar uma se\u00e7\u00e3o de feed do Instagram e col\u00e1-la facilmente em qualquer site Drupal. Voc\u00ea n\u00e3o deve adquirir um plano pago ou divulgar os dados do seu cart\u00e3o para entrar no Elfsight Editor. Se voc\u00ea tiver qualquer tipo de problema, n\u00e3o hesite em entrar em contato com nossa equipe de suporte.<\/p><\/div>\r\n\t\t\t\t\t<\/div>\r\n\t\t\t\t<\/div><div class=\"faq-item\">\r\n\t\t\t\t\t<div class=\"faq-item-question\">\r\n\t\t\t\t\t\t<h3 class=\"faq-item-question-text\">Como incorporar o feed do Instagram gratuitamente no Drupal?<\/h3>\r\n\r\n\t\t\t\t\t\t<div class=\"faq-item-question-icon\"><\/div>\r\n\t\t\t\t\t<\/div>\r\n\r\n\t\t\t\t\t<div class=\"faq-item-answer\">\r\n\t\t\t\t\t\t<div class=\"faq-item-answer-text\"><ol><p>Incorporando um feed do Instagram em seu site \u00e9 uma maneira fant\u00e1stica de destacar suas postagens recentes e envolver seus visitantes.<\/p><ol><li>Para <a href=\"https:\/\/elfsight.com\/blog\/how-to-embed-instagram-feed-on-website\/\">incorpore o feed do Instagram<\/a> gratuitamente no Drupal, comece visitando o site da Elfsight e registrando-se para uma conta gratuita.<\/li><li>Utilize o Instagram gratuitamente widget adaptando sua apar\u00eancia e configura\u00e7\u00f5es para combinar com o design do seu site Drupal.<\/li><li>Depois de personalizar seu feed do Instagram gratuitamente, copie o c\u00f3digo incorporado fornecido e cole-o no HTML do seu site onde deseja que o feed para exibi\u00e7\u00e3o.<\/li><\/ol><p>Seu site Drupal agora apresentar\u00e1 seu feed do Instagram, enriquecendo seu apelo visual e mantendo o interesse do visitante. Aproveite as vantagens do widget Instagram da Elfsight sem qualquer compromisso financeiro!<\/p><\/ol><\/div>\r\n\t\t\t\t\t<\/div>\r\n\t\t\t\t<\/div><\/div>\n","protected":false},"excerpt":{"rendered":"","protected":false},"author":9,"featured_media":0,"parent":481,"menu_order":0,"comment_status":"closed","ping_status":"closed","template":"templates\/template-application-platform.php","meta":{"publish_to_discourse":"","publish_post_category":"","wpdc_auto_publish_overridden":"","wpdc_topic_tags":"","wpdc_pin_topic":"","wpdc_pin_until":"","discourse_post_id":"","discourse_permalink":"","wpdc_publishing_response":"","wpdc_publishing_error":"","footnotes":""},"class_list":["post-4266","page","type-page","status-publish","hentry"],"yoast_head":"<!-- This site is optimized with the Yoast SEO plugin v25.3.1 - https:\/\/yoast.com\/wordpress\/plugins\/seo\/ -->\n<title>Instagram Feed - Adicionar m\u00f3dulo Instagram ao site Drupal<\/title>\n<meta name=\"description\" content=\"Confira o melhor plugin do Instagram para o site Drupal gr\u00e1tis! Crie um feed individual do Instagram na Elfsight em apenas 3 minutos.\" \/>\n<meta name=\"robots\" content=\"index, follow, max-snippet:-1, max-image-preview:large, max-video-preview:-1\" \/>\n<link rel=\"canonical\" href=\"https:\/\/elfsight.com\/pt\/instagram-feed-instashow\/drupal\/\" \/>\n<meta property=\"og:locale\" content=\"pt_PT\" \/>\n<meta property=\"og:type\" content=\"article\" \/>\n<meta property=\"og:title\" content=\"Instagram Feed - Adicionar m\u00f3dulo Instagram ao site Drupal\" \/>\n<meta property=\"og:description\" content=\"Confira o melhor plugin do Instagram para o site Drupal gr\u00e1tis! Crie um feed individual do Instagram na Elfsight em apenas 3 minutos.\" \/>\n<meta property=\"og:url\" content=\"https:\/\/elfsight.com\/pt\/instagram-feed-instashow\/drupal\/\" \/>\n<meta property=\"og:site_name\" content=\"Elfsight PT\" \/>\n<meta property=\"article:modified_time\" content=\"2025-01-21T10:14:59+00:00\" \/>\n<meta name=\"twitter:card\" content=\"summary_large_image\" \/>\n<meta name=\"twitter:label1\" content=\"Tempo estimado de leitura\" \/>\n\t<meta name=\"twitter:data1\" content=\"5 minutos\" \/>\n<!-- \/ Yoast SEO plugin. -->","yoast_head_json":{"title":"Instagram Feed - Adicionar m\u00f3dulo Instagram ao site Drupal","description":"Confira o melhor plugin do Instagram para o site Drupal gr\u00e1tis! Crie um feed individual do Instagram na Elfsight em apenas 3 minutos.","robots":{"index":"index","follow":"follow","max-snippet":"max-snippet:-1","max-image-preview":"max-image-preview:large","max-video-preview":"max-video-preview:-1"},"canonical":"https:\/\/elfsight.com\/pt\/instagram-feed-instashow\/drupal\/","og_locale":"pt_PT","og_type":"article","og_title":"Instagram Feed - Adicionar m\u00f3dulo Instagram ao site Drupal","og_description":"Confira o melhor plugin do Instagram para o site Drupal gr\u00e1tis! Crie um feed individual do Instagram na Elfsight em apenas 3 minutos.","og_url":"https:\/\/elfsight.com\/pt\/instagram-feed-instashow\/drupal\/","og_site_name":"Elfsight PT","article_modified_time":"2025-01-21T10:14:59+00:00","twitter_card":"summary_large_image","twitter_misc":{"Tempo estimado de leitura":"5 minutos"},"schema":{"@context":"https:\/\/schema.org","@graph":[{"@type":"WebPage","@id":"https:\/\/elfsight.com\/pt\/instagram-feed-instashow\/drupal\/","url":"https:\/\/elfsight.com\/pt\/instagram-feed-instashow\/drupal\/","name":"Instagram Feed - Adicionar m\u00f3dulo Instagram ao site Drupal","isPartOf":{"@id":"https:\/\/elfsight.com\/pt\/#website"},"datePublished":"2024-05-03T06:39:37+00:00","dateModified":"2025-01-21T10:14:59+00:00","description":"Confira o melhor plugin do Instagram para o site Drupal gr\u00e1tis! Crie um feed individual do Instagram na Elfsight em apenas 3 minutos.","breadcrumb":{"@id":"https:\/\/elfsight.com\/pt\/instagram-feed-instashow\/drupal\/#breadcrumb"},"inLanguage":"pt-PT","potentialAction":[{"@type":"ReadAction","target":["https:\/\/elfsight.com\/pt\/instagram-feed-instashow\/drupal\/"]}]},{"@type":"BreadcrumbList","@id":"https:\/\/elfsight.com\/pt\/instagram-feed-instashow\/drupal\/#breadcrumb","itemListElement":[{"@type":"ListItem","position":1,"name":"Home","item":"https:\/\/elfsight.com\/pt\/"},{"@type":"ListItem","position":2,"name":"Instagram Feed","item":"https:\/\/elfsight.com\/pt\/instagram-feed-instashow\/"},{"@type":"ListItem","position":3,"name":"Instagram Feed &#8211; Drupal"}]},{"@type":"WebSite","@id":"https:\/\/elfsight.com\/pt\/#website","url":"https:\/\/elfsight.com\/pt\/","name":"Elfsight PT","description":"Just another Elfsight Sites site","potentialAction":[{"@type":"SearchAction","target":{"@type":"EntryPoint","urlTemplate":"https:\/\/elfsight.com\/pt\/?s={search_term_string}"},"query-input":{"@type":"PropertyValueSpecification","valueRequired":true,"valueName":"search_term_string"}}],"inLanguage":"pt-PT"}]}},"meta_box":{"industry":"","seo_heading":"","heading":"","description":"","cta_heading":"","cta_description":"","application":"480","h1":"Widget de feed do Instagram para Drupal","h1_caption":"Exiba sua p\u00e1gina, imagens e conte\u00fado de v\u00eddeo do Instagram para envolver os leitores do site","application_category":[],"applications_title":"","applications_request_title":"","applications_request_button_text":"","hero_text":"","hero_video":"","hero_video_schema_markup":"","selling_points_title":"","selling_points_caption":"","selling_points":[],"selling_points_cta_text":"","features_title":"","features":"","ed_cta_examples_text":"","ed_cta_examples_hidden":"","ed_cta_demo_text":"","ed_cta_demo_hidden":"","why_caption":"","why_editor_title":"","why_editor_text":"","why_team_title":"","why_team_text":"","why_service_title":"","why_service_text":"","template_catalog_visible":"0","template_catalog_title":"","template_catalog_text":"","template_catalog_categories_visible":"","demo_title":"Crie seu m\u00f3dulo de feed do Instagram","demo_caption":"Configure seu feed do Instagram e adicione-o ao seu site Drupal gratuitamente!","default_faq_hidden":"","app_template_category":[],"platform":"4905","template_public_id":"","codecanyon_url":"","codecanyon_item_id":"","codecanyon_price":"","pricing_caption":"","pricing_elfsight_apps_hide_column":"","pricing_elfsight_apps_url":"","pricing_codecanyon_price_caption":"","integration_category":[],"integration_request_title":"","integration_request_cta":"","integration_platform":"","integrations":[],"platform_category":[],"video_schema_markup":"","price":"a partir de US$ 0\/m\u00eas","trial":"","benefits":[{"text":"Servi\u00e7o de instala\u00e7\u00e3o gratuito"},{"text":"Suporte excepcional"},{"text":"Garantia de devolu\u00e7\u00e3o do dinheiro em 14 dias"},{"text":"Futuras melhorias gratuitas"}],"button_url":"#demo","button_target_blank":"0","button_nofollow":"0","attributes":[{"name":"Instala\u00e7\u00f5es","content":"100,000 - 500,000","_state":"expanded"},{"name":"Responsivo","content":"Sim","_state":"expanded"},{"name":"Navegadores compat\u00edveis","content":"Firefox, Safari, Opera, Chrome, Edge"}],"tags":[],"tags_disable_links":"0","hide_more_platforms":"","video_object":"","demo_hide_cta":"0","demo_hide_cloud_options":"0","pricing_title":"","pricing":[{"pricing_icon":"cloud","pricing_title":"Elfsight Apps","pricing_title_caption":"Solu\u00e7\u00e3o multiplataforma que funciona em qualquer site","pricing_price":"a partir de US$ 0\/m\u00eas","pricing_price_caption":"comece com plano gratuito","pricing_benefits":[{"text":"Sites ilimitados"},{"text":"Suporte r\u00e1pido da empresa e bem documentado"},{"text":"Suporte r\u00e1pido da empresa e bem documentado"},{"text":"Oferta por tempo limitado para v\u00e1rios aplicativos"}],"pricing_button_text":"Adicionar ao site","pricing_button_url":"#demo","_state":"expanded"}],"related_apps_title":"","related_apps_hidden":"1","author":"","image":[],"title":"","job":"","social_networks":[]},"_links":{"self":[{"href":"https:\/\/elfsight.com\/pt\/wp-json\/wp\/v2\/pages\/4266","targetHints":{"allow":["GET"]}}],"collection":[{"href":"https:\/\/elfsight.com\/pt\/wp-json\/wp\/v2\/pages"}],"about":[{"href":"https:\/\/elfsight.com\/pt\/wp-json\/wp\/v2\/types\/page"}],"author":[{"embeddable":true,"href":"https:\/\/elfsight.com\/pt\/wp-json\/wp\/v2\/users\/9"}],"replies":[{"embeddable":true,"href":"https:\/\/elfsight.com\/pt\/wp-json\/wp\/v2\/comments?post=4266"}],"version-history":[{"count":3,"href":"https:\/\/elfsight.com\/pt\/wp-json\/wp\/v2\/pages\/4266\/revisions"}],"predecessor-version":[{"id":13621,"href":"https:\/\/elfsight.com\/pt\/wp-json\/wp\/v2\/pages\/4266\/revisions\/13621"}],"up":[{"embeddable":true,"href":"https:\/\/elfsight.com\/pt\/wp-json\/wp\/v2\/pages\/481"}],"wp:attachment":[{"href":"https:\/\/elfsight.com\/pt\/wp-json\/wp\/v2\/media?parent=4266"}],"curies":[{"name":"wp","href":"https:\/\/api.w.org\/{rel}","templated":true}]}}