{"id":4262,"date":"2024-05-03T06:39:17","date_gmt":"2024-05-03T06:39:17","guid":{"rendered":"https:\/\/elfsight.com\/pt\/?page_id=4262"},"modified":"2024-11-13T12:02:05","modified_gmt":"2024-11-13T12:02:05","slug":"joomla","status":"publish","type":"page","link":"https:\/\/elfsight.com\/pt\/google-reviews-widget\/joomla\/","title":{"rendered":"Google Reviews &#8211; Joomla"},"content":{"rendered":"<div class=\"application-platform-content-item-description application-platform-content-item\" id=\"description\" data-nav-section=\"description\"> <h2>Incorpore coment\u00e1rios do Google com o plugin Elfsight<\/h2> <p>Elfsight Google Reviews \u00e9 um m\u00f3dulo simples, que permite adicionar coment\u00e1rios ao seu site coment\u00e1rios sobre suas ofertas postados no Google. Usando nosso widget, voc\u00ea pode usar filtros para ocultar coment\u00e1rios indesejados, revelar suas avalia\u00e7\u00f5es com estrelas e n\u00fameros do Google, exibir informa\u00e7\u00f5es sobre os autores e mostrar um bot\u00e3o que redirecionar\u00e1 os visitantes para escrever um novo coment\u00e1rio no Google. O Elfsight Google Reviews ir\u00e1 ajud\u00e1-lo a mostrar a sua elevada prova social no seu site e aumentar as vendas.<\/p><div class=\"faq\" data-component=\"FAQ\"> <div class=\"faq-item\">\r\n\t\t\t\t\t<div class=\"faq-item-question\">\r\n\t\t\t\t\t\t<h3 class=\"faq-item-question-text\">Onde no site posso instalar o plugin Joomla Google Reviews?<\/h3>\r\n\r\n\t\t\t\t\t\t<div class=\"faq-item-question-icon\"><\/div>\r\n\t\t\t\t\t<\/div>\r\n\r\n\t\t\t\t\t<div class=\"faq-item-answer\">\r\n\t\t\t\t\t\t<div class=\"faq-item-answer-text\"> <p>Voc\u00ea est\u00e1 livre para incorporar o widget de revis\u00e3o em qualquer p\u00e1gina do seu site, ou coloc\u00e1-lo no modelo, e ele ser\u00e1 revelado em todas as p\u00e1ginas. As avalia\u00e7\u00f5es podem funcionar bem nas p\u00e1ginas de produtos ou na p\u00e1gina Sobre n\u00f3s, onde voc\u00ea deseja mostrar sua classifica\u00e7\u00e3o alta.<\/p><\/div>\r\n\t\t\t\t\t<\/div>\r\n\t\t\t\t<\/div> <div class=\"faq-item\">\r\n\t\t\t\t\t<div class=\"faq-item-question\">\r\n\t\t\t\t\t\t<h3 class=\"faq-item-question-text\">Como vou me beneficiar com a extens\u00e3o?<\/h3>\r\n\r\n\t\t\t\t\t\t<div class=\"faq-item-question-icon\"><\/div>\r\n\t\t\t\t\t<\/div>\r\n\r\n\t\t\t\t\t<div class=\"faq-item-answer\">\r\n\t\t\t\t\t\t<div class=\"faq-item-answer-text\"> <p>Avalia\u00e7\u00f5es reais as pessoas s\u00e3o perfeitamente confi\u00e1veis \u200b\u200bpara os usu\u00e1rios do seu site e indicam que seu neg\u00f3cio \u00e9 confi\u00e1vel. Avalia\u00e7\u00f5es altas e impress\u00f5es positivas podem ajudar a fortalecer as vendas do seu site. Al\u00e9m disso, o bot\u00e3o de redirecionamento contribuir\u00e1 para mais avalia\u00e7\u00f5es de clientes relacionadas \u00e0 sua empresa no Google Places.<\/p> <\/div>\r\n\t\t\t\t\t<\/div>\r\n\t\t\t\t<\/div><div class=\"faq-item\">\r\n\t\t\t\t\t<div class=\"faq-item-question\">\r\n\t\t\t\t\t\t<h3 class=\"faq-item-question-text\">Como fa\u00e7o para incorporar o widget Google Reviews ao meu site Joomla?<\/h3>\r\n\r\n\t\t\t\t\t\t<div class=\"faq-item-question-icon\"><\/div>\r\n\t\t\t\t\t<\/div>\r\n\r\n\t\t\t\t\t<div class=\"faq-item-answer\">\r\n\t\t\t\t\t\t<div class=\"faq-item-answer-text\"> <p> Leva dois minutos para fazer isso. A instala\u00e7\u00e3o do widget Google Reviews em um site Joomla \u00e9 extremamente r\u00e1pida, gratuita e n\u00e3o requer codifica\u00e7\u00e3o. <\/p> <p>O widget pode ser configurado diretamente atrav\u00e9s do nosso servi\u00e7o ou atrav\u00e9s do marketplace. Voc\u00ea pode ver as vantagens de ambas as op\u00e7\u00f5es e escolher a sua. <\/p> <\/div>\r\n\t\t\t\t\t<\/div>\r\n\t\t\t\t<\/div> <\/div> <\/div> <div class=\"application-platform-content-item-features application-platform-content-item\" id=\"features\" data-nav-section=\"features\"> <h2>Principais recursos da extens\u00e3o do Google Reviews<\/h2> <p>Para obter uma compreens\u00e3o clara do widget de coment\u00e1rios para Joomla, voc\u00ea pode consultar a lista das caracter\u00edsticas principais. Eles tornam este widget incrivelmente eficiente para o seu site: <\/p> <ul> <li>Tr\u00eas filtros dispon\u00edveis: por tipo, exclus\u00e3o por e quantidade de coment\u00e1rios para exibi\u00e7\u00e3o<\/li> <li>Quatro layouts predefinidos: Lista, Grade, alvenaria e controle deslizante<\/li> <li>Uma oportunidade de controlar a exibi\u00e7\u00e3o do cabe\u00e7alho do widget<\/li> <li>O bot\u00e3o para solicitar uma revis\u00e3o direciona as pessoas para a p\u00e1gina do Google<\/li> <li>Seis elementos flex\u00edveis da interface: nome do autor e foto, texto de recomenda\u00e7\u00e3o, data, \u00edcone do Google e classifica\u00e7\u00e3o por estrelas<\/li> <li>Duas op\u00e7\u00f5es de cen\u00e1rios de recusa de solicita\u00e7\u00e3o de revis\u00e3o: demonstrar uma mensagem personalizada ou ocultar o bot\u00e3o<\/li> <\/ul><p><a href=\"#demo\">Para explorar mais recursos, veja a demonstra\u00e7\u00e3o<\/a><\/p><p>A extens\u00e3o Joomla Google Reviews facilita a incorpora\u00e7\u00e3o de coment\u00e1rios em qualquer site e r\u00e1pido, n\u00e3o importa para quem: desenvolvedores profissionais e propriet\u00e1rios de sites inexperientes. Economizar tempo com um editor visual compreens\u00edvel \u00e9 a primeira coisa que torna o plugin do Google Reviews not\u00e1vel. Al\u00e9m disso, as revis\u00f5es s\u00e3o, por padr\u00e3o, aprimoradas com marca\u00e7\u00e3o de esquema. Ele adiciona estrelas ao seu site nos resultados de pesquisa e <strong>aumenta a taxa de cliques.<\/strong><\/p><p>Finalmente, ao adicionar a extens\u00e3o de coment\u00e1rios do Google, voc\u00ea obt\u00e9m conte\u00fado relevante que \u00e9 atualizado periodicamente. Os mecanismos de pesquisa oferecem suporte a esses tipos de sites, promovendo-os em SERP.<\/p><\/div><div class=\"application-platform-content-item-installation application-platform-content-item\" id=\"installation\" data-nav-section=\"installation\"> <h2>Como incorporar as avalia\u00e7\u00f5es do Google em seu site Joomla<\/h2><p>Basta siga as diretrizes abaixo para incorporar a extens\u00e3o no Joomla.<\/p> <ol><li><b>Use nosso configurador gratuito e comece a moldar sua extens\u00e3o personalizada do Google Reviews. <\/b><br> Especifique a interface selecionada e os par\u00e2metros da extens\u00e3o e aplique as corre\u00e7\u00f5es. <\/li> <li><b>Obtenha seu c\u00f3digo exclusivo revelado na caixa dos aplicativos Elfsight. <\/b><br> Assim que a gera\u00e7\u00e3o da sua ferramenta for finalizada, copie o c\u00f3digo exclusivo do popup que aparece e guarde-o para futuras necessidades. <\/li> <li><b>Inicie a utiliza\u00e7\u00e3o da ferramenta em seu site Joomla. <\/b><br> Integre o c\u00f3digo que voc\u00ea salvou recentemente em seu site e aplique os ajustes. <\/li> <li><b>Conclu\u00eddo! A incorpora\u00e7\u00e3o est\u00e1 totalmente conclu\u00edda. <\/b><br> Acesse seu site Joomla para ver o desempenho do plugin de avalia\u00e7\u00f5es. <\/li><\/ol><p>Ainda tem d\u00favidas? Ou enfrentando problemas? Basta enviar sua solicita\u00e7\u00e3o ao nosso atendimento ao cliente e eles o ajudar\u00e3o com qualquer d\u00favida. <\/p> <\/div>","protected":false},"excerpt":{"rendered":"","protected":false},"author":9,"featured_media":0,"parent":443,"menu_order":0,"comment_status":"closed","ping_status":"closed","template":"templates\/template-application-platform.php","meta":{"publish_to_discourse":"","publish_post_category":"","wpdc_auto_publish_overridden":"","wpdc_topic_tags":"","wpdc_pin_topic":"","wpdc_pin_until":"","discourse_post_id":"","discourse_permalink":"","wpdc_publishing_response":"","wpdc_publishing_error":"","footnotes":""},"class_list":["post-4262","page","type-page","status-publish","hentry"],"yoast_head":"<!-- This site is optimized with the Yoast SEO plugin v25.3.1 - https:\/\/yoast.com\/wordpress\/plugins\/seo\/ -->\n<title>Incorpore o plugin do Google Reviews no Joomla - adicione coment\u00e1rios a um site em 2 minutos!<\/title>\n<meta name=\"description\" content=\"Esta \u00e9 uma oportunidade de moldar a extens\u00e3o do Google Reviews e incorpor\u00e1-la ao seu site Joomla. Voc\u00ea desfrutar\u00e1 de suporte gratuito e outros b\u00f4nus da Elfsight.\" \/>\n<meta name=\"robots\" content=\"index, follow, max-snippet:-1, max-image-preview:large, max-video-preview:-1\" \/>\n<link rel=\"canonical\" href=\"https:\/\/elfsight.com\/pt\/google-reviews-widget\/joomla\/\" \/>\n<meta property=\"og:locale\" content=\"pt_PT\" \/>\n<meta property=\"og:type\" content=\"article\" \/>\n<meta property=\"og:title\" content=\"Incorpore o plugin do Google Reviews no Joomla - adicione coment\u00e1rios a um site em 2 minutos!\" \/>\n<meta property=\"og:description\" content=\"Esta \u00e9 uma oportunidade de moldar a extens\u00e3o do Google Reviews e incorpor\u00e1-la ao seu site Joomla. Voc\u00ea desfrutar\u00e1 de suporte gratuito e outros b\u00f4nus da Elfsight.\" \/>\n<meta property=\"og:url\" content=\"https:\/\/elfsight.com\/pt\/google-reviews-widget\/joomla\/\" \/>\n<meta property=\"og:site_name\" content=\"Elfsight PT\" \/>\n<meta property=\"article:modified_time\" content=\"2024-11-13T12:02:05+00:00\" \/>\n<meta name=\"twitter:card\" content=\"summary_large_image\" \/>\n<meta name=\"twitter:label1\" content=\"Tempo estimado de leitura\" \/>\n\t<meta name=\"twitter:data1\" content=\"2 minutos\" \/>\n<!-- \/ Yoast SEO plugin. -->","yoast_head_json":{"title":"Incorpore o plugin do Google Reviews no Joomla - adicione coment\u00e1rios a um site em 2 minutos!","description":"Esta \u00e9 uma oportunidade de moldar a extens\u00e3o do Google Reviews e incorpor\u00e1-la ao seu site Joomla. Voc\u00ea desfrutar\u00e1 de suporte gratuito e outros b\u00f4nus da Elfsight.","robots":{"index":"index","follow":"follow","max-snippet":"max-snippet:-1","max-image-preview":"max-image-preview:large","max-video-preview":"max-video-preview:-1"},"canonical":"https:\/\/elfsight.com\/pt\/google-reviews-widget\/joomla\/","og_locale":"pt_PT","og_type":"article","og_title":"Incorpore o plugin do Google Reviews no Joomla - adicione coment\u00e1rios a um site em 2 minutos!","og_description":"Esta \u00e9 uma oportunidade de moldar a extens\u00e3o do Google Reviews e incorpor\u00e1-la ao seu site Joomla. Voc\u00ea desfrutar\u00e1 de suporte gratuito e outros b\u00f4nus da Elfsight.","og_url":"https:\/\/elfsight.com\/pt\/google-reviews-widget\/joomla\/","og_site_name":"Elfsight PT","article_modified_time":"2024-11-13T12:02:05+00:00","twitter_card":"summary_large_image","twitter_misc":{"Tempo estimado de leitura":"2 minutos"},"schema":{"@context":"https:\/\/schema.org","@graph":[{"@type":"WebPage","@id":"https:\/\/elfsight.com\/pt\/google-reviews-widget\/joomla\/","url":"https:\/\/elfsight.com\/pt\/google-reviews-widget\/joomla\/","name":"Incorpore o plugin do Google Reviews no Joomla - adicione coment\u00e1rios a um site em 2 minutos!","isPartOf":{"@id":"https:\/\/elfsight.com\/pt\/#website"},"datePublished":"2024-05-03T06:39:17+00:00","dateModified":"2024-11-13T12:02:05+00:00","description":"Esta \u00e9 uma oportunidade de moldar a extens\u00e3o do Google Reviews e incorpor\u00e1-la ao seu site Joomla. Voc\u00ea desfrutar\u00e1 de suporte gratuito e outros b\u00f4nus da Elfsight.","breadcrumb":{"@id":"https:\/\/elfsight.com\/pt\/google-reviews-widget\/joomla\/#breadcrumb"},"inLanguage":"pt-PT","potentialAction":[{"@type":"ReadAction","target":["https:\/\/elfsight.com\/pt\/google-reviews-widget\/joomla\/"]}]},{"@type":"BreadcrumbList","@id":"https:\/\/elfsight.com\/pt\/google-reviews-widget\/joomla\/#breadcrumb","itemListElement":[{"@type":"ListItem","position":1,"name":"Home","item":"https:\/\/elfsight.com\/pt\/"},{"@type":"ListItem","position":2,"name":"Google Reviews","item":"https:\/\/elfsight.com\/pt\/google-reviews-widget\/"},{"@type":"ListItem","position":3,"name":"Google Reviews &#8211; Joomla"}]},{"@type":"WebSite","@id":"https:\/\/elfsight.com\/pt\/#website","url":"https:\/\/elfsight.com\/pt\/","name":"Elfsight PT","description":"Just another Elfsight Sites site","potentialAction":[{"@type":"SearchAction","target":{"@type":"EntryPoint","urlTemplate":"https:\/\/elfsight.com\/pt\/?s={search_term_string}"},"query-input":{"@type":"PropertyValueSpecification","valueRequired":true,"valueName":"search_term_string"}}],"inLanguage":"pt-PT"}]}},"meta_box":{"industry":"","seo_heading":"","heading":"","description":"","cta_heading":"","cta_description":"","application":"442","h1":"Extens\u00e3o Joomla Google Reviews","h1_caption":"Insira as melhores opini\u00f5es dos usu\u00e1rios do Google em seu site","application_category":[],"applications_title":"","applications_request_title":"","applications_request_button_text":"","hero_text":"","hero_video":"","hero_video_schema_markup":"","selling_points_title":"","selling_points_caption":"","selling_points":[],"selling_points_cta_text":"","features_title":"","features":"","ed_cta_examples_text":"","ed_cta_examples_hidden":"","ed_cta_demo_text":"","ed_cta_demo_hidden":"","why_caption":"","why_editor_title":"","why_editor_text":"","why_team_title":"","why_team_text":"","why_service_title":"","why_service_text":"","template_catalog_visible":"","template_catalog_title":"","template_catalog_text":"","template_catalog_categories_visible":"","demo_title":"Crie seu plug-in do Google Reviews","demo_caption":"Configure suas avalia\u00e7\u00f5es do Google e adicione-as ao seu site Joomla gratuitamente!","default_faq_hidden":"","app_template_category":[],"platform":"52","template_public_id":"","codecanyon_url":"","codecanyon_item_id":"","codecanyon_price":"","pricing_caption":"","pricing_elfsight_apps_hide_column":"","pricing_elfsight_apps_url":"","pricing_codecanyon_price_caption":"","integration_category":[],"integration_request_title":"","integration_request_cta":"","integration_platform":"","integrations":[],"platform_category":[],"video_schema_markup":"","price":"a partir de US$ 0\/m\u00eas","trial":"","benefits":[{"text":"Servi\u00e7o de instala\u00e7\u00e3o gratuito"},{"text":"Suporte eficaz ao cliente"},{"text":"Garantia de devolu\u00e7\u00e3o do dinheiro em 14 dias"},{"text":"Melhorias gratuitas regulares"}],"button_url":"#demo","button_target_blank":"0","button_nofollow":"0","attributes":[{"name":"Instala\u00e7\u00f5es","content":"100,000 - 500,000","_state":"expanded"},{"name":"Responsivo","content":"Sim","_state":"expanded"},{"name":"Navegadores compat\u00edveis","content":"Firefox, Safari, Opera, Chrome, Edge"}],"tags":[],"tags_disable_links":"0","hide_more_platforms":"","video_object":"","demo_hide_cta":"0","demo_hide_cloud_options":"0","pricing_title":"","pricing":[{"pricing_icon":"platform","pricing_title":"Elfsight Apps","pricing_title_caption":"Solu\u00e7\u00e3o multiplataforma que funciona em qualquer site","pricing_price":"a partir de US$ 0\/m\u00eas","pricing_price_caption":"comece com plano gratuito","pricing_benefits":[{"text":"Sites ilimitados"},{"text":"Suporte premium e pontual"},{"text":"Suporte premium e pontual"},{"text":"\u00d3timo neg\u00f3cio para v\u00e1rios aplicativos"}],"pricing_button_text":"Adicionar ao site","pricing_button_url":"#demo","_state":"expanded"}],"related_apps_title":"","related_apps_hidden":"1","author":"","image":[],"title":"","job":"","social_networks":[]},"_links":{"self":[{"href":"https:\/\/elfsight.com\/pt\/wp-json\/wp\/v2\/pages\/4262","targetHints":{"allow":["GET"]}}],"collection":[{"href":"https:\/\/elfsight.com\/pt\/wp-json\/wp\/v2\/pages"}],"about":[{"href":"https:\/\/elfsight.com\/pt\/wp-json\/wp\/v2\/types\/page"}],"author":[{"embeddable":true,"href":"https:\/\/elfsight.com\/pt\/wp-json\/wp\/v2\/users\/9"}],"replies":[{"embeddable":true,"href":"https:\/\/elfsight.com\/pt\/wp-json\/wp\/v2\/comments?post=4262"}],"version-history":[{"count":2,"href":"https:\/\/elfsight.com\/pt\/wp-json\/wp\/v2\/pages\/4262\/revisions"}],"predecessor-version":[{"id":11939,"href":"https:\/\/elfsight.com\/pt\/wp-json\/wp\/v2\/pages\/4262\/revisions\/11939"}],"up":[{"embeddable":true,"href":"https:\/\/elfsight.com\/pt\/wp-json\/wp\/v2\/pages\/443"}],"wp:attachment":[{"href":"https:\/\/elfsight.com\/pt\/wp-json\/wp\/v2\/media?parent=4262"}],"curies":[{"name":"wp","href":"https:\/\/api.w.org\/{rel}","templated":true}]}}