{"id":4258,"date":"2024-05-03T06:39:38","date_gmt":"2024-05-03T06:39:38","guid":{"rendered":"https:\/\/elfsight.com\/pt\/?page_id=4258"},"modified":"2025-01-21T10:12:54","modified_gmt":"2025-01-21T10:12:54","slug":"blogger","status":"publish","type":"page","link":"https:\/\/elfsight.com\/pt\/instagram-feed-instashow\/blogger\/","title":{"rendered":"Instagram Feed &#8211; Blogger"},"content":{"rendered":"\n<div class=\"application-platform-content-item-description application-platform-content-item\" id=\"description\" data-nav-section=\"description\"><h2>Incorpore o Instagram no Elementor com o plugin Elfsight<\/h2><p>InstaShow \u00e9 um poderoso plugin do Instagram, que permite configurar lindas galerias com imagens e videoclipes do Instagram em seu site. Um n\u00famero ilimitado de variantes de personaliza\u00e7\u00e3o do feed: todos os tipos de fontes, filtros de conte\u00fado, mais de 70 par\u00e2metros ajust\u00e1veis, 10 op\u00e7\u00f5es de estilo e interface totalmente adapt\u00e1vel para todas as resolu\u00e7\u00f5es. Aplique este plug-in responsivo e pr\u00e1tico para despertar o interesse dos usu\u00e1rios do seu site.<\/p><ul><li><b>Ganhe mais com fotos populares<\/b>.<br>Adicione imagens do Instagram, que agora existe entre as plataformas mais ben\u00e9ficas para popularizar bens ou servi\u00e7os e aumentar as vendas em seu site.<\/li><li><b>N\u00famero m\u00e1ximo de f\u00e3s no Instagram<\/b>.<br>Incorpore bot\u00f5es adicionais com um ligue para se inscrever e dobrar o n\u00famero de f\u00e3s do seu perfil do Instagram.<\/li><li><b>Maior envolvimento dos visitantes<\/b>.<br>Atraia visitantes e desperte seu interesse com a ajuda do conte\u00fado do Instagram, para tornar a intera\u00e7\u00e3o com o cliente mais intensa.<\/li><\/ul><\/div><div class=\"application-platform-content-item-features application-platform-content-item\" id=\"features\" data-nav-section=\"features\"><h2>Principais recursos do widget Feed do Instagram<\/h2><p>Os recursos mais importantes do nosso plugin o que o torna a melhor ferramenta do Blogger para incorporar o Instagram em um site:<\/p><ul><li>Aplicar somente filtro para exibir a partir da fonte selecionada<\/li><li>2 modelos de postagem: Tile e Classic<\/li><li>7 elementos de postagem altern\u00e1veis \u200b\u200bpara mostrar ou ocultar<\/li><li>Cores personaliz\u00e1veis \u200b\u200bde plano de fundo, texto, bot\u00f5es e muito mais<\/li><li>Op\u00e7\u00e3o para definir o tempo de cache<\/li><li>8 lindos modelos \u00fateis<\/li><li>Voc\u00ea pode ativar e desativar nome de usu\u00e1rio, data de publica\u00e7\u00e3o, bot\u00e3o CTA, n\u00famero de curtidas e coment\u00e1rios<\/li><li>Mais de dez paletas de cores predefinidas<\/li><li>Op\u00e7\u00e3o para alterar a cor de cada elemento de forma independente<\/li><li>Bot\u00e3o personaliz\u00e1vel &#8220;Carregar mais&#8221;<\/li><\/ul><p><a href=\"#demo\">Veja mais op\u00e7\u00f5es no editor Elfsight<\/a> <\/p><p>Todos esses recursos fant\u00e1sticos podem ajud\u00e1-lo a atingir qualquer meta de com\u00e9rcio eletr\u00f4nico. Por exemplo, voc\u00ea pode <strong>aumentar o n\u00famero de seguidores e aumentar o engajamento<\/strong> em um site. Al\u00e9m disso, n\u00e3o \u00e9 um problema criar um widget que se adapte ao design do seu site e siga a consist\u00eancia da sua marca.<\/p><\/div><div class=\"application-platform-content-item-installation application-platform-content-item\" id=\"installation\" data-nav-section=\"installation\"><h2>Como adicionar o widget do Instagram ao site do Blogger<\/h2><div class=\"video-container\"><iframe width=\"720\" height=\"405\" src=\"https:\/\/www.youtube.com\/embed\/DDOHA5az6eE\" frameborder=\"0\" allowfullscreen=\"\"><\/iframe><\/div><p>Leia nossas instru\u00e7\u00f5es expressas sobre como exibir e gerar o plugin. O tempo m\u00e9dio de execu\u00e7\u00e3o \u00e9 de aproximadamente 70 segundos, e um \u00f3timo b\u00f4nus \u00e9 que voc\u00ea n\u00e3o precisa de experi\u00eancia em codifica\u00e7\u00e3o.<\/p><ol><li><b>Crie seu feed exclusivo do Instagram<\/b>.<br> Usando nossa demonstra\u00e7\u00e3o gratuita, monte um plugin com template e fun\u00e7\u00f5es necess\u00e1rias.<\/li><li><b>Adquira um c\u00f3digo para mostrar o plugin<\/b>.<br>Ap\u00f3s configurar o widget, adquira um c\u00f3digo para o plugin do Instagram em a notifica\u00e7\u00e3o que aparece nas aplica\u00e7\u00f5es Elfsight.<\/li><li><b>Adicione o feed do Instagram ao Blogger<\/b>.<br>Exiba o plugin no local pretendido da p\u00e1gina e aplique as edi\u00e7\u00f5es.<\/li><li><b>Pronto!<\/b>.<br>Acesse seu site para ver seu feed do Instagram no Blogger.<\/li><\/ol><p>Encontre consultas enquanto incorpora ou personaliza suas pr\u00f3prias Alimenta\u00e7\u00e3o do Instagram? N\u00e3o hesite em entrar em contato com nossa central de ajuda.<\/p><\/div><div class=\"faq\" data-component=\"FAQ\"><div class=\"faq-item\">\r\n\t\t\t\t\t<div class=\"faq-item-question\">\r\n\t\t\t\t\t\t<h3 class=\"faq-item-question-text\">Existe um m\u00e9todo para adicionar feed do Instagram ao meu site do Blogger sem coding?<\/h3>\r\n\r\n\t\t\t\t\t\t<div class=\"faq-item-question-icon\"><\/div>\r\n\t\t\t\t\t<\/div>\r\n\r\n\t\t\t\t\t<div class=\"faq-item-answer\">\r\n\t\t\t\t\t\t<div class=\"faq-item-answer-text\"><p>A empresa Elfsight apresenta uma solu\u00e7\u00e3o que permite que as pessoas gerem voc\u00ea mesmo um plugin de Feed do Instagram. gostaria de incorporar no Blogger.<\/li><li>Escolha um dos v\u00e1rios modelos prontos e adapte as configura\u00e7\u00f5es do feed do Instagram, adicione seu conte\u00fado, altere o layout e o esquema de cores sem codifica\u00e7\u00e3o.<\/li><li>Salve o feed do Instagram e obtenha o c\u00f3digo de instala\u00e7\u00e3o, que pode ser colado facilmente na p\u00e1gina do Blogger sem comprar uma assinatura paga. <\/li><\/ul><p>Com o editor simples, todo usu\u00e1rio da Internet pode criar um widget de feed do Instagram on-line e incorpor\u00e1-lo em qualquer p\u00e1gina inicial do Blogger. N\u00e3o h\u00e1 necessidade de pagar ou inserir os dados do seu cart\u00e3o para entrar no servi\u00e7o Elfsight. Se voc\u00ea encontrar qualquer tipo de obst\u00e1culo, n\u00e3o hesite em entrar em contato com nossa equipe de suporte.<\/p><\/div>\r\n\t\t\t\t\t<\/div>\r\n\t\t\t\t<\/div><div class=\"faq-item\">\r\n\t\t\t\t\t<div class=\"faq-item-question\">\r\n\t\t\t\t\t\t<h3 class=\"faq-item-question-text\">Como incorporar o feed do Instagram gratuitamente no Blogger?<\/h3>\r\n\r\n\t\t\t\t\t\t<div class=\"faq-item-question-icon\"><\/div>\r\n\t\t\t\t\t<\/div>\r\n\r\n\t\t\t\t\t<div class=\"faq-item-answer\">\r\n\t\t\t\t\t\t<div class=\"faq-item-answer-text\"><ol><p>Integrar um feed do Instagram ao seu blog \u00e9 uma \u00f3tima maneira de mostrar suas postagens mais recentes e cativar seu p\u00fablico.<\/p><ol><li>Para <a href=\"https:\/\/elfsight.com\/blog\/how-to-embed-instagram-feed-on-website\/\">incorporar Instagram Feed<\/a> gratuitamente no Blogger, primeiro visite o site da Elfsight e crie uma conta gratuita.<\/li><li>Utilize o Widget gratuito do Instagram personalizando sua apar\u00eancia e configura\u00e7\u00f5es para complementar seu site do Blogger.<\/li><li>Depois de configurar seu feed do Instagram gratuitamente, basta copiar o c\u00f3digo incorporado gerado e col\u00e1-lo no HTML do seu site onde desejar. o feed a ser exibido.<\/li><\/ol><p>Com seu site do Blogger agora apresentando seu feed do Instagram, voc\u00ea n\u00e3o apenas adicionar\u00e1 interesse visual, mas tamb\u00e9m manter\u00e1 seus leitores envolvidos. Experimente as vantagens do widget Instagram da Elfsight sem qualquer custo!<\/p><\/ol><\/div>\r\n\t\t\t\t\t<\/div>\r\n\t\t\t\t<\/div><\/div>\n","protected":false},"excerpt":{"rendered":"","protected":false},"author":9,"featured_media":0,"parent":481,"menu_order":0,"comment_status":"closed","ping_status":"closed","template":"templates\/template-application-platform.php","meta":{"publish_to_discourse":"","publish_post_category":"","wpdc_auto_publish_overridden":"","wpdc_topic_tags":"","wpdc_pin_topic":"","wpdc_pin_until":"","discourse_post_id":"","discourse_permalink":"","wpdc_publishing_response":"","wpdc_publishing_error":"","footnotes":""},"class_list":["post-4258","page","type-page","status-publish","hentry"],"yoast_head":"<!-- This site is optimized with the Yoast SEO plugin v25.3.1 - https:\/\/yoast.com\/wordpress\/plugins\/seo\/ -->\n<title>Incorpore o feed do Instagram no Blogger com um plugin - adicione o Instagram a um site em 2 minutos!<\/title>\n<meta name=\"description\" content=\"Comece seu pr\u00f3prio plugin premium do Instagram para o site Blogger agora mesmo! Gere um feed pessoal do Instagram na Elfsight em apenas 3 minutos.\" \/>\n<meta name=\"robots\" content=\"index, follow, max-snippet:-1, max-image-preview:large, max-video-preview:-1\" \/>\n<link rel=\"canonical\" href=\"https:\/\/elfsight.com\/pt\/instagram-feed-instashow\/blogger\/\" \/>\n<meta property=\"og:locale\" content=\"pt_PT\" \/>\n<meta property=\"og:type\" content=\"article\" \/>\n<meta property=\"og:title\" content=\"Incorpore o feed do Instagram no Blogger com um plugin - adicione o Instagram a um site em 2 minutos!\" \/>\n<meta property=\"og:description\" content=\"Comece seu pr\u00f3prio plugin premium do Instagram para o site Blogger agora mesmo! Gere um feed pessoal do Instagram na Elfsight em apenas 3 minutos.\" \/>\n<meta property=\"og:url\" content=\"https:\/\/elfsight.com\/pt\/instagram-feed-instashow\/blogger\/\" \/>\n<meta property=\"og:site_name\" content=\"Elfsight PT\" \/>\n<meta property=\"article:modified_time\" content=\"2025-01-21T10:12:54+00:00\" \/>\n<meta name=\"twitter:card\" content=\"summary_large_image\" \/>\n<meta name=\"twitter:label1\" content=\"Tempo estimado de leitura\" \/>\n\t<meta name=\"twitter:data1\" content=\"5 minutos\" \/>\n<!-- \/ Yoast SEO plugin. -->","yoast_head_json":{"title":"Incorpore o feed do Instagram no Blogger com um plugin - adicione o Instagram a um site em 2 minutos!","description":"Comece seu pr\u00f3prio plugin premium do Instagram para o site Blogger agora mesmo! Gere um feed pessoal do Instagram na Elfsight em apenas 3 minutos.","robots":{"index":"index","follow":"follow","max-snippet":"max-snippet:-1","max-image-preview":"max-image-preview:large","max-video-preview":"max-video-preview:-1"},"canonical":"https:\/\/elfsight.com\/pt\/instagram-feed-instashow\/blogger\/","og_locale":"pt_PT","og_type":"article","og_title":"Incorpore o feed do Instagram no Blogger com um plugin - adicione o Instagram a um site em 2 minutos!","og_description":"Comece seu pr\u00f3prio plugin premium do Instagram para o site Blogger agora mesmo! Gere um feed pessoal do Instagram na Elfsight em apenas 3 minutos.","og_url":"https:\/\/elfsight.com\/pt\/instagram-feed-instashow\/blogger\/","og_site_name":"Elfsight PT","article_modified_time":"2025-01-21T10:12:54+00:00","twitter_card":"summary_large_image","twitter_misc":{"Tempo estimado de leitura":"5 minutos"},"schema":{"@context":"https:\/\/schema.org","@graph":[{"@type":"WebPage","@id":"https:\/\/elfsight.com\/pt\/instagram-feed-instashow\/blogger\/","url":"https:\/\/elfsight.com\/pt\/instagram-feed-instashow\/blogger\/","name":"Incorpore o feed do Instagram no Blogger com um plugin - adicione o Instagram a um site em 2 minutos!","isPartOf":{"@id":"https:\/\/elfsight.com\/pt\/#website"},"datePublished":"2024-05-03T06:39:38+00:00","dateModified":"2025-01-21T10:12:54+00:00","description":"Comece seu pr\u00f3prio plugin premium do Instagram para o site Blogger agora mesmo! Gere um feed pessoal do Instagram na Elfsight em apenas 3 minutos.","breadcrumb":{"@id":"https:\/\/elfsight.com\/pt\/instagram-feed-instashow\/blogger\/#breadcrumb"},"inLanguage":"pt-PT","potentialAction":[{"@type":"ReadAction","target":["https:\/\/elfsight.com\/pt\/instagram-feed-instashow\/blogger\/"]}]},{"@type":"BreadcrumbList","@id":"https:\/\/elfsight.com\/pt\/instagram-feed-instashow\/blogger\/#breadcrumb","itemListElement":[{"@type":"ListItem","position":1,"name":"Home","item":"https:\/\/elfsight.com\/pt\/"},{"@type":"ListItem","position":2,"name":"Instagram Feed","item":"https:\/\/elfsight.com\/pt\/instagram-feed-instashow\/"},{"@type":"ListItem","position":3,"name":"Instagram Feed &#8211; Blogger"}]},{"@type":"WebSite","@id":"https:\/\/elfsight.com\/pt\/#website","url":"https:\/\/elfsight.com\/pt\/","name":"Elfsight PT","description":"Just another Elfsight Sites site","potentialAction":[{"@type":"SearchAction","target":{"@type":"EntryPoint","urlTemplate":"https:\/\/elfsight.com\/pt\/?s={search_term_string}"},"query-input":{"@type":"PropertyValueSpecification","valueRequired":true,"valueName":"search_term_string"}}],"inLanguage":"pt-PT"}]}},"meta_box":{"industry":"","seo_heading":"","heading":"","description":"","cta_heading":"","cta_description":"","application":"480","h1":"Widget de feed do Instagram para Blogger","h1_caption":"Transforme os visitantes do seu site em assinantes do Instagram","application_category":[],"applications_title":"","applications_request_title":"","applications_request_button_text":"","hero_text":"","hero_video":"","hero_video_schema_markup":"","selling_points_title":"","selling_points_caption":"","selling_points":[],"selling_points_cta_text":"","features_title":"","features":"","ed_cta_examples_text":"","ed_cta_examples_hidden":"","ed_cta_demo_text":"","ed_cta_demo_hidden":"","why_caption":"","why_editor_title":"","why_editor_text":"","why_team_title":"","why_team_text":"","why_service_title":"","why_service_text":"","template_catalog_visible":"0","template_catalog_title":"","template_catalog_text":"","template_catalog_categories_visible":"","demo_title":"Crie seu widget de feed do Instagram","demo_caption":"Configure seu feed do Instagram e adicione-o ao site do Blogger gratuitamente!","default_faq_hidden":"","app_template_category":[],"platform":"46","template_public_id":"","codecanyon_url":"","codecanyon_item_id":"","codecanyon_price":"","pricing_caption":"","pricing_elfsight_apps_hide_column":"","pricing_elfsight_apps_url":"","pricing_codecanyon_price_caption":"","integration_category":[],"integration_request_title":"","integration_request_cta":"","integration_platform":"","integrations":[],"platform_category":[],"video_schema_markup":"","price":"a partir de US$ 0\/m\u00eas","trial":"","benefits":[{"text":"Ajuda de instala\u00e7\u00e3o gratuita"},{"text":"Atendimento ao cliente profissional"},{"text":"Garantia de devolu\u00e7\u00e3o do dinheiro em 14 dias"},{"text":"Atualiza\u00e7\u00f5es gratuitas regulares"}],"button_url":"#demo","button_target_blank":"0","button_nofollow":"0","attributes":[{"name":"Instala\u00e7\u00f5es","content":"100,000 - 500,000","_state":"expanded"},{"name":"Responsivo","content":"Sim","_state":"expanded"},{"name":"Navegadores compat\u00edveis","content":"Firefox, Safari, Opera, Chrome, Edge"}],"tags":[],"tags_disable_links":"0","hide_more_platforms":"","video_object":"","demo_hide_cta":"0","demo_hide_cloud_options":"0","pricing_title":"","pricing":[{"pricing_icon":"platform","pricing_title":"Elfsight Apps","pricing_title_caption":"Software multiplataforma adequado para qualquer site","pricing_price":"a partir de US$ 0\/m\u00eas","pricing_price_caption":"comece com um plano gratuito","pricing_benefits":[{"text":"Dom\u00ednios ilimitados"},{"text":"Suporte r\u00e1pido da empresa e bem documentado"},{"text":"Suporte r\u00e1pido da empresa e bem documentado"},{"text":"100% personaliz\u00e1vel"}],"pricing_button_text":"Adicionar ao site","pricing_button_url":"#demo","_state":"expanded"}],"related_apps_title":"","related_apps_hidden":"1","author":"","image":[],"title":"","job":"","social_networks":[]},"_links":{"self":[{"href":"https:\/\/elfsight.com\/pt\/wp-json\/wp\/v2\/pages\/4258","targetHints":{"allow":["GET"]}}],"collection":[{"href":"https:\/\/elfsight.com\/pt\/wp-json\/wp\/v2\/pages"}],"about":[{"href":"https:\/\/elfsight.com\/pt\/wp-json\/wp\/v2\/types\/page"}],"author":[{"embeddable":true,"href":"https:\/\/elfsight.com\/pt\/wp-json\/wp\/v2\/users\/9"}],"replies":[{"embeddable":true,"href":"https:\/\/elfsight.com\/pt\/wp-json\/wp\/v2\/comments?post=4258"}],"version-history":[{"count":3,"href":"https:\/\/elfsight.com\/pt\/wp-json\/wp\/v2\/pages\/4258\/revisions"}],"predecessor-version":[{"id":13620,"href":"https:\/\/elfsight.com\/pt\/wp-json\/wp\/v2\/pages\/4258\/revisions\/13620"}],"up":[{"embeddable":true,"href":"https:\/\/elfsight.com\/pt\/wp-json\/wp\/v2\/pages\/481"}],"wp:attachment":[{"href":"https:\/\/elfsight.com\/pt\/wp-json\/wp\/v2\/media?parent=4258"}],"curies":[{"name":"wp","href":"https:\/\/api.w.org\/{rel}","templated":true}]}}