{"id":4253,"date":"2024-05-03T06:39:03","date_gmt":"2024-05-03T06:39:03","guid":{"rendered":"https:\/\/elfsight.com\/pt\/?page_id=4253"},"modified":"2025-01-21T09:08:22","modified_gmt":"2025-01-21T09:08:22","slug":"iframe","status":"publish","type":"page","link":"https:\/\/elfsight.com\/pt\/google-reviews-widget\/iframe\/","title":{"rendered":"Google Reviews &#8211; iFrame"},"content":{"rendered":"\n<div class=\"application-platform-content-item-description application-platform-content-item\" id=\"description\" data-nav-section=\"description\"><h2>Incorpore avalia\u00e7\u00f5es do Google com o plugin Elfsight<\/h2><p>Se voc\u00ea deseja mostrar sua classifica\u00e7\u00e3o alta e convencer os visitantes do site de que suas ofertas s\u00e3o vale a pena gastar dinheiro, o widget Elfsight Google Reviews \u00e9 exatamente o que voc\u00ea precisa. Usando nossa ferramenta, voc\u00ea integrar\u00e1 rapidamente as avalia\u00e7\u00f5es dos usu\u00e1rios do Google em seu site com informa\u00e7\u00f5es sobre seus autores, classific\u00e1-las para revelar apenas positivas, adicionar classifica\u00e7\u00f5es e um bot\u00e3o de redirecionamento que levar\u00e1 os usu\u00e1rios \u00e0 sua p\u00e1gina do Google, para que eles possam sair mais uma avalia\u00e7\u00e3o.<\/p><p><b>Insira as melhores avalia\u00e7\u00f5es de clientes do Google em seu site<\/b><\/p><div class=\"faq\" data-component=\"FAQ\"> <div class=\"faq-item\">\r\n\t\t\t\t\t<div class=\"faq-item-question\">\r\n\t\t\t\t\t\t<h3 class=\"faq-item-question-text\">Onde posso adicionar o widget<\/h3>\r\n\r\n\t\t\t\t\t\t<div class=\"faq-item-question-icon\"><\/div>\r\n\t\t\t\t\t<\/div>\r\n\r\n\t\t\t\t\t<div class=\"faq-item-answer\">\r\n\t\t\t\t\t\t<div class=\"faq-item-answer-text\"> <p>Voc\u00ea pode incorporar a se\u00e7\u00e3o de avalia\u00e7\u00e3o em qualquer p\u00e1gina do site ou escolher uma p\u00e1gina espec\u00edfica para exibi-la, por exemplo, a p\u00e1gina inicial.<\/p> <\/div>\r\n\t\t\t\t\t<\/div>\r\n\t\t\t\t<\/div> <div class=\"faq-item\">\r\n\t\t\t\t\t<div class=\"faq-item-question\">\r\n\t\t\t\t\t\t<h3 class=\"faq-item-question-text\">Como posso me beneficiar das avalia\u00e7\u00f5es em um site ?<\/h3>\r\n\r\n\t\t\t\t\t\t<div class=\"faq-item-question-icon\"><\/div>\r\n\t\t\t\t\t<\/div>\r\n\r\n\t\t\t\t\t<div class=\"faq-item-answer\">\r\n\t\t\t\t\t\t<div class=\"faq-item-answer-text\"> <p>Boas avalia\u00e7\u00f5es aumentam a confian\u00e7a em seus produtos e fazem os usu\u00e1rios acreditarem que voc\u00ea \u00e9 uma empresa confi\u00e1vel. Al\u00e9m disso, as pessoas sempre leem os depoimentos antes de comprar. Isso significa que boas cr\u00edticas ajudar\u00e3o os compradores hesitantes a tomar uma decis\u00e3o de compra. <\/p> <\/div>\r\n\t\t\t\t\t<\/div>\r\n\t\t\t\t<\/div> <div class=\"faq-item\">\r\n\t\t\t\t\t<div class=\"faq-item-question\">\r\n\t\t\t\t\t\t<h3 class=\"faq-item-question-text\">Posso testar seu widget iFrame do Google Reviews?<\/h3>\r\n\r\n\t\t\t\t\t\t<div class=\"faq-item-question-icon\"><\/div>\r\n\t\t\t\t\t<\/div>\r\n\r\n\t\t\t\t\t<div class=\"faq-item-answer\">\r\n\t\t\t\t\t\t<div class=\"faq-item-answer-text\"> <p>Sim, voc\u00ea pode fazer isso facilmente em uma <a href=\"#demo\">demonstra\u00e7\u00e3o<\/a> on-line gratuita uma. Teste todos os recursos, crie seu novo widget e adicione duas linhas de c\u00f3digo de instala\u00e7\u00e3o ao site.<\/p> <\/div>\r\n\t\t\t\t\t<\/div>\r\n\t\t\t\t<\/div> <div class=\"faq-item\">\r\n\t\t\t\t\t<div class=\"faq-item-question\">\r\n\t\t\t\t\t\t<h3 class=\"faq-item-question-text\">Como posso adicionar o Google Reviews ao meu site iFrame sem habilidades de codifica\u00e7\u00e3o?<\/h3>\r\n\r\n\t\t\t\t\t\t<div class=\"faq-item-question-icon\"><\/div>\r\n\t\t\t\t\t<\/div>\r\n\r\n\t\t\t\t\t<div class=\"faq-item-answer\">\r\n\t\t\t\t\t\t<div class=\"faq-item-answer-text\"> <p>A Elfsight fornece uma solu\u00e7\u00e3o SaaS que lhe permite criar voc\u00ea mesmo um widget de Avalia\u00e7\u00f5es do Google. Veja como \u00e9 f\u00e1cil o processo: Trabalhe diretamente no Editor online para criar um widget de Avalia\u00e7\u00f5es do Google que gostaria de ver no seu site iFrame. Escolha um dos modelos predefinidos e ajuste as configura\u00e7\u00f5es do Google Reviews, adicione seu conte\u00fado, altere o layout e o esquema de cores sem habilidades de codifica\u00e7\u00e3o. Salve o Google Reviews e copie seu c\u00f3digo de instala\u00e7\u00e3o, que voc\u00ea pode incorporar em seu site iFrame sem comprar uma vers\u00e3o paga. Com nosso editor intuitivo, qualquer usu\u00e1rio da Internet pode criar um widget do Google Reviews on-line e incorpor\u00e1-lo facilmente ao seu site iFrame. N\u00e3o h\u00e1 necessidade de pagar ou inserir as credenciais do seu cart\u00e3o para acessar o servi\u00e7o. Se voc\u00ea enfrentar qualquer problema em qualquer etapa, n\u00e3o hesite em entrar em contato com nossa equipe de suporte t\u00e9cnico.<\/p> <\/div>\r\n\t\t\t\t\t<\/div>\r\n\t\t\t\t<\/div> <\/div> <\/div><div class=\"application-platform-content-item-features application-platform-content-item\" id=\"features\" data-nav-section=\"features\"><h2>Principais recursos do Extens\u00e3o do Google Reviews<\/h2><p>Para obter uma vis\u00e3o completa do widget do Google Reviews, voc\u00ea pode consultar a lista de suas fun\u00e7\u00f5es mais importantes. Eles tornam nosso widget incrivelmente eficaz para sua promo\u00e7\u00e3o: <\/p> <ul> <li>Tr\u00eas filtros prontos para uso: por tipo, exclus\u00e3o por e quantidade de avalia\u00e7\u00f5es para exibi\u00e7\u00e3o; <\/li> <li>Quatro layouts predefinidos: Lista, Grade, Alvenaria e Slider; <\/li> <li>Uma op\u00e7\u00e3o para controlar a exibi\u00e7\u00e3o do cabe\u00e7alho do widget; <\/li> <li>O bot\u00e3o de solicita\u00e7\u00e3o de revis\u00e3o leva os clientes \u00e0 sua p\u00e1gina do Google; <\/li> <li>6 elementos personaliz\u00e1veis \u200b\u200bdas resenhas: nome do autor e imagem, texto de recomenda\u00e7\u00e3o, data da postagem, \u00edcone do Google e classifica\u00e7\u00e3o por estrelas; <\/li> <li>Duas op\u00e7\u00f5es de cen\u00e1rios ap\u00f3s a nega\u00e7\u00e3o do pedido de revis\u00e3o: revelar sua mensagem ou remover o bot\u00e3o. <\/li> <\/ul><p><a href=\"#demo\">Aproveite todas as op\u00e7\u00f5es da demonstra\u00e7\u00e3o ao vivo<\/a><\/p><\/div><div class=\"application-platform-content-item-installation application-platform-content-item\" id=\"installation\" data-nav-section=\"installation\"><h2> Como adicionar coment\u00e1rios do Google ao site iFrame<\/h2><p>Essas etapas f\u00e1ceis s\u00e3o a \u00fanica coisa que voc\u00ea deve seguir para ativar o widget. <\/p> <ol><li><b>Construa seu plug-in exclusivo do Google Reviews<\/b><br> Por meio de nosso configurador gratuito, crie um plug-in com design e funcionalidade preferidos. <\/li><li><b>Obtenha o c\u00f3digo pessoal para incorporar o plugin<\/b><br> Depois de criar o seu widget, voc\u00ea obter\u00e1 o c\u00f3digo de instala\u00e7\u00e3o a partir da notifica\u00e7\u00e3o que aparece nos aplicativos da Elfsight. Copie. <\/li> <li><b>Incorpore o Google Reviews no iFrame<\/b><br> Escolha o local onde voc\u00ea planeja exibir o plug-in e cole o c\u00f3digo salvo l\u00e1. Aplique os resultados. <\/li> <li><b>Pronto! <\/b><br> Visite seu site para visualizar seu plugin. <\/li> <\/ol><p>Se voc\u00ea tiver alguma d\u00favida, n\u00e3o hesite em entrar em contato com nossa equipe de suporte ao cliente. Teremos prazer em ajudar!<\/p><\/div>\n","protected":false},"excerpt":{"rendered":"","protected":false},"author":9,"featured_media":0,"parent":443,"menu_order":0,"comment_status":"closed","ping_status":"closed","template":"templates\/template-application-platform.php","meta":{"publish_to_discourse":"","publish_post_category":"","wpdc_auto_publish_overridden":"","wpdc_topic_tags":"","wpdc_pin_topic":"","wpdc_pin_until":"","discourse_post_id":"","discourse_permalink":"","wpdc_publishing_response":"","wpdc_publishing_error":"","footnotes":""},"class_list":["post-4253","page","type-page","status-publish","hentry"],"yoast_head":"<!-- This site is optimized with the Yoast SEO plugin v25.3.1 - https:\/\/yoast.com\/wordpress\/plugins\/seo\/ -->\n<title>iFrame Google Reviews - adicione coment\u00e1rios a um site em 2 minutos!<\/title>\n<meta name=\"description\" content=\"\u00c9 absolutamente simples criar seu widget Google Reviews e public\u00e1-lo em um site iFrame. O atendimento ao cliente da Elfsight \u00e9 gratuito e r\u00e1pido.\" \/>\n<meta name=\"robots\" content=\"index, follow, max-snippet:-1, max-image-preview:large, max-video-preview:-1\" \/>\n<link rel=\"canonical\" href=\"https:\/\/elfsight.com\/pt\/google-reviews-widget\/iframe\/\" \/>\n<meta property=\"og:locale\" content=\"pt_PT\" \/>\n<meta property=\"og:type\" content=\"article\" \/>\n<meta property=\"og:title\" content=\"iFrame Google Reviews - adicione coment\u00e1rios a um site em 2 minutos!\" \/>\n<meta property=\"og:description\" content=\"\u00c9 absolutamente simples criar seu widget Google Reviews e public\u00e1-lo em um site iFrame. O atendimento ao cliente da Elfsight \u00e9 gratuito e r\u00e1pido.\" \/>\n<meta property=\"og:url\" content=\"https:\/\/elfsight.com\/pt\/google-reviews-widget\/iframe\/\" \/>\n<meta property=\"og:site_name\" content=\"Elfsight PT\" \/>\n<meta property=\"article:modified_time\" content=\"2025-01-21T09:08:22+00:00\" \/>\n<meta name=\"twitter:card\" content=\"summary_large_image\" \/>\n<meta name=\"twitter:label1\" content=\"Tempo estimado de leitura\" \/>\n\t<meta name=\"twitter:data1\" content=\"4 minutos\" \/>\n<!-- \/ Yoast SEO plugin. -->","yoast_head_json":{"title":"iFrame Google Reviews - adicione coment\u00e1rios a um site em 2 minutos!","description":"\u00c9 absolutamente simples criar seu widget Google Reviews e public\u00e1-lo em um site iFrame. O atendimento ao cliente da Elfsight \u00e9 gratuito e r\u00e1pido.","robots":{"index":"index","follow":"follow","max-snippet":"max-snippet:-1","max-image-preview":"max-image-preview:large","max-video-preview":"max-video-preview:-1"},"canonical":"https:\/\/elfsight.com\/pt\/google-reviews-widget\/iframe\/","og_locale":"pt_PT","og_type":"article","og_title":"iFrame Google Reviews - adicione coment\u00e1rios a um site em 2 minutos!","og_description":"\u00c9 absolutamente simples criar seu widget Google Reviews e public\u00e1-lo em um site iFrame. O atendimento ao cliente da Elfsight \u00e9 gratuito e r\u00e1pido.","og_url":"https:\/\/elfsight.com\/pt\/google-reviews-widget\/iframe\/","og_site_name":"Elfsight PT","article_modified_time":"2025-01-21T09:08:22+00:00","twitter_card":"summary_large_image","twitter_misc":{"Tempo estimado de leitura":"4 minutos"},"schema":{"@context":"https:\/\/schema.org","@graph":[{"@type":"WebPage","@id":"https:\/\/elfsight.com\/pt\/google-reviews-widget\/iframe\/","url":"https:\/\/elfsight.com\/pt\/google-reviews-widget\/iframe\/","name":"iFrame Google Reviews - adicione coment\u00e1rios a um site em 2 minutos!","isPartOf":{"@id":"https:\/\/elfsight.com\/pt\/#website"},"datePublished":"2024-05-03T06:39:03+00:00","dateModified":"2025-01-21T09:08:22+00:00","description":"\u00c9 absolutamente simples criar seu widget Google Reviews e public\u00e1-lo em um site iFrame. O atendimento ao cliente da Elfsight \u00e9 gratuito e r\u00e1pido.","breadcrumb":{"@id":"https:\/\/elfsight.com\/pt\/google-reviews-widget\/iframe\/#breadcrumb"},"inLanguage":"pt-PT","potentialAction":[{"@type":"ReadAction","target":["https:\/\/elfsight.com\/pt\/google-reviews-widget\/iframe\/"]}]},{"@type":"BreadcrumbList","@id":"https:\/\/elfsight.com\/pt\/google-reviews-widget\/iframe\/#breadcrumb","itemListElement":[{"@type":"ListItem","position":1,"name":"Home","item":"https:\/\/elfsight.com\/pt\/"},{"@type":"ListItem","position":2,"name":"Google Reviews","item":"https:\/\/elfsight.com\/pt\/google-reviews-widget\/"},{"@type":"ListItem","position":3,"name":"Google Reviews &#8211; iFrame"}]},{"@type":"WebSite","@id":"https:\/\/elfsight.com\/pt\/#website","url":"https:\/\/elfsight.com\/pt\/","name":"Elfsight PT","description":"Just another Elfsight Sites site","potentialAction":[{"@type":"SearchAction","target":{"@type":"EntryPoint","urlTemplate":"https:\/\/elfsight.com\/pt\/?s={search_term_string}"},"query-input":{"@type":"PropertyValueSpecification","valueRequired":true,"valueName":"search_term_string"}}],"inLanguage":"pt-PT"}]}},"meta_box":{"industry":"","seo_heading":"","heading":"","description":"","cta_heading":"","cta_description":"","application":"442","h1":"Avalia\u00e7\u00f5es do Google sobre iFrame","h1_caption":"Mostre depoimentos de clientes perfeitos do Google em seu site","application_category":[],"applications_title":"","applications_request_title":"","applications_request_button_text":"","hero_text":"","hero_video":"","hero_video_schema_markup":"","selling_points_title":"","selling_points_caption":"","selling_points":[],"selling_points_cta_text":"","features_title":"","features":"","ed_cta_examples_text":"","ed_cta_examples_hidden":"","ed_cta_demo_text":"","ed_cta_demo_hidden":"","why_caption":"","why_editor_title":"","why_editor_text":"","why_team_title":"","why_team_text":"","why_service_title":"","why_service_text":"","template_catalog_visible":"0","template_catalog_title":"","template_catalog_text":"","template_catalog_categories_visible":"","demo_title":"Crie seu widget de coment\u00e1rios do Google","demo_caption":"Configure seu Google Reviews e adicione-o ao seu site iFrame gratuitamente!","default_faq_hidden":"","app_template_category":[],"platform":"4911","template_public_id":"","codecanyon_url":"","codecanyon_item_id":"","codecanyon_price":"","pricing_caption":"","pricing_elfsight_apps_hide_column":"","pricing_elfsight_apps_url":"","pricing_codecanyon_price_caption":"","integration_category":[],"integration_request_title":"","integration_request_cta":"","integration_platform":"","integrations":[],"platform_category":[],"video_schema_markup":"","price":"a partir de US$ 0\/m\u00eas","trial":"","benefits":[{"text":"Servi\u00e7o de instala\u00e7\u00e3o gratuito"},{"text":"Suporte premium"},{"text":"Garantia de reembolso de 14 dias"},{"text":"Melhorias gratuitas regulares"}],"button_url":"#demo","button_target_blank":"0","button_nofollow":"0","attributes":[{"name":"Instala\u00e7\u00f5es","content":"100,000 - 500,000","_state":"expanded"},{"name":"Responsivo","content":"Sim","_state":"expanded"},{"name":"Navegadores compat\u00edveis","content":"Chrome, Edge, Opera, Firefox, Safari"}],"tags":[],"tags_disable_links":"0","hide_more_platforms":"","video_object":"","demo_hide_cta":"0","demo_hide_cloud_options":"0","pricing_title":"","pricing":[{"pricing_icon":"platform","pricing_title":"Elfsight Apps","pricing_title_caption":"Solu\u00e7\u00e3o digital multiplataforma","pricing_price":"a partir de US$ 0\/m\u00eas","pricing_price_caption":"comece com plano gratuito","pricing_benefits":[{"text":"Sites ilimitados"},{"text":"Suporte profissional e pontual"},{"text":"Suporte profissional e pontual"},{"text":"Oferta especial para v\u00e1rios aplicativos"}],"pricing_button_text":"Adicionar ao site","pricing_button_url":"#demo","_state":"expanded"}],"related_apps_title":"","related_apps_hidden":"1","author":"","image":[],"title":"","job":"","social_networks":[]},"_links":{"self":[{"href":"https:\/\/elfsight.com\/pt\/wp-json\/wp\/v2\/pages\/4253","targetHints":{"allow":["GET"]}}],"collection":[{"href":"https:\/\/elfsight.com\/pt\/wp-json\/wp\/v2\/pages"}],"about":[{"href":"https:\/\/elfsight.com\/pt\/wp-json\/wp\/v2\/types\/page"}],"author":[{"embeddable":true,"href":"https:\/\/elfsight.com\/pt\/wp-json\/wp\/v2\/users\/9"}],"replies":[{"embeddable":true,"href":"https:\/\/elfsight.com\/pt\/wp-json\/wp\/v2\/comments?post=4253"}],"version-history":[{"count":3,"href":"https:\/\/elfsight.com\/pt\/wp-json\/wp\/v2\/pages\/4253\/revisions"}],"predecessor-version":[{"id":13604,"href":"https:\/\/elfsight.com\/pt\/wp-json\/wp\/v2\/pages\/4253\/revisions\/13604"}],"up":[{"embeddable":true,"href":"https:\/\/elfsight.com\/pt\/wp-json\/wp\/v2\/pages\/443"}],"wp:attachment":[{"href":"https:\/\/elfsight.com\/pt\/wp-json\/wp\/v2\/media?parent=4253"}],"curies":[{"name":"wp","href":"https:\/\/api.w.org\/{rel}","templated":true}]}}