{"id":4243,"date":"2024-05-03T06:41:05","date_gmt":"2024-05-03T06:41:05","guid":{"rendered":"https:\/\/elfsight.com\/pt\/?page_id=4243"},"modified":"2024-11-13T11:45:03","modified_gmt":"2024-11-13T11:45:03","slug":"jquery","status":"publish","type":"page","link":"https:\/\/elfsight.com\/pt\/logo-showcase-widget\/jquery\/","title":{"rendered":"Logo Showcase &#8211; jQuery"},"content":{"rendered":"<div class=\"application-platform-content-item-description application-platform-content-item\" id=\"description\" data-nav-section=\"description\"><h2>Descri\u00e7\u00e3o<\/h2> <p>Elfsight Logo Showcase ser\u00e1 a forma mais descomplicada de demonstrar os log\u00f3tipos dos clientes e promotores ou a sua imprensa men\u00e7\u00f5es no site. Utilizando nosso widget, voc\u00ea prova que \u00e9 um companheiro confi\u00e1vel e estabelece uma boa percep\u00e7\u00e3o da sua empresa. O widget permite exibir qualquer n\u00famero de logotipos, organiz\u00e1-los em um controle deslizante ou grade e variar a escala das imagens. Voc\u00ea pode inserir uma legenda e links para o site das empresas. Com a ajuda de op\u00e7\u00f5es de cores e fontes, \u00e9 f\u00e1cil conseguir uma interface personalizada. <\/p><p><b>Aumente o n\u00edvel de vendas comprovando o excelente nome da sua empresa, com logotipos de clientes no site. <\/b><\/p><\/div> <div class=\"application-platform-content-item-features application-platform-content-item\" id=\"features\" data-nav-section=\"features\"><h2>Recursos<\/h2> <p>Verifique todas as caracter\u00edsticas funcionais do Logo Showcase. Eles est\u00e3o dispon\u00edveis diretamente no editor e ir\u00e3o ajud\u00e1-lo a moldar o widget mais adequado ao seu caso. <\/p><ul><li> Vincule cada logotipo a qualquer endere\u00e7o; <\/li><li>O cabe\u00e7alho adapt\u00e1vel possui t\u00edtulo e texto com op\u00e7\u00f5es de formata\u00e7\u00e3o; <\/li><li>O bot\u00e3o de call to action pode ser conectado a qualquer endere\u00e7o; <\/li><li>3 layouts diferentes: Slider, Grid e Carousel;<\/li><li>Uma op\u00e7\u00e3o para ajustar o tamanho do logotipo e o par\u00e2metro de largura do widget; <\/li><li>Selecione qualquer cor de fundo ou adicione sua pr\u00f3pria imagem. <\/li><\/ul><p><a href=\"#demo\">Veja como todos os recursos funcionam em nossa demonstra\u00e7\u00e3o<\/a><\/p><\/div> <div class=\"application-platform-content-item-installation application-platform-content-item\" id=\"installation\" data-nav-section=\"installation\"> <h2>Como posso adicionar Logo Showcase ao jQuery? <\/h2><p>Para come\u00e7ar a usar o widget, basta seguir os seguintes passos r\u00e1pidos<\/p><ul><li><b>Crie seu plugin de logotipo personalizado<\/b><br>Usando nosso configurador gratuito, obtenha um plugin com interface e fun\u00e7\u00f5es personalizadas. <\/li><li><b>Copie o c\u00f3digo individual para incorporar o plugin<\/b><br>Depois de personalizar o seu widget, voc\u00ea obter\u00e1 o c\u00f3digo de instala\u00e7\u00e3o na janela exibida nos aplicativos Elfsight. Copie-o para uso posterior. <\/li><li><b>Publique o plugin em seu site jQuery<\/b><br>Encontre a \u00e1rea onde voc\u00ea precisa incorporar o plugin e cole o c\u00f3digo copiado l\u00e1. Aplique as edi\u00e7\u00f5es. <\/li><li><b>A configura\u00e7\u00e3o foi bem-sucedida! <\/b><br>V\u00e1 para o seu site para visualizar o seu plugin. <\/li><\/ul><p>Sinta-se \u00e0 vontade para entrar em contato com o servi\u00e7o de suporte da Elfsight se precisar de ajuda ou tiver problemas. Nossos especialistas ter\u00e3o prazer em ajudar com cada solicita\u00e7\u00e3o. <\/p><div class=\"faq\" data-component=\"FAQ\"><div class=\"faq-item\">\r\n\t\t\t\t\t<div class=\"faq-item-question\">\r\n\t\t\t\t\t\t<h3 class=\"faq-item-question-text\">De que forma posso adicionar o Logo Showcase ao meu site jQuery sem experi\u00eancia em codifica\u00e7\u00e3o?<\/h3>\r\n\r\n\t\t\t\t\t\t<div class=\"faq-item-question-icon\"><\/div>\r\n\t\t\t\t\t<\/div>\r\n\r\n\t\t\t\t\t<div class=\"faq-item-answer\">\r\n\t\t\t\t\t\t<div class=\"faq-item-answer-text\"> <p>A Elfsight fornece uma solu\u00e7\u00e3o SaaS que lhe permite gerar voc\u00ea mesmo um widget Logo Showcase, verifique as etapas simples: Comece a trabalhar diretamente no Editor ao vivo para criar um widget Logo Showcase que voc\u00ea gostaria de incorporar em sua p\u00e1gina da web jQuery. Escolha um dos muitos modelos pr\u00e9-concebidos e ajuste as configura\u00e7\u00f5es do Logo Showcase, adicione seu conte\u00fado, altere o layout e a cor dos elementos sem qualquer codifica\u00e7\u00e3o. Salve as configura\u00e7\u00f5es feitas no Logo Showcase e copie o c\u00f3digo de instala\u00e7\u00e3o, que voc\u00ea pode incorporar facilmente em qualquer p\u00e1gina inicial do jQuery em um plano gratuito. Usando o editor amig\u00e1vel, cada usu\u00e1rio da web pode construir um widget Logo Showcase e simplesmente incorpor\u00e1-lo ao site jQuery. N\u00e3o \u00e9 necess\u00e1rio obter um plano pago ou divulgar as credenciais do seu cart\u00e3o para entrar em nosso Editor. Se voc\u00ea tiver qualquer tipo de problema, entre em contato com nossa equipe de suporte.<\/p> <\/div>\r\n\t\t\t\t\t<\/div>\r\n\t\t\t\t<\/div> <\/div><\/div>","protected":false},"excerpt":{"rendered":"","protected":false},"author":9,"featured_media":0,"parent":983,"menu_order":0,"comment_status":"closed","ping_status":"closed","template":"templates\/template-application-platform.php","meta":{"publish_to_discourse":"","publish_post_category":"","wpdc_auto_publish_overridden":"","wpdc_topic_tags":"","wpdc_pin_topic":"","wpdc_pin_until":"","discourse_post_id":"","discourse_permalink":"","wpdc_publishing_response":"","wpdc_publishing_error":"","footnotes":""},"class_list":["post-4243","page","type-page","status-publish","hentry"],"yoast_head":"<!-- This site is optimized with the Yoast SEO plugin v25.3.1 - https:\/\/yoast.com\/wordpress\/plugins\/seo\/ -->\n<title>Logo Showcase - Adicionar plugin Logo Carousel ao site jQuery (2025)<\/title>\n<meta name=\"description\" content=\"\u00c9 perfeitamente simples criar seu plugin Logo Showcase e adicion\u00e1-lo ao seu site jQuery. O atendimento ao cliente da Elfsight \u00e9 gratuito e r\u00e1pido.\" \/>\n<meta name=\"robots\" content=\"index, follow, max-snippet:-1, max-image-preview:large, max-video-preview:-1\" \/>\n<link rel=\"canonical\" href=\"https:\/\/elfsight.com\/pt\/logo-showcase-widget\/jquery\/\" \/>\n<meta property=\"og:locale\" content=\"pt_PT\" \/>\n<meta property=\"og:type\" content=\"article\" \/>\n<meta property=\"og:title\" content=\"Logo Showcase - Adicionar plugin Logo Carousel ao site jQuery (2025)\" \/>\n<meta property=\"og:description\" content=\"\u00c9 perfeitamente simples criar seu plugin Logo Showcase e adicion\u00e1-lo ao seu site jQuery. O atendimento ao cliente da Elfsight \u00e9 gratuito e r\u00e1pido.\" \/>\n<meta property=\"og:url\" content=\"https:\/\/elfsight.com\/pt\/logo-showcase-widget\/jquery\/\" \/>\n<meta property=\"og:site_name\" content=\"Elfsight PT\" \/>\n<meta property=\"article:modified_time\" content=\"2024-11-13T11:45:03+00:00\" \/>\n<meta name=\"twitter:card\" content=\"summary_large_image\" \/>\n<meta name=\"twitter:label1\" content=\"Tempo estimado de leitura\" \/>\n\t<meta name=\"twitter:data1\" content=\"2 minutos\" \/>\n<!-- \/ Yoast SEO plugin. -->","yoast_head_json":{"title":"Logo Showcase - Adicionar plugin Logo Carousel ao site jQuery (2025)","description":"\u00c9 perfeitamente simples criar seu plugin Logo Showcase e adicion\u00e1-lo ao seu site jQuery. O atendimento ao cliente da Elfsight \u00e9 gratuito e r\u00e1pido.","robots":{"index":"index","follow":"follow","max-snippet":"max-snippet:-1","max-image-preview":"max-image-preview:large","max-video-preview":"max-video-preview:-1"},"canonical":"https:\/\/elfsight.com\/pt\/logo-showcase-widget\/jquery\/","og_locale":"pt_PT","og_type":"article","og_title":"Logo Showcase - Adicionar plugin Logo Carousel ao site jQuery (2025)","og_description":"\u00c9 perfeitamente simples criar seu plugin Logo Showcase e adicion\u00e1-lo ao seu site jQuery. O atendimento ao cliente da Elfsight \u00e9 gratuito e r\u00e1pido.","og_url":"https:\/\/elfsight.com\/pt\/logo-showcase-widget\/jquery\/","og_site_name":"Elfsight PT","article_modified_time":"2024-11-13T11:45:03+00:00","twitter_card":"summary_large_image","twitter_misc":{"Tempo estimado de leitura":"2 minutos"},"schema":{"@context":"https:\/\/schema.org","@graph":[{"@type":"WebPage","@id":"https:\/\/elfsight.com\/pt\/logo-showcase-widget\/jquery\/","url":"https:\/\/elfsight.com\/pt\/logo-showcase-widget\/jquery\/","name":"Logo Showcase - Adicionar plugin Logo Carousel ao site jQuery (2025)","isPartOf":{"@id":"https:\/\/elfsight.com\/pt\/#website"},"datePublished":"2024-05-03T06:41:05+00:00","dateModified":"2024-11-13T11:45:03+00:00","description":"\u00c9 perfeitamente simples criar seu plugin Logo Showcase e adicion\u00e1-lo ao seu site jQuery. O atendimento ao cliente da Elfsight \u00e9 gratuito e r\u00e1pido.","breadcrumb":{"@id":"https:\/\/elfsight.com\/pt\/logo-showcase-widget\/jquery\/#breadcrumb"},"inLanguage":"pt-PT","potentialAction":[{"@type":"ReadAction","target":["https:\/\/elfsight.com\/pt\/logo-showcase-widget\/jquery\/"]}]},{"@type":"BreadcrumbList","@id":"https:\/\/elfsight.com\/pt\/logo-showcase-widget\/jquery\/#breadcrumb","itemListElement":[{"@type":"ListItem","position":1,"name":"Home","item":"https:\/\/elfsight.com\/pt\/"},{"@type":"ListItem","position":2,"name":"Logo Showcase","item":"https:\/\/elfsight.com\/pt\/logo-showcase-widget\/"},{"@type":"ListItem","position":3,"name":"Logo Showcase &#8211; jQuery"}]},{"@type":"WebSite","@id":"https:\/\/elfsight.com\/pt\/#website","url":"https:\/\/elfsight.com\/pt\/","name":"Elfsight PT","description":"Just another Elfsight Sites site","potentialAction":[{"@type":"SearchAction","target":{"@type":"EntryPoint","urlTemplate":"https:\/\/elfsight.com\/pt\/?s={search_term_string}"},"query-input":{"@type":"PropertyValueSpecification","valueRequired":true,"valueName":"search_term_string"}}],"inLanguage":"pt-PT"}]}},"meta_box":{"industry":"","seo_heading":"","heading":"","description":"","cta_heading":"","cta_description":"","application":"982","h1":"Vitrine do logotipo jQuery","h1_caption":"Exiba logotipos de clientes ou acompanhantes em seu site para obter maior confian\u00e7a","application_category":[],"applications_title":"","applications_request_title":"","applications_request_button_text":"","hero_text":"","hero_video":"","hero_video_schema_markup":"","selling_points_title":"","selling_points_caption":"","selling_points":[],"selling_points_cta_text":"","features_title":"","features":"","ed_cta_examples_text":"","ed_cta_examples_hidden":"","ed_cta_demo_text":"","ed_cta_demo_hidden":"","why_caption":"","why_editor_title":"","why_editor_text":"","why_team_title":"","why_team_text":"","why_service_title":"","why_service_text":"","template_catalog_visible":"","template_catalog_title":"","template_catalog_text":"","template_catalog_categories_visible":"","demo_title":"Crie seu plugin Logo Showcase","demo_caption":"Configure seu Logo Showcase e adicione-o ao seu site jQuery gratuitamente!","default_faq_hidden":"","app_template_category":[],"platform":"55","template_public_id":"","codecanyon_url":"","codecanyon_item_id":"","codecanyon_price":"","pricing_caption":"","pricing_elfsight_apps_hide_column":"","pricing_elfsight_apps_url":"","pricing_codecanyon_price_caption":"","integration_category":[],"integration_request_title":"","integration_request_cta":"","integration_platform":"","integrations":[],"platform_category":[],"video_schema_markup":"","price":"a partir de US$ 0\/m\u00eas","trial":"","benefits":[{"text":"Assist\u00eancia de instala\u00e7\u00e3o gratuita"},{"text":"Atendimento ao cliente eficaz"},{"text":"Garantia de reembolso de 14 dias"},{"text":"Desenvolvimento cont\u00ednuo"}],"button_url":"#demo","button_target_blank":"0","button_nofollow":"0","attributes":[{"name":"Instala\u00e7\u00f5es","content":"10,000 - 100,000","_state":"expanded"},{"name":"Responsivo","content":"Sim","_state":"expanded"},{"name":"Navegadores compat\u00edveis","content":"Firefox, Safari, Opera, Chrome, Edge"}],"tags":[],"tags_disable_links":"0","hide_more_platforms":"","video_object":"","demo_hide_cta":"0","demo_hide_cloud_options":"0","pricing_title":"","pricing":[{"pricing_icon":"platform","pricing_title":"Elfsight Apps","pricing_title_caption":"Solu\u00e7\u00e3o multiplataforma que funciona em qualquer site","pricing_price":"a partir de US$ 0\/m\u00eas","pricing_price_caption":"comece com um plano gratuito","pricing_benefits":[{"text":"Dom\u00ednios ilimitados"},{"text":"Suporte profissional da empresa e bem documentado"},{"text":"Suporte profissional da empresa e bem documentado"},{"text":"100% personaliz\u00e1vel"}],"pricing_button_text":"Adicionar ao site","pricing_button_url":"#demo","_state":"expanded"}],"related_apps_title":"","related_apps_hidden":"1","author":"","image":[],"title":"","job":"","social_networks":[]},"_links":{"self":[{"href":"https:\/\/elfsight.com\/pt\/wp-json\/wp\/v2\/pages\/4243","targetHints":{"allow":["GET"]}}],"collection":[{"href":"https:\/\/elfsight.com\/pt\/wp-json\/wp\/v2\/pages"}],"about":[{"href":"https:\/\/elfsight.com\/pt\/wp-json\/wp\/v2\/types\/page"}],"author":[{"embeddable":true,"href":"https:\/\/elfsight.com\/pt\/wp-json\/wp\/v2\/users\/9"}],"replies":[{"embeddable":true,"href":"https:\/\/elfsight.com\/pt\/wp-json\/wp\/v2\/comments?post=4243"}],"version-history":[{"count":2,"href":"https:\/\/elfsight.com\/pt\/wp-json\/wp\/v2\/pages\/4243\/revisions"}],"predecessor-version":[{"id":11987,"href":"https:\/\/elfsight.com\/pt\/wp-json\/wp\/v2\/pages\/4243\/revisions\/11987"}],"up":[{"embeddable":true,"href":"https:\/\/elfsight.com\/pt\/wp-json\/wp\/v2\/pages\/983"}],"wp:attachment":[{"href":"https:\/\/elfsight.com\/pt\/wp-json\/wp\/v2\/media?parent=4243"}],"curies":[{"name":"wp","href":"https:\/\/api.w.org\/{rel}","templated":true}]}}