{"id":4240,"date":"2024-05-03T06:41:27","date_gmt":"2024-05-03T06:41:27","guid":{"rendered":"https:\/\/elfsight.com\/pt\/?page_id=4240"},"modified":"2024-11-13T11:27:44","modified_gmt":"2024-11-13T11:27:44","slug":"jquery","status":"publish","type":"page","link":"https:\/\/elfsight.com\/pt\/number-counter-widget\/jquery\/","title":{"rendered":"Number Counter &#8211; jQuery"},"content":{"rendered":"<div class=\"application-platform-content-item-description application-platform-content-item\" id=\"description\" data-nav-section=\"description\"> <h2>Descri\u00e7\u00e3o<\/h2> <p>Elfsight Number Counter \u00e9 um plugin conveniente para jQuery com uma vasta gama de recursos. \u00c9 bom para ostentar seus impressionantes \u00edndices de neg\u00f3cios, a quantidade de obras realizadas at\u00e9 o momento e n\u00e3o \u00e9 tudo. O widget \u00e9 excepcionalmente ajust\u00e1vel. Voc\u00ea \u00e9 livre para criar qualquer quantidade de contadores, comp\u00f4-los em colunas, escolher \u00edcones de nossa biblioteca ou fazer upload de seus personalizados, torn\u00e1-los coloridos ou de cor s\u00f3lida, adicionar t\u00edtulos para equipar seus usu\u00e1rios com informa\u00e7\u00f5es conceb\u00edveis, redesenhar qualquer recurso, escolher a imagem de fundo, e isso n\u00e3o \u00e9 nem a metade. Basta come\u00e7ar a formar seu contador agora e ver as principais estat\u00edsticas de seu neg\u00f3cio crescerem! <\/p> <p><b>Exponha suas realiza\u00e7\u00f5es maravilhosas aos seus potenciais compradores. Aumente a quantidade de vendas e leads bem-sucedidos! <\/b><\/p> <\/div> <div class=\"application-platform-content-item-features application-platform-content-item\" id=\"features\" data-nav-section=\"features\"> <h2>Conhe\u00e7a a lista dos recursos mais \u00fateis do widget Number Counter:<\/h2> <ul><li>Um quantidade ilimitada de contadores. <\/li><li>Qualquer quantidade de colunas. <\/li><li>Adicione t\u00edtulos, cabe\u00e7alhos, prefixos e p\u00f3s-fixos. <\/li><li>Escolha o tipo de \u00edcone &#8211; obtenha-o em nossa biblioteca ou carregue seu personalizado. <\/li><li>Links adjacentes. <\/li><\/ul><p><a href=\"#demo\">Teste todas as configura\u00e7\u00f5es em uma demonstra\u00e7\u00e3o 100% funcional<\/a><\/p> <\/div> <div class=\"application-platform-content-item-installation application-platform-content-item\" id=\"installation\" data-nav-section=\"installation\"> <h2>Como posso incorporar o Number Counter ao meu site jQuery? <\/h2> <p>Basta seguir as etapas descritas abaixo para integrar o widget. <\/p> <ol><li><b>Abrindo nosso editor gratuito, comece a criar seu widget exclusivo. <\/b><br> Escolha o design e os aspectos desejados do widget e salve as edi\u00e7\u00f5es. <\/li> <li><b>Obtenha seu c\u00f3digo exclusivo mostrado na janela dos aplicativos Elfsight. <\/b><br> Ap\u00f3s a conclus\u00e3o da personaliza\u00e7\u00e3o do seu widget pessoal, copie o c\u00f3digo exclusivo no pop-up exibido e salve-o para uso futuro. <\/li> <li><b>Comece a usar o plugin no site jQuery. <\/b><br>Incorpore o c\u00f3digo copiado recentemente em sua p\u00e1gina e aplique as corre\u00e7\u00f5es. <\/li> <li><b>A configura\u00e7\u00e3o foi conclu\u00edda com sucesso. <\/b><br> Visite seu site para ver como o plugin funciona. <\/li><\/ol> <p>Caso voc\u00ea encontre algum obst\u00e1culo, n\u00e3o tenha medo de recorrer \u00e0 nossa equipe de suporte. Nossos consultores ter\u00e3o prazer em resolver todos os problemas que voc\u00ea possa ter com o widget. <\/p> <div class=\"faq\" data-component=\"FAQ\"><div class=\"faq-item\">\r\n\t\t\t\t\t<div class=\"faq-item-question\">\r\n\t\t\t\t\t\t<h3 class=\"faq-item-question-text\">Existe uma maneira de incorporar o Number Counter no meu site jQuery sem codifica\u00e7\u00e3o?<\/h3>\r\n\r\n\t\t\t\t\t\t<div class=\"faq-item-question-icon\"><\/div>\r\n\t\t\t\t\t<\/div>\r\n\r\n\t\t\t\t\t<div class=\"faq-item-answer\">\r\n\t\t\t\t\t\t<div class=\"faq-item-answer-text\"> <p>A empresa Elfsight oferece uma solu\u00e7\u00e3o que permite que as pessoas criem voc\u00ea mesmo um widget Number Counter, descubra como \u00e9 f\u00e1cil: Trabalhe diretamente no Editor ao vivo para construir uma se\u00e7\u00e3o do Contador de N\u00fameros que voc\u00ea gostaria que aparecesse na p\u00e1gina da web do jQuery. Escolha um de nossos modelos prontos e altere as configura\u00e7\u00f5es do contador num\u00e9rico, altere o layout e as cores inclusive o seu conte\u00fado, sem nenhum conhecimento de codifica\u00e7\u00e3o. Clique para salvar as configura\u00e7\u00f5es feitas no Number Counter e copiar seu c\u00f3digo de instala\u00e7\u00e3o, que pode ser facilmente adicionado na p\u00e1gina inicial do jQuery dentro de um plano gratuito. Com a ajuda do editor intuitivo, qualquer usu\u00e1rio da web pode criar a se\u00e7\u00e3o Contador de n\u00fameros on-line e col\u00e1-la facilmente em sua p\u00e1gina jQuery. N\u00e3o \u00e9 necess\u00e1rio pagar ou divulgar os dados do seu cart\u00e3o para entrar em nosso servi\u00e7o. Se voc\u00ea encontrar algum problema em qualquer etapa, n\u00e3o hesite em entrar em contato com nossa equipe de suporte t\u00e9cnico.<\/p> <\/div>\r\n\t\t\t\t\t<\/div>\r\n\t\t\t\t<\/div> <\/div><\/div>","protected":false},"excerpt":{"rendered":"","protected":false},"author":9,"featured_media":0,"parent":1061,"menu_order":0,"comment_status":"closed","ping_status":"closed","template":"templates\/template-application-platform.php","meta":{"publish_to_discourse":"","publish_post_category":"","wpdc_auto_publish_overridden":"","wpdc_topic_tags":"","wpdc_pin_topic":"","wpdc_pin_until":"","discourse_post_id":"","discourse_permalink":"","wpdc_publishing_response":"","wpdc_publishing_error":"","footnotes":""},"class_list":["post-4240","page","type-page","status-publish","hentry"],"yoast_head":"<!-- This site is optimized with the Yoast SEO plugin v25.3.1 - https:\/\/yoast.com\/wordpress\/plugins\/seo\/ -->\n<title>Number Counter \u2013 Adicionar plugin Counter ao jQuery (gratuito e r\u00e1pido)<\/title>\n<meta name=\"description\" content=\"Integre um contador num\u00e9rico em sua p\u00e1gina da web jQuery, usando nossa pr\u00e1tica demonstra\u00e7\u00e3o. Crie seu recurso personalizado com apenas alguns cliques e sem esfor\u00e7o!\" \/>\n<meta name=\"robots\" content=\"index, follow, max-snippet:-1, max-image-preview:large, max-video-preview:-1\" \/>\n<link rel=\"canonical\" href=\"https:\/\/elfsight.com\/pt\/number-counter-widget\/jquery\/\" \/>\n<meta property=\"og:locale\" content=\"pt_PT\" \/>\n<meta property=\"og:type\" content=\"article\" \/>\n<meta property=\"og:title\" content=\"Number Counter \u2013 Adicionar plugin Counter ao jQuery (gratuito e r\u00e1pido)\" \/>\n<meta property=\"og:description\" content=\"Integre um contador num\u00e9rico em sua p\u00e1gina da web jQuery, usando nossa pr\u00e1tica demonstra\u00e7\u00e3o. Crie seu recurso personalizado com apenas alguns cliques e sem esfor\u00e7o!\" \/>\n<meta property=\"og:url\" content=\"https:\/\/elfsight.com\/pt\/number-counter-widget\/jquery\/\" \/>\n<meta property=\"og:site_name\" content=\"Elfsight PT\" \/>\n<meta property=\"article:modified_time\" content=\"2024-11-13T11:27:44+00:00\" \/>\n<meta name=\"twitter:card\" content=\"summary_large_image\" \/>\n<meta name=\"twitter:label1\" content=\"Tempo estimado de leitura\" \/>\n\t<meta name=\"twitter:data1\" content=\"2 minutos\" \/>\n<!-- \/ Yoast SEO plugin. -->","yoast_head_json":{"title":"Number Counter \u2013 Adicionar plugin Counter ao jQuery (gratuito e r\u00e1pido)","description":"Integre um contador num\u00e9rico em sua p\u00e1gina da web jQuery, usando nossa pr\u00e1tica demonstra\u00e7\u00e3o. Crie seu recurso personalizado com apenas alguns cliques e sem esfor\u00e7o!","robots":{"index":"index","follow":"follow","max-snippet":"max-snippet:-1","max-image-preview":"max-image-preview:large","max-video-preview":"max-video-preview:-1"},"canonical":"https:\/\/elfsight.com\/pt\/number-counter-widget\/jquery\/","og_locale":"pt_PT","og_type":"article","og_title":"Number Counter \u2013 Adicionar plugin Counter ao jQuery (gratuito e r\u00e1pido)","og_description":"Integre um contador num\u00e9rico em sua p\u00e1gina da web jQuery, usando nossa pr\u00e1tica demonstra\u00e7\u00e3o. Crie seu recurso personalizado com apenas alguns cliques e sem esfor\u00e7o!","og_url":"https:\/\/elfsight.com\/pt\/number-counter-widget\/jquery\/","og_site_name":"Elfsight PT","article_modified_time":"2024-11-13T11:27:44+00:00","twitter_card":"summary_large_image","twitter_misc":{"Tempo estimado de leitura":"2 minutos"},"schema":{"@context":"https:\/\/schema.org","@graph":[{"@type":"WebPage","@id":"https:\/\/elfsight.com\/pt\/number-counter-widget\/jquery\/","url":"https:\/\/elfsight.com\/pt\/number-counter-widget\/jquery\/","name":"Number Counter \u2013 Adicionar plugin Counter ao jQuery (gratuito e r\u00e1pido)","isPartOf":{"@id":"https:\/\/elfsight.com\/pt\/#website"},"datePublished":"2024-05-03T06:41:27+00:00","dateModified":"2024-11-13T11:27:44+00:00","description":"Integre um contador num\u00e9rico em sua p\u00e1gina da web jQuery, usando nossa pr\u00e1tica demonstra\u00e7\u00e3o. Crie seu recurso personalizado com apenas alguns cliques e sem esfor\u00e7o!","breadcrumb":{"@id":"https:\/\/elfsight.com\/pt\/number-counter-widget\/jquery\/#breadcrumb"},"inLanguage":"pt-PT","potentialAction":[{"@type":"ReadAction","target":["https:\/\/elfsight.com\/pt\/number-counter-widget\/jquery\/"]}]},{"@type":"BreadcrumbList","@id":"https:\/\/elfsight.com\/pt\/number-counter-widget\/jquery\/#breadcrumb","itemListElement":[{"@type":"ListItem","position":1,"name":"Home","item":"https:\/\/elfsight.com\/pt\/"},{"@type":"ListItem","position":2,"name":"Number Counter","item":"https:\/\/elfsight.com\/pt\/number-counter-widget\/"},{"@type":"ListItem","position":3,"name":"Number Counter &#8211; jQuery"}]},{"@type":"WebSite","@id":"https:\/\/elfsight.com\/pt\/#website","url":"https:\/\/elfsight.com\/pt\/","name":"Elfsight PT","description":"Just another Elfsight Sites site","potentialAction":[{"@type":"SearchAction","target":{"@type":"EntryPoint","urlTemplate":"https:\/\/elfsight.com\/pt\/?s={search_term_string}"},"query-input":{"@type":"PropertyValueSpecification","valueRequired":true,"valueName":"search_term_string"}}],"inLanguage":"pt-PT"}]}},"meta_box":{"industry":"","seo_heading":"","heading":"","description":"","cta_heading":"","cta_description":"","application":"1060","h1":"Plug-in de contador de n\u00fameros jQuery","h1_caption":"Mostre suas estat\u00edsticas extraordin\u00e1rias para seus usu\u00e1rios e interesse clientes mais fi\u00e9is","application_category":[],"applications_title":"","applications_request_title":"","applications_request_button_text":"","hero_text":"","hero_video":"","hero_video_schema_markup":"","selling_points_title":"","selling_points_caption":"","selling_points":[],"selling_points_cta_text":"","features_title":"","features":"","ed_cta_examples_text":"","ed_cta_examples_hidden":"","ed_cta_demo_text":"","ed_cta_demo_hidden":"","why_caption":"","why_editor_title":"","why_editor_text":"","why_team_title":"","why_team_text":"","why_service_title":"","why_service_text":"","template_catalog_visible":"","template_catalog_title":"","template_catalog_text":"","template_catalog_categories_visible":"","demo_title":"Crie seu plugin de contador de n\u00fameros","demo_caption":"Configure seu contador num\u00e9rico e adicione-o ao seu site jQuery gratuitamente!","default_faq_hidden":"","app_template_category":[],"platform":"55","template_public_id":"","codecanyon_url":"","codecanyon_item_id":"","codecanyon_price":"","pricing_caption":"","pricing_elfsight_apps_hide_column":"","pricing_elfsight_apps_url":"","pricing_codecanyon_price_caption":"","integration_category":[],"integration_request_title":"","integration_request_cta":"","integration_platform":"","integrations":[],"platform_category":[],"video_schema_markup":"","price":"a partir de US$ 0\/m\u00eas","trial":"","benefits":[{"text":"Servi\u00e7o de instala\u00e7\u00e3o gratuito"},{"text":"Suporte ao cliente experiente"},{"text":"Garantia de reembolso de 14 dias"},{"text":"Atualiza\u00e7\u00f5es gratuitas cont\u00ednuas"}],"button_url":"#demo","button_target_blank":"0","button_nofollow":"0","attributes":[{"name":"Instala\u00e7\u00f5es","content":"10,000 - 100,000","_state":"expanded"},{"name":"Responsivo","content":"Sim","_state":"expanded"},{"name":"Navegadores compat\u00edveis","content":"Firefox, Safari, Opera, Chrome, Edge"}],"tags":[],"tags_disable_links":"0","hide_more_platforms":"","video_object":"","demo_hide_cta":"0","demo_hide_cloud_options":"0","pricing_title":"","pricing":[{"pricing_icon":"platform","pricing_title":"Elfsight Apps","pricing_title_caption":"Vers\u00e3o multiplataforma que funciona em qualquer site","pricing_price":"a partir de US$ 0\/m\u00eas","pricing_price_caption":"comece com um plano gratuito","pricing_benefits":[{"text":"Dom\u00ednios ilimitados"},{"text":"Suporte 24 horas por dia, 7 dias por semana e bem documentado"},{"text":"Suporte 24 horas por dia, 7 dias por semana e bem documentado"},{"text":"Design flex\u00edvel"}],"pricing_button_text":"Adicionar ao site","pricing_button_url":"#demo","_state":"expanded"}],"related_apps_title":"","related_apps_hidden":"1","author":"","image":[],"title":"","job":"","social_networks":[]},"_links":{"self":[{"href":"https:\/\/elfsight.com\/pt\/wp-json\/wp\/v2\/pages\/4240","targetHints":{"allow":["GET"]}}],"collection":[{"href":"https:\/\/elfsight.com\/pt\/wp-json\/wp\/v2\/pages"}],"about":[{"href":"https:\/\/elfsight.com\/pt\/wp-json\/wp\/v2\/types\/page"}],"author":[{"embeddable":true,"href":"https:\/\/elfsight.com\/pt\/wp-json\/wp\/v2\/users\/9"}],"replies":[{"embeddable":true,"href":"https:\/\/elfsight.com\/pt\/wp-json\/wp\/v2\/comments?post=4240"}],"version-history":[{"count":2,"href":"https:\/\/elfsight.com\/pt\/wp-json\/wp\/v2\/pages\/4240\/revisions"}],"predecessor-version":[{"id":12007,"href":"https:\/\/elfsight.com\/pt\/wp-json\/wp\/v2\/pages\/4240\/revisions\/12007"}],"up":[{"embeddable":true,"href":"https:\/\/elfsight.com\/pt\/wp-json\/wp\/v2\/pages\/1061"}],"wp:attachment":[{"href":"https:\/\/elfsight.com\/pt\/wp-json\/wp\/v2\/media?parent=4240"}],"curies":[{"name":"wp","href":"https:\/\/api.w.org\/{rel}","templated":true}]}}