{"id":4239,"date":"2024-05-03T06:38:59","date_gmt":"2024-05-03T06:38:59","guid":{"rendered":"https:\/\/elfsight.com\/pt\/?page_id=4239"},"modified":"2024-11-13T11:21:44","modified_gmt":"2024-11-13T11:21:44","slug":"google-sites","status":"publish","type":"page","link":"https:\/\/elfsight.com\/pt\/google-reviews-widget\/google-sites\/","title":{"rendered":"Google Reviews &#8211; Google Sites"},"content":{"rendered":"<div class=\"application-platform-content-item-description application-platform-content-item\" id=\"description\" data-nav-section=\"description\"> <h2>Incorporar coment\u00e1rios do Google com o widget Elfsight<\/h2> <p>O widget Elfsight Review para Google Site \u00e9 uma ferramenta \u00fatil que permite inserir no site depoimentos sobre sua empresa postados no Google. Com a ajuda deste widget, voc\u00ea poder\u00e1 aplicar filtros para ocultar coment\u00e1rios indesejados, revelar suas avalia\u00e7\u00f5es com estrelas e n\u00fameros do Google, fornecer detalhes sobre os autores e colocar um bot\u00e3o que redirecionar\u00e1 os visitantes para adicionar seus coment\u00e1rios no Google. O widget Elfsight Google Reviews ir\u00e1 ajud\u00e1-lo a demonstrar sua alta prova social no site e aumentar as vendas. <\/p> <p><b>Com o widget Elfsight, inicie o desenvolvimento ativo de neg\u00f3cios e mais vendas <\/b><\/p><div class=\"faq\" data-component=\"FAQ\"> <div class=\"faq-item\">\r\n\t\t\t\t\t<div class=\"faq-item-question\">\r\n\t\t\t\t\t\t<h3 class=\"faq-item-question-text\">Onde no site do Google posso adicionar o widget<\/h3>\r\n\r\n\t\t\t\t\t\t<div class=\"faq-item-question-icon\"><\/div>\r\n\t\t\t\t\t<\/div>\r\n\r\n\t\t\t\t\t<div class=\"faq-item-answer\">\r\n\t\t\t\t\t\t<div class=\"faq-item-answer-text\"> <p>Voc\u00ea pode optar por incorporar a janela de revis\u00e3o em todas as p\u00e1ginas do site ou em p\u00e1ginas selecionadas. Por exemplo, voc\u00ea pode adicionar o widget \u00e0 p\u00e1gina inicial e atrair o m\u00e1ximo de aten\u00e7\u00e3o para ele. <\/p> <\/div>\r\n\t\t\t\t\t<\/div>\r\n\t\t\t\t<\/div> <div class=\"faq-item\">\r\n\t\t\t\t\t<div class=\"faq-item-question\">\r\n\t\t\t\t\t\t<h3 class=\"faq-item-question-text\">Como posso me beneficiar do widget? <\/h3>\r\n\r\n\t\t\t\t\t\t<div class=\"faq-item-question-icon\"><\/div>\r\n\t\t\t\t\t<\/div>\r\n\r\n\t\t\t\t\t<div class=\"faq-item-answer\">\r\n\t\t\t\t\t\t<div class=\"faq-item-answer-text\"> <p>Usando o widget Elfsight, \u00e9 absolutamente f\u00e1cil e r\u00e1pido configurar uma se\u00e7\u00e3o de Avalia\u00e7\u00f5es do Google e atrair novos com um bot\u00e3o CTA . Eles adicionar\u00e3o conte\u00fado relevante ao site. Al\u00e9m disso, o Google coloca p\u00e1ginas, produtos e neg\u00f3cios com boas avalia\u00e7\u00f5es no topo do SERP, porque acredita que essas p\u00e1ginas cont\u00eam informa\u00e7\u00f5es valiosas. <\/p> <\/div>\r\n\t\t\t\t\t<\/div>\r\n\t\t\t\t<\/div> <div class=\"faq-item\">\r\n\t\t\t\t\t<div class=\"faq-item-question\">\r\n\t\t\t\t\t\t<h3 class=\"faq-item-question-text\">Posso testar seu widget iFrame de avalia\u00e7\u00f5es do Google?<\/h3>\r\n\r\n\t\t\t\t\t\t<div class=\"faq-item-question-icon\"><\/div>\r\n\t\t\t\t\t<\/div>\r\n\r\n\t\t\t\t\t<div class=\"faq-item-answer\">\r\n\t\t\t\t\t\t<div class=\"faq-item-answer-text\"> <p>Sim, \u00e9 f\u00e1cil como um-dois-tr\u00eas. Voc\u00ea pode simplesmente usar uma <a href=\"#demo\">demonstra\u00e7\u00e3o<\/a> on-line gratuita e configurar a apar\u00eancia de toda a se\u00e7\u00e3o de avalia\u00e7\u00e3o sem esfor\u00e7o.<\/p> <\/div>\r\n\t\t\t\t\t<\/div>\r\n\t\t\t\t<\/div> <div class=\"faq-item\">\r\n\t\t\t\t\t<div class=\"faq-item-question\">\r\n\t\t\t\t\t\t<h3 class=\"faq-item-question-text\">Como adicionar o Google Avalia\u00e7\u00f5es para o meu site do Google Sites sem habilidades de codifica\u00e7\u00e3o?<\/h3>\r\n\r\n\t\t\t\t\t\t<div class=\"faq-item-question-icon\"><\/div>\r\n\t\t\t\t\t<\/div>\r\n\r\n\t\t\t\t\t<div class=\"faq-item-answer\">\r\n\t\t\t\t\t\t<div class=\"faq-item-answer-text\"> <p>A Elfsight fornece uma solu\u00e7\u00e3o SaaS que permite que voc\u00ea mesmo crie um widget de Avalia\u00e7\u00f5es do Google. Veja como o processo \u00e9 f\u00e1cil: Trabalhe diretamente no Editor on-line para criar um widget de Avalia\u00e7\u00f5es do Google que voc\u00ea gostaria de ver em seu site do Google Sites. Escolha um dos modelos predefinidos e ajuste as configura\u00e7\u00f5es do Google Reviews, adicione seu conte\u00fado, altere o layout e o esquema de cores sem nenhuma habilidade de codifica\u00e7\u00e3o. Salve o Google Reviews e copie seu c\u00f3digo de instala\u00e7\u00e3o, que voc\u00ea pode incluir facilmente em seu site do Google Sites sem a necessidade de adquirir uma assinatura paga. Com nosso editor intuitivo, qualquer usu\u00e1rio da Internet pode criar um widget do Google Reviews on-line e incorpor\u00e1-lo facilmente ao site do Google Sites. N\u00e3o h\u00e1 necessidade de pagar ou inserir as credenciais do seu cart\u00e3o para acessar o servi\u00e7o. Se voc\u00ea enfrentar algum problema em qualquer etapa, entre em contato com nossa equipe de suporte t\u00e9cnico.<\/p> <\/div>\r\n\t\t\t\t\t<\/div>\r\n\t\t\t\t<\/div> <\/div> <\/div> <div class=\"application-platform-content-item-features application-platform-content-item\" id=\"features\" data-nav-section=\"features\"><h2>Principais recursos do Google Widget de avalia\u00e7\u00f5es<\/h2><p>O widget oferece recursos f\u00e1ceis e \u00fateis, veja alguns deles: <\/p><ul> <li>Tr\u00eas tipos de filtros: por tipo, exclus\u00e3o por e quantidade de avalia\u00e7\u00f5es para exibi\u00e7\u00e3o; <\/li> <li>4 layouts dispon\u00edveis: Lista, Grade, Alvenaria e Slider; <\/li> <li>Cabe\u00e7alho altern\u00e1vel do widget; <\/li> <li>O bot\u00e3o ativo para deixar outro coment\u00e1rio leva os visitantes \u00e0 sua p\u00e1gina do Google; <\/li> <li>6 elementos personaliz\u00e1veis \u200b\u200bdas resenhas: nome e imagem do autor, texto de recomenda\u00e7\u00e3o, data, \u00edcone do Google e classifica\u00e7\u00e3o por estrelas; <\/li> <li>Dois cen\u00e1rios poss\u00edveis ap\u00f3s a nega\u00e7\u00e3o da solicita\u00e7\u00e3o de revis\u00e3o: demonstrar uma mensagem personalizada ou ocultar o bot\u00e3o. <\/li> <\/ul><p><a href=\"#demo\">Voc\u00ea pode verificar se o widget \u00e9 para voc\u00ea com a ajuda da demonstra\u00e7\u00e3o<\/a><\/p> <\/div> <div class=\"application-platform-content-item-instala\u00e7\u00e3o application-platform-content-item\" id=\"instala\u00e7\u00e3o\" data-nav-section=\"instala\u00e7\u00e3o\"> <h2>Como incorporar o Google Reviews em meus Google Sites?<\/h2> <div class=\"video-container\"><iframe width=\"720\" height=\"405\" src=\"https:\/\/www.youtube.com\/embed\/7kOTiTh_0-8\" frameborder=\"0\" allowfullscreen=\"\"><\/iframe><\/div><p>Basta seguir v\u00e1rias etapas apresentadas abaixo para come\u00e7ar a usar o widget. <\/p> <ol><li><b>Gerencie nosso configurador gratuito e comece a formar seu instrumento personalizado.<\/b><br> Escolha a forma personalizada e as caracter\u00edsticas da ferramenta e salve as edi\u00e7\u00f5es.<\/li> <li><b>Adquira o c\u00f3digo exclusivo revelado na caixa das Apps Elfsight.<\/b><br> Assim que a cria\u00e7\u00e3o do seu plugin pessoal estiver conclu\u00edda, copie o c\u00f3digo pessoal na caixa que aparece e guarde-o para utiliza\u00e7\u00e3o futura. .<\/li> <li><b>Adicione coment\u00e1rios ao Google Sites.<\/b><br> Cole o c\u00f3digo salvo anteriormente em sua p\u00e1gina e salve os ajustes.<\/li> <li><b>A configura\u00e7\u00e3o \u00e9 realizado com sucesso.<\/b><br> Visite seu site para ver em a\u00e7\u00e3o o trabalho do plugin.<\/li><\/ol> <div class=\"tip-yellow tip\"><b>Devido \u00e0s peculiaridades do funcionamento do Google Sites, o widget pode parecem diferentes da demonstra\u00e7\u00e3o online. Pedimos desculpas por qualquer inconveniente causado.<\/b><\/div><p>Caso tenha d\u00favidas ou encontre alguma complica\u00e7\u00e3o, n\u00e3o tenha medo de recorrer \u00e0 nossa equipe de atendimento ao cliente. Nossos consultores ter\u00e3o prazer em ajud\u00e1-lo com todos os problemas que voc\u00ea possa ter com o widget.<\/p> <\/div>","protected":false},"excerpt":{"rendered":"","protected":false},"author":9,"featured_media":0,"parent":443,"menu_order":0,"comment_status":"closed","ping_status":"closed","template":"templates\/template-application-platform.php","meta":{"publish_to_discourse":"","publish_post_category":"","wpdc_auto_publish_overridden":"","wpdc_topic_tags":"","wpdc_pin_topic":"","wpdc_pin_until":"","discourse_post_id":"","discourse_permalink":"","wpdc_publishing_response":"","wpdc_publishing_error":"","footnotes":""},"class_list":["post-4239","page","type-page","status-publish","hentry"],"yoast_head":"<!-- This site is optimized with the Yoast SEO plugin v25.3.1 - https:\/\/yoast.com\/wordpress\/plugins\/seo\/ -->\n<title>Google Reviews \u2013 Adicionar widget de avalia\u00e7\u00e3o ao Google Sites (2025)<\/title>\n<meta name=\"description\" content=\"Adicione um widget responsivo do Google Reviews ao seu Google Sites e conquiste total confian\u00e7a. Aplique a demonstra\u00e7\u00e3o \u00fatil da Elfsight para formar sua ferramenta exclusiva.\" \/>\n<meta name=\"robots\" content=\"index, follow, max-snippet:-1, max-image-preview:large, max-video-preview:-1\" \/>\n<link rel=\"canonical\" href=\"https:\/\/elfsight.com\/pt\/google-reviews-widget\/google-sites\/\" \/>\n<meta property=\"og:locale\" content=\"pt_PT\" \/>\n<meta property=\"og:type\" content=\"article\" \/>\n<meta property=\"og:title\" content=\"Google Reviews \u2013 Adicionar widget de avalia\u00e7\u00e3o ao Google Sites (2025)\" \/>\n<meta property=\"og:description\" content=\"Adicione um widget responsivo do Google Reviews ao seu Google Sites e conquiste total confian\u00e7a. Aplique a demonstra\u00e7\u00e3o \u00fatil da Elfsight para formar sua ferramenta exclusiva.\" \/>\n<meta property=\"og:url\" content=\"https:\/\/elfsight.com\/pt\/google-reviews-widget\/google-sites\/\" \/>\n<meta property=\"og:site_name\" content=\"Elfsight PT\" \/>\n<meta property=\"article:modified_time\" content=\"2024-11-13T11:21:44+00:00\" \/>\n<meta name=\"twitter:card\" content=\"summary_large_image\" \/>\n<meta name=\"twitter:label1\" content=\"Tempo estimado de leitura\" \/>\n\t<meta name=\"twitter:data1\" content=\"2 minutos\" \/>\n<!-- \/ Yoast SEO plugin. -->","yoast_head_json":{"title":"Google Reviews \u2013 Adicionar widget de avalia\u00e7\u00e3o ao Google Sites (2025)","description":"Adicione um widget responsivo do Google Reviews ao seu Google Sites e conquiste total confian\u00e7a. Aplique a demonstra\u00e7\u00e3o \u00fatil da Elfsight para formar sua ferramenta exclusiva.","robots":{"index":"index","follow":"follow","max-snippet":"max-snippet:-1","max-image-preview":"max-image-preview:large","max-video-preview":"max-video-preview:-1"},"canonical":"https:\/\/elfsight.com\/pt\/google-reviews-widget\/google-sites\/","og_locale":"pt_PT","og_type":"article","og_title":"Google Reviews \u2013 Adicionar widget de avalia\u00e7\u00e3o ao Google Sites (2025)","og_description":"Adicione um widget responsivo do Google Reviews ao seu Google Sites e conquiste total confian\u00e7a. Aplique a demonstra\u00e7\u00e3o \u00fatil da Elfsight para formar sua ferramenta exclusiva.","og_url":"https:\/\/elfsight.com\/pt\/google-reviews-widget\/google-sites\/","og_site_name":"Elfsight PT","article_modified_time":"2024-11-13T11:21:44+00:00","twitter_card":"summary_large_image","twitter_misc":{"Tempo estimado de leitura":"2 minutos"},"schema":{"@context":"https:\/\/schema.org","@graph":[{"@type":"WebPage","@id":"https:\/\/elfsight.com\/pt\/google-reviews-widget\/google-sites\/","url":"https:\/\/elfsight.com\/pt\/google-reviews-widget\/google-sites\/","name":"Google Reviews \u2013 Adicionar widget de avalia\u00e7\u00e3o ao Google Sites (2025)","isPartOf":{"@id":"https:\/\/elfsight.com\/pt\/#website"},"datePublished":"2024-05-03T06:38:59+00:00","dateModified":"2024-11-13T11:21:44+00:00","description":"Adicione um widget responsivo do Google Reviews ao seu Google Sites e conquiste total confian\u00e7a. Aplique a demonstra\u00e7\u00e3o \u00fatil da Elfsight para formar sua ferramenta exclusiva.","breadcrumb":{"@id":"https:\/\/elfsight.com\/pt\/google-reviews-widget\/google-sites\/#breadcrumb"},"inLanguage":"pt-PT","potentialAction":[{"@type":"ReadAction","target":["https:\/\/elfsight.com\/pt\/google-reviews-widget\/google-sites\/"]}]},{"@type":"BreadcrumbList","@id":"https:\/\/elfsight.com\/pt\/google-reviews-widget\/google-sites\/#breadcrumb","itemListElement":[{"@type":"ListItem","position":1,"name":"Home","item":"https:\/\/elfsight.com\/pt\/"},{"@type":"ListItem","position":2,"name":"Google Reviews","item":"https:\/\/elfsight.com\/pt\/google-reviews-widget\/"},{"@type":"ListItem","position":3,"name":"Google Reviews &#8211; Google Sites"}]},{"@type":"WebSite","@id":"https:\/\/elfsight.com\/pt\/#website","url":"https:\/\/elfsight.com\/pt\/","name":"Elfsight PT","description":"Just another Elfsight Sites site","potentialAction":[{"@type":"SearchAction","target":{"@type":"EntryPoint","urlTemplate":"https:\/\/elfsight.com\/pt\/?s={search_term_string}"},"query-input":{"@type":"PropertyValueSpecification","valueRequired":true,"valueName":"search_term_string"}}],"inLanguage":"pt-PT"}]}},"meta_box":{"industry":"","seo_heading":"","heading":"","description":"","cta_heading":"","cta_description":"","application":"442","h1":"Widget de avalia\u00e7\u00f5es do Google para Google Sites","h1_caption":"Exiba as impress\u00f5es perfeitas dos clientes do Google em seu site","application_category":[],"applications_title":"","applications_request_title":"","applications_request_button_text":"","hero_text":"","hero_video":"","hero_video_schema_markup":"","selling_points_title":"","selling_points_caption":"","selling_points":[],"selling_points_cta_text":"","features_title":"","features":"","ed_cta_examples_text":"","ed_cta_examples_hidden":"","ed_cta_demo_text":"","ed_cta_demo_hidden":"","why_caption":"","why_editor_title":"","why_editor_text":"","why_team_title":"","why_team_text":"","why_service_title":"","why_service_text":"","template_catalog_visible":"","template_catalog_title":"","template_catalog_text":"","template_catalog_categories_visible":"","demo_title":"Crie seu widget de coment\u00e1rios do Google","demo_caption":"Configure seu Google Reviews e adicione-o ao seu site do Google Sites gratuitamente!","default_faq_hidden":"","app_template_category":[],"platform":"112","template_public_id":"","codecanyon_url":"","codecanyon_item_id":"","codecanyon_price":"","pricing_caption":"","pricing_elfsight_apps_hide_column":"","pricing_elfsight_apps_url":"","pricing_codecanyon_price_caption":"","integration_category":[],"integration_request_title":"","integration_request_cta":"","integration_platform":"","integrations":[],"platform_category":[],"video_schema_markup":"","price":"a partir de US$ 0\/m\u00eas","trial":"","benefits":[{"text":"Ajuda de instala\u00e7\u00e3o gratuita"},{"text":"Atendimento ao cliente profissional"},{"text":"Garantia de reembolso de 14 dias"},{"text":"Melhorias futuras"}],"button_url":"#demo","button_target_blank":"0","button_nofollow":"0","attributes":[{"name":"Instala\u00e7\u00f5es","content":"100,000 - 500,000","_state":"expanded"},{"name":"Responsivo","content":"Sim","_state":"expanded"},{"name":"Navegadores compat\u00edveis","content":"Opera, Edge, Firefox, Chrome, Safari"}],"tags":[],"tags_disable_links":"0","hide_more_platforms":"","video_object":"","demo_hide_cta":"0","demo_hide_cloud_options":"0","pricing_title":"","pricing":[{"pricing_icon":"platform","pricing_title":"Elfsight Apps","pricing_title_caption":"Vers\u00e3o multiplataforma que se adapta a qualquer site","pricing_price":"a partir de US$ 0\/m\u00eas","pricing_price_caption":"comece com plano gratuito","pricing_benefits":[{"text":"Sites ilimitados"},{"text":"Suporte premium"},{"text":"Suporte premium"},{"text":"Pre\u00e7o especial para v\u00e1rios aplicativos"}],"pricing_button_text":"Adicionar ao site","pricing_button_url":"#demo","_state":"expanded"}],"related_apps_title":"","related_apps_hidden":"1","author":"","image":[],"title":"","job":"","social_networks":[]},"_links":{"self":[{"href":"https:\/\/elfsight.com\/pt\/wp-json\/wp\/v2\/pages\/4239","targetHints":{"allow":["GET"]}}],"collection":[{"href":"https:\/\/elfsight.com\/pt\/wp-json\/wp\/v2\/pages"}],"about":[{"href":"https:\/\/elfsight.com\/pt\/wp-json\/wp\/v2\/types\/page"}],"author":[{"embeddable":true,"href":"https:\/\/elfsight.com\/pt\/wp-json\/wp\/v2\/users\/9"}],"replies":[{"embeddable":true,"href":"https:\/\/elfsight.com\/pt\/wp-json\/wp\/v2\/comments?post=4239"}],"version-history":[{"count":2,"href":"https:\/\/elfsight.com\/pt\/wp-json\/wp\/v2\/pages\/4239\/revisions"}],"predecessor-version":[{"id":11921,"href":"https:\/\/elfsight.com\/pt\/wp-json\/wp\/v2\/pages\/4239\/revisions\/11921"}],"up":[{"embeddable":true,"href":"https:\/\/elfsight.com\/pt\/wp-json\/wp\/v2\/pages\/443"}],"wp:attachment":[{"href":"https:\/\/elfsight.com\/pt\/wp-json\/wp\/v2\/media?parent=4239"}],"curies":[{"name":"wp","href":"https:\/\/api.w.org\/{rel}","templated":true}]}}