{"id":4236,"date":"2024-05-03T06:40:53","date_gmt":"2024-05-03T06:40:53","guid":{"rendered":"https:\/\/elfsight.com\/pt\/?page_id=4236"},"modified":"2024-11-13T11:44:35","modified_gmt":"2024-11-13T11:44:35","slug":"joomla","status":"publish","type":"page","link":"https:\/\/elfsight.com\/pt\/logo-showcase-widget\/joomla\/","title":{"rendered":"Logo Showcase &#8211; Joomla"},"content":{"rendered":"<div class=\"application-platform-content-item-description application-platform-content-item\" id=\"description\" data-nav-section=\"description\"><h2>Descri\u00e7\u00e3o<\/h2> <p>Elfsight Logo Showcase ser\u00e1 a ferramenta mais descomplicada para revelar log\u00f3tipos de m\u00faltiplos clientes ou patrocinadores ou as suas men\u00e7\u00f5es na imprensa em seu site. Com a ajuda deste widget, voc\u00ea convence os visitantes de que \u00e9 um companheiro respeit\u00e1vel e mant\u00e9m uma boa percep\u00e7\u00e3o do seu neg\u00f3cio. O widget Elfsight permite-lhe carregar log\u00f3tipos infinitos, organiz\u00e1-los num controlo deslizante ou grelha e alterar o tamanho dos log\u00f3tipos. Voc\u00ea pode mostrar legendas e um link para o site das empresas. Utilizando recursos de cores e fontes, voc\u00ea poder\u00e1 configurar um visual \u00fanico. <\/p><p><b>Aumente as vendas mostrando sua reputa\u00e7\u00e3o comercial perfeita, com logotipos de clientes em seu site.<\/b><\/p><\/div><div class=\"application-platform-content-item-features application-platform-content-item\" id=\"features\" data-nav-section=\"features\"><h2> Funcionalidades<\/h2> <p>Aqui voc\u00ea pode ver todas as caracter\u00edsticas funcionais do Logo Showcase. Eles est\u00e3o dispon\u00edveis diretamente no editor e ajudar\u00e3o voc\u00ea a construir o widget certo para o seu caso de uso. <\/p><ul><li> Conecte os logotipos a qualquer p\u00e1gina da web; <\/li><li>Cabe\u00e7alho de widget remov\u00edvel incluindo t\u00edtulo e texto com formata\u00e7\u00e3o dispon\u00edvel; <\/li><li>O bot\u00e3o de call to action pode levar um clique a qualquer p\u00e1gina da web; <\/li><li>3 layouts de widget diferentes: Slider, Grid e Carousel; <\/li><li>Um recurso para variar o tamanho do logotipo e o par\u00e2metro de largura do widget; <\/li><li>Uma op\u00e7\u00e3o para escolher qualquer cor de fundo ou usar sua pr\u00f3pria imagem. <\/li><\/ul><p><a href=\"#demo\">Voc\u00ea pode experimentar todas as caracter\u00edsticas funcionais do widget diretamente na demonstra\u00e7\u00e3o<\/a><\/p><\/div><div class=\"application-platform-content-item-installation application-platform-content-item\" id=\"installation\" data-nav-section=\"installation\"><h2>Como posso integrar o Logo Showcase ao meu site Joomla? <\/h2><p>Basta aplicar as instru\u00e7\u00f5es abaixo para integrar a ferramenta no Joomla.<\/p> <ol><li><b>Use nosso editor gratuito e comece a moldar sua extens\u00e3o Logo Showcase personalizada. <\/b><br> Encontre a interface personalizada e as caracter\u00edsticas funcionais do plugin e salve as modifica\u00e7\u00f5es. <\/li> <li><b>Copie o c\u00f3digo pessoal que aparece no formul\u00e1rio especial nas aplica\u00e7\u00f5es Elfsight. <\/b><br> Assim que a customiza\u00e7\u00e3o da sua ferramenta for conclu\u00edda, copie o c\u00f3digo exclusivo na janela que aparece e salve-o para futuras ocasi\u00f5es. <\/li> <li><b>Comece a usar a ferramenta em seu site Joomla. <\/b><br> Adicione o c\u00f3digo copiado anteriormente em seu site e aplique as melhorias. <\/li> <li><b>A instala\u00e7\u00e3o foi finalizada com sucesso. <\/b><br> Visite seu site para revisar o trabalho da ferramenta. <\/li><\/ol><p>Reserve um minuto para entrar em contato com o atendimento ao cliente quando precisar de conselhos ou tiver d\u00favidas. Daremos uma ajuda em todas as d\u00favidas. <\/p><div class=\"faq\" data-component=\"FAQ\"><div class=\"faq-item\">\r\n\t\t\t\t\t<div class=\"faq-item-question\">\r\n\t\t\t\t\t\t<h3 class=\"faq-item-question-text\">De que forma \u00e9 poss\u00edvel incorporar um Logo Showcase no meu Joomla sem experi\u00eancia em codifica\u00e7\u00e3o?<\/h3>\r\n\r\n\t\t\t\t\t\t<div class=\"faq-item-question-icon\"><\/div>\r\n\t\t\t\t\t<\/div>\r\n\r\n\t\t\t\t\t<div class=\"faq-item-answer\">\r\n\t\t\t\t\t\t<div class=\"faq-item-answer-text\"> <p>A Elfsight oferece uma solu\u00e7\u00e3o que permite aos utilizadores criarem voc\u00eas pr\u00f3prios uma sec\u00e7\u00e3o Logo Showcase, descobrir como \u00e9 descomplicado: V\u00e1 para a demonstra\u00e7\u00e3o ao vivo para estabelecer uma se\u00e7\u00e3o Logo Showcase que voc\u00ea gostaria de incluir na p\u00e1gina inicial do Joomla. Escolha um de nossos modelos pr\u00e9-concebidos e altere as configura\u00e7\u00f5es do Logo Showcase, atualize seu conte\u00fado, altere o layout e as cores sem codifica\u00e7\u00e3o. Clique para salvar o Logo Showcase e copie o c\u00f3digo de instala\u00e7\u00e3o do plugin, que pode ser inclu\u00eddo gratuitamente no site Joomla. Com a ajuda de nosso configurador intuitivo, cada usu\u00e1rio da web pode criar uma se\u00e7\u00e3o Logo Showcase online e adicion\u00e1-la facilmente ao site Joomla. Voc\u00ea n\u00e3o deve obter uma assinatura paga ou divulgar as credenciais do seu cart\u00e3o para entrar no servi\u00e7o. Se voc\u00ea enfrentar qualquer problema em qualquer etapa, n\u00e3o hesite em entrar em contato com nossa equipe de suporte t\u00e9cnico.<\/p> <\/div>\r\n\t\t\t\t\t<\/div>\r\n\t\t\t\t<\/div> <\/div><\/div>","protected":false},"excerpt":{"rendered":"","protected":false},"author":9,"featured_media":0,"parent":983,"menu_order":0,"comment_status":"closed","ping_status":"closed","template":"templates\/template-application-platform.php","meta":{"publish_to_discourse":"","publish_post_category":"","wpdc_auto_publish_overridden":"","wpdc_topic_tags":"","wpdc_pin_topic":"","wpdc_pin_until":"","discourse_post_id":"","discourse_permalink":"","wpdc_publishing_response":"","wpdc_publishing_error":"","footnotes":""},"class_list":["post-4236","page","type-page","status-publish","hentry"],"yoast_head":"<!-- This site is optimized with the Yoast SEO plugin v25.3.1 - https:\/\/yoast.com\/wordpress\/plugins\/seo\/ -->\n<title>Logo Showcase - Adicionar extens\u00e3o Logo Carousel ao site Joomla (2025)<\/title>\n<meta name=\"description\" content=\"\u00c9 perfeitamente simples criar sua extens\u00e3o Logo Showcase e adicion\u00e1-la ao seu site Joomla. O atendimento ao cliente da Elfsight \u00e9 gratuito e r\u00e1pido.\" \/>\n<meta name=\"robots\" content=\"index, follow, max-snippet:-1, max-image-preview:large, max-video-preview:-1\" \/>\n<link rel=\"canonical\" href=\"https:\/\/elfsight.com\/pt\/logo-showcase-widget\/joomla\/\" \/>\n<meta property=\"og:locale\" content=\"pt_PT\" \/>\n<meta property=\"og:type\" content=\"article\" \/>\n<meta property=\"og:title\" content=\"Logo Showcase - Adicionar extens\u00e3o Logo Carousel ao site Joomla (2025)\" \/>\n<meta property=\"og:description\" content=\"\u00c9 perfeitamente simples criar sua extens\u00e3o Logo Showcase e adicion\u00e1-la ao seu site Joomla. O atendimento ao cliente da Elfsight \u00e9 gratuito e r\u00e1pido.\" \/>\n<meta property=\"og:url\" content=\"https:\/\/elfsight.com\/pt\/logo-showcase-widget\/joomla\/\" \/>\n<meta property=\"og:site_name\" content=\"Elfsight PT\" \/>\n<meta property=\"article:modified_time\" content=\"2024-11-13T11:44:35+00:00\" \/>\n<meta name=\"twitter:card\" content=\"summary_large_image\" \/>\n<meta name=\"twitter:label1\" content=\"Tempo estimado de leitura\" \/>\n\t<meta name=\"twitter:data1\" content=\"2 minutos\" \/>\n<!-- \/ Yoast SEO plugin. -->","yoast_head_json":{"title":"Logo Showcase - Adicionar extens\u00e3o Logo Carousel ao site Joomla (2025)","description":"\u00c9 perfeitamente simples criar sua extens\u00e3o Logo Showcase e adicion\u00e1-la ao seu site Joomla. O atendimento ao cliente da Elfsight \u00e9 gratuito e r\u00e1pido.","robots":{"index":"index","follow":"follow","max-snippet":"max-snippet:-1","max-image-preview":"max-image-preview:large","max-video-preview":"max-video-preview:-1"},"canonical":"https:\/\/elfsight.com\/pt\/logo-showcase-widget\/joomla\/","og_locale":"pt_PT","og_type":"article","og_title":"Logo Showcase - Adicionar extens\u00e3o Logo Carousel ao site Joomla (2025)","og_description":"\u00c9 perfeitamente simples criar sua extens\u00e3o Logo Showcase e adicion\u00e1-la ao seu site Joomla. O atendimento ao cliente da Elfsight \u00e9 gratuito e r\u00e1pido.","og_url":"https:\/\/elfsight.com\/pt\/logo-showcase-widget\/joomla\/","og_site_name":"Elfsight PT","article_modified_time":"2024-11-13T11:44:35+00:00","twitter_card":"summary_large_image","twitter_misc":{"Tempo estimado de leitura":"2 minutos"},"schema":{"@context":"https:\/\/schema.org","@graph":[{"@type":"WebPage","@id":"https:\/\/elfsight.com\/pt\/logo-showcase-widget\/joomla\/","url":"https:\/\/elfsight.com\/pt\/logo-showcase-widget\/joomla\/","name":"Logo Showcase - Adicionar extens\u00e3o Logo Carousel ao site Joomla (2025)","isPartOf":{"@id":"https:\/\/elfsight.com\/pt\/#website"},"datePublished":"2024-05-03T06:40:53+00:00","dateModified":"2024-11-13T11:44:35+00:00","description":"\u00c9 perfeitamente simples criar sua extens\u00e3o Logo Showcase e adicion\u00e1-la ao seu site Joomla. O atendimento ao cliente da Elfsight \u00e9 gratuito e r\u00e1pido.","breadcrumb":{"@id":"https:\/\/elfsight.com\/pt\/logo-showcase-widget\/joomla\/#breadcrumb"},"inLanguage":"pt-PT","potentialAction":[{"@type":"ReadAction","target":["https:\/\/elfsight.com\/pt\/logo-showcase-widget\/joomla\/"]}]},{"@type":"BreadcrumbList","@id":"https:\/\/elfsight.com\/pt\/logo-showcase-widget\/joomla\/#breadcrumb","itemListElement":[{"@type":"ListItem","position":1,"name":"Home","item":"https:\/\/elfsight.com\/pt\/"},{"@type":"ListItem","position":2,"name":"Logo Showcase","item":"https:\/\/elfsight.com\/pt\/logo-showcase-widget\/"},{"@type":"ListItem","position":3,"name":"Logo Showcase &#8211; Joomla"}]},{"@type":"WebSite","@id":"https:\/\/elfsight.com\/pt\/#website","url":"https:\/\/elfsight.com\/pt\/","name":"Elfsight PT","description":"Just another Elfsight Sites site","potentialAction":[{"@type":"SearchAction","target":{"@type":"EntryPoint","urlTemplate":"https:\/\/elfsight.com\/pt\/?s={search_term_string}"},"query-input":{"@type":"PropertyValueSpecification","valueRequired":true,"valueName":"search_term_string"}}],"inLanguage":"pt-PT"}]}},"meta_box":{"industry":"","seo_heading":"","heading":"","description":"","cta_heading":"","cta_description":"","application":"982","h1":"Vitrine do logotipo Joomla","h1_caption":"Mostre as marcas dos clientes e acompanhantes no site para aumentar a credibilidade","application_category":[],"applications_title":"","applications_request_title":"","applications_request_button_text":"","hero_text":"","hero_video":"","hero_video_schema_markup":"","selling_points_title":"","selling_points_caption":"","selling_points":[],"selling_points_cta_text":"","features_title":"","features":"","ed_cta_examples_text":"","ed_cta_examples_hidden":"","ed_cta_demo_text":"","ed_cta_demo_hidden":"","why_caption":"","why_editor_title":"","why_editor_text":"","why_team_title":"","why_team_text":"","why_service_title":"","why_service_text":"","template_catalog_visible":"","template_catalog_title":"","template_catalog_text":"","template_catalog_categories_visible":"","demo_title":"Crie seu plugin Logo Showcase","demo_caption":"Configure seu Logo Showcase e adicione-o ao seu site Joomla gratuitamente!","default_faq_hidden":"","app_template_category":[],"platform":"52","template_public_id":"","codecanyon_url":"","codecanyon_item_id":"","codecanyon_price":"","pricing_caption":"","pricing_elfsight_apps_hide_column":"","pricing_elfsight_apps_url":"","pricing_codecanyon_price_caption":"","integration_category":[],"integration_request_title":"","integration_request_cta":"","integration_platform":"","integrations":[],"platform_category":[],"video_schema_markup":"","price":"a partir de US$ 0\/m\u00eas","trial":"","benefits":[{"text":"Ajuda de instala\u00e7\u00e3o gratuita"},{"text":"Suporte premium"},{"text":"Garantia de reembolso de 14 dias"},{"text":"Atualiza\u00e7\u00f5es regulares"}],"button_url":"#demo","button_target_blank":"0","button_nofollow":"0","attributes":[{"name":"Instala\u00e7\u00f5es","content":"10,000 - 100,000","_state":"expanded"},{"name":"Responsivo","content":"Sim","_state":"expanded"},{"name":"Navegadores compat\u00edveis","content":"IE11, Firefox, Safari, Opera, Chrome, Edge"}],"tags":[],"tags_disable_links":"0","hide_more_platforms":"","video_object":"","demo_hide_cta":"0","demo_hide_cloud_options":"0","pricing_title":"","pricing":[{"pricing_icon":"platform","pricing_title":"Elfsight Apps","pricing_title_caption":"Vers\u00e3o independente de plataforma adequada para qualquer site","pricing_price":"a partir de US$ 0\/m\u00eas","pricing_price_caption":"comece com plano gratuito","pricing_benefits":[{"text":"Sites ilimitados"},{"text":"Suporte 24 horas por dia, 7 dias por semana e pontual"},{"text":"Suporte 24 horas por dia, 7 dias por semana e pontual"},{"text":"Pre\u00e7o a ser pago para v\u00e1rios aplicativos"}],"pricing_button_text":"Adicionar ao site","pricing_button_url":"#demo","_state":"expanded"}],"related_apps_title":"","related_apps_hidden":"1","author":"","image":[],"title":"","job":"","social_networks":[]},"_links":{"self":[{"href":"https:\/\/elfsight.com\/pt\/wp-json\/wp\/v2\/pages\/4236","targetHints":{"allow":["GET"]}}],"collection":[{"href":"https:\/\/elfsight.com\/pt\/wp-json\/wp\/v2\/pages"}],"about":[{"href":"https:\/\/elfsight.com\/pt\/wp-json\/wp\/v2\/types\/page"}],"author":[{"embeddable":true,"href":"https:\/\/elfsight.com\/pt\/wp-json\/wp\/v2\/users\/9"}],"replies":[{"embeddable":true,"href":"https:\/\/elfsight.com\/pt\/wp-json\/wp\/v2\/comments?post=4236"}],"version-history":[{"count":2,"href":"https:\/\/elfsight.com\/pt\/wp-json\/wp\/v2\/pages\/4236\/revisions"}],"predecessor-version":[{"id":11975,"href":"https:\/\/elfsight.com\/pt\/wp-json\/wp\/v2\/pages\/4236\/revisions\/11975"}],"up":[{"embeddable":true,"href":"https:\/\/elfsight.com\/pt\/wp-json\/wp\/v2\/pages\/983"}],"wp:attachment":[{"href":"https:\/\/elfsight.com\/pt\/wp-json\/wp\/v2\/media?parent=4236"}],"curies":[{"name":"wp","href":"https:\/\/api.w.org\/{rel}","templated":true}]}}