{"id":4234,"date":"2024-05-03T06:41:28","date_gmt":"2024-05-03T06:41:28","guid":{"rendered":"https:\/\/elfsight.com\/pt\/?page_id=4234"},"modified":"2025-03-06T11:50:14","modified_gmt":"2025-03-06T11:50:14","slug":"joomla","status":"publish","type":"page","link":"https:\/\/elfsight.com\/pt\/number-counter-widget\/joomla\/","title":{"rendered":"Number Counter &#8211; Joomla"},"content":{"rendered":"\n<div class=\"application-platform-content-item-description application-platform-content-item\" id=\"description\" data-nav-section=\"description\"> <h2>Descri\u00e7\u00e3o<\/h2> <p>O Number Counter \u00e9 uma extens\u00e3o f\u00e1cil de trabalhar para Joomla com muitos recursos para escolher. \u00c9 uma \u00f3tima ferramenta para mostrar as excelentes estat\u00edsticas do seu neg\u00f3cio, o n\u00famero de trabalhos realizados at\u00e9 agora e isso n\u00e3o \u00e9 tudo. A ferramenta \u00e9 extremamente personaliz\u00e1vel. Sinta-se \u00e0 vontade para adicionar um n\u00famero ilimitado de contadores, organiz\u00e1-los em colunas, escolher \u00edcones de nossa biblioteca ou fazer upload de seus personalizados, torn\u00e1-los coloridos ou de cor s\u00f3lida, juntar t\u00edtulos para fornecer aos seus usu\u00e1rios informa\u00e7\u00f5es facilmente compreens\u00edveis, recolorir qualquer elemento, escolha a imagem de fundo e isso n\u00e3o \u00e9 tudo. Comece a moldar seu plugin agora e veja suas estat\u00edsticas cruciais de neg\u00f3cios crescerem! <\/p> <p><b>Demonstre suas realiza\u00e7\u00f5es brilhantes para seus futuros clientes. Aumente o n\u00famero de vendas e leads bem-sucedidos! <\/b><\/p> <\/div> <div class=\"application-platform-content-item-features application-platform-content-item\" id=\"features\" data-nav-section=\"features\"> <h2>Oferecemos recursos \u00fateis e f\u00e1ceis, aqui est\u00e3o alguns deles: <\/h2> <ul><li>Qualquer n\u00famero de contadores. <\/li><li>Qualquer quantidade de colunas. <\/li><li>Anexe legendas, cabe\u00e7alhos, prefixos e p\u00f3s-fixos. <\/li><li>Escolha o formato do \u00edcone &#8211; escolha-o em nossa biblioteca ou carregue o seu personalizado. <\/li><li>Anexar links. <\/li><\/ul><p><a href=\"#demo\">Voc\u00ea pode ver quanto vale a extens\u00e3o com a ajuda da demonstra\u00e7\u00e3o<\/a><\/p> <\/div> <div class=\"application-platform-content-item-instala\u00e7\u00e3o application-platform-content-item\" id=\"instala\u00e7\u00e3o\" data-nav-section=\"instala\u00e7\u00e3o\"> <h2>Como posso incorporar o Number Counter no meu site Joomla? <\/h2> <div><iframe width=\"720\" height=\"405\" src=\"https:\/\/www.youtube.com\/embed\/fd3NEckzRw4\" frameborder=\"0\" allowfullscreen=\"\"><\/iframe> <\/div><p>Basta seguir as etapas apresentadas abaixo para come\u00e7ar a trabalhar com o widget. <\/p> <ol><li><b>Execute nosso configurador gratuito e comece a criar sua extens\u00e3o personalizada. <\/b><br> Escolha o layout selecionado e a funcionalidade da extens\u00e3o e salve todas as corre\u00e7\u00f5es. <\/li> <li><b>Receba o seu c\u00f3digo individual que aparece no formul\u00e1rio especial nas aplica\u00e7\u00f5es Elfsight. <\/b><br> Quando a cria\u00e7\u00e3o da sua extens\u00e3o for conclu\u00edda, copie o seu c\u00f3digo na janela que aparece e guarde-o para uso posterior. <\/li> <li><b>Iniciar o uso da extens\u00e3o na p\u00e1gina web do Joomla. <\/b><br>Incorpore o c\u00f3digo salvo recentemente em sua p\u00e1gina da web e salve as melhorias. <\/li> <li><b>Conclu\u00eddo! A configura\u00e7\u00e3o foi realizada com sucesso. <\/b><br> Acesse sua p\u00e1gina da Web para examinar o desempenho da extens\u00e3o. <\/li><\/ol><p>Caso tenha d\u00favidas ou encontre algum problema, n\u00e3o hesite em procurar a assist\u00eancia de nossa equipe de atendimento ao cliente. Nossos especialistas est\u00e3o ansiosos para resolver todas as d\u00favidas que voc\u00ea possa ter com o widget. <\/p> <div class=\"faq\" data-component=\"FAQ\"><div class=\"faq-item\">\r\n\t\t\t\t\t<div class=\"faq-item-question\">\r\n\t\t\t\t\t\t<h3 class=\"faq-item-question-text\">Existe uma op\u00e7\u00e3o para incorporar o Number Counter no meu site Joomla sem codifica\u00e7\u00e3o?<\/h3>\r\n\r\n\t\t\t\t\t\t<div class=\"faq-item-question-icon\"><\/div>\r\n\t\t\t\t\t<\/div>\r\n\r\n\t\t\t\t\t<div class=\"faq-item-answer\">\r\n\t\t\t\t\t\t<div class=\"faq-item-answer-text\"> <p>A Elfsight oferece uma solu\u00e7\u00e3o Cloud que permite a um vasto p\u00fablico estabelecer voc\u00ea mesmo uma aplica\u00e7\u00e3o Number Counter, descubra como o processo \u00e9 simples: V\u00e1 para a demonstra\u00e7\u00e3o ao vivo para criar um widget de contador num\u00e9rico que voc\u00ea gostaria de adicionar ao seu site Joomla. Escolha um dos modelos pr\u00e9-fabricados e altere as configura\u00e7\u00f5es do contador num\u00e9rico, transforme o layout e a cor dos elementos e adicione seu conte\u00fado, sem nenhuma experi\u00eancia de codifica\u00e7\u00e3o. Salve as configura\u00e7\u00f5es feitas no Number Counter e obtenha o c\u00f3digo de instala\u00e7\u00e3o do plugin, que voc\u00ea pode adicionar facilmente em sua p\u00e1gina Joomla gratuitamente. Usando nosso editor f\u00e1cil de usar, qualquer usu\u00e1rio da web pode estabelecer um plugin Number Counter e col\u00e1-lo facilmente no site Joomla. N\u00e3o h\u00e1 necessidade de pagar ou inserir os dados do seu cart\u00e3o para entrar no servi\u00e7o. Se voc\u00ea encontrar qualquer tipo de obst\u00e1culo, sinta-se \u00e0 vontade para entrar em contato com nossa equipe de suporte.<\/p> <\/div>\r\n\t\t\t\t\t<\/div>\r\n\t\t\t\t<\/div> <\/div><\/div>\n","protected":false},"excerpt":{"rendered":"","protected":false},"author":9,"featured_media":0,"parent":1061,"menu_order":0,"comment_status":"closed","ping_status":"closed","template":"templates\/template-application-platform.php","meta":{"publish_to_discourse":"","publish_post_category":"","wpdc_auto_publish_overridden":"","wpdc_topic_tags":"","wpdc_pin_topic":"","wpdc_pin_until":"","discourse_post_id":"","discourse_permalink":"","wpdc_publishing_response":"","wpdc_publishing_error":"","footnotes":""},"class_list":["post-4234","page","type-page","status-publish","hentry"],"yoast_head":"<!-- This site is optimized with the Yoast SEO plugin v25.3.1 - https:\/\/yoast.com\/wordpress\/plugins\/seo\/ -->\n<title>Contador de n\u00fameros \u2014 Adicionar widget de contador ao site Joomla<\/title>\n<meta name=\"description\" content=\"Insira um contador num\u00e9rico em sua p\u00e1gina Joomla, usando nossa demonstra\u00e7\u00e3o ativa. Crie sua extens\u00e3o personalizada com apenas alguns cliques!\" \/>\n<meta name=\"robots\" content=\"index, follow, max-snippet:-1, max-image-preview:large, max-video-preview:-1\" \/>\n<link rel=\"canonical\" href=\"https:\/\/elfsight.com\/pt\/number-counter-widget\/joomla\/\" \/>\n<meta property=\"og:locale\" content=\"pt_PT\" \/>\n<meta property=\"og:type\" content=\"article\" \/>\n<meta property=\"og:title\" content=\"Contador de n\u00fameros \u2014 Adicionar widget de contador ao site Joomla\" \/>\n<meta property=\"og:description\" content=\"Insira um contador num\u00e9rico em sua p\u00e1gina Joomla, usando nossa demonstra\u00e7\u00e3o ativa. Crie sua extens\u00e3o personalizada com apenas alguns cliques!\" \/>\n<meta property=\"og:url\" content=\"https:\/\/elfsight.com\/pt\/number-counter-widget\/joomla\/\" \/>\n<meta property=\"og:site_name\" content=\"Elfsight PT\" \/>\n<meta property=\"article:modified_time\" content=\"2025-03-06T11:50:14+00:00\" \/>\n<meta name=\"twitter:card\" content=\"summary_large_image\" \/>\n<meta name=\"twitter:label1\" content=\"Tempo estimado de leitura\" \/>\n\t<meta name=\"twitter:data1\" content=\"3 minutos\" \/>\n<!-- \/ Yoast SEO plugin. -->","yoast_head_json":{"title":"Contador de n\u00fameros \u2014 Adicionar widget de contador ao site Joomla","description":"Insira um contador num\u00e9rico em sua p\u00e1gina Joomla, usando nossa demonstra\u00e7\u00e3o ativa. Crie sua extens\u00e3o personalizada com apenas alguns cliques!","robots":{"index":"index","follow":"follow","max-snippet":"max-snippet:-1","max-image-preview":"max-image-preview:large","max-video-preview":"max-video-preview:-1"},"canonical":"https:\/\/elfsight.com\/pt\/number-counter-widget\/joomla\/","og_locale":"pt_PT","og_type":"article","og_title":"Contador de n\u00fameros \u2014 Adicionar widget de contador ao site Joomla","og_description":"Insira um contador num\u00e9rico em sua p\u00e1gina Joomla, usando nossa demonstra\u00e7\u00e3o ativa. Crie sua extens\u00e3o personalizada com apenas alguns cliques!","og_url":"https:\/\/elfsight.com\/pt\/number-counter-widget\/joomla\/","og_site_name":"Elfsight PT","article_modified_time":"2025-03-06T11:50:14+00:00","twitter_card":"summary_large_image","twitter_misc":{"Tempo estimado de leitura":"3 minutos"},"schema":{"@context":"https:\/\/schema.org","@graph":[{"@type":"WebPage","@id":"https:\/\/elfsight.com\/pt\/number-counter-widget\/joomla\/","url":"https:\/\/elfsight.com\/pt\/number-counter-widget\/joomla\/","name":"Contador de n\u00fameros \u2014 Adicionar widget de contador ao site Joomla","isPartOf":{"@id":"https:\/\/elfsight.com\/pt\/#website"},"datePublished":"2024-05-03T06:41:28+00:00","dateModified":"2025-03-06T11:50:14+00:00","description":"Insira um contador num\u00e9rico em sua p\u00e1gina Joomla, usando nossa demonstra\u00e7\u00e3o ativa. Crie sua extens\u00e3o personalizada com apenas alguns cliques!","breadcrumb":{"@id":"https:\/\/elfsight.com\/pt\/number-counter-widget\/joomla\/#breadcrumb"},"inLanguage":"pt-PT","potentialAction":[{"@type":"ReadAction","target":["https:\/\/elfsight.com\/pt\/number-counter-widget\/joomla\/"]}]},{"@type":"BreadcrumbList","@id":"https:\/\/elfsight.com\/pt\/number-counter-widget\/joomla\/#breadcrumb","itemListElement":[{"@type":"ListItem","position":1,"name":"Home","item":"https:\/\/elfsight.com\/pt\/"},{"@type":"ListItem","position":2,"name":"Number Counter","item":"https:\/\/elfsight.com\/pt\/number-counter-widget\/"},{"@type":"ListItem","position":3,"name":"Number Counter &#8211; Joomla"}]},{"@type":"WebSite","@id":"https:\/\/elfsight.com\/pt\/#website","url":"https:\/\/elfsight.com\/pt\/","name":"Elfsight PT","description":"Just another Elfsight Sites site","potentialAction":[{"@type":"SearchAction","target":{"@type":"EntryPoint","urlTemplate":"https:\/\/elfsight.com\/pt\/?s={search_term_string}"},"query-input":{"@type":"PropertyValueSpecification","valueRequired":true,"valueName":"search_term_string"}}],"inLanguage":"pt-PT"}]}},"meta_box":{"industry":"","seo_heading":"","heading":"","description":"","cta_heading":"","cta_description":"","application":"1060","h1":"Extens\u00e3o do contador de n\u00fameros Joomla","h1_caption":"Mostre seus resultados maravilhosos aos visitantes e convide clientes mais fi\u00e9is","application_category":[],"applications_title":"","applications_request_title":"","applications_request_button_text":"","hero_text":"","hero_video":"","hero_video_schema_markup":"","selling_points_title":"","selling_points_caption":"","selling_points":[],"selling_points_cta_text":"","features_title":"","features":"","ed_cta_examples_text":"","ed_cta_examples_hidden":"","ed_cta_demo_text":"","ed_cta_demo_hidden":"","why_caption":"","why_editor_title":"","why_editor_text":"","why_team_title":"","why_team_text":"","why_service_title":"","why_service_text":"","template_catalog_visible":"0","template_catalog_title":"","template_catalog_text":"","template_catalog_categories_visible":"","demo_title":"Crie seu plugin de contador de n\u00fameros","demo_caption":"Configure seu contador num\u00e9rico e adicione-o ao seu site Joomla gratuitamente!","default_faq_hidden":"","app_template_category":[],"platform":"52","template_public_id":"","codecanyon_url":"","codecanyon_item_id":"","codecanyon_price":"","pricing_caption":"","pricing_elfsight_apps_hide_column":"","pricing_elfsight_apps_url":"","pricing_codecanyon_price_caption":"","integration_category":[],"integration_request_title":"","integration_request_cta":"","integration_platform":"","integrations":[],"platform_category":[],"video_schema_markup":"","price":"a partir de US$ 0\/m\u00eas","trial":"","benefits":[{"text":"Ajuda de instala\u00e7\u00e3o gratuita"},{"text":"Atendimento ao cliente profissional"},{"text":"Garantia de devolu\u00e7\u00e3o do dinheiro em 14 dias"},{"text":"Desenvolvimento cont\u00ednuo"}],"button_url":"#demo","button_target_blank":"0","button_nofollow":"0","attributes":[{"name":"Instala\u00e7\u00f5es","content":"10,000 - 100,000","_state":"expanded"},{"name":"Responsivo","content":"Sim","_state":"expanded"},{"name":"Navegadores compat\u00edveis","content":"Firefox, Safari, Opera, Chrome, Edge"}],"tags":[],"tags_disable_links":"0","hide_more_platforms":"0","video_object":"","demo_hide_cta":"0","demo_hide_cloud_options":"0","pricing_title":"","pricing":[{"pricing_icon":"platform","pricing_title":"Elfsight Apps","pricing_title_caption":"Software multiplataforma","pricing_price":"a partir de US$ 0\/m\u00eas","pricing_price_caption":"comece com plano gratuito","pricing_benefits":[{"text":"Dom\u00ednios ilimitados"},{"text":"Suporte profissional da empresa"},{"text":"Suporte profissional da empresa"},{"text":"Oferta por tempo limitado para v\u00e1rios aplicativos"}],"pricing_button_text":"Adicionar ao site","pricing_button_url":"#demo","_state":"expanded"}],"related_apps_title":"","related_apps_hidden":"1","author":"","image":[],"title":"","job":"","social_networks":[]},"_links":{"self":[{"href":"https:\/\/elfsight.com\/pt\/wp-json\/wp\/v2\/pages\/4234","targetHints":{"allow":["GET"]}}],"collection":[{"href":"https:\/\/elfsight.com\/pt\/wp-json\/wp\/v2\/pages"}],"about":[{"href":"https:\/\/elfsight.com\/pt\/wp-json\/wp\/v2\/types\/page"}],"author":[{"embeddable":true,"href":"https:\/\/elfsight.com\/pt\/wp-json\/wp\/v2\/users\/9"}],"replies":[{"embeddable":true,"href":"https:\/\/elfsight.com\/pt\/wp-json\/wp\/v2\/comments?post=4234"}],"version-history":[{"count":3,"href":"https:\/\/elfsight.com\/pt\/wp-json\/wp\/v2\/pages\/4234\/revisions"}],"predecessor-version":[{"id":14451,"href":"https:\/\/elfsight.com\/pt\/wp-json\/wp\/v2\/pages\/4234\/revisions\/14451"}],"up":[{"embeddable":true,"href":"https:\/\/elfsight.com\/pt\/wp-json\/wp\/v2\/pages\/1061"}],"wp:attachment":[{"href":"https:\/\/elfsight.com\/pt\/wp-json\/wp\/v2\/media?parent=4234"}],"curies":[{"name":"wp","href":"https:\/\/api.w.org\/{rel}","templated":true}]}}