{"id":4232,"date":"2024-05-03T06:38:58","date_gmt":"2024-05-03T06:38:58","guid":{"rendered":"https:\/\/elfsight.com\/pt\/?page_id=4232"},"modified":"2025-01-21T09:47:46","modified_gmt":"2025-01-21T09:47:46","slug":"godaddy","status":"publish","type":"page","link":"https:\/\/elfsight.com\/pt\/google-reviews-widget\/godaddy\/","title":{"rendered":"Google Reviews &#8211; GoDaddy"},"content":{"rendered":"\n<div class=\"application-platform-content-item-description application-platform-content-item\" id=\"description\" data-nav-section=\"description\"> <h2>Incorpore coment\u00e1rios do Google com o widget Elfsight<\/h2> <p>Elfsight Google Reviews \u00e9 um plugin para GoDaddy que ajuda voc\u00ea a revelar coment\u00e1rios sobre seus produtos do Google em um site. Usando nosso plug-in, voc\u00ea pode aplicar filtros para classificar os coment\u00e1rios indesejados, exibir sua classifica\u00e7\u00e3o por estrelas e n\u00fameros do Google, revelar informa\u00e7\u00f5es sobre os autores dos coment\u00e1rios e mostrar um bot\u00e3o de call to action ativo que convidar\u00e1 os visitantes a compartilhar outro coment\u00e1rio sobre voc\u00ea. O plug-in Elfsight Google Reviews ajudar\u00e1 a exibir sua alta prova social em seu site e atrair novas vendas.<\/p> <p><b>Ganhe novos coment\u00e1rios com o bot\u00e3o de call to action e redirecione para sua p\u00e1gina do Google<\/b><\/p><div class=\"faq\" data-component=\"FAQ\"> <div class=\"faq-item\">\r\n\t\t\t\t\t<div class=\"faq-item-question\">\r\n\t\t\t\t\t\t<h3 class=\"faq-item-question-text\">Em quais p\u00e1ginas posso adicionar o widget?<\/h3>\r\n\r\n\t\t\t\t\t\t<div class=\"faq-item-question-icon\"><\/div>\r\n\t\t\t\t\t<\/div>\r\n\r\n\t\t\t\t\t<div class=\"faq-item-answer\">\r\n\t\t\t\t\t\t<div class=\"faq-item-answer-text\"> <p>Voc\u00ea pode adicionar avalia\u00e7\u00f5es a todas as p\u00e1ginas de produtos ou apenas em p\u00e1ginas separadas. Existe uma oportunidade de adicionar o widget a qualquer p\u00e1gina onde voc\u00ea possa editar o c\u00f3digo HTML, porque um c\u00f3digo de instala\u00e7\u00e3o \u00e9 um trecho de c\u00f3digo de duas linhas que voc\u00ea deve inserir no backend.<\/p> <\/div>\r\n\t\t\t\t\t<\/div>\r\n\t\t\t\t<\/div> <div class=\"faq-item\">\r\n\t\t\t\t\t<div class=\"faq-item-question\">\r\n\t\t\t\t\t\t<h3 class=\"faq-item-question-text\">Como posso me beneficiar das avalia\u00e7\u00f5es do Google em um site?<\/h3>\r\n\r\n\t\t\t\t\t\t<div class=\"faq-item-question-icon\"><\/div>\r\n\t\t\t\t\t<\/div>\r\n\r\n\t\t\t\t\t<div class=\"faq-item-answer\">\r\n\t\t\t\t\t\t<div class=\"faq-item-answer-text\"> <p>Ao adicionar as avalia\u00e7\u00f5es do Google a um site da GoDaddy, voc\u00ea obt\u00e9m muitos benef\u00edcios. Os principais s\u00e3o os seguintes:<\/p><ul><li>Aumento da confian\u00e7a de seus compradores em potencial, o que leva ao aumento das convers\u00f5es.<\/li><li>Marca\u00e7\u00e3o de esquema ou estrelas em um snippet que diferencia seu site entre os concorrentes no SERP.<\/li><li>O Google confia nos coment\u00e1rios deixados em sua plataforma. Quanto mais alta for sua classifica\u00e7\u00e3o no Google, mais alto seu site aparecer\u00e1 no SERP.<\/li><\/ul><\/div>\r\n\t\t\t\t\t<\/div>\r\n\t\t\t\t<\/div> <div class=\"faq-item\">\r\n\t\t\t\t\t<div class=\"faq-item-question\">\r\n\t\t\t\t\t\t<h3 class=\"faq-item-question-text\">Posso testar um widget iFrame de avalia\u00e7\u00f5es do Google?<\/h3>\r\n\r\n\t\t\t\t\t\t<div class=\"faq-item-question-icon\"><\/div>\r\n\t\t\t\t\t<\/div>\r\n\r\n\t\t\t\t\t<div class=\"faq-item-answer\">\r\n\t\t\t\t\t\t<div class=\"faq-item-answer-text\"> <p>Sim, claro . Voc\u00ea pode fazer isso sem registro e gratuitamente em nossa <a href=\"#demo\">demonstra\u00e7\u00e3o on-line.<\/a> Voc\u00ea pode at\u00e9 instalar o widget em seu site gratuitamente para ver como funciona.<\/p> <\/div>\r\n\t\t\t\t\t<\/div>\r\n\t\t\t\t<\/div> <div class=\"faq-item\">\r\n\t\t\t\t\t<div class=\"faq-item-question\">\r\n\t\t\t\t\t\t<h3 class=\"faq-item-question-text\">Como adicionar o Google Reviews ao meu site GoDaddy sem conhecimentos de codifica\u00e7\u00e3o?<\/h3>\r\n\r\n\t\t\t\t\t\t<div class=\"faq-item-question-icon\"><\/div>\r\n\t\t\t\t\t<\/div>\r\n\r\n\t\t\t\t\t<div class=\"faq-item-answer\">\r\n\t\t\t\t\t\t<div class=\"faq-item-answer-text\"> <p>A Elfsight fornece uma solu\u00e7\u00e3o SaaS que lhe permite criar voc\u00ea mesmo um widget do Google Reviews. Veja como \u00e9 f\u00e1cil o processo: Trabalhe diretamente no o editor on-line para criar um widget de avalia\u00e7\u00f5es do Google que voc\u00ea gostaria de ver em seu site GoDaddy. Escolha um dos modelos predefinidos e ajuste as configura\u00e7\u00f5es do Google Reviews, adicione seu conte\u00fado, altere o layout e as cores sem nenhuma habilidade de codifica\u00e7\u00e3o. Salve o Google Reviews e copie seu c\u00f3digo de instala\u00e7\u00e3o, que voc\u00ea pode colar facilmente em seu site GoDaddy, sem a necessidade de comprar uma assinatura paga. Com nosso editor intuitivo, qualquer usu\u00e1rio da Internet pode criar um widget de avalia\u00e7\u00f5es do Google on-line e incorpor\u00e1-lo facilmente ao site GoDaddy. N\u00e3o h\u00e1 necessidade de pagar ou inserir as credenciais do seu cart\u00e3o para acessar o servi\u00e7o. Se voc\u00ea enfrentar algum problema em qualquer etapa, n\u00e3o hesite em entrar em contato com nossa equipe de suporte t\u00e9cnico.<\/p> <\/div>\r\n\t\t\t\t\t<\/div>\r\n\t\t\t\t<\/div> <\/div> <\/div> <div class=\"application-platform-content-item-features application-platform-content-item\" id=\"features\" data-nav-section=\"features\"> <h2>Principais recursos do Google Widget de avalia\u00e7\u00f5es<\/h2><p>Abaixo voc\u00ea encontra as vantagens t\u00e9cnicas mais essenciais dele:<\/p> <ul> <li>Tr\u00eas filtros prontos para uso: por tipo, exclus\u00e3o por e quantidade de avalia\u00e7\u00f5es para exibindo<\/li> <li>Quatro layouts predefinidos: Lista, Grade, Alvenaria e Controle deslizante<\/li> <li>Uma op\u00e7\u00e3o para controlar a exibi\u00e7\u00e3o do cabe\u00e7alho do plug-in em um site GoDaddy<\/li> <li>Revis\u00e3o o bot\u00e3o de solicita\u00e7\u00e3o leva os clientes \u00e0 sua p\u00e1gina do Google<\/li> <li>6 elementos personaliz\u00e1veis \u200b\u200bdas avalia\u00e7\u00f5es: nome do autor e imagem, texto de recomenda\u00e7\u00e3o, data da postagem, \u00edcone do Google e avalia\u00e7\u00e3o com estrelas<\/li><li> Adicionar o Google Reviews ao site GoDaddy leva v\u00e1rios cliques e alguns minutos<\/li><li>Duas op\u00e7\u00f5es de cen\u00e1rios ap\u00f3s a nega\u00e7\u00e3o da solicita\u00e7\u00e3o de revis\u00e3o: mostrar uma mensagem ou remover o bot\u00e3o<\/li> <\/ul><p><a href=\"#demo\">Examine todas as op\u00e7\u00f5es de personaliza\u00e7\u00e3o em uma demonstra\u00e7\u00e3o completa<\/a><\/p> <\/div> <div class=\"application-platform-content-item-installation application-platform-content-item\" id=\"installation\" data-nav-section=\"installation\"> <h2>Como posso adicionar o Google Reviews ao meu GoDaddy website?<\/h2> <p>Basta seguir as instru\u00e7\u00f5es abaixo para integrar o plugin.<\/p> <ol><li><b>Gerencie nosso configurador gratuito e comece a construir seu plugin personalizado. <\/b><br> Especifique uma interface personalizada e recursos do plug-in do Google Reviews para GoDaddy e aplique as edi\u00e7\u00f5es. <\/li> <li><b>Copie o c\u00f3digo pessoal que aparece na janela dos aplicativos Elfsight. <\/b><br> Logo ap\u00f3s criar seu plugin pessoal, copie o c\u00f3digo pessoal na caixa exibida e salve-o para uso futuro em um site da GoDaddy. <\/li> <li><b>Comece a usar o plug-in em um site da GoDaddy. <\/b><br> Integre o c\u00f3digo que voc\u00ea salvou recentemente no back-end do seu site e salve as edi\u00e7\u00f5es. <\/li> <li><b>Instala\u00e7\u00e3o conclu\u00edda. <\/b><br> Acesse o site do GoDaddy para verificar como o plug-in funciona l\u00e1.<\/li><\/ol> <p>Caso encontre alguma dificuldade, n\u00e3o tenha medo de entrar em contato com nossa equipe de suporte ao cliente para obter ajuda. . Nossos consultores ter\u00e3o prazer em resolver todos os problemas que voc\u00ea possa ter ao adicionar o Google Reviews ao GoDaddy. <\/p> <\/div>\n","protected":false},"excerpt":{"rendered":"","protected":false},"author":9,"featured_media":0,"parent":443,"menu_order":0,"comment_status":"closed","ping_status":"closed","template":"templates\/template-application-platform.php","meta":{"publish_to_discourse":"","publish_post_category":"","wpdc_auto_publish_overridden":"","wpdc_topic_tags":"","wpdc_pin_topic":"","wpdc_pin_until":"","discourse_post_id":"","discourse_permalink":"","wpdc_publishing_response":"","wpdc_publishing_error":"","footnotes":""},"class_list":["post-4232","page","type-page","status-publish","hentry"],"yoast_head":"<!-- This site is optimized with the Yoast SEO plugin v25.3.1 - https:\/\/yoast.com\/wordpress\/plugins\/seo\/ -->\n<title>Incorpore coment\u00e1rios do Google no GoDaddy - adicione coment\u00e1rios a um site em 2 minutos!<\/title>\n<meta name=\"description\" content=\"Demonstre sua alta avalia\u00e7\u00e3o com o plugin Google Reviews para o seu site GoDaddy! Torne mais f\u00e1cil deixar coment\u00e1rios positivos.\" \/>\n<meta name=\"robots\" content=\"index, follow, max-snippet:-1, max-image-preview:large, max-video-preview:-1\" \/>\n<link rel=\"canonical\" href=\"https:\/\/elfsight.com\/pt\/google-reviews-widget\/godaddy\/\" \/>\n<meta property=\"og:locale\" content=\"pt_PT\" \/>\n<meta property=\"og:type\" content=\"article\" \/>\n<meta property=\"og:title\" content=\"Incorpore coment\u00e1rios do Google no GoDaddy - adicione coment\u00e1rios a um site em 2 minutos!\" \/>\n<meta property=\"og:description\" content=\"Demonstre sua alta avalia\u00e7\u00e3o com o plugin Google Reviews para o seu site GoDaddy! Torne mais f\u00e1cil deixar coment\u00e1rios positivos.\" \/>\n<meta property=\"og:url\" content=\"https:\/\/elfsight.com\/pt\/google-reviews-widget\/godaddy\/\" \/>\n<meta property=\"og:site_name\" content=\"Elfsight PT\" \/>\n<meta property=\"article:modified_time\" content=\"2025-01-21T09:47:46+00:00\" \/>\n<meta name=\"twitter:card\" content=\"summary_large_image\" \/>\n<meta name=\"twitter:label1\" content=\"Tempo estimado de leitura\" \/>\n\t<meta name=\"twitter:data1\" content=\"5 minutos\" \/>\n<!-- \/ Yoast SEO plugin. -->","yoast_head_json":{"title":"Incorpore coment\u00e1rios do Google no GoDaddy - adicione coment\u00e1rios a um site em 2 minutos!","description":"Demonstre sua alta avalia\u00e7\u00e3o com o plugin Google Reviews para o seu site GoDaddy! Torne mais f\u00e1cil deixar coment\u00e1rios positivos.","robots":{"index":"index","follow":"follow","max-snippet":"max-snippet:-1","max-image-preview":"max-image-preview:large","max-video-preview":"max-video-preview:-1"},"canonical":"https:\/\/elfsight.com\/pt\/google-reviews-widget\/godaddy\/","og_locale":"pt_PT","og_type":"article","og_title":"Incorpore coment\u00e1rios do Google no GoDaddy - adicione coment\u00e1rios a um site em 2 minutos!","og_description":"Demonstre sua alta avalia\u00e7\u00e3o com o plugin Google Reviews para o seu site GoDaddy! Torne mais f\u00e1cil deixar coment\u00e1rios positivos.","og_url":"https:\/\/elfsight.com\/pt\/google-reviews-widget\/godaddy\/","og_site_name":"Elfsight PT","article_modified_time":"2025-01-21T09:47:46+00:00","twitter_card":"summary_large_image","twitter_misc":{"Tempo estimado de leitura":"5 minutos"},"schema":{"@context":"https:\/\/schema.org","@graph":[{"@type":"WebPage","@id":"https:\/\/elfsight.com\/pt\/google-reviews-widget\/godaddy\/","url":"https:\/\/elfsight.com\/pt\/google-reviews-widget\/godaddy\/","name":"Incorpore coment\u00e1rios do Google no GoDaddy - adicione coment\u00e1rios a um site em 2 minutos!","isPartOf":{"@id":"https:\/\/elfsight.com\/pt\/#website"},"datePublished":"2024-05-03T06:38:58+00:00","dateModified":"2025-01-21T09:47:46+00:00","description":"Demonstre sua alta avalia\u00e7\u00e3o com o plugin Google Reviews para o seu site GoDaddy! Torne mais f\u00e1cil deixar coment\u00e1rios positivos.","breadcrumb":{"@id":"https:\/\/elfsight.com\/pt\/google-reviews-widget\/godaddy\/#breadcrumb"},"inLanguage":"pt-PT","potentialAction":[{"@type":"ReadAction","target":["https:\/\/elfsight.com\/pt\/google-reviews-widget\/godaddy\/"]}]},{"@type":"BreadcrumbList","@id":"https:\/\/elfsight.com\/pt\/google-reviews-widget\/godaddy\/#breadcrumb","itemListElement":[{"@type":"ListItem","position":1,"name":"Home","item":"https:\/\/elfsight.com\/pt\/"},{"@type":"ListItem","position":2,"name":"Google Reviews","item":"https:\/\/elfsight.com\/pt\/google-reviews-widget\/"},{"@type":"ListItem","position":3,"name":"Google Reviews &#8211; GoDaddy"}]},{"@type":"WebSite","@id":"https:\/\/elfsight.com\/pt\/#website","url":"https:\/\/elfsight.com\/pt\/","name":"Elfsight PT","description":"Just another Elfsight Sites site","potentialAction":[{"@type":"SearchAction","target":{"@type":"EntryPoint","urlTemplate":"https:\/\/elfsight.com\/pt\/?s={search_term_string}"},"query-input":{"@type":"PropertyValueSpecification","valueRequired":true,"valueName":"search_term_string"}}],"inLanguage":"pt-PT"}]}},"meta_box":{"industry":"","seo_heading":"","heading":"","description":"","cta_heading":"","cta_description":"","application":"442","h1":"Plug-in GoDaddy Google Reviews","h1_caption":"Aumente as compras ostentando sua excelente classifica\u00e7\u00e3o e aprecia\u00e7\u00e3o do cliente","application_category":[],"applications_title":"","applications_request_title":"","applications_request_button_text":"","hero_text":"","hero_video":"","hero_video_schema_markup":"","selling_points_title":"","selling_points_caption":"","selling_points":[],"selling_points_cta_text":"","features_title":"","features":"","ed_cta_examples_text":"","ed_cta_examples_hidden":"","ed_cta_demo_text":"","ed_cta_demo_hidden":"","why_caption":"","why_editor_title":"","why_editor_text":"","why_team_title":"","why_team_text":"","why_service_title":"","why_service_text":"","template_catalog_visible":"0","template_catalog_title":"","template_catalog_text":"","template_catalog_categories_visible":"","demo_title":"Crie seu plug-in do Google Reviews","demo_caption":"Configure suas avalia\u00e7\u00f5es do Google e adicione-as ao seu site GoDaddy gratuitamente!","default_faq_hidden":"","app_template_category":[],"platform":"4908","template_public_id":"","codecanyon_url":"","codecanyon_item_id":"","codecanyon_price":"","pricing_caption":"","pricing_elfsight_apps_hide_column":"","pricing_elfsight_apps_url":"","pricing_codecanyon_price_caption":"","integration_category":[],"integration_request_title":"","integration_request_cta":"","integration_platform":"","integrations":[],"platform_category":[],"video_schema_markup":"","price":"a partir de US$ 0\/m\u00eas","trial":"","benefits":[{"text":"Assist\u00eancia de instala\u00e7\u00e3o gratuita"},{"text":"Suporte ao cliente experiente"},{"text":"Garantia de devolu\u00e7\u00e3o do dinheiro em 14 dias"},{"text":"Desenvolvimento cont\u00ednuo"}],"button_url":"#demo","button_target_blank":"0","button_nofollow":"0","attributes":[{"name":"Instala\u00e7\u00f5es","content":"100,000 - 500,000","_state":"expanded"},{"name":"Responsivo","content":"Sim","_state":"expanded"},{"name":"Navegadores compat\u00edveis","content":"Firefox, Safari, Opera, Chrome, Edge"}],"tags":[],"tags_disable_links":"0","hide_more_platforms":"","video_object":"","demo_hide_cta":"0","demo_hide_cloud_options":"0","pricing_title":"","pricing":[{"pricing_icon":"platform","pricing_title":"Elfsight Apps","pricing_title_caption":"Software multiplataforma que funciona em qualquer site","pricing_price":"a partir de US$ 0\/m\u00eas","pricing_price_caption":"comece com plano gratuito","pricing_benefits":[{"text":"Sites ilimitados"},{"text":"Suporte premium e bem documentado"},{"text":"Suporte premium e bem documentado"},{"text":"100% personaliz\u00e1vel"}],"pricing_button_text":"Adicionar ao site","pricing_button_url":"#demo","_state":"expanded"}],"related_apps_title":"","related_apps_hidden":"1","author":"","image":[],"title":"","job":"","social_networks":[]},"_links":{"self":[{"href":"https:\/\/elfsight.com\/pt\/wp-json\/wp\/v2\/pages\/4232","targetHints":{"allow":["GET"]}}],"collection":[{"href":"https:\/\/elfsight.com\/pt\/wp-json\/wp\/v2\/pages"}],"about":[{"href":"https:\/\/elfsight.com\/pt\/wp-json\/wp\/v2\/types\/page"}],"author":[{"embeddable":true,"href":"https:\/\/elfsight.com\/pt\/wp-json\/wp\/v2\/users\/9"}],"replies":[{"embeddable":true,"href":"https:\/\/elfsight.com\/pt\/wp-json\/wp\/v2\/comments?post=4232"}],"version-history":[{"count":3,"href":"https:\/\/elfsight.com\/pt\/wp-json\/wp\/v2\/pages\/4232\/revisions"}],"predecessor-version":[{"id":13615,"href":"https:\/\/elfsight.com\/pt\/wp-json\/wp\/v2\/pages\/4232\/revisions\/13615"}],"up":[{"embeddable":true,"href":"https:\/\/elfsight.com\/pt\/wp-json\/wp\/v2\/pages\/443"}],"wp:attachment":[{"href":"https:\/\/elfsight.com\/pt\/wp-json\/wp\/v2\/media?parent=4232"}],"curies":[{"name":"wp","href":"https:\/\/api.w.org\/{rel}","templated":true}]}}