{"id":4230,"date":"2024-05-03T06:41:04","date_gmt":"2024-05-03T06:41:04","guid":{"rendered":"https:\/\/elfsight.com\/pt\/?page_id=4230"},"modified":"2024-11-13T11:45:03","modified_gmt":"2024-11-13T11:45:03","slug":"iframe","status":"publish","type":"page","link":"https:\/\/elfsight.com\/pt\/logo-showcase-widget\/iframe\/","title":{"rendered":"Logo Showcase &#8211; iFrame"},"content":{"rendered":"<div class=\"application-platform-content-item-description application-platform-content-item\" id=\"description\" data-nav-section=\"description\"><h2>Incorpore o Logo Showcase no iFrame com o widget Elfsight<\/h2> <p>O Elfsight Logo Showcase ser\u00e1 a ferramenta perfeita para exibir os logotipos dos seus clientes ou logotipos de promotores ou suas men\u00e7\u00f5es na imprensa no site. Com este widget, \u00e9 f\u00e1cil provar que sua empresa \u00e9 uma aliada comercial confi\u00e1vel e manter uma boa percep\u00e7\u00e3o de sua marca. O widget Elfsight permite fazer upload de v\u00e1rios emblemas, organiz\u00e1-los em um controle deslizante ou grade e variar a escala dos logotipos. Voc\u00ea pode adicionar legendas e links aos sites da empresa. Com a ajuda de op\u00e7\u00f5es de cores e fontes, \u00e9 f\u00e1cil configurar um visual personalizado. <\/p><p><b>Aumente a confian\u00e7a da sua empresa.<\/b><\/p><\/div><div class=\"application-platform-content-item-features application-platform-content-item\" id=\"features\" data-nav-section=\"features\"><h2>Principais recursos do widget Logo Showcase<\/h2> <p>Veja todos os recursos do Logo Showcase. Voc\u00ea pode configur\u00e1-los diretamente no editor e eles o ajudar\u00e3o a moldar o widget mais adequado \u00e0s suas necessidades. <\/p><ul><li>A op\u00e7\u00e3o de vincular cada logotipo a qualquer endere\u00e7o; <\/li><li>Cabe\u00e7alho de widget altern\u00e1vel, incluindo t\u00edtulo e texto com op\u00e7\u00f5es de formata\u00e7\u00e3o; <\/li><li>O bot\u00e3o CTA pode levar um clique a qualquer p\u00e1gina; <\/li><li>3 layouts balanceados: Slider, Grid e Carousel; <\/li><li>A op\u00e7\u00e3o de definir o tamanho do logotipo e a largura do widget; <\/li><li>A op\u00e7\u00e3o de escolher qualquer cor de fundo ou usar sua pr\u00f3pria imagem. <\/li><\/ul><p><a href=\"#demo\">Voc\u00ea pode testar todos os recursos do widget diretamente na demonstra\u00e7\u00e3o<\/a><\/p><\/div><div class=\"application-platform-content-item-installation application-platform-content-item\" id=\"installation\" data-nav-section=\"installation\"> <h2>Como fa\u00e7o para integrar o Logo Showcase com o iFrame?<\/h2><p>Para integrar o widget, basta seguir estas etapas r\u00e1pidas<\/p><ul><li><b>Construa seu widget de logotipo personalizado<\/b><br>Usando nosso editor gratuito, crie um plugin com composi\u00e7\u00e3o e funcionalidade preferidas.<\/li><li><b>Copie o c\u00f3digo individual para integrar o plugin<\/b><br>Depois de criar seu widget, voc\u00ea obter\u00e1 o c\u00f3digo de instala\u00e7\u00e3o na notifica\u00e7\u00e3o que aparece nos aplicativos Elfsight. Copie-o.<\/li><li><b>Incorpore o plugin em seu site iFrame<\/b><br>Selecione a \u00e1rea onde voc\u00ea planeja mostrar o plugin e insira o c\u00f3digo copiado l\u00e1. Publique os resultados.<\/li><li><b>A instala\u00e7\u00e3o foi conclu\u00edda<\/b><br>Entre no site para ver seu trabalho.<\/li><\/ul><p>Voc\u00ea est\u00e1 convidado a se comunicar com Suporte ao cliente da Elfsight caso precise de ajuda ou tenha d\u00favidas. Nossos especialistas ter\u00e3o prazer em ajudar com todas as d\u00favidas. <\/p><div class=\"faq\" data-component=\"FAQ\"><div class=\"faq-item\">\r\n\t\t\t\t\t<div class=\"faq-item-question\">\r\n\t\t\t\t\t\t<h3 class=\"faq-item-question-text\">Existe um m\u00e9todo para adicionar Logo Showcase ao meu site iFrame sem conhecimento de codifica\u00e7\u00e3o?<\/h3>\r\n\r\n\t\t\t\t\t\t<div class=\"faq-item-question-icon\"><\/div>\r\n\t\t\t\t\t<\/div>\r\n\r\n\t\t\t\t\t<div class=\"faq-item-answer\">\r\n\t\t\t\t\t\t<div class=\"faq-item-answer-text\"> <p>A Elfsight fornece uma solu\u00e7\u00e3o que permite aos propriet\u00e1rios de sites gerarem voc\u00ea mesmo um widget Logo Showcase, descobrir as etapas simples: Comece a trabalhar na demonstra\u00e7\u00e3o online para formar uma se\u00e7\u00e3o Logo Showcase que voc\u00ea gostaria de integrar na p\u00e1gina inicial do iFrame. Escolha um dos modelos pr\u00e9-fabricados e modifique as configura\u00e7\u00f5es do Logo Showcase, atualize seu conte\u00fado, altere o layout e a cor dos elementos sem conhecimento de codifica\u00e7\u00e3o. Clique para salvar as configura\u00e7\u00f5es feitas no Logo Showcase e obter o c\u00f3digo do plugin para instala\u00e7\u00e3o, que voc\u00ea pode simplesmente adicionar em qualquer p\u00e1gina da web iFrame sem a necessidade de comprar uma assinatura paga. Trabalhando no configurador intuitivo, qualquer usu\u00e1rio da web pode instalar o plugin Logo Showcase online e adicion\u00e1-lo facilmente \u00e0 p\u00e1gina do iFrame. N\u00e3o \u00e9 necess\u00e1rio pagar ou divulgar os dados do seu cart\u00e3o para acessar o servi\u00e7o. Se voc\u00ea encontrar algum tipo de problema, entre em contato com nossa equipe de suporte t\u00e9cnico.<\/p> <\/div>\r\n\t\t\t\t\t<\/div>\r\n\t\t\t\t<\/div> <\/div><\/div>","protected":false},"excerpt":{"rendered":"","protected":false},"author":9,"featured_media":0,"parent":983,"menu_order":0,"comment_status":"closed","ping_status":"closed","template":"templates\/template-application-platform.php","meta":{"publish_to_discourse":"","publish_post_category":"","wpdc_auto_publish_overridden":"","wpdc_topic_tags":"","wpdc_pin_topic":"","wpdc_pin_until":"","discourse_post_id":"","discourse_permalink":"","wpdc_publishing_response":"","wpdc_publishing_error":"","footnotes":""},"class_list":["post-4230","page","type-page","status-publish","hentry"],"yoast_head":"<!-- This site is optimized with the Yoast SEO plugin v25.3.1 - https:\/\/yoast.com\/wordpress\/plugins\/seo\/ -->\n<title>Logo Showcase - Adicionar widget de carrossel de logotipo ao site iFrame (2025)<\/title>\n<meta name=\"description\" content=\"\u00c9 perfeitamente simples criar seu widget Logo Showcase e adicion\u00e1-lo ao seu site iFrame. O atendimento ao cliente da Elfsight \u00e9 gratuito e r\u00e1pido.\" \/>\n<meta name=\"robots\" content=\"index, follow, max-snippet:-1, max-image-preview:large, max-video-preview:-1\" \/>\n<link rel=\"canonical\" href=\"https:\/\/elfsight.com\/pt\/logo-showcase-widget\/iframe\/\" \/>\n<meta property=\"og:locale\" content=\"pt_PT\" \/>\n<meta property=\"og:type\" content=\"article\" \/>\n<meta property=\"og:title\" content=\"Logo Showcase - Adicionar widget de carrossel de logotipo ao site iFrame (2025)\" \/>\n<meta property=\"og:description\" content=\"\u00c9 perfeitamente simples criar seu widget Logo Showcase e adicion\u00e1-lo ao seu site iFrame. O atendimento ao cliente da Elfsight \u00e9 gratuito e r\u00e1pido.\" \/>\n<meta property=\"og:url\" content=\"https:\/\/elfsight.com\/pt\/logo-showcase-widget\/iframe\/\" \/>\n<meta property=\"og:site_name\" content=\"Elfsight PT\" \/>\n<meta property=\"article:modified_time\" content=\"2024-11-13T11:45:03+00:00\" \/>\n<meta name=\"twitter:card\" content=\"summary_large_image\" \/>\n<meta name=\"twitter:label1\" content=\"Tempo estimado de leitura\" \/>\n\t<meta name=\"twitter:data1\" content=\"2 minutos\" \/>\n<!-- \/ Yoast SEO plugin. -->","yoast_head_json":{"title":"Logo Showcase - Adicionar widget de carrossel de logotipo ao site iFrame (2025)","description":"\u00c9 perfeitamente simples criar seu widget Logo Showcase e adicion\u00e1-lo ao seu site iFrame. O atendimento ao cliente da Elfsight \u00e9 gratuito e r\u00e1pido.","robots":{"index":"index","follow":"follow","max-snippet":"max-snippet:-1","max-image-preview":"max-image-preview:large","max-video-preview":"max-video-preview:-1"},"canonical":"https:\/\/elfsight.com\/pt\/logo-showcase-widget\/iframe\/","og_locale":"pt_PT","og_type":"article","og_title":"Logo Showcase - Adicionar widget de carrossel de logotipo ao site iFrame (2025)","og_description":"\u00c9 perfeitamente simples criar seu widget Logo Showcase e adicion\u00e1-lo ao seu site iFrame. O atendimento ao cliente da Elfsight \u00e9 gratuito e r\u00e1pido.","og_url":"https:\/\/elfsight.com\/pt\/logo-showcase-widget\/iframe\/","og_site_name":"Elfsight PT","article_modified_time":"2024-11-13T11:45:03+00:00","twitter_card":"summary_large_image","twitter_misc":{"Tempo estimado de leitura":"2 minutos"},"schema":{"@context":"https:\/\/schema.org","@graph":[{"@type":"WebPage","@id":"https:\/\/elfsight.com\/pt\/logo-showcase-widget\/iframe\/","url":"https:\/\/elfsight.com\/pt\/logo-showcase-widget\/iframe\/","name":"Logo Showcase - Adicionar widget de carrossel de logotipo ao site iFrame (2025)","isPartOf":{"@id":"https:\/\/elfsight.com\/pt\/#website"},"datePublished":"2024-05-03T06:41:04+00:00","dateModified":"2024-11-13T11:45:03+00:00","description":"\u00c9 perfeitamente simples criar seu widget Logo Showcase e adicion\u00e1-lo ao seu site iFrame. O atendimento ao cliente da Elfsight \u00e9 gratuito e r\u00e1pido.","breadcrumb":{"@id":"https:\/\/elfsight.com\/pt\/logo-showcase-widget\/iframe\/#breadcrumb"},"inLanguage":"pt-PT","potentialAction":[{"@type":"ReadAction","target":["https:\/\/elfsight.com\/pt\/logo-showcase-widget\/iframe\/"]}]},{"@type":"BreadcrumbList","@id":"https:\/\/elfsight.com\/pt\/logo-showcase-widget\/iframe\/#breadcrumb","itemListElement":[{"@type":"ListItem","position":1,"name":"Home","item":"https:\/\/elfsight.com\/pt\/"},{"@type":"ListItem","position":2,"name":"Logo Showcase","item":"https:\/\/elfsight.com\/pt\/logo-showcase-widget\/"},{"@type":"ListItem","position":3,"name":"Logo Showcase &#8211; iFrame"}]},{"@type":"WebSite","@id":"https:\/\/elfsight.com\/pt\/#website","url":"https:\/\/elfsight.com\/pt\/","name":"Elfsight PT","description":"Just another Elfsight Sites site","potentialAction":[{"@type":"SearchAction","target":{"@type":"EntryPoint","urlTemplate":"https:\/\/elfsight.com\/pt\/?s={search_term_string}"},"query-input":{"@type":"PropertyValueSpecification","valueRequired":true,"valueName":"search_term_string"}}],"inLanguage":"pt-PT"}]}},"meta_box":{"industry":"","seo_heading":"","heading":"","description":"","cta_heading":"","cta_description":"","application":"982","h1":"Vitrine do logotipo iFrame","h1_caption":"Mostre logotipos de clientes ou acompanhantes em seu site para aumentar a confiabilidade","application_category":[],"applications_title":"","applications_request_title":"","applications_request_button_text":"","hero_text":"","hero_video":"","hero_video_schema_markup":"","selling_points_title":"","selling_points_caption":"","selling_points":[],"selling_points_cta_text":"","features_title":"","features":"","ed_cta_examples_text":"","ed_cta_examples_hidden":"","ed_cta_demo_text":"","ed_cta_demo_hidden":"","why_caption":"","why_editor_title":"","why_editor_text":"","why_team_title":"","why_team_text":"","why_service_title":"","why_service_text":"","template_catalog_visible":"","template_catalog_title":"","template_catalog_text":"","template_catalog_categories_visible":"","demo_title":"Crie seu widget de demonstra\u00e7\u00e3o de logotipo","demo_caption":"Configure seu Logo Showcase e adicione-o ao seu site iFrame gratuitamente!","default_faq_hidden":"","app_template_category":[],"platform":"4911","template_public_id":"","codecanyon_url":"","codecanyon_item_id":"","codecanyon_price":"","pricing_caption":"","pricing_elfsight_apps_hide_column":"","pricing_elfsight_apps_url":"","pricing_codecanyon_price_caption":"","integration_category":[],"integration_request_title":"","integration_request_cta":"","integration_platform":"","integrations":[],"platform_category":[],"video_schema_markup":"","price":"a partir de US$ 0\/m\u00eas","trial":"","benefits":[{"text":"Ajuda de instala\u00e7\u00e3o gratuita"},{"text":"Atendimento ao cliente competente"},{"text":"Garantia de devolu\u00e7\u00e3o do dinheiro em 14 dias"},{"text":"Atualizando constantemente"}],"button_url":"#demo","button_target_blank":"0","button_nofollow":"0","attributes":[{"name":"Instala\u00e7\u00f5es","content":"10,000 - 100,000","_state":"expanded"},{"name":"Responsivo","content":"Sim","_state":"expanded"},{"name":"Navegadores compat\u00edveis","content":"Opera, Edge, Safari, Chrome, Firefox"}],"tags":[],"tags_disable_links":"0","hide_more_platforms":"","video_object":"","demo_hide_cta":"0","demo_hide_cloud_options":"0","pricing_title":"","pricing":[{"pricing_icon":"platform","pricing_title":"Elfsight Apps","pricing_title_caption":"Solu\u00e7\u00e3o digital multiplataforma","pricing_price":"a partir de US$ 0\/m\u00eas","pricing_price_caption":"comece com plano gratuito","pricing_benefits":[{"text":"Dom\u00ednios ilimitados"},{"text":"Suporte dedicado ao cliente"},{"text":"Suporte dedicado ao cliente"},{"text":"Oferta especial para v\u00e1rios aplicativos"}],"pricing_button_text":"Adicionar ao site","pricing_button_url":"#demo","_state":"expanded"}],"related_apps_title":"","related_apps_hidden":"1","author":"","image":[],"title":"","job":"","social_networks":[]},"_links":{"self":[{"href":"https:\/\/elfsight.com\/pt\/wp-json\/wp\/v2\/pages\/4230","targetHints":{"allow":["GET"]}}],"collection":[{"href":"https:\/\/elfsight.com\/pt\/wp-json\/wp\/v2\/pages"}],"about":[{"href":"https:\/\/elfsight.com\/pt\/wp-json\/wp\/v2\/types\/page"}],"author":[{"embeddable":true,"href":"https:\/\/elfsight.com\/pt\/wp-json\/wp\/v2\/users\/9"}],"replies":[{"embeddable":true,"href":"https:\/\/elfsight.com\/pt\/wp-json\/wp\/v2\/comments?post=4230"}],"version-history":[{"count":2,"href":"https:\/\/elfsight.com\/pt\/wp-json\/wp\/v2\/pages\/4230\/revisions"}],"predecessor-version":[{"id":11986,"href":"https:\/\/elfsight.com\/pt\/wp-json\/wp\/v2\/pages\/4230\/revisions\/11986"}],"up":[{"embeddable":true,"href":"https:\/\/elfsight.com\/pt\/wp-json\/wp\/v2\/pages\/983"}],"wp:attachment":[{"href":"https:\/\/elfsight.com\/pt\/wp-json\/wp\/v2\/media?parent=4230"}],"curies":[{"name":"wp","href":"https:\/\/api.w.org\/{rel}","templated":true}]}}