{"id":4228,"date":"2024-05-03T06:41:25","date_gmt":"2024-05-03T06:41:25","guid":{"rendered":"https:\/\/elfsight.com\/pt\/?page_id=4228"},"modified":"2024-11-13T11:27:44","modified_gmt":"2024-11-13T11:27:44","slug":"iframe","status":"publish","type":"page","link":"https:\/\/elfsight.com\/pt\/number-counter-widget\/iframe\/","title":{"rendered":"Number Counter &#8211; iFrame"},"content":{"rendered":"<div class=\"application-platform-content-item-description application-platform-content-item\" id=\"description\" data-nav-section=\"description\"> <h2>Incorpore o contador de n\u00fameros no iFrame com o widget Elfsight<\/h2> <p>O contador de n\u00fameros \u00e9 um widget gerenci\u00e1vel para iFrame com uma ampla variedade de op\u00e7\u00f5es. \u00c9 bom se orgulhar dos seus excelentes \u00edndices de neg\u00f3cios, da quantidade de trabalhos realizados at\u00e9 agora e n\u00e3o \u00e9 tudo. A ferramenta \u00e9 extremamente flex\u00edvel. Sinta-se \u00e0 vontade para construir um n\u00famero ilimitado de contadores, comp\u00f4-los em colunas, escolher \u00edcones de nossa cole\u00e7\u00e3o ou fazer upload de seus personalizados, torn\u00e1-los coloridos ou monocrom\u00e1ticos, adicionar legendas para esclarecer os n\u00fameros que voc\u00ea est\u00e1 exibindo, recolorir qualquer recurso, escolher a imagem de fundo , e isso n\u00e3o \u00e9 nem a metade. Comece a construir seu widget agora e veja suas estat\u00edsticas cruciais de neg\u00f3cios crescerem! <\/p> <p><b>Mostre suas realiza\u00e7\u00f5es not\u00e1veis \u200b\u200bpara seus futuros compradores. Aumente a quantidade de vendas e leads bem-sucedidos! <\/b><\/p> <\/div> <div class=\"application-platform-content-item-features application-platform-content-item\" id=\"features\" data-nav-section=\"features\"> <h2>Estes s\u00e3o apenas alguns dos v\u00e1rios recursos do widget: <\/h2> <ul><li>Um n\u00famero ilimitado de contadores. <\/li><li>N\u00famero irrestrito de colunas. <\/li><li>Adicione t\u00edtulos, cabe\u00e7alhos, prefixos e p\u00f3s-fixos. <\/li><li>Escolha o formato do \u00edcone &#8211; obtenha-o em nossa biblioteca ou carregue o seu personalizado. <\/li><li>Links adjacentes. <\/li><\/ul><p><a href=\"#demo\">Voc\u00ea pode explorar como o widget funciona com a ajuda da demonstra\u00e7\u00e3o<\/a><\/p> <\/div> <div class=\"application-platform-content-item- instala\u00e7\u00e3o application-platform-content-item\" id=\" instala\u00e7\u00e3o\" data-nav-section=\" instala\u00e7\u00e3o\"> <h2>Como adicionar contador de n\u00fameros ao meu site iFrame? <\/h2> <p>Simplesmente siga estas etapas abaixo para adicionar o widget. <\/p> <ol><li><b>Gerenciando nosso configurador gratuito, comece a criar seu instrumento personalizado. <\/b><br> Escolha a interface e os aspectos adequados do widget e aplique as edi\u00e7\u00f5es. <\/li> <li><b>Adquira o c\u00f3digo individual que aparece no formul\u00e1rio especial nas aplica\u00e7\u00f5es Elfsight. <\/b><br> Quando a personaliza\u00e7\u00e3o do seu plugin estiver conclu\u00edda, copie o c\u00f3digo individual da caixa exibida e salve-o para uso posterior. <\/li> <li><b>Comece a usar o plugin na p\u00e1gina inicial do iFrame. <\/b><br> Cole o c\u00f3digo que voc\u00ea salvou anteriormente em sua p\u00e1gina da web e salve as edi\u00e7\u00f5es. <\/li> <li><b>A instala\u00e7\u00e3o foi totalmente realizada. <\/b><br> Visite seu site para ver em a\u00e7\u00e3o como o widget funciona. <\/li><\/ol> <p>Caso voc\u00ea enfrente d\u00favidas ou atropele alguns obst\u00e1culos, n\u00e3o hesite em entrar em contato com nossa equipe de suporte. Nossos consultores ter\u00e3o prazer em resolver todas as dificuldades que voc\u00ea possa ter com o produto. <\/p> <div class=\"faq\" data-component=\"FAQ\"><div class=\"faq-item\">\r\n\t\t\t\t\t<div class=\"faq-item-question\">\r\n\t\t\t\t\t\t<h3 class=\"faq-item-question-text\">Existe um m\u00e9todo para adicionar o Number Counter \u00e0 minha p\u00e1gina web iFrame sem nenhuma experi\u00eancia de codifica\u00e7\u00e3o?<\/h3>\r\n\r\n\t\t\t\t\t\t<div class=\"faq-item-question-icon\"><\/div>\r\n\t\t\t\t\t<\/div>\r\n\r\n\t\t\t\t\t<div class=\"faq-item-answer\">\r\n\t\t\t\t\t\t<div class=\"faq-item-answer-text\"> <p>A Elfsight fornece uma solu\u00e7\u00e3o SaaS que permite aos propriet\u00e1rios de sites criarem voc\u00ea mesmo uma aplica\u00e7\u00e3o Number Counter , descubra como \u00e9 simples: V\u00e1 para a demonstra\u00e7\u00e3o online para criar um plugin de contador de n\u00fameros que voc\u00ea gostaria de integrar na p\u00e1gina da web do iFrame. Selecione um de nossos modelos pr\u00e9-fabricados e adapte as configura\u00e7\u00f5es do contador num\u00e9rico, altere o layout e as cores incluindo o seu conte\u00fado, sem nenhuma experi\u00eancia de codifica\u00e7\u00e3o. Clique para salvar o contador num\u00e9rico e obter seu c\u00f3digo de instala\u00e7\u00e3o, que voc\u00ea pode incorporar na p\u00e1gina do iFrame usando um plano gratuito. Com o Editor intuitivo, cada usu\u00e1rio da web pode estabelecer a se\u00e7\u00e3o Contador de N\u00fameros e incorpor\u00e1-la prontamente \u00e0 p\u00e1gina inicial do iFrame. Voc\u00ea n\u00e3o deve obter uma assinatura paga ou enviar os dados do seu cart\u00e3o para entrar em nosso Editor. Se voc\u00ea enfrentar qualquer tipo de obst\u00e1culo, sinta-se \u00e0 vontade para falar com nosso suporte t\u00e9cnico ao cliente.<\/p> <\/div>\r\n\t\t\t\t\t<\/div>\r\n\t\t\t\t<\/div> <\/div><\/div>","protected":false},"excerpt":{"rendered":"","protected":false},"author":9,"featured_media":0,"parent":1061,"menu_order":0,"comment_status":"closed","ping_status":"closed","template":"templates\/template-application-platform.php","meta":{"publish_to_discourse":"","publish_post_category":"","wpdc_auto_publish_overridden":"","wpdc_topic_tags":"","wpdc_pin_topic":"","wpdc_pin_until":"","discourse_post_id":"","discourse_permalink":"","wpdc_publishing_response":"","wpdc_publishing_error":"","footnotes":""},"class_list":["post-4228","page","type-page","status-publish","hentry"],"yoast_head":"<!-- This site is optimized with the Yoast SEO plugin v25.3.1 - https:\/\/yoast.com\/wordpress\/plugins\/seo\/ -->\n<title>Contador de n\u00fameros \u2014 Adicionar widget de contador ao site iFrame<\/title>\n<meta name=\"description\" content=\"Use um contador num\u00e9rico em seu site iFrame, fazendo uso de nossa demonstra\u00e7\u00e3o ao vivo. Construa seu widget exclusivo com apenas alguns cliques!\" \/>\n<meta name=\"robots\" content=\"index, follow, max-snippet:-1, max-image-preview:large, max-video-preview:-1\" \/>\n<link rel=\"canonical\" href=\"https:\/\/elfsight.com\/pt\/number-counter-widget\/iframe\/\" \/>\n<meta property=\"og:locale\" content=\"pt_PT\" \/>\n<meta property=\"og:type\" content=\"article\" \/>\n<meta property=\"og:title\" content=\"Contador de n\u00fameros \u2014 Adicionar widget de contador ao site iFrame\" \/>\n<meta property=\"og:description\" content=\"Use um contador num\u00e9rico em seu site iFrame, fazendo uso de nossa demonstra\u00e7\u00e3o ao vivo. Construa seu widget exclusivo com apenas alguns cliques!\" \/>\n<meta property=\"og:url\" content=\"https:\/\/elfsight.com\/pt\/number-counter-widget\/iframe\/\" \/>\n<meta property=\"og:site_name\" content=\"Elfsight PT\" \/>\n<meta property=\"article:modified_time\" content=\"2024-11-13T11:27:44+00:00\" \/>\n<meta name=\"twitter:card\" content=\"summary_large_image\" \/>\n<meta name=\"twitter:label1\" content=\"Tempo estimado de leitura\" \/>\n\t<meta name=\"twitter:data1\" content=\"2 minutos\" \/>\n<!-- \/ Yoast SEO plugin. -->","yoast_head_json":{"title":"Contador de n\u00fameros \u2014 Adicionar widget de contador ao site iFrame","description":"Use um contador num\u00e9rico em seu site iFrame, fazendo uso de nossa demonstra\u00e7\u00e3o ao vivo. Construa seu widget exclusivo com apenas alguns cliques!","robots":{"index":"index","follow":"follow","max-snippet":"max-snippet:-1","max-image-preview":"max-image-preview:large","max-video-preview":"max-video-preview:-1"},"canonical":"https:\/\/elfsight.com\/pt\/number-counter-widget\/iframe\/","og_locale":"pt_PT","og_type":"article","og_title":"Contador de n\u00fameros \u2014 Adicionar widget de contador ao site iFrame","og_description":"Use um contador num\u00e9rico em seu site iFrame, fazendo uso de nossa demonstra\u00e7\u00e3o ao vivo. Construa seu widget exclusivo com apenas alguns cliques!","og_url":"https:\/\/elfsight.com\/pt\/number-counter-widget\/iframe\/","og_site_name":"Elfsight PT","article_modified_time":"2024-11-13T11:27:44+00:00","twitter_card":"summary_large_image","twitter_misc":{"Tempo estimado de leitura":"2 minutos"},"schema":{"@context":"https:\/\/schema.org","@graph":[{"@type":"WebPage","@id":"https:\/\/elfsight.com\/pt\/number-counter-widget\/iframe\/","url":"https:\/\/elfsight.com\/pt\/number-counter-widget\/iframe\/","name":"Contador de n\u00fameros \u2014 Adicionar widget de contador ao site iFrame","isPartOf":{"@id":"https:\/\/elfsight.com\/pt\/#website"},"datePublished":"2024-05-03T06:41:25+00:00","dateModified":"2024-11-13T11:27:44+00:00","description":"Use um contador num\u00e9rico em seu site iFrame, fazendo uso de nossa demonstra\u00e7\u00e3o ao vivo. Construa seu widget exclusivo com apenas alguns cliques!","breadcrumb":{"@id":"https:\/\/elfsight.com\/pt\/number-counter-widget\/iframe\/#breadcrumb"},"inLanguage":"pt-PT","potentialAction":[{"@type":"ReadAction","target":["https:\/\/elfsight.com\/pt\/number-counter-widget\/iframe\/"]}]},{"@type":"BreadcrumbList","@id":"https:\/\/elfsight.com\/pt\/number-counter-widget\/iframe\/#breadcrumb","itemListElement":[{"@type":"ListItem","position":1,"name":"Home","item":"https:\/\/elfsight.com\/pt\/"},{"@type":"ListItem","position":2,"name":"Number Counter","item":"https:\/\/elfsight.com\/pt\/number-counter-widget\/"},{"@type":"ListItem","position":3,"name":"Number Counter &#8211; iFrame"}]},{"@type":"WebSite","@id":"https:\/\/elfsight.com\/pt\/#website","url":"https:\/\/elfsight.com\/pt\/","name":"Elfsight PT","description":"Just another Elfsight Sites site","potentialAction":[{"@type":"SearchAction","target":{"@type":"EntryPoint","urlTemplate":"https:\/\/elfsight.com\/pt\/?s={search_term_string}"},"query-input":{"@type":"PropertyValueSpecification","valueRequired":true,"valueName":"search_term_string"}}],"inLanguage":"pt-PT"}]}},"meta_box":{"industry":"","seo_heading":"","heading":"","description":"","cta_heading":"","cta_description":"","application":"1060","h1":"Widget contador de n\u00fameros iFrame","h1_caption":"Revele suas estat\u00edsticas extraordin\u00e1rias ao seu p\u00fablico e obtenha clientes mais fi\u00e9is","application_category":[],"applications_title":"","applications_request_title":"","applications_request_button_text":"","hero_text":"","hero_video":"","hero_video_schema_markup":"","selling_points_title":"","selling_points_caption":"","selling_points":[],"selling_points_cta_text":"","features_title":"","features":"","ed_cta_examples_text":"","ed_cta_examples_hidden":"","ed_cta_demo_text":"","ed_cta_demo_hidden":"","why_caption":"","why_editor_title":"","why_editor_text":"","why_team_title":"","why_team_text":"","why_service_title":"","why_service_text":"","template_catalog_visible":"","template_catalog_title":"","template_catalog_text":"","template_catalog_categories_visible":"","demo_title":"Crie seu widget de contador num\u00e9rico","demo_caption":"Configure seu contador num\u00e9rico e adicione-o ao seu site iFrame gratuitamente!","default_faq_hidden":"","app_template_category":[],"platform":"4911","template_public_id":"","codecanyon_url":"","codecanyon_item_id":"","codecanyon_price":"","pricing_caption":"","pricing_elfsight_apps_hide_column":"","pricing_elfsight_apps_url":"","pricing_codecanyon_price_caption":"","integration_category":[],"integration_request_title":"","integration_request_cta":"","integration_platform":"","integrations":[],"platform_category":[],"video_schema_markup":"","price":"a partir de US$ 0\/m\u00eas","trial":"","benefits":[{"text":"Servi\u00e7o de instala\u00e7\u00e3o gratuito"},{"text":"Suporte excepcional"},{"text":"Garantia de reembolso de 14 dias"},{"text":"Desenvolvimento cont\u00ednuo"}],"button_url":"#demo","button_target_blank":"0","button_nofollow":"0","attributes":[{"name":"Instala\u00e7\u00f5es","content":"10,000 - 100,000","_state":"expanded"},{"name":"Responsivo","content":"Sim","_state":"expanded"},{"name":"Navegadores compat\u00edveis","content":"Firefox, Safari, Opera, Chrome, Edge"}],"tags":[],"tags_disable_links":"0","hide_more_platforms":"","video_object":"","demo_hide_cta":"0","demo_hide_cloud_options":"0","pricing_title":"","pricing":[{"pricing_icon":"platform","pricing_title":"Elfsight Apps","pricing_title_caption":"Vers\u00e3o multiplataforma que funciona em qualquer site","pricing_price":"a partir de US$ 0\/m\u00eas","pricing_price_caption":"comece com plano gratuito","pricing_benefits":[{"text":"Dom\u00ednios ilimitados"},{"text":"Suporte premium e pontual"},{"text":"Suporte premium e pontual"},{"text":"\u00d3timo neg\u00f3cio para v\u00e1rios aplicativos"}],"pricing_button_text":"Adicionar ao site","pricing_button_url":"#demo","_state":"expanded"}],"related_apps_title":"","related_apps_hidden":"1","author":"","image":[],"title":"","job":"","social_networks":[]},"_links":{"self":[{"href":"https:\/\/elfsight.com\/pt\/wp-json\/wp\/v2\/pages\/4228","targetHints":{"allow":["GET"]}}],"collection":[{"href":"https:\/\/elfsight.com\/pt\/wp-json\/wp\/v2\/pages"}],"about":[{"href":"https:\/\/elfsight.com\/pt\/wp-json\/wp\/v2\/types\/page"}],"author":[{"embeddable":true,"href":"https:\/\/elfsight.com\/pt\/wp-json\/wp\/v2\/users\/9"}],"replies":[{"embeddable":true,"href":"https:\/\/elfsight.com\/pt\/wp-json\/wp\/v2\/comments?post=4228"}],"version-history":[{"count":2,"href":"https:\/\/elfsight.com\/pt\/wp-json\/wp\/v2\/pages\/4228\/revisions"}],"predecessor-version":[{"id":12005,"href":"https:\/\/elfsight.com\/pt\/wp-json\/wp\/v2\/pages\/4228\/revisions\/12005"}],"up":[{"embeddable":true,"href":"https:\/\/elfsight.com\/pt\/wp-json\/wp\/v2\/pages\/1061"}],"wp:attachment":[{"href":"https:\/\/elfsight.com\/pt\/wp-json\/wp\/v2\/media?parent=4228"}],"curies":[{"name":"wp","href":"https:\/\/api.w.org\/{rel}","templated":true}]}}