{"id":4226,"date":"2024-05-03T06:39:02","date_gmt":"2024-05-03T06:39:02","guid":{"rendered":"https:\/\/elfsight.com\/pt\/?page_id=4226"},"modified":"2025-01-21T09:03:07","modified_gmt":"2025-01-21T09:03:07","slug":"facebook","status":"publish","type":"page","link":"https:\/\/elfsight.com\/pt\/google-reviews-widget\/facebook\/","title":{"rendered":"Google Reviews &#8211; Facebook Page"},"content":{"rendered":"\n<div class=\"application-platform-content-item-description application-platform-content-item\" id=\"description\" data-nav-section=\"description\"><h2>Incorpore coment\u00e1rios do Google com o widget Elfsight<\/h2><p>O Elfsight Google Reviews \u00e9 uma ferramenta descomplicada, que ajuda voc\u00ea a inserir coment\u00e1rios sobre seus ofertas do Google. Usando este widget, voc\u00ea pode aplicar filtros para ocultar coment\u00e1rios indesejados, revelar suas avalia\u00e7\u00f5es com estrelas e n\u00fameros do Google, revelar informa\u00e7\u00f5es sobre os autores e colocar um bot\u00e3o que ajudar\u00e1 os visitantes a postar mais um coment\u00e1rio no Google. O widget Elfsight Reviews ir\u00e1 ajud\u00e1-lo a demonstrar sua alta prova social na p\u00e1gina e aumentar as vendas. <\/p><p><b>Mostre as melhores avalia\u00e7\u00f5es do Google e aumente as vendas.<\/b><\/p><div class=\"faq\" data-component=\"FAQ\"> <div class=\"faq-item\">\r\n\t\t\t\t\t<div class=\"faq-item-question\">\r\n\t\t\t\t\t\t<h3 class=\"faq-item-question-text\">Como adicionar uma guia personalizada a uma p\u00e1gina do Facebook<\/h3>\r\n\r\n\t\t\t\t\t\t<div class=\"faq-item-question-icon\"><\/div>\r\n\t\t\t\t\t<\/div>\r\n\r\n\t\t\t\t\t<div class=\"faq-item-answer\">\r\n\t\t\t\t\t\t<div class=\"faq-item-answer-text\"> <p>Voc\u00ea pode ler como vincular o Google Reviews a uma p\u00e1gina do Facebook em nosso <a href=\"https:\/\/elfsight.com\/blog\/how-to-add-custom-tab-to-facebook-page\/\" target=\" _blank\" rel=\"noopener noreferrer\">guia completo<\/a>.<\/p> <\/div>\r\n\t\t\t\t\t<\/div>\r\n\t\t\t\t<\/div> <div class=\"faq-item\">\r\n\t\t\t\t\t<div class=\"faq-item-question\">\r\n\t\t\t\t\t\t<h3 class=\"faq-item-question-text\">Como meu site pode se beneficiar do widget?<\/h3>\r\n\r\n\t\t\t\t\t\t<div class=\"faq-item-question-icon\"><\/div>\r\n\t\t\t\t\t<\/div>\r\n\r\n\t\t\t\t\t<div class=\"faq-item-answer\">\r\n\t\t\t\t\t\t<div class=\"faq-item-answer-text\"> <p>As avalia\u00e7\u00f5es do Google s\u00e3o eficazes e pr\u00e1ticos por si mesmos. Ao incorporar o Google Reviews no Facebook, voc\u00ea pode aumentar imediatamente as convers\u00f5es em compras. Al\u00e9m disso, esse elemento interativo aumenta o tempo que os usu\u00e1rios passam nas p\u00e1ginas da web. Finalmente, o Google depende de conte\u00fado valioso e, se voc\u00ea receber as melhores avalia\u00e7\u00f5es, o Google pressup\u00f5e que seu site seja confi\u00e1vel e ben\u00e9fico. Portanto, o site aparece no topo do SERP.<\/p> <\/div>\r\n\t\t\t\t\t<\/div>\r\n\t\t\t\t<\/div> <div class=\"faq-item\">\r\n\t\t\t\t\t<div class=\"faq-item-question\">\r\n\t\t\t\t\t\t<h3 class=\"faq-item-question-text\">Posso testar o widget Facebook Google Reviews?<\/h3>\r\n\r\n\t\t\t\t\t\t<div class=\"faq-item-question-icon\"><\/div>\r\n\t\t\t\t\t<\/div>\r\n\r\n\t\t\t\t\t<div class=\"faq-item-answer\">\r\n\t\t\t\t\t\t<div class=\"faq-item-answer-text\"> <p>Voc\u00ea pode testar todos os recursos e configura\u00e7\u00f5es do widget em um site online gratuito <a href=\"#demo\">demonstra\u00e7\u00e3o<\/a>. Voc\u00ea nem precisa se registrar em nosso servi\u00e7o.<\/p> <\/div>\r\n\t\t\t\t\t<\/div>\r\n\t\t\t\t<\/div> <div class=\"faq-item\">\r\n\t\t\t\t\t<div class=\"faq-item-question\">\r\n\t\t\t\t\t\t<h3 class=\"faq-item-question-text\">Como adicionar o Google Reviews ao site da minha p\u00e1gina do Facebook sem habilidades de codifica\u00e7\u00e3o?<\/h3>\r\n\r\n\t\t\t\t\t\t<div class=\"faq-item-question-icon\"><\/div>\r\n\t\t\t\t\t<\/div>\r\n\r\n\t\t\t\t\t<div class=\"faq-item-answer\">\r\n\t\t\t\t\t\t<div class=\"faq-item-answer-text\"> <p>A Elfsight fornece uma solu\u00e7\u00e3o SaaS que permite que voc\u00ea mesmo crie um widget de Avalia\u00e7\u00f5es do Google, veja como o processo \u00e9 f\u00e1cil: Trabalhe diretamente no Editor on-line para criar um widget de Avalia\u00e7\u00f5es do Google que voc\u00ea gostaria de ver no site da sua p\u00e1gina do Facebook. Escolha um dos modelos predefinidos e ajuste as configura\u00e7\u00f5es do Google Reviews, adicione seu conte\u00fado, altere o layout e o esquema de cores sem nenhuma habilidade de codifica\u00e7\u00e3o. Salve o Google Reviews e copie seu c\u00f3digo de instala\u00e7\u00e3o, que voc\u00ea pode adicionar no site da sua p\u00e1gina do Facebook sem a necessidade de comprar uma vers\u00e3o paga. Com nosso editor intuitivo, qualquer usu\u00e1rio da Internet pode criar um widget de avalia\u00e7\u00f5es do Google on-line e incorpor\u00e1-lo facilmente ao site de sua p\u00e1gina do Facebook. N\u00e3o h\u00e1 necessidade de pagar ou inserir as credenciais do seu cart\u00e3o para acessar o servi\u00e7o. Se voc\u00ea enfrentar qualquer problema em qualquer etapa, n\u00e3o hesite em entrar em contato com nossa equipe de suporte t\u00e9cnico.<\/p> <\/div>\r\n\t\t\t\t\t<\/div>\r\n\t\t\t\t<\/div> <\/div> <\/div> <div class=\"application-platform-content-item-features application-platform-content-item\" id=\"features\" data-nav-section=\"features\"><h2>Principais recursos do Widget de avalia\u00e7\u00f5es do Google<\/h2><p>Verifique todas as caracter\u00edsticas funcionais do widget. Voc\u00ea pode gerenci\u00e1-los diretamente no editor e eles o ajudar\u00e3o a moldar o widget mais adequado ao seu caso. <\/p><ul><li>Tr\u00eas tipos de filtros: por tipo, exclus\u00e3o por e quantidade de avalia\u00e7\u00f5es a serem exibidas; <\/li><li>4 layouts dispon\u00edveis: Lista, Grade, Alvenaria e Slider; <\/li><li>Uma oportunidade para ativar\/desativar o cabe\u00e7alho do widget; <\/li><li>O bot\u00e3o para solicitar uma revis\u00e3o leva os usu\u00e1rios \u00e0 sua p\u00e1gina do Google; <\/li><li>6 elementos flex\u00edveis da interface: nome do autor e foto, recomenda\u00e7\u00e3o, data da postagem, \u00edcone do Google e classifica\u00e7\u00e3o por estrelas; <\/li><li>Dois cen\u00e1rios poss\u00edveis de nega\u00e7\u00e3o da solicita\u00e7\u00e3o de revis\u00e3o: revelar sua mensagem ou ocultar o bot\u00e3o. <\/li><\/ul><p><a href=\"#demo\">Verifique todas as outras fun\u00e7\u00f5es na demonstra\u00e7\u00e3o<\/a><\/p><\/div><div class=\"application-platform-content-item-installation application-platform-content-item\" id=\"installation\" data-nav-section=\"installation\"><h2> Como compartilhar coment\u00e1rios do Google na p\u00e1gina do Facebook<\/h2><p>Para ativar o widget, execute v\u00e1rias etapas r\u00e1pidas<\/p><ul><li><b>Gere seu widget personalizado do Google<\/b><br>Em nosso editor gratuito, configure um plugin com layout e funcionalidade personalizados. <\/li><li><b>Copie o c\u00f3digo pessoal para publicar o widget<\/b><br>Depois de personalizar o seu widget, voc\u00ea obter\u00e1 um c\u00f3digo exclusivo na janela exibida nos aplicativos Elfsight. Copie esse c\u00f3digo. <\/li><li><b>Adicione os coment\u00e1rios \u00e0 p\u00e1gina do Facebook<\/b><br> Crie sua guia personalizada do Facebook. Insira o c\u00f3digo que voc\u00ea recebeu nos aplicativos da elfsight na guia.<\/li><li><b>A instala\u00e7\u00e3o foi conclu\u00edda<\/b><br>Visite sua p\u00e1gina para ver seu plugin. <\/li><\/ul><p>N\u00e3o hesite em entrar em contato com nossa equipe de suporte caso tenha alguma d\u00favida sobre o compartilhamento do Google Reviews no Facebook. Teremos o maior prazer em ajudar com todas as solicita\u00e7\u00f5es. <\/p><\/div>\n","protected":false},"excerpt":{"rendered":"","protected":false},"author":9,"featured_media":0,"parent":443,"menu_order":0,"comment_status":"closed","ping_status":"closed","template":"templates\/template-application-platform.php","meta":{"publish_to_discourse":"","publish_post_category":"","wpdc_auto_publish_overridden":"","wpdc_topic_tags":"","wpdc_pin_topic":"","wpdc_pin_until":"","discourse_post_id":"","discourse_permalink":"","wpdc_publishing_response":"","wpdc_publishing_error":"","footnotes":""},"class_list":["post-4226","page","type-page","status-publish","hentry"],"yoast_head":"<!-- This site is optimized with the Yoast SEO plugin v25.3.1 - https:\/\/yoast.com\/wordpress\/plugins\/seo\/ -->\n<title>Incorpore coment\u00e1rios do Google em uma p\u00e1gina do Facebook - adicione coment\u00e1rios em 2 minutos!<\/title>\n<meta name=\"description\" content=\"\u00c9 f\u00e1cil criar sua guia Google Reviews e adicion\u00e1-la \u00e0 sua p\u00e1gina comercial do Facebook. O atendimento ao cliente da Elfsight \u00e9 gratuito e r\u00e1pido.\" \/>\n<meta name=\"robots\" content=\"index, follow, max-snippet:-1, max-image-preview:large, max-video-preview:-1\" \/>\n<link rel=\"canonical\" href=\"https:\/\/elfsight.com\/pt\/google-reviews-widget\/facebook\/\" \/>\n<meta property=\"og:locale\" content=\"pt_PT\" \/>\n<meta property=\"og:type\" content=\"article\" \/>\n<meta property=\"og:title\" content=\"Incorpore coment\u00e1rios do Google em uma p\u00e1gina do Facebook - adicione coment\u00e1rios em 2 minutos!\" \/>\n<meta property=\"og:description\" content=\"\u00c9 f\u00e1cil criar sua guia Google Reviews e adicion\u00e1-la \u00e0 sua p\u00e1gina comercial do Facebook. O atendimento ao cliente da Elfsight \u00e9 gratuito e r\u00e1pido.\" \/>\n<meta property=\"og:url\" content=\"https:\/\/elfsight.com\/pt\/google-reviews-widget\/facebook\/\" \/>\n<meta property=\"og:site_name\" content=\"Elfsight PT\" \/>\n<meta property=\"article:modified_time\" content=\"2025-01-21T09:03:07+00:00\" \/>\n<meta name=\"twitter:card\" content=\"summary_large_image\" \/>\n<meta name=\"twitter:label1\" content=\"Tempo estimado de leitura\" \/>\n\t<meta name=\"twitter:data1\" content=\"4 minutos\" \/>\n<!-- \/ Yoast SEO plugin. -->","yoast_head_json":{"title":"Incorpore coment\u00e1rios do Google em uma p\u00e1gina do Facebook - adicione coment\u00e1rios em 2 minutos!","description":"\u00c9 f\u00e1cil criar sua guia Google Reviews e adicion\u00e1-la \u00e0 sua p\u00e1gina comercial do Facebook. O atendimento ao cliente da Elfsight \u00e9 gratuito e r\u00e1pido.","robots":{"index":"index","follow":"follow","max-snippet":"max-snippet:-1","max-image-preview":"max-image-preview:large","max-video-preview":"max-video-preview:-1"},"canonical":"https:\/\/elfsight.com\/pt\/google-reviews-widget\/facebook\/","og_locale":"pt_PT","og_type":"article","og_title":"Incorpore coment\u00e1rios do Google em uma p\u00e1gina do Facebook - adicione coment\u00e1rios em 2 minutos!","og_description":"\u00c9 f\u00e1cil criar sua guia Google Reviews e adicion\u00e1-la \u00e0 sua p\u00e1gina comercial do Facebook. O atendimento ao cliente da Elfsight \u00e9 gratuito e r\u00e1pido.","og_url":"https:\/\/elfsight.com\/pt\/google-reviews-widget\/facebook\/","og_site_name":"Elfsight PT","article_modified_time":"2025-01-21T09:03:07+00:00","twitter_card":"summary_large_image","twitter_misc":{"Tempo estimado de leitura":"4 minutos"},"schema":{"@context":"https:\/\/schema.org","@graph":[{"@type":"WebPage","@id":"https:\/\/elfsight.com\/pt\/google-reviews-widget\/facebook\/","url":"https:\/\/elfsight.com\/pt\/google-reviews-widget\/facebook\/","name":"Incorpore coment\u00e1rios do Google em uma p\u00e1gina do Facebook - adicione coment\u00e1rios em 2 minutos!","isPartOf":{"@id":"https:\/\/elfsight.com\/pt\/#website"},"datePublished":"2024-05-03T06:39:02+00:00","dateModified":"2025-01-21T09:03:07+00:00","description":"\u00c9 f\u00e1cil criar sua guia Google Reviews e adicion\u00e1-la \u00e0 sua p\u00e1gina comercial do Facebook. O atendimento ao cliente da Elfsight \u00e9 gratuito e r\u00e1pido.","breadcrumb":{"@id":"https:\/\/elfsight.com\/pt\/google-reviews-widget\/facebook\/#breadcrumb"},"inLanguage":"pt-PT","potentialAction":[{"@type":"ReadAction","target":["https:\/\/elfsight.com\/pt\/google-reviews-widget\/facebook\/"]}]},{"@type":"BreadcrumbList","@id":"https:\/\/elfsight.com\/pt\/google-reviews-widget\/facebook\/#breadcrumb","itemListElement":[{"@type":"ListItem","position":1,"name":"Home","item":"https:\/\/elfsight.com\/pt\/"},{"@type":"ListItem","position":2,"name":"Google Reviews","item":"https:\/\/elfsight.com\/pt\/google-reviews-widget\/"},{"@type":"ListItem","position":3,"name":"Google Reviews &#8211; Facebook Page"}]},{"@type":"WebSite","@id":"https:\/\/elfsight.com\/pt\/#website","url":"https:\/\/elfsight.com\/pt\/","name":"Elfsight PT","description":"Just another Elfsight Sites site","potentialAction":[{"@type":"SearchAction","target":{"@type":"EntryPoint","urlTemplate":"https:\/\/elfsight.com\/pt\/?s={search_term_string}"},"query-input":{"@type":"PropertyValueSpecification","valueRequired":true,"valueName":"search_term_string"}}],"inLanguage":"pt-PT"}]}},"meta_box":{"industry":"","seo_heading":"","heading":"","description":"","cta_heading":"","cta_description":"","application":"442","h1":"Avalia\u00e7\u00f5es do Google para p\u00e1gina comercial do Facebook","h1_caption":"Insira as melhores avalia\u00e7\u00f5es de clientes do Google em sua p\u00e1gina do Facebook","application_category":[],"applications_title":"","applications_request_title":"","applications_request_button_text":"","hero_text":"","hero_video":"","hero_video_schema_markup":"","selling_points_title":"","selling_points_caption":"","selling_points":[],"selling_points_cta_text":"","features_title":"","features":"","ed_cta_examples_text":"","ed_cta_examples_hidden":"","ed_cta_demo_text":"","ed_cta_demo_hidden":"","why_caption":"","why_editor_title":"","why_editor_text":"","why_team_title":"","why_team_text":"","why_service_title":"","why_service_text":"","template_catalog_visible":"0","template_catalog_title":"","template_catalog_text":"","template_catalog_categories_visible":"","demo_title":"Crie seu widget de coment\u00e1rios do Google","demo_caption":"Configure suas avalia\u00e7\u00f5es do Google e adicione-as ao site da sua p\u00e1gina do Facebook gratuitamente!","default_faq_hidden":"","app_template_category":[],"platform":"103","template_public_id":"","codecanyon_url":"","codecanyon_item_id":"","codecanyon_price":"","pricing_caption":"","pricing_elfsight_apps_hide_column":"","pricing_elfsight_apps_url":"","pricing_codecanyon_price_caption":"","integration_category":[],"integration_request_title":"","integration_request_cta":"","integration_platform":"","integrations":[],"platform_category":[],"video_schema_markup":"","price":"a partir de US$ 0\/m\u00eas","trial":"","benefits":[{"text":"Ajuda de instala\u00e7\u00e3o gratuita"},{"text":"Suporte premium"},{"text":"Garantia de devolu\u00e7\u00e3o do dinheiro em 14 dias"},{"text":"Futuras atualiza\u00e7\u00f5es gratuitas"}],"button_url":"#demo","button_target_blank":"0","button_nofollow":"0","attributes":[{"name":"Instala\u00e7\u00f5es","content":"100,000 - 500,000","_state":"expanded"},{"name":"Capacidade de resposta","content":"Melhor para celular","_state":"expanded"},{"name":"Navegadores compat\u00edveis","content":"Firefox, Edge, Chrome, Opera, Safari"}],"tags":[],"tags_disable_links":"0","hide_more_platforms":"","video_object":"","demo_hide_cta":"0","demo_hide_cloud_options":"0","pricing_title":"","pricing":[{"pricing_icon":"platform","pricing_title":"Elfsight Apps","pricing_title_caption":"Solu\u00e7\u00e3o digital multiplataforma que funciona em qualquer site","pricing_price":"a partir de US$ 0\/m\u00eas","pricing_price_caption":"comece com plano gratuito","pricing_benefits":[{"text":"Dom\u00ednios ilimitados"},{"text":"Suporte profissional ao cliente"},{"text":"Suporte profissional ao cliente"},{"text":"100% personaliz\u00e1vel"}],"pricing_button_text":"Adicionar ao site","pricing_button_url":"#demo","_state":"expanded"}],"related_apps_title":"","related_apps_hidden":"1","author":"","image":[],"title":"","job":"","social_networks":[]},"_links":{"self":[{"href":"https:\/\/elfsight.com\/pt\/wp-json\/wp\/v2\/pages\/4226","targetHints":{"allow":["GET"]}}],"collection":[{"href":"https:\/\/elfsight.com\/pt\/wp-json\/wp\/v2\/pages"}],"about":[{"href":"https:\/\/elfsight.com\/pt\/wp-json\/wp\/v2\/types\/page"}],"author":[{"embeddable":true,"href":"https:\/\/elfsight.com\/pt\/wp-json\/wp\/v2\/users\/9"}],"replies":[{"embeddable":true,"href":"https:\/\/elfsight.com\/pt\/wp-json\/wp\/v2\/comments?post=4226"}],"version-history":[{"count":3,"href":"https:\/\/elfsight.com\/pt\/wp-json\/wp\/v2\/pages\/4226\/revisions"}],"predecessor-version":[{"id":13602,"href":"https:\/\/elfsight.com\/pt\/wp-json\/wp\/v2\/pages\/4226\/revisions\/13602"}],"up":[{"embeddable":true,"href":"https:\/\/elfsight.com\/pt\/wp-json\/wp\/v2\/pages\/443"}],"wp:attachment":[{"href":"https:\/\/elfsight.com\/pt\/wp-json\/wp\/v2\/media?parent=4226"}],"curies":[{"name":"wp","href":"https:\/\/api.w.org\/{rel}","templated":true}]}}