{"id":4224,"date":"2024-05-03T06:41:03","date_gmt":"2024-05-03T06:41:03","guid":{"rendered":"https:\/\/elfsight.com\/pt\/?page_id=4224"},"modified":"2024-11-13T11:44:52","modified_gmt":"2024-11-13T11:44:52","slug":"html","status":"publish","type":"page","link":"https:\/\/elfsight.com\/pt\/logo-showcase-widget\/html\/","title":{"rendered":"Logo Showcase &#8211; HTML"},"content":{"rendered":"<div class=\"application-platform-content-item-description application-platform-content-item\" id=\"description\" data-nav-section=\"description\"><h2>Descri\u00e7\u00e3o<\/h2> <p>Elfsight Logo Showcase \u00e9 a t\u00e9cnica mais f\u00e1cil de exibir logotipos de clientes ou promotores ou men\u00e7\u00f5es \u00e0 imprensa em o site. Com a ajuda do nosso widget, voc\u00ea acumula a ideia de que sua empresa \u00e9 uma companheira de confian\u00e7a. O widget Elfsight permite exibir v\u00e1rios logotipos, organiz\u00e1-los em um controle deslizante ou grade e alterar o tamanho dos logotipos. Voc\u00ea pode adicionar uma legenda e um link para o site das empresas. Usando op\u00e7\u00f5es de cores e fontes, voc\u00ea obter\u00e1 uma interface \u00fanica. <\/p><p><b>Aumente a credibilidade da sua empresa.<\/b><\/p><\/div> <div class=\"application-platform-content-item-features application-platform-content-item\" id=\"features\" data-nav-section=\"features\"><h2>Recursos<\/h2> <p>Aqui voc\u00ea pode veja todas as fun\u00e7\u00f5es do Logo Showcase. Voc\u00ea pode ajust\u00e1-los diretamente no editor e eles o ajudar\u00e3o a construir o widget exatamente para o seu caso de uso. <\/p><ul><li>A op\u00e7\u00e3o de conectar cada logotipo a qualquer p\u00e1gina da web; <\/li><li>O cabe\u00e7alho do widget altern\u00e1vel possui t\u00edtulo e texto com op\u00e7\u00f5es de formata\u00e7\u00e3o; <\/li><li>O bot\u00e3o CTA pode ser conectado a qualquer endere\u00e7o; <\/li><li>3 layouts balanceados: Slider, Grid e Carousel; <\/li><li>A op\u00e7\u00e3o de ajustar o tamanho do logotipo e a largura do widget; <\/li><li>Uma op\u00e7\u00e3o para escolher qualquer cor de fundo ou usar uma imagem personalizada. <\/li><\/ul><p><a href=\"#demo\">Experimente todas as outras fun\u00e7\u00f5es da demonstra\u00e7\u00e3o<\/a><\/p><\/div> <div class=\"application-platform-content-item-installation application-platform-content-item\" id=\"installation\" data-nav-section=\"installation\"><h2> Como posso adicionar o Logo Showcase ao meu site HTML?<\/h2><div class=\"video-container\"><iframe width=\"720\" height=\"315\" src=\"https:\/\/www.youtube.com\/embed\/E1jyqC8U4kc\" frameborder=\"0\" allowfullscreen=\"\"><\/iframe><\/div><p>Para apresentar o widget, basta seguir as instru\u00e7\u00f5es abaixo<\/p><ul><li><b>Crie seu widget personalizado Widget de logotipo<\/b><br>Gerenciando nosso editor gratuito, gere um plugin com interface personalizada e caracter\u00edsticas funcionais.<\/li> <li><b>Obtenha o c\u00f3digo individual para adicionar o plugin ao site<\/b> <br>Depois de configurar o seu widget, voc\u00ea adquirir\u00e1 o c\u00f3digo individual da notifica\u00e7\u00e3o que aparece nos aplicativos Elfsight. Copie. <\/li> <li><b>Publique o c\u00f3digo em seu site HTML<\/b><br>Escolha o local onde deseja adicionar o plugin e insira o c\u00f3digo copiado l\u00e1. Publique as edi\u00e7\u00f5es. <\/li> <li><b>A configura\u00e7\u00e3o foi conclu\u00edda<\/b><br>Visite a p\u00e1gina da web para ver seu plugin. <\/li><\/ul><p>N\u00e3o hesite em entrar em contato com nosso atendimento ao cliente quando precisar de aconselhamento ou tiver problemas. Teremos o maior prazer em ajudar com todas as solicita\u00e7\u00f5es. <\/p><div class=\"faq\" data-component=\"FAQ\"><div class=\"faq-item\">\r\n\t\t\t\t\t<div class=\"faq-item-question\">\r\n\t\t\t\t\t\t<h3 class=\"faq-item-question-text\">Existe um m\u00e9todo para adicionar o Logo Showcase \u00e0 minha p\u00e1gina inicial HTML sem nenhuma experi\u00eancia de codifica\u00e7\u00e3o?<\/h3>\r\n\r\n\t\t\t\t\t\t<div class=\"faq-item-question-icon\"><\/div>\r\n\t\t\t\t\t<\/div>\r\n\r\n\t\t\t\t\t<div class=\"faq-item-answer\">\r\n\t\t\t\t\t\t<div class=\"faq-item-answer-text\"> <p>A empresa Elfsight oferece uma solu\u00e7\u00e3o que lhe permite criar voc\u00ea mesmo um widget Logo Showcase, consulte qu\u00e3o f\u00e1cil \u00e9 o processo: trabalhe diretamente na demonstra\u00e7\u00e3o online para estabelecer um widget Logo Showcase que voc\u00ea gostaria que aparecesse no site HTML. Escolha um dos diversos modelos prontos e adapte as configura\u00e7\u00f5es do Logo Showcase, atualize seu conte\u00fado, transforme o layout e as cores sem nenhum conhecimento de codifica\u00e7\u00e3o. Clique para salvar as configura\u00e7\u00f5es feitas no Logo Showcase e obter o c\u00f3digo de instala\u00e7\u00e3o do plugin, que pode ser facilmente incorporado em qualquer p\u00e1gina inicial HTML, sem a necessidade de adquirir um plano pago. Com nosso editor f\u00e1cil de usar, qualquer usu\u00e1rio da Internet pode criar um widget Logo Showcase e inclu\u00ed-lo facilmente em qualquer p\u00e1gina inicial HTML. Voc\u00ea n\u00e3o deve adquirir um plano pago ou enviar as credenciais do seu cart\u00e3o para acessar o Editor. Se voc\u00ea enfrentar algum obst\u00e1culo em qualquer etapa, sinta-se \u00e0 vontade para entrar em contato com nosso suporte t\u00e9cnico ao cliente.<\/p> <\/div>\r\n\t\t\t\t\t<\/div>\r\n\t\t\t\t<\/div> <\/div><\/div>","protected":false},"excerpt":{"rendered":"","protected":false},"author":9,"featured_media":0,"parent":983,"menu_order":0,"comment_status":"closed","ping_status":"closed","template":"templates\/template-application-platform.php","meta":{"publish_to_discourse":"","publish_post_category":"","wpdc_auto_publish_overridden":"","wpdc_topic_tags":"","wpdc_pin_topic":"","wpdc_pin_until":"","discourse_post_id":"","discourse_permalink":"","wpdc_publishing_response":"","wpdc_publishing_error":"","footnotes":""},"class_list":["post-4224","page","type-page","status-publish","hentry"],"yoast_head":"<!-- This site is optimized with the Yoast SEO plugin v25.3.1 - https:\/\/yoast.com\/wordpress\/plugins\/seo\/ -->\n<title>Logo Showcase - Adicionar widget de carrossel de logotipo ao site HTML (2025)<\/title>\n<meta name=\"description\" content=\"\u00c9 perfeitamente simples criar seu widget Logo Showcase e adicion\u00e1-lo ao seu site HTML. O atendimento ao cliente da Elfsight \u00e9 gratuito e r\u00e1pido.\" \/>\n<meta name=\"robots\" content=\"index, follow, max-snippet:-1, max-image-preview:large, max-video-preview:-1\" \/>\n<link rel=\"canonical\" href=\"https:\/\/elfsight.com\/pt\/logo-showcase-widget\/html\/\" \/>\n<meta property=\"og:locale\" content=\"pt_PT\" \/>\n<meta property=\"og:type\" content=\"article\" \/>\n<meta property=\"og:title\" content=\"Logo Showcase - Adicionar widget de carrossel de logotipo ao site HTML (2025)\" \/>\n<meta property=\"og:description\" content=\"\u00c9 perfeitamente simples criar seu widget Logo Showcase e adicion\u00e1-lo ao seu site HTML. O atendimento ao cliente da Elfsight \u00e9 gratuito e r\u00e1pido.\" \/>\n<meta property=\"og:url\" content=\"https:\/\/elfsight.com\/pt\/logo-showcase-widget\/html\/\" \/>\n<meta property=\"og:site_name\" content=\"Elfsight PT\" \/>\n<meta property=\"article:modified_time\" content=\"2024-11-13T11:44:52+00:00\" \/>\n<meta name=\"twitter:card\" content=\"summary_large_image\" \/>\n<meta name=\"twitter:label1\" content=\"Tempo estimado de leitura\" \/>\n\t<meta name=\"twitter:data1\" content=\"2 minutos\" \/>\n<!-- \/ Yoast SEO plugin. -->","yoast_head_json":{"title":"Logo Showcase - Adicionar widget de carrossel de logotipo ao site HTML (2025)","description":"\u00c9 perfeitamente simples criar seu widget Logo Showcase e adicion\u00e1-lo ao seu site HTML. O atendimento ao cliente da Elfsight \u00e9 gratuito e r\u00e1pido.","robots":{"index":"index","follow":"follow","max-snippet":"max-snippet:-1","max-image-preview":"max-image-preview:large","max-video-preview":"max-video-preview:-1"},"canonical":"https:\/\/elfsight.com\/pt\/logo-showcase-widget\/html\/","og_locale":"pt_PT","og_type":"article","og_title":"Logo Showcase - Adicionar widget de carrossel de logotipo ao site HTML (2025)","og_description":"\u00c9 perfeitamente simples criar seu widget Logo Showcase e adicion\u00e1-lo ao seu site HTML. O atendimento ao cliente da Elfsight \u00e9 gratuito e r\u00e1pido.","og_url":"https:\/\/elfsight.com\/pt\/logo-showcase-widget\/html\/","og_site_name":"Elfsight PT","article_modified_time":"2024-11-13T11:44:52+00:00","twitter_card":"summary_large_image","twitter_misc":{"Tempo estimado de leitura":"2 minutos"},"schema":{"@context":"https:\/\/schema.org","@graph":[{"@type":"WebPage","@id":"https:\/\/elfsight.com\/pt\/logo-showcase-widget\/html\/","url":"https:\/\/elfsight.com\/pt\/logo-showcase-widget\/html\/","name":"Logo Showcase - Adicionar widget de carrossel de logotipo ao site HTML (2025)","isPartOf":{"@id":"https:\/\/elfsight.com\/pt\/#website"},"datePublished":"2024-05-03T06:41:03+00:00","dateModified":"2024-11-13T11:44:52+00:00","description":"\u00c9 perfeitamente simples criar seu widget Logo Showcase e adicion\u00e1-lo ao seu site HTML. O atendimento ao cliente da Elfsight \u00e9 gratuito e r\u00e1pido.","breadcrumb":{"@id":"https:\/\/elfsight.com\/pt\/logo-showcase-widget\/html\/#breadcrumb"},"inLanguage":"pt-PT","potentialAction":[{"@type":"ReadAction","target":["https:\/\/elfsight.com\/pt\/logo-showcase-widget\/html\/"]}]},{"@type":"BreadcrumbList","@id":"https:\/\/elfsight.com\/pt\/logo-showcase-widget\/html\/#breadcrumb","itemListElement":[{"@type":"ListItem","position":1,"name":"Home","item":"https:\/\/elfsight.com\/pt\/"},{"@type":"ListItem","position":2,"name":"Logo Showcase","item":"https:\/\/elfsight.com\/pt\/logo-showcase-widget\/"},{"@type":"ListItem","position":3,"name":"Logo Showcase &#8211; HTML"}]},{"@type":"WebSite","@id":"https:\/\/elfsight.com\/pt\/#website","url":"https:\/\/elfsight.com\/pt\/","name":"Elfsight PT","description":"Just another Elfsight Sites site","potentialAction":[{"@type":"SearchAction","target":{"@type":"EntryPoint","urlTemplate":"https:\/\/elfsight.com\/pt\/?s={search_term_string}"},"query-input":{"@type":"PropertyValueSpecification","valueRequired":true,"valueName":"search_term_string"}}],"inLanguage":"pt-PT"}]}},"meta_box":{"industry":"","seo_heading":"","heading":"","description":"","cta_heading":"","cta_description":"","application":"982","h1":"Vitrine do logotipo HTML","h1_caption":"Exiba logotipos de clientes e acompanhantes no site para obter maior confian\u00e7a","application_category":[],"applications_title":"","applications_request_title":"","applications_request_button_text":"","hero_text":"","hero_video":"","hero_video_schema_markup":"","selling_points_title":"","selling_points_caption":"","selling_points":[],"selling_points_cta_text":"","features_title":"","features":"","ed_cta_examples_text":"","ed_cta_examples_hidden":"","ed_cta_demo_text":"","ed_cta_demo_hidden":"","why_caption":"","why_editor_title":"","why_editor_text":"","why_team_title":"","why_team_text":"","why_service_title":"","why_service_text":"","template_catalog_visible":"","template_catalog_title":"","template_catalog_text":"","template_catalog_categories_visible":"","demo_title":"Crie seu widget de demonstra\u00e7\u00e3o de logotipo","demo_caption":"Configure seu Logo Showcase e adicione-o ao seu site HTML gratuitamente!","default_faq_hidden":"","app_template_category":[],"platform":"49","template_public_id":"","codecanyon_url":"","codecanyon_item_id":"","codecanyon_price":"","pricing_caption":"","pricing_elfsight_apps_hide_column":"","pricing_elfsight_apps_url":"","pricing_codecanyon_price_caption":"","integration_category":[],"integration_request_title":"","integration_request_cta":"","integration_platform":"","integrations":[],"platform_category":[],"video_schema_markup":"","price":"a partir de US$ 0\/m\u00eas","trial":"","benefits":[{"text":"Ajuda de instala\u00e7\u00e3o gratuita"},{"text":"Suporte ao cliente experiente"},{"text":"Garantia de reembolso de 14 dias"},{"text":"Melhorias gratuitas vital\u00edcias"}],"button_url":"#demo","button_target_blank":"0","button_nofollow":"0","attributes":[{"name":"Instala\u00e7\u00f5es","content":"10,000 - 100,000","_state":"expanded"},{"name":"Responsivo","content":"Sim","_state":"expanded"},{"name":"Navegadores compat\u00edveis","content":"Firefox, Safari, Opera, Chrome, Edge"}],"tags":[],"tags_disable_links":"0","hide_more_platforms":"","video_object":"","demo_hide_cta":"0","demo_hide_cloud_options":"0","pricing_title":"","pricing":[{"pricing_icon":"platform","pricing_title":"Elfsight Apps","pricing_title_caption":"Solu\u00e7\u00e3o multiplataforma adequada para qualquer site","pricing_price":"a partir de US$ 0\/m\u00eas","pricing_price_caption":"comece com plano gratuito","pricing_benefits":[{"text":"Dom\u00ednios ilimitados"},{"text":"Suporte profissional"},{"text":"Suporte profissional"},{"text":"Oferta especial para v\u00e1rios aplicativos"}],"pricing_button_text":"Adicionar ao site","pricing_button_url":"#demo","_state":"expanded"}],"related_apps_title":"","related_apps_hidden":"1","author":"","image":[],"title":"","job":"","social_networks":[]},"_links":{"self":[{"href":"https:\/\/elfsight.com\/pt\/wp-json\/wp\/v2\/pages\/4224","targetHints":{"allow":["GET"]}}],"collection":[{"href":"https:\/\/elfsight.com\/pt\/wp-json\/wp\/v2\/pages"}],"about":[{"href":"https:\/\/elfsight.com\/pt\/wp-json\/wp\/v2\/types\/page"}],"author":[{"embeddable":true,"href":"https:\/\/elfsight.com\/pt\/wp-json\/wp\/v2\/users\/9"}],"replies":[{"embeddable":true,"href":"https:\/\/elfsight.com\/pt\/wp-json\/wp\/v2\/comments?post=4224"}],"version-history":[{"count":2,"href":"https:\/\/elfsight.com\/pt\/wp-json\/wp\/v2\/pages\/4224\/revisions"}],"predecessor-version":[{"id":11985,"href":"https:\/\/elfsight.com\/pt\/wp-json\/wp\/v2\/pages\/4224\/revisions\/11985"}],"up":[{"embeddable":true,"href":"https:\/\/elfsight.com\/pt\/wp-json\/wp\/v2\/pages\/983"}],"wp:attachment":[{"href":"https:\/\/elfsight.com\/pt\/wp-json\/wp\/v2\/media?parent=4224"}],"curies":[{"name":"wp","href":"https:\/\/api.w.org\/{rel}","templated":true}]}}