{"id":4222,"date":"2024-05-03T06:41:23","date_gmt":"2024-05-03T06:41:23","guid":{"rendered":"https:\/\/elfsight.com\/pt\/?page_id=4222"},"modified":"2024-11-13T11:27:11","modified_gmt":"2024-11-13T11:27:11","slug":"html","status":"publish","type":"page","link":"https:\/\/elfsight.com\/pt\/number-counter-widget\/html\/","title":{"rendered":"Number Counter &#8211; HTML"},"content":{"rendered":"<div class=\"application-platform-content-item-description application-platform-content-item\" id=\"description\" data-nav-section=\"description\"> <h2>Descri\u00e7\u00e3o<\/h2> <p>O Number Counter \u00e9 um widget f\u00e1cil de usar para HTML com uma ampla gama de op\u00e7\u00f5es. \u00c9 um \u00f3timo recurso para demonstrar seus impressionantes \u00edndices de neg\u00f3cios, a quantidade de trabalhos realizados at\u00e9 o momento e n\u00e3o \u00e9 tudo. O widget \u00e9 extremamente flex\u00edvel. Sinta-se \u00e0 vontade para adicionar qualquer n\u00famero de contadores, organiz\u00e1-los em colunas, escolher \u00edcones de nossa cole\u00e7\u00e3o ou fazer upload de seus personalizados, torn\u00e1-los variados ou monocrom\u00e1ticos, adicionar legendas para fornecer informa\u00e7\u00f5es conceb\u00edveis ao seu p\u00fablico, repintar qualquer recurso, escolher a imagem de fundo e Isso n\u00e3o \u00e9 tudo. Basta come\u00e7ar a construir seu widget agora e observar as estat\u00edsticas de seus principais neg\u00f3cios crescerem rapidamente! <\/p> <p><b>Demonstre suas realiza\u00e7\u00f5es espl\u00eandidas aos seus futuros clientes. Obtenha mais vendas e leads de sucesso! <\/b><\/p> <\/div> <div class=\"application-platform-content-item-features application-platform-content-item\" id=\"features\" data-nav-section=\"features\"> <h2>Confira a lista dos recursos mais poderosos: <\/h2> <ul><li>Um n\u00famero ilimitado de contadores. <\/li><li>N\u00famero ilimitado de colunas. <\/li><li>Juntar t\u00edtulos, manchetes, prefixos e p\u00f3s-fixos. <\/li><li>Decida o formato do \u00edcone &#8211; escolha-o em nossa biblioteca ou carregue o seu personalizado. <\/li><li>Incorpore links. <\/li><\/ul><p><a href=\"#demo\">Basta verificar esta demonstra\u00e7\u00e3o para ter uma ideia completa<\/a><\/p> <\/div> <div class=\"application-platform-content-item-installation application-platform-content-item\" id=\"installation\" data-nav-section=\"installation\"> <h2>Como posso incorporar o Number Counter em meu site HTML? <\/h2><div class=\"video-container\"><iframe width=\"720\" height=\"405\" src=\"https:\/\/www.youtube.com\/embed\/CLXKFG4Fdxg\" frameborder=\"0\" allowfullscreen=\"\"><\/iframe><\/div><p>Basta seguir as instru\u00e7\u00f5es abaixo para integrar a ferramenta. <\/p> <ol><li><b>Abra nosso configurador gratuito e comece a moldar seu widget personalizado. <\/b><br> Encontre o formul\u00e1rio personalizado e a funcionalidade da ferramenta e aplique as corre\u00e7\u00f5es. <\/li> <li><b>Copie o c\u00f3digo individual que aparece no formul\u00e1rio especial nas aplica\u00e7\u00f5es Elfsight. <\/b><br> Logo ap\u00f3s a gera\u00e7\u00e3o do seu plugin, copie o c\u00f3digo pessoal do pop-up exibido e guarde-o para uso posterior. <\/li> <li><b>Inicie a aplica\u00e7\u00e3o do widget em sua p\u00e1gina HTML. <\/b><br> Adicione o c\u00f3digo copiado anteriormente em seu site e aplique as edi\u00e7\u00f5es. <\/li> <li><b>Conclu\u00eddo! A incorpora\u00e7\u00e3o foi finalizada com sucesso. <\/b><br> Acesse sua p\u00e1gina para examinar o desempenho do widget. <\/li><\/ol> <p>Caso tenha d\u00favidas ou enfrente algum problema, n\u00e3o hesite em entrar em contato com nossa equipe de atendimento ao cliente. Nossos especialistas est\u00e3o ansiosos para resolver todos os problemas que voc\u00ea possa ter com a ferramenta. <\/p> <div class=\"faq\" data-component=\"FAQ\"><div class=\"faq-item\">\r\n\t\t\t\t\t<div class=\"faq-item-question\">\r\n\t\t\t\t\t\t<h3 class=\"faq-item-question-text\">Como posso incorporar o Number Counter ao meu HTML sem nenhum conhecimento de codifica\u00e7\u00e3o?<\/h3>\r\n\r\n\t\t\t\t\t\t<div class=\"faq-item-question-icon\"><\/div>\r\n\t\t\t\t\t<\/div>\r\n\r\n\t\t\t\t\t<div class=\"faq-item-answer\">\r\n\t\t\t\t\t\t<div class=\"faq-item-answer-text\"> <p>A empresa Elfsight oferece uma solu\u00e7\u00e3o que permite que voc\u00ea mesmo crie um aplicativo Number Counter, veja como \u00e9 simples \u00e9: V\u00e1 para o Editor ao vivo para gerar um plugin de Contador de N\u00fameros que voc\u00ea gostaria de ver em seu site HTML. Selecione um dos modelos predefinidos e ajuste as configura\u00e7\u00f5es do contador num\u00e9rico, transforme o layout e os esquemas de cores, incluindo o seu conte\u00fado, sem nenhuma experi\u00eancia de codifica\u00e7\u00e3o. Salve as configura\u00e7\u00f5es feitas no Number Counter e obtenha o c\u00f3digo do widget para instala\u00e7\u00e3o, que voc\u00ea pode incluir facilmente no site HTML sem comprar uma assinatura paga. Usando o Configurador f\u00e1cil de usar, qualquer usu\u00e1rio da Internet pode criar um widget de contador num\u00e9rico e simplesmente incorpor\u00e1-lo ao site HTML. N\u00e3o \u00e9 necess\u00e1rio obter uma assinatura paga ou inserir os dados do seu cart\u00e3o para entrar em nosso servi\u00e7o. Se voc\u00ea enfrentar qualquer tipo de problema, sinta-se \u00e0 vontade para entrar em contato com nossa equipe de suporte t\u00e9cnico.<\/p> <\/div>\r\n\t\t\t\t\t<\/div>\r\n\t\t\t\t<\/div> <\/div><\/div>","protected":false},"excerpt":{"rendered":"","protected":false},"author":9,"featured_media":0,"parent":1061,"menu_order":0,"comment_status":"closed","ping_status":"closed","template":"templates\/template-application-platform.php","meta":{"publish_to_discourse":"","publish_post_category":"","wpdc_auto_publish_overridden":"","wpdc_topic_tags":"","wpdc_pin_topic":"","wpdc_pin_until":"","discourse_post_id":"","discourse_permalink":"","wpdc_publishing_response":"","wpdc_publishing_error":"","footnotes":""},"class_list":["post-4222","page","type-page","status-publish","hentry"],"yoast_head":"<!-- This site is optimized with the Yoast SEO plugin v25.3.1 - https:\/\/yoast.com\/wordpress\/plugins\/seo\/ -->\n<title>Contador de n\u00fameros \u2013 Adicionar widget de contador ao HTML (gr\u00e1tis e r\u00e1pido)<\/title>\n<meta name=\"description\" content=\"Experimente um contador num\u00e9rico em seu site HTML, aplicando nossa demonstra\u00e7\u00e3o ao vivo. Crie seu widget personalizado com apenas alguns cliques e sem esfor\u00e7o!\" \/>\n<meta name=\"robots\" content=\"index, follow, max-snippet:-1, max-image-preview:large, max-video-preview:-1\" \/>\n<link rel=\"canonical\" href=\"https:\/\/elfsight.com\/pt\/number-counter-widget\/html\/\" \/>\n<meta property=\"og:locale\" content=\"pt_PT\" \/>\n<meta property=\"og:type\" content=\"article\" \/>\n<meta property=\"og:title\" content=\"Contador de n\u00fameros \u2013 Adicionar widget de contador ao HTML (gr\u00e1tis e r\u00e1pido)\" \/>\n<meta property=\"og:description\" content=\"Experimente um contador num\u00e9rico em seu site HTML, aplicando nossa demonstra\u00e7\u00e3o ao vivo. Crie seu widget personalizado com apenas alguns cliques e sem esfor\u00e7o!\" \/>\n<meta property=\"og:url\" content=\"https:\/\/elfsight.com\/pt\/number-counter-widget\/html\/\" \/>\n<meta property=\"og:site_name\" content=\"Elfsight PT\" \/>\n<meta property=\"article:modified_time\" content=\"2024-11-13T11:27:11+00:00\" \/>\n<meta name=\"twitter:card\" content=\"summary_large_image\" \/>\n<meta name=\"twitter:label1\" content=\"Tempo estimado de leitura\" \/>\n\t<meta name=\"twitter:data1\" content=\"2 minutos\" \/>\n<!-- \/ Yoast SEO plugin. -->","yoast_head_json":{"title":"Contador de n\u00fameros \u2013 Adicionar widget de contador ao HTML (gr\u00e1tis e r\u00e1pido)","description":"Experimente um contador num\u00e9rico em seu site HTML, aplicando nossa demonstra\u00e7\u00e3o ao vivo. Crie seu widget personalizado com apenas alguns cliques e sem esfor\u00e7o!","robots":{"index":"index","follow":"follow","max-snippet":"max-snippet:-1","max-image-preview":"max-image-preview:large","max-video-preview":"max-video-preview:-1"},"canonical":"https:\/\/elfsight.com\/pt\/number-counter-widget\/html\/","og_locale":"pt_PT","og_type":"article","og_title":"Contador de n\u00fameros \u2013 Adicionar widget de contador ao HTML (gr\u00e1tis e r\u00e1pido)","og_description":"Experimente um contador num\u00e9rico em seu site HTML, aplicando nossa demonstra\u00e7\u00e3o ao vivo. Crie seu widget personalizado com apenas alguns cliques e sem esfor\u00e7o!","og_url":"https:\/\/elfsight.com\/pt\/number-counter-widget\/html\/","og_site_name":"Elfsight PT","article_modified_time":"2024-11-13T11:27:11+00:00","twitter_card":"summary_large_image","twitter_misc":{"Tempo estimado de leitura":"2 minutos"},"schema":{"@context":"https:\/\/schema.org","@graph":[{"@type":"WebPage","@id":"https:\/\/elfsight.com\/pt\/number-counter-widget\/html\/","url":"https:\/\/elfsight.com\/pt\/number-counter-widget\/html\/","name":"Contador de n\u00fameros \u2013 Adicionar widget de contador ao HTML (gr\u00e1tis e r\u00e1pido)","isPartOf":{"@id":"https:\/\/elfsight.com\/pt\/#website"},"datePublished":"2024-05-03T06:41:23+00:00","dateModified":"2024-11-13T11:27:11+00:00","description":"Experimente um contador num\u00e9rico em seu site HTML, aplicando nossa demonstra\u00e7\u00e3o ao vivo. Crie seu widget personalizado com apenas alguns cliques e sem esfor\u00e7o!","breadcrumb":{"@id":"https:\/\/elfsight.com\/pt\/number-counter-widget\/html\/#breadcrumb"},"inLanguage":"pt-PT","potentialAction":[{"@type":"ReadAction","target":["https:\/\/elfsight.com\/pt\/number-counter-widget\/html\/"]}]},{"@type":"BreadcrumbList","@id":"https:\/\/elfsight.com\/pt\/number-counter-widget\/html\/#breadcrumb","itemListElement":[{"@type":"ListItem","position":1,"name":"Home","item":"https:\/\/elfsight.com\/pt\/"},{"@type":"ListItem","position":2,"name":"Number Counter","item":"https:\/\/elfsight.com\/pt\/number-counter-widget\/"},{"@type":"ListItem","position":3,"name":"Number Counter &#8211; HTML"}]},{"@type":"WebSite","@id":"https:\/\/elfsight.com\/pt\/#website","url":"https:\/\/elfsight.com\/pt\/","name":"Elfsight PT","description":"Just another Elfsight Sites site","potentialAction":[{"@type":"SearchAction","target":{"@type":"EntryPoint","urlTemplate":"https:\/\/elfsight.com\/pt\/?s={search_term_string}"},"query-input":{"@type":"PropertyValueSpecification","valueRequired":true,"valueName":"search_term_string"}}],"inLanguage":"pt-PT"}]}},"meta_box":{"industry":"","seo_heading":"","heading":"","description":"","cta_heading":"","cta_description":"","application":"1060","h1":"Widget de contador de n\u00fameros HTML","h1_caption":"Mostre suas estat\u00edsticas maravilhosas para seus usu\u00e1rios e interesse clientes mais fi\u00e9is","application_category":[],"applications_title":"","applications_request_title":"","applications_request_button_text":"","hero_text":"","hero_video":"","hero_video_schema_markup":"","selling_points_title":"","selling_points_caption":"","selling_points":[],"selling_points_cta_text":"","features_title":"","features":"","ed_cta_examples_text":"","ed_cta_examples_hidden":"","ed_cta_demo_text":"","ed_cta_demo_hidden":"","why_caption":"","why_editor_title":"","why_editor_text":"","why_team_title":"","why_team_text":"","why_service_title":"","why_service_text":"","template_catalog_visible":"","template_catalog_title":"","template_catalog_text":"","template_catalog_categories_visible":"","demo_title":"Crie seu widget de contador num\u00e9rico","demo_caption":"Configure seu contador num\u00e9rico e adicione-o ao seu site HTML gratuitamente!","default_faq_hidden":"","app_template_category":[],"platform":"49","template_public_id":"","codecanyon_url":"","codecanyon_item_id":"","codecanyon_price":"","pricing_caption":"","pricing_elfsight_apps_hide_column":"","pricing_elfsight_apps_url":"","pricing_codecanyon_price_caption":"","integration_category":[],"integration_request_title":"","integration_request_cta":"","integration_platform":"","integrations":[],"platform_category":[],"video_schema_markup":"","price":"a partir de US$ 0\/m\u00eas","trial":"","benefits":[{"text":"Servi\u00e7o de instala\u00e7\u00e3o gratuito"},{"text":"Assist\u00eancia ao cliente competente"},{"text":"Garantia de reembolso de 14 dias"},{"text":"Atualizando constantemente"}],"button_url":"#demo","button_target_blank":"0","button_nofollow":"0","attributes":[{"name":"Instala\u00e7\u00f5es","content":"10,000 - 100,000","_state":"expanded"},{"name":"Responsivo","content":"Sim","_state":"expanded"},{"name":"Navegadores compat\u00edveis","content":"Firefox, Safari, Opera, Chrome, Edge"}],"tags":[],"tags_disable_links":"0","hide_more_platforms":"","video_object":"","demo_hide_cta":"0","demo_hide_cloud_options":"0","pricing_title":"","pricing":[{"pricing_icon":"platform","pricing_title":"Elfsight Apps","pricing_title_caption":"Software independente de plataforma","pricing_price":"a partir de US$ 0\/m\u00eas","pricing_price_caption":"comece com plano gratuito","pricing_benefits":[{"text":"Sites ilimitados"},{"text":"Suporte r\u00e1pido e pontual"},{"text":"Suporte r\u00e1pido e pontual"},{"text":"Pre\u00e7o especial para v\u00e1rios aplicativos"}],"pricing_button_text":"Adicionar ao site","pricing_button_url":"#demo","_state":"expanded"}],"related_apps_title":"","related_apps_hidden":"1","author":"","image":[],"title":"","job":"","social_networks":[]},"_links":{"self":[{"href":"https:\/\/elfsight.com\/pt\/wp-json\/wp\/v2\/pages\/4222","targetHints":{"allow":["GET"]}}],"collection":[{"href":"https:\/\/elfsight.com\/pt\/wp-json\/wp\/v2\/pages"}],"about":[{"href":"https:\/\/elfsight.com\/pt\/wp-json\/wp\/v2\/types\/page"}],"author":[{"embeddable":true,"href":"https:\/\/elfsight.com\/pt\/wp-json\/wp\/v2\/users\/9"}],"replies":[{"embeddable":true,"href":"https:\/\/elfsight.com\/pt\/wp-json\/wp\/v2\/comments?post=4222"}],"version-history":[{"count":2,"href":"https:\/\/elfsight.com\/pt\/wp-json\/wp\/v2\/pages\/4222\/revisions"}],"predecessor-version":[{"id":12003,"href":"https:\/\/elfsight.com\/pt\/wp-json\/wp\/v2\/pages\/4222\/revisions\/12003"}],"up":[{"embeddable":true,"href":"https:\/\/elfsight.com\/pt\/wp-json\/wp\/v2\/pages\/1061"}],"wp:attachment":[{"href":"https:\/\/elfsight.com\/pt\/wp-json\/wp\/v2\/media?parent=4222"}],"curies":[{"name":"wp","href":"https:\/\/api.w.org\/{rel}","templated":true}]}}