{"id":4220,"date":"2024-05-03T06:39:04","date_gmt":"2024-05-03T06:39:04","guid":{"rendered":"https:\/\/elfsight.com\/pt\/?page_id=4220"},"modified":"2025-11-13T14:14:35","modified_gmt":"2025-11-13T14:14:35","slug":"elementor","status":"publish","type":"page","link":"https:\/\/elfsight.com\/pt\/google-reviews-widget\/elementor\/","title":{"rendered":"Google Reviews &#8211; Elementor"},"content":{"rendered":"<div class=\"application-platform-content-item-description application-platform-content-item\" id=\"description\" data-nav-section=\"description\"> <h2>Incorporar avalia\u00e7\u00f5es do Google com o widget Elfsight<\/h2> <p>O widget Elfsight Reviews \u00e9 uma ferramenta \u00fatil que permite inserir avalia\u00e7\u00f5es no site sobre sua empresa do Google. Com a ajuda deste widget, voc\u00ea poder\u00e1 aplicar filtros para ocultar coment\u00e1rios indesejados, revelar suas avalia\u00e7\u00f5es com estrelas e n\u00fameros do Google, fornecer detalhes sobre os autores e colocar um bot\u00e3o que redirecionar\u00e1 os visitantes para adicionar um coment\u00e1rio ao Google. O widget Avalia\u00e7\u00f5es da Elfsight ajudar\u00e1 voc\u00ea a demonstrar sua alta prova social no site e aumentar as vendas.<\/p><div class=\"faq\" data-component=\"FAQ\"><div class=\"faq-item\">\r\n\t\t\t\t\t<div class=\"faq-item-question\">\r\n\t\t\t\t\t\t<h3 class=\"faq-item-question-text\">Onde posso instal\u00e1-lo no meu site?<\/h3>\r\n\r\n\t\t\t\t\t\t<div class=\"faq-item-question-icon\"><\/div>\r\n\t\t\t\t\t<\/div>\r\n\r\n\t\t\t\t\t<div class=\"faq-item-answer\">\r\n\t\t\t\t\t\t<div class=\"faq-item-answer-text\"> <p>Voc\u00ea pode incorporar o widget em qualquer p\u00e1gina do seu site ou coloque-o no template, e ele ser\u00e1 revelado em todas as p\u00e1ginas. As avalia\u00e7\u00f5es podem ser eficazes nas p\u00e1ginas de produtos ou na p\u00e1gina Sobre n\u00f3s, onde voc\u00ea deseja demonstrar sua alta classifica\u00e7\u00e3o. <\/p><\/div>\r\n\t\t\t\t\t<\/div>\r\n\t\t\t\t<\/div><div class=\"faq-item\">\r\n\t\t\t\t\t<div class=\"faq-item-question\">\r\n\t\t\t\t\t\t<h3 class=\"faq-item-question-text\">Como vou me beneficiar com isso?<\/h3>\r\n\r\n\t\t\t\t\t\t<div class=\"faq-item-question-icon\"><\/div>\r\n\t\t\t\t\t<\/div>\r\n\r\n\t\t\t\t\t<div class=\"faq-item-answer\">\r\n\t\t\t\t\t\t<div class=\"faq-item-answer-text\"> <p>Avalia\u00e7\u00f5es postadas por pessoas reais s\u00e3o perfeitamente confi\u00e1veis \u200b\u200bpara os clientes do seu site e demonstram que sua empresa \u00e9 confi\u00e1vel. Avalia\u00e7\u00f5es altas e bons depoimentos podem ajudar a fortalecer o n\u00edvel de compras em seu site. Al\u00e9m disso, o bot\u00e3o de redirecionamento pode contribuir para ter mais avalia\u00e7\u00f5es de usu\u00e1rios sobre sua empresa no Google.<\/p> <\/div>\r\n\t\t\t\t\t<\/div>\r\n\t\t\t\t<\/div><div class=\"faq-item\">\r\n\t\t\t\t\t<div class=\"faq-item-question\">\r\n\t\t\t\t\t\t<h3 class=\"faq-item-question-text\">Como adiciono o widget Google Reviews ao Elementor?<\/h3>\r\n\r\n\t\t\t\t\t\t<div class=\"faq-item-question-icon\"><\/div>\r\n\t\t\t\t\t<\/div>\r\n\r\n\t\t\t\t\t<div class=\"faq-item-answer\">\r\n\t\t\t\t\t\t<div class=\"faq-item-answer-text\"> <p>Voc\u00ea pode adicionar o Google Reviews ao Elementor em dois minutos. A instala\u00e7\u00e3o \u00e9 extremamente r\u00e1pida, gratuita e sem codifica\u00e7\u00e3o.<br>Voc\u00ea pode incorporar o widget em seu site diretamente atrav\u00e9s de nosso servi\u00e7o. Para fazer isso, consulte um breve guia de instala\u00e7\u00e3o a seguir nesta p\u00e1gina.<\/p><\/div>\r\n\t\t\t\t\t<\/div>\r\n\t\t\t\t<\/div><\/div><\/div><div class=\"application-platform-content-item-features application-platform-content-item\" id=\"features\" data-nav-section=\"features\"> <h2>Principais recursos do widget Google Reviews<\/h2> <p>Para obter uma compreens\u00e3o clara do widget, voc\u00ea pode consultar a lista de caracter\u00edsticas prim\u00e1rias. Eles tornam este widget incrivelmente eficiente para o seu site:<\/p> <ul> <li>Tr\u00eas tipos de filtros: por tipo, exclus\u00e3o por e quantidade de coment\u00e1rios para exibi\u00e7\u00e3o<\/li> <li>4 layouts dispon\u00edveis: Lista , grade, alvenaria e controle deslizante<\/li> <li>Cabe\u00e7alho altern\u00e1vel do widget<\/li> <li>O bot\u00e3o ativo para deixar outro coment\u00e1rio leva os visitantes \u00e0 sua p\u00e1gina do Google<\/li> <li>6 elementos personaliz\u00e1veis \u200b\u200bde os coment\u00e1rios: nome e imagem do autor, texto de recomenda\u00e7\u00e3o, data, \u00edcone do Google e classifica\u00e7\u00e3o por estrelas<\/li> <li>Dois cen\u00e1rios poss\u00edveis ap\u00f3s a nega\u00e7\u00e3o da solicita\u00e7\u00e3o de revis\u00e3o: demonstrar uma mensagem personalizada ou ocultar o bot\u00e3o.<\/li> <\/ul><p><a href=\"#demo\">Para explorar mais recursos, consulte a demonstra\u00e7\u00e3o<\/a><\/p> <\/div> <div class=\"application-platform-content-item-installation application-platform-content-item\" id=\"installation\" data-nav-section=\"installation\"> <h2>Descubra como adicionar o Google Reviews ao seu site Elementor<\/h2> <div class=\"video-container\">\n<iframe width=\"720\" height=\"405\" src=\"https:\/\/www.youtube.com\/embed\/8Gz8uO_dKDE?si=YcAOYdkxmawcDOLn\" frameborder=\"0\" allowfullscreen=\"\"><\/iframe>\n<\/div><p>As a\u00e7\u00f5es a seguir s\u00e3o a \u00fanica coisa que voc\u00ea precisa fazer para configurar o widget em sua p\u00e1gina da web. Isso levar\u00e1 alguns minutos e n\u00e3o envolve codifica\u00e7\u00e3o.<\/p><ol><li><b>Gere suas avalia\u00e7\u00f5es personalizadas do Google<\/b><br>Com nosso editor gratuito, monte um plugin com layout e op\u00e7\u00f5es desejadas.<\/li><li><b>Adquira um c\u00f3digo para integra\u00e7\u00e3o do widget<\/b><br>Ap\u00f3s a configura\u00e7\u00e3o do widget, obtenha um c\u00f3digo para o plugin Reviews na janela exibida nos aplicativos Elfsight.<\/li><li><b>Incorpore o widget no site<\/b><br>Adicione o c\u00f3digo de coment\u00e1rios ao local necess\u00e1rio de uma p\u00e1gina e salve as altera\u00e7\u00f5es.<\/li><li><b>Voc\u00ea concluiu com sucesso a instala\u00e7\u00e3o<\/b><br>Acesse seu site para verificar se publicou coment\u00e1rios do Google no Elementor.<\/li><\/ol><p>Ainda tem d\u00favidas? Ou enfrentando problemas? Basta enviar sua solicita\u00e7\u00e3o para nosso atendimento ao cliente e eles ajudar\u00e3o com qualquer d\u00favida.<\/p><\/div>","protected":false},"excerpt":{"rendered":"","protected":false},"author":9,"featured_media":0,"parent":443,"menu_order":0,"comment_status":"closed","ping_status":"closed","template":"templates\/template-application-platform.php","meta":{"publish_to_discourse":"","publish_post_category":"","wpdc_auto_publish_overridden":"","wpdc_topic_tags":"","wpdc_pin_topic":"","wpdc_pin_until":"","discourse_post_id":"","discourse_permalink":"","wpdc_publishing_response":"","wpdc_publishing_error":"","footnotes":""},"class_list":["post-4220","page","type-page","status-publish","hentry"],"yoast_head":"<!-- This site is optimized with the Yoast SEO plugin v25.3.1 - https:\/\/yoast.com\/wordpress\/plugins\/seo\/ -->\n<title>Incorpore coment\u00e1rios do Google no Elementor - adicione coment\u00e1rios a um site em 2 minutos!<\/title>\n<meta name=\"description\" content=\"Aprenda como adicionar coment\u00e1rios do Google ao Elementor gratuitamente! Guia detalhado sobre como incorporar o widget Google Business Reviews no Elementor com Elfsight.\" \/>\n<meta name=\"robots\" content=\"index, follow, max-snippet:-1, max-image-preview:large, max-video-preview:-1\" \/>\n<link rel=\"canonical\" href=\"https:\/\/elfsight.com\/pt\/google-reviews-widget\/elementor\/\" \/>\n<meta property=\"og:locale\" content=\"pt_PT\" \/>\n<meta property=\"og:type\" content=\"article\" \/>\n<meta property=\"og:title\" content=\"Incorpore coment\u00e1rios do Google no Elementor - adicione coment\u00e1rios a um site em 2 minutos!\" \/>\n<meta property=\"og:description\" content=\"Aprenda como adicionar coment\u00e1rios do Google ao Elementor gratuitamente! Guia detalhado sobre como incorporar o widget Google Business Reviews no Elementor com Elfsight.\" \/>\n<meta property=\"og:url\" content=\"https:\/\/elfsight.com\/pt\/google-reviews-widget\/elementor\/\" \/>\n<meta property=\"og:site_name\" content=\"Elfsight PT\" \/>\n<meta property=\"article:modified_time\" content=\"2025-11-13T14:14:35+00:00\" \/>\n<meta name=\"twitter:card\" content=\"summary_large_image\" \/>\n<meta name=\"twitter:label1\" content=\"Tempo estimado de leitura\" \/>\n\t<meta name=\"twitter:data1\" content=\"3 minutos\" \/>\n<!-- \/ Yoast SEO plugin. -->","yoast_head_json":{"title":"Incorpore coment\u00e1rios do Google no Elementor - adicione coment\u00e1rios a um site em 2 minutos!","description":"Aprenda como adicionar coment\u00e1rios do Google ao Elementor gratuitamente! Guia detalhado sobre como incorporar o widget Google Business Reviews no Elementor com Elfsight.","robots":{"index":"index","follow":"follow","max-snippet":"max-snippet:-1","max-image-preview":"max-image-preview:large","max-video-preview":"max-video-preview:-1"},"canonical":"https:\/\/elfsight.com\/pt\/google-reviews-widget\/elementor\/","og_locale":"pt_PT","og_type":"article","og_title":"Incorpore coment\u00e1rios do Google no Elementor - adicione coment\u00e1rios a um site em 2 minutos!","og_description":"Aprenda como adicionar coment\u00e1rios do Google ao Elementor gratuitamente! Guia detalhado sobre como incorporar o widget Google Business Reviews no Elementor com Elfsight.","og_url":"https:\/\/elfsight.com\/pt\/google-reviews-widget\/elementor\/","og_site_name":"Elfsight PT","article_modified_time":"2025-11-13T14:14:35+00:00","twitter_card":"summary_large_image","twitter_misc":{"Tempo estimado de leitura":"3 minutos"},"schema":{"@context":"https:\/\/schema.org","@graph":[{"@type":"WebPage","@id":"https:\/\/elfsight.com\/pt\/google-reviews-widget\/elementor\/","url":"https:\/\/elfsight.com\/pt\/google-reviews-widget\/elementor\/","name":"Incorpore coment\u00e1rios do Google no Elementor - adicione coment\u00e1rios a um site em 2 minutos!","isPartOf":{"@id":"https:\/\/elfsight.com\/pt\/#website"},"datePublished":"2024-05-03T06:39:04+00:00","dateModified":"2025-11-13T14:14:35+00:00","description":"Aprenda como adicionar coment\u00e1rios do Google ao Elementor gratuitamente! Guia detalhado sobre como incorporar o widget Google Business Reviews no Elementor com Elfsight.","breadcrumb":{"@id":"https:\/\/elfsight.com\/pt\/google-reviews-widget\/elementor\/#breadcrumb"},"inLanguage":"pt-PT","potentialAction":[{"@type":"ReadAction","target":["https:\/\/elfsight.com\/pt\/google-reviews-widget\/elementor\/"]}]},{"@type":"BreadcrumbList","@id":"https:\/\/elfsight.com\/pt\/google-reviews-widget\/elementor\/#breadcrumb","itemListElement":[{"@type":"ListItem","position":1,"name":"Home","item":"https:\/\/elfsight.com\/pt\/"},{"@type":"ListItem","position":2,"name":"Google Reviews","item":"https:\/\/elfsight.com\/pt\/google-reviews-widget\/"},{"@type":"ListItem","position":3,"name":"Google Reviews &#8211; Elementor"}]},{"@type":"WebSite","@id":"https:\/\/elfsight.com\/pt\/#website","url":"https:\/\/elfsight.com\/pt\/","name":"Elfsight PT","description":"Just another Elfsight Sites site","potentialAction":[{"@type":"SearchAction","target":{"@type":"EntryPoint","urlTemplate":"https:\/\/elfsight.com\/pt\/?s={search_term_string}"},"query-input":{"@type":"PropertyValueSpecification","valueRequired":true,"valueName":"search_term_string"}}],"inLanguage":"pt-PT"}]}},"meta_box":{"industry":"","seo_heading":"","heading":"","description":"","cta_heading":"","cta_description":"","application":"442","h1":"Widget Elementor de avalia\u00e7\u00f5es do Google","h1_caption":"Exiba as impress\u00f5es perfeitas dos clientes do Google em seu site","application_category":[],"applications_title":"","applications_request_title":"","applications_request_button_text":"","hero_text":"","hero_video":"","hero_video_schema_markup":"","selling_points_title":"","selling_points_caption":"","selling_points":[],"selling_points_cta_text":"","features_title":"","features":"","ed_cta_examples_text":"","ed_cta_examples_hidden":"","ed_cta_demo_text":"","ed_cta_demo_hidden":"","why_caption":"","why_editor_title":"","why_editor_text":"","why_team_title":"","why_team_text":"","why_service_title":"","why_service_text":"","template_catalog_visible":"0","template_catalog_title":"","template_catalog_text":"","template_catalog_categories_visible":"","demo_title":"Crie seu widget de coment\u00e1rios do Google","demo_caption":"Configure seu Google Reviews e adicione-o ao seu site Elementor gratuitamente!","default_faq_hidden":"","app_template_category":[],"platform":"100","template_public_id":"","codecanyon_url":"","codecanyon_item_id":"","codecanyon_price":"","pricing_caption":"","pricing_elfsight_apps_hide_column":"","pricing_elfsight_apps_url":"","pricing_codecanyon_price_caption":"","integration_category":[],"integration_request_title":"","integration_request_cta":"","integration_platform":"","integrations":[],"platform_category":[],"video_schema_markup":"","price":"a partir de US$ 0\/m\u00eas","trial":"","benefits":[{"text":"Ajuda de instala\u00e7\u00e3o gratuita"},{"text":"Suporte premium"},{"text":"Garantia de reembolso de 14 dias"},{"text":"Melhorias gratuitas cont\u00ednuas"}],"button_url":"#demo","button_target_blank":"0","button_nofollow":"0","attributes":[{"name":"Instala\u00e7\u00f5es","content":"100,000 - 500,000","_state":"expanded"},{"name":"Responsivo","content":"Sim","_state":"expanded"},{"name":"Navegadores compat\u00edveis","content":"Firefox, Safari, Opera, Chrome, Edge"}],"tags":[],"tags_disable_links":"0","hide_more_platforms":"0","video_object":"","demo_hide_cta":"0","demo_hide_cloud_options":"0","pricing_title":"","pricing":[{"pricing_icon":"platform","pricing_title":"Elfsight Apps","pricing_title_caption":"Solu\u00e7\u00e3o digital independente de plataforma","pricing_price":"a partir de US$ 0\/m\u00eas","pricing_price_caption":"comece com plano gratuito","pricing_benefits":[{"text":"Dom\u00ednios ilimitados"},{"text":"Suporte premium e pontual"},{"text":"Suporte premium e pontual"},{"text":"Pre\u00e7o especial para v\u00e1rios aplicativos"}],"pricing_button_text":"Adicionar ao site","pricing_button_url":"#demo","_state":"expanded"}],"related_apps_title":"","related_apps_hidden":"1","author":"","image":[],"title":"","job":"","social_networks":[]},"_links":{"self":[{"href":"https:\/\/elfsight.com\/pt\/wp-json\/wp\/v2\/pages\/4220","targetHints":{"allow":["GET"]}}],"collection":[{"href":"https:\/\/elfsight.com\/pt\/wp-json\/wp\/v2\/pages"}],"about":[{"href":"https:\/\/elfsight.com\/pt\/wp-json\/wp\/v2\/types\/page"}],"author":[{"embeddable":true,"href":"https:\/\/elfsight.com\/pt\/wp-json\/wp\/v2\/users\/9"}],"replies":[{"embeddable":true,"href":"https:\/\/elfsight.com\/pt\/wp-json\/wp\/v2\/comments?post=4220"}],"version-history":[{"count":3,"href":"https:\/\/elfsight.com\/pt\/wp-json\/wp\/v2\/pages\/4220\/revisions"}],"predecessor-version":[{"id":15168,"href":"https:\/\/elfsight.com\/pt\/wp-json\/wp\/v2\/pages\/4220\/revisions\/15168"}],"up":[{"embeddable":true,"href":"https:\/\/elfsight.com\/pt\/wp-json\/wp\/v2\/pages\/443"}],"wp:attachment":[{"href":"https:\/\/elfsight.com\/pt\/wp-json\/wp\/v2\/media?parent=4220"}],"curies":[{"name":"wp","href":"https:\/\/api.w.org\/{rel}","templated":true}]}}