{"id":4218,"date":"2022-05-18T14:24:04","date_gmt":"2022-05-18T14:24:04","guid":{"rendered":"https:\/\/elfsight.com\/pt\/?page_id=4218"},"modified":"2025-03-06T11:42:11","modified_gmt":"2025-03-06T11:42:11","slug":"google-sites","status":"publish","type":"page","link":"https:\/\/elfsight.com\/pt\/logo-showcase-widget\/google-sites\/","title":{"rendered":"Logo Showcase &#8211; Google Sites"},"content":{"rendered":"\n<div class=\"application-platform-content-item-features application-platform-content-item\" id=\"features\" data-nav-section=\"features\">\n<h2>Estes s\u00e3o apenas ricos caracter\u00edsticas do Mostru\u00e1rio do logotipo widgets:<\/h2>\n<p>\n<ul>\n<li>Inclua um montante ilimitado de logos;<\/li>\n<li>Reordene e repete os logotipos;<\/li>\n<li>Relacione cada logotipos a qualquer endere\u00e7o;<\/li>\n<li>Escreva a descri\u00e7\u00e3o do logomarca a ser revelado em cima do rato;<\/li>\n<li>Exiba ou esconda o bot\u00e3o CTA com texto espec\u00edfico;<\/li>\n<li>Modo para deslizar autom\u00e1tica no desenho do Slider e do Carrossel;<\/li>\n<li>Escolha a cor dos controlos no Slider;<\/li>\n<li>Active ou desactive a pausa ao passar por cima;<\/li>\n<li>Cor original ou \u00fanica dos log\u00f3tipos;<\/li>\n<li>A modo para seleccionar um desenho de bot\u00e3o Preencher ou Esbo\u00e7o;<\/li>\n<li>Forma do tecla modific\u00e1vel: de rectangular a arredondado;<\/li>\n<li>Ponha o seu conte\u00fado onde quiser na s\u00edtio Web;<\/li>\n<li>Desenho limpo entrega inser\u00e7\u00e3o suave em qualquer conceito do  site web;<\/li>\n<li>Dimens\u00f5es automaticamente adaptadas;<\/li>\n<li>O cabe\u00e7alho adapt\u00e1vel;<\/li>\n<li>desligar qualquer elemento do widget;<\/li>\n<li>As actualiza\u00e7\u00f5es  gratuitas ao vivo para manter o seu widget fresco;<\/li>\n<li> Premium servi\u00e7o ao cliente por uma equipa profissional;<\/li>\n<li>O editor \u00fatil e de f\u00e1cil utiliza\u00e7\u00e3o em directo;<\/li>\n<li>O desenho respons\u00e1vel;<\/li>\n<li>Modelos de cores diversos prontos a usar.<\/li>\n<\/ul>\n<\/p> \n \n<p><a href=\"#demo\">Meramente verifiqar esta demonstra\u00e7\u00e3o para ter a ideia completa<\/a><\/p> \n<\/div> \n<div class=\"application-platform-content-item-installation application-platform-content-item\" id=\"installation\" data-nav-section=\"installation\">\n<h2>Como posso incorporar a Mostru\u00e1rio do logotipo para minha do s\u00edtio de Google Sites?<\/h2> \n<p>Apenas siga as instru\u00e7\u00f5es abaixo para activar o plugin.<\/p> \n\n<ol>\n<li>Emprega o nosso editor gratuito e come\u00e7ar construir o seu widget \u00fanico.<\/li> \n <li>Copia a c\u00f3digo individual mostrado na janela em Elfsight Apps.<\/li> \n <li>Come\u00e7a aplica\u00e7\u00e3o de o plugin em seu s\u00edtio de Google Sites.<\/li> \n <li>Est\u00e1s feito! A embedida \u00e9 desempenhada sucedidamente.<\/li>\n<\/ol> \n<p>Se deparar com, n\u00e3o hesite em se dirigir \u00e0 o nosso funcion\u00e1rio do suporte. Os nossos pessoas est\u00e3o ansiosas para resolver todas as quest\u00f5es que tenham com o plugin.<\/p>\n\n \n<\/div>\n","protected":false},"excerpt":{"rendered":"","protected":false},"author":18,"featured_media":0,"parent":983,"menu_order":0,"comment_status":"closed","ping_status":"closed","template":"templates\/template-application-platform.php","meta":{"publish_to_discourse":"","publish_post_category":"","wpdc_auto_publish_overridden":"","wpdc_topic_tags":"","wpdc_pin_topic":"","wpdc_pin_until":"","discourse_post_id":"","discourse_permalink":"","wpdc_publishing_response":"","wpdc_publishing_error":"","footnotes":""},"class_list":["post-4218","page","type-page","status-publish","hentry"],"yoast_head":"<!-- This site is optimized with the Yoast SEO plugin v25.3.1 - https:\/\/yoast.com\/wordpress\/plugins\/seo\/ -->\n<title>Apresenta\u00e7\u00e3o de Log\u00f3tipos - integrar plugin de Mostru\u00e1rio do logotipo para site de Google Sites<\/title>\n<meta name=\"description\" content=\"Instala a widget de Apresenta\u00e7\u00e3o de Log\u00f3tipos auteloso na sua do s\u00edtio de Google Sites. Tenta Elfsight demonstra\u00e7\u00e3o \u00fatil e genera o teu plugin personalizado num instante.\" \/>\n<meta name=\"robots\" content=\"index, follow, max-snippet:-1, max-image-preview:large, max-video-preview:-1\" \/>\n<link rel=\"canonical\" href=\"https:\/\/elfsight.com\/pt\/logo-showcase-widget\/google-sites\/\" \/>\n<meta property=\"og:locale\" content=\"pt_PT\" \/>\n<meta property=\"og:type\" content=\"article\" \/>\n<meta property=\"og:title\" content=\"Apresenta\u00e7\u00e3o de Log\u00f3tipos - integrar plugin de Mostru\u00e1rio do logotipo para site de Google Sites\" \/>\n<meta property=\"og:description\" content=\"Instala a widget de Apresenta\u00e7\u00e3o de Log\u00f3tipos auteloso na sua do s\u00edtio de Google Sites. Tenta Elfsight demonstra\u00e7\u00e3o \u00fatil e genera o teu plugin personalizado num instante.\" \/>\n<meta property=\"og:url\" content=\"https:\/\/elfsight.com\/pt\/logo-showcase-widget\/google-sites\/\" \/>\n<meta property=\"og:site_name\" content=\"Elfsight PT\" \/>\n<meta property=\"article:modified_time\" content=\"2025-03-06T11:42:11+00:00\" \/>\n<meta name=\"twitter:card\" content=\"summary_large_image\" \/>\n<meta name=\"twitter:label1\" content=\"Tempo estimado de leitura\" \/>\n\t<meta name=\"twitter:data1\" content=\"2 minutos\" \/>\n<!-- \/ Yoast SEO plugin. -->","yoast_head_json":{"title":"Apresenta\u00e7\u00e3o de Log\u00f3tipos - integrar plugin de Mostru\u00e1rio do logotipo para site de Google Sites","description":"Instala a widget de Apresenta\u00e7\u00e3o de Log\u00f3tipos auteloso na sua do s\u00edtio de Google Sites. Tenta Elfsight demonstra\u00e7\u00e3o \u00fatil e genera o teu plugin personalizado num instante.","robots":{"index":"index","follow":"follow","max-snippet":"max-snippet:-1","max-image-preview":"max-image-preview:large","max-video-preview":"max-video-preview:-1"},"canonical":"https:\/\/elfsight.com\/pt\/logo-showcase-widget\/google-sites\/","og_locale":"pt_PT","og_type":"article","og_title":"Apresenta\u00e7\u00e3o de Log\u00f3tipos - integrar plugin de Mostru\u00e1rio do logotipo para site de Google Sites","og_description":"Instala a widget de Apresenta\u00e7\u00e3o de Log\u00f3tipos auteloso na sua do s\u00edtio de Google Sites. Tenta Elfsight demonstra\u00e7\u00e3o \u00fatil e genera o teu plugin personalizado num instante.","og_url":"https:\/\/elfsight.com\/pt\/logo-showcase-widget\/google-sites\/","og_site_name":"Elfsight PT","article_modified_time":"2025-03-06T11:42:11+00:00","twitter_card":"summary_large_image","twitter_misc":{"Tempo estimado de leitura":"2 minutos"},"schema":{"@context":"https:\/\/schema.org","@graph":[{"@type":"WebPage","@id":"https:\/\/elfsight.com\/pt\/logo-showcase-widget\/google-sites\/","url":"https:\/\/elfsight.com\/pt\/logo-showcase-widget\/google-sites\/","name":"Apresenta\u00e7\u00e3o de Log\u00f3tipos - integrar plugin de Mostru\u00e1rio do logotipo para site de Google Sites","isPartOf":{"@id":"https:\/\/elfsight.com\/pt\/#website"},"datePublished":"2022-05-18T14:24:04+00:00","dateModified":"2025-03-06T11:42:11+00:00","description":"Instala a widget de Apresenta\u00e7\u00e3o de Log\u00f3tipos auteloso na sua do s\u00edtio de Google Sites. Tenta Elfsight demonstra\u00e7\u00e3o \u00fatil e genera o teu plugin personalizado num instante.","breadcrumb":{"@id":"https:\/\/elfsight.com\/pt\/logo-showcase-widget\/google-sites\/#breadcrumb"},"inLanguage":"pt-PT","potentialAction":[{"@type":"ReadAction","target":["https:\/\/elfsight.com\/pt\/logo-showcase-widget\/google-sites\/"]}]},{"@type":"BreadcrumbList","@id":"https:\/\/elfsight.com\/pt\/logo-showcase-widget\/google-sites\/#breadcrumb","itemListElement":[{"@type":"ListItem","position":1,"name":"Home","item":"https:\/\/elfsight.com\/pt\/"},{"@type":"ListItem","position":2,"name":"Logo Showcase","item":"https:\/\/elfsight.com\/pt\/logo-showcase-widget\/"},{"@type":"ListItem","position":3,"name":"Logo Showcase &#8211; Google Sites"}]},{"@type":"WebSite","@id":"https:\/\/elfsight.com\/pt\/#website","url":"https:\/\/elfsight.com\/pt\/","name":"Elfsight PT","description":"Just another Elfsight Sites site","potentialAction":[{"@type":"SearchAction","target":{"@type":"EntryPoint","urlTemplate":"https:\/\/elfsight.com\/pt\/?s={search_term_string}"},"query-input":{"@type":"PropertyValueSpecification","valueRequired":true,"valueName":"search_term_string"}}],"inLanguage":"pt-PT"}]}},"meta_box":{"industry":"","seo_heading":"","heading":"","description":"","cta_heading":"","cta_description":"","application":"982","h1":"Plugin de Apresenta\u00e7\u00e3o de Log\u00f3tipos para Google Sites","h1_caption":"Apresenta logomarcas de seus marcas, parceiros, clientes e fornecedores em seu website com alguns cliques usando o plugin da Elfsight","application_category":[],"applications_title":"","applications_request_title":"","applications_request_button_text":"","hero_text":"","hero_video":"","hero_video_schema_markup":"","selling_points_title":"","selling_points_caption":"","selling_points":[],"selling_points_cta_text":"","features_title":"","features":"","ed_cta_examples_text":"","ed_cta_examples_hidden":"","ed_cta_demo_text":"","ed_cta_demo_hidden":"","why_caption":"","why_editor_title":"","why_editor_text":"","why_team_title":"","why_team_text":"","why_service_title":"","why_service_text":"","template_catalog_visible":"0","template_catalog_title":"","template_catalog_text":"","template_catalog_categories_visible":"","demo_title":"Sinta-se livre para formar por medida Google Sites Mostru\u00e1rio do logotipo","demo_caption":"Adapta isto e integre o widget no o seu p\u00e1gina atrav\u00e9s de demonstra\u00e7\u00e3o .","default_faq_hidden":"","app_template_category":[],"platform":"112","template_public_id":"","codecanyon_url":"","codecanyon_item_id":"","codecanyon_price":"","pricing_caption":"","pricing_elfsight_apps_hide_column":"","pricing_elfsight_apps_url":"","pricing_codecanyon_price_caption":"","integration_category":[],"integration_request_title":"","integration_request_cta":"","integration_platform":"","integrations":[],"platform_category":[],"video_schema_markup":"","price":"a partir de US$ 0\/m\u00eas","trial":"","benefits":[{"text":"Servi\u00e7os de instala\u00e7\u00e3o livre"},{"text":"Suporte premium"},{"text":"14 dias dinheiro de volta garantia"},{"text":"Atualiza\u00e7\u00f5es vital\u00edcias"}],"button_url":"#demo","button_target_blank":"0","button_nofollow":"0","attributes":[{"name":"Responsivo","content":"Sim","_state":"expanded"},{"name":"Navegadores compat\u00edveis","content":"IE11, Firefox, Safari, Opera, Chrome, Edge","_state":"expanded"}],"tags":[],"tags_disable_links":"0","hide_more_platforms":"0","video_object":"","demo_hide_cta":"0","demo_hide_cloud_options":"0","pricing_title":"","pricing":[{"pricing_icon":"platform","pricing_title":"Elfsight Apps","pricing_title_caption":"Software independente de plataforma","pricing_price":"de US$ 0 por m\u00eas","pricing_price_caption":"come\u00e7ar com um plano gr\u00e1tis","pricing_benefits":[{"text":"Sites ilimitados"},{"text":"Suporte r\u00e1pido"},{"text":"Ajuda para instala\u00e7\u00e3o gratuita"},{"text":"Design flex\u00edvel"}],"pricing_button_text":"Adicionar ao site","pricing_button_url":"#demo","_state":"expanded"}],"related_apps_title":"","related_apps_hidden":"1","author":"","image":[],"title":"","job":"","social_networks":[]},"_links":{"self":[{"href":"https:\/\/elfsight.com\/pt\/wp-json\/wp\/v2\/pages\/4218","targetHints":{"allow":["GET"]}}],"collection":[{"href":"https:\/\/elfsight.com\/pt\/wp-json\/wp\/v2\/pages"}],"about":[{"href":"https:\/\/elfsight.com\/pt\/wp-json\/wp\/v2\/types\/page"}],"author":[{"embeddable":true,"href":"https:\/\/elfsight.com\/pt\/wp-json\/wp\/v2\/users\/18"}],"replies":[{"embeddable":true,"href":"https:\/\/elfsight.com\/pt\/wp-json\/wp\/v2\/comments?post=4218"}],"version-history":[{"count":2,"href":"https:\/\/elfsight.com\/pt\/wp-json\/wp\/v2\/pages\/4218\/revisions"}],"predecessor-version":[{"id":14448,"href":"https:\/\/elfsight.com\/pt\/wp-json\/wp\/v2\/pages\/4218\/revisions\/14448"}],"up":[{"embeddable":true,"href":"https:\/\/elfsight.com\/pt\/wp-json\/wp\/v2\/pages\/983"}],"wp:attachment":[{"href":"https:\/\/elfsight.com\/pt\/wp-json\/wp\/v2\/media?parent=4218"}],"curies":[{"name":"wp","href":"https:\/\/api.w.org\/{rel}","templated":true}]}}