{"id":4216,"date":"2024-05-03T06:41:12","date_gmt":"2024-05-03T06:41:12","guid":{"rendered":"https:\/\/elfsight.com\/pt\/?page_id=4216"},"modified":"2025-03-06T12:01:11","modified_gmt":"2025-03-06T12:01:11","slug":"google-sites","status":"publish","type":"page","link":"https:\/\/elfsight.com\/pt\/number-counter-widget\/google-sites\/","title":{"rendered":"Number Counter &#8211; Google Sites"},"content":{"rendered":"\n<div class=\"application-platform-content-item-description application-platform-content-item\" id=\"description\" data-nav-section=\"description\"> <h2>Incorpore o contador de n\u00fameros no Google Sites com o widget Elfsight<\/h2> <p>O Elfsight Number Counter para Google Sites \u00e9 um plugin gerenci\u00e1vel com muitos de recursos para escolher. \u00c9 bom para mostrar seus espl\u00eandidos \u00edndices de neg\u00f3cios, a quantidade de obras realizadas e muito mais. O widget \u00e9 extremamente personaliz\u00e1vel. Sinta-se \u00e0 vontade para adicionar qualquer quantidade de contadores, comp\u00f4-los em colunas, escolher \u00edcones de nossa biblioteca ou fazer upload dos seus pr\u00f3prios, torn\u00e1-los coloridos ou de cor s\u00f3lida, anexar legendas para esclarecer os n\u00fameros que voc\u00ea est\u00e1 exibindo, repintar qualquer recurso, escolher o imagem de fundo, e isso n\u00e3o \u00e9 tudo. Comece a construir seu plugin agora e veja as principais estat\u00edsticas de seu neg\u00f3cio crescerem rapidamente! <\/p> <p><b>Exponha suas realiza\u00e7\u00f5es maravilhosas aos seus clientes em potencial. Obtenha mais vendas e leads de sucesso! <\/b><\/p> <\/div> <div class=\"application-platform-content-item-features application-platform-content-item\" id=\"features\" data-nav-section=\"features\"> <h2>O widget possui recursos poderosos e descomplicados, veja alguns deles: <\/h2> <ul><li>Uma quantidade ilimitada de contadores. <\/li><li>N\u00famero irrestrito de colunas. <\/li><li>Anexe t\u00edtulos, manchetes, prefixos e p\u00f3s-fixos. <\/li><li>Decida o formato do \u00edcone &#8211; pegue-o em nossa biblioteca ou carregue o seu pr\u00f3prio. <\/li><li>Anexar links. <\/li><\/ul><p><a href=\"#demo\">Experimente todas as op\u00e7\u00f5es de personaliza\u00e7\u00e3o em uma demonstra\u00e7\u00e3o totalmente funcional<\/a><\/p> <\/div> <div class=\"application-platform-content-item-installation application-platform-content-item\" id=\"installation\" data-nav-section=\"installation\"> <h2>Como incorporo o contador de n\u00fameros na minha p\u00e1gina do Google Sites? <\/h2><div class=\"video-container\"><iframe width=\"720\" height=\"405\" src=\"https:\/\/www.youtube.com\/embed\/I7FaUiI4T0o\" frameborder=\"0\" allowfullscreen=\"\"><\/iframe><\/div><p>Basta seguir as orienta\u00e7\u00f5es abaixo para come\u00e7ar a trabalhar com a ferramenta. <\/p> <ol><li><b>Execute nosso editor gratuito e comece a construir seu instrumento personalizado. <\/b><br> Encontre a interface e os aspectos preferidos da ferramenta e salve as edi\u00e7\u00f5es. <\/li> <li><b>Receba o c\u00f3digo individual que aparece na janela dos aplicativos Elfsight. <\/b><br> Assim que a cria\u00e7\u00e3o da sua ferramenta for finalizada, copie o c\u00f3digo exclusivo na caixa que apareceu e guarde-o para uso posterior. <\/li> <li><b>Comece a usar o plug-in na sua p\u00e1gina inicial do Google Sites. <\/b><br> Coloque o c\u00f3digo salvo recentemente em seu site e salve os ajustes. <\/li> <li><b>Conclu\u00eddo! A incorpora\u00e7\u00e3o \u00e9 totalmente executada. <\/b><br> Acesse sua p\u00e1gina da web para revisar como o plugin est\u00e1 funcionando. <\/li><\/ol> <div class=\"tip-yellow tip\"><b>Devido \u00e0s peculiaridades do funcionamento do Google Sites, o widget pode ter uma apar\u00eancia diferente da demonstra\u00e7\u00e3o on-line. Pedimos desculpas por qualquer inconveniente causado.<\/b><\/div><p>Se tiver d\u00favidas ou problemas, entre em contato com nossa equipe de atendimento ao cliente. Nossos especialistas ter\u00e3o prazer em resolver todas as d\u00favidas que voc\u00ea possa ter com a ferramenta. <\/p> <div class=\"faq\" data-component=\"FAQ\"><div class=\"faq-item\">\r\n\t\t\t\t\t<div class=\"faq-item-question\">\r\n\t\t\t\t\t\t<h3 class=\"faq-item-question-text\">Existe uma maneira de adicionar o Contador de n\u00fameros \u00e0 minha p\u00e1gina inicial do Google Sites sem conhecimentos de codifica\u00e7\u00e3o?<\/h3>\r\n\r\n\t\t\t\t\t\t<div class=\"faq-item-question-icon\"><\/div>\r\n\t\t\t\t\t<\/div>\r\n\r\n\t\t\t\t\t<div class=\"faq-item-answer\">\r\n\t\t\t\t\t\t<div class=\"faq-item-answer-text\"> <p>A Elfsight apresenta uma solu\u00e7\u00e3o SaaS que permite que as pessoas criem voc\u00ea mesmo uma se\u00e7\u00e3o de Contador de n\u00fameros, verifique o guia simples: v\u00e1 para a demonstra\u00e7\u00e3o ao vivo para criar um widget de contador num\u00e9rico que voc\u00ea gostaria que aparecesse em seu Google Sites. Escolha um dos muitos modelos prontos e modifique as configura\u00e7\u00f5es do contador num\u00e9rico, inclua seu conte\u00fado, altere o layout e as cores sem nenhum conhecimento de codifica\u00e7\u00e3o. Salve as configura\u00e7\u00f5es feitas no Number Counter e copie seu c\u00f3digo de instala\u00e7\u00e3o, que pode ser inclu\u00eddo gratuitamente na p\u00e1gina do Google Sites. Trabalhando no configurador simples, qualquer usu\u00e1rio da Internet pode criar um widget de contador de n\u00fameros on-line e simplesmente adicion\u00e1-lo a qualquer p\u00e1gina inicial do Google Sites. N\u00e3o h\u00e1 necessidade de adquirir um plano pago ou enviar os dados do seu cart\u00e3o para acessar nosso servi\u00e7o. Se voc\u00ea encontrar algum problema em qualquer etapa, n\u00e3o hesite em entrar em contato com nossa equipe de suporte t\u00e9cnico.<\/p> <\/div>\r\n\t\t\t\t\t<\/div>\r\n\t\t\t\t<\/div> <\/div><\/div>\n","protected":false},"excerpt":{"rendered":"","protected":false},"author":9,"featured_media":0,"parent":1061,"menu_order":0,"comment_status":"closed","ping_status":"closed","template":"templates\/template-application-platform.php","meta":{"publish_to_discourse":"","publish_post_category":"","wpdc_auto_publish_overridden":"","wpdc_topic_tags":"","wpdc_pin_topic":"","wpdc_pin_until":"","discourse_post_id":"","discourse_permalink":"","wpdc_publishing_response":"","wpdc_publishing_error":"","footnotes":""},"class_list":["post-4216","page","type-page","status-publish","hentry"],"yoast_head":"<!-- This site is optimized with the Yoast SEO plugin v25.3.1 - https:\/\/yoast.com\/wordpress\/plugins\/seo\/ -->\n<title>Contador de n\u00fameros - Adicionar widget de contador ao Google Sites (2025)<\/title>\n<meta name=\"description\" content=\"Integre um contador num\u00e9rico ao seu site do Google Sites, aplicando nossa pr\u00e1tica demonstra\u00e7\u00e3o. Crie seu plugin personalizado com apenas alguns cliques!\" \/>\n<meta name=\"robots\" content=\"index, follow, max-snippet:-1, max-image-preview:large, max-video-preview:-1\" \/>\n<link rel=\"canonical\" href=\"https:\/\/elfsight.com\/pt\/number-counter-widget\/google-sites\/\" \/>\n<meta property=\"og:locale\" content=\"pt_PT\" \/>\n<meta property=\"og:type\" content=\"article\" \/>\n<meta property=\"og:title\" content=\"Contador de n\u00fameros - Adicionar widget de contador ao Google Sites (2025)\" \/>\n<meta property=\"og:description\" content=\"Integre um contador num\u00e9rico ao seu site do Google Sites, aplicando nossa pr\u00e1tica demonstra\u00e7\u00e3o. Crie seu plugin personalizado com apenas alguns cliques!\" \/>\n<meta property=\"og:url\" content=\"https:\/\/elfsight.com\/pt\/number-counter-widget\/google-sites\/\" \/>\n<meta property=\"og:site_name\" content=\"Elfsight PT\" \/>\n<meta property=\"article:modified_time\" content=\"2025-03-06T12:01:11+00:00\" \/>\n<meta name=\"twitter:card\" content=\"summary_large_image\" \/>\n<meta name=\"twitter:label1\" content=\"Tempo estimado de leitura\" \/>\n\t<meta name=\"twitter:data1\" content=\"4 minutos\" \/>\n<!-- \/ Yoast SEO plugin. -->","yoast_head_json":{"title":"Contador de n\u00fameros - Adicionar widget de contador ao Google Sites (2025)","description":"Integre um contador num\u00e9rico ao seu site do Google Sites, aplicando nossa pr\u00e1tica demonstra\u00e7\u00e3o. Crie seu plugin personalizado com apenas alguns cliques!","robots":{"index":"index","follow":"follow","max-snippet":"max-snippet:-1","max-image-preview":"max-image-preview:large","max-video-preview":"max-video-preview:-1"},"canonical":"https:\/\/elfsight.com\/pt\/number-counter-widget\/google-sites\/","og_locale":"pt_PT","og_type":"article","og_title":"Contador de n\u00fameros - Adicionar widget de contador ao Google Sites (2025)","og_description":"Integre um contador num\u00e9rico ao seu site do Google Sites, aplicando nossa pr\u00e1tica demonstra\u00e7\u00e3o. Crie seu plugin personalizado com apenas alguns cliques!","og_url":"https:\/\/elfsight.com\/pt\/number-counter-widget\/google-sites\/","og_site_name":"Elfsight PT","article_modified_time":"2025-03-06T12:01:11+00:00","twitter_card":"summary_large_image","twitter_misc":{"Tempo estimado de leitura":"4 minutos"},"schema":{"@context":"https:\/\/schema.org","@graph":[{"@type":"WebPage","@id":"https:\/\/elfsight.com\/pt\/number-counter-widget\/google-sites\/","url":"https:\/\/elfsight.com\/pt\/number-counter-widget\/google-sites\/","name":"Contador de n\u00fameros - Adicionar widget de contador ao Google Sites (2025)","isPartOf":{"@id":"https:\/\/elfsight.com\/pt\/#website"},"datePublished":"2024-05-03T06:41:12+00:00","dateModified":"2025-03-06T12:01:11+00:00","description":"Integre um contador num\u00e9rico ao seu site do Google Sites, aplicando nossa pr\u00e1tica demonstra\u00e7\u00e3o. Crie seu plugin personalizado com apenas alguns cliques!","breadcrumb":{"@id":"https:\/\/elfsight.com\/pt\/number-counter-widget\/google-sites\/#breadcrumb"},"inLanguage":"pt-PT","potentialAction":[{"@type":"ReadAction","target":["https:\/\/elfsight.com\/pt\/number-counter-widget\/google-sites\/"]}]},{"@type":"BreadcrumbList","@id":"https:\/\/elfsight.com\/pt\/number-counter-widget\/google-sites\/#breadcrumb","itemListElement":[{"@type":"ListItem","position":1,"name":"Home","item":"https:\/\/elfsight.com\/pt\/"},{"@type":"ListItem","position":2,"name":"Number Counter","item":"https:\/\/elfsight.com\/pt\/number-counter-widget\/"},{"@type":"ListItem","position":3,"name":"Number Counter &#8211; Google Sites"}]},{"@type":"WebSite","@id":"https:\/\/elfsight.com\/pt\/#website","url":"https:\/\/elfsight.com\/pt\/","name":"Elfsight PT","description":"Just another Elfsight Sites site","potentialAction":[{"@type":"SearchAction","target":{"@type":"EntryPoint","urlTemplate":"https:\/\/elfsight.com\/pt\/?s={search_term_string}"},"query-input":{"@type":"PropertyValueSpecification","valueRequired":true,"valueName":"search_term_string"}}],"inLanguage":"pt-PT"}]}},"meta_box":{"industry":"","seo_heading":"","heading":"","description":"","cta_heading":"","cta_description":"","application":"1060","h1":"Widget Contador de n\u00fameros do Google Sites","h1_caption":"Revele suas conquistas impressionantes aos usu\u00e1rios e conquiste clientes mais fi\u00e9is","application_category":[],"applications_title":"","applications_request_title":"","applications_request_button_text":"","hero_text":"","hero_video":"","hero_video_schema_markup":"","selling_points_title":"","selling_points_caption":"","selling_points":[],"selling_points_cta_text":"","features_title":"","features":"","ed_cta_examples_text":"","ed_cta_examples_hidden":"","ed_cta_demo_text":"","ed_cta_demo_hidden":"","why_caption":"","why_editor_title":"","why_editor_text":"","why_team_title":"","why_team_text":"","why_service_title":"","why_service_text":"","template_catalog_visible":"0","template_catalog_title":"","template_catalog_text":"","template_catalog_categories_visible":"","demo_title":"Crie seu widget de contador num\u00e9rico","demo_caption":"Configure seu contador num\u00e9rico e adicione-o ao seu site do Google Sites gratuitamente!","default_faq_hidden":"","app_template_category":[],"platform":"112","template_public_id":"","codecanyon_url":"","codecanyon_item_id":"","codecanyon_price":"","pricing_caption":"","pricing_elfsight_apps_hide_column":"","pricing_elfsight_apps_url":"","pricing_codecanyon_price_caption":"","integration_category":[],"integration_request_title":"","integration_request_cta":"","integration_platform":"","integrations":[],"platform_category":[],"video_schema_markup":"","price":"a partir de US$ 0\/m\u00eas","trial":"","benefits":[{"text":"Ajuda de instala\u00e7\u00e3o gratuita"},{"text":"Atendimento ao cliente profissional"},{"text":"Garantia de devolu\u00e7\u00e3o do dinheiro em 14 dias"},{"text":"Atualizando constantemente"}],"button_url":"#demo","button_target_blank":"0","button_nofollow":"0","attributes":[{"name":"Instala\u00e7\u00f5es","content":"10,000 - 100,000","_state":"expanded"},{"name":"Capacidade de resposta","content":"Funciona e fica perfeitamente em celulares","_state":"expanded"},{"name":"Navegadores compat\u00edveis","content":"Edge, Safari, Firefox, Opera, Chrome"}],"tags":[],"tags_disable_links":"0","hide_more_platforms":"0","video_object":"","demo_hide_cta":"0","demo_hide_cloud_options":"0","pricing_title":"","pricing":[{"pricing_icon":"platform","pricing_title":"Elfsight Apps","pricing_title_caption":"Solu\u00e7\u00e3o digital independente de plataforma","pricing_price":"a partir de US$ 0\/m\u00eas","pricing_price_caption":"comece com plano gratuito","pricing_benefits":[{"text":"Sites ilimitados"},{"text":"Suporte profissional"},{"text":"Suporte profissional"},{"text":"Oferta especial para v\u00e1rios aplicativos"}],"pricing_button_text":"Adicionar ao site","pricing_button_url":"#demo","_state":"expanded"}],"related_apps_title":"","related_apps_hidden":"1","author":"","image":[],"title":"","job":"","social_networks":[]},"_links":{"self":[{"href":"https:\/\/elfsight.com\/pt\/wp-json\/wp\/v2\/pages\/4216","targetHints":{"allow":["GET"]}}],"collection":[{"href":"https:\/\/elfsight.com\/pt\/wp-json\/wp\/v2\/pages"}],"about":[{"href":"https:\/\/elfsight.com\/pt\/wp-json\/wp\/v2\/types\/page"}],"author":[{"embeddable":true,"href":"https:\/\/elfsight.com\/pt\/wp-json\/wp\/v2\/users\/9"}],"replies":[{"embeddable":true,"href":"https:\/\/elfsight.com\/pt\/wp-json\/wp\/v2\/comments?post=4216"}],"version-history":[{"count":3,"href":"https:\/\/elfsight.com\/pt\/wp-json\/wp\/v2\/pages\/4216\/revisions"}],"predecessor-version":[{"id":14457,"href":"https:\/\/elfsight.com\/pt\/wp-json\/wp\/v2\/pages\/4216\/revisions\/14457"}],"up":[{"embeddable":true,"href":"https:\/\/elfsight.com\/pt\/wp-json\/wp\/v2\/pages\/1061"}],"wp:attachment":[{"href":"https:\/\/elfsight.com\/pt\/wp-json\/wp\/v2\/media?parent=4216"}],"curies":[{"name":"wp","href":"https:\/\/api.w.org\/{rel}","templated":true}]}}