{"id":4214,"date":"2024-05-03T06:39:18","date_gmt":"2024-05-03T06:39:18","guid":{"rendered":"https:\/\/elfsight.com\/pt\/?page_id=4214"},"modified":"2024-11-13T12:02:05","modified_gmt":"2024-11-13T12:02:05","slug":"drupal","status":"publish","type":"page","link":"https:\/\/elfsight.com\/pt\/google-reviews-widget\/drupal\/","title":{"rendered":"Google Reviews &#8211; Drupal"},"content":{"rendered":"<div class=\"application-platform-content-item-description application-platform-content-item\" id=\"description\" data-nav-section=\"description\"> <h2>Incorpore avalia\u00e7\u00f5es do Google com o m\u00f3dulo Elfsight<\/h2> <p>Elfsight Google Reviews \u00e9 um widget f\u00e1cil, que ajuda voc\u00ea a demonstrar avalia\u00e7\u00f5es sobre seus neg\u00f3cios a partir de postagens no Google. Com nosso widget, voc\u00ea poder\u00e1 aplicar filtros para ocultar avalia\u00e7\u00f5es negativas, exibir suas avalia\u00e7\u00f5es com estrelas e n\u00fameros do Google, fornecer informa\u00e7\u00f5es sobre os autores e adicionar um bot\u00e3o que ajudar\u00e1 os visitantes a adicionar mais uma avalia\u00e7\u00e3o no Google. O widget Elfsight Google Reviews ir\u00e1 ajud\u00e1-lo a exibir sua prova social perfeita em seu site pessoal e aumentar as vendas. <\/p><div class=\"faq\" data-component=\"FAQ\"> <div class=\"faq-item\">\r\n\t\t\t\t\t<div class=\"faq-item-question\">\r\n\t\t\t\t\t\t<h3 class=\"faq-item-question-text\">Onde posso instalar o widget no meu site?<\/h3>\r\n\r\n\t\t\t\t\t\t<div class=\"faq-item-question-icon\"><\/div>\r\n\t\t\t\t\t<\/div>\r\n\r\n\t\t\t\t\t<div class=\"faq-item-answer\">\r\n\t\t\t\t\t\t<div class=\"faq-item-answer-text\"> <p>Nosso widget pode ser colocado em qualquer p\u00e1gina da web, onde voc\u00ea gostaria de mostrar sua alta aprecia\u00e7\u00e3o e popularidade entre os clientes . Se precisar dele em todas as p\u00e1ginas do seu site, voc\u00ea pode inseri-lo facilmente no modelo do site. <\/p><\/div>\r\n\t\t\t\t\t<\/div>\r\n\t\t\t\t<\/div> <div class=\"faq-item\">\r\n\t\t\t\t\t<div class=\"faq-item-question\">\r\n\t\t\t\t\t\t<h3 class=\"faq-item-question-text\">Como vou me beneficiar do m\u00f3dulo Drupal para o Google Reviews?<\/h3>\r\n\r\n\t\t\t\t\t\t<div class=\"faq-item-question-icon\"><\/div>\r\n\t\t\t\t\t<\/div>\r\n\r\n\t\t\t\t\t<div class=\"faq-item-answer\">\r\n\t\t\t\t\t\t<div class=\"faq-item-answer-text\"> <p>Os coment\u00e1rios deixados por pessoas reais parecem perfeitamente confi\u00e1veis \u200b\u200bpara os clientes do seu site e demonstram que sua empresa \u00e9 confi\u00e1vel parceiro. Avalia\u00e7\u00f5es altas e bons depoimentos podem ajudar a elevar o n\u00edvel de vendas do seu site. Al\u00e9m disso, o bot\u00e3o ativo pode contribuir para aumentar a quantidade de avalia\u00e7\u00f5es dos usu\u00e1rios relacionadas ao seu neg\u00f3cio no Google. <\/p> <\/div>\r\n\t\t\t\t\t<\/div>\r\n\t\t\t\t<\/div> <div class=\"faq-item\">\r\n\t\t\t\t\t<div class=\"faq-item-question\">\r\n\t\t\t\t\t\t<h3 class=\"faq-item-question-text\">Como adiciono o widget Google Reviews ao meu site Drupal?<\/h3>\r\n\r\n\t\t\t\t\t\t<div class=\"faq-item-question-icon\"><\/div>\r\n\t\t\t\t\t<\/div>\r\n\r\n\t\t\t\t\t<div class=\"faq-item-answer\">\r\n\t\t\t\t\t\t<div class=\"faq-item-answer-text\"> <p>Leva dois minutos para fazer isso. A instala\u00e7\u00e3o \u00e9 extremamente r\u00e1pida, gratuita e sem codifica\u00e7\u00e3o. <\/p> <p>O widget pode ser configurado diretamente atrav\u00e9s do nosso servi\u00e7o ou atrav\u00e9s do marketplace. Voc\u00ea pode ver as vantagens de ambas as op\u00e7\u00f5es e escolher a sua. <\/p> <\/div>\r\n\t\t\t\t\t<\/div>\r\n\t\t\t\t<\/div> <\/div><\/div><div class=\"application-platform-content-item-features application-platform-content-item\" id=\"features\" data-nav-section=\"features\"> <h2>Principais recursos do m\u00f3dulo Google Reviews<\/h2> <p>Para obter uma compreens\u00e3o clara do widget, voc\u00ea pode consultar a lista das caracter\u00edsticas prim\u00e1rias. Eles tornam este widget incrivelmente eficiente para o seu site: <\/p> <ul> <li>3 filtros prontos para uso: por tipo, exclus\u00e3o por e quantidade de avalia\u00e7\u00f5es para exibi\u00e7\u00e3o; <\/li> <li>4 layouts prontos para uso: Lista, Grade, Alvenaria e Slider; <\/li> <li>Uma op\u00e7\u00e3o para ativar\/desativar o cabe\u00e7alho do widget; <\/li> <li>O bot\u00e3o ativo para compartilhar mais uma avalia\u00e7\u00e3o leva as pessoas \u00e0 p\u00e1gina do Google; <\/li> <li>6 elementos ajust\u00e1veis \u200b\u200bdo widget: nome do autor e foto, recomenda\u00e7\u00e3o, data de compartilhamento, \u00edcone do Google e classifica\u00e7\u00e3o por estrelas; <\/li> <li>Duas variantes de cen\u00e1rios ap\u00f3s a rejei\u00e7\u00e3o da solicita\u00e7\u00e3o de revis\u00e3o: exibir sua mensagem ou remover o bot\u00e3o. <\/li> <\/ul><p><a href=\"#demo\">Para explorar mais recursos, consulte a demonstra\u00e7\u00e3o<\/a><\/p> <\/div><div class=\"application-platform-content-item-installation application-platform-content-item\" id=\"installation\" data-nav-section=\"installation\"> <h2> Descubra como integrar o Google Reviews ao seu site Drupal<\/h2> <div class=\"video-container\"><iframe width=\"720\" height=\"405\" src=\"https:\/\/www.youtube.com\/embed\/eALhc53nhdU\" frameborder=\"0\" allowfullscreen=\"\"><\/iframe><\/div><p>Basta seguir as instru\u00e7\u00f5es abaixo para integrar o m\u00f3dulo no Drupal.<\/p> <ol><li><b> Utilize nosso editor gratuito e comece a formar seu m\u00f3dulo personalizado do Google Reviews. <\/b><br> Escolha o layout e as op\u00e7\u00f5es preferidas da ferramenta e salve as edi\u00e7\u00f5es. <\/li> <li><b>Receba seu c\u00f3digo individual aparecendo na caixa dos aplicativos da Elfsight. <\/b><br> Logo ap\u00f3s a cria\u00e7\u00e3o do seu widget pessoal, copie o c\u00f3digo pessoal no pop-up exibido e guarde-o para ocasi\u00f5es futuras. <\/li> <li><b>Iniciar o uso da ferramenta no site Drupal. <\/b><br> Insira o c\u00f3digo que voc\u00ea copiou recentemente em seu site e salve as altera\u00e7\u00f5es. <\/li> <li><b>Conclu\u00eddo! A integra\u00e7\u00e3o foi bem-sucedida.<\/b><br> Acesse seu site para avaliar o desempenho do m\u00f3dulo. <\/li><\/ol><p>Ainda tem d\u00favidas? Ou est\u00e1 tendo problemas ao instalar o Google Reviews no Drupal? Basta enviar o seu pedido para o nosso servi\u00e7o de apoio ao cliente e eles ir\u00e3o ajud\u00e1-lo com qualquer quest\u00e3o. <\/p> <\/div>","protected":false},"excerpt":{"rendered":"","protected":false},"author":9,"featured_media":0,"parent":443,"menu_order":0,"comment_status":"closed","ping_status":"closed","template":"templates\/template-application-platform.php","meta":{"publish_to_discourse":"","publish_post_category":"","wpdc_auto_publish_overridden":"","wpdc_topic_tags":"","wpdc_pin_topic":"","wpdc_pin_until":"","discourse_post_id":"","discourse_permalink":"","wpdc_publishing_response":"","wpdc_publishing_error":"","footnotes":""},"class_list":["post-4214","page","type-page","status-publish","hentry"],"yoast_head":"<!-- This site is optimized with the Yoast SEO plugin v25.3.1 - https:\/\/yoast.com\/wordpress\/plugins\/seo\/ -->\n<title>Incorpore o m\u00f3dulo Google Reviews em seu site Drupal (em 2 minutos)<\/title>\n<meta name=\"description\" content=\"Com a Elfsight, projete seu m\u00f3dulo Google Reviews e coloque-o em seu site Drupal rapidamente. Temos atendimento gratuito ao cliente e outros b\u00f4nus.\" \/>\n<meta name=\"robots\" content=\"index, follow, max-snippet:-1, max-image-preview:large, max-video-preview:-1\" \/>\n<link rel=\"canonical\" href=\"https:\/\/elfsight.com\/pt\/google-reviews-widget\/drupal\/\" \/>\n<meta property=\"og:locale\" content=\"pt_PT\" \/>\n<meta property=\"og:type\" content=\"article\" \/>\n<meta property=\"og:title\" content=\"Incorpore o m\u00f3dulo Google Reviews em seu site Drupal (em 2 minutos)\" \/>\n<meta property=\"og:description\" content=\"Com a Elfsight, projete seu m\u00f3dulo Google Reviews e coloque-o em seu site Drupal rapidamente. Temos atendimento gratuito ao cliente e outros b\u00f4nus.\" \/>\n<meta property=\"og:url\" content=\"https:\/\/elfsight.com\/pt\/google-reviews-widget\/drupal\/\" \/>\n<meta property=\"og:site_name\" content=\"Elfsight PT\" \/>\n<meta property=\"article:modified_time\" content=\"2024-11-13T12:02:05+00:00\" \/>\n<meta name=\"twitter:card\" content=\"summary_large_image\" \/>\n<meta name=\"twitter:label1\" content=\"Tempo estimado de leitura\" \/>\n\t<meta name=\"twitter:data1\" content=\"2 minutos\" \/>\n<!-- \/ Yoast SEO plugin. -->","yoast_head_json":{"title":"Incorpore o m\u00f3dulo Google Reviews em seu site Drupal (em 2 minutos)","description":"Com a Elfsight, projete seu m\u00f3dulo Google Reviews e coloque-o em seu site Drupal rapidamente. Temos atendimento gratuito ao cliente e outros b\u00f4nus.","robots":{"index":"index","follow":"follow","max-snippet":"max-snippet:-1","max-image-preview":"max-image-preview:large","max-video-preview":"max-video-preview:-1"},"canonical":"https:\/\/elfsight.com\/pt\/google-reviews-widget\/drupal\/","og_locale":"pt_PT","og_type":"article","og_title":"Incorpore o m\u00f3dulo Google Reviews em seu site Drupal (em 2 minutos)","og_description":"Com a Elfsight, projete seu m\u00f3dulo Google Reviews e coloque-o em seu site Drupal rapidamente. Temos atendimento gratuito ao cliente e outros b\u00f4nus.","og_url":"https:\/\/elfsight.com\/pt\/google-reviews-widget\/drupal\/","og_site_name":"Elfsight PT","article_modified_time":"2024-11-13T12:02:05+00:00","twitter_card":"summary_large_image","twitter_misc":{"Tempo estimado de leitura":"2 minutos"},"schema":{"@context":"https:\/\/schema.org","@graph":[{"@type":"WebPage","@id":"https:\/\/elfsight.com\/pt\/google-reviews-widget\/drupal\/","url":"https:\/\/elfsight.com\/pt\/google-reviews-widget\/drupal\/","name":"Incorpore o m\u00f3dulo Google Reviews em seu site Drupal (em 2 minutos)","isPartOf":{"@id":"https:\/\/elfsight.com\/pt\/#website"},"datePublished":"2024-05-03T06:39:18+00:00","dateModified":"2024-11-13T12:02:05+00:00","description":"Com a Elfsight, projete seu m\u00f3dulo Google Reviews e coloque-o em seu site Drupal rapidamente. Temos atendimento gratuito ao cliente e outros b\u00f4nus.","breadcrumb":{"@id":"https:\/\/elfsight.com\/pt\/google-reviews-widget\/drupal\/#breadcrumb"},"inLanguage":"pt-PT","potentialAction":[{"@type":"ReadAction","target":["https:\/\/elfsight.com\/pt\/google-reviews-widget\/drupal\/"]}]},{"@type":"BreadcrumbList","@id":"https:\/\/elfsight.com\/pt\/google-reviews-widget\/drupal\/#breadcrumb","itemListElement":[{"@type":"ListItem","position":1,"name":"Home","item":"https:\/\/elfsight.com\/pt\/"},{"@type":"ListItem","position":2,"name":"Google Reviews","item":"https:\/\/elfsight.com\/pt\/google-reviews-widget\/"},{"@type":"ListItem","position":3,"name":"Google Reviews &#8211; Drupal"}]},{"@type":"WebSite","@id":"https:\/\/elfsight.com\/pt\/#website","url":"https:\/\/elfsight.com\/pt\/","name":"Elfsight PT","description":"Just another Elfsight Sites site","potentialAction":[{"@type":"SearchAction","target":{"@type":"EntryPoint","urlTemplate":"https:\/\/elfsight.com\/pt\/?s={search_term_string}"},"query-input":{"@type":"PropertyValueSpecification","valueRequired":true,"valueName":"search_term_string"}}],"inLanguage":"pt-PT"}]}},"meta_box":{"industry":"","seo_heading":"","heading":"","description":"","cta_heading":"","cta_description":"","application":"442","h1":"M\u00f3dulo Drupal Google Reviews","h1_caption":"Adicione os coment\u00e1rios de clientes mais atraentes do Google ao seu site","application_category":[],"applications_title":"","applications_request_title":"","applications_request_button_text":"","hero_text":"","hero_video":"","hero_video_schema_markup":"","selling_points_title":"","selling_points_caption":"","selling_points":[],"selling_points_cta_text":"","features_title":"","features":"","ed_cta_examples_text":"","ed_cta_examples_hidden":"","ed_cta_demo_text":"","ed_cta_demo_hidden":"","why_caption":"","why_editor_title":"","why_editor_text":"","why_team_title":"","why_team_text":"","why_service_title":"","why_service_text":"","template_catalog_visible":"","template_catalog_title":"","template_catalog_text":"","template_catalog_categories_visible":"","demo_title":"Crie seu m\u00f3dulo Google Reviews","demo_caption":"Configure suas avalia\u00e7\u00f5es do Google e adicione-as ao seu site Drupal gratuitamente!","default_faq_hidden":"","app_template_category":[],"platform":"4905","template_public_id":"","codecanyon_url":"","codecanyon_item_id":"","codecanyon_price":"","pricing_caption":"","pricing_elfsight_apps_hide_column":"","pricing_elfsight_apps_url":"","pricing_codecanyon_price_caption":"","integration_category":[],"integration_request_title":"","integration_request_cta":"","integration_platform":"","integrations":[],"platform_category":[],"video_schema_markup":"","price":"a partir de US$ 0\/m\u00eas","trial":"","benefits":[{"text":"Servi\u00e7o de instala\u00e7\u00e3o gratuito"},{"text":"Suporte excepcional"},{"text":"Garantia de devolu\u00e7\u00e3o do dinheiro em 14 dias"},{"text":"Atualizando constantemente"}],"button_url":"#demo","button_target_blank":"0","button_nofollow":"0","attributes":[{"name":"Instala\u00e7\u00f5es","content":"100,000 - 500,000","_state":"expanded"},{"name":"Responsivo","content":"Sim","_state":"expanded"},{"name":"Navegadores compat\u00edveis","content":"Firefox, Safari, Opera, Chrome, Edge"}],"tags":[],"tags_disable_links":"0","hide_more_platforms":"","video_object":"","demo_hide_cta":"0","demo_hide_cloud_options":"0","pricing_title":"","pricing":[{"pricing_icon":"platform","pricing_title":"Elfsight Apps","pricing_title_caption":"Software independente de plataforma","pricing_price":"a partir de US$ 0\/m\u00eas","pricing_price_caption":"comece com plano gratuito","pricing_benefits":[{"text":"Sites ilimitados"},{"text":"Suporte gratuito e pontual"},{"text":"Suporte gratuito e pontual"},{"text":"Oferta por tempo limitado para v\u00e1rios aplicativos"}],"pricing_button_text":"Adicionar ao site","pricing_button_url":"#demo","_state":"expanded"}],"related_apps_title":"","related_apps_hidden":"1","author":"","image":[],"title":"","job":"","social_networks":[]},"_links":{"self":[{"href":"https:\/\/elfsight.com\/pt\/wp-json\/wp\/v2\/pages\/4214","targetHints":{"allow":["GET"]}}],"collection":[{"href":"https:\/\/elfsight.com\/pt\/wp-json\/wp\/v2\/pages"}],"about":[{"href":"https:\/\/elfsight.com\/pt\/wp-json\/wp\/v2\/types\/page"}],"author":[{"embeddable":true,"href":"https:\/\/elfsight.com\/pt\/wp-json\/wp\/v2\/users\/9"}],"replies":[{"embeddable":true,"href":"https:\/\/elfsight.com\/pt\/wp-json\/wp\/v2\/comments?post=4214"}],"version-history":[{"count":2,"href":"https:\/\/elfsight.com\/pt\/wp-json\/wp\/v2\/pages\/4214\/revisions"}],"predecessor-version":[{"id":11940,"href":"https:\/\/elfsight.com\/pt\/wp-json\/wp\/v2\/pages\/4214\/revisions\/11940"}],"up":[{"embeddable":true,"href":"https:\/\/elfsight.com\/pt\/wp-json\/wp\/v2\/pages\/443"}],"wp:attachment":[{"href":"https:\/\/elfsight.com\/pt\/wp-json\/wp\/v2\/media?parent=4214"}],"curies":[{"name":"wp","href":"https:\/\/api.w.org\/{rel}","templated":true}]}}