{"id":4212,"date":"2024-05-03T06:40:45","date_gmt":"2024-05-03T06:40:45","guid":{"rendered":"https:\/\/elfsight.com\/pt\/?page_id=4212"},"modified":"2024-11-12T15:32:48","modified_gmt":"2024-11-12T15:32:48","slug":"godaddy","status":"publish","type":"page","link":"https:\/\/elfsight.com\/pt\/logo-showcase-widget\/godaddy\/","title":{"rendered":"Logo Showcase &#8211; GoDaddy"},"content":{"rendered":"<div class=\"application-platform-content-item-description application-platform-content-item\" id=\"description\" data-nav-section=\"description\"> <h2>Incorpore o Logo Showcase no GoDaddy com o widget Elfsight<\/h2> <p>O Elfsight Logo Showcase ser\u00e1 a t\u00e9cnica perfeita para exibir os logotipos dos seus clientes e logotipos de promotores ou suas men\u00e7\u00f5es na m\u00eddia em seu site. Com o plugin, voc\u00ea convence os visitantes de que sua empresa \u00e9 uma companheira respeit\u00e1vel e mant\u00e9m uma vis\u00e3o positiva do seu neg\u00f3cio. O plugin permite adicionar logotipos infinitos, constru\u00ed-los em um carrossel ou grade e ajustar o tamanho dos logotipos. Voc\u00ea pode mostrar legendas e links para sites das empresas. Variando op\u00e7\u00f5es de cores e fontes, voc\u00ea configurar\u00e1 um visual personalizado. <\/p><p><b>Aumente as vendas mostrando a excelente reputa\u00e7\u00e3o do seu neg\u00f3cio, com logotipos de clientes em seu site. <\/b><\/p><\/div> <div class=\"application-platform-content-item-features application-platform-content-item\" id=\"features\" data-nav-section=\"features\"><h2>Principais recursos do widget Logo Showcase<\/h2> <p>Aqui voc\u00ea pode ver todas as caracter\u00edsticas funcionais do Logo Showcase. Voc\u00ea pode gerenci\u00e1-los diretamente no editor e eles o ajudar\u00e3o a criar o plugin mais adequado \u00e0s suas necessidades. <\/p><ul><li>Voc\u00ea pode vincular cada logotipo a qualquer p\u00e1gina da web; <\/li><li>Cabe\u00e7alho remov\u00edvel do plugin com t\u00edtulo e texto com formata\u00e7\u00e3o dispon\u00edvel; <\/li><li>O bot\u00e3o CTA pode ser vinculado a qualquer p\u00e1gina da web; <\/li><li>Tr\u00eas layouts diferentes: Slider, Grid e Carousel; <\/li><li>Uma op\u00e7\u00e3o para alterar o tamanho do logotipo e a largura do plugin; <\/li><li> Escolha qualquer cor de fundo ou carregue um arquivo personalizado. <\/li><\/ul><p><a href=\"#demo\">Voc\u00ea pode testar todos os recursos do plugin diretamente na demonstra\u00e7\u00e3o<\/a><\/p><\/div> <div class=\"application-platform-content-item-installation application-platform-content-item\" id=\"installation\" data-nav-section=\"installation\"> <h2>Como adiciono o Logo Showcase ao GoDaddy? <\/h2><p>Para introduzir o plugin, aplique as instru\u00e7\u00f5es abaixo<\/p><ul><li><b>Crie seu plugin Logo Showcase personalizado<\/b><br>Gerenciando nossa demonstra\u00e7\u00e3o gratuita, obtenha um plugin com uma composi\u00e7\u00e3o e funcionalidade personalizadas. <\/li> <li><b>Adquira o c\u00f3digo individual para instalar o plugin<\/b><br>Depois de configurar o seu plugin, voc\u00ea receber\u00e1 seu c\u00f3digo pessoal na notifica\u00e7\u00e3o pop-up nos aplicativos da Elfsight. Copie. <\/li> <li><b>Incorpore o plug-in em seu site do Muse<\/b><br>V\u00e1 para a \u00e1rea onde voc\u00ea precisa colocar o plug-in e adicione o c\u00f3digo copiado l\u00e1. Salve os resultados. <\/li> <li><b>Conclu\u00eddo! <\/b><br>Visite sua p\u00e1gina para ver seu trabalho. <\/li><\/ul><p>Voc\u00ea pode entrar em contato com o suporte ao cliente caso precise de ajuda ou tenha d\u00favidas. Nossos especialistas ajudar\u00e3o em cada solicita\u00e7\u00e3o. <\/p><div class=\"faq\" data-component=\"FAQ\"><div class=\"faq-item\">\r\n\t\t\t\t\t<div class=\"faq-item-question\">\r\n\t\t\t\t\t\t<h3 class=\"faq-item-question-text\">Existe uma op\u00e7\u00e3o para incorporar o Logo Showcase na minha p\u00e1gina GoDaddy sem conhecimentos de codifica\u00e7\u00e3o?<\/h3>\r\n\r\n\t\t\t\t\t\t<div class=\"faq-item-question-icon\"><\/div>\r\n\t\t\t\t\t<\/div>\r\n\r\n\t\t\t\t\t<div class=\"faq-item-answer\">\r\n\t\t\t\t\t\t<div class=\"faq-item-answer-text\"> <p>A Elfsight oferece uma solu\u00e7\u00e3o SaaS que lhe permite criar voc\u00ea mesmo uma sec\u00e7\u00e3o do Logo Showcase, descubra as instru\u00e7\u00f5es descomplicadas: Comece a trabalhar diretamente na demonstra\u00e7\u00e3o on-line para gerar uma se\u00e7\u00e3o Logo Showcase que voc\u00ea gostaria que aparecesse na p\u00e1gina inicial do GoDaddy. Clique em um dos modelos predefinidos e ajuste as configura\u00e7\u00f5es do Logo Showcase, atualize seu conte\u00fado, altere o layout e a cor dos elementos sem experi\u00eancia em codifica\u00e7\u00e3o. Salve o Logo Showcase e copie o c\u00f3digo para incorpora\u00e7\u00e3o, que pode ser facilmente incorporado em seu site GoDaddy sem a necessidade de adquirir um plano pago. Com nosso configurador intuitivo, qualquer usu\u00e1rio da web pode formar uma se\u00e7\u00e3o Logo Showcase online e simplesmente adicion\u00e1-la \u00e0 p\u00e1gina inicial do GoDaddy. N\u00e3o \u00e9 necess\u00e1rio pagar ou divulgar os dados do seu cart\u00e3o para entrar no Editor. Se voc\u00ea enfrentar qualquer problema em qualquer etapa, sinta-se \u00e0 vontade para entrar em contato com nossa equipe de suporte t\u00e9cnico.<\/p> <\/div>\r\n\t\t\t\t\t<\/div>\r\n\t\t\t\t<\/div> <\/div><\/div>","protected":false},"excerpt":{"rendered":"","protected":false},"author":9,"featured_media":0,"parent":983,"menu_order":0,"comment_status":"closed","ping_status":"closed","template":"templates\/template-application-platform.php","meta":{"publish_to_discourse":"","publish_post_category":"","wpdc_auto_publish_overridden":"","wpdc_topic_tags":"","wpdc_pin_topic":"","wpdc_pin_until":"","discourse_post_id":"","discourse_permalink":"","wpdc_publishing_response":"","wpdc_publishing_error":"","footnotes":""},"class_list":["post-4212","page","type-page","status-publish","hentry"],"yoast_head":"<!-- This site is optimized with the Yoast SEO plugin v25.3.1 - https:\/\/yoast.com\/wordpress\/plugins\/seo\/ -->\n<title>Plug-in Logo Showcase - Adicione o plug-in Logo Showcase ao site GoDaddy!<\/title>\n<meta name=\"description\" content=\"Prove a sua credibilidade com o novo plugin Elfsight Logo Showcase para o site GoDaddy! Leve o seu neg\u00f3cio para o pr\u00f3ximo n\u00edvel em poucos passos!\" \/>\n<meta name=\"robots\" content=\"index, follow, max-snippet:-1, max-image-preview:large, max-video-preview:-1\" \/>\n<link rel=\"canonical\" href=\"https:\/\/elfsight.com\/pt\/logo-showcase-widget\/godaddy\/\" \/>\n<meta property=\"og:locale\" content=\"pt_PT\" \/>\n<meta property=\"og:type\" content=\"article\" \/>\n<meta property=\"og:title\" content=\"Plug-in Logo Showcase - Adicione o plug-in Logo Showcase ao site GoDaddy!\" \/>\n<meta property=\"og:description\" content=\"Prove a sua credibilidade com o novo plugin Elfsight Logo Showcase para o site GoDaddy! Leve o seu neg\u00f3cio para o pr\u00f3ximo n\u00edvel em poucos passos!\" \/>\n<meta property=\"og:url\" content=\"https:\/\/elfsight.com\/pt\/logo-showcase-widget\/godaddy\/\" \/>\n<meta property=\"og:site_name\" content=\"Elfsight PT\" \/>\n<meta property=\"article:modified_time\" content=\"2024-11-12T15:32:48+00:00\" \/>\n<meta name=\"twitter:card\" content=\"summary_large_image\" \/>\n<meta name=\"twitter:label1\" content=\"Tempo estimado de leitura\" \/>\n\t<meta name=\"twitter:data1\" content=\"2 minutos\" \/>\n<!-- \/ Yoast SEO plugin. -->","yoast_head_json":{"title":"Plug-in Logo Showcase - Adicione o plug-in Logo Showcase ao site GoDaddy!","description":"Prove a sua credibilidade com o novo plugin Elfsight Logo Showcase para o site GoDaddy! Leve o seu neg\u00f3cio para o pr\u00f3ximo n\u00edvel em poucos passos!","robots":{"index":"index","follow":"follow","max-snippet":"max-snippet:-1","max-image-preview":"max-image-preview:large","max-video-preview":"max-video-preview:-1"},"canonical":"https:\/\/elfsight.com\/pt\/logo-showcase-widget\/godaddy\/","og_locale":"pt_PT","og_type":"article","og_title":"Plug-in Logo Showcase - Adicione o plug-in Logo Showcase ao site GoDaddy!","og_description":"Prove a sua credibilidade com o novo plugin Elfsight Logo Showcase para o site GoDaddy! Leve o seu neg\u00f3cio para o pr\u00f3ximo n\u00edvel em poucos passos!","og_url":"https:\/\/elfsight.com\/pt\/logo-showcase-widget\/godaddy\/","og_site_name":"Elfsight PT","article_modified_time":"2024-11-12T15:32:48+00:00","twitter_card":"summary_large_image","twitter_misc":{"Tempo estimado de leitura":"2 minutos"},"schema":{"@context":"https:\/\/schema.org","@graph":[{"@type":"WebPage","@id":"https:\/\/elfsight.com\/pt\/logo-showcase-widget\/godaddy\/","url":"https:\/\/elfsight.com\/pt\/logo-showcase-widget\/godaddy\/","name":"Plug-in Logo Showcase - Adicione o plug-in Logo Showcase ao site GoDaddy!","isPartOf":{"@id":"https:\/\/elfsight.com\/pt\/#website"},"datePublished":"2024-05-03T06:40:45+00:00","dateModified":"2024-11-12T15:32:48+00:00","description":"Prove a sua credibilidade com o novo plugin Elfsight Logo Showcase para o site GoDaddy! Leve o seu neg\u00f3cio para o pr\u00f3ximo n\u00edvel em poucos passos!","breadcrumb":{"@id":"https:\/\/elfsight.com\/pt\/logo-showcase-widget\/godaddy\/#breadcrumb"},"inLanguage":"pt-PT","potentialAction":[{"@type":"ReadAction","target":["https:\/\/elfsight.com\/pt\/logo-showcase-widget\/godaddy\/"]}]},{"@type":"BreadcrumbList","@id":"https:\/\/elfsight.com\/pt\/logo-showcase-widget\/godaddy\/#breadcrumb","itemListElement":[{"@type":"ListItem","position":1,"name":"Home","item":"https:\/\/elfsight.com\/pt\/"},{"@type":"ListItem","position":2,"name":"Logo Showcase","item":"https:\/\/elfsight.com\/pt\/logo-showcase-widget\/"},{"@type":"ListItem","position":3,"name":"Logo Showcase &#8211; GoDaddy"}]},{"@type":"WebSite","@id":"https:\/\/elfsight.com\/pt\/#website","url":"https:\/\/elfsight.com\/pt\/","name":"Elfsight PT","description":"Just another Elfsight Sites site","potentialAction":[{"@type":"SearchAction","target":{"@type":"EntryPoint","urlTemplate":"https:\/\/elfsight.com\/pt\/?s={search_term_string}"},"query-input":{"@type":"PropertyValueSpecification","valueRequired":true,"valueName":"search_term_string"}}],"inLanguage":"pt-PT"}]}},"meta_box":{"industry":"","seo_heading":"","heading":"","description":"","cta_heading":"","cta_description":"","application":"982","h1":"Plug-in GoDaddy Logo Showcase","h1_caption":"Vanglorie-se dos logotipos de clientes ou associados em seu site para aumentar a credibilidade","application_category":[],"applications_title":"","applications_request_title":"","applications_request_button_text":"","hero_text":"","hero_video":"","hero_video_schema_markup":"","selling_points_title":"","selling_points_caption":"","selling_points":[],"selling_points_cta_text":"","features_title":"","features":"","ed_cta_examples_text":"","ed_cta_examples_hidden":"","ed_cta_demo_text":"","ed_cta_demo_hidden":"","why_caption":"","why_editor_title":"","why_editor_text":"","why_team_title":"","why_team_text":"","why_service_title":"","why_service_text":"","template_catalog_visible":"","template_catalog_title":"","template_catalog_text":"","template_catalog_categories_visible":"","demo_title":"Crie seu plugin Logo Showcase","demo_caption":"Configure seu Logo Showcase e adicione-o ao seu site GoDaddy gratuitamente!","default_faq_hidden":"","app_template_category":[],"platform":"4908","template_public_id":"","codecanyon_url":"","codecanyon_item_id":"","codecanyon_price":"","pricing_caption":"","pricing_elfsight_apps_hide_column":"","pricing_elfsight_apps_url":"","pricing_codecanyon_price_caption":"","integration_category":[],"integration_request_title":"","integration_request_cta":"","integration_platform":"","integrations":[],"platform_category":[],"video_schema_markup":"","price":"a partir de US$ 0\/m\u00eas","trial":"","benefits":[{"text":"Servi\u00e7o de instala\u00e7\u00e3o gratuito"},{"text":"Ajuda eficaz ao cliente"},{"text":"Garantia de devolu\u00e7\u00e3o do dinheiro em 14 dias"},{"text":"Desenvolvimento cont\u00ednuo"}],"button_url":"#demo","button_target_blank":"0","button_nofollow":"0","attributes":[{"name":"Instala\u00e7\u00f5es","content":"10,000 - 100,000","_state":"expanded"},{"name":"Responsivo","content":"Sim","_state":"expanded"},{"name":"Navegadores compat\u00edveis","content":"IE11, Firefox, Safari, Opera, Chrome, Edge"}],"tags":[],"tags_disable_links":"0","hide_more_platforms":"","video_object":"","demo_hide_cta":"0","demo_hide_cloud_options":"0","pricing_title":"","pricing":[{"pricing_icon":"platform","pricing_title":"Elfsight Apps","pricing_title_caption":"Vers\u00e3o multiplataforma","pricing_price":"a partir de US$ 0\/m\u00eas","pricing_price_caption":"comece com plano gratuito","pricing_benefits":[{"text":"Dom\u00ednios ilimitados"},{"text":"Suporte r\u00e1pido e bem documentado"},{"text":"Suporte r\u00e1pido e bem documentado"},{"text":"100% personaliz\u00e1vel"}],"pricing_button_text":"Adicionar ao site","pricing_button_url":"#demo","_state":"expanded"}],"related_apps_title":"","related_apps_hidden":"1","author":"","image":[],"title":"","job":"","social_networks":[]},"_links":{"self":[{"href":"https:\/\/elfsight.com\/pt\/wp-json\/wp\/v2\/pages\/4212","targetHints":{"allow":["GET"]}}],"collection":[{"href":"https:\/\/elfsight.com\/pt\/wp-json\/wp\/v2\/pages"}],"about":[{"href":"https:\/\/elfsight.com\/pt\/wp-json\/wp\/v2\/types\/page"}],"author":[{"embeddable":true,"href":"https:\/\/elfsight.com\/pt\/wp-json\/wp\/v2\/users\/9"}],"replies":[{"embeddable":true,"href":"https:\/\/elfsight.com\/pt\/wp-json\/wp\/v2\/comments?post=4212"}],"version-history":[{"count":2,"href":"https:\/\/elfsight.com\/pt\/wp-json\/wp\/v2\/pages\/4212\/revisions"}],"predecessor-version":[{"id":11968,"href":"https:\/\/elfsight.com\/pt\/wp-json\/wp\/v2\/pages\/4212\/revisions\/11968"}],"up":[{"embeddable":true,"href":"https:\/\/elfsight.com\/pt\/wp-json\/wp\/v2\/pages\/983"}],"wp:attachment":[{"href":"https:\/\/elfsight.com\/pt\/wp-json\/wp\/v2\/media?parent=4212"}],"curies":[{"name":"wp","href":"https:\/\/api.w.org\/{rel}","templated":true}]}}