{"id":4211,"date":"2024-05-03T06:41:11","date_gmt":"2024-05-03T06:41:11","guid":{"rendered":"https:\/\/elfsight.com\/pt\/?page_id=4211"},"modified":"2024-11-12T15:32:48","modified_gmt":"2024-11-12T15:32:48","slug":"godaddy","status":"publish","type":"page","link":"https:\/\/elfsight.com\/pt\/number-counter-widget\/godaddy\/","title":{"rendered":"Number Counter &#8211; GoDaddy"},"content":{"rendered":"<div class=\"application-platform-content-item-description application-platform-content-item\" id=\"description\" data-nav-section=\"description\"> <h2>Incorpore o Number Counter no GoDaddy com o widget Elfsight<\/h2> <p>O Number Counter \u00e9 um plugin f\u00e1cil de usar com um vasto variedade de op\u00e7\u00f5es. \u00c9 um \u00f3timo recurso para demonstrar seus extraordin\u00e1rios \u00edndices de neg\u00f3cios, a quantidade de trabalhos que voc\u00ea realizou e muito mais. A ferramenta \u00e9 excepcionalmente flex\u00edvel. Voc\u00ea \u00e9 livre para construir um n\u00famero ilimitado de contadores, organiz\u00e1-los em colunas, escolher \u00edcones de nossa biblioteca ou fazer upload dos seus pr\u00f3prios, torn\u00e1-los coloridos ou de cores s\u00f3lidas, anexar legendas para fornecer aos visitantes informa\u00e7\u00f5es facilmente compreens\u00edveis, recolorir qualquer elemento, escolher a imagem de fundo, e isso n\u00e3o \u00e9 nem a metade. Basta come\u00e7ar a construir seu plugin agora e observar o crescimento das principais estat\u00edsticas de seu neg\u00f3cio! <\/p> <p><b>Revele seus resultados maravilhosos para seus futuros clientes. Obtenha mais vendas e leads de sucesso! <\/b><\/p> <\/div> <div class=\"application-platform-content-item-features application-platform-content-item\" id=\"features\" data-nav-section=\"features\"> <h2>Veja a lista dos recursos mais valiosos: <\/h2> <ul><li>Um n\u00famero ilimitado de contadores. <\/li><li>N\u00famero irrestrito de colunas. <\/li><li>Junte legendas, t\u00edtulos, prefixos e p\u00f3s-fixos. <\/li><li>Escolha o tipo de \u00edcone &#8211; escolha-o em nossa biblioteca ou carregue seu personalizado. <\/li><li>Incorpore links. <\/li><\/ul><p><a href=\"#demo\">Voc\u00ea pode testar a funcionalidade completa do plug-in na demonstra\u00e7\u00e3o abaixo<\/a><\/p> <\/div> <div class=\"application-platform-content-item- instala\u00e7\u00e3o application-platform-content-item\" id=\" instala\u00e7\u00e3o\" data-nav-section=\" instala\u00e7\u00e3o\"> <h2>Como incorporar o Number Counter em meu site GoDaddy? <\/h2> <p>Basta seguir algumas etapas abaixo para come\u00e7ar a usar a ferramenta. <\/p> <ol><li><b>Execute nosso editor gratuito e comece a criar seu instrumento exclusivo. <\/b><br> Especifique o design selecionado e as caracter\u00edsticas funcionais do plugin e aplique as edi\u00e7\u00f5es. <\/li> <li><b>Copie o seu c\u00f3digo exclusivo mostrado no formul\u00e1rio especial nas aplica\u00e7\u00f5es Elfsight. <\/b><br> Terminada a gera\u00e7\u00e3o da sua ferramenta pessoal, copie o c\u00f3digo pessoal na janela exibida e salve-o para futuras ocasi\u00f5es. <\/li> <li><b>Comece a usar o plug-in no seu site GoDaddy. <\/b><br> Coloque o c\u00f3digo que voc\u00ea salvou recentemente em sua p\u00e1gina e salve as modifica\u00e7\u00f5es. <\/li> <li><b>Pronto! A configura\u00e7\u00e3o foi realizada com sucesso. <\/b><br> Acesse seu site para inspecionar como o plugin est\u00e1 funcionando. <\/li><\/ol> <p>Caso tenha d\u00favidas ou encontre alguma dificuldade, n\u00e3o hesite em procurar ajuda de nossa equipe de atendimento ao cliente. Nosso pessoal est\u00e1 ansioso para ajud\u00e1-lo com todos os problemas que voc\u00ea possa ter com a ferramenta. <\/p> <div class=\"faq\" data-component=\"FAQ\"><div class=\"faq-item\">\r\n\t\t\t\t\t<div class=\"faq-item-question\">\r\n\t\t\t\t\t\t<h3 class=\"faq-item-question-text\">De que forma \u00e9 poss\u00edvel incorporar o Number Counter no meu GoDaddy sem experi\u00eancia em codifica\u00e7\u00e3o?<\/h3>\r\n\r\n\t\t\t\t\t\t<div class=\"faq-item-question-icon\"><\/div>\r\n\t\t\t\t\t<\/div>\r\n\r\n\t\t\t\t\t<div class=\"faq-item-answer\">\r\n\t\t\t\t\t\t<div class=\"faq-item-answer-text\"> <p>A empresa Elfsight fornece uma solu\u00e7\u00e3o SaaS que permite a um vasto p\u00fablico estabelecer um Number Counter aplicativo voc\u00ea mesmo, descubra o guia simples: V\u00e1 para o Editor online para estabelecer um aplicativo Number Counter que voc\u00ea gostaria de incorporar no site GoDaddy. Selecione um de nossos modelos prontos e modifique as configura\u00e7\u00f5es do contador num\u00e9rico, altere o layout e os esquemas de cores para incluir seu conte\u00fado, sem codifica\u00e7\u00e3o. Clique para salvar o contador num\u00e9rico e copiar seu c\u00f3digo de instala\u00e7\u00e3o, que voc\u00ea pode adicionar facilmente ao seu site GoDaddy gratuitamente. Com o configurador f\u00e1cil de usar, cada usu\u00e1rio da Internet pode criar um aplicativo Number Counter on-line e adicion\u00e1-lo facilmente ao site GoDaddy. N\u00e3o \u00e9 necess\u00e1rio fazer assinatura paga ou inserir os dados do seu cart\u00e3o para acessar o Editor. Se voc\u00ea encontrar qualquer tipo de problema, fale com nossa equipe de suporte.<\/p> <\/div>\r\n\t\t\t\t\t<\/div>\r\n\t\t\t\t<\/div> <\/div><\/div>","protected":false},"excerpt":{"rendered":"","protected":false},"author":9,"featured_media":0,"parent":1061,"menu_order":0,"comment_status":"closed","ping_status":"closed","template":"templates\/template-application-platform.php","meta":{"publish_to_discourse":"","publish_post_category":"","wpdc_auto_publish_overridden":"","wpdc_topic_tags":"","wpdc_pin_topic":"","wpdc_pin_until":"","discourse_post_id":"","discourse_permalink":"","wpdc_publishing_response":"","wpdc_publishing_error":"","footnotes":""},"class_list":["post-4211","page","type-page","status-publish","hentry"],"yoast_head":"<!-- This site is optimized with the Yoast SEO plugin v25.3.1 - https:\/\/yoast.com\/wordpress\/plugins\/seo\/ -->\n<title>Plug-in Number Counter - Adicione o plugin Number Counter ao site GoDaddy!<\/title>\n<meta name=\"description\" content=\"Experimente um contador num\u00e9rico em seu site GoDaddy, aplicando nossa demonstra\u00e7\u00e3o ativa. Forme seu recurso personalizado em poucos cliques e sem esfor\u00e7o!\" \/>\n<meta name=\"robots\" content=\"index, follow, max-snippet:-1, max-image-preview:large, max-video-preview:-1\" \/>\n<link rel=\"canonical\" href=\"https:\/\/elfsight.com\/pt\/number-counter-widget\/godaddy\/\" \/>\n<meta property=\"og:locale\" content=\"pt_PT\" \/>\n<meta property=\"og:type\" content=\"article\" \/>\n<meta property=\"og:title\" content=\"Plug-in Number Counter - Adicione o plugin Number Counter ao site GoDaddy!\" \/>\n<meta property=\"og:description\" content=\"Experimente um contador num\u00e9rico em seu site GoDaddy, aplicando nossa demonstra\u00e7\u00e3o ativa. Forme seu recurso personalizado em poucos cliques e sem esfor\u00e7o!\" \/>\n<meta property=\"og:url\" content=\"https:\/\/elfsight.com\/pt\/number-counter-widget\/godaddy\/\" \/>\n<meta property=\"og:site_name\" content=\"Elfsight PT\" \/>\n<meta property=\"article:modified_time\" content=\"2024-11-12T15:32:48+00:00\" \/>\n<meta name=\"twitter:card\" content=\"summary_large_image\" \/>\n<meta name=\"twitter:label1\" content=\"Tempo estimado de leitura\" \/>\n\t<meta name=\"twitter:data1\" content=\"1 minuto\" \/>\n<!-- \/ Yoast SEO plugin. -->","yoast_head_json":{"title":"Plug-in Number Counter - Adicione o plugin Number Counter ao site GoDaddy!","description":"Experimente um contador num\u00e9rico em seu site GoDaddy, aplicando nossa demonstra\u00e7\u00e3o ativa. Forme seu recurso personalizado em poucos cliques e sem esfor\u00e7o!","robots":{"index":"index","follow":"follow","max-snippet":"max-snippet:-1","max-image-preview":"max-image-preview:large","max-video-preview":"max-video-preview:-1"},"canonical":"https:\/\/elfsight.com\/pt\/number-counter-widget\/godaddy\/","og_locale":"pt_PT","og_type":"article","og_title":"Plug-in Number Counter - Adicione o plugin Number Counter ao site GoDaddy!","og_description":"Experimente um contador num\u00e9rico em seu site GoDaddy, aplicando nossa demonstra\u00e7\u00e3o ativa. Forme seu recurso personalizado em poucos cliques e sem esfor\u00e7o!","og_url":"https:\/\/elfsight.com\/pt\/number-counter-widget\/godaddy\/","og_site_name":"Elfsight PT","article_modified_time":"2024-11-12T15:32:48+00:00","twitter_card":"summary_large_image","twitter_misc":{"Tempo estimado de leitura":"1 minuto"},"schema":{"@context":"https:\/\/schema.org","@graph":[{"@type":"WebPage","@id":"https:\/\/elfsight.com\/pt\/number-counter-widget\/godaddy\/","url":"https:\/\/elfsight.com\/pt\/number-counter-widget\/godaddy\/","name":"Plug-in Number Counter - Adicione o plugin Number Counter ao site GoDaddy!","isPartOf":{"@id":"https:\/\/elfsight.com\/pt\/#website"},"datePublished":"2024-05-03T06:41:11+00:00","dateModified":"2024-11-12T15:32:48+00:00","description":"Experimente um contador num\u00e9rico em seu site GoDaddy, aplicando nossa demonstra\u00e7\u00e3o ativa. Forme seu recurso personalizado em poucos cliques e sem esfor\u00e7o!","breadcrumb":{"@id":"https:\/\/elfsight.com\/pt\/number-counter-widget\/godaddy\/#breadcrumb"},"inLanguage":"pt-PT","potentialAction":[{"@type":"ReadAction","target":["https:\/\/elfsight.com\/pt\/number-counter-widget\/godaddy\/"]}]},{"@type":"BreadcrumbList","@id":"https:\/\/elfsight.com\/pt\/number-counter-widget\/godaddy\/#breadcrumb","itemListElement":[{"@type":"ListItem","position":1,"name":"Home","item":"https:\/\/elfsight.com\/pt\/"},{"@type":"ListItem","position":2,"name":"Number Counter","item":"https:\/\/elfsight.com\/pt\/number-counter-widget\/"},{"@type":"ListItem","position":3,"name":"Number Counter &#8211; GoDaddy"}]},{"@type":"WebSite","@id":"https:\/\/elfsight.com\/pt\/#website","url":"https:\/\/elfsight.com\/pt\/","name":"Elfsight PT","description":"Just another Elfsight Sites site","potentialAction":[{"@type":"SearchAction","target":{"@type":"EntryPoint","urlTemplate":"https:\/\/elfsight.com\/pt\/?s={search_term_string}"},"query-input":{"@type":"PropertyValueSpecification","valueRequired":true,"valueName":"search_term_string"}}],"inLanguage":"pt-PT"}]}},"meta_box":{"industry":"","seo_heading":"","heading":"","description":"","cta_heading":"","cta_description":"","application":"1060","h1":"Plug-in Contador de n\u00fameros GoDaddy","h1_caption":"Mostre seus resultados maravilhosos ao seu p\u00fablico e atraia clientes mais fi\u00e9is","application_category":[],"applications_title":"","applications_request_title":"","applications_request_button_text":"","hero_text":"","hero_video":"","hero_video_schema_markup":"","selling_points_title":"","selling_points_caption":"","selling_points":[],"selling_points_cta_text":"","features_title":"","features":"","ed_cta_examples_text":"","ed_cta_examples_hidden":"","ed_cta_demo_text":"","ed_cta_demo_hidden":"","why_caption":"","why_editor_title":"","why_editor_text":"","why_team_title":"","why_team_text":"","why_service_title":"","why_service_text":"","template_catalog_visible":"","template_catalog_title":"","template_catalog_text":"","template_catalog_categories_visible":"","demo_title":"Crie seu plugin de contador de n\u00fameros","demo_caption":"Configure seu contador de n\u00fameros e adicione-o ao site GoDaddy gratuitamente!","default_faq_hidden":"","app_template_category":[],"platform":"4908","template_public_id":"","codecanyon_url":"","codecanyon_item_id":"","codecanyon_price":"","pricing_caption":"","pricing_elfsight_apps_hide_column":"","pricing_elfsight_apps_url":"","pricing_codecanyon_price_caption":"","integration_category":[],"integration_request_title":"","integration_request_cta":"","integration_platform":"","integrations":[],"platform_category":[],"video_schema_markup":"","price":"a partir de US$ 0\/m\u00eas","trial":"","benefits":[{"text":"Ajuda de instala\u00e7\u00e3o gratuita"},{"text":"Atendimento ao cliente profissional"},{"text":"Garantia de reembolso de 14 dias"},{"text":"Futuras melhorias gratuitas"}],"button_url":"#demo","button_target_blank":"0","button_nofollow":"0","attributes":[{"name":"Instala\u00e7\u00f5es","content":"10,000 - 100,000","_state":"expanded"},{"name":"Responsivo","content":"Sim","_state":"expanded"},{"name":"Navegadores compat\u00edveis","content":"IE11, Firefox, Safari, Opera, Chrome, Edge"}],"tags":[],"tags_disable_links":"0","hide_more_platforms":"","video_object":"","demo_hide_cta":"0","demo_hide_cloud_options":"0","pricing_title":"","pricing":[{"pricing_icon":"platform","pricing_title":"Elfsight Apps","pricing_title_caption":"Solu\u00e7\u00e3o digital multiplataforma adequada para qualquer site","pricing_price":"a partir de US$ 0\/m\u00eas","pricing_price_caption":"comece com plano gratuito","pricing_benefits":[{"text":"Sites ilimitados"},{"text":"Suporte gratuito \u00e0 empresa"},{"text":"Suporte gratuito \u00e0 empresa"},{"text":"Design flex\u00edvel"}],"pricing_button_text":"Adicionar ao site","pricing_button_url":"#demo","_state":"expanded"}],"related_apps_title":"","related_apps_hidden":"1","author":"","image":[],"title":"","job":"","social_networks":[]},"_links":{"self":[{"href":"https:\/\/elfsight.com\/pt\/wp-json\/wp\/v2\/pages\/4211","targetHints":{"allow":["GET"]}}],"collection":[{"href":"https:\/\/elfsight.com\/pt\/wp-json\/wp\/v2\/pages"}],"about":[{"href":"https:\/\/elfsight.com\/pt\/wp-json\/wp\/v2\/types\/page"}],"author":[{"embeddable":true,"href":"https:\/\/elfsight.com\/pt\/wp-json\/wp\/v2\/users\/9"}],"replies":[{"embeddable":true,"href":"https:\/\/elfsight.com\/pt\/wp-json\/wp\/v2\/comments?post=4211"}],"version-history":[{"count":2,"href":"https:\/\/elfsight.com\/pt\/wp-json\/wp\/v2\/pages\/4211\/revisions"}],"predecessor-version":[{"id":11991,"href":"https:\/\/elfsight.com\/pt\/wp-json\/wp\/v2\/pages\/4211\/revisions\/11991"}],"up":[{"embeddable":true,"href":"https:\/\/elfsight.com\/pt\/wp-json\/wp\/v2\/pages\/1061"}],"wp:attachment":[{"href":"https:\/\/elfsight.com\/pt\/wp-json\/wp\/v2\/media?parent=4211"}],"curies":[{"name":"wp","href":"https:\/\/api.w.org\/{rel}","templated":true}]}}