{"id":4208,"date":"2024-05-03T06:39:19","date_gmt":"2024-05-03T06:39:19","guid":{"rendered":"https:\/\/elfsight.com\/pt\/?page_id=4208"},"modified":"2024-11-13T12:02:05","modified_gmt":"2024-11-13T12:02:05","slug":"blogger","status":"publish","type":"page","link":"https:\/\/elfsight.com\/pt\/google-reviews-widget\/blogger\/","title":{"rendered":"Google Reviews &#8211; Blogger"},"content":{"rendered":"<div class=\"application-platform-content-item-description application-platform-content-item\" id=\"description\" data-nav-section=\"description\"> <h2>Descri\u00e7\u00e3o<\/h2> <p>Se voc\u00ea deseja se gabar de sua alta avalia\u00e7\u00e3o pelos clientes e convencer os visitantes do site de que suas ofertas t\u00eam um bom valor por dinheiro, o widget Elfsight Google Reviews combina perfeitamente com voc\u00ea. Com a ajuda de nossa ferramenta, voc\u00ea pode demonstrar avalia\u00e7\u00f5es de clientes do Google em seu site com informa\u00e7\u00f5es sobre seus autores, classific\u00e1-las para demonstrar apenas as melhores, mostrar avalia\u00e7\u00f5es e um bot\u00e3o ativo que levar\u00e1 os usu\u00e1rios \u00e0 sua p\u00e1gina do Google, para que eles podem compartilhar sua avalia\u00e7\u00e3o. <\/p><div class=\"faq\" data-component=\"FAQ\"> <div class=\"faq-item\">\r\n\t\t\t\t\t<div class=\"faq-item-question\">\r\n\t\t\t\t\t\t<h3 class=\"faq-item-question-text\">Onde no meu site posso instal\u00e1-lo?<\/h3>\r\n\r\n\t\t\t\t\t\t<div class=\"faq-item-question-icon\"><\/div>\r\n\t\t\t\t\t<\/div>\r\n\r\n\t\t\t\t\t<div class=\"faq-item-answer\">\r\n\t\t\t\t\t\t<div class=\"faq-item-answer-text\"> <p>Voc\u00ea pode integrar o widget em qualquer p\u00e1gina do seu site, ou inseri-lo no modelo do site, neste caso ele aparecer\u00e1 em todas as p\u00e1ginas. As avalia\u00e7\u00f5es podem ser eficazes nas p\u00e1ginas de produtos ou na p\u00e1gina Sobre n\u00f3s, os locais onde voc\u00ea gostaria de demonstrar sua alta avalia\u00e7\u00e3o. <\/p><\/div>\r\n\t\t\t\t\t<\/div>\r\n\t\t\t\t<\/div> <div class=\"faq-item\">\r\n\t\t\t\t\t<div class=\"faq-item-question\">\r\n\t\t\t\t\t\t<h3 class=\"faq-item-question-text\">Como vou me beneficiar com isso? <\/h3>\r\n\r\n\t\t\t\t\t\t<div class=\"faq-item-question-icon\"><\/div>\r\n\t\t\t\t\t<\/div>\r\n\r\n\t\t\t\t\t<div class=\"faq-item-answer\">\r\n\t\t\t\t\t\t<div class=\"faq-item-answer-text\"> <p>Avalia\u00e7\u00f5es de pessoas reais s\u00e3o perfeitamente confi\u00e1veis \u200b\u200bpara os clientes do seu site e mostram a eles que sua empresa \u00e9 confi\u00e1vel. Avalia\u00e7\u00f5es altas e avalia\u00e7\u00f5es excelentes podem ajudar a aumentar as compras em seu site. Mais do que isso, o bot\u00e3o de redirecionamento contribuir\u00e1 para mais avalia\u00e7\u00f5es de clientes sobre suas ofertas ou servi\u00e7os no Google. <\/p> <\/div>\r\n\t\t\t\t\t<\/div>\r\n\t\t\t\t<\/div> <div class=\"faq-item\">\r\n\t\t\t\t\t<div class=\"faq-item-question\">\r\n\t\t\t\t\t\t<h3 class=\"faq-item-question-text\">Como fa\u00e7o para incorporar o widget de Avalia\u00e7\u00f5es do Google no meu site do Blogger<\/h3>\r\n\r\n\t\t\t\t\t\t<div class=\"faq-item-question-icon\"><\/div>\r\n\t\t\t\t\t<\/div>\r\n\r\n\t\t\t\t\t<div class=\"faq-item-answer\">\r\n\t\t\t\t\t\t<div class=\"faq-item-answer-text\"> <p>Leva dois minutos para fazer isso. A instala\u00e7\u00e3o \u00e9 extremamente r\u00e1pida, gratuita e sem codifica\u00e7\u00e3o. <\/p> <p>Voc\u00ea pode incorporar o widget em seu site diretamente atrav\u00e9s do nosso servi\u00e7o. Para fazer isso, consulte um breve guia de instala\u00e7\u00e3o a seguir nesta p\u00e1gina. <\/p> <\/div>\r\n\t\t\t\t\t<\/div>\r\n\t\t\t\t<\/div> <\/div> <\/div><div class=\"application-platform-content-item-features application-platform-content-item\" id=\"features\" data-nav-section=\"features\"> <h2>Recursos<\/h2> <p>Para entender claramente o widget, voc\u00ea pode examinar a lista dos tra\u00e7os prim\u00e1rios. Eles tornam este widget incrivelmente eficiente para o seu site: <\/p> <ul> <li>Tr\u00eas filtros predefinidos: por tipo, exclus\u00e3o por e quantidade de avalia\u00e7\u00f5es para exibi\u00e7\u00e3o; <\/li> <li>Quatro layouts dispon\u00edveis: Lista, Grade, Alvenaria e Slider; <\/li> <li> Cabe\u00e7alho altern\u00e1vel do widget; <\/li> <li>O bot\u00e3o de solicita\u00e7\u00e3o de revis\u00e3o leva os clientes \u00e0 sua p\u00e1gina do Google; <\/li> <li>Seis elementos personaliz\u00e1veis \u200b\u200bdo widget: nome e imagem do autor, texto de recomenda\u00e7\u00e3o, data, \u00edcone do Google e classifica\u00e7\u00e3o por estrelas; <\/li> <li>Dois cen\u00e1rios poss\u00edveis de recusa de solicita\u00e7\u00e3o de revis\u00e3o: mostrar uma mensagem de texto ou ocultar o bot\u00e3o. <\/li> <\/ul><p><a href=\"#demo\">Para explorar mais recursos, consulte a demonstra\u00e7\u00e3o<\/a><\/p> <\/div><div class=\"application-platform-content-item-installation application-platform-content-item\" id=\"installation\" data-nav-section=\"installation\"> <h2> Como adicionar coment\u00e1rios do Google ao seu site do Blogger<\/h2><iframe width=\"720\" height=\"405\" src=\"https:\/\/www.youtube.com\/embed\/yQrh_Qy1-2I\" frameborder=\"0\" allowfullscreen=\"\"><\/iframe><p>As a\u00e7\u00f5es a seguir s\u00e3o a \u00fanica coisa que voc\u00ea precisa fazer para configurar o widget em sua p\u00e1gina da web. Isso levar\u00e1 alguns minutos e n\u00e3o envolve codifica\u00e7\u00e3o. <\/p> <ol><li><b>Crie seu plugin personalizado do Google Reviews<\/b><br> Por meio de nosso editor gratuito, crie um plugin escolhendo design e caracter\u00edsticas funcionais. <\/li><li><b>Receba o c\u00f3digo individual para incorporar o plugin<\/b><br> Depois de criar o seu widget, voc\u00ea obter\u00e1 o c\u00f3digo de instala\u00e7\u00e3o na janela pop-up nos aplicativos Elfsight. Copie o c\u00f3digo. <\/li> <li><b> O plugin no seu site do Blogger<\/b><br> V\u00e1 para a \u00e1rea da p\u00e1gina na qual voc\u00ea gostaria de integrar o plugin e adicione o c\u00f3digo copiado l\u00e1. Publique as altera\u00e7\u00f5es. <\/li> <li><b>Conclu\u00eddo! <\/b><br> Visite a p\u00e1gina da web para verificar seu plugin. <\/li> <\/ol><p>Ainda tem d\u00favidas? Ou enfrentando problemas? Basta enviar sua solicita\u00e7\u00e3o ao nosso atendimento ao cliente e eles o ajudar\u00e3o com qualquer d\u00favida. <\/p> <\/div>","protected":false},"excerpt":{"rendered":"","protected":false},"author":9,"featured_media":0,"parent":443,"menu_order":0,"comment_status":"closed","ping_status":"closed","template":"templates\/template-application-platform.php","meta":{"publish_to_discourse":"","publish_post_category":"","wpdc_auto_publish_overridden":"","wpdc_topic_tags":"","wpdc_pin_topic":"","wpdc_pin_until":"","discourse_post_id":"","discourse_permalink":"","wpdc_publishing_response":"","wpdc_publishing_error":"","footnotes":""},"class_list":["post-4208","page","type-page","status-publish","hentry"],"yoast_head":"<!-- This site is optimized with the Yoast SEO plugin v25.3.1 - https:\/\/yoast.com\/wordpress\/plugins\/seo\/ -->\n<title>Incorpore o widget de avalia\u00e7\u00f5es do Google ao seu site do Blogger (em 2 minutos)<\/title>\n<meta name=\"description\" content=\"Com a Elfsight, produza as suas avalia\u00e7\u00f5es do Google e mostre-as rapidamente no site do Blogger. Oferecemos suporte gratuito ao cliente e mais b\u00f4nus.\" \/>\n<meta name=\"robots\" content=\"index, follow, max-snippet:-1, max-image-preview:large, max-video-preview:-1\" \/>\n<link rel=\"canonical\" href=\"https:\/\/elfsight.com\/pt\/google-reviews-widget\/blogger\/\" \/>\n<meta property=\"og:locale\" content=\"pt_PT\" \/>\n<meta property=\"og:type\" content=\"article\" \/>\n<meta property=\"og:title\" content=\"Incorpore o widget de avalia\u00e7\u00f5es do Google ao seu site do Blogger (em 2 minutos)\" \/>\n<meta property=\"og:description\" content=\"Com a Elfsight, produza as suas avalia\u00e7\u00f5es do Google e mostre-as rapidamente no site do Blogger. Oferecemos suporte gratuito ao cliente e mais b\u00f4nus.\" \/>\n<meta property=\"og:url\" content=\"https:\/\/elfsight.com\/pt\/google-reviews-widget\/blogger\/\" \/>\n<meta property=\"og:site_name\" content=\"Elfsight PT\" \/>\n<meta property=\"article:modified_time\" content=\"2024-11-13T12:02:05+00:00\" \/>\n<meta name=\"twitter:card\" content=\"summary_large_image\" \/>\n<meta name=\"twitter:label1\" content=\"Tempo estimado de leitura\" \/>\n\t<meta name=\"twitter:data1\" content=\"2 minutos\" \/>\n<!-- \/ Yoast SEO plugin. -->","yoast_head_json":{"title":"Incorpore o widget de avalia\u00e7\u00f5es do Google ao seu site do Blogger (em 2 minutos)","description":"Com a Elfsight, produza as suas avalia\u00e7\u00f5es do Google e mostre-as rapidamente no site do Blogger. Oferecemos suporte gratuito ao cliente e mais b\u00f4nus.","robots":{"index":"index","follow":"follow","max-snippet":"max-snippet:-1","max-image-preview":"max-image-preview:large","max-video-preview":"max-video-preview:-1"},"canonical":"https:\/\/elfsight.com\/pt\/google-reviews-widget\/blogger\/","og_locale":"pt_PT","og_type":"article","og_title":"Incorpore o widget de avalia\u00e7\u00f5es do Google ao seu site do Blogger (em 2 minutos)","og_description":"Com a Elfsight, produza as suas avalia\u00e7\u00f5es do Google e mostre-as rapidamente no site do Blogger. Oferecemos suporte gratuito ao cliente e mais b\u00f4nus.","og_url":"https:\/\/elfsight.com\/pt\/google-reviews-widget\/blogger\/","og_site_name":"Elfsight PT","article_modified_time":"2024-11-13T12:02:05+00:00","twitter_card":"summary_large_image","twitter_misc":{"Tempo estimado de leitura":"2 minutos"},"schema":{"@context":"https:\/\/schema.org","@graph":[{"@type":"WebPage","@id":"https:\/\/elfsight.com\/pt\/google-reviews-widget\/blogger\/","url":"https:\/\/elfsight.com\/pt\/google-reviews-widget\/blogger\/","name":"Incorpore o widget de avalia\u00e7\u00f5es do Google ao seu site do Blogger (em 2 minutos)","isPartOf":{"@id":"https:\/\/elfsight.com\/pt\/#website"},"datePublished":"2024-05-03T06:39:19+00:00","dateModified":"2024-11-13T12:02:05+00:00","description":"Com a Elfsight, produza as suas avalia\u00e7\u00f5es do Google e mostre-as rapidamente no site do Blogger. Oferecemos suporte gratuito ao cliente e mais b\u00f4nus.","breadcrumb":{"@id":"https:\/\/elfsight.com\/pt\/google-reviews-widget\/blogger\/#breadcrumb"},"inLanguage":"pt-PT","potentialAction":[{"@type":"ReadAction","target":["https:\/\/elfsight.com\/pt\/google-reviews-widget\/blogger\/"]}]},{"@type":"BreadcrumbList","@id":"https:\/\/elfsight.com\/pt\/google-reviews-widget\/blogger\/#breadcrumb","itemListElement":[{"@type":"ListItem","position":1,"name":"Home","item":"https:\/\/elfsight.com\/pt\/"},{"@type":"ListItem","position":2,"name":"Google Reviews","item":"https:\/\/elfsight.com\/pt\/google-reviews-widget\/"},{"@type":"ListItem","position":3,"name":"Google Reviews &#8211; Blogger"}]},{"@type":"WebSite","@id":"https:\/\/elfsight.com\/pt\/#website","url":"https:\/\/elfsight.com\/pt\/","name":"Elfsight PT","description":"Just another Elfsight Sites site","potentialAction":[{"@type":"SearchAction","target":{"@type":"EntryPoint","urlTemplate":"https:\/\/elfsight.com\/pt\/?s={search_term_string}"},"query-input":{"@type":"PropertyValueSpecification","valueRequired":true,"valueName":"search_term_string"}}],"inLanguage":"pt-PT"}]}},"meta_box":{"industry":"","seo_heading":"","heading":"","description":"","cta_heading":"","cta_description":"","application":"442","h1":"Widget de avalia\u00e7\u00f5es do Google no Blogger","h1_caption":"Mostre as melhores impress\u00f5es dos usu\u00e1rios do Google em seu site","application_category":[],"applications_title":"","applications_request_title":"","applications_request_button_text":"","hero_text":"","hero_video":"","hero_video_schema_markup":"","selling_points_title":"","selling_points_caption":"","selling_points":[],"selling_points_cta_text":"","features_title":"","features":"","ed_cta_examples_text":"","ed_cta_examples_hidden":"","ed_cta_demo_text":"","ed_cta_demo_hidden":"","why_caption":"","why_editor_title":"","why_editor_text":"","why_team_title":"","why_team_text":"","why_service_title":"","why_service_text":"","template_catalog_visible":"","template_catalog_title":"","template_catalog_text":"","template_catalog_categories_visible":"","demo_title":"Crie seu widget de coment\u00e1rios do Google","demo_caption":"Configure suas avalia\u00e7\u00f5es do Google e adicione-as ao site do Blogger gratuitamente!","default_faq_hidden":"","app_template_category":[],"platform":"46","template_public_id":"","codecanyon_url":"","codecanyon_item_id":"","codecanyon_price":"","pricing_caption":"","pricing_elfsight_apps_hide_column":"","pricing_elfsight_apps_url":"","pricing_codecanyon_price_caption":"","integration_category":[],"integration_request_title":"","integration_request_cta":"","integration_platform":"","integrations":[],"platform_category":[],"video_schema_markup":"","price":"a partir de US$ 0\/m\u00eas","trial":"","benefits":[{"text":"Servi\u00e7o de instala\u00e7\u00e3o gratuito"},{"text":"Suporte premium"},{"text":"Garantia de reembolso de 14 dias"},{"text":"Melhorias gratuitas cont\u00ednuas"}],"button_url":"#demo","button_target_blank":"0","button_nofollow":"0","attributes":[{"name":"Instala\u00e7\u00f5es","content":"100,000 - 500,000","_state":"expanded"},{"name":"Responsivo","content":"Sim","_state":"expanded"},{"name":"Navegadores compat\u00edveis","content":"Firefox, Safari, Opera, Chrome, Edge"}],"tags":[],"tags_disable_links":"0","hide_more_platforms":"","video_object":"","demo_hide_cta":"0","demo_hide_cloud_options":"0","pricing_title":"","pricing":[{"pricing_icon":"platform","pricing_title":"Elfsight Apps","pricing_title_caption":"Solu\u00e7\u00e3o independente de plataforma","pricing_price":"a partir de US$ 0\/m\u00eas","pricing_price_caption":"comece com um plano gratuito","pricing_benefits":[{"text":"Dom\u00ednios ilimitados"},{"text":"Suporte gratuito ao cliente e bem documentado"},{"text":"Suporte gratuito ao cliente e bem documentado"},{"text":"Totalmente personaliz\u00e1vel"}],"pricing_button_text":"Adicionar ao site","pricing_button_url":"#demo","_state":"expanded"}],"related_apps_title":"","related_apps_hidden":"1","author":"","image":[],"title":"","job":"","social_networks":[]},"_links":{"self":[{"href":"https:\/\/elfsight.com\/pt\/wp-json\/wp\/v2\/pages\/4208","targetHints":{"allow":["GET"]}}],"collection":[{"href":"https:\/\/elfsight.com\/pt\/wp-json\/wp\/v2\/pages"}],"about":[{"href":"https:\/\/elfsight.com\/pt\/wp-json\/wp\/v2\/types\/page"}],"author":[{"embeddable":true,"href":"https:\/\/elfsight.com\/pt\/wp-json\/wp\/v2\/users\/9"}],"replies":[{"embeddable":true,"href":"https:\/\/elfsight.com\/pt\/wp-json\/wp\/v2\/comments?post=4208"}],"version-history":[{"count":2,"href":"https:\/\/elfsight.com\/pt\/wp-json\/wp\/v2\/pages\/4208\/revisions"}],"predecessor-version":[{"id":11941,"href":"https:\/\/elfsight.com\/pt\/wp-json\/wp\/v2\/pages\/4208\/revisions\/11941"}],"up":[{"embeddable":true,"href":"https:\/\/elfsight.com\/pt\/wp-json\/wp\/v2\/pages\/443"}],"wp:attachment":[{"href":"https:\/\/elfsight.com\/pt\/wp-json\/wp\/v2\/media?parent=4208"}],"curies":[{"name":"wp","href":"https:\/\/api.w.org\/{rel}","templated":true}]}}