{"id":4206,"date":"2024-05-03T06:40:58","date_gmt":"2024-05-03T06:40:58","guid":{"rendered":"https:\/\/elfsight.com\/pt\/?page_id=4206"},"modified":"2024-11-13T11:44:43","modified_gmt":"2024-11-13T11:44:43","slug":"facebook","status":"publish","type":"page","link":"https:\/\/elfsight.com\/pt\/logo-showcase-widget\/facebook\/","title":{"rendered":"Logo Showcase &#8211; Facebook Page"},"content":{"rendered":"<div class=\"application-platform-content-item-description application-platform-content-item\" id=\"description\" data-nav-section=\"description\"><h2>Descri\u00e7\u00e3o<\/h2> <p>O Elfsight Logo Showcase \u00e9 a ferramenta mais f\u00e1cil para demonstrar log\u00f3tipos de m\u00faltiplos parceiros ou patrocinadores ou as suas men\u00e7\u00f5es \u00e0 imprensa em seu site. Usando o widget Elfsight, voc\u00ea mostrar\u00e1 que sua empresa \u00e9 uma companheira respeit\u00e1vel e manter\u00e1 uma boa vis\u00e3o do seu neg\u00f3cio. O widget permite adicionar logotipos infinitos, constru\u00ed-los em um controle deslizante ou grade e alterar o tamanho dos logotipos. Voc\u00ea pode adicionar legendas e links aos sites das empresas. Usando op\u00e7\u00f5es de cores e fontes, \u00e9 f\u00e1cil construir uma interface exclusiva. <\/p><p><b>Aumente as vendas comprovando o nome impec\u00e1vel de sua empresa, com logotipos de clientes em seu site. <\/b><\/p><\/div> <div class=\"application-platform-content-item-features application-platform-content-item\" id=\"features\" data-nav-section=\"features\"><h2>Recursos<\/h2> <p>Aqui voc\u00ea pode ver todas as caracter\u00edsticas funcionais do Logo Showcase. Voc\u00ea pode configur\u00e1-los diretamente no editor e eles o ajudar\u00e3o a configurar o widget especialmente para o seu caso. <\/p><ul><li>Voc\u00ea pode vincular os logotipos a qualquer endere\u00e7o; <\/li><li>Cabe\u00e7alho flex\u00edvel com t\u00edtulo e texto com configura\u00e7\u00f5es de formata\u00e7\u00e3o; <\/li><li>O bot\u00e3o CTA pode ser vinculado a qualquer p\u00e1gina; <\/li><li>3 layouts de widget balanceados: Slider, Grid e Carousel; <\/li><li>Um recurso para definir o tamanho do logotipo e o par\u00e2metro de largura do widget; <\/li><li>A op\u00e7\u00e3o de selecionar qualquer cor de fundo ou adicionar sua imagem. <\/li><\/ul><p><a href=\"#demo\">Teste todas as outras fun\u00e7\u00f5es na demonstra\u00e7\u00e3o<\/a><\/p><\/div> <div class=\"application-platform-content-item-installation application-platform-content-item\" id=\"installation\" data-nav-section=\"installation\"><h2> Como adicionar Logo Showcase \u00e0 guia da minha p\u00e1gina do Facebook? <\/h2><p>Para incorporar o widget, basta seguir as instru\u00e7\u00f5es abaixo<\/p><ul><li><b>Gere seu widget de logotipo pessoal<\/b><br>Com a ajuda de nosso configurador gratuito, crie um plugin com interface e funcionalidade preferidas. <\/li><li><b>Obtenha o seu c\u00f3digo pessoal para configurar o plugin<\/b><br>Depois de personalizar o seu widget, voc\u00ea obter\u00e1 o c\u00f3digo exclusivo na janela pop-up dos aplicativos Elfsight. Copie este c\u00f3digo para uso posterior. <\/li><li><b>Adicione a guia Logotipo \u00e0 p\u00e1gina do Facebook<\/b><br> Crie sua guia personalizada do Facebook. Insira o c\u00f3digo que voc\u00ea recebeu nos aplicativos da elfsight na guia. Se voc\u00ea tiver algum problema, basta verificar nosso guia em <a href=\"https:\/\/elfsight.com\/blog\/how-to-add-custom-tab-to-facebook-page\/\" target=\"_blank\" rel=\"noopener noreferrer\">criando uma guia personalizada do Facebook<\/a><\/li><li><b>Pronto! <\/b><br>Entre no seu site para visualizar seu plugin. <\/li><\/ul><p>Sinta-se \u00e0 vontade para entrar em contato com o suporte ao cliente da Elfsight se precisar de aconselhamento ou tiver d\u00favidas. Daremos uma ajuda em todas as d\u00favidas. <\/p><div class=\"faq\" data-component=\"FAQ\"><div class=\"faq-item\">\r\n\t\t\t\t\t<div class=\"faq-item-question\">\r\n\t\t\t\t\t\t<h3 class=\"faq-item-question-text\">De que forma \u00e9 poss\u00edvel adicionar o Logo Showcase \u00e0 p\u00e1gina inicial da minha p\u00e1gina do Facebook sem nenhum conhecimento de codifica\u00e7\u00e3o?<\/h3>\r\n\r\n\t\t\t\t\t\t<div class=\"faq-item-question-icon\"><\/div>\r\n\t\t\t\t\t<\/div>\r\n\r\n\t\t\t\t\t<div class=\"faq-item-answer\">\r\n\t\t\t\t\t\t<div class=\"faq-item-answer-text\"> <p>A empresa Elfsight oferece uma solu\u00e7\u00e3o Cloud que permite aos utilizadores gerar um Logo Showcase widget voc\u00ea mesmo, observe as etapas f\u00e1ceis: V\u00e1 para o Editor online para formar uma se\u00e7\u00e3o Logo Showcase que voc\u00ea gostaria de incluir na p\u00e1gina da p\u00e1gina do Facebook. Escolha um de nossos modelos pr\u00e9-fabricados e altere as configura\u00e7\u00f5es do Logo Showcase, altere o layout e o esquema de cores e atualize seu conte\u00fado, sem nenhum conhecimento de codifica\u00e7\u00e3o. Salve as configura\u00e7\u00f5es feitas no Logo Showcase e copie seu c\u00f3digo de instala\u00e7\u00e3o, que voc\u00ea pode simplesmente incluir gratuitamente no site da p\u00e1gina do Facebook. Com nosso editor intuitivo, cada usu\u00e1rio da web pode gerar o plugin Logo Showcase online e simplesmente col\u00e1-lo no site da p\u00e1gina do Facebook. N\u00e3o \u00e9 necess\u00e1rio obter um plano pago ou enviar as credenciais do seu cart\u00e3o para entrar no servi\u00e7o Elfsight. Se voc\u00ea encontrar qualquer tipo de problema, sinta-se \u00e0 vontade para entrar em contato com nossa equipe de suporte t\u00e9cnico.<\/p> <\/div>\r\n\t\t\t\t\t<\/div>\r\n\t\t\t\t<\/div> <\/div><\/div>","protected":false},"excerpt":{"rendered":"","protected":false},"author":9,"featured_media":0,"parent":983,"menu_order":0,"comment_status":"closed","ping_status":"closed","template":"templates\/template-application-platform.php","meta":{"publish_to_discourse":"","publish_post_category":"","wpdc_auto_publish_overridden":"","wpdc_topic_tags":"","wpdc_pin_topic":"","wpdc_pin_until":"","discourse_post_id":"","discourse_permalink":"","wpdc_publishing_response":"","wpdc_publishing_error":"","footnotes":""},"class_list":["post-4206","page","type-page","status-publish","hentry"],"yoast_head":"<!-- This site is optimized with the Yoast SEO plugin v25.3.1 - https:\/\/yoast.com\/wordpress\/plugins\/seo\/ -->\n<title>Carrossel de logotipos - Adicionar widget de logotipo \u00e0 p\u00e1gina comercial do Facebook (2026)<\/title>\n<meta name=\"description\" content=\"\u00c9 perfeitamente simples criar seu widget Logo Showcase e adicion\u00e1-lo \u00e0 sua p\u00e1gina comercial do Facebook. O atendimento ao cliente da Elfsight \u00e9 gratuito e r\u00e1pido.\" \/>\n<meta name=\"robots\" content=\"index, follow, max-snippet:-1, max-image-preview:large, max-video-preview:-1\" \/>\n<link rel=\"canonical\" href=\"https:\/\/elfsight.com\/pt\/logo-showcase-widget\/facebook\/\" \/>\n<meta property=\"og:locale\" content=\"pt_PT\" \/>\n<meta property=\"og:type\" content=\"article\" \/>\n<meta property=\"og:title\" content=\"Carrossel de logotipos - Adicionar widget de logotipo \u00e0 p\u00e1gina comercial do Facebook (2026)\" \/>\n<meta property=\"og:description\" content=\"\u00c9 perfeitamente simples criar seu widget Logo Showcase e adicion\u00e1-lo \u00e0 sua p\u00e1gina comercial do Facebook. O atendimento ao cliente da Elfsight \u00e9 gratuito e r\u00e1pido.\" \/>\n<meta property=\"og:url\" content=\"https:\/\/elfsight.com\/pt\/logo-showcase-widget\/facebook\/\" \/>\n<meta property=\"og:site_name\" content=\"Elfsight PT\" \/>\n<meta property=\"article:modified_time\" content=\"2024-11-13T11:44:43+00:00\" \/>\n<meta name=\"twitter:card\" content=\"summary_large_image\" \/>\n<meta name=\"twitter:label1\" content=\"Tempo estimado de leitura\" \/>\n\t<meta name=\"twitter:data1\" content=\"2 minutos\" \/>\n<!-- \/ Yoast SEO plugin. -->","yoast_head_json":{"title":"Carrossel de logotipos - Adicionar widget de logotipo \u00e0 p\u00e1gina comercial do Facebook (2026)","description":"\u00c9 perfeitamente simples criar seu widget Logo Showcase e adicion\u00e1-lo \u00e0 sua p\u00e1gina comercial do Facebook. O atendimento ao cliente da Elfsight \u00e9 gratuito e r\u00e1pido.","robots":{"index":"index","follow":"follow","max-snippet":"max-snippet:-1","max-image-preview":"max-image-preview:large","max-video-preview":"max-video-preview:-1"},"canonical":"https:\/\/elfsight.com\/pt\/logo-showcase-widget\/facebook\/","og_locale":"pt_PT","og_type":"article","og_title":"Carrossel de logotipos - Adicionar widget de logotipo \u00e0 p\u00e1gina comercial do Facebook (2026)","og_description":"\u00c9 perfeitamente simples criar seu widget Logo Showcase e adicion\u00e1-lo \u00e0 sua p\u00e1gina comercial do Facebook. O atendimento ao cliente da Elfsight \u00e9 gratuito e r\u00e1pido.","og_url":"https:\/\/elfsight.com\/pt\/logo-showcase-widget\/facebook\/","og_site_name":"Elfsight PT","article_modified_time":"2024-11-13T11:44:43+00:00","twitter_card":"summary_large_image","twitter_misc":{"Tempo estimado de leitura":"2 minutos"},"schema":{"@context":"https:\/\/schema.org","@graph":[{"@type":"WebPage","@id":"https:\/\/elfsight.com\/pt\/logo-showcase-widget\/facebook\/","url":"https:\/\/elfsight.com\/pt\/logo-showcase-widget\/facebook\/","name":"Carrossel de logotipos - Adicionar widget de logotipo \u00e0 p\u00e1gina comercial do Facebook (2026)","isPartOf":{"@id":"https:\/\/elfsight.com\/pt\/#website"},"datePublished":"2024-05-03T06:40:58+00:00","dateModified":"2024-11-13T11:44:43+00:00","description":"\u00c9 perfeitamente simples criar seu widget Logo Showcase e adicion\u00e1-lo \u00e0 sua p\u00e1gina comercial do Facebook. O atendimento ao cliente da Elfsight \u00e9 gratuito e r\u00e1pido.","breadcrumb":{"@id":"https:\/\/elfsight.com\/pt\/logo-showcase-widget\/facebook\/#breadcrumb"},"inLanguage":"pt-PT","potentialAction":[{"@type":"ReadAction","target":["https:\/\/elfsight.com\/pt\/logo-showcase-widget\/facebook\/"]}]},{"@type":"BreadcrumbList","@id":"https:\/\/elfsight.com\/pt\/logo-showcase-widget\/facebook\/#breadcrumb","itemListElement":[{"@type":"ListItem","position":1,"name":"Home","item":"https:\/\/elfsight.com\/pt\/"},{"@type":"ListItem","position":2,"name":"Logo Showcase","item":"https:\/\/elfsight.com\/pt\/logo-showcase-widget\/"},{"@type":"ListItem","position":3,"name":"Logo Showcase &#8211; Facebook Page"}]},{"@type":"WebSite","@id":"https:\/\/elfsight.com\/pt\/#website","url":"https:\/\/elfsight.com\/pt\/","name":"Elfsight PT","description":"Just another Elfsight Sites site","potentialAction":[{"@type":"SearchAction","target":{"@type":"EntryPoint","urlTemplate":"https:\/\/elfsight.com\/pt\/?s={search_term_string}"},"query-input":{"@type":"PropertyValueSpecification","valueRequired":true,"valueName":"search_term_string"}}],"inLanguage":"pt-PT"}]}},"meta_box":{"industry":"","seo_heading":"","heading":"","description":"","cta_heading":"","cta_description":"","application":"982","h1":"Vitrine de logotipo para p\u00e1gina comercial do Facebook","h1_caption":"Mostre as marcas dos clientes e associados na p\u00e1gina para aumentar a credibilidade","application_category":[],"applications_title":"","applications_request_title":"","applications_request_button_text":"","hero_text":"","hero_video":"","hero_video_schema_markup":"","selling_points_title":"","selling_points_caption":"","selling_points":[],"selling_points_cta_text":"","features_title":"","features":"","ed_cta_examples_text":"","ed_cta_examples_hidden":"","ed_cta_demo_text":"","ed_cta_demo_hidden":"","why_caption":"","why_editor_title":"","why_editor_text":"","why_team_title":"","why_team_text":"","why_service_title":"","why_service_text":"","template_catalog_visible":"","template_catalog_title":"","template_catalog_text":"","template_catalog_categories_visible":"","demo_title":"Crie seu widget de demonstra\u00e7\u00e3o de logotipo","demo_caption":"Configure seu Logo Showcase e adicione-o ao site da sua p\u00e1gina do Facebook gratuitamente!","default_faq_hidden":"","app_template_category":[],"platform":"103","template_public_id":"","codecanyon_url":"","codecanyon_item_id":"","codecanyon_price":"","pricing_caption":"","pricing_elfsight_apps_hide_column":"","pricing_elfsight_apps_url":"","pricing_codecanyon_price_caption":"","integration_category":[],"integration_request_title":"","integration_request_cta":"","integration_platform":"","integrations":[],"platform_category":[],"video_schema_markup":"","price":"a partir de US$ 0\/m\u00eas","trial":"","benefits":[{"text":"Assist\u00eancia de instala\u00e7\u00e3o gratuita"},{"text":"Suporte premium"},{"text":"Garantia de reembolso de 14 dias"},{"text":"Atendimento ao cliente competente"}],"button_url":"#demo","button_target_blank":"0","button_nofollow":"0","attributes":[{"name":"Instala\u00e7\u00f5es","content":"10,000 - 100,000","_state":"expanded"},{"name":"Responsivo","content":"Sim","_state":"expanded"},{"name":"Navegadores compat\u00edveis","content":"Firefox, Safari, Edge, Chrome, Opera"}],"tags":[],"tags_disable_links":"0","hide_more_platforms":"","video_object":"","demo_hide_cta":"0","demo_hide_cloud_options":"0","pricing_title":"","pricing":[{"pricing_icon":"platform","pricing_title":"Elfsight Apps","pricing_title_caption":"Software multiplataforma","pricing_price":"a partir de US$ 0\/m\u00eas","pricing_price_caption":"comece com plano gratuito","pricing_benefits":[{"text":"Dom\u00ednios ilimitados"},{"text":"Suporte dedicado ao cliente"},{"text":"Suporte dedicado ao cliente"},{"text":"100% personaliz\u00e1vel"}],"pricing_button_text":"Adicionar ao site","pricing_button_url":"#demo","_state":"expanded"}],"related_apps_title":"","related_apps_hidden":"1","author":"","image":[],"title":"","job":"","social_networks":[]},"_links":{"self":[{"href":"https:\/\/elfsight.com\/pt\/wp-json\/wp\/v2\/pages\/4206","targetHints":{"allow":["GET"]}}],"collection":[{"href":"https:\/\/elfsight.com\/pt\/wp-json\/wp\/v2\/pages"}],"about":[{"href":"https:\/\/elfsight.com\/pt\/wp-json\/wp\/v2\/types\/page"}],"author":[{"embeddable":true,"href":"https:\/\/elfsight.com\/pt\/wp-json\/wp\/v2\/users\/9"}],"replies":[{"embeddable":true,"href":"https:\/\/elfsight.com\/pt\/wp-json\/wp\/v2\/comments?post=4206"}],"version-history":[{"count":2,"href":"https:\/\/elfsight.com\/pt\/wp-json\/wp\/v2\/pages\/4206\/revisions"}],"predecessor-version":[{"id":11980,"href":"https:\/\/elfsight.com\/pt\/wp-json\/wp\/v2\/pages\/4206\/revisions\/11980"}],"up":[{"embeddable":true,"href":"https:\/\/elfsight.com\/pt\/wp-json\/wp\/v2\/pages\/983"}],"wp:attachment":[{"href":"https:\/\/elfsight.com\/pt\/wp-json\/wp\/v2\/media?parent=4206"}],"curies":[{"name":"wp","href":"https:\/\/api.w.org\/{rel}","templated":true}]}}