{"id":4204,"date":"2024-09-30T18:27:29","date_gmt":"2024-09-30T18:27:29","guid":{"rendered":"https:\/\/elfsight.com\/pt\/?page_id=4204"},"modified":"2024-12-16T17:35:07","modified_gmt":"2024-12-16T17:35:07","slug":"facebook","status":"publish","type":"page","link":"https:\/\/elfsight.com\/pt\/number-counter-widget\/facebook\/","title":{"rendered":"number counter &#8211; facebook page"},"content":{"rendered":"<div class=\"application-platform-content-item-description application-platform-content-item\" id=\"description\" data-nav-section=\"description\"> <h2>Descri\u00e7\u00e3o<\/h2> <p>Elfsight Number Counter \u00e9 um widget gerenci\u00e1vel para p\u00e1ginas do Facebook com muitos recursos para voc\u00ea escolher. \u00c9 um \u00f3timo recurso para demonstrar estat\u00edsticas impressionantes de seu neg\u00f3cio, a quantidade de trabalhos realizados e muito mais. O plugin \u00e9 extremamente ajust\u00e1vel. Sinta-se \u00e0 vontade para construir uma quantidade ilimitada de contadores, organiz\u00e1-los em colunas, escolher \u00edcones de nossa biblioteca ou fazer upload de seus personalizados, torn\u00e1-los coloridos ou de uma s\u00f3 cor, adicionar legendas para esclarecer os n\u00fameros que voc\u00ea est\u00e1 demonstrando, repintar qualquer elemento, escolha a imagem de fundo e isso n\u00e3o \u00e9 tudo. Comece a formar seu widget agora e veja as estat\u00edsticas de seus principais neg\u00f3cios crescerem! <\/p> <p><b>Exiba suas conquistas impressionantes para seus futuros compradores. Aumente a quantidade de vendas e leads bem-sucedidos! <\/b><\/p> <\/div> <div class=\"application-platform-content-item-features application-platform-content-item\" id=\"features\" data-nav-section=\"features\"> <h2>O contador de n\u00fameros para Facebook inclui recursos poderosos e r\u00e1pidos, aqui est\u00e3o alguns deles:<\/h2> <ul><li>Qualquer quantidade de contadores. <\/li><li>Quantidade irrestrita de colunas. <\/li><li>Juntar t\u00edtulos, manchetes, prefixos e p\u00f3s-fixos. <\/li><li>Escolha a categoria do \u00edcone &#8211; obtenha-o em nossa cole\u00e7\u00e3o ou carregue o seu personalizado. <\/li><li>Adicionar links. <\/li><\/ul><p><a href=\"#demo\">Teste todos os recursos de personaliza\u00e7\u00e3o em uma demonstra\u00e7\u00e3o 100% funcional<\/a><\/p> <\/div> <div class=\"application-platform-content-item-installation application-platform-content-item\" id=\"installation\" data-nav-section=\"installation\"> <h2>Como fa\u00e7o para incorporar o Number Counter ao meu site do Facebook? <\/h2> <div class=\"tip-yellow tip\"><b>Devido \u00e0s mudan\u00e7as recentes no Facebook e \u00e0 transi\u00e7\u00e3o para a Nova Experi\u00eancia de P\u00e1gina, o uso atualmente s\u00f3 \u00e9 poss\u00edvel adicionando um link direto ao widget. Estamos procurando ativamente por uma solu\u00e7\u00e3o e atualizaremos a configura\u00e7\u00e3o da p\u00e1gina do Facebook assim que encontrarmos uma solu\u00e7\u00e3o.<\/b><\/div><p>Basta seguir as etapas abaixo para integrar a ferramenta. <\/p> <ol><li><b>Utilize nosso configurador gratuito e comece a construir seu instrumento personalizado. <\/b><br> Especifique o design e a funcionalidade preferidos do widget e aplique as edi\u00e7\u00f5es. <\/li> <li><b>Receba o seu c\u00f3digo exclusivo apresentado no formul\u00e1rio especial nas aplica\u00e7\u00f5es Elfsight. <\/b><br> Ap\u00f3s a cria\u00e7\u00e3o da sua ferramenta, copie o c\u00f3digo pessoal na caixa que surgir e guarde-o para futuras ocasi\u00f5es. <\/li> <li><b>Comece a usar a contagem regressiva em seu site do Facebook. <\/b><br> Insira o c\u00f3digo que voc\u00ea salvou anteriormente em sua p\u00e1gina inicial e aplique os ajustes. <\/li> <li><b>Conclu\u00eddo! A configura\u00e7\u00e3o foi finalizada com sucesso. <\/b><br> Acesse sua p\u00e1gina para ver como o widget est\u00e1 funcionando. <\/li><\/ol> <p>Caso tenha d\u00favidas ou encontre algum problema, n\u00e3o tenha medo de entrar em contato com nossa equipe de atendimento ao cliente. Nosso pessoal ter\u00e1 o maior prazer em ajud\u00e1-lo com todas as dificuldades que voc\u00ea possa ter com a ferramenta. <\/p> <div class=\"faq\" data-component=\"FAQ\"><div class=\"faq-item\">\r\n\t\t\t\t\t<div class=\"faq-item-question\">\r\n\t\t\t\t\t\t<h3 class=\"faq-item-question-text\">Existe uma maneira de incorporar o Number Counter ao meu site do Facebook sem habilidades de codifica\u00e7\u00e3o?<\/h3>\r\n\r\n\t\t\t\t\t\t<div class=\"faq-item-question-icon\"><\/div>\r\n\t\t\t\t\t<\/div>\r\n\r\n\t\t\t\t\t<div class=\"faq-item-answer\">\r\n\t\t\t\t\t\t<div class=\"faq-item-answer-text\"> <p>A empresa Elfsight oferece uma solu\u00e7\u00e3o SaaS que permite que os usu\u00e1rios gerem voc\u00ea mesmo uma se\u00e7\u00e3o do Number Counter, aprenda como \u00e9 simples: Trabalhe diretamente no Editor ao vivo para gerar um plugin de Contador de N\u00fameros que voc\u00ea gostaria de incluir em seu site do Facebook. Escolha um dos modelos pr\u00e9-desenhados e adapte as configura\u00e7\u00f5es do contador num\u00e9rico, transforme o layout e o esquema de cores e adicione seu conte\u00fado, sem nenhuma experi\u00eancia de codifica\u00e7\u00e3o. Salve as configura\u00e7\u00f5es feitas no Number Counter e copie o c\u00f3digo para incorpora\u00e7\u00e3o, que pode ser facilmente incorporado nas p\u00e1ginas da web do Facebook sem a necessidade de comprar uma assinatura paga. Com nosso configurador f\u00e1cil de usar, cada usu\u00e1rio da Internet pode criar um contador de n\u00fameros on-line e inclu\u00ed-lo facilmente em sua p\u00e1gina inicial do Facebook. N\u00e3o \u00e9 necess\u00e1rio adquirir um plano pago ou inserir os dados do seu cart\u00e3o para acessar o Editor. Se voc\u00ea tiver qualquer tipo de problema, fale com nossa equipe de suporte t\u00e9cnico.<\/p> <\/div>\r\n\t\t\t\t\t<\/div>\r\n\t\t\t\t<\/div> <\/div><\/div>","protected":false},"excerpt":{"rendered":"","protected":false},"author":9,"featured_media":0,"parent":1061,"menu_order":0,"comment_status":"closed","ping_status":"closed","template":"templates\/template-application-platform.php","meta":{"publish_to_discourse":"","publish_post_category":"","wpdc_auto_publish_overridden":"","wpdc_topic_tags":"","wpdc_pin_topic":"","wpdc_pin_until":"","discourse_post_id":"","discourse_permalink":"","wpdc_publishing_response":"","wpdc_publishing_error":"","footnotes":""},"class_list":["post-4204","page","type-page","status-publish","hentry"],"yoast_head":"<!-- This site is optimized with the Yoast SEO plugin v25.3.1 - https:\/\/yoast.com\/wordpress\/plugins\/seo\/ -->\n<title>Contador de n\u00fameros \u2013 Adicionar plugin de contador ao Facebook (gr\u00e1tis e r\u00e1pido)<\/title>\n<meta name=\"description\" content=\"Insira um contador num\u00e9rico em sua p\u00e1gina do Facebook, utilizando nossa demonstra\u00e7\u00e3o ao vivo. D\u00ea forma ao seu widget personalizado com apenas alguns cliques e sem esfor\u00e7o!\" \/>\n<meta name=\"robots\" content=\"index, follow, max-snippet:-1, max-image-preview:large, max-video-preview:-1\" \/>\n<link rel=\"canonical\" href=\"https:\/\/elfsight.com\/pt\/number-counter-widget\/facebook\/\" \/>\n<meta property=\"og:locale\" content=\"pt_PT\" \/>\n<meta property=\"og:type\" content=\"article\" \/>\n<meta property=\"og:title\" content=\"Contador de n\u00fameros \u2013 Adicionar plugin de contador ao Facebook (gr\u00e1tis e r\u00e1pido)\" \/>\n<meta property=\"og:description\" content=\"Insira um contador num\u00e9rico em sua p\u00e1gina do Facebook, utilizando nossa demonstra\u00e7\u00e3o ao vivo. D\u00ea forma ao seu widget personalizado com apenas alguns cliques e sem esfor\u00e7o!\" \/>\n<meta property=\"og:url\" content=\"https:\/\/elfsight.com\/pt\/number-counter-widget\/facebook\/\" \/>\n<meta property=\"og:site_name\" content=\"Elfsight PT\" \/>\n<meta property=\"article:modified_time\" content=\"2024-12-16T17:35:07+00:00\" \/>\n<meta name=\"twitter:card\" content=\"summary_large_image\" \/>\n<meta name=\"twitter:label1\" content=\"Tempo estimado de leitura\" \/>\n\t<meta name=\"twitter:data1\" content=\"2 minutos\" \/>\n<!-- \/ Yoast SEO plugin. -->","yoast_head_json":{"title":"Contador de n\u00fameros \u2013 Adicionar plugin de contador ao Facebook (gr\u00e1tis e r\u00e1pido)","description":"Insira um contador num\u00e9rico em sua p\u00e1gina do Facebook, utilizando nossa demonstra\u00e7\u00e3o ao vivo. D\u00ea forma ao seu widget personalizado com apenas alguns cliques e sem esfor\u00e7o!","robots":{"index":"index","follow":"follow","max-snippet":"max-snippet:-1","max-image-preview":"max-image-preview:large","max-video-preview":"max-video-preview:-1"},"canonical":"https:\/\/elfsight.com\/pt\/number-counter-widget\/facebook\/","og_locale":"pt_PT","og_type":"article","og_title":"Contador de n\u00fameros \u2013 Adicionar plugin de contador ao Facebook (gr\u00e1tis e r\u00e1pido)","og_description":"Insira um contador num\u00e9rico em sua p\u00e1gina do Facebook, utilizando nossa demonstra\u00e7\u00e3o ao vivo. D\u00ea forma ao seu widget personalizado com apenas alguns cliques e sem esfor\u00e7o!","og_url":"https:\/\/elfsight.com\/pt\/number-counter-widget\/facebook\/","og_site_name":"Elfsight PT","article_modified_time":"2024-12-16T17:35:07+00:00","twitter_card":"summary_large_image","twitter_misc":{"Tempo estimado de leitura":"2 minutos"},"schema":{"@context":"https:\/\/schema.org","@graph":[{"@type":"WebPage","@id":"https:\/\/elfsight.com\/pt\/number-counter-widget\/facebook\/","url":"https:\/\/elfsight.com\/pt\/number-counter-widget\/facebook\/","name":"Contador de n\u00fameros \u2013 Adicionar plugin de contador ao Facebook (gr\u00e1tis e r\u00e1pido)","isPartOf":{"@id":"https:\/\/elfsight.com\/pt\/#website"},"datePublished":"2024-09-30T18:27:29+00:00","dateModified":"2024-12-16T17:35:07+00:00","description":"Insira um contador num\u00e9rico em sua p\u00e1gina do Facebook, utilizando nossa demonstra\u00e7\u00e3o ao vivo. D\u00ea forma ao seu widget personalizado com apenas alguns cliques e sem esfor\u00e7o!","breadcrumb":{"@id":"https:\/\/elfsight.com\/pt\/number-counter-widget\/facebook\/#breadcrumb"},"inLanguage":"pt-PT","potentialAction":[{"@type":"ReadAction","target":["https:\/\/elfsight.com\/pt\/number-counter-widget\/facebook\/"]}]},{"@type":"BreadcrumbList","@id":"https:\/\/elfsight.com\/pt\/number-counter-widget\/facebook\/#breadcrumb","itemListElement":[{"@type":"ListItem","position":1,"name":"Home","item":"https:\/\/elfsight.com\/pt\/"},{"@type":"ListItem","position":2,"name":"Number Counter","item":"https:\/\/elfsight.com\/pt\/number-counter-widget\/"},{"@type":"ListItem","position":3,"name":"number counter &#8211; facebook page"}]},{"@type":"WebSite","@id":"https:\/\/elfsight.com\/pt\/#website","url":"https:\/\/elfsight.com\/pt\/","name":"Elfsight PT","description":"Just another Elfsight Sites site","potentialAction":[{"@type":"SearchAction","target":{"@type":"EntryPoint","urlTemplate":"https:\/\/elfsight.com\/pt\/?s={search_term_string}"},"query-input":{"@type":"PropertyValueSpecification","valueRequired":true,"valueName":"search_term_string"}}],"inLanguage":"pt-PT"}]}},"meta_box":{"industry":"","seo_heading":"","heading":"","description":"","cta_heading":"","cta_description":"","application":"1060","h1":"Widget Contador de n\u00fameros do Facebook","h1_caption":"Mostre as principais estat\u00edsticas e marcos com contadores animados para destacar suas conquistas de uma forma envolvente no site da sua p\u00e1gina do Facebook, sem esfor\u00e7o.","application_category":[],"applications_title":"","applications_request_title":"","applications_request_button_text":"","hero_text":"","hero_video":"","hero_video_schema_markup":"","selling_points_title":"","selling_points_caption":"","selling_points":[],"selling_points_cta_text":"","features_title":"","features":"","ed_cta_examples_text":"","ed_cta_examples_hidden":"","ed_cta_demo_text":"","ed_cta_demo_hidden":"","why_caption":"","why_editor_title":"","why_editor_text":"","why_team_title":"","why_team_text":"","why_service_title":"","why_service_text":"","template_catalog_visible":"","template_catalog_title":"","template_catalog_text":"","template_catalog_categories_visible":"","demo_title":"Crie seu widget de contador num\u00e9rico","demo_caption":"Configure seu contador de n\u00fameros e adicione-o gratuitamente ao site da sua p\u00e1gina do Facebook!","default_faq_hidden":"","app_template_category":[],"platform":"103","template_public_id":"","codecanyon_url":"","codecanyon_item_id":"","codecanyon_price":"","pricing_caption":"","pricing_elfsight_apps_hide_column":"","pricing_elfsight_apps_url":"","pricing_codecanyon_price_caption":"","integration_category":[],"integration_request_title":"","integration_request_cta":"","integration_platform":"","integrations":[],"platform_category":[],"video_schema_markup":"","price":"a partir de $ 0 \/ m\u00eas","trial":"","benefits":[{"text":"Servi\u00e7o de instala\u00e7\u00e3o gratuito"},{"text":"Suporte ao cliente experiente"},{"text":"Garantia de reembolso de 14 dias"},{"text":"Atualizando constantemente"}],"button_url":"#demo","button_target_blank":"0","button_nofollow":"0","attributes":[{"name":"Instala\u00e7\u00f5es","content":"1,000 - 5,000","_state":"expanded"},{"name":"Capacidade de resposta","content":"Design adaptativo","_state":"expanded"},{"name":"Navegadores compat\u00edveis","content":"Edge, Safari, Chrome, Firefox, Opera"}],"tags":[],"tags_disable_links":"0","hide_more_platforms":"","video_object":"","demo_hide_cta":"0","demo_hide_cloud_options":"0","pricing_title":"","pricing":[{"pricing_icon":"platform","pricing_title":"Elfsight Apps","pricing_title_caption":"Vers\u00e3o multiplataforma que funciona em qualquer site","pricing_price":"a partir de $ 0 \/ m\u00eas","pricing_price_caption":"comece com plano gratuito","pricing_benefits":[{"text":"Dom\u00ednios ilimitados"},{"text":"Suporte dedicado e pontual"},{"text":"Assist\u00eancia de instala\u00e7\u00e3o gratuita"},{"text":"100% personaliz\u00e1vel"}],"pricing_button_text":"Adicionar ao site","pricing_button_url":"#demo","_state":"expanded"}],"related_apps_title":"","related_apps_hidden":"1","author":"","image":[],"title":"","job":"","social_networks":[]},"_links":{"self":[{"href":"https:\/\/elfsight.com\/pt\/wp-json\/wp\/v2\/pages\/4204","targetHints":{"allow":["GET"]}}],"collection":[{"href":"https:\/\/elfsight.com\/pt\/wp-json\/wp\/v2\/pages"}],"about":[{"href":"https:\/\/elfsight.com\/pt\/wp-json\/wp\/v2\/types\/page"}],"author":[{"embeddable":true,"href":"https:\/\/elfsight.com\/pt\/wp-json\/wp\/v2\/users\/9"}],"replies":[{"embeddable":true,"href":"https:\/\/elfsight.com\/pt\/wp-json\/wp\/v2\/comments?post=4204"}],"version-history":[{"count":2,"href":"https:\/\/elfsight.com\/pt\/wp-json\/wp\/v2\/pages\/4204\/revisions"}],"predecessor-version":[{"id":13421,"href":"https:\/\/elfsight.com\/pt\/wp-json\/wp\/v2\/pages\/4204\/revisions\/13421"}],"up":[{"embeddable":true,"href":"https:\/\/elfsight.com\/pt\/wp-json\/wp\/v2\/pages\/1061"}],"wp:attachment":[{"href":"https:\/\/elfsight.com\/pt\/wp-json\/wp\/v2\/media?parent=4204"}],"curies":[{"name":"wp","href":"https:\/\/api.w.org\/{rel}","templated":true}]}}