{"id":4201,"date":"2024-05-03T06:39:20","date_gmt":"2024-05-03T06:39:20","guid":{"rendered":"https:\/\/elfsight.com\/pt\/?page_id=4201"},"modified":"2024-11-13T12:02:05","modified_gmt":"2024-11-13T12:02:05","slug":"bigcommerce","status":"publish","type":"page","link":"https:\/\/elfsight.com\/pt\/google-reviews-widget\/bigcommerce\/","title":{"rendered":"Google Reviews &#8211; BigCommerce"},"content":{"rendered":"<div class=\"application-platform-content-item-description application-platform-content-item\" id=\"description\" data-nav-section=\"description\"> <h2>Incorpore coment\u00e1rios do Google com o widget Elfsight<\/h2> <p>O Elfsight Google Reviews \u00e9 um widget descomplicado que facilitar\u00e1 a publica\u00e7\u00e3o em seu site coment\u00e1rios de clientes sobre seus produtos ou servi\u00e7os feitos por usu\u00e1rios do Google. Com a ajuda deste widget, voc\u00ea tem \u00e0 sua disposi\u00e7\u00e3o diversos filtros para classificar avalia\u00e7\u00f5es indesejadas, pode mostrar suas avalia\u00e7\u00f5es com estrelas e n\u00fameros do Google, adicionar detalhes sobre os autores e integrar um bot\u00e3o, que levar\u00e1 os visitantes a deixar sua avalia\u00e7\u00e3o no Google. A Elfsight ir\u00e1 ajud\u00e1-lo a demonstrar a sua elevada prova social no site e atrair novas vendas. <\/p><div class=\"faq\" data-component=\"FAQ\"> <div class=\"faq-item\">\r\n\t\t\t\t\t<div class=\"faq-item-question\">\r\n\t\t\t\t\t\t<h3 class=\"faq-item-question-text\">Onde no meu site posso instalar o aplicativo Bigcommerce para avalia\u00e7\u00f5es?<\/h3>\r\n\r\n\t\t\t\t\t\t<div class=\"faq-item-question-icon\"><\/div>\r\n\t\t\t\t\t<\/div>\r\n\r\n\t\t\t\t\t<div class=\"faq-item-answer\">\r\n\t\t\t\t\t\t<div class=\"faq-item-answer-text\"> <p>Voc\u00ea pode inserir o widget de avalia\u00e7\u00e3o do cliente em qualquer p\u00e1gina do site ou col\u00e1-lo em o modelo do site, para que apare\u00e7a em todas as p\u00e1ginas. As avalia\u00e7\u00f5es s\u00e3o eficazes nas p\u00e1ginas de produtos ou na p\u00e1gina Sobre n\u00f3s, onde voc\u00ea deseja exibir sua alta classifica\u00e7\u00e3o.<\/p><\/div>\r\n\t\t\t\t\t<\/div>\r\n\t\t\t\t<\/div> <div class=\"faq-item\">\r\n\t\t\t\t\t<div class=\"faq-item-question\">\r\n\t\t\t\t\t\t<h3 class=\"faq-item-question-text\">Como vou me beneficiar com isso?<\/h3>\r\n\r\n\t\t\t\t\t\t<div class=\"faq-item-question-icon\"><\/div>\r\n\t\t\t\t\t<\/div>\r\n\r\n\t\t\t\t\t<div class=\"faq-item-answer\">\r\n\t\t\t\t\t\t<div class=\"faq-item-answer-text\"> <p>As avalia\u00e7\u00f5es de pessoas reais parecem m\u00e1ximo confi\u00e1vel para os usu\u00e1rios do seu site e prove-lhes que sua empresa \u00e9 um parceiro confi\u00e1vel. Avalia\u00e7\u00f5es altas e bons depoimentos podem ajudar a aumentar o n\u00edvel de compras do seu site. Al\u00e9m disso, o bot\u00e3o ativo pode contribuir para ter mais avalia\u00e7\u00f5es de usu\u00e1rios sobre suas ofertas ou servi\u00e7os no Google.<\/p> <\/div>\r\n\t\t\t\t\t<\/div>\r\n\t\t\t\t<\/div><div class=\"faq-item\">\r\n\t\t\t\t\t<div class=\"faq-item-question\">\r\n\t\t\t\t\t\t<h3 class=\"faq-item-question-text\">Como adiciono as avalia\u00e7\u00f5es do Google ao meu site BigCommerce?<\/h3>\r\n\r\n\t\t\t\t\t\t<div class=\"faq-item-question-icon\"><\/div>\r\n\t\t\t\t\t<\/div>\r\n\r\n\t\t\t\t\t<div class=\"faq-item-answer\">\r\n\t\t\t\t\t\t<div class=\"faq-item-answer-text\"> <p> Leva dois minutos para fazer isso. A instala\u00e7\u00e3o \u00e9 extremamente r\u00e1pida, gratuita e sem codifica\u00e7\u00e3o.<\/p> <p>O widget pode ser configurado diretamente atrav\u00e9s do nosso servi\u00e7o ou atrav\u00e9s do marketplace. Voc\u00ea pode ver as vantagens de ambas as op\u00e7\u00f5es e escolher a sua.<\/p> <\/div>\r\n\t\t\t\t\t<\/div>\r\n\t\t\t\t<\/div> <\/div> <\/div><div class=\"application-platform-content-item-features application-platform-content-item\" id=\"features\" data-nav-section=\"features\"> <h2>Principais recursos do aplicativo Google Reviews<\/h2> <p>Para obter uma compreens\u00e3o clara do widget, voc\u00ea pode consultar a lista das caracter\u00edsticas principais. Eles tornam este widget incrivelmente eficiente para o seu site: <\/p> <ul> <li>3 op\u00e7\u00f5es de filtros: por tipo, excluir por e quantidade de avalia\u00e7\u00f5es para exibi\u00e7\u00e3o; <\/li> <li>Quatro layouts predefinidos: Lista, Grade, Alvenaria e Slider;<\/li> <li> Cabe\u00e7alho do widget totalmente flex\u00edvel; <\/li> <li>O bot\u00e3o para solicitar uma avalia\u00e7\u00e3o leva os usu\u00e1rios \u00e0 p\u00e1gina do Google;<\/li> <li>Seis elementos ajust\u00e1veis \u200b\u200bda interface: nome e imagem do autor, texto de recomenda\u00e7\u00e3o, data, \u00edcone do Google e classifica\u00e7\u00e3o por estrelas ;<\/li> <li>Duas alternativas de cen\u00e1rios ap\u00f3s a rejei\u00e7\u00e3o da solicita\u00e7\u00e3o de revis\u00e3o: revelar sua mensagem ou ocultar o bot\u00e3o.<\/li> <\/ul><p><a href=\"#demo\">Para explorar mais recursos, veja a demonstra\u00e7\u00e3o<\/a><\/p> <\/div><div class=\"application-platform-content-item-installation application-platform-content-item\" id=\"installation\" data-nav-section=\"installation\"> <h2>Como incorporar o Google Reviews em seu BigCommerce<\/h2><iframe width=\"720\" height=\"405\" src=\"https:\/\/www.youtube.com\/embed\/mHu12-4gtWQ\" frameborder=\"0\" allowfullscreen=\"\"><\/iframe><p>Basta seguir v\u00e1rias etapas descritas abaixo para come\u00e7ar a usar o aplicativo no BigCommerce.<\/p> <ol><li><b>Use nossa demonstra\u00e7\u00e3o gratuita e comece a moldar seu widget personalizado de Avalia\u00e7\u00f5es do Google.<\/b><br> Encontre a forma preferida e as caracter\u00edsticas funcionais do aplicativo e salve as corre\u00e7\u00f5es.<\/li> <li><b>Adquira o seu c\u00f3digo pessoal que aparece na caixa das aplica\u00e7\u00f5es Elfsight.<\/b><br> Logo ap\u00f3s a conclus\u00e3o da configura\u00e7\u00e3o do seu widget, copie o c\u00f3digo exclusivo na caixa que aparece e guarde-o. para necessidades futuras.<\/li> <li><b>Inicie a aplica\u00e7\u00e3o do widget no site BigCommerce.<\/b><br> Incorpore o c\u00f3digo salvo recentemente em sua p\u00e1gina e salve as modifica\u00e7\u00f5es. <\/li> <li><b>Pronto! A incorpora\u00e7\u00e3o foi realizada com sucesso. <\/b><br> V\u00e1 para sua p\u00e1gina para ver como o aplicativo est\u00e1 sendo executado. <\/li><\/ol><p>Ainda tem d\u00favidas? Ou est\u00e1 tendo problemas ao inserir o Google Reviews no Bigcommerce? Basta enviar sua solicita\u00e7\u00e3o ao nosso atendimento ao cliente para receber ajuda com qualquer d\u00favida. <\/p> <\/div>","protected":false},"excerpt":{"rendered":"","protected":false},"author":9,"featured_media":0,"parent":443,"menu_order":0,"comment_status":"closed","ping_status":"closed","template":"templates\/template-application-platform.php","meta":{"publish_to_discourse":"","publish_post_category":"","wpdc_auto_publish_overridden":"","wpdc_topic_tags":"","wpdc_pin_topic":"","wpdc_pin_until":"","discourse_post_id":"","discourse_permalink":"","wpdc_publishing_response":"","wpdc_publishing_error":"","footnotes":""},"class_list":["post-4201","page","type-page","status-publish","hentry"],"yoast_head":"<!-- This site is optimized with the Yoast SEO plugin v25.3.1 - https:\/\/yoast.com\/wordpress\/plugins\/seo\/ -->\n<title>Incorpore coment\u00e1rios do Google no BigCommerce - adicione coment\u00e1rios a um site em 2 minutos!<\/title>\n<meta name=\"description\" content=\"Com a Elfsight, produza seus coment\u00e1rios do Google e publique-os em uma loja BigCommerce rapidamente. Oferecemos atendimento gratuito ao cliente e mais b\u00f4nus.\" \/>\n<meta name=\"robots\" content=\"index, follow, max-snippet:-1, max-image-preview:large, max-video-preview:-1\" \/>\n<link rel=\"canonical\" href=\"https:\/\/elfsight.com\/pt\/google-reviews-widget\/bigcommerce\/\" \/>\n<meta property=\"og:locale\" content=\"pt_PT\" \/>\n<meta property=\"og:type\" content=\"article\" \/>\n<meta property=\"og:title\" content=\"Incorpore coment\u00e1rios do Google no BigCommerce - adicione coment\u00e1rios a um site em 2 minutos!\" \/>\n<meta property=\"og:description\" content=\"Com a Elfsight, produza seus coment\u00e1rios do Google e publique-os em uma loja BigCommerce rapidamente. Oferecemos atendimento gratuito ao cliente e mais b\u00f4nus.\" \/>\n<meta property=\"og:url\" content=\"https:\/\/elfsight.com\/pt\/google-reviews-widget\/bigcommerce\/\" \/>\n<meta property=\"og:site_name\" content=\"Elfsight PT\" \/>\n<meta property=\"article:modified_time\" content=\"2024-11-13T12:02:05+00:00\" \/>\n<meta name=\"twitter:card\" content=\"summary_large_image\" \/>\n<meta name=\"twitter:label1\" content=\"Tempo estimado de leitura\" \/>\n\t<meta name=\"twitter:data1\" content=\"2 minutos\" \/>\n<!-- \/ Yoast SEO plugin. -->","yoast_head_json":{"title":"Incorpore coment\u00e1rios do Google no BigCommerce - adicione coment\u00e1rios a um site em 2 minutos!","description":"Com a Elfsight, produza seus coment\u00e1rios do Google e publique-os em uma loja BigCommerce rapidamente. Oferecemos atendimento gratuito ao cliente e mais b\u00f4nus.","robots":{"index":"index","follow":"follow","max-snippet":"max-snippet:-1","max-image-preview":"max-image-preview:large","max-video-preview":"max-video-preview:-1"},"canonical":"https:\/\/elfsight.com\/pt\/google-reviews-widget\/bigcommerce\/","og_locale":"pt_PT","og_type":"article","og_title":"Incorpore coment\u00e1rios do Google no BigCommerce - adicione coment\u00e1rios a um site em 2 minutos!","og_description":"Com a Elfsight, produza seus coment\u00e1rios do Google e publique-os em uma loja BigCommerce rapidamente. Oferecemos atendimento gratuito ao cliente e mais b\u00f4nus.","og_url":"https:\/\/elfsight.com\/pt\/google-reviews-widget\/bigcommerce\/","og_site_name":"Elfsight PT","article_modified_time":"2024-11-13T12:02:05+00:00","twitter_card":"summary_large_image","twitter_misc":{"Tempo estimado de leitura":"2 minutos"},"schema":{"@context":"https:\/\/schema.org","@graph":[{"@type":"WebPage","@id":"https:\/\/elfsight.com\/pt\/google-reviews-widget\/bigcommerce\/","url":"https:\/\/elfsight.com\/pt\/google-reviews-widget\/bigcommerce\/","name":"Incorpore coment\u00e1rios do Google no BigCommerce - adicione coment\u00e1rios a um site em 2 minutos!","isPartOf":{"@id":"https:\/\/elfsight.com\/pt\/#website"},"datePublished":"2024-05-03T06:39:20+00:00","dateModified":"2024-11-13T12:02:05+00:00","description":"Com a Elfsight, produza seus coment\u00e1rios do Google e publique-os em uma loja BigCommerce rapidamente. Oferecemos atendimento gratuito ao cliente e mais b\u00f4nus.","breadcrumb":{"@id":"https:\/\/elfsight.com\/pt\/google-reviews-widget\/bigcommerce\/#breadcrumb"},"inLanguage":"pt-PT","potentialAction":[{"@type":"ReadAction","target":["https:\/\/elfsight.com\/pt\/google-reviews-widget\/bigcommerce\/"]}]},{"@type":"BreadcrumbList","@id":"https:\/\/elfsight.com\/pt\/google-reviews-widget\/bigcommerce\/#breadcrumb","itemListElement":[{"@type":"ListItem","position":1,"name":"Home","item":"https:\/\/elfsight.com\/pt\/"},{"@type":"ListItem","position":2,"name":"Google Reviews","item":"https:\/\/elfsight.com\/pt\/google-reviews-widget\/"},{"@type":"ListItem","position":3,"name":"Google Reviews &#8211; BigCommerce"}]},{"@type":"WebSite","@id":"https:\/\/elfsight.com\/pt\/#website","url":"https:\/\/elfsight.com\/pt\/","name":"Elfsight PT","description":"Just another Elfsight Sites site","potentialAction":[{"@type":"SearchAction","target":{"@type":"EntryPoint","urlTemplate":"https:\/\/elfsight.com\/pt\/?s={search_term_string}"},"query-input":{"@type":"PropertyValueSpecification","valueRequired":true,"valueName":"search_term_string"}}],"inLanguage":"pt-PT"}]}},"meta_box":{"industry":"","seo_heading":"","heading":"","description":"","cta_heading":"","cta_description":"","application":"442","h1":"Aplicativo BigCommerce Google Reviews","h1_caption":"Exiba as opini\u00f5es dos clientes mais atraentes do Google em seu site","application_category":[],"applications_title":"","applications_request_title":"","applications_request_button_text":"","hero_text":"","hero_video":"","hero_video_schema_markup":"","selling_points_title":"","selling_points_caption":"","selling_points":[],"selling_points_cta_text":"","features_title":"","features":"","ed_cta_examples_text":"","ed_cta_examples_hidden":"","ed_cta_demo_text":"","ed_cta_demo_hidden":"","why_caption":"","why_editor_title":"","why_editor_text":"","why_team_title":"","why_team_text":"","why_service_title":"","why_service_text":"","template_catalog_visible":"","template_catalog_title":"","template_catalog_text":"","template_catalog_categories_visible":"","demo_title":"Crie seu aplicativo Google Reviews","demo_caption":"Configure seu Google Reviews e adicione-o ao seu site BigCommerce gratuitamente!","default_faq_hidden":"","app_template_category":[],"platform":"43","template_public_id":"","codecanyon_url":"","codecanyon_item_id":"","codecanyon_price":"","pricing_caption":"","pricing_elfsight_apps_hide_column":"","pricing_elfsight_apps_url":"","pricing_codecanyon_price_caption":"","integration_category":[],"integration_request_title":"","integration_request_cta":"","integration_platform":"","integrations":[],"platform_category":[],"video_schema_markup":"","price":"a partir de US$ 0\/m\u00eas","trial":"","benefits":[{"text":"Servi\u00e7o de instala\u00e7\u00e3o gratuito"},{"text":"Suporte ao cliente experiente"},{"text":"Garantia de reembolso de 14 dias"},{"text":"Melhorias gratuitas cont\u00ednuas"}],"button_url":"#demo","button_target_blank":"0","button_nofollow":"0","attributes":[{"name":"Instala\u00e7\u00f5es","content":"100,000 - 500,000","_state":"expanded"},{"name":"Responsivo","content":"Sim","_state":"expanded"},{"name":"Navegadores compat\u00edveis","content":"Firefox, Safari, Opera, Chrome, Edge"}],"tags":[],"tags_disable_links":"0","hide_more_platforms":"","video_object":"","demo_hide_cta":"0","demo_hide_cloud_options":"0","pricing_title":"","pricing":[{"pricing_icon":"platform","pricing_title":"Elfsight Apps","pricing_title_caption":"Vers\u00e3o independente de plataforma que funciona em qualquer site","pricing_price":"a partir de US$ 0\/m\u00eas","pricing_price_caption":"comece com plano gratuito","pricing_benefits":[{"text":"Sites ilimitados"},{"text":"Suporte dedicado"},{"text":"Suporte dedicado"},{"text":"Totalmente personaliz\u00e1vel"}],"pricing_button_text":"Adicionar ao site","pricing_button_url":"#demo","_state":"expanded"}],"related_apps_title":"","related_apps_hidden":"1","author":"","image":[],"title":"","job":"","social_networks":[]},"_links":{"self":[{"href":"https:\/\/elfsight.com\/pt\/wp-json\/wp\/v2\/pages\/4201","targetHints":{"allow":["GET"]}}],"collection":[{"href":"https:\/\/elfsight.com\/pt\/wp-json\/wp\/v2\/pages"}],"about":[{"href":"https:\/\/elfsight.com\/pt\/wp-json\/wp\/v2\/types\/page"}],"author":[{"embeddable":true,"href":"https:\/\/elfsight.com\/pt\/wp-json\/wp\/v2\/users\/9"}],"replies":[{"embeddable":true,"href":"https:\/\/elfsight.com\/pt\/wp-json\/wp\/v2\/comments?post=4201"}],"version-history":[{"count":2,"href":"https:\/\/elfsight.com\/pt\/wp-json\/wp\/v2\/pages\/4201\/revisions"}],"predecessor-version":[{"id":11942,"href":"https:\/\/elfsight.com\/pt\/wp-json\/wp\/v2\/pages\/4201\/revisions\/11942"}],"up":[{"embeddable":true,"href":"https:\/\/elfsight.com\/pt\/wp-json\/wp\/v2\/pages\/443"}],"wp:attachment":[{"href":"https:\/\/elfsight.com\/pt\/wp-json\/wp\/v2\/media?parent=4201"}],"curies":[{"name":"wp","href":"https:\/\/api.w.org\/{rel}","templated":true}]}}