{"id":4186,"date":"2024-05-03T06:41:32","date_gmt":"2024-05-03T06:41:32","guid":{"rendered":"https:\/\/elfsight.com\/pt\/?page_id=4186"},"modified":"2024-11-13T11:28:01","modified_gmt":"2024-11-13T11:28:01","slug":"blogger","status":"publish","type":"page","link":"https:\/\/elfsight.com\/pt\/number-counter-widget\/blogger\/","title":{"rendered":"Number Counter &#8211; Blogger"},"content":{"rendered":"<div class=\"application-platform-content-item-description application-platform-content-item\" id=\"description\" data-nav-section=\"description\"> <h2>Descri\u00e7\u00e3o<\/h2> <p>O Number Counter \u00e9 um widget f\u00e1cil de usar com uma ampla variedade de recursos. \u00c9 \u00f3timo para mostrar as espl\u00eandidas estat\u00edsticas do seu neg\u00f3cio, a quantidade de trabalhos que voc\u00ea realizou at\u00e9 agora e isso n\u00e3o \u00e9 tudo. O widget \u00e9 excepcionalmente ajust\u00e1vel. Voc\u00ea \u00e9 livre para adicionar uma quantidade ilimitada de contadores, organiz\u00e1-los em colunas, escolher \u00edcones de nossa cole\u00e7\u00e3o ou fazer upload de seus personalizados, torn\u00e1-los coloridos ou monocrom\u00e1ticos, adicionar t\u00edtulos para esclarecer os n\u00fameros que voc\u00ea est\u00e1 exibindo, repintar qualquer recurso, escolher o plano de fundo foto, e isso n\u00e3o \u00e9 nem a metade. Basta come\u00e7ar a construir seu plugin agora e observar as estat\u00edsticas cruciais de seu neg\u00f3cio crescerem rapidamente! <\/p> <p><b>Exiba suas realiza\u00e7\u00f5es espl\u00eandidas para seus futuros clientes. Obtenha mais vendas e leads de sucesso! <\/b><\/p> <\/div> <div class=\"application-platform-content-item-features application-platform-content-item\" id=\"features\" data-nav-section=\"features\"> <h2>Os recursos de widget mais populares cont\u00eam<\/h2> <ul><li>Qualquer quantidade de contadores. <\/li><li>N\u00famero irrestrito de colunas. <\/li><li>Junte legendas, t\u00edtulos, prefixos e p\u00f3s-fixos. <\/li><li>Escolha o formato do \u00edcone &#8211; obtenha-o em nossa cole\u00e7\u00e3o ou carregue o seu pr\u00f3prio. <\/li><li>Links adjacentes. <\/li><\/ul><p><a href=\"#demo\">Voc\u00ea pode sentir o que o widget oferece ao experimentar a demonstra\u00e7\u00e3o<\/a><\/p> <\/div> <div class=\"application-platform-content-item-installation application-platform-content-item\" id=\"installation\" data-nav-section=\"installation\"> <h2>Como posso incorporar o Number Counter ao meu site do Blogger? <\/h2><div class=\"video-container\"><iframe width=\"720\" height=\"405\" src=\"https:\/\/www.youtube.com\/embed\/Tgbua89skcg\" frameborder=\"0\" allowfullscreen=\"\"><\/iframe><\/div><p>Basta seguir as etapas apresentadas abaixo para incorporar o widget. <\/p> <ol><li><b>Gerencie nosso editor gratuito e comece a moldar seu widget personalizado. <\/b><br> Escolha o design selecionado e as caracter\u00edsticas da ferramenta e aplique as edi\u00e7\u00f5es. <\/li> <li><b>Obtenha o c\u00f3digo individual exposto no formul\u00e1rio especial nas aplica\u00e7\u00f5es Elfsight. <\/b><br> Ap\u00f3s a configura\u00e7\u00e3o do seu widget pessoal, copie o c\u00f3digo pessoal na caixa exibida e salve-o para uso posterior. <\/li> <li><b>Comece a usar a ferramenta no site do Blogger. <\/b><br> Insira o c\u00f3digo salvo anteriormente em sua p\u00e1gina inicial e aplique as modifica\u00e7\u00f5es. <\/li> <li><b>A instala\u00e7\u00e3o foi totalmente conclu\u00edda. <\/b><br> Acesse seu site para dar uma olhada no funcionamento da ferramenta. <\/li><\/ol> <p>Caso tenha d\u00favidas ou enfrente alguma dificuldade, n\u00e3o tenha medo de entrar em contato com nossa equipe de suporte. Nossos especialistas ter\u00e3o prazer em ajud\u00e1-lo com todas as dificuldades que voc\u00ea possa ter com o plugin. <\/p> <div class=\"faq\" data-component=\"FAQ\"><div class=\"faq-item\">\r\n\t\t\t\t\t<div class=\"faq-item-question\">\r\n\t\t\t\t\t\t<h3 class=\"faq-item-question-text\">Existe um m\u00e9todo para adicionar o Number Counter \u00e0 minha p\u00e1gina do Blogger sem habilidades de codifica\u00e7\u00e3o?<\/h3>\r\n\r\n\t\t\t\t\t\t<div class=\"faq-item-question-icon\"><\/div>\r\n\t\t\t\t\t<\/div>\r\n\r\n\t\t\t\t\t<div class=\"faq-item-answer\">\r\n\t\t\t\t\t\t<div class=\"faq-item-answer-text\"> <p>A Elfsight oferece uma solu\u00e7\u00e3o Cloud que permite que um p\u00fablico amplo estabele\u00e7a voc\u00ea mesmo um plugin do Number Counter , saiba como o processo \u00e9 simples: Trabalhe no Editor ao vivo para criar um aplicativo de contador de n\u00fameros que voc\u00ea gostaria que aparecesse na sua p\u00e1gina da web do Blogger. Escolha um dos muitos modelos predefinidos e ajuste as configura\u00e7\u00f5es do contador num\u00e9rico, altere o layout e a cor dos elementos, incluindo o seu conte\u00fado, sem qualquer experi\u00eancia em codifica\u00e7\u00e3o. Clique para salvar o contador de n\u00fameros e obter o c\u00f3digo do plugin para incorpora\u00e7\u00e3o, que pode ser facilmente adicionado ao site do Blogger sem adquirir um plano pago. Trabalhando no configurador simples, cada usu\u00e1rio da web pode criar um plug-in de contador de n\u00fameros e col\u00e1-lo facilmente em qualquer p\u00e1gina da web do Blogger. Voc\u00ea n\u00e3o deve obter um plano pago ou inserir as credenciais do seu cart\u00e3o para entrar no servi\u00e7o. Se voc\u00ea encontrar algum tipo de problema, entre em contato com nossa equipe de suporte.<\/p> <\/div>\r\n\t\t\t\t\t<\/div>\r\n\t\t\t\t<\/div> <\/div><\/div>","protected":false},"excerpt":{"rendered":"","protected":false},"author":9,"featured_media":0,"parent":1061,"menu_order":0,"comment_status":"closed","ping_status":"closed","template":"templates\/template-application-platform.php","meta":{"publish_to_discourse":"","publish_post_category":"","wpdc_auto_publish_overridden":"","wpdc_topic_tags":"","wpdc_pin_topic":"","wpdc_pin_until":"","discourse_post_id":"","discourse_permalink":"","wpdc_publishing_response":"","wpdc_publishing_error":"","footnotes":""},"class_list":["post-4186","page","type-page","status-publish","hentry"],"yoast_head":"<!-- This site is optimized with the Yoast SEO plugin v25.3.1 - https:\/\/yoast.com\/wordpress\/plugins\/seo\/ -->\n<title>Contador de n\u00fameros Elfsight para sites do Blogger (gratuito e f\u00e1cil)<\/title>\n<meta name=\"description\" content=\"Integre um contador num\u00e9rico ao seu site do Blogger, usando nossa pr\u00e1tica demonstra\u00e7\u00e3o. Gere seu widget personalizado com apenas alguns cliques!\" \/>\n<meta name=\"robots\" content=\"index, follow, max-snippet:-1, max-image-preview:large, max-video-preview:-1\" \/>\n<link rel=\"canonical\" href=\"https:\/\/elfsight.com\/pt\/number-counter-widget\/blogger\/\" \/>\n<meta property=\"og:locale\" content=\"pt_PT\" \/>\n<meta property=\"og:type\" content=\"article\" \/>\n<meta property=\"og:title\" content=\"Contador de n\u00fameros Elfsight para sites do Blogger (gratuito e f\u00e1cil)\" \/>\n<meta property=\"og:description\" content=\"Integre um contador num\u00e9rico ao seu site do Blogger, usando nossa pr\u00e1tica demonstra\u00e7\u00e3o. Gere seu widget personalizado com apenas alguns cliques!\" \/>\n<meta property=\"og:url\" content=\"https:\/\/elfsight.com\/pt\/number-counter-widget\/blogger\/\" \/>\n<meta property=\"og:site_name\" content=\"Elfsight PT\" \/>\n<meta property=\"article:modified_time\" content=\"2024-11-13T11:28:01+00:00\" \/>\n<meta name=\"twitter:card\" content=\"summary_large_image\" \/>\n<meta name=\"twitter:label1\" content=\"Tempo estimado de leitura\" \/>\n\t<meta name=\"twitter:data1\" content=\"2 minutos\" \/>\n<!-- \/ Yoast SEO plugin. -->","yoast_head_json":{"title":"Contador de n\u00fameros Elfsight para sites do Blogger (gratuito e f\u00e1cil)","description":"Integre um contador num\u00e9rico ao seu site do Blogger, usando nossa pr\u00e1tica demonstra\u00e7\u00e3o. Gere seu widget personalizado com apenas alguns cliques!","robots":{"index":"index","follow":"follow","max-snippet":"max-snippet:-1","max-image-preview":"max-image-preview:large","max-video-preview":"max-video-preview:-1"},"canonical":"https:\/\/elfsight.com\/pt\/number-counter-widget\/blogger\/","og_locale":"pt_PT","og_type":"article","og_title":"Contador de n\u00fameros Elfsight para sites do Blogger (gratuito e f\u00e1cil)","og_description":"Integre um contador num\u00e9rico ao seu site do Blogger, usando nossa pr\u00e1tica demonstra\u00e7\u00e3o. Gere seu widget personalizado com apenas alguns cliques!","og_url":"https:\/\/elfsight.com\/pt\/number-counter-widget\/blogger\/","og_site_name":"Elfsight PT","article_modified_time":"2024-11-13T11:28:01+00:00","twitter_card":"summary_large_image","twitter_misc":{"Tempo estimado de leitura":"2 minutos"},"schema":{"@context":"https:\/\/schema.org","@graph":[{"@type":"WebPage","@id":"https:\/\/elfsight.com\/pt\/number-counter-widget\/blogger\/","url":"https:\/\/elfsight.com\/pt\/number-counter-widget\/blogger\/","name":"Contador de n\u00fameros Elfsight para sites do Blogger (gratuito e f\u00e1cil)","isPartOf":{"@id":"https:\/\/elfsight.com\/pt\/#website"},"datePublished":"2024-05-03T06:41:32+00:00","dateModified":"2024-11-13T11:28:01+00:00","description":"Integre um contador num\u00e9rico ao seu site do Blogger, usando nossa pr\u00e1tica demonstra\u00e7\u00e3o. Gere seu widget personalizado com apenas alguns cliques!","breadcrumb":{"@id":"https:\/\/elfsight.com\/pt\/number-counter-widget\/blogger\/#breadcrumb"},"inLanguage":"pt-PT","potentialAction":[{"@type":"ReadAction","target":["https:\/\/elfsight.com\/pt\/number-counter-widget\/blogger\/"]}]},{"@type":"BreadcrumbList","@id":"https:\/\/elfsight.com\/pt\/number-counter-widget\/blogger\/#breadcrumb","itemListElement":[{"@type":"ListItem","position":1,"name":"Home","item":"https:\/\/elfsight.com\/pt\/"},{"@type":"ListItem","position":2,"name":"Number Counter","item":"https:\/\/elfsight.com\/pt\/number-counter-widget\/"},{"@type":"ListItem","position":3,"name":"Number Counter &#8211; Blogger"}]},{"@type":"WebSite","@id":"https:\/\/elfsight.com\/pt\/#website","url":"https:\/\/elfsight.com\/pt\/","name":"Elfsight PT","description":"Just another Elfsight Sites site","potentialAction":[{"@type":"SearchAction","target":{"@type":"EntryPoint","urlTemplate":"https:\/\/elfsight.com\/pt\/?s={search_term_string}"},"query-input":{"@type":"PropertyValueSpecification","valueRequired":true,"valueName":"search_term_string"}}],"inLanguage":"pt-PT"}]}},"meta_box":{"industry":"","seo_heading":"","heading":"","description":"","cta_heading":"","cta_description":"","application":"1060","h1":"Widget Contador de n\u00fameros do Blogger","h1_caption":"Revele suas estat\u00edsticas impressionantes aos visitantes e atraia clientes mais fi\u00e9is","application_category":[],"applications_title":"","applications_request_title":"","applications_request_button_text":"","hero_text":"","hero_video":"","hero_video_schema_markup":"","selling_points_title":"","selling_points_caption":"","selling_points":[],"selling_points_cta_text":"","features_title":"","features":"","ed_cta_examples_text":"","ed_cta_examples_hidden":"","ed_cta_demo_text":"","ed_cta_demo_hidden":"","why_caption":"","why_editor_title":"","why_editor_text":"","why_team_title":"","why_team_text":"","why_service_title":"","why_service_text":"","template_catalog_visible":"","template_catalog_title":"","template_catalog_text":"","template_catalog_categories_visible":"","demo_title":"Crie seu widget de contador num\u00e9rico","demo_caption":"Configure seu contador de n\u00fameros e adicione-o ao site do Blogger gratuitamente!","default_faq_hidden":"","app_template_category":[],"platform":"46","template_public_id":"","codecanyon_url":"","codecanyon_item_id":"","codecanyon_price":"","pricing_caption":"","pricing_elfsight_apps_hide_column":"","pricing_elfsight_apps_url":"","pricing_codecanyon_price_caption":"","integration_category":[],"integration_request_title":"","integration_request_cta":"","integration_platform":"","integrations":[],"platform_category":[],"video_schema_markup":"","price":"a partir de US$ 0\/m\u00eas","trial":"","benefits":[{"text":"Assist\u00eancia de instala\u00e7\u00e3o gratuita"},{"text":"Suporte excepcional"},{"text":"Garantia de devolu\u00e7\u00e3o do dinheiro em 14 dias"},{"text":"Atualiza\u00e7\u00f5es regulares"}],"button_url":"#demo","button_target_blank":"0","button_nofollow":"0","attributes":[{"name":"Instala\u00e7\u00f5es","content":"10,000 - 100,000","_state":"expanded"},{"name":"Responsivo","content":"Sim","_state":"expanded"},{"name":"Navegadores compat\u00edveis","content":"Firefox, Safari, Opera, Chrome, Edge"}],"tags":[],"tags_disable_links":"0","hide_more_platforms":"","video_object":"","demo_hide_cta":"0","demo_hide_cloud_options":"0","pricing_title":"","pricing":[{"pricing_icon":"platform","pricing_title":"Elfsight Apps","pricing_title_caption":"Software multiplataforma adequado para qualquer site","pricing_price":"a partir de US$ 0\/m\u00eas","pricing_price_caption":"comece com um plano gratuito","pricing_benefits":[{"text":"Sites ilimitados"},{"text":"Suporte ao cliente premium e bem documentado"},{"text":"Suporte ao cliente premium e bem documentado"},{"text":"Totalmente personaliz\u00e1vel"}],"pricing_button_text":"Adicionar ao site","pricing_button_url":"#demo","_state":"expanded"}],"related_apps_title":"","related_apps_hidden":"1","author":"","image":[],"title":"","job":"","social_networks":[]},"_links":{"self":[{"href":"https:\/\/elfsight.com\/pt\/wp-json\/wp\/v2\/pages\/4186","targetHints":{"allow":["GET"]}}],"collection":[{"href":"https:\/\/elfsight.com\/pt\/wp-json\/wp\/v2\/pages"}],"about":[{"href":"https:\/\/elfsight.com\/pt\/wp-json\/wp\/v2\/types\/page"}],"author":[{"embeddable":true,"href":"https:\/\/elfsight.com\/pt\/wp-json\/wp\/v2\/users\/9"}],"replies":[{"embeddable":true,"href":"https:\/\/elfsight.com\/pt\/wp-json\/wp\/v2\/comments?post=4186"}],"version-history":[{"count":2,"href":"https:\/\/elfsight.com\/pt\/wp-json\/wp\/v2\/pages\/4186\/revisions"}],"predecessor-version":[{"id":12011,"href":"https:\/\/elfsight.com\/pt\/wp-json\/wp\/v2\/pages\/4186\/revisions\/12011"}],"up":[{"embeddable":true,"href":"https:\/\/elfsight.com\/pt\/wp-json\/wp\/v2\/pages\/1061"}],"wp:attachment":[{"href":"https:\/\/elfsight.com\/pt\/wp-json\/wp\/v2\/media?parent=4186"}],"curies":[{"name":"wp","href":"https:\/\/api.w.org\/{rel}","templated":true}]}}