{"id":4183,"date":"2024-05-03T06:40:54","date_gmt":"2024-05-03T06:40:54","guid":{"rendered":"https:\/\/elfsight.com\/pt\/?page_id=4183"},"modified":"2024-11-13T11:44:35","modified_gmt":"2024-11-13T11:44:35","slug":"bigcommerce","status":"publish","type":"page","link":"https:\/\/elfsight.com\/pt\/logo-showcase-widget\/bigcommerce\/","title":{"rendered":"Logo Showcase &#8211; BigCommerce"},"content":{"rendered":"<div class=\"application-platform-content-item-description application-platform-content-item\" id=\"description\" data-nav-section=\"description\"><h2>Descri\u00e7\u00e3o<\/h2> <p>Elfsight Logo Showcase \u00e9 a t\u00e9cnica perfeita para se gabar dos log\u00f3tipos de qualquer cliente ou promotor ou das suas men\u00e7\u00f5es na imprensa em seu site. Com o widget Elfsight, voc\u00ea mostrar\u00e1 que \u00e9 um companheiro confi\u00e1vel e manter\u00e1 uma boa imagem da sua marca. O widget permite adicionar v\u00e1rios logotipos, organiz\u00e1-los em um carrossel ou grade e alterar a escala das imagens. Voc\u00ea pode adicionar legendas e links ao site das empresas. Ajustando as configura\u00e7\u00f5es de cores e fontes, \u00e9 f\u00e1cil criar uma apar\u00eancia \u00fanica. <\/p><p><b>Aumente as vendas comprovando o espl\u00eandido nome da sua empresa, com logotipos de clientes no site. <\/b><\/p><\/div><div class=\"application-platform-content-item-features application-platform-content-item\" id=\"features\" data-nav-section=\"features\"><h2>Recursos<\/h2> <p>Verifique todas as fun\u00e7\u00f5es do Logo Showcase. Voc\u00ea pode configur\u00e1-los diretamente no editor e eles o ajudar\u00e3o a construir o widget adequado \u00e0s suas necessidades. <\/p><ul><li>Voc\u00ea pode vincular cada logotipo a qualquer p\u00e1gina da web; <\/li><li>Cabe\u00e7alho de widget adapt\u00e1vel, incluindo t\u00edtulo e texto com configura\u00e7\u00f5es de formata\u00e7\u00e3o;<\/li><li>O bot\u00e3o de call to action pode ser vinculado a qualquer p\u00e1gina da web;<\/li><li>Tr\u00eas layouts de widget balanceados : Slider, Grid e Carousel;<\/li><li>A op\u00e7\u00e3o de definir o tamanho do logotipo e o par\u00e2metro de largura do widget;<\/li><li>A op\u00e7\u00e3o de escolher qualquer cor de fundo ou enviar uma imagem personalizada.<\/li><\/ul><p><a href=\"#demo\">Voc\u00ea pode testar todos os recursos do widget diretamente na demonstra\u00e7\u00e3o<\/a><\/p><\/div><div class=\"application-platform-content-item-installation application-platform-content-item\" id=\"installation\" data-nav-section=\"installation\"><h2>Como incorporar o Logo Showcase ao BigCommerce? <\/h2><div class=\"video-container\"><iframe width=\"720\" height=\"405\" src=\"https:\/\/www.youtube.com\/embed\/_FfFdz6NnsQ\" frameborder=\"0\" allowfullscreen=\"\"><\/iframe><\/div><p>Basta seguir as orienta\u00e7\u00f5es abaixo para inserir a ferramenta no BigCommerce.<\/p> <ol><li><b>Inicie nosso editor gratuito e comece a formar seu custom-made Aplicativo de demonstra\u00e7\u00e3o de logotipo. <\/b><br> Escolha a apar\u00eancia personalizada e as caracter\u00edsticas da ferramenta e salve as corre\u00e7\u00f5es. <\/li> <li><b>Adquira o c\u00f3digo individual que aparece no formul\u00e1rio especial nas aplica\u00e7\u00f5es Elfsight. <\/b><br> Quando a personaliza\u00e7\u00e3o do seu widget estiver conclu\u00edda, copie o c\u00f3digo exclusivo na caixa que apareceu e guarde-o para uso posterior. <\/li> <li><b>Comece a usar o plugin no site BigCommerce. <\/b><br>Incorpore o c\u00f3digo copiado anteriormente em seu site e aplique as modifica\u00e7\u00f5es. <\/li> <li><b>Conclu\u00eddo! A configura\u00e7\u00e3o est\u00e1 totalmente conclu\u00edda. <\/b><br> Acesse seu site para ver o desempenho do plugin. <\/li><\/ol><p>Reserve um minuto para entrar em contato com o servi\u00e7o de suporte da Elfsight se precisar de ajuda ou tiver d\u00favidas. Nossos especialistas ter\u00e3o prazer em ajudar com cada solicita\u00e7\u00e3o. <\/p><div class=\"faq\" data-component=\"FAQ\"><div class=\"faq-item\">\r\n\t\t\t\t\t<div class=\"faq-item-question\">\r\n\t\t\t\t\t\t<h3 class=\"faq-item-question-text\">Como adicionar um Logo Showcase ao meu BigCommerce sem codifica\u00e7\u00e3o?<\/h3>\r\n\r\n\t\t\t\t\t\t<div class=\"faq-item-question-icon\"><\/div>\r\n\t\t\t\t\t<\/div>\r\n\r\n\t\t\t\t\t<div class=\"faq-item-answer\">\r\n\t\t\t\t\t\t<div class=\"faq-item-answer-text\"> <p>A empresa Elfsight fornece uma solu\u00e7\u00e3o na nuvem que permite que as pessoas criem voc\u00ea mesmo uma se\u00e7\u00e3o Logo Showcase, descubra como o processo \u00e9 simples \u00e9: Comece a trabalhar diretamente no Editor ao vivo para construir uma se\u00e7\u00e3o Logo Showcase que voc\u00ea gostaria que aparecesse no site BigCommerce. Selecione um dos modelos prontos e ajuste as configura\u00e7\u00f5es do Logo Showcase, altere o layout e os esquemas de cores para incluir seu conte\u00fado, sem qualquer experi\u00eancia em codifica\u00e7\u00e3o. Clique para salvar as configura\u00e7\u00f5es feitas no Logo Showcase e obter seu c\u00f3digo de instala\u00e7\u00e3o, que pode ser facilmente adicionado no site BigCommerce gratuitamente. Com nosso configurador intuitivo, cada usu\u00e1rio da web pode estabelecer um Logo Showcase online e incorpor\u00e1-lo \u00e0 sua p\u00e1gina do BigCommerce. Voc\u00ea n\u00e3o deve obter um plano pago ou divulgar as credenciais do seu cart\u00e3o para entrar no servi\u00e7o Elfsight. Se voc\u00ea encontrar algum problema em qualquer etapa, v\u00e1 em frente e entre em contato com nosso suporte t\u00e9cnico ao cliente.<\/p> <\/div>\r\n\t\t\t\t\t<\/div>\r\n\t\t\t\t<\/div> <\/div><\/div>","protected":false},"excerpt":{"rendered":"","protected":false},"author":9,"featured_media":0,"parent":983,"menu_order":0,"comment_status":"closed","ping_status":"closed","template":"templates\/template-application-platform.php","meta":{"publish_to_discourse":"","publish_post_category":"","wpdc_auto_publish_overridden":"","wpdc_topic_tags":"","wpdc_pin_topic":"","wpdc_pin_until":"","discourse_post_id":"","discourse_permalink":"","wpdc_publishing_response":"","wpdc_publishing_error":"","footnotes":""},"class_list":["post-4183","page","type-page","status-publish","hentry"],"yoast_head":"<!-- This site is optimized with the Yoast SEO plugin v25.3.1 - https:\/\/yoast.com\/wordpress\/plugins\/seo\/ -->\n<title>Logo Carusel - Adicionar aplicativo Logo Carousel ao site BigCommerce (2025)<\/title>\n<meta name=\"description\" content=\"\u00c9 perfeitamente simples criar seu aplicativo Logo Showcase e adicion\u00e1-lo ao seu site BigCommerce. O atendimento ao cliente da Elfsight \u00e9 gratuito e r\u00e1pido.\" \/>\n<meta name=\"robots\" content=\"index, follow, max-snippet:-1, max-image-preview:large, max-video-preview:-1\" \/>\n<link rel=\"canonical\" href=\"https:\/\/elfsight.com\/pt\/logo-showcase-widget\/bigcommerce\/\" \/>\n<meta property=\"og:locale\" content=\"pt_PT\" \/>\n<meta property=\"og:type\" content=\"article\" \/>\n<meta property=\"og:title\" content=\"Logo Carusel - Adicionar aplicativo Logo Carousel ao site BigCommerce (2025)\" \/>\n<meta property=\"og:description\" content=\"\u00c9 perfeitamente simples criar seu aplicativo Logo Showcase e adicion\u00e1-lo ao seu site BigCommerce. O atendimento ao cliente da Elfsight \u00e9 gratuito e r\u00e1pido.\" \/>\n<meta property=\"og:url\" content=\"https:\/\/elfsight.com\/pt\/logo-showcase-widget\/bigcommerce\/\" \/>\n<meta property=\"og:site_name\" content=\"Elfsight PT\" \/>\n<meta property=\"article:modified_time\" content=\"2024-11-13T11:44:35+00:00\" \/>\n<meta name=\"twitter:card\" content=\"summary_large_image\" \/>\n<meta name=\"twitter:label1\" content=\"Tempo estimado de leitura\" \/>\n\t<meta name=\"twitter:data1\" content=\"2 minutos\" \/>\n<!-- \/ Yoast SEO plugin. -->","yoast_head_json":{"title":"Logo Carusel - Adicionar aplicativo Logo Carousel ao site BigCommerce (2025)","description":"\u00c9 perfeitamente simples criar seu aplicativo Logo Showcase e adicion\u00e1-lo ao seu site BigCommerce. O atendimento ao cliente da Elfsight \u00e9 gratuito e r\u00e1pido.","robots":{"index":"index","follow":"follow","max-snippet":"max-snippet:-1","max-image-preview":"max-image-preview:large","max-video-preview":"max-video-preview:-1"},"canonical":"https:\/\/elfsight.com\/pt\/logo-showcase-widget\/bigcommerce\/","og_locale":"pt_PT","og_type":"article","og_title":"Logo Carusel - Adicionar aplicativo Logo Carousel ao site BigCommerce (2025)","og_description":"\u00c9 perfeitamente simples criar seu aplicativo Logo Showcase e adicion\u00e1-lo ao seu site BigCommerce. O atendimento ao cliente da Elfsight \u00e9 gratuito e r\u00e1pido.","og_url":"https:\/\/elfsight.com\/pt\/logo-showcase-widget\/bigcommerce\/","og_site_name":"Elfsight PT","article_modified_time":"2024-11-13T11:44:35+00:00","twitter_card":"summary_large_image","twitter_misc":{"Tempo estimado de leitura":"2 minutos"},"schema":{"@context":"https:\/\/schema.org","@graph":[{"@type":"WebPage","@id":"https:\/\/elfsight.com\/pt\/logo-showcase-widget\/bigcommerce\/","url":"https:\/\/elfsight.com\/pt\/logo-showcase-widget\/bigcommerce\/","name":"Logo Carusel - Adicionar aplicativo Logo Carousel ao site BigCommerce (2025)","isPartOf":{"@id":"https:\/\/elfsight.com\/pt\/#website"},"datePublished":"2024-05-03T06:40:54+00:00","dateModified":"2024-11-13T11:44:35+00:00","description":"\u00c9 perfeitamente simples criar seu aplicativo Logo Showcase e adicion\u00e1-lo ao seu site BigCommerce. O atendimento ao cliente da Elfsight \u00e9 gratuito e r\u00e1pido.","breadcrumb":{"@id":"https:\/\/elfsight.com\/pt\/logo-showcase-widget\/bigcommerce\/#breadcrumb"},"inLanguage":"pt-PT","potentialAction":[{"@type":"ReadAction","target":["https:\/\/elfsight.com\/pt\/logo-showcase-widget\/bigcommerce\/"]}]},{"@type":"BreadcrumbList","@id":"https:\/\/elfsight.com\/pt\/logo-showcase-widget\/bigcommerce\/#breadcrumb","itemListElement":[{"@type":"ListItem","position":1,"name":"Home","item":"https:\/\/elfsight.com\/pt\/"},{"@type":"ListItem","position":2,"name":"Logo Showcase","item":"https:\/\/elfsight.com\/pt\/logo-showcase-widget\/"},{"@type":"ListItem","position":3,"name":"Logo Showcase &#8211; BigCommerce"}]},{"@type":"WebSite","@id":"https:\/\/elfsight.com\/pt\/#website","url":"https:\/\/elfsight.com\/pt\/","name":"Elfsight PT","description":"Just another Elfsight Sites site","potentialAction":[{"@type":"SearchAction","target":{"@type":"EntryPoint","urlTemplate":"https:\/\/elfsight.com\/pt\/?s={search_term_string}"},"query-input":{"@type":"PropertyValueSpecification","valueRequired":true,"valueName":"search_term_string"}}],"inLanguage":"pt-PT"}]}},"meta_box":{"industry":"","seo_heading":"","heading":"","description":"","cta_heading":"","cta_description":"","application":"982","h1":"Vitrine do logotipo do BigCommerce","h1_caption":"Exiba as marcas de clientes e parceiros em seu site para aumentar o n\u00edvel de confian\u00e7a","application_category":[],"applications_title":"","applications_request_title":"","applications_request_button_text":"","hero_text":"","hero_video":"","hero_video_schema_markup":"","selling_points_title":"","selling_points_caption":"","selling_points":[],"selling_points_cta_text":"","features_title":"","features":"","ed_cta_examples_text":"","ed_cta_examples_hidden":"","ed_cta_demo_text":"","ed_cta_demo_hidden":"","why_caption":"","why_editor_title":"","why_editor_text":"","why_team_title":"","why_team_text":"","why_service_title":"","why_service_text":"","template_catalog_visible":"","template_catalog_title":"","template_catalog_text":"","template_catalog_categories_visible":"","demo_title":"Crie seu aplicativo Logo Showcase","demo_caption":"Configure seu Logo Showcase e adicione-o ao seu site BigCommerce gratuitamente!","default_faq_hidden":"","app_template_category":[],"platform":"43","template_public_id":"","codecanyon_url":"","codecanyon_item_id":"","codecanyon_price":"","pricing_caption":"","pricing_elfsight_apps_hide_column":"","pricing_elfsight_apps_url":"","pricing_codecanyon_price_caption":"","integration_category":[],"integration_request_title":"","integration_request_cta":"","integration_platform":"","integrations":[],"platform_category":[],"video_schema_markup":"","price":"a partir de US$ 0\/m\u00eas","trial":"","benefits":[{"text":"Servi\u00e7o de instala\u00e7\u00e3o gratuito"},{"text":"Atendimento ao cliente profissional"},{"text":"Garantia de reembolso de 14 dias"},{"text":"Melhorias ao longo da vida"}],"button_url":"#demo","button_target_blank":"0","button_nofollow":"0","attributes":[{"name":"Instala\u00e7\u00f5es","content":"10,000 - 100,000","_state":"expanded"},{"name":"Responsivo","content":"Sim","_state":"expanded"},{"name":"Navegadores compat\u00edveis","content":"Firefox, Safari, Opera, Chrome, Edge"}],"tags":[],"tags_disable_links":"0","hide_more_platforms":"","video_object":"","demo_hide_cta":"0","demo_hide_cloud_options":"0","pricing_title":"","pricing":[{"pricing_icon":"platform","pricing_title":"Elfsight Apps","pricing_title_caption":"Solu\u00e7\u00e3o multiplataforma","pricing_price":"a partir de US$ 0\/m\u00eas","pricing_price_caption":"comece com um plano gratuito","pricing_benefits":[{"text":"Dom\u00ednios ilimitados"},{"text":"Suporte profissional e pontual e bem documentado"},{"text":"Suporte profissional e pontual e bem documentado"},{"text":"Totalmente personaliz\u00e1vel"}],"pricing_button_text":"Adicionar ao site","pricing_button_url":"#demo","_state":"expanded"}],"related_apps_title":"","related_apps_hidden":"1","author":"","image":[],"title":"","job":"","social_networks":[]},"_links":{"self":[{"href":"https:\/\/elfsight.com\/pt\/wp-json\/wp\/v2\/pages\/4183","targetHints":{"allow":["GET"]}}],"collection":[{"href":"https:\/\/elfsight.com\/pt\/wp-json\/wp\/v2\/pages"}],"about":[{"href":"https:\/\/elfsight.com\/pt\/wp-json\/wp\/v2\/types\/page"}],"author":[{"embeddable":true,"href":"https:\/\/elfsight.com\/pt\/wp-json\/wp\/v2\/users\/9"}],"replies":[{"embeddable":true,"href":"https:\/\/elfsight.com\/pt\/wp-json\/wp\/v2\/comments?post=4183"}],"version-history":[{"count":2,"href":"https:\/\/elfsight.com\/pt\/wp-json\/wp\/v2\/pages\/4183\/revisions"}],"predecessor-version":[{"id":11976,"href":"https:\/\/elfsight.com\/pt\/wp-json\/wp\/v2\/pages\/4183\/revisions\/11976"}],"up":[{"embeddable":true,"href":"https:\/\/elfsight.com\/pt\/wp-json\/wp\/v2\/pages\/983"}],"wp:attachment":[{"href":"https:\/\/elfsight.com\/pt\/wp-json\/wp\/v2\/media?parent=4183"}],"curies":[{"name":"wp","href":"https:\/\/api.w.org\/{rel}","templated":true}]}}