{"id":4182,"date":"2024-05-03T06:41:33","date_gmt":"2024-05-03T06:41:33","guid":{"rendered":"https:\/\/elfsight.com\/pt\/?page_id=4182"},"modified":"2024-11-13T11:28:01","modified_gmt":"2024-11-13T11:28:01","slug":"bigcommerce","status":"publish","type":"page","link":"https:\/\/elfsight.com\/pt\/number-counter-widget\/bigcommerce\/","title":{"rendered":"Number Counter &#8211; BigCommerce"},"content":{"rendered":"<div class=\"application-platform-content-item-description application-platform-content-item\" id=\"description\" data-nav-section=\"description\"> <h2>Descri\u00e7\u00e3o<\/h2> <p>Elfsight Number Counter \u00e9 um aplicativo conveniente para BigCommerce com muitos recursos para voc\u00ea escolher. \u00c9 uma \u00f3tima ferramenta para se orgulhar de seus not\u00e1veis \u200b\u200b\u00edndices de neg\u00f3cios, da quantidade de trabalhos que voc\u00ea realizou e isso n\u00e3o \u00e9 tudo. O aplicativo \u00e9 excepcionalmente flex\u00edvel. Sinta-se \u00e0 vontade para criar uma quantidade ilimitada de contadores, organiz\u00e1-los em colunas, escolher \u00edcones de nossa cole\u00e7\u00e3o ou fazer upload de seus personalizados, torn\u00e1-los multicoloridos ou de cor s\u00f3lida, anexar t\u00edtulos para fornecer ao seu p\u00fablico informa\u00e7\u00f5es facilmente compreens\u00edveis, repintar qualquer elemento, escolher a imagem de fundo, e isso n\u00e3o \u00e9 tudo. Basta come\u00e7ar a criar seu recurso agora e ver as principais estat\u00edsticas do seu neg\u00f3cio crescerem rapidamente! <\/p> <p><b>Exiba seus resultados not\u00e1veis \u200b\u200bpara seus futuros clientes. Aumente a quantidade de vendas e leads bem-sucedidos! <\/b><\/p> <\/div> <div class=\"application-platform-content-item-features application-platform-content-item\" id=\"features\" data-nav-section=\"features\"> <h2>Os recursos b\u00e1sicos do widget incluem<\/h2> <ul><li>Qualquer n\u00famero de contadores. <\/li><li>Qualquer quantidade de colunas. <\/li><li>Junte legendas, t\u00edtulos, prefixos e p\u00f3s-fixos. <\/li><li>Decida o tipo de \u00edcone &#8211; pegue-o em nossa biblioteca ou carregue o seu pr\u00f3prio. <\/li><li>Anexar links. <\/li><\/ul><p><a href=\"#demo\">Experimente esta demonstra\u00e7\u00e3o para ver quanto vale o widget<\/a><\/p> <\/div> <div class=\"application-platform-content-item-installation application-platform-content-item\" id=\"installation\" data-nav-section=\"installation\"> <h2>Como posso adicionar Number Counter ao meu site BigCommerce? <\/h2><div class=\"video-container\"><iframe width=\"720\" height=\"405\" src=\"https:\/\/www.youtube.com\/embed\/JMH0nrsms1k\" frameborder=\"0\" allowfullscreen=\"\"><\/iframe><\/div><p>Basta seguir as orienta\u00e7\u00f5es abaixo para ativar o aplicativo. <\/p> <ol><li><b>Realize nosso configurador gratuito e comece a criar seu contador personalizado. <\/b><br> Especifique a forma e os aspectos preferidos do widget e salve todas as edi\u00e7\u00f5es. <\/li> <li><b>Obtenha o c\u00f3digo individual revelado na caixa dos aplicativos Elfsight. <\/b><br> Quando o estabelecimento do seu widget terminar, copie o seu c\u00f3digo na janela exibida e salve-o para uso futuro. <\/li> <li><b>Iniciar a utiliza\u00e7\u00e3o do widget na p\u00e1gina do BigCommerce. <\/b><br> Adicione o c\u00f3digo que voc\u00ea salvou anteriormente em seu site e aplique os ajustes. <\/li> <li><b>Pronto! A configura\u00e7\u00e3o est\u00e1 totalmente executada. <\/b><br> Acesse seu site para examinar o funcionamento do widget. <\/li><\/ol><p>Caso tenha d\u00favidas ou encontre alguma dificuldade, n\u00e3o hesite em entrar em contato com nossa equipe de atendimento ao cliente. Nossos especialistas desejam ajud\u00e1-lo com todos os problemas que voc\u00ea possa ter com a ferramenta. <\/p> <div class=\"faq\" data-component=\"FAQ\"><div class=\"faq-item\">\r\n\t\t\t\t\t<div class=\"faq-item-question\">\r\n\t\t\t\t\t\t<h3 class=\"faq-item-question-text\">De que maneira posso adicionar o Number Counter \u00e0 minha p\u00e1gina inicial do BigCommerce sem conhecimento de codifica\u00e7\u00e3o?<\/h3>\r\n\r\n\t\t\t\t\t\t<div class=\"faq-item-question-icon\"><\/div>\r\n\t\t\t\t\t<\/div>\r\n\r\n\t\t\t\t\t<div class=\"faq-item-answer\">\r\n\t\t\t\t\t\t<div class=\"faq-item-answer-text\"> <p>A empresa Elfsight apresenta uma solu\u00e7\u00e3o em nuvem que permite que um p\u00fablico amplo crie uma se\u00e7\u00e3o do Number Counter voc\u00ea mesmo, observe as etapas simples: V\u00e1 para o Editor ao vivo para criar um plugin de contador de n\u00fameros que voc\u00ea gostaria de incorporar no site do BigCommerce. Selecione um de nossos modelos predefinidos e adapte as configura\u00e7\u00f5es do contador num\u00e9rico, atualize seu conte\u00fado, altere o layout e as cores sem nenhum conhecimento de codifica\u00e7\u00e3o. Clique para salvar as configura\u00e7\u00f5es feitas no Number Counter e obter o c\u00f3digo de instala\u00e7\u00e3o, que pode ser simplesmente adicionado gratuitamente na p\u00e1gina inicial do BigCommerce. Com a ajuda do Editor f\u00e1cil de usar, qualquer usu\u00e1rio da Internet pode criar um widget de contador num\u00e9rico e adicion\u00e1-lo prontamente ao site BigCommerce. N\u00e3o \u00e9 necess\u00e1rio obter uma assinatura paga ou enviar as credenciais do seu cart\u00e3o para acessar o servi\u00e7o Elfsight. Se voc\u00ea encontrar algum obst\u00e1culo de qualquer tipo, sinta-se \u00e0 vontade para entrar em contato com nosso suporte ao cliente.<\/p> <\/div>\r\n\t\t\t\t\t<\/div>\r\n\t\t\t\t<\/div> <\/div><\/div>","protected":false},"excerpt":{"rendered":"","protected":false},"author":9,"featured_media":0,"parent":1061,"menu_order":0,"comment_status":"closed","ping_status":"closed","template":"templates\/template-application-platform.php","meta":{"publish_to_discourse":"","publish_post_category":"","wpdc_auto_publish_overridden":"","wpdc_topic_tags":"","wpdc_pin_topic":"","wpdc_pin_until":"","discourse_post_id":"","discourse_permalink":"","wpdc_publishing_response":"","wpdc_publishing_error":"","footnotes":""},"class_list":["post-4182","page","type-page","status-publish","hentry"],"yoast_head":"<!-- This site is optimized with the Yoast SEO plugin v25.3.1 - https:\/\/yoast.com\/wordpress\/plugins\/seo\/ -->\n<title>Crie um contador num\u00e9rico para o seu site BigCommerce com aplicativos Elfsight<\/title>\n<meta name=\"description\" content=\"Integre um contador num\u00e9rico em seu site BigCommerce, usando nossa pr\u00e1tica demonstra\u00e7\u00e3o. Gere seu aplicativo exclusivo com apenas alguns cliques!\" \/>\n<meta name=\"robots\" content=\"index, follow, max-snippet:-1, max-image-preview:large, max-video-preview:-1\" \/>\n<link rel=\"canonical\" href=\"https:\/\/elfsight.com\/pt\/number-counter-widget\/bigcommerce\/\" \/>\n<meta property=\"og:locale\" content=\"pt_PT\" \/>\n<meta property=\"og:type\" content=\"article\" \/>\n<meta property=\"og:title\" content=\"Crie um contador num\u00e9rico para o seu site BigCommerce com aplicativos Elfsight\" \/>\n<meta property=\"og:description\" content=\"Integre um contador num\u00e9rico em seu site BigCommerce, usando nossa pr\u00e1tica demonstra\u00e7\u00e3o. Gere seu aplicativo exclusivo com apenas alguns cliques!\" \/>\n<meta property=\"og:url\" content=\"https:\/\/elfsight.com\/pt\/number-counter-widget\/bigcommerce\/\" \/>\n<meta property=\"og:site_name\" content=\"Elfsight PT\" \/>\n<meta property=\"article:modified_time\" content=\"2024-11-13T11:28:01+00:00\" \/>\n<meta name=\"twitter:card\" content=\"summary_large_image\" \/>\n<meta name=\"twitter:label1\" content=\"Tempo estimado de leitura\" \/>\n\t<meta name=\"twitter:data1\" content=\"2 minutos\" \/>\n<!-- \/ Yoast SEO plugin. -->","yoast_head_json":{"title":"Crie um contador num\u00e9rico para o seu site BigCommerce com aplicativos Elfsight","description":"Integre um contador num\u00e9rico em seu site BigCommerce, usando nossa pr\u00e1tica demonstra\u00e7\u00e3o. Gere seu aplicativo exclusivo com apenas alguns cliques!","robots":{"index":"index","follow":"follow","max-snippet":"max-snippet:-1","max-image-preview":"max-image-preview:large","max-video-preview":"max-video-preview:-1"},"canonical":"https:\/\/elfsight.com\/pt\/number-counter-widget\/bigcommerce\/","og_locale":"pt_PT","og_type":"article","og_title":"Crie um contador num\u00e9rico para o seu site BigCommerce com aplicativos Elfsight","og_description":"Integre um contador num\u00e9rico em seu site BigCommerce, usando nossa pr\u00e1tica demonstra\u00e7\u00e3o. Gere seu aplicativo exclusivo com apenas alguns cliques!","og_url":"https:\/\/elfsight.com\/pt\/number-counter-widget\/bigcommerce\/","og_site_name":"Elfsight PT","article_modified_time":"2024-11-13T11:28:01+00:00","twitter_card":"summary_large_image","twitter_misc":{"Tempo estimado de leitura":"2 minutos"},"schema":{"@context":"https:\/\/schema.org","@graph":[{"@type":"WebPage","@id":"https:\/\/elfsight.com\/pt\/number-counter-widget\/bigcommerce\/","url":"https:\/\/elfsight.com\/pt\/number-counter-widget\/bigcommerce\/","name":"Crie um contador num\u00e9rico para o seu site BigCommerce com aplicativos Elfsight","isPartOf":{"@id":"https:\/\/elfsight.com\/pt\/#website"},"datePublished":"2024-05-03T06:41:33+00:00","dateModified":"2024-11-13T11:28:01+00:00","description":"Integre um contador num\u00e9rico em seu site BigCommerce, usando nossa pr\u00e1tica demonstra\u00e7\u00e3o. Gere seu aplicativo exclusivo com apenas alguns cliques!","breadcrumb":{"@id":"https:\/\/elfsight.com\/pt\/number-counter-widget\/bigcommerce\/#breadcrumb"},"inLanguage":"pt-PT","potentialAction":[{"@type":"ReadAction","target":["https:\/\/elfsight.com\/pt\/number-counter-widget\/bigcommerce\/"]}]},{"@type":"BreadcrumbList","@id":"https:\/\/elfsight.com\/pt\/number-counter-widget\/bigcommerce\/#breadcrumb","itemListElement":[{"@type":"ListItem","position":1,"name":"Home","item":"https:\/\/elfsight.com\/pt\/"},{"@type":"ListItem","position":2,"name":"Number Counter","item":"https:\/\/elfsight.com\/pt\/number-counter-widget\/"},{"@type":"ListItem","position":3,"name":"Number Counter &#8211; BigCommerce"}]},{"@type":"WebSite","@id":"https:\/\/elfsight.com\/pt\/#website","url":"https:\/\/elfsight.com\/pt\/","name":"Elfsight PT","description":"Just another Elfsight Sites site","potentialAction":[{"@type":"SearchAction","target":{"@type":"EntryPoint","urlTemplate":"https:\/\/elfsight.com\/pt\/?s={search_term_string}"},"query-input":{"@type":"PropertyValueSpecification","valueRequired":true,"valueName":"search_term_string"}}],"inLanguage":"pt-PT"}]}},"meta_box":{"industry":"","seo_heading":"","heading":"","description":"","cta_heading":"","cta_description":"","application":"1060","h1":"Aplicativo contador de n\u00fameros BigCommerce","h1_caption":"Demonstre suas conquistas impressionantes ao seu p\u00fablico e interesse clientes mais fi\u00e9is","application_category":[],"applications_title":"","applications_request_title":"","applications_request_button_text":"","hero_text":"","hero_video":"","hero_video_schema_markup":"","selling_points_title":"","selling_points_caption":"","selling_points":[],"selling_points_cta_text":"","features_title":"","features":"","ed_cta_examples_text":"","ed_cta_examples_hidden":"","ed_cta_demo_text":"","ed_cta_demo_hidden":"","why_caption":"","why_editor_title":"","why_editor_text":"","why_team_title":"","why_team_text":"","why_service_title":"","why_service_text":"","template_catalog_visible":"","template_catalog_title":"","template_catalog_text":"","template_catalog_categories_visible":"","demo_title":"Crie seu aplicativo de contador de n\u00fameros","demo_caption":"Configure seu contador num\u00e9rico e adicione-o ao seu site BigCommerce gratuitamente!","default_faq_hidden":"","app_template_category":[],"platform":"43","template_public_id":"","codecanyon_url":"","codecanyon_item_id":"","codecanyon_price":"","pricing_caption":"","pricing_elfsight_apps_hide_column":"","pricing_elfsight_apps_url":"","pricing_codecanyon_price_caption":"","integration_category":[],"integration_request_title":"","integration_request_cta":"","integration_platform":"","integrations":[],"platform_category":[],"video_schema_markup":"","price":"a partir de US$ 0\/m\u00eas","trial":"","benefits":[{"text":"Assist\u00eancia de instala\u00e7\u00e3o gratuita"},{"text":"Atendimento ao cliente profissional"},{"text":"Garantia de reembolso de 14 dias"},{"text":"Desenvolvimento cont\u00ednuo"}],"button_url":"#demo","button_target_blank":"0","button_nofollow":"0","attributes":[{"name":"Instala\u00e7\u00f5es","content":"10,000 - 100,000","_state":"expanded"},{"name":"Responsivo","content":"Sim","_state":"expanded"},{"name":"Navegadores compat\u00edveis","content":"Firefox, Safari, Opera, Chrome, Edge"}],"tags":[],"tags_disable_links":"0","hide_more_platforms":"","video_object":"","demo_hide_cta":"0","demo_hide_cloud_options":"0","pricing_title":"","pricing":[{"pricing_icon":"platform","pricing_title":"Elfsight Apps","pricing_title_caption":"Solu\u00e7\u00e3o digital multiplataforma que funciona em qualquer site","pricing_price":"a partir de US$ 0\/m\u00eas","pricing_price_caption":"comece com um plano gratuito","pricing_benefits":[{"text":"Dom\u00ednios ilimitados"},{"text":"Suporte dedicado"},{"text":"Suporte dedicado"},{"text":"100% personaliz\u00e1vel"}],"pricing_button_text":"Adicionar ao site","pricing_button_url":"#demo","_state":"expanded"}],"related_apps_title":"","related_apps_hidden":"1","author":"","image":[],"title":"","job":"","social_networks":[]},"_links":{"self":[{"href":"https:\/\/elfsight.com\/pt\/wp-json\/wp\/v2\/pages\/4182","targetHints":{"allow":["GET"]}}],"collection":[{"href":"https:\/\/elfsight.com\/pt\/wp-json\/wp\/v2\/pages"}],"about":[{"href":"https:\/\/elfsight.com\/pt\/wp-json\/wp\/v2\/types\/page"}],"author":[{"embeddable":true,"href":"https:\/\/elfsight.com\/pt\/wp-json\/wp\/v2\/users\/9"}],"replies":[{"embeddable":true,"href":"https:\/\/elfsight.com\/pt\/wp-json\/wp\/v2\/comments?post=4182"}],"version-history":[{"count":2,"href":"https:\/\/elfsight.com\/pt\/wp-json\/wp\/v2\/pages\/4182\/revisions"}],"predecessor-version":[{"id":12012,"href":"https:\/\/elfsight.com\/pt\/wp-json\/wp\/v2\/pages\/4182\/revisions\/12012"}],"up":[{"embeddable":true,"href":"https:\/\/elfsight.com\/pt\/wp-json\/wp\/v2\/pages\/1061"}],"wp:attachment":[{"href":"https:\/\/elfsight.com\/pt\/wp-json\/wp\/v2\/media?parent=4182"}],"curies":[{"name":"wp","href":"https:\/\/api.w.org\/{rel}","templated":true}]}}