{"id":4175,"date":"2024-05-03T06:36:59","date_gmt":"2024-05-03T06:36:59","guid":{"rendered":"https:\/\/elfsight.com\/pt\/?page_id=4175"},"modified":"2024-11-13T12:18:40","modified_gmt":"2024-11-13T12:18:40","slug":"wordpress","status":"publish","type":"page","link":"https:\/\/elfsight.com\/pt\/accordion-faq-widget\/wordpress\/","title":{"rendered":"FAQ &#8211; WordPress"},"content":{"rendered":"<div class=\"application-platform-content-item-description application-platform-content-item\" id=\"description\" data-nav-section=\"description\"><h2>Incorpore FAQ no WordPress com o widget Elfsight<\/h2><p>Elfsight Responsive Accordion FAQ \u00e9 um plugin eficiente, que ajuda a exibir mais perguntas importantes dos clientes com respostas em seu site. Um plugin interativo com navega\u00e7\u00e3o descomplicada permite fornecer informa\u00e7\u00f5es detalhadas sobre suas ofertas, direcionar a aten\u00e7\u00e3o dos leitores para qualidades positivas dos itens e evitar prov\u00e1veis \u200b\u200bd\u00favidas e desconfian\u00e7as, que podem dificultar a decis\u00e3o de compra.<\/p><p><b>Responda \u00e0s perguntas dos seus visitantes com a m\u00e1xima rapidez e aumente a convers\u00e3o no site!<\/b><\/p><ul><li><b>Elimine suspeitas de seus clientes e obtenha maiores receitas<\/b>.<br> Demonstre informa\u00e7\u00f5es extensas sobre seus produtos ou ofertas aos usu\u00e1rios, para eliminar todas as d\u00favidas poss\u00edveis e aumentar a receita do site.<\/li><li><b>Crie uma imagem ideal de sua marca entre os usu\u00e1rios<\/b>.<br>Ofere\u00e7a o entendimento correto de sua marca e dos processos de neg\u00f3cios, para eliminar todas as poss\u00edveis d\u00favidas que os impe\u00e7am de iniciar a coopera\u00e7\u00e3o.<\/li><li><b>Diminua o tempo e o pre\u00e7o do trabalho da central de ajuda<\/b>.<br> Demonstre respostas para todas as perguntas mais frequentes sobre seus produtos, servi\u00e7os ou marca para reduzir a carga extra de sua equipe de suporte.<\/li><\/ul><\/div><div class=\"application-platform-content-item-features application-platform-content-item\" id=\"features\" data-nav-section=\"features\"><h2>Principal recursos do widget FAQ<\/h2><p>Os pontos fortes da funcionalidade do nosso plugin, que o tornam o melhor para integrar FAQ no site WordPress.<\/p><ul><li>3 layouts responsivos prontos: acorde\u00e3o, lista , multicolunas;<\/li><li>4 estilos prontos para uso com bordas e sombras;<\/li><li>Perguntas ilimitadas dentro de cada categoria;<\/li><li>Html no texto suportado;<\/li><li>Atualiza\u00e7\u00f5es dispon\u00edveis para mant\u00ea-lo atualizado.<\/li><\/ul><p><a href=\"#demo\">Verifique todos os recursos<\/a><\/p><\/div><div class=\"application-platform-content-item-installation application-platform-content-item\" id=\"installation\" data-nav-section=\"installation\"><h2>Como adicionar o plugin Accordion FAQ ao WordPress<\/h2><div class=\"video-container\"><iframe width=\"720\" height=\"405\" src=\"https:\/\/www.youtube.com\/embed\/L6OzE2sVMWg\" frameborder=\"0\" allowfullscreen=\"\"><\/iframe><\/div><p>Basta seguir as etapas abaixo para integrar o plug-in no WordPress.<\/p> <ol><li><b>Gerencie nosso editor gratuito e comece a criar seu plugin personalizado. <\/b><br> Escolha o layout e os recursos preferidos do widget e salve as edi\u00e7\u00f5es. <\/li> <li><b>Obtenha o seu c\u00f3digo pessoal que aparece no formul\u00e1rio especial nas aplica\u00e7\u00f5es Elfsight. <\/b><br> Quando a personaliza\u00e7\u00e3o do seu widget pessoal de FAQ estiver conclu\u00edda, copie o c\u00f3digo exclusivo da janela exibida e guarde-o para uso futuro. <\/li> <li><b>Comece a usar o plugin no site WordPress. <\/b><br> Adicione o c\u00f3digo copiado recentemente em seu site e salve as modifica\u00e7\u00f5es. <\/li> <li><b>A configura\u00e7\u00e3o foi conclu\u00edda com sucesso. <\/b><br> Acesse seu site para observar como o widget est\u00e1 funcionando. <\/li><\/ol> <p>Est\u00e1 tendo dificuldades durante a execu\u00e7\u00e3o do tutorial? Dirija-se ao nosso servi\u00e7o de suporte ou consulte o texto completo do guia \u00ab<a href=\"https:\/\/elfsight.com\/tutorials\/how-to-add-accordion-faq-plugin-to-wordpress\/\" target=\"_blank\" rel=\"noopener noreferrer\">Como adicionar widget de FAQ ao WordPress<\/a>\u00bb e conclua a adi\u00e7\u00e3o voc\u00ea mesmo.<\/p><\/div><div class=\"faq\" data-component=\"FAQ\"><div class=\"faq-item\">\r\n\t\t\t\t\t<div class=\"faq-item-question\">\r\n\t\t\t\t\t\t<h3 class=\"faq-item-question-text\">Como posso incorporar uma FAQ no meu site WordPress?<\/h3>\r\n\r\n\t\t\t\t\t\t<div class=\"faq-item-question-icon\"><\/div>\r\n\t\t\t\t\t<\/div>\r\n\r\n\t\t\t\t\t<div class=\"faq-item-answer\">\r\n\t\t\t\t\t\t<div class=\"faq-item-answer-text\"><p>A cria\u00e7\u00e3o do widget \u00e9 realizada dentro do servi\u00e7o Elfsight e voc\u00ea n\u00e3o precisa aprender a programar. Acesse a demonstra\u00e7\u00e3o ao vivo para projetar sua ferramenta pessoal, adquira o c\u00f3digo e incorpore-o em seu site. <\/p><\/div>\r\n\t\t\t\t\t<\/div>\r\n\t\t\t\t<\/div><div class=\"faq-item\">\r\n\t\t\t\t\t<div class=\"faq-item-question\">\r\n\t\t\t\t\t\t<h3 class=\"faq-item-question-text\">As melhores maneiras de usar a integra\u00e7\u00e3o do Accordion FAQ<\/h3>\r\n\r\n\t\t\t\t\t\t<div class=\"faq-item-question-icon\"><\/div>\r\n\t\t\t\t\t<\/div>\r\n\r\n\t\t\t\t\t<div class=\"faq-item-answer\">\r\n\t\t\t\t\t\t<div class=\"faq-item-answer-text\"><p>Oferecemos a voc\u00ea uma s\u00e9rie de op\u00e7\u00f5es de personaliza\u00e7\u00e3o: widgets em tamanho real para implementa\u00e7\u00e3o na zona de conte\u00fado , widgets flutuantes com recurso de rolagem, miniaturas para o rodap\u00e9 do seu site, se\u00e7\u00e3o principal e todos os tipos de op\u00e7\u00f5es verticais para barras laterais e menus. <\/p><\/div>\r\n\t\t\t\t\t<\/div>\r\n\t\t\t\t<\/div><div class=\"faq-item\">\r\n\t\t\t\t\t<div class=\"faq-item-question\">\r\n\t\t\t\t\t\t<h3 class=\"faq-item-question-text\">Posso criar uma FAQ simples ou com v\u00e1rias colunas com a ajuda do seu editor?<\/h3>\r\n\r\n\t\t\t\t\t\t<div class=\"faq-item-question-icon\"><\/div>\r\n\t\t\t\t\t<\/div>\r\n\r\n\t\t\t\t\t<div class=\"faq-item-answer\">\r\n\t\t\t\t\t\t<div class=\"faq-item-answer-text\"><p>Voc\u00ea pode criar varia\u00e7\u00f5es de qualquer widget. Existem v\u00e1rios layouts \u00e0 sua disposi\u00e7\u00e3o no editor, e todos eles podem ser facilmente customizados do jeito que voc\u00ea precisa. <\/p><\/div>\r\n\t\t\t\t\t<\/div>\r\n\t\t\t\t<\/div><\/div>","protected":false},"excerpt":{"rendered":"","protected":false},"author":9,"featured_media":0,"parent":815,"menu_order":0,"comment_status":"closed","ping_status":"closed","template":"templates\/template-application-platform.php","meta":{"publish_to_discourse":"","publish_post_category":"","wpdc_auto_publish_overridden":"","wpdc_topic_tags":"","wpdc_pin_topic":"","wpdc_pin_until":"","discourse_post_id":"","discourse_permalink":"","wpdc_publishing_response":"","wpdc_publishing_error":"","footnotes":""},"class_list":["post-4175","page","type-page","status-publish","hentry"],"yoast_head":"<!-- This site is optimized with the Yoast SEO plugin v25.3.1 - https:\/\/yoast.com\/wordpress\/plugins\/seo\/ -->\n<title>Plugin WordPress FAQ - Melhor FAQ sobre acorde\u00e3o para site (de gra\u00e7a)<\/title>\n<meta name=\"description\" content=\"Crie seu plugin Accordion FAQ responsivo para WordPress em 2 minutos. Experimente a demonstra\u00e7\u00e3o instant\u00e2nea de gera\u00e7\u00e3o de plugins da Elfsight, totalmente gratuita.\" \/>\n<meta name=\"robots\" content=\"index, follow, max-snippet:-1, max-image-preview:large, max-video-preview:-1\" \/>\n<link rel=\"canonical\" href=\"https:\/\/elfsight.com\/pt\/accordion-faq-widget\/wordpress\/\" \/>\n<meta property=\"og:locale\" content=\"pt_PT\" \/>\n<meta property=\"og:type\" content=\"article\" \/>\n<meta property=\"og:title\" content=\"Plugin WordPress FAQ - Melhor FAQ sobre acorde\u00e3o para site (de gra\u00e7a)\" \/>\n<meta property=\"og:description\" content=\"Crie seu plugin Accordion FAQ responsivo para WordPress em 2 minutos. Experimente a demonstra\u00e7\u00e3o instant\u00e2nea de gera\u00e7\u00e3o de plugins da Elfsight, totalmente gratuita.\" \/>\n<meta property=\"og:url\" content=\"https:\/\/elfsight.com\/pt\/accordion-faq-widget\/wordpress\/\" \/>\n<meta property=\"og:site_name\" content=\"Elfsight PT\" \/>\n<meta property=\"article:modified_time\" content=\"2024-11-13T12:18:40+00:00\" \/>\n<meta name=\"twitter:card\" content=\"summary_large_image\" \/>\n<meta name=\"twitter:label1\" content=\"Tempo estimado de leitura\" \/>\n\t<meta name=\"twitter:data1\" content=\"4 minutos\" \/>\n<!-- \/ Yoast SEO plugin. -->","yoast_head_json":{"title":"Plugin WordPress FAQ - Melhor FAQ sobre acorde\u00e3o para site (de gra\u00e7a)","description":"Crie seu plugin Accordion FAQ responsivo para WordPress em 2 minutos. Experimente a demonstra\u00e7\u00e3o instant\u00e2nea de gera\u00e7\u00e3o de plugins da Elfsight, totalmente gratuita.","robots":{"index":"index","follow":"follow","max-snippet":"max-snippet:-1","max-image-preview":"max-image-preview:large","max-video-preview":"max-video-preview:-1"},"canonical":"https:\/\/elfsight.com\/pt\/accordion-faq-widget\/wordpress\/","og_locale":"pt_PT","og_type":"article","og_title":"Plugin WordPress FAQ - Melhor FAQ sobre acorde\u00e3o para site (de gra\u00e7a)","og_description":"Crie seu plugin Accordion FAQ responsivo para WordPress em 2 minutos. Experimente a demonstra\u00e7\u00e3o instant\u00e2nea de gera\u00e7\u00e3o de plugins da Elfsight, totalmente gratuita.","og_url":"https:\/\/elfsight.com\/pt\/accordion-faq-widget\/wordpress\/","og_site_name":"Elfsight PT","article_modified_time":"2024-11-13T12:18:40+00:00","twitter_card":"summary_large_image","twitter_misc":{"Tempo estimado de leitura":"4 minutos"},"schema":{"@context":"https:\/\/schema.org","@graph":[{"@type":"WebPage","@id":"https:\/\/elfsight.com\/pt\/accordion-faq-widget\/wordpress\/","url":"https:\/\/elfsight.com\/pt\/accordion-faq-widget\/wordpress\/","name":"Plugin WordPress FAQ - Melhor FAQ sobre acorde\u00e3o para site (de gra\u00e7a)","isPartOf":{"@id":"https:\/\/elfsight.com\/pt\/#website"},"datePublished":"2024-05-03T06:36:59+00:00","dateModified":"2024-11-13T12:18:40+00:00","description":"Crie seu plugin Accordion FAQ responsivo para WordPress em 2 minutos. Experimente a demonstra\u00e7\u00e3o instant\u00e2nea de gera\u00e7\u00e3o de plugins da Elfsight, totalmente gratuita.","breadcrumb":{"@id":"https:\/\/elfsight.com\/pt\/accordion-faq-widget\/wordpress\/#breadcrumb"},"inLanguage":"pt-PT","potentialAction":[{"@type":"ReadAction","target":["https:\/\/elfsight.com\/pt\/accordion-faq-widget\/wordpress\/"]}]},{"@type":"BreadcrumbList","@id":"https:\/\/elfsight.com\/pt\/accordion-faq-widget\/wordpress\/#breadcrumb","itemListElement":[{"@type":"ListItem","position":1,"name":"Home","item":"https:\/\/elfsight.com\/pt\/"},{"@type":"ListItem","position":2,"name":"FAQ","item":"https:\/\/elfsight.com\/pt\/accordion-faq-widget\/"},{"@type":"ListItem","position":3,"name":"FAQ &#8211; WordPress"}]},{"@type":"WebSite","@id":"https:\/\/elfsight.com\/pt\/#website","url":"https:\/\/elfsight.com\/pt\/","name":"Elfsight PT","description":"Just another Elfsight Sites site","potentialAction":[{"@type":"SearchAction","target":{"@type":"EntryPoint","urlTemplate":"https:\/\/elfsight.com\/pt\/?s={search_term_string}"},"query-input":{"@type":"PropertyValueSpecification","valueRequired":true,"valueName":"search_term_string"}}],"inLanguage":"pt-PT"}]}},"meta_box":{"industry":"","seo_heading":"","heading":"","description":"","cta_heading":"","cta_description":"","application":"814","h1":"Plug-in de perguntas frequentes do WordPress","h1_caption":"Aumente a convers\u00e3o em seu site e tire todas as d\u00favidas dos clientes","application_category":[],"applications_title":"","applications_request_title":"","applications_request_button_text":"","hero_text":"","hero_video":"","hero_video_schema_markup":"","selling_points_title":"","selling_points_caption":"","selling_points":[],"selling_points_cta_text":"","features_title":"","features":"","ed_cta_examples_text":"","ed_cta_examples_hidden":"","ed_cta_demo_text":"","ed_cta_demo_hidden":"","why_caption":"","why_editor_title":"","why_editor_text":"","why_team_title":"","why_team_text":"","why_service_title":"","why_service_text":"","template_catalog_visible":"0","template_catalog_title":"","template_catalog_text":"","template_catalog_categories_visible":"","demo_title":"Crie seu plugin de perguntas frequentes","demo_caption":"Configure seu FAQ e adicione-o ao seu site WordPress gratuitamente!","default_faq_hidden":"","app_template_category":[],"platform":"34","template_public_id":"","codecanyon_url":"","codecanyon_item_id":"","codecanyon_price":"","pricing_caption":"","pricing_elfsight_apps_hide_column":"","pricing_elfsight_apps_url":"","pricing_codecanyon_price_caption":"","integration_category":[],"integration_request_title":"","integration_request_cta":"","integration_platform":"","integrations":[],"platform_category":[],"video_schema_markup":"","price":"a partir de US$ 0\/m\u00eas","trial":"","benefits":[{"text":"Assist\u00eancia de instala\u00e7\u00e3o gratuita"},{"text":"Suporte ao cliente experiente"},{"text":"Garantia de reembolso de 14 dias"},{"text":"Desenvolvimento cont\u00ednuo"}],"button_url":"#demo","button_target_blank":"0","button_nofollow":"0","attributes":[{"name":"Instala\u00e7\u00f5es","content":"10,000 - 100,000","_state":"expanded"},{"name":"Responsivo","content":"Sim","_state":"expanded"},{"name":"Navegadores compat\u00edveis","content":"Firefox, Safari, Opera, Chrome, Edge"}],"tags":[],"tags_disable_links":"0","hide_more_platforms":"","video_object":"","demo_hide_cta":"0","demo_hide_cloud_options":"0","pricing_title":"","pricing":[{"pricing_icon":"cloud","pricing_title":"Elfsight Apps","pricing_title_caption":"Solu\u00e7\u00e3o multiplataforma","pricing_price":"a partir de US$ 0\/m\u00eas","pricing_price_caption":"comece com plano gratuito","pricing_benefits":[{"text":"Sites ilimitados"},{"text":"Suporte profissional e pontual"},{"text":"Suporte profissional e pontual"},{"text":"Oferta especial para v\u00e1rios aplicativos"}],"pricing_button_text":"Adicionar ao site","pricing_button_url":"#demo","_state":"expanded"}],"related_apps_title":"","related_apps_hidden":"1","author":"","image":[],"title":"","job":"","social_networks":[]},"_links":{"self":[{"href":"https:\/\/elfsight.com\/pt\/wp-json\/wp\/v2\/pages\/4175","targetHints":{"allow":["GET"]}}],"collection":[{"href":"https:\/\/elfsight.com\/pt\/wp-json\/wp\/v2\/pages"}],"about":[{"href":"https:\/\/elfsight.com\/pt\/wp-json\/wp\/v2\/types\/page"}],"author":[{"embeddable":true,"href":"https:\/\/elfsight.com\/pt\/wp-json\/wp\/v2\/users\/9"}],"replies":[{"embeddable":true,"href":"https:\/\/elfsight.com\/pt\/wp-json\/wp\/v2\/comments?post=4175"}],"version-history":[{"count":2,"href":"https:\/\/elfsight.com\/pt\/wp-json\/wp\/v2\/pages\/4175\/revisions"}],"predecessor-version":[{"id":11864,"href":"https:\/\/elfsight.com\/pt\/wp-json\/wp\/v2\/pages\/4175\/revisions\/11864"}],"up":[{"embeddable":true,"href":"https:\/\/elfsight.com\/pt\/wp-json\/wp\/v2\/pages\/815"}],"wp:attachment":[{"href":"https:\/\/elfsight.com\/pt\/wp-json\/wp\/v2\/media?parent=4175"}],"curies":[{"name":"wp","href":"https:\/\/api.w.org\/{rel}","templated":true}]}}