{"id":4161,"date":"2024-05-03T06:36:44","date_gmt":"2024-05-03T06:36:44","guid":{"rendered":"https:\/\/elfsight.com\/pt\/?page_id=4161"},"modified":"2024-11-13T12:15:20","modified_gmt":"2024-11-13T12:15:20","slug":"wix","status":"publish","type":"page","link":"https:\/\/elfsight.com\/pt\/accordion-faq-widget\/wix\/","title":{"rendered":"FAQ &#8211; Wix"},"content":{"rendered":"<div class=\"application-platform-content-item-description application-platform-content-item\" id=\"description\" data-nav-section=\"description\"><h2>Descri\u00e7\u00e3o<\/h2><p>FAQ da Elfsight \u00e9 um instrumento poderoso, f\u00e1cil de trabalhar e personalizar para gerar e adicionar uma lista de as perguntas mais frequentes com respostas em seu site pessoal. Um aplicativo informativo com design simples permite publicar dados detalhados sobre seus servi\u00e7os, chamar a aten\u00e7\u00e3o dos leitores para as qualidades positivas de suas ofertas e evitar qualquer tipo de medo e desconfian\u00e7a, que poderia impedir a compra.<\/p><p><b>Responda imediatamente \u00e0s pr\u00f3ximas perguntas de seus usu\u00e1rios e aumente o n\u00edvel de vendas no site!<\/b><\/p><ul><li><b>Combata qualquer medo de seus usu\u00e1rios e aumente suas vendas<\/b>.<br>Forne\u00e7a o m\u00e1ximo de informa\u00e7\u00f5es sobre seus produtos ou ofertas aos seus futuros clientes, para derrotar todas as desconfian\u00e7as poss\u00edveis e aumentar a convers\u00e3o no site.<\/li><li><b>Alcance a percep\u00e7\u00e3o correta de seus produtos ou servi\u00e7os pelos clientes<\/b>.<br>Destrua as cren\u00e7as e d\u00favidas mais frequentes relacionadas \u00e0 sua empresa com respostas claras e detalhadas.<\/li><li><b>Responda \u00e0s d\u00favidas dos clientes antes que elas surjam<\/b>.<br>Deixe seu os clientes obt\u00eam informa\u00e7\u00f5es mais completas sobre seus produtos ou servi\u00e7os e respondem \u00e0s suas perguntas antes que elas apare\u00e7am.<\/li><\/ul><\/div><div class=\"application-platform-content-item-features application-platform-content-item\" id=\"features\" data-nav-section=\"features\"><h2>Recursos<\/h2><p>As caracter\u00edsticas mais proeminentes do aplicativo Elfsight, que o tornam o m\u00e9todo mais flex\u00edvel para adicionar FAQ no site Wix.<\/p><ul><li>Layout de m\u00faltiplas colunas para distribui\u00e7\u00e3o autom\u00e1tica do conte\u00fado em colunas;<\/li><li>36 \u00edcones predefinidos para categorias;<\/li><li>Perguntas ilimitadas dentro de cada categoria;<\/li><li>Html no texto suportado;<\/li><li>Atualiza\u00e7\u00f5es dispon\u00edveis para mant\u00ea-lo atualizado.<\/li><\/ul><p><a href=\"#demo\">Verifique todos os recursos<\/a><\/p><\/div><div class=\"application-platform-content-item-installation application-platform-content-item\" id=\"installation\" data-nav-section=\"installation\"><h2>Como adicionar o widget de perguntas frequentes do Accordion para Wix<\/h2><div class=\"video-container\"><iframe width=\"720\" height=\"405\" src=\"https:\/\/www.youtube.com\/embed\/CScBC_J2Ogk\" frameborder=\"0\" allowfullscreen=\"\"><\/iframe><\/div><p>Instale um aplicativo usando nosso breve tutorial. Voc\u00ea n\u00e3o precisa de habilidades em desenvolvimento ou da ajuda de um programador. A dura\u00e7\u00e3o da configura\u00e7\u00e3o \u00e9 de apenas 1 minuto.<\/p><ol><li><b>Crie suas perguntas frequentes personalizadas<\/b>.<br>Com nosso <a href=\"#demo\">editor gratuito<\/a>, monte um widget com layout e capacidades necess\u00e1rias.<\/li><li><b>Adquira um c\u00f3digo para mostrar o aplicativo<\/b>.<br>Ap\u00f3s a configura\u00e7\u00e3o do widget, obtenha um c\u00f3digo para o widget FAQ do site a partir do exibido notifica\u00e7\u00e3o nos aplicativos Elfsight.<\/li><li><b>Revele o aplicativo no site Wix<\/b>.<br>Exiba o widget no local desejado da p\u00e1gina e salve as altera\u00e7\u00f5es.<\/li><li><b>Conclu\u00eddo!<\/b><br>Visite seu site para ver seu widget.<\/li><\/ol><p>Trope\u00e7ou em alguma coisa durante a execu\u00e7\u00e3o do tutorial? Notifique nosso centro de suporte ou estude uma vers\u00e3o completa do tutorial \u00ab<a href=\"https:\/\/elfsight.com\/tutorials\/how-to-add-faq-to-wix-website\/\" target=\"_blank\" rel=\"noopener noreferrer\">Como adicionar FAQ ao Wix<\/a>\u00bb e conclua a configura\u00e7\u00e3o por conta pr\u00f3pria.<\/p><div class=\"faq\" data-component=\"FAQ\"><div class=\"faq-item\">\r\n\t\t\t\t\t<div class=\"faq-item-question\">\r\n\t\t\t\t\t\t<h3 class=\"faq-item-question-text\">Como adicionar FAQ ao meu site Wix sem habilidades de codifica\u00e7\u00e3o?<\/h3>\r\n\r\n\t\t\t\t\t\t<div class=\"faq-item-question-icon\"><\/div>\r\n\t\t\t\t\t<\/div>\r\n\r\n\t\t\t\t\t<div class=\"faq-item-answer\">\r\n\t\t\t\t\t\t<div class=\"faq-item-answer-text\"> <p>A Elfsight fornece uma solu\u00e7\u00e3o SaaS que permite criar voc\u00ea mesmo um widget de FAQ. Veja como o processo \u00e9 f\u00e1cil: Trabalhe diretamente no Editor online para criar um widget de FAQ que voc\u00ea gostaria de ver no seu site Wix. Escolha um dos modelos predefinidos e ajuste as configura\u00e7\u00f5es do FAQ, adicione seu conte\u00fado, altere o layout e as cores sem nenhuma habilidade de codifica\u00e7\u00e3o. Salve o FAQ e copie seu c\u00f3digo de instala\u00e7\u00e3o, que voc\u00ea pode colar facilmente em seu site Wix sem comprar um plano pago. Com nosso editor intuitivo, qualquer usu\u00e1rio da Internet pode criar um widget de FAQ online e incorpor\u00e1-lo facilmente ao seu site Wix. N\u00e3o h\u00e1 necessidade de pagar ou inserir as credenciais do seu cart\u00e3o para acessar o servi\u00e7o. Se voc\u00ea enfrentar qualquer problema em qualquer etapa, n\u00e3o hesite em entrar em contato com nossa equipe de suporte t\u00e9cnico.<\/p> <\/div>\r\n\t\t\t\t\t<\/div>\r\n\t\t\t\t<\/div> <\/div><\/div>","protected":false},"excerpt":{"rendered":"","protected":false},"author":9,"featured_media":0,"parent":815,"menu_order":0,"comment_status":"closed","ping_status":"closed","template":"templates\/template-application-platform.php","meta":{"publish_to_discourse":"","publish_post_category":"","wpdc_auto_publish_overridden":"","wpdc_topic_tags":"","wpdc_pin_topic":"","wpdc_pin_until":"","discourse_post_id":"","discourse_permalink":"","wpdc_publishing_response":"","wpdc_publishing_error":"","footnotes":""},"class_list":["post-4161","page","type-page","status-publish","hentry"],"yoast_head":"<!-- This site is optimized with the Yoast SEO plugin v25.3.1 - https:\/\/yoast.com\/wordpress\/plugins\/seo\/ -->\n<title>Perguntas frequentes sobre acorde\u00e3o - Adicionar widget de perguntas frequentes ao site Wix<\/title>\n<meta name=\"description\" content=\"Configure seu aplicativo de perguntas frequentes pessoal para Wix em apenas 3 minutos. Teste a nossa r\u00e1pida demonstra\u00e7\u00e3o de cria\u00e7\u00e3o de plugins da Elfsight, totalmente gratuita.\" \/>\n<meta name=\"robots\" content=\"index, follow, max-snippet:-1, max-image-preview:large, max-video-preview:-1\" \/>\n<link rel=\"canonical\" href=\"https:\/\/elfsight.com\/pt\/accordion-faq-widget\/wix\/\" \/>\n<meta property=\"og:locale\" content=\"pt_PT\" \/>\n<meta property=\"og:type\" content=\"article\" \/>\n<meta property=\"og:title\" content=\"Perguntas frequentes sobre acorde\u00e3o - Adicionar widget de perguntas frequentes ao site Wix\" \/>\n<meta property=\"og:description\" content=\"Configure seu aplicativo de perguntas frequentes pessoal para Wix em apenas 3 minutos. Teste a nossa r\u00e1pida demonstra\u00e7\u00e3o de cria\u00e7\u00e3o de plugins da Elfsight, totalmente gratuita.\" \/>\n<meta property=\"og:url\" content=\"https:\/\/elfsight.com\/pt\/accordion-faq-widget\/wix\/\" \/>\n<meta property=\"og:site_name\" content=\"Elfsight PT\" \/>\n<meta property=\"article:modified_time\" content=\"2024-11-13T12:15:20+00:00\" \/>\n<meta name=\"twitter:card\" content=\"summary_large_image\" \/>\n<meta name=\"twitter:label1\" content=\"Tempo estimado de leitura\" \/>\n\t<meta name=\"twitter:data1\" content=\"2 minutos\" \/>\n<!-- \/ Yoast SEO plugin. -->","yoast_head_json":{"title":"Perguntas frequentes sobre acorde\u00e3o - Adicionar widget de perguntas frequentes ao site Wix","description":"Configure seu aplicativo de perguntas frequentes pessoal para Wix em apenas 3 minutos. Teste a nossa r\u00e1pida demonstra\u00e7\u00e3o de cria\u00e7\u00e3o de plugins da Elfsight, totalmente gratuita.","robots":{"index":"index","follow":"follow","max-snippet":"max-snippet:-1","max-image-preview":"max-image-preview:large","max-video-preview":"max-video-preview:-1"},"canonical":"https:\/\/elfsight.com\/pt\/accordion-faq-widget\/wix\/","og_locale":"pt_PT","og_type":"article","og_title":"Perguntas frequentes sobre acorde\u00e3o - Adicionar widget de perguntas frequentes ao site Wix","og_description":"Configure seu aplicativo de perguntas frequentes pessoal para Wix em apenas 3 minutos. Teste a nossa r\u00e1pida demonstra\u00e7\u00e3o de cria\u00e7\u00e3o de plugins da Elfsight, totalmente gratuita.","og_url":"https:\/\/elfsight.com\/pt\/accordion-faq-widget\/wix\/","og_site_name":"Elfsight PT","article_modified_time":"2024-11-13T12:15:20+00:00","twitter_card":"summary_large_image","twitter_misc":{"Tempo estimado de leitura":"2 minutos"},"schema":{"@context":"https:\/\/schema.org","@graph":[{"@type":"WebPage","@id":"https:\/\/elfsight.com\/pt\/accordion-faq-widget\/wix\/","url":"https:\/\/elfsight.com\/pt\/accordion-faq-widget\/wix\/","name":"Perguntas frequentes sobre acorde\u00e3o - Adicionar widget de perguntas frequentes ao site Wix","isPartOf":{"@id":"https:\/\/elfsight.com\/pt\/#website"},"datePublished":"2024-05-03T06:36:44+00:00","dateModified":"2024-11-13T12:15:20+00:00","description":"Configure seu aplicativo de perguntas frequentes pessoal para Wix em apenas 3 minutos. Teste a nossa r\u00e1pida demonstra\u00e7\u00e3o de cria\u00e7\u00e3o de plugins da Elfsight, totalmente gratuita.","breadcrumb":{"@id":"https:\/\/elfsight.com\/pt\/accordion-faq-widget\/wix\/#breadcrumb"},"inLanguage":"pt-PT","potentialAction":[{"@type":"ReadAction","target":["https:\/\/elfsight.com\/pt\/accordion-faq-widget\/wix\/"]}]},{"@type":"BreadcrumbList","@id":"https:\/\/elfsight.com\/pt\/accordion-faq-widget\/wix\/#breadcrumb","itemListElement":[{"@type":"ListItem","position":1,"name":"Home","item":"https:\/\/elfsight.com\/pt\/"},{"@type":"ListItem","position":2,"name":"FAQ","item":"https:\/\/elfsight.com\/pt\/accordion-faq-widget\/"},{"@type":"ListItem","position":3,"name":"FAQ &#8211; Wix"}]},{"@type":"WebSite","@id":"https:\/\/elfsight.com\/pt\/#website","url":"https:\/\/elfsight.com\/pt\/","name":"Elfsight PT","description":"Just another Elfsight Sites site","potentialAction":[{"@type":"SearchAction","target":{"@type":"EntryPoint","urlTemplate":"https:\/\/elfsight.com\/pt\/?s={search_term_string}"},"query-input":{"@type":"PropertyValueSpecification","valueRequired":true,"valueName":"search_term_string"}}],"inLanguage":"pt-PT"}]}},"meta_box":{"industry":"","seo_heading":"","heading":"","description":"","cta_heading":"","cta_description":"","application":"814","h1":"Aplicativo de perguntas frequentes sobre acorde\u00e3o para Wix","h1_caption":"Uma ferramenta conveniente para gerar widget de FAQ para qualquer site","application_category":[],"applications_title":"","applications_request_title":"","applications_request_button_text":"","hero_text":"","hero_video":"","hero_video_schema_markup":"","selling_points_title":"","selling_points_caption":"","selling_points":[],"selling_points_cta_text":"","features_title":"","features":"","ed_cta_examples_text":"","ed_cta_examples_hidden":"","ed_cta_demo_text":"","ed_cta_demo_hidden":"","why_caption":"","why_editor_title":"","why_editor_text":"","why_team_title":"","why_team_text":"","why_service_title":"","why_service_text":"","template_catalog_visible":"","template_catalog_title":"","template_catalog_text":"","template_catalog_categories_visible":"","demo_title":"Crie seu aplicativo de perguntas frequentes","demo_caption":"Configure seu FAQ e adicione-o ao seu site Wix gratuitamente!","default_faq_hidden":"","app_template_category":[],"platform":"37","template_public_id":"","codecanyon_url":"","codecanyon_item_id":"","codecanyon_price":"","pricing_caption":"","pricing_elfsight_apps_hide_column":"","pricing_elfsight_apps_url":"","pricing_codecanyon_price_caption":"","integration_category":[],"integration_request_title":"","integration_request_cta":"","integration_platform":"","integrations":[],"platform_category":[],"video_schema_markup":"","price":"a partir de US$ 0\/m\u00eas","trial":"","benefits":[{"text":"Assist\u00eancia de instala\u00e7\u00e3o gratuita"},{"text":"Suporte ao cliente experiente"},{"text":"Garantia de devolu\u00e7\u00e3o do dinheiro em 14 dias"},{"text":"Melhorias cont\u00ednuas"}],"button_url":"#demo","button_target_blank":"0","button_nofollow":"0","attributes":[{"name":"Instala\u00e7\u00f5es","content":"10,000 - 100,000","_state":"expanded"},{"name":"Responsivo","content":"Sim","_state":"expanded"},{"name":"Navegadores compat\u00edveis","content":"Chrome, Opera, Edge, Safari, Firefox"}],"tags":[],"tags_disable_links":"0","hide_more_platforms":"","video_object":"","demo_hide_cta":"0","demo_hide_cloud_options":"0","pricing_title":"","pricing":[{"pricing_icon":"platform","pricing_title":"Wix app","pricing_title_caption":"Solu\u00e7\u00e3o digital multiplataforma","pricing_price":"a partir de US$ 0\/m\u00eas","pricing_price_caption":"comece com plano gratuito","pricing_benefits":[{"text":"N\u00famero ilimitado de dom\u00ednios"},{"text":"Suporte gratuito"},{"text":"Suporte gratuito"},{"text":"Oferta especial para v\u00e1rios aplicativos"}],"pricing_button_text":"Adicionar ao site","pricing_button_url":"#demo","_state":"expanded"}],"related_apps_title":"","related_apps_hidden":"1","author":"","image":[],"title":"","job":"","social_networks":[]},"_links":{"self":[{"href":"https:\/\/elfsight.com\/pt\/wp-json\/wp\/v2\/pages\/4161","targetHints":{"allow":["GET"]}}],"collection":[{"href":"https:\/\/elfsight.com\/pt\/wp-json\/wp\/v2\/pages"}],"about":[{"href":"https:\/\/elfsight.com\/pt\/wp-json\/wp\/v2\/types\/page"}],"author":[{"embeddable":true,"href":"https:\/\/elfsight.com\/pt\/wp-json\/wp\/v2\/users\/9"}],"replies":[{"embeddable":true,"href":"https:\/\/elfsight.com\/pt\/wp-json\/wp\/v2\/comments?post=4161"}],"version-history":[{"count":2,"href":"https:\/\/elfsight.com\/pt\/wp-json\/wp\/v2\/pages\/4161\/revisions"}],"predecessor-version":[{"id":11849,"href":"https:\/\/elfsight.com\/pt\/wp-json\/wp\/v2\/pages\/4161\/revisions\/11849"}],"up":[{"embeddable":true,"href":"https:\/\/elfsight.com\/pt\/wp-json\/wp\/v2\/pages\/815"}],"wp:attachment":[{"href":"https:\/\/elfsight.com\/pt\/wp-json\/wp\/v2\/media?parent=4161"}],"curies":[{"name":"wp","href":"https:\/\/api.w.org\/{rel}","templated":true}]}}