{"id":4157,"date":"2024-05-03T06:36:22","date_gmt":"2024-05-03T06:36:22","guid":{"rendered":"https:\/\/elfsight.com\/pt\/?page_id=4157"},"modified":"2024-11-13T12:09:28","modified_gmt":"2024-11-13T12:09:28","slug":"wix","status":"publish","type":"page","link":"https:\/\/elfsight.com\/pt\/facebook-reviews-widget\/wix\/","title":{"rendered":"Facebook Reviews &#8211; Wix"},"content":{"rendered":"<div class=\"application-platform-content-item-description application-platform-content-item\" id=\"description\" data-nav-section=\"description\"><h2>Descri\u00e7\u00e3o<\/h2><p>Elfsight Facebook Reviews \u00e9 uma ferramenta descomplicada que adiciona coment\u00e1rios da sua p\u00e1gina do Facebook ao seu site e aumenta a confian\u00e7a no seu site. neg\u00f3cios entre os usu\u00e1rios do site. Voc\u00ea pode classificar as avalia\u00e7\u00f5es, adicionar classifica\u00e7\u00e3o por estrelas, detalhes do autor e um bot\u00e3o para postar uma nova avalia\u00e7\u00e3o. O widget Elfsight Facebook Reviews oferece diversos layouts e modelos de revis\u00e3o, recursos de interface altern\u00e1veis \u200b\u200be cabe\u00e7alho flex\u00edvel para excelente personaliza\u00e7\u00e3o. Com a ajuda das avalia\u00e7\u00f5es do Facebook no site, voc\u00ea pode demonstrar a avalia\u00e7\u00e3o dos clientes, fortalecer a confian\u00e7a e receber mais avalia\u00e7\u00f5es.<\/p><p><b>Demonstre o que os clientes dizem sobre voc\u00ea no Facebook e aumente o n\u00edvel de confiabilidade! <\/b><\/p><ul><li><b>Aumentar a confian\u00e7a demonstrando coment\u00e1rios de pessoas reais<\/b><br>Convencer os usu\u00e1rios de que seus coment\u00e1rios s\u00e3o genu\u00ednos usando dados detalhados do autor e aumentar a credibilidade de sua marca.<\/li><li><b>Receba mais avalia\u00e7\u00f5es com o bot\u00e3o de call to action<\/b><br>Com a ajuda do acesso f\u00e1cil \u00e0 sua p\u00e1gina do Facebook e do inspirador bot\u00e3o de call to action, voc\u00ea pode coletar mais avalia\u00e7\u00f5es de clientes .<\/li><li><b>Obtenha uma compreens\u00e3o mais clara de suas ofertas<\/b><br>Mostrar seus produtos por meio da experi\u00eancia do usu\u00e1rio dos clientes ajudar\u00e1 os usu\u00e1rios a formar o entendimento correto.<\/li><\/ul> <\/div><div class=\"application-platform-content-item-features application-platform-content-item\" id=\"features\" data-nav-section=\"features\"><h2>Recursos<\/h2><p>D\u00ea uma olhada em alguns benef\u00edcios deste widget. Eles o tornam o melhor instrumento Wix para exibir avalia\u00e7\u00f5es do Facebook em uma p\u00e1gina da web:<\/p><ul><li>Elementos altern\u00e1veis \u200b\u200bdo cabe\u00e7alho: classifica\u00e7\u00e3o e fotos dos revisores;<\/li><li>Tipos de coment\u00e1rios cl\u00e1ssicos ou de alvenaria Layout de grade;<\/li><li>Definir velocidade de slide e velocidade de reprodu\u00e7\u00e3o autom\u00e1tica;<\/li><li>Links suportados em mensagem de nega\u00e7\u00e3o de solicita\u00e7\u00e3o de revis\u00e3o;<\/li><li>Tr\u00eas tipos de decora\u00e7\u00e3o de revis\u00e3o: Borda, Fundo, Nenhum; <\/li><\/ul><p><a href=\"#demo\">Conhe\u00e7a a lista completa de vantagens em nossa demonstra\u00e7\u00e3o<\/a><\/p><\/div><div class=\"application-platform-content-item-installation application-platform-content-item\" id=\"installation\" data-nav-section=\"installation\"> <h2>Como incorporar avalia\u00e7\u00f5es do Facebook ao site Wix<\/h2><div class=\"video-container\"><iframe width=\"720\" height=\"405\" src=\"https:\/\/www.youtube.com\/embed\/2cy-yQapEPA\" frameborder=\"0\" allowfullscreen=\"\"><\/iframe><\/div><p>Use nosso breve manual sobre integra\u00e7\u00e3o e personaliza\u00e7\u00e3o do plugin. Levar\u00e1 apenas 3 minutos e n\u00e3o exigir\u00e1 conhecimentos de programa\u00e7\u00e3o.<\/p><ol><li><b>Escolha o widget no mercado Wix<\/b><br> Abra a p\u00e1gina com Facebook Reviews e pressione \u00abAdicionar para o site\u00bb.<\/li><li><b>Coloque o widget no site<\/b><br> Na janela pop-up, v\u00e1 em \u00abAbrir Editor\u00bb e insira o widget na p\u00e1gina desejada.<\/li><li><b>Configure suas avalia\u00e7\u00f5es<\/b><br> Defina os par\u00e2metros selecionados da apar\u00eancia e insira a fonte das avalia\u00e7\u00f5es. Salve todas as edi\u00e7\u00f5es.<\/li><li><b>A integra\u00e7\u00e3o foi bem-sucedida!<\/b><br> Visite o site para verificar suas avalia\u00e7\u00f5es!<\/li><\/ol><p>N\u00e3o consegui adicionar ou inserir o plugin em um site? Deixe sua mensagem em nossa central de ajuda.<\/p><\/div><div class=\"faq\" data-component=\"FAQ\"><div class=\"faq-item\">\r\n\t\t\t\t\t<div class=\"faq-item-question\">\r\n\t\t\t\t\t\t<h3 class=\"faq-item-question-text\">Como adiciono coment\u00e1rios do Facebook em meu site Wix?<\/h3>\r\n\r\n\t\t\t\t\t\t<div class=\"faq-item-question-icon\"><\/div>\r\n\t\t\t\t\t<\/div>\r\n\r\n\t\t\t\t\t<div class=\"faq-item-answer\">\r\n\t\t\t\t\t\t<div class=\"faq-item-answer-text\"><p>Tudo que voc\u00ea precisa \u00e9 crie seu widget, modifique seu estilo e salve os ajustes. Copie o c\u00f3digo do seu widget e incorpore-o ao layout que voc\u00ea est\u00e1 usando. <\/p><\/div>\r\n\t\t\t\t\t<\/div>\r\n\t\t\t\t<\/div><div class=\"faq-item\">\r\n\t\t\t\t\t<div class=\"faq-item-question\">\r\n\t\t\t\t\t\t<h3 class=\"faq-item-question-text\">Como coletar avalia\u00e7\u00f5es de clientes do Facebook para minhas p\u00e1ginas de produtos?<\/h3>\r\n\r\n\t\t\t\t\t\t<div class=\"faq-item-question-icon\"><\/div>\r\n\t\t\t\t\t<\/div>\r\n\r\n\t\t\t\t\t<div class=\"faq-item-answer\">\r\n\t\t\t\t\t\t<div class=\"faq-item-answer-text\"><p>Tudo o que voc\u00ea precisa fazer \u00e9 usar o bot\u00e3o de call to action da ag\u00eancia. Ao pressionar os visitantes ter\u00e3o acesso imediato ao seu perfil. <\/p><\/div>\r\n\t\t\t\t\t<\/div>\r\n\t\t\t\t<\/div><div class=\"faq-item\">\r\n\t\t\t\t\t<div class=\"faq-item-question\">\r\n\t\t\t\t\t\t<h3 class=\"faq-item-question-text\">Posso criar meu modelo de aplicativo\/crach\u00e1 de classifica\u00e7\u00e3o Wix?<\/h3>\r\n\r\n\t\t\t\t\t\t<div class=\"faq-item-question-icon\"><\/div>\r\n\t\t\t\t\t<\/div>\r\n\r\n\t\t\t\t\t<div class=\"faq-item-answer\">\r\n\t\t\t\t\t\t<div class=\"faq-item-answer-text\"><p>Aplique todos os pontos do guia detalhado: <\/p><ol><li>Inicie o Elfsight configurador e comece a construir seu aplicativo personalizado. <\/li> <li>Configure os aspectos do aplicativo e clique para salvar as modifica\u00e7\u00f5es necess\u00e1rias. <\/li><li>Copie o c\u00f3digo pessoal mostrado na janela. <\/li> <li>Incorpore o c\u00f3digo ao seu site e salve a p\u00e1gina. <\/li><li> Voc\u00ea incorporou um novo widget em sua p\u00e1gina. <\/li><\/div>\r\n\t\t\t\t\t<\/div>\r\n\t\t\t\t<\/div><\/div>","protected":false},"excerpt":{"rendered":"","protected":false},"author":9,"featured_media":0,"parent":576,"menu_order":0,"comment_status":"closed","ping_status":"closed","template":"templates\/template-application-platform.php","meta":{"publish_to_discourse":"","publish_post_category":"","wpdc_auto_publish_overridden":"","wpdc_topic_tags":"","wpdc_pin_topic":"","wpdc_pin_until":"","discourse_post_id":"","discourse_permalink":"","wpdc_publishing_response":"","wpdc_publishing_error":"","footnotes":""},"class_list":["post-4157","page","type-page","status-publish","hentry"],"yoast_head":"<!-- This site is optimized with the Yoast SEO plugin v25.3.1 - https:\/\/yoast.com\/wordpress\/plugins\/seo\/ -->\n<title>O melhor aplicativo de avalia\u00e7\u00f5es do Facebook para o site Wix (2025)<\/title>\n<meta name=\"description\" content=\"Confira nosso aplicativo Facebook Reviews para Wix gratuitamente. Crie um widget personalizado do Facebook para o seu site em apenas alguns minutos!\" \/>\n<meta name=\"robots\" content=\"index, follow, max-snippet:-1, max-image-preview:large, max-video-preview:-1\" \/>\n<link rel=\"canonical\" href=\"https:\/\/elfsight.com\/pt\/facebook-reviews-widget\/wix\/\" \/>\n<meta property=\"og:locale\" content=\"pt_PT\" \/>\n<meta property=\"og:type\" content=\"article\" \/>\n<meta property=\"og:title\" content=\"O melhor aplicativo de avalia\u00e7\u00f5es do Facebook para o site Wix (2025)\" \/>\n<meta property=\"og:description\" content=\"Confira nosso aplicativo Facebook Reviews para Wix gratuitamente. Crie um widget personalizado do Facebook para o seu site em apenas alguns minutos!\" \/>\n<meta property=\"og:url\" content=\"https:\/\/elfsight.com\/pt\/facebook-reviews-widget\/wix\/\" \/>\n<meta property=\"og:site_name\" content=\"Elfsight PT\" \/>\n<meta property=\"article:modified_time\" content=\"2024-11-13T12:09:28+00:00\" \/>\n<meta name=\"twitter:card\" content=\"summary_large_image\" \/>\n<meta name=\"twitter:label1\" content=\"Tempo estimado de leitura\" \/>\n\t<meta name=\"twitter:data1\" content=\"2 minutos\" \/>\n<!-- \/ Yoast SEO plugin. -->","yoast_head_json":{"title":"O melhor aplicativo de avalia\u00e7\u00f5es do Facebook para o site Wix (2025)","description":"Confira nosso aplicativo Facebook Reviews para Wix gratuitamente. Crie um widget personalizado do Facebook para o seu site em apenas alguns minutos!","robots":{"index":"index","follow":"follow","max-snippet":"max-snippet:-1","max-image-preview":"max-image-preview:large","max-video-preview":"max-video-preview:-1"},"canonical":"https:\/\/elfsight.com\/pt\/facebook-reviews-widget\/wix\/","og_locale":"pt_PT","og_type":"article","og_title":"O melhor aplicativo de avalia\u00e7\u00f5es do Facebook para o site Wix (2025)","og_description":"Confira nosso aplicativo Facebook Reviews para Wix gratuitamente. Crie um widget personalizado do Facebook para o seu site em apenas alguns minutos!","og_url":"https:\/\/elfsight.com\/pt\/facebook-reviews-widget\/wix\/","og_site_name":"Elfsight PT","article_modified_time":"2024-11-13T12:09:28+00:00","twitter_card":"summary_large_image","twitter_misc":{"Tempo estimado de leitura":"2 minutos"},"schema":{"@context":"https:\/\/schema.org","@graph":[{"@type":"WebPage","@id":"https:\/\/elfsight.com\/pt\/facebook-reviews-widget\/wix\/","url":"https:\/\/elfsight.com\/pt\/facebook-reviews-widget\/wix\/","name":"O melhor aplicativo de avalia\u00e7\u00f5es do Facebook para o site Wix (2025)","isPartOf":{"@id":"https:\/\/elfsight.com\/pt\/#website"},"datePublished":"2024-05-03T06:36:22+00:00","dateModified":"2024-11-13T12:09:28+00:00","description":"Confira nosso aplicativo Facebook Reviews para Wix gratuitamente. Crie um widget personalizado do Facebook para o seu site em apenas alguns minutos!","breadcrumb":{"@id":"https:\/\/elfsight.com\/pt\/facebook-reviews-widget\/wix\/#breadcrumb"},"inLanguage":"pt-PT","potentialAction":[{"@type":"ReadAction","target":["https:\/\/elfsight.com\/pt\/facebook-reviews-widget\/wix\/"]}]},{"@type":"BreadcrumbList","@id":"https:\/\/elfsight.com\/pt\/facebook-reviews-widget\/wix\/#breadcrumb","itemListElement":[{"@type":"ListItem","position":1,"name":"Home","item":"https:\/\/elfsight.com\/pt\/"},{"@type":"ListItem","position":2,"name":"Facebook Reviews","item":"https:\/\/elfsight.com\/pt\/facebook-reviews-widget\/"},{"@type":"ListItem","position":3,"name":"Facebook Reviews &#8211; Wix"}]},{"@type":"WebSite","@id":"https:\/\/elfsight.com\/pt\/#website","url":"https:\/\/elfsight.com\/pt\/","name":"Elfsight PT","description":"Just another Elfsight Sites site","potentialAction":[{"@type":"SearchAction","target":{"@type":"EntryPoint","urlTemplate":"https:\/\/elfsight.com\/pt\/?s={search_term_string}"},"query-input":{"@type":"PropertyValueSpecification","valueRequired":true,"valueName":"search_term_string"}}],"inLanguage":"pt-PT"}]}},"meta_box":{"industry":"","seo_heading":"","heading":"","description":"","cta_heading":"","cta_description":"","application":"575","h1":"Aplicativo Wix Facebook Avalia\u00e7\u00f5es","h1_caption":"A maneira mais f\u00e1cil de mostrar avalia\u00e7\u00f5es de clientes do Facebook em seu site","application_category":[],"applications_title":"","applications_request_title":"","applications_request_button_text":"","hero_text":"","hero_video":"","hero_video_schema_markup":"","selling_points_title":"","selling_points_caption":"","selling_points":[],"selling_points_cta_text":"","features_title":"","features":"","ed_cta_examples_text":"","ed_cta_examples_hidden":"","ed_cta_demo_text":"","ed_cta_demo_hidden":"","why_caption":"","why_editor_title":"","why_editor_text":"","why_team_title":"","why_team_text":"","why_service_title":"","why_service_text":"","template_catalog_visible":"","template_catalog_title":"","template_catalog_text":"","template_catalog_categories_visible":"","demo_title":"Crie seu aplicativo de avalia\u00e7\u00f5es do Facebook","demo_caption":"Configure suas avalia\u00e7\u00f5es do Facebook e adicione-as ao seu site Wix gratuitamente!","default_faq_hidden":"","app_template_category":[],"platform":"37","template_public_id":"","codecanyon_url":"","codecanyon_item_id":"","codecanyon_price":"","pricing_caption":"","pricing_elfsight_apps_hide_column":"","pricing_elfsight_apps_url":"","pricing_codecanyon_price_caption":"","integration_category":[],"integration_request_title":"","integration_request_cta":"","integration_platform":"","integrations":[],"platform_category":[],"video_schema_markup":"","price":"a partir de US$ 0\/m\u00eas","trial":"","benefits":[{"text":"Servi\u00e7o de instala\u00e7\u00e3o gratuito"},{"text":"Atendimento ao cliente eficaz"},{"text":"Garantia de reembolso de 14 dias"},{"text":"Desenvolvimento cont\u00ednuo"}],"button_url":"#demo","button_target_blank":"0","button_nofollow":"0","attributes":[{"name":"Instala\u00e7\u00f5es","content":"10,000 - 100,000","_state":"expanded"},{"name":"Responsivo","content":"Sim","_state":"expanded"},{"name":"Navegadores compat\u00edveis","content":"Opera, Firefox, Safari, Edge, Chrome"}],"tags":[],"tags_disable_links":"0","hide_more_platforms":"","video_object":"","demo_hide_cta":"0","demo_hide_cloud_options":"0","pricing_title":"","pricing":[{"pricing_icon":"platform","pricing_title":"Elfsight Apps","pricing_title_caption":"Solu\u00e7\u00e3o multiplataforma","pricing_price":"a partir de US$ 0\/m\u00eas","pricing_price_caption":"comece com plano gratuito","pricing_benefits":[{"text":"N\u00famero ilimitado de sites"},{"text":"Suporte r\u00e1pido e pontual"},{"text":"Suporte r\u00e1pido e pontual"},{"text":"Totalmente personaliz\u00e1vel"}],"pricing_button_text":"Adicionar ao site","pricing_button_url":"#demo","_state":"expanded"}],"related_apps_title":"","related_apps_hidden":"1","author":"","image":[],"title":"","job":"","social_networks":[]},"_links":{"self":[{"href":"https:\/\/elfsight.com\/pt\/wp-json\/wp\/v2\/pages\/4157","targetHints":{"allow":["GET"]}}],"collection":[{"href":"https:\/\/elfsight.com\/pt\/wp-json\/wp\/v2\/pages"}],"about":[{"href":"https:\/\/elfsight.com\/pt\/wp-json\/wp\/v2\/types\/page"}],"author":[{"embeddable":true,"href":"https:\/\/elfsight.com\/pt\/wp-json\/wp\/v2\/users\/9"}],"replies":[{"embeddable":true,"href":"https:\/\/elfsight.com\/pt\/wp-json\/wp\/v2\/comments?post=4157"}],"version-history":[{"count":2,"href":"https:\/\/elfsight.com\/pt\/wp-json\/wp\/v2\/pages\/4157\/revisions"}],"predecessor-version":[{"id":11829,"href":"https:\/\/elfsight.com\/pt\/wp-json\/wp\/v2\/pages\/4157\/revisions\/11829"}],"up":[{"embeddable":true,"href":"https:\/\/elfsight.com\/pt\/wp-json\/wp\/v2\/pages\/576"}],"wp:attachment":[{"href":"https:\/\/elfsight.com\/pt\/wp-json\/wp\/v2\/media?parent=4157"}],"curies":[{"name":"wp","href":"https:\/\/api.w.org\/{rel}","templated":true}]}}