{"id":4153,"date":"2024-05-03T06:36:45","date_gmt":"2024-05-03T06:36:45","guid":{"rendered":"https:\/\/elfsight.com\/pt\/?page_id=4153"},"modified":"2025-03-06T09:13:13","modified_gmt":"2025-03-06T09:13:13","slug":"weebly","status":"publish","type":"page","link":"https:\/\/elfsight.com\/pt\/accordion-faq-widget\/weebly\/","title":{"rendered":"FAQ &#8211; Weebly"},"content":{"rendered":"\n<div class=\"application-platform-content-item-description application-platform-content-item\" id=\"description\" data-nav-section=\"description\"><h2>Descri\u00e7\u00e3o<\/h2><p>O Elfsight FAQ \u00e9 um instrumento conveniente, f\u00e1cil de instalar e ajustar para gerar e exibir uma lista dos mais perguntas importantes com respostas em seu site. Um aplicativo informativo com design descomplicado ajuda voc\u00ea a compartilhar informa\u00e7\u00f5es detalhadas sobre suas ofertas, direcionar a aten\u00e7\u00e3o para seus pontos fortes e superar poss\u00edveis d\u00favidas e desconfian\u00e7as, que podem impedir os usu\u00e1rios de comprar.<\/p><p><b>Aborde o problema aparecendo perguntas dos visitantes do seu site em um segundo e aumentando o n\u00edvel de convers\u00e3o no site!<\/b><\/p><ul><li><b>Elimine a incerteza do usu\u00e1rio sobre suas ofertas e aumente suas vendas<\/b>.<br>Publique o m\u00e1ximo de informa\u00e7\u00f5es sobre seus produtos ou servi\u00e7os para seus futuros clientes, para esclarecer quaisquer d\u00favidas e aumentar a receita no site.<\/li><li><b>Crie uma imagem perfeita de sua marca entre os clientes<\/b>. <br>Garanta que seus clientes tenham o entendimento correto de sua marca e de seus processos comerciais, para evitar qualquer descren\u00e7a que os impe\u00e7a de iniciar a coopera\u00e7\u00e3o.<\/li><li><b>Responde imediatamente a todas as perguntas de seus clientes<\/b>. <br>Ajude seus clientes a encontrar informa\u00e7\u00f5es completas sobre seus produtos ou servi\u00e7os e resolver quaisquer problemas antes que eles apare\u00e7am.<\/li><\/ul><\/div><div class=\"application-platform-content-item-features application-platform-content-item\" id=\"features\" data-nav-section=\"features\"><h2>Recursos<\/h2> <p>As vantagens mais importantes do nosso aplicativo, que o tornaram a ferramenta mais eficaz para instalar FAQ no site do Weebly.<\/p><ul><li>Layout de m\u00faltiplas colunas para distribui\u00e7\u00e3o autom\u00e1tica do conte\u00fado em colunas;<\/li><li>Cores personaliz\u00e1veis \u200b\u200bdo texto da pergunta, texto da resposta, nome da categoria e plano de fundo;<\/li><li>Adicionar e excluir categorias;<\/li><li>Esquema de perguntas de microdados, para ajudar na otimiza\u00e7\u00e3o de SEO;<\/li> <li>Suporte ao cliente oportuno e profissional.<\/li><\/ul><p><a href=\"#demo\">Experimente todos os recursos<\/a><\/p><\/div><div class=\"application-platform-content-item- instala\u00e7\u00e3o application-platform-content-item\" id=\" instala\u00e7\u00e3o\" data-nav-section=\" instala\u00e7\u00e3o\"><h2>Como adicionar o widget de perguntas frequentes do Accordion no Weebly<\/h2><div class=\"video-container\"><iframe width=\"720\" height=\"405\" src=\"https:\/\/www.youtube.com\/embed\/kWsZ13Og1SU\" frameborder=\"0\" allowfullscreen=\"\"><\/iframe><\/div><p>Instale um aplicativo usando nosso breve guia. Voc\u00ea n\u00e3o precisa de habilidades em programa\u00e7\u00e3o web, nem ajuda de um profissional, \u00e9 intuitivo e simples. O tempo m\u00e9dio de instala\u00e7\u00e3o \u00e9 de 3 minutos.<\/p><ol><li><b>FAQ de instala\u00e7\u00e3o<\/b>.<br>Obtenha o widget pressionando o bot\u00e3o \u00abADICIONAR\u00bb na p\u00e1gina com FAQ no Weebly App Center.<\/li><li><b>Coloque FAQ no site<\/b>.<br>No painel de administra\u00e7\u00e3o do construtor, arraste o elemento widget para o site.<\/li><li><b>Gere o widget<\/b>.<br>Ap\u00f3s receber o widget, clique em seu \u00edcone para configurar as propriedades da chave. Publique todas as edi\u00e7\u00f5es.<\/li><li><b>Conclu\u00eddo!<\/b><br>Entre no seu site para verificar seus resultados!<\/li><\/ol><p>Tendo dificuldades ao aplicar o guia? Envie uma consulta para o centro de suporte da Elfsight ou verifique a vers\u00e3o completa do manual \u00ab<a href=\"https:\/\/elfsight.com\/tutorials\/how-to-add-faq-widget-to-weebly\/\" target=\"_blank \" rel=\"noopener noreferrer\">Como adicionar FAQ ao Weebly<\/a>\u00bb e conclua a adi\u00e7\u00e3o por conta pr\u00f3pria.<\/p><div class=\"faq\" data-component=\"FAQ\"><div class=\"faq-item\">\r\n\t\t\t\t\t<div class=\"faq-item-question\">\r\n\t\t\t\t\t\t<h3 class=\"faq-item-question-text\">Como posso adicionar FAQ ao meu site do Weebly sem codifica\u00e7\u00e3o skills?<\/h3>\r\n\r\n\t\t\t\t\t\t<div class=\"faq-item-question-icon\"><\/div>\r\n\t\t\t\t\t<\/div>\r\n\r\n\t\t\t\t\t<div class=\"faq-item-answer\">\r\n\t\t\t\t\t\t<div class=\"faq-item-answer-text\"> <p>A Elfsight fornece uma solu\u00e7\u00e3o SaaS que lhe permite criar voc\u00ea mesmo um widget de FAQ. Veja como o processo \u00e9 f\u00e1cil: Trabalhe diretamente no Editor online para criar um widget de FAQ que gostaria de ver no seu site Weebly. Escolha um dos modelos predefinidos e ajuste as configura\u00e7\u00f5es do FAQ, adicione seu conte\u00fado, altere o layout e as cores sem habilidades de codifica\u00e7\u00e3o. Salve o FAQ e copie seu c\u00f3digo de instala\u00e7\u00e3o, que voc\u00ea pode incorporar facilmente em seu site do Weebly sem comprar um plano pago. Com nosso editor intuitivo, qualquer usu\u00e1rio da Internet pode criar um widget de FAQ online e incorpor\u00e1-lo facilmente ao seu site do Weebly. N\u00e3o h\u00e1 necessidade de pagar ou inserir as credenciais do seu cart\u00e3o para acessar o servi\u00e7o. Se voc\u00ea enfrentar qualquer problema em qualquer etapa, n\u00e3o hesite em entrar em contato com nossa equipe de suporte t\u00e9cnico.<\/p> <\/div>\r\n\t\t\t\t\t<\/div>\r\n\t\t\t\t<\/div> <\/div><\/div>\n","protected":false},"excerpt":{"rendered":"","protected":false},"author":9,"featured_media":0,"parent":815,"menu_order":0,"comment_status":"closed","ping_status":"closed","template":"templates\/template-application-platform.php","meta":{"publish_to_discourse":"","publish_post_category":"","wpdc_auto_publish_overridden":"","wpdc_topic_tags":"","wpdc_pin_topic":"","wpdc_pin_until":"","discourse_post_id":"","discourse_permalink":"","wpdc_publishing_response":"","wpdc_publishing_error":"","footnotes":""},"class_list":["post-4153","page","type-page","status-publish","hentry"],"yoast_head":"<!-- This site is optimized with the Yoast SEO plugin v25.3.1 - https:\/\/yoast.com\/wordpress\/plugins\/seo\/ -->\n<title>Perguntas frequentes sobre acorde\u00e3o - Adicionar aplicativo de perguntas frequentes ao site do Weebly<\/title>\n<meta name=\"description\" content=\"Configure seu aplicativo de perguntas frequentes exclusivo para o Weebly em apenas 90 segundos. Confira o editor mais f\u00e1cil para criar plugins da Elfsight, totalmente gratuito.\" \/>\n<meta name=\"robots\" content=\"index, follow, max-snippet:-1, max-image-preview:large, max-video-preview:-1\" \/>\n<link rel=\"canonical\" href=\"https:\/\/elfsight.com\/pt\/accordion-faq-widget\/weebly\/\" \/>\n<meta property=\"og:locale\" content=\"pt_PT\" \/>\n<meta property=\"og:type\" content=\"article\" \/>\n<meta property=\"og:title\" content=\"Perguntas frequentes sobre acorde\u00e3o - Adicionar aplicativo de perguntas frequentes ao site do Weebly\" \/>\n<meta property=\"og:description\" content=\"Configure seu aplicativo de perguntas frequentes exclusivo para o Weebly em apenas 90 segundos. Confira o editor mais f\u00e1cil para criar plugins da Elfsight, totalmente gratuito.\" \/>\n<meta property=\"og:url\" content=\"https:\/\/elfsight.com\/pt\/accordion-faq-widget\/weebly\/\" \/>\n<meta property=\"og:site_name\" content=\"Elfsight PT\" \/>\n<meta property=\"article:modified_time\" content=\"2025-03-06T09:13:13+00:00\" \/>\n<meta name=\"twitter:card\" content=\"summary_large_image\" \/>\n<meta name=\"twitter:label1\" content=\"Tempo estimado de leitura\" \/>\n\t<meta name=\"twitter:data1\" content=\"4 minutos\" \/>\n<!-- \/ Yoast SEO plugin. -->","yoast_head_json":{"title":"Perguntas frequentes sobre acorde\u00e3o - Adicionar aplicativo de perguntas frequentes ao site do Weebly","description":"Configure seu aplicativo de perguntas frequentes exclusivo para o Weebly em apenas 90 segundos. Confira o editor mais f\u00e1cil para criar plugins da Elfsight, totalmente gratuito.","robots":{"index":"index","follow":"follow","max-snippet":"max-snippet:-1","max-image-preview":"max-image-preview:large","max-video-preview":"max-video-preview:-1"},"canonical":"https:\/\/elfsight.com\/pt\/accordion-faq-widget\/weebly\/","og_locale":"pt_PT","og_type":"article","og_title":"Perguntas frequentes sobre acorde\u00e3o - Adicionar aplicativo de perguntas frequentes ao site do Weebly","og_description":"Configure seu aplicativo de perguntas frequentes exclusivo para o Weebly em apenas 90 segundos. Confira o editor mais f\u00e1cil para criar plugins da Elfsight, totalmente gratuito.","og_url":"https:\/\/elfsight.com\/pt\/accordion-faq-widget\/weebly\/","og_site_name":"Elfsight PT","article_modified_time":"2025-03-06T09:13:13+00:00","twitter_card":"summary_large_image","twitter_misc":{"Tempo estimado de leitura":"4 minutos"},"schema":{"@context":"https:\/\/schema.org","@graph":[{"@type":"WebPage","@id":"https:\/\/elfsight.com\/pt\/accordion-faq-widget\/weebly\/","url":"https:\/\/elfsight.com\/pt\/accordion-faq-widget\/weebly\/","name":"Perguntas frequentes sobre acorde\u00e3o - Adicionar aplicativo de perguntas frequentes ao site do Weebly","isPartOf":{"@id":"https:\/\/elfsight.com\/pt\/#website"},"datePublished":"2024-05-03T06:36:45+00:00","dateModified":"2025-03-06T09:13:13+00:00","description":"Configure seu aplicativo de perguntas frequentes exclusivo para o Weebly em apenas 90 segundos. Confira o editor mais f\u00e1cil para criar plugins da Elfsight, totalmente gratuito.","breadcrumb":{"@id":"https:\/\/elfsight.com\/pt\/accordion-faq-widget\/weebly\/#breadcrumb"},"inLanguage":"pt-PT","potentialAction":[{"@type":"ReadAction","target":["https:\/\/elfsight.com\/pt\/accordion-faq-widget\/weebly\/"]}]},{"@type":"BreadcrumbList","@id":"https:\/\/elfsight.com\/pt\/accordion-faq-widget\/weebly\/#breadcrumb","itemListElement":[{"@type":"ListItem","position":1,"name":"Home","item":"https:\/\/elfsight.com\/pt\/"},{"@type":"ListItem","position":2,"name":"FAQ","item":"https:\/\/elfsight.com\/pt\/accordion-faq-widget\/"},{"@type":"ListItem","position":3,"name":"FAQ &#8211; Weebly"}]},{"@type":"WebSite","@id":"https:\/\/elfsight.com\/pt\/#website","url":"https:\/\/elfsight.com\/pt\/","name":"Elfsight PT","description":"Just another Elfsight Sites site","potentialAction":[{"@type":"SearchAction","target":{"@type":"EntryPoint","urlTemplate":"https:\/\/elfsight.com\/pt\/?s={search_term_string}"},"query-input":{"@type":"PropertyValueSpecification","valueRequired":true,"valueName":"search_term_string"}}],"inLanguage":"pt-PT"}]}},"meta_box":{"industry":"","seo_heading":"","heading":"","description":"","cta_heading":"","cta_description":"","application":"814","h1":"Aplicativo de perguntas frequentes sobre acorde\u00e3o para Weebly","h1_caption":"Reduza o tempo e o custo do suporte ao cliente em at\u00e9 50%","application_category":[],"applications_title":"","applications_request_title":"","applications_request_button_text":"","hero_text":"","hero_video":"","hero_video_schema_markup":"","selling_points_title":"","selling_points_caption":"","selling_points":[],"selling_points_cta_text":"","features_title":"","features":"","ed_cta_examples_text":"","ed_cta_examples_hidden":"","ed_cta_demo_text":"","ed_cta_demo_hidden":"","why_caption":"","why_editor_title":"","why_editor_text":"","why_team_title":"","why_team_text":"","why_service_title":"","why_service_text":"","template_catalog_visible":"0","template_catalog_title":"","template_catalog_text":"","template_catalog_categories_visible":"","demo_title":"Crie seu aplicativo de perguntas frequentes","demo_caption":"Configure seu FAQ e adicione-o ao seu site do Weebly gratuitamente!","default_faq_hidden":"","app_template_category":[],"platform":"73","template_public_id":"","codecanyon_url":"","codecanyon_item_id":"","codecanyon_price":"","pricing_caption":"","pricing_elfsight_apps_hide_column":"","pricing_elfsight_apps_url":"","pricing_codecanyon_price_caption":"","integration_category":[],"integration_request_title":"","integration_request_cta":"","integration_platform":"","integrations":[],"platform_category":[],"video_schema_markup":"","price":"a partir de US$ 0\/m\u00eas","trial":"","benefits":[{"text":"Assist\u00eancia de instala\u00e7\u00e3o gratuita"},{"text":"Atendimento ao cliente competente"},{"text":"Garantia de reembolso de 14 dias"},{"text":"Atualiza\u00e7\u00f5es cont\u00ednuas"}],"button_url":"#demo","button_target_blank":"0","button_nofollow":"0","attributes":[{"name":"Instala\u00e7\u00f5es","content":"10,000 - 100,000","_state":"expanded"},{"name":"Responsivo","content":"Sim","_state":"expanded"},{"name":"Navegadores compat\u00edveis","content":"Firefox, Safari, Opera, Chrome, Edge"}],"tags":[],"tags_disable_links":"0","hide_more_platforms":"0","video_object":"","demo_hide_cta":"0","demo_hide_cloud_options":"0","pricing_title":"","pricing":[{"pricing_icon":"cloud","pricing_title":"Elfsight Apps","pricing_title_caption":"Solu\u00e7\u00e3o digital multiplataforma que funciona em qualquer site","pricing_price":"a partir de US$ 0\/m\u00eas","pricing_price_caption":"Comece com um plano gratuito","pricing_benefits":[{"text":"Sites ilimitados"},{"text":"Suporte r\u00e1pido \u00e0 empresa"},{"text":"Suporte r\u00e1pido \u00e0 empresa"},{"text":"Oferta especial para v\u00e1rios aplicativos"}],"pricing_button_text":"Adicionar ao site","pricing_button_url":"#demo","_state":"expanded"}],"related_apps_title":"","related_apps_hidden":"1","author":"","image":[],"title":"","job":"","social_networks":[]},"_links":{"self":[{"href":"https:\/\/elfsight.com\/pt\/wp-json\/wp\/v2\/pages\/4153","targetHints":{"allow":["GET"]}}],"collection":[{"href":"https:\/\/elfsight.com\/pt\/wp-json\/wp\/v2\/pages"}],"about":[{"href":"https:\/\/elfsight.com\/pt\/wp-json\/wp\/v2\/types\/page"}],"author":[{"embeddable":true,"href":"https:\/\/elfsight.com\/pt\/wp-json\/wp\/v2\/users\/9"}],"replies":[{"embeddable":true,"href":"https:\/\/elfsight.com\/pt\/wp-json\/wp\/v2\/comments?post=4153"}],"version-history":[{"count":3,"href":"https:\/\/elfsight.com\/pt\/wp-json\/wp\/v2\/pages\/4153\/revisions"}],"predecessor-version":[{"id":14407,"href":"https:\/\/elfsight.com\/pt\/wp-json\/wp\/v2\/pages\/4153\/revisions\/14407"}],"up":[{"embeddable":true,"href":"https:\/\/elfsight.com\/pt\/wp-json\/wp\/v2\/pages\/815"}],"wp:attachment":[{"href":"https:\/\/elfsight.com\/pt\/wp-json\/wp\/v2\/media?parent=4153"}],"curies":[{"name":"wp","href":"https:\/\/api.w.org\/{rel}","templated":true}]}}