{"id":4152,"date":"2024-05-03T06:37:49","date_gmt":"2024-05-03T06:37:49","guid":{"rendered":"https:\/\/elfsight.com\/pt\/?page_id=4152"},"modified":"2026-01-19T12:50:32","modified_gmt":"2026-01-19T12:50:32","slug":"wix","status":"publish","type":"page","link":"https:\/\/elfsight.com\/pt\/online-form-builder\/wix\/","title":{"rendered":"Form Builder &#8211; Wix"},"content":{"rendered":"\n<div class=\"application-platform-content-item-description application-platform-content-item\" id=\"description\" data-nav-section=\"description\">\n<h2>Construtor de formul\u00e1rios personalizados para Wix<\/h2>\n<p>Elfsight Form Builder \u00e9 uma ferramenta vers\u00e1til que permite criar v\u00e1rios tipos de formul\u00e1rios e exibi-los em seu site. Voc\u00ea pode coletar informa\u00e7\u00f5es de seus clientes atuais e potenciais usando pesquisas f\u00e1ceis de usar, formul\u00e1rios de feedback, solicita\u00e7\u00f5es de classifica\u00e7\u00e3o e outros formatos semelhantes, incluindo um formul\u00e1rio de pedido personalizado Wix ou um formul\u00e1rio de inscri\u00e7\u00e3o Wix. Com a ajuda deste aplicativo, voc\u00ea pode personalizar a estrutura do seu formul\u00e1rio e selecionar entre uma variedade de elementos para criar formul\u00e1rios envolventes e eficazes que atendam \u00e0s suas necessidades.<\/p>\n<p>Se voc\u00ea precisa coletar feedback, avalia\u00e7\u00f5es, reservas ou compras, o criador gratuito de formul\u00e1rios personalizados para Wix ir\u00e1 ajud\u00e1-lo a criar o formul\u00e1rio de preenchimento mais apropriado. Com uma variedade de elementos dispon\u00edveis e padr\u00f5es personaliz\u00e1veis, seu formul\u00e1rio ser\u00e1 f\u00e1cil de usar e visualmente atraente para voc\u00ea e seus clientes, assim como um aplicativo criador de formul\u00e1rios Wix.<\/p>\n<p><b>Estabele\u00e7a solicita\u00e7\u00f5es e compras por meio de m\u00e9todos pr\u00e1ticos. Crie formul\u00e1rios para uma comunica\u00e7\u00e3o r\u00e1pida e f\u00e1cil com o cliente!<\/b><\/p>\n<ul>\n    <li><b>Crie formul\u00e1rios atraentes para coletar mais feedback<\/b>.<br> Aplique todas as op\u00e7\u00f5es do aplicativo Elfsight para criar um design poderoso de preenchimento de formul\u00e1rios. Escolha elementos e defina a estrutura para deixar seus formul\u00e1rios equilibrados e simples. Use configura\u00e7\u00f5es de estilo para criar uma interface not\u00e1vel e coletar mais feedback.<\/li>\n    <li><b>Aumente o n\u00famero de leads com formul\u00e1rios gerenci\u00e1veis<\/b>.<br> N\u00e3o deixe os usu\u00e1rios abandonarem o preenchimento incompleto, perdendo dados importantes. Crie formul\u00e1rios com etapas pr\u00e1ticas e estrutura simples, que manter\u00e3o os usu\u00e1rios envolvidos at\u00e9 o fim e aumentar\u00e3o a quantidade de leads.<\/li>\n    <li><b>Economize tempo e dinheiro com uma ferramenta multifuncional<\/b>.<br> N\u00e3o h\u00e1 necessidade de comprar v\u00e1rias ferramentas para cobrir todas as suas necessidades na cria\u00e7\u00e3o de formul\u00e1rios de feedback para o seu site. Nosso Form Builder permite projetar um formul\u00e1rio adequado para coletar dados de todas as variantes, gra\u00e7as aos seus m\u00faltiplos elementos e estrutura flex\u00edvel.<\/li>\n<\/ul>\n<\/div>\n\n<div class=\"application-platform-content-item-features application-platform-content-item\" id=\"features\" data-nav-section=\"features\">\n<h2>Recursos do Plug-in Form Builder<\/h2>\n<p>Por que nosso aplicativo Form Builder \u00e9 um dos melhores para coletar avalia\u00e7\u00f5es de clientes e processar pedidos no Wix?<\/p>\n<ul>\n    <li>18 tipos de campos para preencher quase qualquer tarefa de coleta de dados;<\/li>\n    <li>Op\u00e7\u00e3o de distribuir os campos em diversas colunas;<\/li>\n    <li>Atribua qualquer endere\u00e7o de e-mail e os resultados do preenchimento do formul\u00e1rio ser\u00e3o enviados automaticamente para l\u00e1;<\/li>\n    <li>10 \u00edcones incorporados para bot\u00e3o flutuante;<\/li>\n    <li>5 estilos predefinidos para campos de formul\u00e1rio.<\/li>\n<\/ul>\n<p><a href=\"#demo\">Veja mais fun\u00e7\u00f5es em um editor gratuito<\/a><\/p>\n<\/div>\n\n<div class=\"application-platform-content-item-installation application-platform-content-item\" id=\"installation\" data-nav-section=\"installation\">\n<h2>Como adicionar o aplicativo Form Builder no site Wix?<\/h2>\n<div class=\"video-container\"><iframe allowfullscreen=\"\" frameborder=\"0\" height=\"405\" src=\"https:\/\/www.youtube.com\/embed\/v40Ioe_WAKo?si=WWFYAzXdl-fwVmsU\" width=\"720\"><\/iframe><\/div>\n<p>O tempo aproximado de instala\u00e7\u00e3o \u00e9 inferior a 3 minutos e n\u00e3o requer habilidades em programa\u00e7\u00e3o web.<\/p>\n<ol>\n    <li><b>Adquira o widget no mercado Wix<\/b>.<br> Abra a p\u00e1gina com o Form Builder e clique no bot\u00e3o \u00abAdicionar ao site\u00bb.<\/li>\n    <li><b>Insira o widget no site<\/b>.<br> Na notifica\u00e7\u00e3o pop-up, clique em \u00abAbrir Editor\u00bb e exiba o widget em sua p\u00e1gina.<\/li>\n    <li><b>Configure seu formul\u00e1rio<\/b>.<br> Fa\u00e7a as altera\u00e7\u00f5es necess\u00e1rias de design e dados. Aplique todas as edi\u00e7\u00f5es.<\/li>\n    <li><b>Conclu\u00eddo!<\/b><br> Acesse o site para visualizar seu Form Builder.<\/li>\n<\/ol>\n<p>Tem d\u00favidas sobre a instala\u00e7\u00e3o ou personaliza\u00e7\u00e3o do aplicativo? Consulte o guia estendido \u00ab<a href=\"https:\/\/elfsight.com\/blog\/how-to-add-form-to-wix-elfsight-form-builder-app\/\" target=\"_blank\" rel=\"noopener\">Como adicionar formul\u00e1rios ao site Wix<\/a>\u00bb ou entre em contato com a central de ajuda. Estamos prontos para oferecer solu\u00e7\u00f5es para qualquer dificuldade.<\/p>\n<\/div>\n\n<div class=\"faq\" data-component=\"FAQ\">\n<div class=\"faq-item\">\r\n\t\t\t\t\t<div class=\"faq-item-question\">\r\n\t\t\t\t\t\t<h3 class=\"faq-item-question-text\">Como adicionar o Form Builder ao meu site Wix sem conhecimentos de codifica\u00e7\u00e3o?<\/h3>\r\n\r\n\t\t\t\t\t\t<div class=\"faq-item-question-icon\"><\/div>\r\n\t\t\t\t\t<\/div>\r\n\r\n\t\t\t\t\t<div class=\"faq-item-answer\">\r\n\t\t\t\t\t\t<div class=\"faq-item-answer-text\">\n<p>A Elfsight fornece uma solu\u00e7\u00e3o SaaS que permite criar um Formul\u00e1rio Wix Builder voc\u00ea mesmo. Veja como o processo \u00e9 f\u00e1cil: Trabalhe diretamente no editor online para criar um widget Form Builder que voc\u00ea gostaria de ver em seu site Wix. Escolha um dos modelos predefinidos e ajuste as configura\u00e7\u00f5es do Form Builder, adicione seu conte\u00fado, altere o layout e o esquema de cores sem habilidades de codifica\u00e7\u00e3o. Salve o Form Builder e copie o c\u00f3digo de instala\u00e7\u00e3o, que voc\u00ea pode colar facilmente em seu site Wix sem necessidade de uma vers\u00e3o paga.<\/p>\n<p>Com nosso editor intuitivo, qualquer usu\u00e1rio pode criar um widget Form Builder online e incorpor\u00e1-lo ao seu site Wix. N\u00e3o h\u00e1 necessidade de pagar ou inserir as credenciais do cart\u00e3o para acessar o servi\u00e7o. Se voc\u00ea enfrentar qualquer problema, sinta-se \u00e0 vontade para entrar em contato com nossa equipe de suporte t\u00e9cnico.<\/p>\n<\/div>\r\n\t\t\t\t\t<\/div>\r\n\t\t\t\t<\/div>\n\n<div class=\"faq-item\">\r\n\t\t\t\t\t<div class=\"faq-item-question\">\r\n\t\t\t\t\t\t<h3 class=\"faq-item-question-text\">Existe algum modelo personalizado do Form Builder para o site Wix?<\/h3>\r\n\r\n\t\t\t\t\t\t<div class=\"faq-item-question-icon\"><\/div>\r\n\t\t\t\t\t<\/div>\r\n\r\n\t\t\t\t\t<div class=\"faq-item-answer\">\r\n\t\t\t\t\t\t<div class=\"faq-item-answer-text\">\n<p>Sim. A Elfsight preparou uma vasta sele\u00e7\u00e3o de mais de 300 <a href=\"https:\/\/elfsight.com\/online-form-builder\/templates\/\">modelos de Form Builder<\/a> com elementos e recursos personaliz\u00e1veis. Voc\u00ea pode encontrar um modelo de formul\u00e1rio para qualquer ocasi\u00e3o, como <a href=\"https:\/\/elfsight.com\/online-form-builder\/templates\/application-forms\/\">Formul\u00e1rios de inscri\u00e7\u00e3o<\/a>, <a href=\"https:\/\/elfsight.com\/online-form-builder\/templates\/booking-forms\/\">Formul\u00e1rios de reserva<\/a>, <a href=\"https:\/\/elfsight.com\/online-form-builder\/templates\/order-forms\/\">Formul\u00e1rios de pedido<\/a>, <a href=\"https:\/\/elfsight.com\/online-form-builder\/templates\/product-forms\/\">Formul\u00e1rios de produto<\/a>, <a href=\"https:\/\/elfsight.com\/online-form-builder\/templates\/questionnaires\/\">Question\u00e1rios<\/a>, <a href=\"https:\/\/elfsight.com\/online-form-builder\/templates\/quizzes\/\">Testes<\/a>, <a href=\"https:\/\/elfsight.com\/online-form-builder\/templates\/surveys\/\">Pesquisas<\/a>, <a href=\"https:\/\/elfsight.com\/online-form-builder\/templates\/file-upload-forms\/\">Formul\u00e1rios de upload de arquivos<\/a> e muito mais.<\/p>\n<\/div>\r\n\t\t\t\t\t<\/div>\r\n\t\t\t\t<\/div>\n<\/div>\n\n","protected":false},"excerpt":{"rendered":"","protected":false},"author":9,"featured_media":0,"parent":596,"menu_order":0,"comment_status":"closed","ping_status":"closed","template":"templates\/template-application-platform.php","meta":{"publish_to_discourse":"","publish_post_category":"","wpdc_auto_publish_overridden":"","wpdc_topic_tags":"","wpdc_pin_topic":"","wpdc_pin_until":"","discourse_post_id":"","discourse_permalink":"","wpdc_publishing_response":"","wpdc_publishing_error":"","footnotes":""},"class_list":["post-4152","page","type-page","status-publish","hentry"],"yoast_head":"<!-- This site is optimized with the Yoast SEO plugin v25.3.1 - https:\/\/yoast.com\/wordpress\/plugins\/seo\/ -->\n<title>Crie e adicione formul\u00e1rios personalizados no Wix gratuitamente!<\/title>\n<meta name=\"description\" content=\"Crie um Construtor de Formul\u00e1rios Online personalizado para o seu site Wix em apenas 1 minuto! Teste o painel gratuito da Elfsight para gerar seu pr\u00f3prio aplicativo de formul\u00e1rio.\" \/>\n<meta name=\"robots\" content=\"index, follow, max-snippet:-1, max-image-preview:large, max-video-preview:-1\" \/>\n<link rel=\"canonical\" href=\"https:\/\/elfsight.com\/pt\/online-form-builder\/wix\/\" \/>\n<meta property=\"og:locale\" content=\"pt_PT\" \/>\n<meta property=\"og:type\" content=\"article\" \/>\n<meta property=\"og:title\" content=\"Crie e adicione formul\u00e1rios personalizados no Wix gratuitamente!\" \/>\n<meta property=\"og:description\" content=\"Crie um Construtor de Formul\u00e1rios Online personalizado para o seu site Wix em apenas 1 minuto! Teste o painel gratuito da Elfsight para gerar seu pr\u00f3prio aplicativo de formul\u00e1rio.\" \/>\n<meta property=\"og:url\" content=\"https:\/\/elfsight.com\/pt\/online-form-builder\/wix\/\" \/>\n<meta property=\"og:site_name\" content=\"Elfsight PT\" \/>\n<meta property=\"article:modified_time\" content=\"2026-01-19T12:50:32+00:00\" \/>\n<meta name=\"twitter:card\" content=\"summary_large_image\" \/>\n<meta name=\"twitter:label1\" content=\"Tempo estimado de leitura\" \/>\n\t<meta name=\"twitter:data1\" content=\"5 minutos\" \/>\n<!-- \/ Yoast SEO plugin. -->","yoast_head_json":{"title":"Crie e adicione formul\u00e1rios personalizados no Wix gratuitamente!","description":"Crie um Construtor de Formul\u00e1rios Online personalizado para o seu site Wix em apenas 1 minuto! Teste o painel gratuito da Elfsight para gerar seu pr\u00f3prio aplicativo de formul\u00e1rio.","robots":{"index":"index","follow":"follow","max-snippet":"max-snippet:-1","max-image-preview":"max-image-preview:large","max-video-preview":"max-video-preview:-1"},"canonical":"https:\/\/elfsight.com\/pt\/online-form-builder\/wix\/","og_locale":"pt_PT","og_type":"article","og_title":"Crie e adicione formul\u00e1rios personalizados no Wix gratuitamente!","og_description":"Crie um Construtor de Formul\u00e1rios Online personalizado para o seu site Wix em apenas 1 minuto! Teste o painel gratuito da Elfsight para gerar seu pr\u00f3prio aplicativo de formul\u00e1rio.","og_url":"https:\/\/elfsight.com\/pt\/online-form-builder\/wix\/","og_site_name":"Elfsight PT","article_modified_time":"2026-01-19T12:50:32+00:00","twitter_card":"summary_large_image","twitter_misc":{"Tempo estimado de leitura":"5 minutos"},"schema":{"@context":"https:\/\/schema.org","@graph":[{"@type":"WebPage","@id":"https:\/\/elfsight.com\/pt\/online-form-builder\/wix\/","url":"https:\/\/elfsight.com\/pt\/online-form-builder\/wix\/","name":"Crie e adicione formul\u00e1rios personalizados no Wix gratuitamente!","isPartOf":{"@id":"https:\/\/elfsight.com\/pt\/#website"},"datePublished":"2024-05-03T06:37:49+00:00","dateModified":"2026-01-19T12:50:32+00:00","description":"Crie um Construtor de Formul\u00e1rios Online personalizado para o seu site Wix em apenas 1 minuto! Teste o painel gratuito da Elfsight para gerar seu pr\u00f3prio aplicativo de formul\u00e1rio.","breadcrumb":{"@id":"https:\/\/elfsight.com\/pt\/online-form-builder\/wix\/#breadcrumb"},"inLanguage":"pt-PT","potentialAction":[{"@type":"ReadAction","target":["https:\/\/elfsight.com\/pt\/online-form-builder\/wix\/"]}]},{"@type":"BreadcrumbList","@id":"https:\/\/elfsight.com\/pt\/online-form-builder\/wix\/#breadcrumb","itemListElement":[{"@type":"ListItem","position":1,"name":"Home","item":"https:\/\/elfsight.com\/pt\/"},{"@type":"ListItem","position":2,"name":"Form Builder","item":"https:\/\/elfsight.com\/pt\/online-form-builder\/"},{"@type":"ListItem","position":3,"name":"Form Builder &#8211; Wix"}]},{"@type":"WebSite","@id":"https:\/\/elfsight.com\/pt\/#website","url":"https:\/\/elfsight.com\/pt\/","name":"Elfsight PT","description":"Just another Elfsight Sites site","potentialAction":[{"@type":"SearchAction","target":{"@type":"EntryPoint","urlTemplate":"https:\/\/elfsight.com\/pt\/?s={search_term_string}"},"query-input":{"@type":"PropertyValueSpecification","valueRequired":true,"valueName":"search_term_string"}}],"inLanguage":"pt-PT"}]}},"meta_box":{"industry":"","seo_heading":"","heading":"","description":"","cta_heading":"","cta_description":"","application":"595","h1":"Construtor de formul\u00e1rios online para Wix","h1_caption":"Re\u00fana todos os tipos de insights de feedback criando formul\u00e1rios pr\u00e1ticos e f\u00e1ceis","application_category":[],"applications_title":"","applications_request_title":"","applications_request_button_text":"","hero_text":"","hero_video":"","hero_video_schema_markup":"","selling_points_title":"","selling_points_caption":"","selling_points":[],"selling_points_cta_text":"","features_title":"","features":"","ed_cta_examples_text":"","ed_cta_examples_hidden":"","ed_cta_demo_text":"","ed_cta_demo_hidden":"","why_caption":"","why_editor_title":"","why_editor_text":"","why_team_title":"","why_team_text":"","why_service_title":"","why_service_text":"","template_catalog_visible":"0","template_catalog_title":"","template_catalog_text":"","template_catalog_categories_visible":"","demo_title":"Crie seu aplicativo Form Builder","demo_caption":"Configure seu Form Builder e adicione-o ao seu site Wix gratuitamente!","default_faq_hidden":"","app_template_category":[],"platform":"37","template_public_id":"","codecanyon_url":"","codecanyon_item_id":"","codecanyon_price":"","pricing_caption":"","pricing_elfsight_apps_hide_column":"","pricing_elfsight_apps_url":"","pricing_codecanyon_price_caption":"","integration_category":[],"integration_request_title":"","integration_request_cta":"","integration_platform":"","integrations":[],"platform_category":[],"video_schema_markup":"","price":"a partir de US$ 0\/m\u00eas","trial":"","benefits":[{"text":"Assist\u00eancia de instala\u00e7\u00e3o gratuita"},{"text":"Atendimento ao cliente eficaz"},{"text":"Garantia de reembolso de 14 dias"},{"text":"Atualiza\u00e7\u00f5es gratuitas cont\u00ednuas"}],"button_url":"#demo","button_target_blank":"0","button_nofollow":"0","attributes":[{"name":"Instala\u00e7\u00f5es","content":"100,000 - 500,000","_state":"expanded"},{"name":"Responsivo","content":"Sim","_state":"expanded"},{"name":"Navegadores compat\u00edveis","content":"Edge, Opera, Safari, Chrome, Firefox"}],"tags":[],"tags_disable_links":"0","hide_more_platforms":"0","video_object":"","demo_hide_cta":"0","demo_hide_cloud_options":"0","pricing_title":"","pricing":[{"pricing_icon":"platform","pricing_title":"Wix app","pricing_title_caption":"Solu\u00e7\u00e3o digital multiplataforma que se adapta a qualquer site","pricing_price":"a partir de US$ 0\/m\u00eas","pricing_price_caption":"comece com plano gratuito","pricing_benefits":[{"text":"N\u00famero ilimitado de dom\u00ednios"},{"text":"Suporte r\u00e1pido ao cliente"},{"text":"Suporte r\u00e1pido ao cliente"},{"text":"Oferta especial para v\u00e1rios aplicativos"}],"pricing_button_text":"Adicionar ao site","pricing_button_url":"#demo","_state":"expanded"}],"related_apps_title":"","related_apps_hidden":"1","author":"","image":[],"title":"","job":"","social_networks":[]},"_links":{"self":[{"href":"https:\/\/elfsight.com\/pt\/wp-json\/wp\/v2\/pages\/4152","targetHints":{"allow":["GET"]}}],"collection":[{"href":"https:\/\/elfsight.com\/pt\/wp-json\/wp\/v2\/pages"}],"about":[{"href":"https:\/\/elfsight.com\/pt\/wp-json\/wp\/v2\/types\/page"}],"author":[{"embeddable":true,"href":"https:\/\/elfsight.com\/pt\/wp-json\/wp\/v2\/users\/9"}],"replies":[{"embeddable":true,"href":"https:\/\/elfsight.com\/pt\/wp-json\/wp\/v2\/comments?post=4152"}],"version-history":[{"count":5,"href":"https:\/\/elfsight.com\/pt\/wp-json\/wp\/v2\/pages\/4152\/revisions"}],"predecessor-version":[{"id":15212,"href":"https:\/\/elfsight.com\/pt\/wp-json\/wp\/v2\/pages\/4152\/revisions\/15212"}],"up":[{"embeddable":true,"href":"https:\/\/elfsight.com\/pt\/wp-json\/wp\/v2\/pages\/596"}],"wp:attachment":[{"href":"https:\/\/elfsight.com\/pt\/wp-json\/wp\/v2\/media?parent=4152"}],"curies":[{"name":"wp","href":"https:\/\/api.w.org\/{rel}","templated":true}]}}