{"id":4149,"date":"2024-05-03T06:36:23","date_gmt":"2024-05-03T06:36:23","guid":{"rendered":"https:\/\/elfsight.com\/pt\/?page_id=4149"},"modified":"2024-11-13T12:09:28","modified_gmt":"2024-11-13T12:09:28","slug":"weebly","status":"publish","type":"page","link":"https:\/\/elfsight.com\/pt\/facebook-reviews-widget\/weebly\/","title":{"rendered":"Facebook Reviews &#8211; Weebly"},"content":{"rendered":"<div class=\"application-platform-content-item-description application-platform-content-item\" id=\"description\" data-nav-section=\"description\"><h2>Descri\u00e7\u00e3o<\/h2><p>Elfsight Facebook Reviews \u00e9 uma forma f\u00e1cil de mostrar coment\u00e1rios da sua p\u00e1gina do Facebook na sua p\u00e1gina web e aumentar a confian\u00e7a para o seu neg\u00f3cio pelos clientes do site. Voc\u00ea pode aplicar filtro de coment\u00e1rios, mostrar classifica\u00e7\u00e3o por estrelas, informa\u00e7\u00f5es do autor e mostrar um bot\u00e3o para deixar um novo coment\u00e1rio. O widget Elfsight Facebook Reviews tem v\u00e1rios layouts e modelos de revis\u00e3o, elementos altern\u00e1veis \u200b\u200be cabe\u00e7alho flex\u00edvel para personaliza\u00e7\u00e3o profunda. Usando suas avalia\u00e7\u00f5es do Facebook no site, voc\u00ea demonstrar\u00e1 alto reconhecimento, fortalecer\u00e1 a confian\u00e7a e obter\u00e1 mais avalia\u00e7\u00f5es.<\/p><p><b>Tenha mais opini\u00f5es de clientes mostrando avalia\u00e7\u00f5es do Facebook com possibilidade de deixar novas!<\/b> <\/p><ul><li><b>Fortale\u00e7a a confian\u00e7a exibindo avalia\u00e7\u00f5es de usu\u00e1rios reais<\/b><br> Mostre que as avalia\u00e7\u00f5es s\u00e3o genu\u00ednas com dados completos do autor e aumente a confian\u00e7a em sua marca.<\/li><li><b>Atraia mais vendas mostrando sua classifica\u00e7\u00e3o alta<\/b><br> Demonstre sua classifica\u00e7\u00e3o alta e avalia\u00e7\u00f5es positivas para provar que vale a pena comprar seus itens e atrair mais compras.<\/li><li><b>Obtenha uma vis\u00e3o mais clara compreens\u00e3o de suas ofertas entre novos usu\u00e1rios<\/b><br> Apresentar seus produtos atrav\u00e9s dos olhos dos clientes ajudar\u00e1 os clientes em potencial a entend\u00ea-los melhor.<\/li><\/ul><\/div><div class=\"application-platform-content-item-features application-platform-content-item\" id=\"features\" data-nav-section=\"features\"> <h2>Recursos<\/h2><p>Verifique quais recursos tornam este plugin um dos melhores para o Weebly:<\/p><ul><li>Cabe\u00e7alho altern\u00e1vel do widget;<\/li><li>Escolha do n\u00famero de avalia\u00e7\u00f5es por p\u00e1gina;<\/li><li>Definir a velocidade do slide e a velocidade de reprodu\u00e7\u00e3o autom\u00e1tica;<\/li><li>Links suportados na mensagem de nega\u00e7\u00e3o de solicita\u00e7\u00e3o de revis\u00e3o;<\/li><li>5 elementos pint\u00e1veis \u200b\u200bda interface: plano de fundo, revisar texto, links. Bot\u00e3o de solicita\u00e7\u00e3o de revis\u00e3o, classifica\u00e7\u00e3o;<\/li><\/ul><p><a href=\"#demo\">Verifique os recursos mais importantes na demonstra\u00e7\u00e3o da Elfsight<\/a><\/p><\/div><div class=\"application-platform-content-item-installation application-platform-content-item\" id=\"installation\" data-nav-section=\"installation\"><h2>Como adicionar avalia\u00e7\u00f5es do Facebook ao site do Weebly<\/h2><div class=\"video-container\"><iframe width=\"720\" height=\"405\" src=\"https:\/\/www.youtube.com\/embed\/gTTmnUeCyUQ\" frameborder=\"0\" allowfullscreen=\"\"><\/iframe><\/div><p>Uma instru\u00e7\u00e3o simples sobre como incorporar o widget na p\u00e1gina da web sem compet\u00eancia em programa\u00e7\u00e3o. O tempo total de execu\u00e7\u00e3o manual n\u00e3o ultrapassa 1 minuto.<\/p><ol><li><b>Execute nosso editor gratuito e comece a construir seu aplicativo personalizado. <\/b><br> Escolha a interface selecionada e os par\u00e2metros do aplicativo e aplique todas as modifica\u00e7\u00f5es. <\/li> <li><b>Adquira o seu c\u00f3digo individual mostrado na caixa nas aplica\u00e7\u00f5es Elfsight. <\/b><br> Ap\u00f3s a personaliza\u00e7\u00e3o do seu aplicativo pessoal, copie o c\u00f3digo individual do pop-up exibido e guarde-o para futuras ocasi\u00f5es. <\/li> <li><b>Iniciar o uso do aplicativo no site do Weebly. <\/b><br> Integre o c\u00f3digo que voc\u00ea salvou anteriormente em sua p\u00e1gina web e aplique os ajustes. <\/li> <li><b>Conclu\u00eddo! A configura\u00e7\u00e3o est\u00e1 totalmente conclu\u00edda. <\/b><br> Abra seu site para ver como o aplicativo est\u00e1 funcionando. <\/li><\/ol><p>Tem dificuldades em adicionar o plugin ou personaliz\u00e1-lo? Entre em contacto com a nossa equipa de suporte.<\/p><div class=\"faq\" data-component=\"FAQ\"> <div class=\"faq-item\">\r\n\t\t\t\t\t<div class=\"faq-item-question\">\r\n\t\t\t\t\t\t<h3 class=\"faq-item-question-text\">Como posso adicionar coment\u00e1rios do Facebook ao meu site Weebly sem conhecimentos de codifica\u00e7\u00e3o?<\/h3>\r\n\r\n\t\t\t\t\t\t<div class=\"faq-item-question-icon\"><\/div>\r\n\t\t\t\t\t<\/div>\r\n\r\n\t\t\t\t\t<div class=\"faq-item-answer\">\r\n\t\t\t\t\t\t<div class=\"faq-item-answer-text\"> <p>A Elfsight fornece uma solu\u00e7\u00e3o SaaS que lhe permite criar um Facebook Widget de avalia\u00e7\u00f5es voc\u00ea mesmo, veja como o processo \u00e9 f\u00e1cil: trabalhe diretamente no editor on-line para criar um widget de avalia\u00e7\u00f5es do Facebook que voc\u00ea gostaria de ver em seu site do Weebly. Escolha um dos modelos predefinidos e ajuste as configura\u00e7\u00f5es de Avalia\u00e7\u00f5es do Facebook, adicione seu conte\u00fado, altere o layout e a cor dos elementos sem nenhuma habilidade de codifica\u00e7\u00e3o. Salve as avalia\u00e7\u00f5es do Facebook e copie seu c\u00f3digo de instala\u00e7\u00e3o, que voc\u00ea pode colar facilmente no seu site do Weebly sem a necessidade de adquirir um plano pago. Com nosso editor intuitivo, qualquer usu\u00e1rio da Internet pode criar um widget de avalia\u00e7\u00f5es do Facebook on-line e incorpor\u00e1-lo facilmente ao seu site do Weebly. N\u00e3o h\u00e1 necessidade de pagar ou inserir as credenciais do seu cart\u00e3o para acessar o servi\u00e7o. Se voc\u00ea enfrentar qualquer problema em qualquer etapa, n\u00e3o hesite em entrar em contato com nossa equipe de suporte t\u00e9cnico.<\/p> <\/div>\r\n\t\t\t\t\t<\/div>\r\n\t\t\t\t<\/div> <\/div> <\/div>","protected":false},"excerpt":{"rendered":"","protected":false},"author":9,"featured_media":0,"parent":576,"menu_order":0,"comment_status":"closed","ping_status":"closed","template":"templates\/template-application-platform.php","meta":{"publish_to_discourse":"","publish_post_category":"","wpdc_auto_publish_overridden":"","wpdc_topic_tags":"","wpdc_pin_topic":"","wpdc_pin_until":"","discourse_post_id":"","discourse_permalink":"","wpdc_publishing_response":"","wpdc_publishing_error":"","footnotes":""},"class_list":["post-4149","page","type-page","status-publish","hentry"],"yoast_head":"<!-- This site is optimized with the Yoast SEO plugin v25.3.1 - https:\/\/yoast.com\/wordpress\/plugins\/seo\/ -->\n<title>O melhor aplicativo de avalia\u00e7\u00f5es do Facebook para o site do Weebly (2026)<\/title>\n<meta name=\"description\" content=\"Crie seu aplicativo pessoal de avalia\u00e7\u00f5es do Facebook para o Weebly e adicione-o ao seu site em apenas 3 minutos. Demonstra\u00e7\u00e3o gratuita, ajuda com design e outros extras da Elfsight!\" \/>\n<meta name=\"robots\" content=\"index, follow, max-snippet:-1, max-image-preview:large, max-video-preview:-1\" \/>\n<link rel=\"canonical\" href=\"https:\/\/elfsight.com\/pt\/facebook-reviews-widget\/weebly\/\" \/>\n<meta property=\"og:locale\" content=\"pt_PT\" \/>\n<meta property=\"og:type\" content=\"article\" \/>\n<meta property=\"og:title\" content=\"O melhor aplicativo de avalia\u00e7\u00f5es do Facebook para o site do Weebly (2026)\" \/>\n<meta property=\"og:description\" content=\"Crie seu aplicativo pessoal de avalia\u00e7\u00f5es do Facebook para o Weebly e adicione-o ao seu site em apenas 3 minutos. Demonstra\u00e7\u00e3o gratuita, ajuda com design e outros extras da Elfsight!\" \/>\n<meta property=\"og:url\" content=\"https:\/\/elfsight.com\/pt\/facebook-reviews-widget\/weebly\/\" \/>\n<meta property=\"og:site_name\" content=\"Elfsight PT\" \/>\n<meta property=\"article:modified_time\" content=\"2024-11-13T12:09:28+00:00\" \/>\n<meta name=\"twitter:card\" content=\"summary_large_image\" \/>\n<meta name=\"twitter:label1\" content=\"Tempo estimado de leitura\" \/>\n\t<meta name=\"twitter:data1\" content=\"2 minutos\" \/>\n<!-- \/ Yoast SEO plugin. -->","yoast_head_json":{"title":"O melhor aplicativo de avalia\u00e7\u00f5es do Facebook para o site do Weebly (2026)","description":"Crie seu aplicativo pessoal de avalia\u00e7\u00f5es do Facebook para o Weebly e adicione-o ao seu site em apenas 3 minutos. Demonstra\u00e7\u00e3o gratuita, ajuda com design e outros extras da Elfsight!","robots":{"index":"index","follow":"follow","max-snippet":"max-snippet:-1","max-image-preview":"max-image-preview:large","max-video-preview":"max-video-preview:-1"},"canonical":"https:\/\/elfsight.com\/pt\/facebook-reviews-widget\/weebly\/","og_locale":"pt_PT","og_type":"article","og_title":"O melhor aplicativo de avalia\u00e7\u00f5es do Facebook para o site do Weebly (2026)","og_description":"Crie seu aplicativo pessoal de avalia\u00e7\u00f5es do Facebook para o Weebly e adicione-o ao seu site em apenas 3 minutos. Demonstra\u00e7\u00e3o gratuita, ajuda com design e outros extras da Elfsight!","og_url":"https:\/\/elfsight.com\/pt\/facebook-reviews-widget\/weebly\/","og_site_name":"Elfsight PT","article_modified_time":"2024-11-13T12:09:28+00:00","twitter_card":"summary_large_image","twitter_misc":{"Tempo estimado de leitura":"2 minutos"},"schema":{"@context":"https:\/\/schema.org","@graph":[{"@type":"WebPage","@id":"https:\/\/elfsight.com\/pt\/facebook-reviews-widget\/weebly\/","url":"https:\/\/elfsight.com\/pt\/facebook-reviews-widget\/weebly\/","name":"O melhor aplicativo de avalia\u00e7\u00f5es do Facebook para o site do Weebly (2026)","isPartOf":{"@id":"https:\/\/elfsight.com\/pt\/#website"},"datePublished":"2024-05-03T06:36:23+00:00","dateModified":"2024-11-13T12:09:28+00:00","description":"Crie seu aplicativo pessoal de avalia\u00e7\u00f5es do Facebook para o Weebly e adicione-o ao seu site em apenas 3 minutos. Demonstra\u00e7\u00e3o gratuita, ajuda com design e outros extras da Elfsight!","breadcrumb":{"@id":"https:\/\/elfsight.com\/pt\/facebook-reviews-widget\/weebly\/#breadcrumb"},"inLanguage":"pt-PT","potentialAction":[{"@type":"ReadAction","target":["https:\/\/elfsight.com\/pt\/facebook-reviews-widget\/weebly\/"]}]},{"@type":"BreadcrumbList","@id":"https:\/\/elfsight.com\/pt\/facebook-reviews-widget\/weebly\/#breadcrumb","itemListElement":[{"@type":"ListItem","position":1,"name":"Home","item":"https:\/\/elfsight.com\/pt\/"},{"@type":"ListItem","position":2,"name":"Facebook Reviews","item":"https:\/\/elfsight.com\/pt\/facebook-reviews-widget\/"},{"@type":"ListItem","position":3,"name":"Facebook Reviews &#8211; Weebly"}]},{"@type":"WebSite","@id":"https:\/\/elfsight.com\/pt\/#website","url":"https:\/\/elfsight.com\/pt\/","name":"Elfsight PT","description":"Just another Elfsight Sites site","potentialAction":[{"@type":"SearchAction","target":{"@type":"EntryPoint","urlTemplate":"https:\/\/elfsight.com\/pt\/?s={search_term_string}"},"query-input":{"@type":"PropertyValueSpecification","valueRequired":true,"valueName":"search_term_string"}}],"inLanguage":"pt-PT"}]}},"meta_box":{"industry":"","seo_heading":"","heading":"","description":"","cta_heading":"","cta_description":"","application":"575","h1":"Aplicativo Weebly de avalia\u00e7\u00f5es do Facebook","h1_caption":"Com avalia\u00e7\u00f5es de clientes do Facebook em seu site, aumente o n\u00edvel de confian\u00e7a do cliente!","application_category":[],"applications_title":"","applications_request_title":"","applications_request_button_text":"","hero_text":"","hero_video":"","hero_video_schema_markup":"","selling_points_title":"","selling_points_caption":"","selling_points":[],"selling_points_cta_text":"","features_title":"","features":"","ed_cta_examples_text":"","ed_cta_examples_hidden":"","ed_cta_demo_text":"","ed_cta_demo_hidden":"","why_caption":"","why_editor_title":"","why_editor_text":"","why_team_title":"","why_team_text":"","why_service_title":"","why_service_text":"","template_catalog_visible":"","template_catalog_title":"","template_catalog_text":"","template_catalog_categories_visible":"","demo_title":"Crie seu aplicativo de avalia\u00e7\u00f5es do Facebook","demo_caption":"Configure suas avalia\u00e7\u00f5es do Facebook e adicione-as ao seu site do Weebly gratuitamente!","default_faq_hidden":"","app_template_category":[],"platform":"73","template_public_id":"","codecanyon_url":"","codecanyon_item_id":"","codecanyon_price":"","pricing_caption":"","pricing_elfsight_apps_hide_column":"","pricing_elfsight_apps_url":"","pricing_codecanyon_price_caption":"","integration_category":[],"integration_request_title":"","integration_request_cta":"","integration_platform":"","integrations":[],"platform_category":[],"video_schema_markup":"","price":"a partir de US$ 0\/m\u00eas","trial":"","benefits":[{"text":"Servi\u00e7o de instala\u00e7\u00e3o gratuito"},{"text":"Atendimento ao cliente eficaz"},{"text":"Garantia de devolu\u00e7\u00e3o do dinheiro em 14 dias"},{"text":"Atualiza\u00e7\u00f5es gratuitas cont\u00ednuas"}],"button_url":"#demo","button_target_blank":"0","button_nofollow":"0","attributes":[{"name":"Instala\u00e7\u00f5es","content":"10,000 - 100,000","_state":"expanded"},{"name":"Responsivo","content":"Sim","_state":"expanded"},{"name":"Navegadores compat\u00edveis","content":"Firefox, Safari, Opera, Chrome, Edge"}],"tags":[],"tags_disable_links":"0","hide_more_platforms":"","video_object":"","demo_hide_cta":"0","demo_hide_cloud_options":"0","pricing_title":"","pricing":[{"pricing_icon":"cloud","pricing_title":"Elfsight Apps","pricing_title_caption":"Software multiplataforma","pricing_price":"a partir de US$ 0\/m\u00eas","pricing_price_caption":"comece com um plano gratuito","pricing_benefits":[{"text":"Dom\u00ednios ilimitados"},{"text":"Suporte premium da empresa e bem documentado"},{"text":"Suporte premium da empresa e bem documentado"},{"text":"100% personaliz\u00e1vel"}],"pricing_button_text":"Adicionar ao site","pricing_button_url":"#demo","_state":"expanded"}],"related_apps_title":"","related_apps_hidden":"1","author":"","image":[],"title":"","job":"","social_networks":[]},"_links":{"self":[{"href":"https:\/\/elfsight.com\/pt\/wp-json\/wp\/v2\/pages\/4149","targetHints":{"allow":["GET"]}}],"collection":[{"href":"https:\/\/elfsight.com\/pt\/wp-json\/wp\/v2\/pages"}],"about":[{"href":"https:\/\/elfsight.com\/pt\/wp-json\/wp\/v2\/types\/page"}],"author":[{"embeddable":true,"href":"https:\/\/elfsight.com\/pt\/wp-json\/wp\/v2\/users\/9"}],"replies":[{"embeddable":true,"href":"https:\/\/elfsight.com\/pt\/wp-json\/wp\/v2\/comments?post=4149"}],"version-history":[{"count":2,"href":"https:\/\/elfsight.com\/pt\/wp-json\/wp\/v2\/pages\/4149\/revisions"}],"predecessor-version":[{"id":11830,"href":"https:\/\/elfsight.com\/pt\/wp-json\/wp\/v2\/pages\/4149\/revisions\/11830"}],"up":[{"embeddable":true,"href":"https:\/\/elfsight.com\/pt\/wp-json\/wp\/v2\/pages\/576"}],"wp:attachment":[{"href":"https:\/\/elfsight.com\/pt\/wp-json\/wp\/v2\/media?parent=4149"}],"curies":[{"name":"wp","href":"https:\/\/api.w.org\/{rel}","templated":true}]}}