{"id":4148,"date":"2024-05-03T06:38:41","date_gmt":"2024-05-03T06:38:41","guid":{"rendered":"https:\/\/elfsight.com\/pt\/?page_id=4148"},"modified":"2025-02-11T10:52:57","modified_gmt":"2025-02-11T10:52:57","slug":"wix","status":"publish","type":"page","link":"https:\/\/elfsight.com\/pt\/google-maps-widget\/wix\/","title":{"rendered":"Google Maps &#8211; Wix"},"content":{"rendered":"\n<div class=\"application-platform-content-item-description application-platform-content-item\" id=\"description\" data-nav-section=\"description\"><h2>Descri\u00e7\u00e3o<\/h2><p>Instala\u00e7\u00e3o descomplicada, multifuncionalidade e personaliza\u00e7\u00e3o total ir\u00e3o ajud\u00e1-lo a criar mapas e facilitar a localiza\u00e7\u00e3o de locais. Eficiente na capta\u00e7\u00e3o de clientes offline, f\u00e1cil instala\u00e7\u00e3o e customiza\u00e7\u00e3o da interface \u2013 talvez seja a melhor ferramenta para cada site Wix.<\/p><p><b>Gere mais clientes reais com mapas interativos em seu site!<\/b><\/p><ul> <li> <b>Mais pedidos de compradores formam seu site<\/b>. Forne\u00e7a dados de contato abrangentes (endere\u00e7o, n\u00famero de telefone, hor\u00e1rio de funcionamento do mensageiro, hor\u00e1rio comercial e assim por diante), para que seus futuros clientes possam entrar em contato com voc\u00ea por qualquer m\u00e9todo que lhes seja confort\u00e1vel.<\/li> <li><b>Aumente a convers\u00e3o do seu site com a ajuda de um extenso cart\u00e3o de informa\u00e7\u00f5es da sua empresa<\/b>. Mostre informa\u00e7\u00f5es de contato completas para encontrar mais futuros usu\u00e1rios que desejam entrar em contato com voc\u00ea e estimul\u00e1-los a fazer uma pr\u00f3xima v\u00e1 para a compra.<\/li> <li><b>Economize tempo pessoal moldando mapas<\/b>. Dezenas de configura\u00e7\u00f5es s\u00e3o abertas em 2 cliques, crie o mapa mais poderoso para o seu site em apenas alguns segundos.<\/li> <\/ul><\/div><div class=\"application-platform-content-item-features application-platform-content-item\" id=\"features\" data-nav-section=\"features\"><h2>Recursos<\/h2>Quais op\u00e7\u00f5es tornam o mapa Elfsight o melhor para o seu site Wix?<ul> <li>Cria\u00e7\u00e3o autom\u00e1tica de rotas a partir da localiza\u00e7\u00e3o do visitante;<\/li> <li>Todos os recursos do Google Maps s\u00e3o suportados: camadas, tipos de mapas, controles;<\/li> <li>Editar t\u00edtulo do painel de localiza\u00e7\u00e3o e escolher elementos;<\/li> <li>5 esquemas de cores predefinidos;<\/li> <li>Editor pr\u00e1tico (sem necessidade de codifica\u00e7\u00e3o).<\/li><\/ul><a href=\"#demo\">Experimente todos os recursos do editor!<\/a><\/div><div class=\"application-platform-content-item-instala\u00e7\u00e3o application-platform-content-item\" id=\"instala\u00e7\u00e3o\" data-nav-section=\"instala\u00e7\u00e3o\"><h2>Como adicionar o aplicativo Google Maps ao site Wix<\/h2><div class=\"video-container\"><iframe width=\"720\" height=\"405\" src=\"https:\/\/www.youtube.com\/embed\/8MUxzhX70Os\" frameborder=\"0\" allowfullscreen=\"\"><\/iframe><\/div>Um manual conciso sobre como integrar mapas responsivos ao Wix por conta pr\u00f3pria. Para realiz\u00e1-lo, voc\u00ea n\u00e3o precisa contratar um desenvolvedor ou ter habilidades em codifica\u00e7\u00e3o. O tempo de instala\u00e7\u00e3o leva em m\u00e9dia apenas 3 minutos.<ol> <li><b>Crie seu Google Maps personalizado<\/b>. Com nosso <a href=\"#demo\">editor gratuito<\/a>, um widget com o design e as configura\u00e7\u00f5es desejadas.<\/li> <li><b>Obtenha um c\u00f3digo para mostrar o widget<\/b>. Ap\u00f3s a configura\u00e7\u00e3o do widget, obtenha um c\u00f3digo para o mapa na janela que aparece nos aplicativos Elfsight.<\/li> <li><b>Coloque o widget no site Wix<\/b>. Exiba o widget no local desejado do site e aplique os resultados.<\/li> <li><b>A configura\u00e7\u00e3o est\u00e1 conclu\u00edda!<\/b> V\u00e1 ao seu site, para ver seu trabalho.<\/li><\/ol>Est\u00e1 tendo dificuldades ou problemas ao executar as instru\u00e7\u00f5es ou configurar um mapa personalizado? Leia um manual completo \u00ab<a href=\"https:\/\/elfsight.com\/tutorials\/how-to-add-google-maps-builder-to-wix\/\" target=\"_blank\" rel=\"noopener noreferrer\">Como para inserir um mapa em um site Wix<\/a>\u00bb ou envie uma mensagem para o centro de suporte da Elfsight e teremos prazer em fornecer ajuda na modelagem e exibi\u00e7\u00e3o de mapas em seu site.<div class=\"faq\" data-component=\"FAQ\"><div class=\"faq-item\">\r\n\t\t\t\t\t<div class=\"faq-item-question\">\r\n\t\t\t\t\t\t<h3 class=\"faq-item-question-text\">Como posso adicionar o Google Maps ao meu site Wix sem habilidades de codifica\u00e7\u00e3o?<\/h3>\r\n\r\n\t\t\t\t\t\t<div class=\"faq-item-question-icon\"><\/div>\r\n\t\t\t\t\t<\/div>\r\n\r\n\t\t\t\t\t<div class=\"faq-item-answer\">\r\n\t\t\t\t\t\t<div class=\"faq-item-answer-text\"> <p>A Elfsight fornece uma solu\u00e7\u00e3o SaaS que permite que voc\u00ea mesmo crie um widget do Google Maps. Veja como o processo \u00e9 f\u00e1cil: Trabalhe diretamente no Editor on-line para criar um widget do Google Maps que voc\u00ea gostaria para ver no seu site Wix. Escolha um dos modelos predefinidos e ajuste as configura\u00e7\u00f5es do Google Maps, adicione seu conte\u00fado, altere o layout e as cores sem nenhuma habilidade de codifica\u00e7\u00e3o. Salve o Google Maps e copie seu c\u00f3digo de instala\u00e7\u00e3o, que voc\u00ea pode incluir facilmente em seu site Wix sem comprar uma vers\u00e3o paga. <\/p><p>Com nosso editor intuitivo, qualquer usu\u00e1rio da Internet pode criar um widget do Google Maps online e incorpor\u00e1-lo facilmente ao seu site Wix. N\u00e3o h\u00e1 necessidade de pagar ou inserir as credenciais do seu cart\u00e3o para acessar o servi\u00e7o. Se voc\u00ea enfrentar qualquer problema em qualquer etapa, n\u00e3o hesite em entrar em contato com nossa equipe de suporte t\u00e9cnico.<\/p> <\/div>\r\n\t\t\t\t\t<\/div>\r\n\t\t\t\t<\/div> <\/div><\/div>\n","protected":false},"excerpt":{"rendered":"","protected":false},"author":9,"featured_media":0,"parent":635,"menu_order":0,"comment_status":"closed","ping_status":"closed","template":"templates\/template-application-platform.php","meta":{"publish_to_discourse":"","publish_post_category":"","wpdc_auto_publish_overridden":"","wpdc_topic_tags":"","wpdc_pin_topic":"","wpdc_pin_until":"","discourse_post_id":"","discourse_permalink":"","wpdc_publishing_response":"","wpdc_publishing_error":"","footnotes":""},"class_list":["post-4148","page","type-page","status-publish","hentry"],"yoast_head":"<!-- This site is optimized with the Yoast SEO plugin v25.3.1 - https:\/\/yoast.com\/wordpress\/plugins\/seo\/ -->\n<title>Google Maps - Adicionar aplicativo de mapas ao site Wix<\/title>\n<meta name=\"description\" content=\"Crie um aplicativo Google Maps personalizado para o site Wix. Exiba mapas interativos em apenas 1 minuto gratuitamente no painel de widgets mais pr\u00e1tico.\" \/>\n<meta name=\"robots\" content=\"index, follow, max-snippet:-1, max-image-preview:large, max-video-preview:-1\" \/>\n<link rel=\"canonical\" href=\"https:\/\/elfsight.com\/pt\/google-maps-widget\/wix\/\" \/>\n<meta property=\"og:locale\" content=\"pt_PT\" \/>\n<meta property=\"og:type\" content=\"article\" \/>\n<meta property=\"og:title\" content=\"Google Maps - Adicionar aplicativo de mapas ao site Wix\" \/>\n<meta property=\"og:description\" content=\"Crie um aplicativo Google Maps personalizado para o site Wix. Exiba mapas interativos em apenas 1 minuto gratuitamente no painel de widgets mais pr\u00e1tico.\" \/>\n<meta property=\"og:url\" content=\"https:\/\/elfsight.com\/pt\/google-maps-widget\/wix\/\" \/>\n<meta property=\"og:site_name\" content=\"Elfsight PT\" \/>\n<meta property=\"article:modified_time\" content=\"2025-02-11T10:52:57+00:00\" \/>\n<meta name=\"twitter:card\" content=\"summary_large_image\" \/>\n<meta name=\"twitter:label1\" content=\"Tempo estimado de leitura\" \/>\n\t<meta name=\"twitter:data1\" content=\"4 minutos\" \/>\n<!-- \/ Yoast SEO plugin. -->","yoast_head_json":{"title":"Google Maps - Adicionar aplicativo de mapas ao site Wix","description":"Crie um aplicativo Google Maps personalizado para o site Wix. Exiba mapas interativos em apenas 1 minuto gratuitamente no painel de widgets mais pr\u00e1tico.","robots":{"index":"index","follow":"follow","max-snippet":"max-snippet:-1","max-image-preview":"max-image-preview:large","max-video-preview":"max-video-preview:-1"},"canonical":"https:\/\/elfsight.com\/pt\/google-maps-widget\/wix\/","og_locale":"pt_PT","og_type":"article","og_title":"Google Maps - Adicionar aplicativo de mapas ao site Wix","og_description":"Crie um aplicativo Google Maps personalizado para o site Wix. Exiba mapas interativos em apenas 1 minuto gratuitamente no painel de widgets mais pr\u00e1tico.","og_url":"https:\/\/elfsight.com\/pt\/google-maps-widget\/wix\/","og_site_name":"Elfsight PT","article_modified_time":"2025-02-11T10:52:57+00:00","twitter_card":"summary_large_image","twitter_misc":{"Tempo estimado de leitura":"4 minutos"},"schema":{"@context":"https:\/\/schema.org","@graph":[{"@type":"WebPage","@id":"https:\/\/elfsight.com\/pt\/google-maps-widget\/wix\/","url":"https:\/\/elfsight.com\/pt\/google-maps-widget\/wix\/","name":"Google Maps - Adicionar aplicativo de mapas ao site Wix","isPartOf":{"@id":"https:\/\/elfsight.com\/pt\/#website"},"datePublished":"2024-05-03T06:38:41+00:00","dateModified":"2025-02-11T10:52:57+00:00","description":"Crie um aplicativo Google Maps personalizado para o site Wix. Exiba mapas interativos em apenas 1 minuto gratuitamente no painel de widgets mais pr\u00e1tico.","breadcrumb":{"@id":"https:\/\/elfsight.com\/pt\/google-maps-widget\/wix\/#breadcrumb"},"inLanguage":"pt-PT","potentialAction":[{"@type":"ReadAction","target":["https:\/\/elfsight.com\/pt\/google-maps-widget\/wix\/"]}]},{"@type":"BreadcrumbList","@id":"https:\/\/elfsight.com\/pt\/google-maps-widget\/wix\/#breadcrumb","itemListElement":[{"@type":"ListItem","position":1,"name":"Home","item":"https:\/\/elfsight.com\/pt\/"},{"@type":"ListItem","position":2,"name":"Google Maps","item":"https:\/\/elfsight.com\/pt\/google-maps-widget\/"},{"@type":"ListItem","position":3,"name":"Google Maps &#8211; Wix"}]},{"@type":"WebSite","@id":"https:\/\/elfsight.com\/pt\/#website","url":"https:\/\/elfsight.com\/pt\/","name":"Elfsight PT","description":"Just another Elfsight Sites site","potentialAction":[{"@type":"SearchAction","target":{"@type":"EntryPoint","urlTemplate":"https:\/\/elfsight.com\/pt\/?s={search_term_string}"},"query-input":{"@type":"PropertyValueSpecification","valueRequired":true,"valueName":"search_term_string"}}],"inLanguage":"pt-PT"}]}},"meta_box":{"industry":"","seo_heading":"","heading":"","description":"","cta_heading":"","cta_description":"","application":"634","h1":"Aplicativo Google Maps para Wix","h1_caption":"Mostre um n\u00famero infinito de locais, escrit\u00f3rios e informa\u00e7\u00f5es sobre eles em um mapa responsivo para manter contato com os clientes.","application_category":[],"applications_title":"","applications_request_title":"","applications_request_button_text":"","hero_text":"","hero_video":"","hero_video_schema_markup":"","selling_points_title":"","selling_points_caption":"","selling_points":[],"selling_points_cta_text":"","features_title":"","features":"","ed_cta_examples_text":"","ed_cta_examples_hidden":"","ed_cta_demo_text":"","ed_cta_demo_hidden":"","why_caption":"","why_editor_title":"","why_editor_text":"","why_team_title":"","why_team_text":"","why_service_title":"","why_service_text":"","template_catalog_visible":"0","template_catalog_title":"","template_catalog_text":"","template_catalog_categories_visible":"","demo_title":"Crie seu aplicativo do Google Maps","demo_caption":"Configure seu Google Maps e adicione-o ao seu site Wix gratuitamente!","default_faq_hidden":"","app_template_category":[],"platform":"37","template_public_id":"","codecanyon_url":"","codecanyon_item_id":"","codecanyon_price":"","pricing_caption":"","pricing_elfsight_apps_hide_column":"","pricing_elfsight_apps_url":"","pricing_codecanyon_price_caption":"","integration_category":[],"integration_request_title":"","integration_request_cta":"","integration_platform":"","integrations":[],"platform_category":[],"video_schema_markup":"","price":"a partir de US$ 0\/m\u00eas","trial":"","benefits":[{"text":"Servi\u00e7o de instala\u00e7\u00e3o gratuito"},{"text":"Suporte ao cliente experiente"},{"text":"Garantia de reembolso de 14 dias"},{"text":"Atualizando constantemente"}],"button_url":"#demo","button_target_blank":"0","button_nofollow":"0","attributes":[{"name":"Instala\u00e7\u00f5es","content":"100,000 - 500,000","_state":"expanded"},{"name":"Responsivo","content":"Sim","_state":"expanded"},{"name":"Navegadores compat\u00edveis","content":"Chrome, Opera, Firefox, Safari, Edge"}],"tags":[],"tags_disable_links":"0","hide_more_platforms":"0","video_object":"","demo_hide_cta":"0","demo_hide_cloud_options":"0","pricing_title":"","pricing":[{"pricing_icon":"platform","pricing_title":"Wix app","pricing_title_caption":"Solu\u00e7\u00e3o multiplataforma que se adapta a qualquer site","pricing_price":"a partir de US$ 0\/m\u00eas","pricing_price_caption":"comece com plano gratuito","pricing_benefits":[{"text":"N\u00famero ilimitado de sites"},{"text":"Suporte r\u00e1pido ao cliente"},{"text":"Suporte r\u00e1pido ao cliente"},{"text":"Pre\u00e7o especial para v\u00e1rios aplicativos"}],"pricing_button_text":"Adicionar ao site","pricing_button_url":"#demo","_state":"expanded"}],"related_apps_title":"","related_apps_hidden":"1","author":"","image":[],"title":"","job":"","social_networks":[]},"_links":{"self":[{"href":"https:\/\/elfsight.com\/pt\/wp-json\/wp\/v2\/pages\/4148","targetHints":{"allow":["GET"]}}],"collection":[{"href":"https:\/\/elfsight.com\/pt\/wp-json\/wp\/v2\/pages"}],"about":[{"href":"https:\/\/elfsight.com\/pt\/wp-json\/wp\/v2\/types\/page"}],"author":[{"embeddable":true,"href":"https:\/\/elfsight.com\/pt\/wp-json\/wp\/v2\/users\/9"}],"replies":[{"embeddable":true,"href":"https:\/\/elfsight.com\/pt\/wp-json\/wp\/v2\/comments?post=4148"}],"version-history":[{"count":4,"href":"https:\/\/elfsight.com\/pt\/wp-json\/wp\/v2\/pages\/4148\/revisions"}],"predecessor-version":[{"id":13885,"href":"https:\/\/elfsight.com\/pt\/wp-json\/wp\/v2\/pages\/4148\/revisions\/13885"}],"up":[{"embeddable":true,"href":"https:\/\/elfsight.com\/pt\/wp-json\/wp\/v2\/pages\/635"}],"wp:attachment":[{"href":"https:\/\/elfsight.com\/pt\/wp-json\/wp\/v2\/media?parent=4148"}],"curies":[{"name":"wp","href":"https:\/\/api.w.org\/{rel}","templated":true}]}}