{"id":4145,"date":"2024-05-03T06:36:46","date_gmt":"2024-05-03T06:36:46","guid":{"rendered":"https:\/\/elfsight.com\/pt\/?page_id=4145"},"modified":"2025-03-06T09:04:53","modified_gmt":"2025-03-06T09:04:53","slug":"webnode","status":"publish","type":"page","link":"https:\/\/elfsight.com\/pt\/accordion-faq-widget\/webnode\/","title":{"rendered":"FAQ &#8211; Webnode"},"content":{"rendered":"\n<div class=\"application-platform-content-item-description application-platform-content-item\" id=\"description\" data-nav-section=\"description\"><h2>Descri\u00e7\u00e3o<\/h2><p>Nosso FAQ \u00e9 uma ferramenta simples, f\u00e1cil de trabalhar e personalizada para criar e publicar uma unidade do perguntas mais frequentes com respostas em seu site pessoal. Um widget interativo com design claro permite demonstrar dados extensos sobre o seu neg\u00f3cio, direcionar a aten\u00e7\u00e3o dos leitores para propriedades positivas e combater equ\u00edvocos e descren\u00e7as, que podem ser um obst\u00e1culo \u00e0 compra.<\/p><p><b>Responda imediatamente \u00e0s perguntas de seus clientes e aumente as vendas no site!<\/b><\/p><ul><li><b>Leve os clientes a comprar usando textos inteligentes<\/b>.<br>Demonstre respostas para as quest\u00f5es mais importantes perguntas dos clientes com anteced\u00eancia e conven\u00e7a-os a finalizar o pedido em seu site.<\/li><li><b>Entregue a imagem do seu neg\u00f3cio aos leitores<\/b>.<br>Demonstre aos seus visitantes a imagem real do seu neg\u00f3cio sua marca e processos comerciais, para remover toda a descren\u00e7a e estimular a coopera\u00e7\u00e3o.<\/li><li><b>Resolva todas as d\u00favidas poss\u00edveis para seus clientes com anteced\u00eancia<\/b>.<br>Permita que seus usu\u00e1rios obtenham os dados mais detalhados sobre seu produtos ou servi\u00e7os e responda a perguntas antes que elas apare\u00e7am.<\/li><\/ul><\/div><div class=\"application-platform-content-item-features application-platform-content-item\" id=\"features\" data-nav-section=\"features\"><h2>Recursos<\/h2><p>As vantagens mais importantes do widget Elfsight, que ajude-o a se tornar o instrumento mais flex\u00edvel para exibir perguntas frequentes no site Webnode.<\/p><ul><li>Layout de lista para exibir todas as perguntas e respostas de uma vez;<\/li><li>Cores personaliz\u00e1veis \u200b\u200bdo texto da pergunta e do texto da resposta , nome da categoria e plano de fundo;<\/li><li>\u00cdcone de cruz ou seta para layout de acorde\u00e3o;<\/li><li>Html no texto suportado;<\/li><li>Mobile otimizado para uma experi\u00eancia suave.<\/li><\/ul><p><a href=\"#demo\">Veja todos<\/a><\/p><\/div><div class=\"application-platform-content-item-installation application-platform-content-item\" id=\"installation\" data-nav-section=\"installation\"><h2>Como adicionar o widget de perguntas frequentes do Accorion para Webnode<\/h2><p>Gere um widget com a ajuda de nosso breve manual. Voc\u00ea n\u00e3o precisar\u00e1 ter habilidades em desenvolvimento ou encontrar um programador. O tempo total de instala\u00e7\u00e3o \u00e9 de apenas 2 minutos.<\/p><ol><li><b>Crie seu FAQ personalizado<\/b>.<br>Com nossa demonstra\u00e7\u00e3o gratuita, gere um plugin com layout e op\u00e7\u00f5es que voc\u00ea precisa.<\/li><li><b>Adquira um c\u00f3digo para instala\u00e7\u00e3o do plugin<\/b>.<br>Ap\u00f3s a gera\u00e7\u00e3o do widget, obtenha um c\u00f3digo para o plugin FAQ na janela que aparece nos aplicativos Elfsight.<\/li><li><b>Revele o plugin no site Webnode<\/b>.<br>Adicione o plugin no local necess\u00e1rio da p\u00e1gina e publique as edi\u00e7\u00f5es.<\/li><li><b>A incorpora\u00e7\u00e3o foi bem-sucedida!<\/b><br>Visite seu site para ver seu trabalho.<\/li><\/ol><p>Tem problemas durante a instala\u00e7\u00e3o? Envie uma mensagem para o servi\u00e7o de suporte da Elfsight ou estude uma variante abrangente da instru\u00e7\u00e3o \u00ab<a href=\"https:\/\/elfsight.com\/tutorials\/how-to-add-faq-widget-to-webnode\/\" target=\"_blank \" rel=\"noopener noreferrer\">Como adicionar FAQ ao Webnode<\/a>\u00bb e conclua a configura\u00e7\u00e3o voc\u00ea mesmo.<\/p><div class=\"faq\" data-component=\"FAQ\"><div class=\"faq-item\">\r\n\t\t\t\t\t<div class=\"faq-item-question\">\r\n\t\t\t\t\t\t<h3 class=\"faq-item-question-text\">Como adicionar FAQ ao meu site Webnode sem habilidades de codifica\u00e7\u00e3o?<\/h3>\r\n\r\n\t\t\t\t\t\t<div class=\"faq-item-question-icon\"><\/div>\r\n\t\t\t\t\t<\/div>\r\n\r\n\t\t\t\t\t<div class=\"faq-item-answer\">\r\n\t\t\t\t\t\t<div class=\"faq-item-answer-text\"> <p>A Elfsight fornece uma solu\u00e7\u00e3o SaaS que lhe permite criar um widget de FAQ, veja como \u00e9 f\u00e1cil o processo: Trabalhe diretamente no Editor online para criar um widget de FAQ que gostaria de ver no seu site Webnode. Escolha um dos modelos predefinidos e ajuste as configura\u00e7\u00f5es do FAQ, adicione seu conte\u00fado, altere o layout e as cores sem nenhuma habilidade de codifica\u00e7\u00e3o. Salve o FAQ e copie o c\u00f3digo de instala\u00e7\u00e3o, que voc\u00ea pode incluir no seu site Webnode sem a necessidade de comprar uma vers\u00e3o paga. Com nosso editor intuitivo, qualquer usu\u00e1rio da Internet pode criar um widget de FAQ online e incorpor\u00e1-lo facilmente ao seu site Webnode. N\u00e3o h\u00e1 necessidade de pagar ou inserir as credenciais do seu cart\u00e3o para acessar o servi\u00e7o. Se voc\u00ea enfrentar qualquer problema em qualquer etapa, n\u00e3o hesite em entrar em contato com nossa equipe de suporte t\u00e9cnico.<\/p> <\/div>\r\n\t\t\t\t\t<\/div>\r\n\t\t\t\t<\/div> <\/div><\/div>\n","protected":false},"excerpt":{"rendered":"","protected":false},"author":9,"featured_media":0,"parent":815,"menu_order":0,"comment_status":"closed","ping_status":"closed","template":"templates\/template-application-platform.php","meta":{"publish_to_discourse":"","publish_post_category":"","wpdc_auto_publish_overridden":"","wpdc_topic_tags":"","wpdc_pin_topic":"","wpdc_pin_until":"","discourse_post_id":"","discourse_permalink":"","wpdc_publishing_response":"","wpdc_publishing_error":"","footnotes":""},"class_list":["post-4145","page","type-page","status-publish","hentry"],"yoast_head":"<!-- This site is optimized with the Yoast SEO plugin v25.3.1 - https:\/\/yoast.com\/wordpress\/plugins\/seo\/ -->\n<title>Perguntas frequentes sobre acorde\u00e3o - Adicionar widget de perguntas frequentes ao site Webnode<\/title>\n<meta name=\"description\" content=\"Crie seu widget de FAQ pessoal para Webnode em apenas 70 segundos. Teste a demonstra\u00e7\u00e3o mais r\u00e1pida de gera\u00e7\u00e3o de plugins da Elfsight, totalmente gratuita.\" \/>\n<meta name=\"robots\" content=\"index, follow, max-snippet:-1, max-image-preview:large, max-video-preview:-1\" \/>\n<link rel=\"canonical\" href=\"https:\/\/elfsight.com\/pt\/accordion-faq-widget\/webnode\/\" \/>\n<meta property=\"og:locale\" content=\"pt_PT\" \/>\n<meta property=\"og:type\" content=\"article\" \/>\n<meta property=\"og:title\" content=\"Perguntas frequentes sobre acorde\u00e3o - Adicionar widget de perguntas frequentes ao site Webnode\" \/>\n<meta property=\"og:description\" content=\"Crie seu widget de FAQ pessoal para Webnode em apenas 70 segundos. Teste a demonstra\u00e7\u00e3o mais r\u00e1pida de gera\u00e7\u00e3o de plugins da Elfsight, totalmente gratuita.\" \/>\n<meta property=\"og:url\" content=\"https:\/\/elfsight.com\/pt\/accordion-faq-widget\/webnode\/\" \/>\n<meta property=\"og:site_name\" content=\"Elfsight PT\" \/>\n<meta property=\"article:modified_time\" content=\"2025-03-06T09:04:53+00:00\" \/>\n<meta name=\"twitter:card\" content=\"summary_large_image\" \/>\n<meta name=\"twitter:label1\" content=\"Tempo estimado de leitura\" \/>\n\t<meta name=\"twitter:data1\" content=\"4 minutos\" \/>\n<!-- \/ Yoast SEO plugin. -->","yoast_head_json":{"title":"Perguntas frequentes sobre acorde\u00e3o - Adicionar widget de perguntas frequentes ao site Webnode","description":"Crie seu widget de FAQ pessoal para Webnode em apenas 70 segundos. Teste a demonstra\u00e7\u00e3o mais r\u00e1pida de gera\u00e7\u00e3o de plugins da Elfsight, totalmente gratuita.","robots":{"index":"index","follow":"follow","max-snippet":"max-snippet:-1","max-image-preview":"max-image-preview:large","max-video-preview":"max-video-preview:-1"},"canonical":"https:\/\/elfsight.com\/pt\/accordion-faq-widget\/webnode\/","og_locale":"pt_PT","og_type":"article","og_title":"Perguntas frequentes sobre acorde\u00e3o - Adicionar widget de perguntas frequentes ao site Webnode","og_description":"Crie seu widget de FAQ pessoal para Webnode em apenas 70 segundos. Teste a demonstra\u00e7\u00e3o mais r\u00e1pida de gera\u00e7\u00e3o de plugins da Elfsight, totalmente gratuita.","og_url":"https:\/\/elfsight.com\/pt\/accordion-faq-widget\/webnode\/","og_site_name":"Elfsight PT","article_modified_time":"2025-03-06T09:04:53+00:00","twitter_card":"summary_large_image","twitter_misc":{"Tempo estimado de leitura":"4 minutos"},"schema":{"@context":"https:\/\/schema.org","@graph":[{"@type":"WebPage","@id":"https:\/\/elfsight.com\/pt\/accordion-faq-widget\/webnode\/","url":"https:\/\/elfsight.com\/pt\/accordion-faq-widget\/webnode\/","name":"Perguntas frequentes sobre acorde\u00e3o - Adicionar widget de perguntas frequentes ao site Webnode","isPartOf":{"@id":"https:\/\/elfsight.com\/pt\/#website"},"datePublished":"2024-05-03T06:36:46+00:00","dateModified":"2025-03-06T09:04:53+00:00","description":"Crie seu widget de FAQ pessoal para Webnode em apenas 70 segundos. Teste a demonstra\u00e7\u00e3o mais r\u00e1pida de gera\u00e7\u00e3o de plugins da Elfsight, totalmente gratuita.","breadcrumb":{"@id":"https:\/\/elfsight.com\/pt\/accordion-faq-widget\/webnode\/#breadcrumb"},"inLanguage":"pt-PT","potentialAction":[{"@type":"ReadAction","target":["https:\/\/elfsight.com\/pt\/accordion-faq-widget\/webnode\/"]}]},{"@type":"BreadcrumbList","@id":"https:\/\/elfsight.com\/pt\/accordion-faq-widget\/webnode\/#breadcrumb","itemListElement":[{"@type":"ListItem","position":1,"name":"Home","item":"https:\/\/elfsight.com\/pt\/"},{"@type":"ListItem","position":2,"name":"FAQ","item":"https:\/\/elfsight.com\/pt\/accordion-faq-widget\/"},{"@type":"ListItem","position":3,"name":"FAQ &#8211; Webnode"}]},{"@type":"WebSite","@id":"https:\/\/elfsight.com\/pt\/#website","url":"https:\/\/elfsight.com\/pt\/","name":"Elfsight PT","description":"Just another Elfsight Sites site","potentialAction":[{"@type":"SearchAction","target":{"@type":"EntryPoint","urlTemplate":"https:\/\/elfsight.com\/pt\/?s={search_term_string}"},"query-input":{"@type":"PropertyValueSpecification","valueRequired":true,"valueName":"search_term_string"}}],"inLanguage":"pt-PT"}]}},"meta_box":{"industry":"","seo_heading":"","heading":"","description":"","cta_heading":"","cta_description":"","application":"814","h1":"Widget de perguntas frequentes sobre acorde\u00e3o para Webnode","h1_caption":"Aumente a convers\u00e3o do seu site combatendo as suspeitas e indecis\u00f5es dos clientes","application_category":[],"applications_title":"","applications_request_title":"","applications_request_button_text":"","hero_text":"","hero_video":"","hero_video_schema_markup":"","selling_points_title":"","selling_points_caption":"","selling_points":[],"selling_points_cta_text":"","features_title":"","features":"","ed_cta_examples_text":"","ed_cta_examples_hidden":"","ed_cta_demo_text":"","ed_cta_demo_hidden":"","why_caption":"","why_editor_title":"","why_editor_text":"","why_team_title":"","why_team_text":"","why_service_title":"","why_service_text":"","template_catalog_visible":"0","template_catalog_title":"","template_catalog_text":"","template_catalog_categories_visible":"","demo_title":"Crie seu widget de perguntas frequentes","demo_caption":"Configure seu FAQ e adicione-o ao seu site Webnode gratuitamente!","default_faq_hidden":"","app_template_category":[],"platform":"4917","template_public_id":"","codecanyon_url":"","codecanyon_item_id":"","codecanyon_price":"","pricing_caption":"","pricing_elfsight_apps_hide_column":"","pricing_elfsight_apps_url":"","pricing_codecanyon_price_caption":"","integration_category":[],"integration_request_title":"","integration_request_cta":"","integration_platform":"","integrations":[],"platform_category":[],"video_schema_markup":"","price":"a partir de US$ 0\/m\u00eas","trial":"","benefits":[{"text":"Ajuda de instala\u00e7\u00e3o gratuita"},{"text":"Atendimento ao cliente competente"},{"text":"Garantia de devolu\u00e7\u00e3o do dinheiro em 14 dias"},{"text":"Desenvolvimento cont\u00ednuo"}],"button_url":"#demo","button_target_blank":"0","button_nofollow":"0","attributes":[{"name":"Instala\u00e7\u00f5es","content":"10,000 - 100,000","_state":"expanded"},{"name":"Responsivo","content":"Sim","_state":"expanded"},{"name":"Navegadores compat\u00edveis","content":"Firefox, Safari, Opera, Chrome, Edge"}],"tags":[],"tags_disable_links":"0","hide_more_platforms":"0","video_object":"","demo_hide_cta":"0","demo_hide_cloud_options":"0","pricing_title":"","pricing":[{"pricing_icon":"platform","pricing_title":"Elfsight Apps","pricing_title_caption":"Software independente de plataforma","pricing_price":"a partir de US$ 0\/m\u00eas","pricing_price_caption":"comece com plano gratuito","pricing_benefits":[{"text":"Sites ilimitados"},{"text":"Suporte r\u00e1pido"},{"text":"Suporte r\u00e1pido"},{"text":"Oferta especial para v\u00e1rios aplicativos"}],"pricing_button_text":"Adicionar ao site","pricing_button_url":"#demo","_state":"expanded"}],"related_apps_title":"","related_apps_hidden":"1","author":"","image":[],"title":"","job":"","social_networks":[]},"_links":{"self":[{"href":"https:\/\/elfsight.com\/pt\/wp-json\/wp\/v2\/pages\/4145","targetHints":{"allow":["GET"]}}],"collection":[{"href":"https:\/\/elfsight.com\/pt\/wp-json\/wp\/v2\/pages"}],"about":[{"href":"https:\/\/elfsight.com\/pt\/wp-json\/wp\/v2\/types\/page"}],"author":[{"embeddable":true,"href":"https:\/\/elfsight.com\/pt\/wp-json\/wp\/v2\/users\/9"}],"replies":[{"embeddable":true,"href":"https:\/\/elfsight.com\/pt\/wp-json\/wp\/v2\/comments?post=4145"}],"version-history":[{"count":3,"href":"https:\/\/elfsight.com\/pt\/wp-json\/wp\/v2\/pages\/4145\/revisions"}],"predecessor-version":[{"id":14406,"href":"https:\/\/elfsight.com\/pt\/wp-json\/wp\/v2\/pages\/4145\/revisions\/14406"}],"up":[{"embeddable":true,"href":"https:\/\/elfsight.com\/pt\/wp-json\/wp\/v2\/pages\/815"}],"wp:attachment":[{"href":"https:\/\/elfsight.com\/pt\/wp-json\/wp\/v2\/media?parent=4145"}],"curies":[{"name":"wp","href":"https:\/\/api.w.org\/{rel}","templated":true}]}}